{"id":8936,"date":"2022-12-21T17:14:57","date_gmt":"2022-12-21T15:14:57","guid":{"rendered":"https:\/\/www.miamedicalitalia.it\/?post_type=product&#038;p=8936"},"modified":"2026-02-18T13:31:30","modified_gmt":"2026-02-18T11:31:30","slug":"noleggio-kinetec-artromot-k1-ginocchio-anca-riabilitazione","status":"publish","type":"product","link":"https:\/\/www.miamedicalitalia.it\/fr\/produit\/noleggio-kinetec-artromot-k1-ginocchio-anca-riabilitazione\/","title":{"rendered":"Kinetec Artromot K1 Genou Hanche"},"content":{"rendered":"<p>D\u00e9couvrez le service de <strong>location<\/strong> de <strong>Kinetec<\/strong> <strong><a href=\"https:\/\/www.chattanoogarehab.com\/it\/artromot-k1-80-00-04x-it\">Artromot K1<\/a><\/strong>un appareil pour la <strong>la mobilisation passive continue (MPC)<\/strong>visant \u00e0 promouvoir la <strong>la r\u00e9\u00e9ducation des articulations du genou et de la hanche en phase post-op\u00e9ratoire ou post-traumatique<\/strong>.<\/p>\n\n\n\n<p>C'est la solution id\u00e9ale pour ceux qui veulent <strong>retrouver la mobilit\u00e9 et la fonctionnalit\u00e9 de mani\u00e8re efficace, s\u00fbre et confortable, \u00e0 domicile.<\/strong><\/p>\n\n\n\n<h4 class=\"wp-block-heading\" id=\"h-cosa-e-l-artromot-k1-e-come-funziona\">Qu'est-ce que l'Artromot K1 et comment fonctionne-t-il ?<\/h4>\n\n\n\n<p><strong>Artromot k1 pour le genou CPM<\/strong>&nbsp;(Continuous Passive Motion) permet des mouvements automatiques et contr\u00f4l\u00e9s. <strong>les mouvements passifs de flexion et d'extension<\/strong>les deux <strong>genou<\/strong> qui <strong>de la hanche<\/strong>, <strong>sans effort actif de la part du patient<\/strong> dans les phases de r\u00e9cup\u00e9ration et de r\u00e9\u00e9ducation et apr\u00e8s un traumatisme ou une intervention chirurgicale. Il favorise un retour rapide \u00e0 la fonction articulaire et pr\u00e9vient les raideurs. En outre, il am\u00e9liore les propri\u00e9t\u00e9s m\u00e9caniques des ligaments endommag\u00e9s et stimule la circulation lymphatique et sanguine, r\u00e9duisant ainsi le risque de thrombose et d'embolie.<\/p>\n\n\n\n<ul class=\"wp-block-list\">\n<li>mobilise les articulations en douceur et de mani\u00e8re progressive ;<\/li>\n\n\n\n<li>favorise la r\u00e9cup\u00e9ration des articulations apr\u00e8s une chirurgie orthop\u00e9dique ;<\/li>\n\n\n\n<li>r\u00e9duit la douleur, la raideur et le gonflement ;<\/li>\n\n\n\n<li>acc\u00e9l\u00e8re le processus de gu\u00e9rison ;<\/li>\n\n\n\n<li>permet de personnaliser les param\u00e8tres de mouvement (angles, vitesse, dur\u00e9e) en fonction de la th\u00e9rapie prescrite.<\/li>\n\n\n\n<li>FLEXION DU GENOU - 10\u00b0 \/0\u00b0\/120\u00b0 EXTENSION\/FLEXION DE LA HANCHE 0\u00b0\/7\u00b0\/115\u00b0<\/li>\n<\/ul>\n\n\n\n<h4 class=\"wp-block-heading\" id=\"h-a-chi-consigliamo-di-usufruire-del-servizio-di-noleggio-del-kinetec-artromot-k1\">Pour qui nous recommandons le service de location Kinetec Artromot K1<\/h4>\n\n\n\n<p>Le Kinetec for CPM Artromot K1 est indiqu\u00e9 dans tous les cas o\u00f9 la mobilit\u00e9 de l'articulation doit \u00eatre r\u00e9tablie apr\u00e8s une intervention chirurgicale ou un traumatisme, par exemple :<\/p>\n\n\n\n<ul class=\"wp-block-list\">\n<li>le remplacement total ou partiel du genou ou de la hanche ;<\/li>\n\n\n\n<li>une op\u00e9ration du ligament crois\u00e9 ou du m\u00e9nisque ;<\/li>\n\n\n\n<li>les fractures articulaires ;<\/li>\n\n\n\n<li>raideur articulaire ;<\/li>\n\n\n\n<li>la r\u00e9\u00e9ducation orthop\u00e9dique chez les patients \u00e2g\u00e9s ou \u00e0 mobilit\u00e9 r\u00e9duite.<\/li>\n<\/ul>\n\n\n\n<h4 class=\"wp-block-heading\" id=\"h-consegna-dimostrazione-e-programmazione-su-misura\">Livraison, d\u00e9monstration et programmation personnalis\u00e9es <\/h4>\n\n\n\n<p>Lorsque vous louez l'Artromot K1 aupr\u00e8s de M.I.A. Medical Italia, nous nous occupons de tout.<\/p>\n\n\n\n<p>Notre personnel technique :<\/p>\n\n\n\n<ul class=\"wp-block-list\">\n<li>livre l'appareil \u00e0 domicile ;<\/li>\n\n\n\n<li>effectue une d\u00e9monstration compl\u00e8te de l'op\u00e9ration ;<\/li>\n\n\n\n<li>programmer l'appareil selon le protocole indiqu\u00e9 par le m\u00e9decin ou le physioth\u00e9rapeute ;<\/li>\n\n\n\n<li>fournit des instructions claires sur la mani\u00e8re de l'int\u00e9grer dans votre routine de r\u00e9\u00e9ducation.<\/li>\n<\/ul>\n\n\n\n<p>Si vous ne disposez pas d'un protocole de r\u00e9\u00e9ducation pour votre op\u00e9ration, vous pouvez le demander gratuitement en ligne ou directement aupr\u00e8s de notre th\u00e9rapeute.<\/p>\n\n\n\n<h4 class=\"wp-block-heading\" id=\"h-perche-conviene-il-noleggio\">Pourquoi la location est-elle payante ?<\/h4>\n\n\n\n<p>Les th\u00e9rapies CPM ne sont efficaces que si elles sont pratiqu\u00e9es de mani\u00e8re coh\u00e9rente et fr\u00e9quente au fil du temps. Quelques s\u00e9ances occasionnelles en studio ne suffisent pas pour obtenir des r\u00e9sultats efficaces.<\/p>\n\n\n\n<p>Avec location :<\/p>\n\n\n\n<ul class=\"wp-block-list\">\n<li>vous pouvez suivre la th\u00e9rapie depuis le confort de votre domicile ;<\/li>\n\n\n\n<li>int\u00e9grer le traitement dans votre routine quotidienne, sans stress ni d\u00e9placement ;<\/li>\n\n\n\n<li>par rapport au co\u00fbt cumul\u00e9 de plusieurs s\u00e9ances de kin\u00e9sith\u00e9rapie dans un \u00e9tablissement ;<\/li>\n\n\n\n<li>vous obtenez une r\u00e9cup\u00e9ration plus rapide et plus continue.<\/li>\n<\/ul>\n\n\n\n<p>L'utilisation de&nbsp;<strong>Artromot k1<\/strong>&nbsp;n'implique pas<strong>&nbsp;pas de traumatisme ni de douleur<\/strong>&nbsp;au patient.<\/p>\n\n\n\n<h4 class=\"wp-block-heading\" id=\"h-perche-scegliere-m-i-a-medical-italia\">Pourquoi choisir M.I.A Medical Italia ?<\/h4>\n\n\n\n<ul class=\"wp-block-list\">\n<li>Des techniciens exp\u00e9riment\u00e9s et un service personnalis\u00e9 ;<\/li>\n\n\n\n<li>D\u00e9lais de livraison rapides, m\u00eame dans les 24 heures ;<\/li>\n\n\n\n<li>Des prix imbattables et transparents ;<\/li>\n\n\n\n<li>Dispositifs aseptis\u00e9s, s\u00fbrs et personnalis\u00e9s ;<\/li>\n\n\n\n<li>Soutien continu, m\u00eame apr\u00e8s la livraison.<\/li>\n<\/ul>\n\n\n\n<p>Artromot k1 gr\u00e2ce \u00e0 un mouvement anatomique correct et un syst\u00e8me \u00e9lectronique&nbsp;<strong>tr\u00e8s fiable<\/strong>. Il repr\u00e9sente le&nbsp;<strong>solution id\u00e9ale<\/strong>&nbsp;pour obtenir des r\u00e9sultats th\u00e9rapeutiques optimaux dans le traitement des&nbsp;<strong>r\u00e9habilitation \u00e0 domicile<\/strong>.<\/p>\n\n\n\n<p>Choisissez le confort de <strong>la r\u00e9habilitation \u00e0 domicile<\/strong>avec un <strong>un service s\u00fbr, efficace et pratique.<\/strong> Si vous avez d'autres questions, vous pouvez nous contacter par t\u00e9l\u00e9phone \u00e0 l'adresse suivante <strong>+39 3926509237<\/strong> ou vous pouvez nous envoyer un message sur <strong><a href=\"https:\/\/wa.me\/393926509237\">whatsapp<\/a><\/strong>. Notre personnel sp\u00e9cialis\u00e9 est toujours disponible pour vous aider \u00e0 trouver la <strong>solution<\/strong> qui correspond le mieux \u00e0 votre <strong>besoins<\/strong>! Visitez \u00e9galement notre <strong><a href=\"https:\/\/www.miamedicalitalia.it\/fr\/?_gl=1*1bx2a6k*_up*MQ..*_ga*MjA0NTM0ODc4NS4xNzUxMTA5Nzg0*_ga_D9FZ9V3LL7*czE3NTExMDk3ODQkbzEkZzAkdDE3NTExMDk3ODQkajYwJGwwJGgw\">site web<\/a><\/strong> pour d\u00e9couvrir la large gamme de produits <strong>des aides m\u00e9dicales con\u00e7ues pour vous aider \u00e0 retrouver la libert\u00e9 de vous d\u00e9placer de fa\u00e7on autonome !<\/strong><br><\/p>\n\n\n\n<p><\/p>","protected":false},"excerpt":{"rendered":"<div style=\"font-family: Arial, sans-serif; background-color: #234091; padding: 30px; border-radius: 25px; max-width: 600px; color: #ffffff; position: relative; border-top: 6px solid #2498fe;\">\n<h3 style=\"color: #ffffff; margin-top: 0;\">L'enl\u00e8vement dans l'entrep\u00f4t est gratuit<\/h3>\n<p>Appelez-nous ou r\u00e9servez en ligne d\u00e8s maintenant !<\/p>\n<p>Livraison \u00e0 domicile uniquement \u00e0 Rome et Florence : \u00a0<strong>30\u20ac + 30\u20ac<\/strong>\u00a0pour le retrait.<\/p>\n<p><strong>Livraison gratuite si vous achetez une location pour un minimum de 30 jours.<\/strong><\/p>\n<\/div>\n<p><!-- Linea bianca sotto --><\/p>\n<div style=\"height: 6px; background-color: #ffffff; max-width: 600px;\">\u00a0<\/div>","protected":false},"featured_media":12190,"template":"","meta":{"_acf_changed":false},"home-category":[],"product_brand":[],"product_cat":[223],"product_tag":[214],"woo-feed-brand":[],"class_list":{"0":"post-8936","1":"product","2":"type-product","3":"status-publish","4":"has-post-thumbnail","6":"product_cat-affitto-noleggio-kinetec","7":"product_tag-noleggio-kinetec-ginoccio-anca","8":"product_shipping_class-ausili-grandi","9":"wcpa_has_options","11":"first","12":"instock","13":"shipping-taxable","14":"purchasable","15":"product-type-variable"},"acf":[],"yoast_head":"<!-- This site is optimized with the Yoast SEO Premium plugin v27.3 (Yoast SEO v27.3) - https:\/\/yoast.com\/product\/yoast-seo-premium-wordpress\/ -->\n<title>Noleggio Kinetec Artromot K1 per riabilitazione ginocchio e anca<\/title>\n<meta name=\"description\" content=\"Noleggio Kinetec Artromot K1 per riabilitazione del ginocchio e anca a partire da 8,00\u20ac al giorno. Consegna a domicilio. Prenota ora online!\" \/>\n<meta name=\"robots\" content=\"index, follow, max-snippet:-1, max-image-preview:large, max-video-preview:-1\" \/>\n<link rel=\"canonical\" href=\"https:\/\/www.miamedicalitalia.it\/fr\/produit\/noleggio-kinetec-artromot-k1-ginocchio-anca-riabilitazione\/\" \/>\n<meta property=\"og:locale\" content=\"fr_FR\" \/>\n<meta property=\"og:type\" content=\"article\" \/>\n<meta property=\"og:title\" content=\"Noleggio Kinetec Artromot K1 per riabilitazione ginocchio e anca\" \/>\n<meta property=\"og:description\" content=\"Noleggio Kinetec Artromot K1 per riabilitazione del ginocchio e anca a partire da 8,00\u20ac al giorno. Consegna a domicilio. Prenota ora online!\" \/>\n<meta property=\"og:url\" content=\"https:\/\/www.miamedicalitalia.it\/fr\/produit\/noleggio-kinetec-artromot-k1-ginocchio-anca-riabilitazione\/\" \/>\n<meta property=\"og:site_name\" content=\"Mia Medical\" \/>\n<meta property=\"article:publisher\" content=\"https:\/\/www.facebook.com\/miamedicalitalia\" \/>\n<meta property=\"article:modified_time\" content=\"2026-02-18T11:31:30+00:00\" \/>\n<meta property=\"og:image\" content=\"https:\/\/www.miamedicalitalia.it\/wp-content\/uploads\/2022\/12\/Kinetec-ginocchio-anca-artromot-.jpg\" \/>\n\t<meta property=\"og:image:width\" content=\"1000\" \/>\n\t<meta property=\"og:image:height\" content=\"1000\" \/>\n\t<meta property=\"og:image:type\" content=\"image\/jpeg\" \/>\n<meta name=\"twitter:card\" content=\"summary_large_image\" \/>\n<meta name=\"twitter:label1\" content=\"Dur\u00e9e de lecture estim\u00e9e\" \/>\n\t<meta name=\"twitter:data1\" content=\"1 minute\" \/>\n<script type=\"application\/ld+json\" class=\"yoast-schema-graph\">{\"@context\":\"https:\\\/\\\/schema.org\",\"@graph\":[{\"@type\":\"WebPage\",\"@id\":\"https:\\\/\\\/www.miamedicalitalia.it\\\/prodotto\\\/noleggio-kinetec-artromot-k1-ginocchio-anca-riabilitazione\\\/\",\"url\":\"https:\\\/\\\/www.miamedicalitalia.it\\\/prodotto\\\/noleggio-kinetec-artromot-k1-ginocchio-anca-riabilitazione\\\/\",\"name\":\"Noleggio Kinetec Artromot K1 per riabilitazione ginocchio e anca\",\"isPartOf\":{\"@id\":\"https:\\\/\\\/www.miamedicalitalia.it\\\/#website\"},\"primaryImageOfPage\":{\"@id\":\"https:\\\/\\\/www.miamedicalitalia.it\\\/prodotto\\\/noleggio-kinetec-artromot-k1-ginocchio-anca-riabilitazione\\\/#primaryimage\"},\"image\":{\"@id\":\"https:\\\/\\\/www.miamedicalitalia.it\\\/prodotto\\\/noleggio-kinetec-artromot-k1-ginocchio-anca-riabilitazione\\\/#primaryimage\"},\"thumbnailUrl\":\"https:\\\/\\\/www.miamedicalitalia.it\\\/wp-content\\\/uploads\\\/2022\\\/12\\\/Kinetec-ginocchio-anca-artromot-.jpg\",\"datePublished\":\"2022-12-21T15:14:57+00:00\",\"dateModified\":\"2026-02-18T11:31:30+00:00\",\"description\":\"Noleggio Kinetec Artromot K1 per riabilitazione del ginocchio e anca a partire da 8,00\u20ac al giorno. Consegna a domicilio. Prenota ora online!\",\"breadcrumb\":{\"@id\":\"https:\\\/\\\/www.miamedicalitalia.it\\\/prodotto\\\/noleggio-kinetec-artromot-k1-ginocchio-anca-riabilitazione\\\/#breadcrumb\"},\"inLanguage\":\"fr-FR\",\"potentialAction\":[{\"@type\":\"ReadAction\",\"target\":[\"https:\\\/\\\/www.miamedicalitalia.it\\\/prodotto\\\/noleggio-kinetec-artromot-k1-ginocchio-anca-riabilitazione\\\/\"]}]},{\"@type\":\"ImageObject\",\"inLanguage\":\"fr-FR\",\"@id\":\"https:\\\/\\\/www.miamedicalitalia.it\\\/prodotto\\\/noleggio-kinetec-artromot-k1-ginocchio-anca-riabilitazione\\\/#primaryimage\",\"url\":\"https:\\\/\\\/www.miamedicalitalia.it\\\/wp-content\\\/uploads\\\/2022\\\/12\\\/Kinetec-ginocchio-anca-artromot-.jpg\",\"contentUrl\":\"https:\\\/\\\/www.miamedicalitalia.it\\\/wp-content\\\/uploads\\\/2022\\\/12\\\/Kinetec-ginocchio-anca-artromot-.jpg\",\"width\":1000,\"height\":1000},{\"@type\":\"BreadcrumbList\",\"@id\":\"https:\\\/\\\/www.miamedicalitalia.it\\\/prodotto\\\/noleggio-kinetec-artromot-k1-ginocchio-anca-riabilitazione\\\/#breadcrumb\",\"itemListElement\":[{\"@type\":\"ListItem\",\"position\":1,\"name\":\"Home\",\"item\":\"https:\\\/\\\/www.miamedicalitalia.it\\\/\"},{\"@type\":\"ListItem\",\"position\":2,\"name\":\"Shop\",\"item\":\"https:\\\/\\\/www.miamedicalitalia.it\\\/negozio\\\/\"},{\"@type\":\"ListItem\",\"position\":3,\"name\":\"Affitto e noleggio\",\"item\":\"https:\\\/\\\/www.miamedicalitalia.it\\\/categoria\\\/affitto-e-noleggio-ausili\\\/\"},{\"@type\":\"ListItem\",\"position\":4,\"name\":\"Kinetec\",\"item\":\"https:\\\/\\\/www.miamedicalitalia.it\\\/categoria\\\/affitto-e-noleggio-ausili\\\/affitto-noleggio-kinetec\\\/\"},{\"@type\":\"ListItem\",\"position\":5,\"name\":\"Kinetec Artromot K1 Ginocchio Anca\"}]},{\"@type\":\"WebSite\",\"@id\":\"https:\\\/\\\/www.miamedicalitalia.it\\\/#website\",\"url\":\"https:\\\/\\\/www.miamedicalitalia.it\\\/\",\"name\":\"www.miamedicalitalia.it\",\"description\":\"Noleggio e Vendita Attrezzatura Sanitarie\",\"publisher\":{\"@id\":\"https:\\\/\\\/www.miamedicalitalia.it\\\/#organization\"},\"potentialAction\":[{\"@type\":\"SearchAction\",\"target\":{\"@type\":\"EntryPoint\",\"urlTemplate\":\"https:\\\/\\\/www.miamedicalitalia.it\\\/?s={search_term_string}\"},\"query-input\":{\"@type\":\"PropertyValueSpecification\",\"valueRequired\":true,\"valueName\":\"search_term_string\"}}],\"inLanguage\":\"fr-FR\"},{\"@type\":\"Organization\",\"@id\":\"https:\\\/\\\/www.miamedicalitalia.it\\\/#organization\",\"name\":\"OLG\",\"url\":\"https:\\\/\\\/www.miamedicalitalia.it\\\/\",\"logo\":{\"@type\":\"ImageObject\",\"inLanguage\":\"fr-FR\",\"@id\":\"https:\\\/\\\/www.miamedicalitalia.it\\\/#\\\/schema\\\/logo\\\/image\\\/\",\"url\":\"https:\\\/\\\/www.miamedicalitalia.it\\\/wp-content\\\/uploads\\\/2023\\\/04\\\/mia-medical-logo-free.png\",\"contentUrl\":\"https:\\\/\\\/www.miamedicalitalia.it\\\/wp-content\\\/uploads\\\/2023\\\/04\\\/mia-medical-logo-free.png\",\"width\":700,\"height\":700,\"caption\":\"OLG\"},\"image\":{\"@id\":\"https:\\\/\\\/www.miamedicalitalia.it\\\/#\\\/schema\\\/logo\\\/image\\\/\"},\"sameAs\":[\"https:\\\/\\\/www.facebook.com\\\/miamedicalitalia\"]}]}<\/script>\n<!-- \/ Yoast SEO Premium plugin. -->","yoast_head_json":{"title":"Location Kinetec Artromot K1 pour la r\u00e9\u00e9ducation du genou et de la hanche","description":"Location Kinetec Artromot K1 pour la r\u00e9\u00e9ducation du genou et de la hanche \u00e0 partir de \u20ac 8.00 par jour. Livraison \u00e0 domicile. R\u00e9servez en ligne d\u00e8s maintenant !","robots":{"index":"index","follow":"follow","max-snippet":"max-snippet:-1","max-image-preview":"max-image-preview:large","max-video-preview":"max-video-preview:-1"},"canonical":"https:\/\/www.miamedicalitalia.it\/fr\/produit\/noleggio-kinetec-artromot-k1-ginocchio-anca-riabilitazione\/","og_locale":"fr_FR","og_type":"article","og_title":"Noleggio Kinetec Artromot K1 per riabilitazione ginocchio e anca","og_description":"Noleggio Kinetec Artromot K1 per riabilitazione del ginocchio e anca a partire da 8,00\u20ac al giorno. Consegna a domicilio. Prenota ora online!","og_url":"https:\/\/www.miamedicalitalia.it\/fr\/produit\/noleggio-kinetec-artromot-k1-ginocchio-anca-riabilitazione\/","og_site_name":"Mia Medical","article_publisher":"https:\/\/www.facebook.com\/miamedicalitalia","article_modified_time":"2026-02-18T11:31:30+00:00","og_image":[{"width":1000,"height":1000,"url":"https:\/\/www.miamedicalitalia.it\/wp-content\/uploads\/2022\/12\/Kinetec-ginocchio-anca-artromot-.jpg","type":"image\/jpeg"}],"twitter_card":"summary_large_image","twitter_misc":{"Dur\u00e9e de lecture estim\u00e9e":"1 minute"},"schema":{"@context":"https:\/\/schema.org","@graph":[{"@type":"WebPage","@id":"https:\/\/www.miamedicalitalia.it\/prodotto\/noleggio-kinetec-artromot-k1-ginocchio-anca-riabilitazione\/","url":"https:\/\/www.miamedicalitalia.it\/prodotto\/noleggio-kinetec-artromot-k1-ginocchio-anca-riabilitazione\/","name":"Location Kinetec Artromot K1 pour la r\u00e9\u00e9ducation du genou et de la hanche","isPartOf":{"@id":"https:\/\/www.miamedicalitalia.it\/#website"},"primaryImageOfPage":{"@id":"https:\/\/www.miamedicalitalia.it\/prodotto\/noleggio-kinetec-artromot-k1-ginocchio-anca-riabilitazione\/#primaryimage"},"image":{"@id":"https:\/\/www.miamedicalitalia.it\/prodotto\/noleggio-kinetec-artromot-k1-ginocchio-anca-riabilitazione\/#primaryimage"},"thumbnailUrl":"https:\/\/www.miamedicalitalia.it\/wp-content\/uploads\/2022\/12\/Kinetec-ginocchio-anca-artromot-.jpg","datePublished":"2022-12-21T15:14:57+00:00","dateModified":"2026-02-18T11:31:30+00:00","description":"Location Kinetec Artromot K1 pour la r\u00e9\u00e9ducation du genou et de la hanche \u00e0 partir de \u20ac 8.00 par jour. Livraison \u00e0 domicile. R\u00e9servez en ligne d\u00e8s maintenant !","breadcrumb":{"@id":"https:\/\/www.miamedicalitalia.it\/prodotto\/noleggio-kinetec-artromot-k1-ginocchio-anca-riabilitazione\/#breadcrumb"},"inLanguage":"fr-FR","potentialAction":[{"@type":"ReadAction","target":["https:\/\/www.miamedicalitalia.it\/prodotto\/noleggio-kinetec-artromot-k1-ginocchio-anca-riabilitazione\/"]}]},{"@type":"ImageObject","inLanguage":"fr-FR","@id":"https:\/\/www.miamedicalitalia.it\/prodotto\/noleggio-kinetec-artromot-k1-ginocchio-anca-riabilitazione\/#primaryimage","url":"https:\/\/www.miamedicalitalia.it\/wp-content\/uploads\/2022\/12\/Kinetec-ginocchio-anca-artromot-.jpg","contentUrl":"https:\/\/www.miamedicalitalia.it\/wp-content\/uploads\/2022\/12\/Kinetec-ginocchio-anca-artromot-.jpg","width":1000,"height":1000},{"@type":"BreadcrumbList","@id":"https:\/\/www.miamedicalitalia.it\/prodotto\/noleggio-kinetec-artromot-k1-ginocchio-anca-riabilitazione\/#breadcrumb","itemListElement":[{"@type":"ListItem","position":1,"name":"Home","item":"https:\/\/www.miamedicalitalia.it\/"},{"@type":"ListItem","position":2,"name":"Shop","item":"https:\/\/www.miamedicalitalia.it\/negozio\/"},{"@type":"ListItem","position":3,"name":"Affitto e noleggio","item":"https:\/\/www.miamedicalitalia.it\/categoria\/affitto-e-noleggio-ausili\/"},{"@type":"ListItem","position":4,"name":"Kinetec","item":"https:\/\/www.miamedicalitalia.it\/categoria\/affitto-e-noleggio-ausili\/affitto-noleggio-kinetec\/"},{"@type":"ListItem","position":5,"name":"Kinetec Artromot K1 Ginocchio Anca"}]},{"@type":"WebSite","@id":"https:\/\/www.miamedicalitalia.it\/#website","url":"https:\/\/www.miamedicalitalia.it\/","name":"www.miamedicalitalia.it","description":"Location et vente d'\u00e9quipements sanitaires","publisher":{"@id":"https:\/\/www.miamedicalitalia.it\/#organization"},"potentialAction":[{"@type":"SearchAction","target":{"@type":"EntryPoint","urlTemplate":"https:\/\/www.miamedicalitalia.it\/?s={search_term_string}"},"query-input":{"@type":"PropertyValueSpecification","valueRequired":true,"valueName":"search_term_string"}}],"inLanguage":"fr-FR"},{"@type":"Organization","@id":"https:\/\/www.miamedicalitalia.it\/#organization","name":"OLG","url":"https:\/\/www.miamedicalitalia.it\/","logo":{"@type":"ImageObject","inLanguage":"fr-FR","@id":"https:\/\/www.miamedicalitalia.it\/#\/schema\/logo\/image\/","url":"https:\/\/www.miamedicalitalia.it\/wp-content\/uploads\/2023\/04\/mia-medical-logo-free.png","contentUrl":"https:\/\/www.miamedicalitalia.it\/wp-content\/uploads\/2023\/04\/mia-medical-logo-free.png","width":700,"height":700,"caption":"OLG"},"image":{"@id":"https:\/\/www.miamedicalitalia.it\/#\/schema\/logo\/image\/"},"sameAs":["https:\/\/www.facebook.com\/miamedicalitalia"]}]}},"wcpa_form_fields":{"wcpaData":{"product":{"product_price":150,"price_html":"<span class=\"woocommerce-Price-amount amount\" aria-hidden=\"true\"><bdi><span class=\"woocommerce-Price-currencySymbol\">&euro;<\/span>150.00<\/bdi><\/span> <span aria-hidden=\"true\">\u00a0\u2013\u00a0<\/span> <span class=\"woocommerce-Price-amount amount\" aria-hidden=\"true\"><bdi><span class=\"woocommerce-Price-currencySymbol\">&euro;<\/span>480.00<\/bdi><\/span><span class=\"screen-reader-text\">Plage de prix\u00a0: &euro;150.00 \u00e0 &euro;480.00<\/span>","original_product_price":150,"price_including_tax":150,"price_excluding_tax":150,"product_id":{"parent":8936,"variation":false},"is_variable":true,"stock_status":"instock","stock_quantity":null,"parent_sku":"","product_attributes":{"quanto-costa":{"is_variation":true,"values":[]}},"custom_fields":[],"is_taxable":false,"product_name":"Kinetec Artromot K1 Ginocchio Anca","hasImage":false},"fields":{"sec_565f165582eb8c":{"extra":{"key":"sec_565f165582eb8c","section_id":"sec_565f165582eb8c","name":"Predefinito","status":1,"toggle":true,"form_id":12050,"form_rules":{"exclude_from_discount":false,"fee_label":"Tassa","disp_hide_options_price":false,"disp_show_section_price":false,"disp_show_field_price":true,"layout_option":"standard","pric_use_as_fee":false,"process_fee_as":"woo_fee"},"layout_option":"standard"},"fields":[[{"active":true,"col":6,"relations":false,"cl_rule":"show","enableCl":false,"price":"","enablePrice":false,"className":"input-text","type":"date","required":true,"elementId":"date_3189538061","name":"date_3189538061","label":"A partire dal giorno:","picker_type":"custom","picker_mode":"single","error":false,"description":"Inserisci la data di inizio del noleggio","gt_translate_keys":["label","description"],"price_dependency":false,"cl_dependency":false,"value":""}]]}},"config":{"price_override":"","enable_recaptcha":false,"bind_quantity":false,"quantity_bind_formula":false,"disp_summ_show_option_price":true,"disp_summ_show_product_price":true,"disp_summ_show_total_price":true,"disp_summ_show_fee":false,"disp_summ_show_discount":false,"summary_title":"","options_total_label":"Prezzo delle opzioni","total_label":"Totale","options_product_label":"Prezzo del prodotto","fee_label":"Tassa","discount_label":"Sconto","has_price":true,"has_quantity_formula":false},"mc_unit":1,"tax_rate":1,"tax_rate_real":1,"discount":{"percentage":0,"fixed":0},"design":{"conf":{"LabelPosition":"above","DescPosition":"below","UploadField":"custom_1","QuantityFieldStyle":"default"},"css":{"LeftLabelWidth":"50px"}},"formulas":[],"lookuptables":[],"clones":false,"cartKey":false}},"_links":{"self":[{"href":"https:\/\/www.miamedicalitalia.it\/fr\/wp-json\/wp\/v2\/product\/8936","targetHints":{"allow":["GET"]}}],"collection":[{"href":"https:\/\/www.miamedicalitalia.it\/fr\/wp-json\/wp\/v2\/product"}],"about":[{"href":"https:\/\/www.miamedicalitalia.it\/fr\/wp-json\/wp\/v2\/types\/product"}],"wp:featuredmedia":[{"embeddable":true,"href":"https:\/\/www.miamedicalitalia.it\/fr\/wp-json\/wp\/v2\/media\/12190"}],"wp:attachment":[{"href":"https:\/\/www.miamedicalitalia.it\/fr\/wp-json\/wp\/v2\/media?parent=8936"}],"wp:term":[{"taxonomy":"home-category","embeddable":true,"href":"https:\/\/www.miamedicalitalia.it\/fr\/wp-json\/wp\/v2\/home-category?post=8936"},{"taxonomy":"product_brand","embeddable":true,"href":"https:\/\/www.miamedicalitalia.it\/fr\/wp-json\/wp\/v2\/product_brand?post=8936"},{"taxonomy":"product_cat","embeddable":true,"href":"https:\/\/www.miamedicalitalia.it\/fr\/wp-json\/wp\/v2\/product_cat?post=8936"},{"taxonomy":"product_tag","embeddable":true,"href":"https:\/\/www.miamedicalitalia.it\/fr\/wp-json\/wp\/v2\/product_tag?post=8936"},{"taxonomy":"woo-feed-brand","embeddable":true,"href":"https:\/\/www.miamedicalitalia.it\/fr\/wp-json\/wp\/v2\/woo-feed-brand?post=8936"}],"curies":[{"name":"wp","href":"https:\/\/api.w.org\/{rel}","templated":true}]}}