{"id":8853,"date":"2022-12-21T17:14:36","date_gmt":"2022-12-21T16:14:36","guid":{"rendered":"https:\/\/www.miamedicalitalia.it\/?post_type=product&#038;p=8853"},"modified":"2026-03-26T16:29:23","modified_gmt":"2026-03-26T14:29:23","slug":"noleggio-verticalizzatore-a-domicilio","status":"publish","type":"product","link":"https:\/\/www.miamedicalitalia.it\/fr\/produit\/noleggio-verticalizzatore-a-domicilio\/","title":{"rendered":"Location de verticalisateurs \u00e9lectriques"},"content":{"rendered":"<h4 class=\"wp-block-heading\" id=\"h-cosa-e-un-verticalizzatore-elettrico\">Qu'est-ce qu'un verticalisateur \u00e9lectrique ? <\/h4>\n\n\n\n<p>Mia Medical Italia offre un service de <strong>location d'un verticalisateur \u00e9lectrique<\/strong> <strong>per anziani e persone con disabilit\u00e0<\/strong> , un dispositif m\u00e9dical con\u00e7u pour aider les personnes \u00e0 mobilit\u00e9 r\u00e9duite \u00e0 passer d'une position assise \u00e0 une position debout de mani\u00e8re s\u00fbre, assist\u00e9e et sans effort. Il est particuli\u00e8rement utile pendant <strong>r\u00e9adaptation<\/strong> ou pour le<strong>\u2019les soins quotidiens \u00e0 domicile et \u00e0 l'h\u00f4pital.<\/strong><\/p>\n\n\n\n<h4 class=\"wp-block-heading\" id=\"h-a-chi-puo-essere-utile-un-verticalizzatore-elettrico\">Qui peut b\u00e9n\u00e9ficier d'un verticalisateur \u00e9lectrique ? <\/h4>\n\n\n\n<p>Cette aide est indiqu\u00e9e pour : <\/p>\n\n\n\n<ul class=\"wp-block-list\">\n<li>Les personnes ayant <strong>les handicaps moteurs temporaires ou permanents<\/strong><\/li>\n\n\n\n<li>Les patients qui subissent <strong>la r\u00e9\u00e9ducation postop\u00e9ratoire ou neurologique<\/strong><\/li>\n\n\n\n<li><strong>Personnes \u00e2g\u00e9es<\/strong> avec une r\u00e9duction de la force musculaire<\/li>\n\n\n\n<li><strong>Aidants et soignants<\/strong> \u00e0 la recherche d'\u00e9quipements s\u00fbrs pour le levage et la manutention des patients<\/li>\n\n\n\n<li>Ideal per l&#8217;uso in bagno, con la partecipazione del paziente. <\/li>\n<\/ul>\n\n\n\n<h4 class=\"wp-block-heading\" id=\"h-specifiche-tecniche-noleggio-verticalizzatore-elettrico-per-anziani-e-persone-con-disabilita\"><a href=\"https:\/\/www.morettispa.com\/prodotto\/verticalizzatore-muevo-up-portata-max-200kg-con-leva\/\">Specifiche Tecniche: noleggio verticalizzatore elettrico per anziani e persone con disabilit\u00e0 <\/a><\/h4>\n\n\n\n<ul class=\"wp-block-list\">\n<li><strong>structure robuste<\/strong> en acier peint <\/li>\n\n\n\n<li>Capacit\u00e9 de charge maximale : <strong>200 kg<\/strong><\/li>\n\n\n\n<li><strong>Syst\u00e8me de levage<\/strong> avec bras r\u00e9glable et support ergonomique <\/li>\n\n\n\n<li><strong>Bases r\u00e9glables <\/strong>pour une plus grande stabilit\u00e9 lors du transfert<\/li>\n\n\n\n<li><strong>Genouill\u00e8re r\u00e9glable<\/strong> en hauteur et en largeur<\/li>\n\n\n\n<li><strong>Poign\u00e9es<\/strong> confortable pour l'agent de sant\u00e9<\/li>\n\n\n\n<li><strong>Crochets<\/strong> sp\u00e9cialement con\u00e7u pour accueillir <strong>le harnais<\/strong> en toute s\u00e9curit\u00e9<\/li>\n\n\n\n<li><strong>Autonomie : plus de 100 ascenseurs<\/strong> avec une batterie compl\u00e8tement charg\u00e9e<\/li>\n\n\n\n<li><strong>Quatre roulettes pivotantes, dont deux avec frein<\/strong>pour un transport s\u00fbr dans n'importe quel environnement<\/li>\n\n\n\n<li> <strong>Supports rembourr\u00e9s et r\u00e9glables<\/strong> pour assurer le confort et la s\u00e9curit\u00e9 lors de l'utilisation <\/li>\n<\/ul>\n\n\n\n<p>Cliquez sur <a href=\"https:\/\/file.morettispa.com\/download-file\/ri841\/?wpdmdl=2017&amp;refresh=681604f63e5b21746273526\">ici<\/a> pour consulter la fiche technique compl\u00e8te et le manuel d'utilisation.<\/p>\n\n\n\n<h4 class=\"wp-block-heading\" id=\"h-perche-scegliere-il-servizio-di-noleggio\">Pourquoi choisir le service de location <\/h4>\n\n\n\n<p>Les <strong>location d'un verticalisateur<\/strong> \u00e9lectrique est la solution id\u00e9ale pour ceux qui <\/p>\n\n\n\n<ul class=\"wp-block-list\">\n<li>Il n'a besoin d'un appareil que pour une p\u00e9riode limit\u00e9e.<\/li>\n\n\n\n<li>Il souhaite v\u00e9rifier si l'aide r\u00e9pond \u00e0 ses besoins sans investissement initial \u00e9lev\u00e9<\/li>\n\n\n\n<li>\u00c0 la recherche d'une solution imm\u00e9diate et flexible pour la r\u00e9adaptation \u00e0 domicile <\/li>\n<\/ul>\n\n\n\n<p>De plus, si vous \u00eates l'aidant d'une personne \u00e2g\u00e9e ou d'une personne \u00e0 mobilit\u00e9 r\u00e9duite et que vous avez besoin d'un coup de main pour les soins quotidiens, notre infirmi\u00e8re de confiance <a href=\"http:\/\/Www.arnaldiandrea.com\">Andrea Arnaldi<\/a> est sp\u00e9cialis\u00e9 dans les soins \u00e0 domicile et permet \u00e0 vos proches de poursuivre leurs soins dans le confort de leur propre maison. <\/p>\n\n\n\n<h4 class=\"wp-block-heading\" id=\"h-perche-scegliere-mia-medical-italia\">Pourquoi choisir Mia Medical Italia ? <\/h4>\n\n\n\n<p>Faire appel \u00e0 Mia Medical, c'est faire un choix :<\/p>\n\n\n\n<ul class=\"wp-block-list\">\n<li><strong>Professionnalisme et rapidit\u00e9<\/strong>&nbsp;livraison \u00e0 domicile<\/li>\n\n\n\n<li><strong>Hygi\u00e8ne et assainissement<\/strong>&nbsp;garantie de chaque dispositif<\/li>\n\n\n\n<li><strong>Assistance technique sp\u00e9cialis\u00e9e<\/strong>&nbsp;pour la dur\u00e9e de la location<\/li>\n\n\n\n<li><strong>Possibilit\u00e9 de location \u00e0 court, moyen et long terme<\/strong><\/li>\n\n\n\n<li>Des prix transparents et comp\u00e9titifs<\/li>\n\n\n\n<li><strong>Large gamme d'aides<\/strong> pour la mobilit\u00e9 et la r\u00e9adaptation<\/li>\n\n\n\n<li>Dispositifs de <strong>la plus haute qualit\u00e9<\/strong> de <a href=\"https:\/\/www.morettispa.com\/categoria-prodotto\/mopedia\/sollevamalati-e-verticalizzatori\/verticalizzatore\/\">les meilleurs fournisseurs du march\u00e9<\/a><\/li>\n<\/ul>\n\n\n\n<h4 class=\"wp-block-heading\" id=\"h-informazioni-utili\">Informations utiles <\/h4>\n\n\n\n<p>Choisissez le nec plus ultra en mati\u00e8re de confort, de s\u00e9curit\u00e9 et de commodit\u00e9 pour la mobilit\u00e9 assist\u00e9e.&nbsp;<strong><a href=\"https:\/\/wa.me\/393926509237\">Contactez-nous<\/a><\/strong>&nbsp;pour recevoir un devis personnalis\u00e9 ou pour demander la disponibilit\u00e9 imm\u00e9diate de la&nbsp;<strong>verticalisateur \u00e9lectrique<\/strong>! Notre \u00e9quipe d'experts est toujours pr\u00eate \u00e0 clarifier tous vos doutes.<strong>39 392 65 09 237 <\/strong>pour une consultation gratuite !<\/p>\n\n\n\n<ul class=\"wp-block-list\">\n<li><a href=\"https:\/\/wa.me\/393926509237\">Whatsapp<\/a><\/li>\n\n\n\n<li><a href=\"https:\/\/www.instagram.com\/miamedical_italia\/\">Instagram<\/a><\/li>\n\n\n\n<li><a href=\"https:\/\/www.facebook.com\/MIAMedicalitalia\/\">Facebook<\/a><\/li>\n\n\n\n<li><a href=\"https:\/\/www.miamedicalitalia.it\/fr\/\">Site web<\/a><\/li>\n<\/ul>","protected":false},"excerpt":{"rendered":"<div style=\"font-family: Arial, sans-serif; background-color: #234091; padding: 30px; border-radius: 25px; max-width: 600px; color: #ffffff; position: relative; border-top: 6px solid #2498fe;\">\n<h3 style=\"margin-top: 0; margin-bottom: 15px; color: #ffffff;\">Noleggio verticalizzatore con imbracatura. Ideal per il bagno.<\/h3>\n<p>Consegna a Roma e Firenze a partire da 45\u20ac + 45\u20ac per il ritiro<\/p>\n<p><strong>Livraison gratuite<\/strong> pour des locations de 60 jours !<\/p>\n<p><strong>Aucun d\u00e9p\u00f4t n'est requis.<\/strong><\/p>\n<p>La livraison et l'enl\u00e8vement de l'entrep\u00f4t sont <strong>GRATUIT !<\/strong><\/p>\n<\/div>\n<p><!-- Linea bianca sotto --><\/p>\n<div style=\"height: 6px; background-color: #ffffff; max-width: 600px;\">\u00a0<\/div>","protected":false},"featured_media":12140,"template":"","meta":{"_acf_changed":false},"home-category":[],"product_brand":[],"product_cat":[260,480],"product_tag":[],"woo-feed-brand":[],"class_list":{"0":"post-8853","1":"product","2":"type-product","3":"status-publish","4":"has-post-thumbnail","6":"product_cat-affitto-e-noleggio-ausili","7":"product_cat-affitto-noleggio-verticalizzatori","8":"product_shipping_class-ausili-grandi","10":"first","11":"instock","12":"shipping-taxable","13":"purchasable","14":"product-type-variable"},"acf":[],"yoast_head":"<!-- This site is optimized with the Yoast SEO Premium plugin v27.5 (Yoast SEO v27.5) - https:\/\/yoast.com\/product\/yoast-seo-premium-wordpress\/ -->\n<title>Verticallizzatori per anziani e disabili. Prezzi imbattibili.<\/title>\n<meta name=\"description\" content=\"Noleggio Verticalizzatore elettrico per anziani e disabili. Da 3,70\u20ac al giorno. Migliore Prezzo Garantito. Esperti al tuo servizio. Prezzi imbattibili.\" \/>\n<meta name=\"robots\" content=\"index, follow, max-snippet:-1, max-image-preview:large, max-video-preview:-1\" \/>\n<link rel=\"canonical\" href=\"https:\/\/www.miamedicalitalia.it\/fr\/produit\/noleggio-verticalizzatore-a-domicilio\/\" \/>\n<meta property=\"og:locale\" content=\"fr_FR\" \/>\n<meta property=\"og:type\" content=\"article\" \/>\n<meta property=\"og:title\" content=\"Verticallizzatori per anziani e disabili. Prezzi imbattibili.\" \/>\n<meta property=\"og:description\" content=\"Noleggio Verticalizzatore elettrico per anziani e disabili. Da 3,70\u20ac al giorno. Migliore Prezzo Garantito. Esperti al tuo servizio. Prezzi imbattibili.\" \/>\n<meta property=\"og:url\" content=\"https:\/\/www.miamedicalitalia.it\/fr\/produit\/noleggio-verticalizzatore-a-domicilio\/\" \/>\n<meta property=\"og:site_name\" content=\"Mia Medical\" \/>\n<meta property=\"article:publisher\" content=\"https:\/\/www.facebook.com\/miamedicalitalia\" \/>\n<meta property=\"article:modified_time\" content=\"2026-03-26T14:29:23+00:00\" \/>\n<meta property=\"og:image\" content=\"https:\/\/www.miamedicalitalia.it\/wp-content\/uploads\/2022\/12\/verticallizzatore-mia-medical-150x150-1.jpg\" \/>\n\t<meta property=\"og:image:width\" content=\"1000\" \/>\n\t<meta property=\"og:image:height\" content=\"1000\" \/>\n\t<meta property=\"og:image:type\" content=\"image\/jpeg\" \/>\n<meta name=\"twitter:card\" content=\"summary_large_image\" \/>\n<meta name=\"twitter:label1\" content=\"Dur\u00e9e de lecture estim\u00e9e\" \/>\n\t<meta name=\"twitter:data1\" content=\"3 minutes\" \/>\n<script type=\"application\/ld+json\" class=\"yoast-schema-graph\">{\"@context\":\"https:\\\/\\\/schema.org\",\"@graph\":[{\"@type\":\"WebPage\",\"@id\":\"https:\\\/\\\/www.miamedicalitalia.it\\\/prodotto\\\/noleggio-verticalizzatore-a-domicilio\\\/\",\"url\":\"https:\\\/\\\/www.miamedicalitalia.it\\\/prodotto\\\/noleggio-verticalizzatore-a-domicilio\\\/\",\"name\":\"Verticallizzatori per anziani e disabili. Prezzi imbattibili.\",\"isPartOf\":{\"@id\":\"https:\\\/\\\/www.miamedicalitalia.it\\\/#website\"},\"primaryImageOfPage\":{\"@id\":\"https:\\\/\\\/www.miamedicalitalia.it\\\/prodotto\\\/noleggio-verticalizzatore-a-domicilio\\\/#primaryimage\"},\"image\":{\"@id\":\"https:\\\/\\\/www.miamedicalitalia.it\\\/prodotto\\\/noleggio-verticalizzatore-a-domicilio\\\/#primaryimage\"},\"thumbnailUrl\":\"https:\\\/\\\/www.miamedicalitalia.it\\\/wp-content\\\/uploads\\\/2022\\\/12\\\/verticallizzatore-mia-medical-150x150-1.jpg\",\"datePublished\":\"2022-12-21T16:14:36+00:00\",\"dateModified\":\"2026-03-26T14:29:23+00:00\",\"description\":\"Noleggio Verticalizzatore elettrico per anziani e disabili. Da 3,70\u20ac al giorno. Migliore Prezzo Garantito. Esperti al tuo servizio. Prezzi imbattibili.\",\"breadcrumb\":{\"@id\":\"https:\\\/\\\/www.miamedicalitalia.it\\\/prodotto\\\/noleggio-verticalizzatore-a-domicilio\\\/#breadcrumb\"},\"inLanguage\":\"fr-FR\",\"potentialAction\":[{\"@type\":\"ReadAction\",\"target\":[\"https:\\\/\\\/www.miamedicalitalia.it\\\/prodotto\\\/noleggio-verticalizzatore-a-domicilio\\\/\"]}]},{\"@type\":\"ImageObject\",\"inLanguage\":\"fr-FR\",\"@id\":\"https:\\\/\\\/www.miamedicalitalia.it\\\/prodotto\\\/noleggio-verticalizzatore-a-domicilio\\\/#primaryimage\",\"url\":\"https:\\\/\\\/www.miamedicalitalia.it\\\/wp-content\\\/uploads\\\/2022\\\/12\\\/verticallizzatore-mia-medical-150x150-1.jpg\",\"contentUrl\":\"https:\\\/\\\/www.miamedicalitalia.it\\\/wp-content\\\/uploads\\\/2022\\\/12\\\/verticallizzatore-mia-medical-150x150-1.jpg\",\"width\":1000,\"height\":1000},{\"@type\":\"BreadcrumbList\",\"@id\":\"https:\\\/\\\/www.miamedicalitalia.it\\\/prodotto\\\/noleggio-verticalizzatore-a-domicilio\\\/#breadcrumb\",\"itemListElement\":[{\"@type\":\"ListItem\",\"position\":1,\"name\":\"Home\",\"item\":\"https:\\\/\\\/www.miamedicalitalia.it\\\/\"},{\"@type\":\"ListItem\",\"position\":2,\"name\":\"Shop\",\"item\":\"https:\\\/\\\/www.miamedicalitalia.it\\\/negozio\\\/\"},{\"@type\":\"ListItem\",\"position\":3,\"name\":\"Affitto e noleggio\",\"item\":\"https:\\\/\\\/www.miamedicalitalia.it\\\/categoria\\\/affitto-e-noleggio-ausili\\\/\"},{\"@type\":\"ListItem\",\"position\":4,\"name\":\"Noleggio Verticalizzatore Elettrico\"}]},{\"@type\":\"WebSite\",\"@id\":\"https:\\\/\\\/www.miamedicalitalia.it\\\/#website\",\"url\":\"https:\\\/\\\/www.miamedicalitalia.it\\\/\",\"name\":\"www.miamedicalitalia.it\",\"description\":\"Noleggio e Vendita Attrezzatura Sanitarie\",\"publisher\":{\"@id\":\"https:\\\/\\\/www.miamedicalitalia.it\\\/#organization\"},\"potentialAction\":[{\"@type\":\"SearchAction\",\"target\":{\"@type\":\"EntryPoint\",\"urlTemplate\":\"https:\\\/\\\/www.miamedicalitalia.it\\\/?s={search_term_string}\"},\"query-input\":{\"@type\":\"PropertyValueSpecification\",\"valueRequired\":true,\"valueName\":\"search_term_string\"}}],\"inLanguage\":\"fr-FR\"},{\"@type\":\"Organization\",\"@id\":\"https:\\\/\\\/www.miamedicalitalia.it\\\/#organization\",\"name\":\"OLG\",\"url\":\"https:\\\/\\\/www.miamedicalitalia.it\\\/\",\"logo\":{\"@type\":\"ImageObject\",\"inLanguage\":\"fr-FR\",\"@id\":\"https:\\\/\\\/www.miamedicalitalia.it\\\/#\\\/schema\\\/logo\\\/image\\\/\",\"url\":\"https:\\\/\\\/www.miamedicalitalia.it\\\/wp-content\\\/uploads\\\/2023\\\/04\\\/mia-medical-logo-free.png\",\"contentUrl\":\"https:\\\/\\\/www.miamedicalitalia.it\\\/wp-content\\\/uploads\\\/2023\\\/04\\\/mia-medical-logo-free.png\",\"width\":700,\"height\":700,\"caption\":\"OLG\"},\"image\":{\"@id\":\"https:\\\/\\\/www.miamedicalitalia.it\\\/#\\\/schema\\\/logo\\\/image\\\/\"},\"sameAs\":[\"https:\\\/\\\/www.facebook.com\\\/miamedicalitalia\"]}]}<\/script>\n<!-- \/ Yoast SEO Premium plugin. -->","yoast_head_json":{"title":"Verticalisateurs pour personnes \u00e2g\u00e9es et handicap\u00e9es. Prix imbattables.","description":"Location d'un \u00e9l\u00e9vateur \u00e9lectrique pour personnes \u00e2g\u00e9es et handicap\u00e9es. A partir de 3,70\u20ac par jour. Meilleur prix garanti. Des experts \u00e0 votre service. Des prix imbattables.","robots":{"index":"index","follow":"follow","max-snippet":"max-snippet:-1","max-image-preview":"max-image-preview:large","max-video-preview":"max-video-preview:-1"},"canonical":"https:\/\/www.miamedicalitalia.it\/fr\/produit\/noleggio-verticalizzatore-a-domicilio\/","og_locale":"fr_FR","og_type":"article","og_title":"Verticallizzatori per anziani e disabili. Prezzi imbattibili.","og_description":"Noleggio Verticalizzatore elettrico per anziani e disabili. Da 3,70\u20ac al giorno. Migliore Prezzo Garantito. Esperti al tuo servizio. Prezzi imbattibili.","og_url":"https:\/\/www.miamedicalitalia.it\/fr\/produit\/noleggio-verticalizzatore-a-domicilio\/","og_site_name":"Mia Medical","article_publisher":"https:\/\/www.facebook.com\/miamedicalitalia","article_modified_time":"2026-03-26T14:29:23+00:00","og_image":[{"width":1000,"height":1000,"url":"https:\/\/www.miamedicalitalia.it\/wp-content\/uploads\/2022\/12\/verticallizzatore-mia-medical-150x150-1.jpg","type":"image\/jpeg"}],"twitter_card":"summary_large_image","twitter_misc":{"Dur\u00e9e de lecture estim\u00e9e":"3 minutes"},"schema":{"@context":"https:\/\/schema.org","@graph":[{"@type":"WebPage","@id":"https:\/\/www.miamedicalitalia.it\/prodotto\/noleggio-verticalizzatore-a-domicilio\/","url":"https:\/\/www.miamedicalitalia.it\/prodotto\/noleggio-verticalizzatore-a-domicilio\/","name":"Verticalisateurs pour personnes \u00e2g\u00e9es et handicap\u00e9es. Prix imbattables.","isPartOf":{"@id":"https:\/\/www.miamedicalitalia.it\/#website"},"primaryImageOfPage":{"@id":"https:\/\/www.miamedicalitalia.it\/prodotto\/noleggio-verticalizzatore-a-domicilio\/#primaryimage"},"image":{"@id":"https:\/\/www.miamedicalitalia.it\/prodotto\/noleggio-verticalizzatore-a-domicilio\/#primaryimage"},"thumbnailUrl":"https:\/\/www.miamedicalitalia.it\/wp-content\/uploads\/2022\/12\/verticallizzatore-mia-medical-150x150-1.jpg","datePublished":"2022-12-21T16:14:36+00:00","dateModified":"2026-03-26T14:29:23+00:00","description":"Location d'un \u00e9l\u00e9vateur \u00e9lectrique pour personnes \u00e2g\u00e9es et handicap\u00e9es. A partir de 3,70\u20ac par jour. Meilleur prix garanti. Des experts \u00e0 votre service. Des prix imbattables.","breadcrumb":{"@id":"https:\/\/www.miamedicalitalia.it\/prodotto\/noleggio-verticalizzatore-a-domicilio\/#breadcrumb"},"inLanguage":"fr-FR","potentialAction":[{"@type":"ReadAction","target":["https:\/\/www.miamedicalitalia.it\/prodotto\/noleggio-verticalizzatore-a-domicilio\/"]}]},{"@type":"ImageObject","inLanguage":"fr-FR","@id":"https:\/\/www.miamedicalitalia.it\/prodotto\/noleggio-verticalizzatore-a-domicilio\/#primaryimage","url":"https:\/\/www.miamedicalitalia.it\/wp-content\/uploads\/2022\/12\/verticallizzatore-mia-medical-150x150-1.jpg","contentUrl":"https:\/\/www.miamedicalitalia.it\/wp-content\/uploads\/2022\/12\/verticallizzatore-mia-medical-150x150-1.jpg","width":1000,"height":1000},{"@type":"BreadcrumbList","@id":"https:\/\/www.miamedicalitalia.it\/prodotto\/noleggio-verticalizzatore-a-domicilio\/#breadcrumb","itemListElement":[{"@type":"ListItem","position":1,"name":"Home","item":"https:\/\/www.miamedicalitalia.it\/"},{"@type":"ListItem","position":2,"name":"Shop","item":"https:\/\/www.miamedicalitalia.it\/negozio\/"},{"@type":"ListItem","position":3,"name":"Affitto e noleggio","item":"https:\/\/www.miamedicalitalia.it\/categoria\/affitto-e-noleggio-ausili\/"},{"@type":"ListItem","position":4,"name":"Noleggio Verticalizzatore Elettrico"}]},{"@type":"WebSite","@id":"https:\/\/www.miamedicalitalia.it\/#website","url":"https:\/\/www.miamedicalitalia.it\/","name":"www.miamedicalitalia.it","description":"Location et vente d'\u00e9quipements sanitaires","publisher":{"@id":"https:\/\/www.miamedicalitalia.it\/#organization"},"potentialAction":[{"@type":"SearchAction","target":{"@type":"EntryPoint","urlTemplate":"https:\/\/www.miamedicalitalia.it\/?s={search_term_string}"},"query-input":{"@type":"PropertyValueSpecification","valueRequired":true,"valueName":"search_term_string"}}],"inLanguage":"fr-FR"},{"@type":"Organization","@id":"https:\/\/www.miamedicalitalia.it\/#organization","name":"OLG","url":"https:\/\/www.miamedicalitalia.it\/","logo":{"@type":"ImageObject","inLanguage":"fr-FR","@id":"https:\/\/www.miamedicalitalia.it\/#\/schema\/logo\/image\/","url":"https:\/\/www.miamedicalitalia.it\/wp-content\/uploads\/2023\/04\/mia-medical-logo-free.png","contentUrl":"https:\/\/www.miamedicalitalia.it\/wp-content\/uploads\/2023\/04\/mia-medical-logo-free.png","width":700,"height":700,"caption":"OLG"},"image":{"@id":"https:\/\/www.miamedicalitalia.it\/#\/schema\/logo\/image\/"},"sameAs":["https:\/\/www.facebook.com\/miamedicalitalia"]}]}},"wcpa_form_fields":null,"_links":{"self":[{"href":"https:\/\/www.miamedicalitalia.it\/fr\/wp-json\/wp\/v2\/product\/8853","targetHints":{"allow":["GET"]}}],"collection":[{"href":"https:\/\/www.miamedicalitalia.it\/fr\/wp-json\/wp\/v2\/product"}],"about":[{"href":"https:\/\/www.miamedicalitalia.it\/fr\/wp-json\/wp\/v2\/types\/product"}],"wp:featuredmedia":[{"embeddable":true,"href":"https:\/\/www.miamedicalitalia.it\/fr\/wp-json\/wp\/v2\/media\/12140"}],"wp:attachment":[{"href":"https:\/\/www.miamedicalitalia.it\/fr\/wp-json\/wp\/v2\/media?parent=8853"}],"wp:term":[{"taxonomy":"home-category","embeddable":true,"href":"https:\/\/www.miamedicalitalia.it\/fr\/wp-json\/wp\/v2\/home-category?post=8853"},{"taxonomy":"product_brand","embeddable":true,"href":"https:\/\/www.miamedicalitalia.it\/fr\/wp-json\/wp\/v2\/product_brand?post=8853"},{"taxonomy":"product_cat","embeddable":true,"href":"https:\/\/www.miamedicalitalia.it\/fr\/wp-json\/wp\/v2\/product_cat?post=8853"},{"taxonomy":"product_tag","embeddable":true,"href":"https:\/\/www.miamedicalitalia.it\/fr\/wp-json\/wp\/v2\/product_tag?post=8853"},{"taxonomy":"woo-feed-brand","embeddable":true,"href":"https:\/\/www.miamedicalitalia.it\/fr\/wp-json\/wp\/v2\/woo-feed-brand?post=8853"}],"curies":[{"name":"wp","href":"https:\/\/api.w.org\/{rel}","templated":true}]}}