{"id":8852,"date":"2022-12-21T17:14:36","date_gmt":"2022-12-21T16:14:36","guid":{"rendered":"https:\/\/www.miamedicalitalia.it\/?post_type=product&#038;p=8852"},"modified":"2026-01-07T12:00:41","modified_gmt":"2026-01-07T10:00:41","slug":"sollevatore-elettrico-forfait-imbattibili","status":"publish","type":"product","link":"https:\/\/www.miamedicalitalia.it\/fr\/produit\/sollevatore-elettrico-forfait-imbattibili\/","title":{"rendered":"Location d'un \u00e9l\u00e9vateur \u00e0 nacelle \u00e9lectrique"},"content":{"rendered":"<h4 class=\"wp-block-heading\" id=\"h-noleggio-sollevatore-elettrico-con-asta-per-anziani-e-persone-con-disabilita-ad-alta-portata-per-chi-assiste-ogni-giorno-con-cura-forza-e-responsabilita\">Noleggio Sollevatore Elettrico con asta per anziani e persone con disabilit\u00e0 ad alta portata: per chi assiste ogni giorno con cura, forza e responsabilit\u00e0.<\/h4>\n\n\n\n<p>Assister une personne \u00e0 mobilit\u00e9 r\u00e9duite est une mission qui demande de l'attention, de l'expertise et les bons outils. Le service de location du <strong>MUEVO RI828 Pont \u00e9l\u00e9vateur \u00e9lectrique<\/strong>&nbsp;avec tige est con\u00e7u pour garantir&nbsp;<strong>une s\u00e9curit\u00e9 et une puissance maximales, m\u00eame lors des transferts les plus complexes<\/strong>qui prend en charge les utilisateurs jusqu'\u00e0&nbsp;<strong>200 kg<\/strong>&nbsp;de poids. Une solution durable et fiable con\u00e7ue pour&nbsp;<strong>faciliter le travail des soignants et des aidants \u00e0 domicile ou en clinique<\/strong>.<\/p>\n\n\n\n<h4 class=\"wp-block-heading\" id=\"h-un-aiuto-concreto-per-chi-si-prende-cura-degli-altri\">Une aide concr\u00e8te pour les personnes qui s'occupent d'autrui<\/h4>\n\n\n\n<blockquote class=\"wp-block-quote is-layout-flow wp-block-quote-is-layout-flow\">\n<p>L'utilisation d'un \u00e9l\u00e9vateur est particuli\u00e8rement utile lorsque le patient est incapable de se d\u00e9placer, par exemple, du fauteuil roulant au lit, ou du fauteuil roulant au fauteuil, parce que son \u00e9tat de sant\u00e9 l'emp\u00eache de faire des mouvements actifs et passifs. Ce mod\u00e8le offre : <\/p>\n\n\n\n<ul class=\"wp-block-list\">\n<li><strong>Capacit\u00e9 de levage \u00e9lev\u00e9e<\/strong>prend en charge jusqu'\u00e0&nbsp;<strong>200 kg<\/strong>\u00e9galement id\u00e9al pour les patients bariatriques.<\/li>\n\n\n\n<li><strong>Base r\u00e9glable en largeur<\/strong>Il s'adapte facilement aux espaces domestiques confin\u00e9s ou aux chambres meubl\u00e9es.<\/li>\n\n\n\n<li><strong>Structure d\u00e9montable<\/strong>&nbsp;en acier peint : durable et facile \u00e0 assembler et \u00e0 transporter.<\/li>\n\n\n\n<li><strong>S\u00e9curit\u00e9 int\u00e9gr\u00e9e<\/strong>abaissement manuel d'urgence, bouton d'arr\u00eat et protection anti-\u00e9crasement.<\/li>\n\n\n\n<li><strong>Batterie longue dur\u00e9e<\/strong>plus de 40 cycles \u00e0 pleine charge sur une seule charge.<\/li>\n\n\n\n<li><strong>Avertissements visuels et sonores<\/strong>Ils indiquent clairement quand la batterie doit \u00eatre recharg\u00e9e.<\/li>\n<\/ul>\n\n\n\n<ul class=\"wp-block-list\">\n<li><\/li>\n<\/ul>\n<\/blockquote>\n\n\n\n<h4 class=\"wp-block-heading\" id=\"h-specifiche-tecniche-del-sollevatore-elettrico-con-asta-ad-alta-portata\">Sp\u00e9cifications techniques de l'\u00e9l\u00e9vateur \u00e9lectrique \u00e0 tige de grande capacit\u00e9<\/h4>\n\n\n\n<ul class=\"wp-block-list\">\n<li><strong>Moteur \u00e9lectrique TiMotion<\/strong><\/li>\n\n\n\n<li><strong>D\u00e9bit maximal<\/strong>200 kg<\/li>\n\n\n\n<li><strong>Structure<\/strong>: acier peint avec poign\u00e9es en polyur\u00e9thane<\/li>\n\n\n\n<li><strong>Roulettes pivotantes de 10 cm<\/strong>deux avec freins<\/li>\n\n\n\n<li><strong>Ouverture manuelle des jambes<\/strong><\/li>\n\n\n\n<li><strong>Batterie amovible avec indicateur de d\u00e9charge<\/strong><\/li>\n<\/ul>\n\n\n\n<p>Cliquez sur <a href=\"https:\/\/www.miamedicalitalia.it\/wp-content\/uploads\/2022\/12\/sollevatore-con-asta-.pdf?_gl=1*1rhhl60*_up*MQ..*_ga*ODE3OTQwNDIwLjE3NDQ0NjU4ODI.*_ga_D9FZ9V3LL7*MTc0NDQ2NTg4Mi4xLjEuMTc0NDQ2NTg5Mi4wLjAuMA..\">ici<\/a> pour consulter la fiche technique compl\u00e8te. <\/p>\n\n\n\n<h4 class=\"wp-block-heading\" id=\"h-per-chi-e-pensato-il-noleggio-del-sollevatore-elettrico-muevo-ri828\">\u00c0 qui s'adresse le palan \u00e9lectrique MUEVO RI828 ?<\/h4>\n\n\n\n<p>Cette aide m\u00e9dicale est le choix id\u00e9al pour :<\/p>\n\n\n\n<ul class=\"wp-block-list\">\n<li><strong>Aidants \u00e0 domicile<\/strong>&nbsp;la prise en charge des patients dont la mobilit\u00e9 est nulle ou fortement r\u00e9duite.<\/li>\n\n\n\n<li><strong>Familles s'occupant de personnes handicap\u00e9es ou souffrant de maladies complexes<\/strong>&nbsp;qui exigent une s\u00e9curit\u00e9 maximale lors des transferts.<\/li>\n\n\n\n<li>Situations de&nbsp;<strong>soins postop\u00e9ratoires<\/strong>&nbsp;ou de long s\u00e9jour.<\/li>\n\n\n\n<li>Environnements r\u00e9sidentiels o\u00f9 un dispositif est n\u00e9cessaire&nbsp;<strong>robuste mais g\u00e9rable<\/strong>.<\/li>\n\n\n\n<li><strong>Cliniques<\/strong> et <strong>h\u00f4pitaux<\/strong> qui veulent assurer un maximum de s\u00e9curit\u00e9 et de confort \u00e0 leurs patients.<\/li>\n<\/ul>\n\n\n\n<h4 class=\"wp-block-heading\" id=\"h-migliora-le-qualita-dell-assistenza-riduci-lo-sforzo-fisico\">Am\u00e9liorer la qualit\u00e9 des soins, r\u00e9duire les efforts physiques <\/h4>\n\n\n\n<p>Le service de location d'\u00e9l\u00e9vateurs \u00e9lectriques \u00e0 grande lev\u00e9e MUEVO RI828 est un alli\u00e9 silencieux qui vous permet d'\u00e9viter les efforts excessifs, de r\u00e9duire les risques de blessures et d'affronter la journ\u00e9e avec une plus grande tranquillit\u00e9 d'esprit. Chaque transfert devient plus s\u00fbr pour la personne qui le re\u00e7oit et plus facile \u00e0 g\u00e9rer pour la personne qui l'effectue. <\/p>\n\n\n\n<p>A <strong>investissement intelligent<\/strong> pour prot\u00e9ger les <strong>la sant\u00e9<\/strong> de l'aidant et am\u00e9liorer le bien-\u00eatre de l'aidant.<\/p>\n\n\n\n<p>Visitez notre <strong><a href=\"https:\/\/www.miamedicalitalia.it\/fr\/categoria\/affitto-e-noleggio-ausili\/noleggio-sollevatori-verticalizzatori\/?_gl=1*b43y02*_up*MQ..*_ga*OTQxOTI0NzI3LjE3NDQ0Njc1NjM.*_ga_D9FZ9V3LL7*MTc0NDQ2NzU2Mi4xLjEuMTc0NDQ2NzU4Mi4wLjAuMA..\">.<\/a><\/strong> pour d\u00e9couvrir la vaste gamme de l\u00e8ve-personnes de Mia Medical Italia et nous contacter pour une demande de devis. <strong>consultation gratuite<\/strong>sans engagement, pour d\u00e9couvrir le mod\u00e8le qui correspond le mieux \u00e0 vos besoins et \u00e0 ceux des personnes que vous assistez. <\/p>\n\n\n\n<h4 class=\"wp-block-heading\" id=\"h-perche-scegliere-il-servizio-di-noleggio-mia-medical-italia\">Pourquoi choisir le service de location de Mia Medical Italia<\/h4>\n\n\n\n<p>Nous choisir comme alli\u00e9s de la location :<\/p>\n\n\n\n<ul class=\"wp-block-list\">\n<li>Hai <strong>assistance personnalis\u00e9e<\/strong> e <strong>livraison de l'appareil directement \u00e0 votre domicile<\/strong>.<\/li>\n\n\n\n<li>Trouver <strong>des dispositifs aseptis\u00e9s, s\u00fbrs et contr\u00f4l\u00e9s<\/strong> par du personnel qualifi\u00e9.<\/li>\n\n\n\n<li>Hai <strong>un soutien local imm\u00e9diat<\/strong>\u00e0 Rome et \u00e0 Florence.<\/li>\n\n\n\n<li>Un livre en quelque sorte <strong>facile<\/strong>avec <strong>des tarifs transparents<\/strong> e <strong>des options flexibles<\/strong> en fonction de vos besoins.<\/li>\n\n\n\n<li><strong><a href=\"https:\/\/www.morettispa.com\/prodotto\/sollevamalati-in-acciaio-verniciato-elettrico-timotion-modello-ingombro-standard-apertura-gambe-a-leva-portata-max-150-kg\/\">Appareils de derni\u00e8re g\u00e9n\u00e9ration et de la meilleure qualit\u00e9 sur le march\u00e9.<\/a><\/strong><\/li>\n<\/ul>\n\n\n\n<p>Par ailleurs, si vous \u00eates l'aidant d'une personne d\u00e9pendante et que vous avez besoin d'un coup de main, nous vous recommandons de visiter notre <strong>infirmi\u00e8re<\/strong> digne de confiance <strong><a href=\"http:\/\/www.arnaldiandrea.com\">Andrea Arnaldi<\/a><\/strong>, sp\u00e9cialis\u00e9 dans les soins \u00e0 domicile, permettra \u00e0 vos proches ou \u00e0 vos patients de poursuivre les traitements n\u00e9cessaires dans le confort de leur foyer ! N'h\u00e9sitez pas \u00e0 le contacter. <\/p>\n\n\n\n<h4 class=\"wp-block-heading\" id=\"h-come-noleggiare-il-tuo-sollevatore-elettrico-per-anziani-e-persone-con-disabilita\">Come noleggiare il tuo sollevatore elettrico per anziani e persone con disabilit\u00e0 <\/h4>\n\n\n\n<p><strong><a href=\"https:\/\/wa.me\/393926509237\">Contactez nous<\/a><\/strong>&nbsp;d\u00e8s aujourd'hui pour conna\u00eetre les disponibilit\u00e9s et obtenir un devis. Et si nous ne vous avons toujours pas convaincu, appelez-nous d\u00e8s maintenant au&nbsp;<strong><a href=\"https:\/\/wa.me\/393926509237\">+39 392 65 09 237.<\/a><\/strong>&nbsp;Notre&nbsp;<strong>\u00e9quipe de sp\u00e9cialistes<\/strong>&nbsp;de l'industrie seront pr\u00eats \u00e0 r\u00e9pondre \u00e0 toutes vos questions et \u00e0 dissiper vos doutes.&nbsp;<strong>Contactez nous&nbsp;<\/strong>d\u00e8s aujourd'hui pour obtenir une consultation gratuite et sans engagement et laisser nos experts vous guider vers une exp\u00e9rience de location personnalis\u00e9e et adapt\u00e9e \u00e0 vos besoins.<\/p>\n\n\n\n<p>Remarque : n'oubliez pas de <a href=\"https:\/\/www.miamedicalitalia.it\/fr\/mia-medical-condizioni-di-noleggio-dei-nostri-ausili-medicali\/?_gl=1*yeqgme*_up*MQ..*_ga*OTQxOTI0NzI3LjE3NDQ0Njc1NjM.*_ga_D9FZ9V3LL7*MTc0NDQ2NzU2Mi4xLjEuMTc0NDQ2ODI5Mi4wLjAuMA..\">consulter nos conditions de location. <\/a><\/p>","protected":false},"excerpt":{"rendered":"<div style=\"font-family: Arial, sans-serif; background-color: #234091; padding: 30px; border-radius: 25px; max-width: 600px; color: #ffffff; position: relative; border-top: 6px solid #2498fe;\">\n<h3 style=\"margin-top: 0; margin-bottom: 15px; color: #ffffff;\">Location d'un palan \u00e9lectrique avec \u00e9lingue.<\/h3>\n<p>Consegna a Roma e Firenze a partire da 45\u20ac.<\/p>\n<p><strong>Livraison gratuite<\/strong> pour des locations de 60 jours !<\/p>\n<p><strong>Aucun d\u00e9p\u00f4t n'est requis.<\/strong><\/p>\n<p>La livraison et l'enl\u00e8vement de l'entrep\u00f4t sont <strong>GRATUIT !<\/strong><\/p>\n<\/div>\n<p><!-- Linea bianca sotto --><\/p>\n<div style=\"height: 6px; background-color: #ffffff; max-width: 600px;\">\u00a0<\/div>","protected":false},"featured_media":12138,"template":"","meta":{"_acf_changed":false},"home-category":[],"product_brand":[],"product_cat":[81],"product_tag":[101],"woo-feed-brand":[],"class_list":{"0":"post-8852","1":"product","2":"type-product","3":"status-publish","4":"has-post-thumbnail","6":"product_cat-noleggio-sollevatori","7":"product_tag-sollevatore-elettrico-per-disabili","8":"wcpa_has_options","10":"first","11":"instock","12":"shipping-taxable","13":"purchasable","14":"product-type-variable"},"acf":[],"yoast_head":"<!-- This site is optimized with the Yoast SEO Premium plugin v27.5 (Yoast SEO v27.5) - https:\/\/yoast.com\/product\/yoast-seo-premium-wordpress\/ -->\n<title>Noleggio Sollevatore Elettrico. Da 2,50\u20ac al giorno. Solo da Noi.<\/title>\n<meta name=\"description\" content=\"Noleggio Sollevatore elettrico con asta per anziani e persone con disabilit\u00e0. Contattaci al +39 392 65 09 237 per maggiori informazioni.\" \/>\n<meta name=\"robots\" content=\"index, follow, max-snippet:-1, max-image-preview:large, max-video-preview:-1\" \/>\n<link rel=\"canonical\" href=\"https:\/\/www.miamedicalitalia.it\/fr\/produit\/sollevatore-elettrico-forfait-imbattibili\/\" \/>\n<meta property=\"og:locale\" content=\"fr_FR\" \/>\n<meta property=\"og:type\" content=\"article\" \/>\n<meta property=\"og:title\" content=\"Noleggio Sollevatore Elettrico. Da 2,50\u20ac al giorno. Solo da Noi.\" \/>\n<meta property=\"og:description\" content=\"Noleggio Sollevatore elettrico con asta per anziani e persone con disabilit\u00e0. Contattaci al +39 392 65 09 237 per maggiori informazioni.\" \/>\n<meta property=\"og:url\" content=\"https:\/\/www.miamedicalitalia.it\/fr\/produit\/sollevatore-elettrico-forfait-imbattibili\/\" \/>\n<meta property=\"og:site_name\" content=\"Mia Medical\" \/>\n<meta property=\"article:publisher\" content=\"https:\/\/www.facebook.com\/miamedicalitalia\" \/>\n<meta property=\"article:modified_time\" content=\"2026-01-07T10:00:41+00:00\" \/>\n<meta property=\"og:image\" content=\"https:\/\/www.miamedicalitalia.it\/wp-content\/uploads\/2022\/12\/SOLLEVATORE-ELTTRICO-DA-TERRA-.jpg\" \/>\n\t<meta property=\"og:image:width\" content=\"1000\" \/>\n\t<meta property=\"og:image:height\" content=\"1000\" \/>\n\t<meta property=\"og:image:type\" content=\"image\/jpeg\" \/>\n<meta name=\"twitter:card\" content=\"summary_large_image\" \/>\n<meta name=\"twitter:label1\" content=\"Dur\u00e9e de lecture estim\u00e9e\" \/>\n\t<meta name=\"twitter:data1\" content=\"1 minute\" \/>\n<script type=\"application\/ld+json\" class=\"yoast-schema-graph\">{\"@context\":\"https:\\\/\\\/schema.org\",\"@graph\":[{\"@type\":\"WebPage\",\"@id\":\"https:\\\/\\\/www.miamedicalitalia.it\\\/prodotto\\\/sollevatore-elettrico-forfait-imbattibili\\\/\",\"url\":\"https:\\\/\\\/www.miamedicalitalia.it\\\/prodotto\\\/sollevatore-elettrico-forfait-imbattibili\\\/\",\"name\":\"Noleggio Sollevatore Elettrico. Da 2,50\u20ac al giorno. Solo da Noi.\",\"isPartOf\":{\"@id\":\"https:\\\/\\\/www.miamedicalitalia.it\\\/#website\"},\"primaryImageOfPage\":{\"@id\":\"https:\\\/\\\/www.miamedicalitalia.it\\\/prodotto\\\/sollevatore-elettrico-forfait-imbattibili\\\/#primaryimage\"},\"image\":{\"@id\":\"https:\\\/\\\/www.miamedicalitalia.it\\\/prodotto\\\/sollevatore-elettrico-forfait-imbattibili\\\/#primaryimage\"},\"thumbnailUrl\":\"https:\\\/\\\/www.miamedicalitalia.it\\\/wp-content\\\/uploads\\\/2022\\\/12\\\/SOLLEVATORE-ELTTRICO-DA-TERRA-.jpg\",\"datePublished\":\"2022-12-21T16:14:36+00:00\",\"dateModified\":\"2026-01-07T10:00:41+00:00\",\"description\":\"Noleggio Sollevatore elettrico con asta per anziani e persone con disabilit\u00e0. Contattaci al +39 392 65 09 237 per maggiori informazioni.\",\"breadcrumb\":{\"@id\":\"https:\\\/\\\/www.miamedicalitalia.it\\\/prodotto\\\/sollevatore-elettrico-forfait-imbattibili\\\/#breadcrumb\"},\"inLanguage\":\"fr-FR\",\"potentialAction\":[{\"@type\":\"ReadAction\",\"target\":[\"https:\\\/\\\/www.miamedicalitalia.it\\\/prodotto\\\/sollevatore-elettrico-forfait-imbattibili\\\/\"]}]},{\"@type\":\"ImageObject\",\"inLanguage\":\"fr-FR\",\"@id\":\"https:\\\/\\\/www.miamedicalitalia.it\\\/prodotto\\\/sollevatore-elettrico-forfait-imbattibili\\\/#primaryimage\",\"url\":\"https:\\\/\\\/www.miamedicalitalia.it\\\/wp-content\\\/uploads\\\/2022\\\/12\\\/SOLLEVATORE-ELTTRICO-DA-TERRA-.jpg\",\"contentUrl\":\"https:\\\/\\\/www.miamedicalitalia.it\\\/wp-content\\\/uploads\\\/2022\\\/12\\\/SOLLEVATORE-ELTTRICO-DA-TERRA-.jpg\",\"width\":1000,\"height\":1000,\"caption\":\"SOLLEVA MALATO ELETTRICO\"},{\"@type\":\"BreadcrumbList\",\"@id\":\"https:\\\/\\\/www.miamedicalitalia.it\\\/prodotto\\\/sollevatore-elettrico-forfait-imbattibili\\\/#breadcrumb\",\"itemListElement\":[{\"@type\":\"ListItem\",\"position\":1,\"name\":\"Home\",\"item\":\"https:\\\/\\\/www.miamedicalitalia.it\\\/\"},{\"@type\":\"ListItem\",\"position\":2,\"name\":\"Shop\",\"item\":\"https:\\\/\\\/www.miamedicalitalia.it\\\/negozio\\\/\"},{\"@type\":\"ListItem\",\"position\":3,\"name\":\"Affitto e noleggio\",\"item\":\"https:\\\/\\\/www.miamedicalitalia.it\\\/categoria\\\/affitto-e-noleggio-ausili\\\/\"},{\"@type\":\"ListItem\",\"position\":4,\"name\":\"Sollevatori\",\"item\":\"https:\\\/\\\/www.miamedicalitalia.it\\\/categoria\\\/affitto-e-noleggio-ausili\\\/noleggio-sollevatori\\\/\"},{\"@type\":\"ListItem\",\"position\":5,\"name\":\"Noleggio Sollevatore elettrico con asta\"}]},{\"@type\":\"WebSite\",\"@id\":\"https:\\\/\\\/www.miamedicalitalia.it\\\/#website\",\"url\":\"https:\\\/\\\/www.miamedicalitalia.it\\\/\",\"name\":\"www.miamedicalitalia.it\",\"description\":\"Noleggio e Vendita Attrezzatura Sanitarie\",\"publisher\":{\"@id\":\"https:\\\/\\\/www.miamedicalitalia.it\\\/#organization\"},\"potentialAction\":[{\"@type\":\"SearchAction\",\"target\":{\"@type\":\"EntryPoint\",\"urlTemplate\":\"https:\\\/\\\/www.miamedicalitalia.it\\\/?s={search_term_string}\"},\"query-input\":{\"@type\":\"PropertyValueSpecification\",\"valueRequired\":true,\"valueName\":\"search_term_string\"}}],\"inLanguage\":\"fr-FR\"},{\"@type\":\"Organization\",\"@id\":\"https:\\\/\\\/www.miamedicalitalia.it\\\/#organization\",\"name\":\"OLG\",\"url\":\"https:\\\/\\\/www.miamedicalitalia.it\\\/\",\"logo\":{\"@type\":\"ImageObject\",\"inLanguage\":\"fr-FR\",\"@id\":\"https:\\\/\\\/www.miamedicalitalia.it\\\/#\\\/schema\\\/logo\\\/image\\\/\",\"url\":\"https:\\\/\\\/www.miamedicalitalia.it\\\/wp-content\\\/uploads\\\/2023\\\/04\\\/mia-medical-logo-free.png\",\"contentUrl\":\"https:\\\/\\\/www.miamedicalitalia.it\\\/wp-content\\\/uploads\\\/2023\\\/04\\\/mia-medical-logo-free.png\",\"width\":700,\"height\":700,\"caption\":\"OLG\"},\"image\":{\"@id\":\"https:\\\/\\\/www.miamedicalitalia.it\\\/#\\\/schema\\\/logo\\\/image\\\/\"},\"sameAs\":[\"https:\\\/\\\/www.facebook.com\\\/miamedicalitalia\"]}]}<\/script>\n<!-- \/ Yoast SEO Premium plugin. -->","yoast_head_json":{"title":"Location d'ascenseurs \u00e9lectriques. A partir de 2,50\u20ac par jour. Seulement chez nous.","description":"Noleggio Sollevatore elettrico con asta per anziani e persone con disabilit\u00e0. Contattaci al +39 392 65 09 237 per maggiori informazioni.","robots":{"index":"index","follow":"follow","max-snippet":"max-snippet:-1","max-image-preview":"max-image-preview:large","max-video-preview":"max-video-preview:-1"},"canonical":"https:\/\/www.miamedicalitalia.it\/fr\/produit\/sollevatore-elettrico-forfait-imbattibili\/","og_locale":"fr_FR","og_type":"article","og_title":"Noleggio Sollevatore Elettrico. Da 2,50\u20ac al giorno. Solo da Noi.","og_description":"Noleggio Sollevatore elettrico con asta per anziani e persone con disabilit\u00e0. Contattaci al +39 392 65 09 237 per maggiori informazioni.","og_url":"https:\/\/www.miamedicalitalia.it\/fr\/produit\/sollevatore-elettrico-forfait-imbattibili\/","og_site_name":"Mia Medical","article_publisher":"https:\/\/www.facebook.com\/miamedicalitalia","article_modified_time":"2026-01-07T10:00:41+00:00","og_image":[{"width":1000,"height":1000,"url":"https:\/\/www.miamedicalitalia.it\/wp-content\/uploads\/2022\/12\/SOLLEVATORE-ELTTRICO-DA-TERRA-.jpg","type":"image\/jpeg"}],"twitter_card":"summary_large_image","twitter_misc":{"Dur\u00e9e de lecture estim\u00e9e":"1 minute"},"schema":{"@context":"https:\/\/schema.org","@graph":[{"@type":"WebPage","@id":"https:\/\/www.miamedicalitalia.it\/prodotto\/sollevatore-elettrico-forfait-imbattibili\/","url":"https:\/\/www.miamedicalitalia.it\/prodotto\/sollevatore-elettrico-forfait-imbattibili\/","name":"Location d'ascenseurs \u00e9lectriques. A partir de 2,50\u20ac par jour. Seulement chez nous.","isPartOf":{"@id":"https:\/\/www.miamedicalitalia.it\/#website"},"primaryImageOfPage":{"@id":"https:\/\/www.miamedicalitalia.it\/prodotto\/sollevatore-elettrico-forfait-imbattibili\/#primaryimage"},"image":{"@id":"https:\/\/www.miamedicalitalia.it\/prodotto\/sollevatore-elettrico-forfait-imbattibili\/#primaryimage"},"thumbnailUrl":"https:\/\/www.miamedicalitalia.it\/wp-content\/uploads\/2022\/12\/SOLLEVATORE-ELTTRICO-DA-TERRA-.jpg","datePublished":"2022-12-21T16:14:36+00:00","dateModified":"2026-01-07T10:00:41+00:00","description":"Noleggio Sollevatore elettrico con asta per anziani e persone con disabilit\u00e0. Contattaci al +39 392 65 09 237 per maggiori informazioni.","breadcrumb":{"@id":"https:\/\/www.miamedicalitalia.it\/prodotto\/sollevatore-elettrico-forfait-imbattibili\/#breadcrumb"},"inLanguage":"fr-FR","potentialAction":[{"@type":"ReadAction","target":["https:\/\/www.miamedicalitalia.it\/prodotto\/sollevatore-elettrico-forfait-imbattibili\/"]}]},{"@type":"ImageObject","inLanguage":"fr-FR","@id":"https:\/\/www.miamedicalitalia.it\/prodotto\/sollevatore-elettrico-forfait-imbattibili\/#primaryimage","url":"https:\/\/www.miamedicalitalia.it\/wp-content\/uploads\/2022\/12\/SOLLEVATORE-ELTTRICO-DA-TERRA-.jpg","contentUrl":"https:\/\/www.miamedicalitalia.it\/wp-content\/uploads\/2022\/12\/SOLLEVATORE-ELTTRICO-DA-TERRA-.jpg","width":1000,"height":1000,"caption":"SOLLEVA MALATO ELETTRICO"},{"@type":"BreadcrumbList","@id":"https:\/\/www.miamedicalitalia.it\/prodotto\/sollevatore-elettrico-forfait-imbattibili\/#breadcrumb","itemListElement":[{"@type":"ListItem","position":1,"name":"Home","item":"https:\/\/www.miamedicalitalia.it\/"},{"@type":"ListItem","position":2,"name":"Shop","item":"https:\/\/www.miamedicalitalia.it\/negozio\/"},{"@type":"ListItem","position":3,"name":"Affitto e noleggio","item":"https:\/\/www.miamedicalitalia.it\/categoria\/affitto-e-noleggio-ausili\/"},{"@type":"ListItem","position":4,"name":"Sollevatori","item":"https:\/\/www.miamedicalitalia.it\/categoria\/affitto-e-noleggio-ausili\/noleggio-sollevatori\/"},{"@type":"ListItem","position":5,"name":"Noleggio Sollevatore elettrico con asta"}]},{"@type":"WebSite","@id":"https:\/\/www.miamedicalitalia.it\/#website","url":"https:\/\/www.miamedicalitalia.it\/","name":"www.miamedicalitalia.it","description":"Location et vente d'\u00e9quipements sanitaires","publisher":{"@id":"https:\/\/www.miamedicalitalia.it\/#organization"},"potentialAction":[{"@type":"SearchAction","target":{"@type":"EntryPoint","urlTemplate":"https:\/\/www.miamedicalitalia.it\/?s={search_term_string}"},"query-input":{"@type":"PropertyValueSpecification","valueRequired":true,"valueName":"search_term_string"}}],"inLanguage":"fr-FR"},{"@type":"Organization","@id":"https:\/\/www.miamedicalitalia.it\/#organization","name":"OLG","url":"https:\/\/www.miamedicalitalia.it\/","logo":{"@type":"ImageObject","inLanguage":"fr-FR","@id":"https:\/\/www.miamedicalitalia.it\/#\/schema\/logo\/image\/","url":"https:\/\/www.miamedicalitalia.it\/wp-content\/uploads\/2023\/04\/mia-medical-logo-free.png","contentUrl":"https:\/\/www.miamedicalitalia.it\/wp-content\/uploads\/2023\/04\/mia-medical-logo-free.png","width":700,"height":700,"caption":"OLG"},"image":{"@id":"https:\/\/www.miamedicalitalia.it\/#\/schema\/logo\/image\/"},"sameAs":["https:\/\/www.facebook.com\/miamedicalitalia"]}]}},"wcpa_form_fields":{"wcpaData":{"product":{"product_price":80,"price_html":"<span class=\"woocommerce-Price-amount amount\" aria-hidden=\"true\"><bdi><span class=\"woocommerce-Price-currencySymbol\">&euro;<\/span>80.00<\/bdi><\/span> <span aria-hidden=\"true\">\u00a0\u2013\u00a0<\/span> <span class=\"woocommerce-Price-amount amount\" aria-hidden=\"true\"><bdi><span class=\"woocommerce-Price-currencySymbol\">&euro;<\/span>250.00<\/bdi><\/span><span class=\"screen-reader-text\">Plage de prix\u00a0: &euro;80.00 \u00e0 &euro;250.00<\/span>","original_product_price":80,"price_including_tax":80,"price_excluding_tax":80,"product_id":{"parent":8852,"variation":false},"is_variable":true,"stock_status":"instock","stock_quantity":null,"parent_sku":"","product_attributes":{"motore":{"is_variation":false,"values":["Linak"]},"quanto-costa":{"is_variation":true,"values":[]}},"custom_fields":[],"is_taxable":false,"product_name":"Noleggio Sollevatore  elettrico con asta","hasImage":false},"fields":{"sec_565f165582eb8c":{"extra":{"key":"sec_565f165582eb8c","section_id":"sec_565f165582eb8c","name":"Predefinito","status":1,"toggle":true,"form_id":12050,"form_rules":{"exclude_from_discount":false,"fee_label":"Frais","disp_hide_options_price":false,"disp_show_section_price":false,"disp_show_field_price":true,"layout_option":"standard","pric_use_as_fee":false,"process_fee_as":"woo_fee"},"layout_option":"standard"},"fields":[[{"active":true,"col":6,"relations":false,"cl_rule":"show","enableCl":false,"price":"","enablePrice":false,"className":"input-text","type":"date","required":true,"elementId":"date_3189538061","name":"date_3189538061","label":"A partire dal giorno:","picker_type":"custom","picker_mode":"single","error":false,"description":"Inserisci la data di inizio del noleggio","gt_translate_keys":["label","description"],"price_dependency":false,"cl_dependency":false,"value":""}]]}},"config":{"price_override":"","enable_recaptcha":false,"bind_quantity":false,"quantity_bind_formula":false,"disp_summ_show_option_price":true,"disp_summ_show_product_price":true,"disp_summ_show_total_price":true,"disp_summ_show_fee":false,"disp_summ_show_discount":false,"summary_title":"","options_total_label":"Prix des options","total_label":"Total","options_product_label":"Prix du produit","fee_label":"Frais","discount_label":"Remise","has_price":true,"has_quantity_formula":false},"mc_unit":1,"tax_rate":1,"tax_rate_real":1,"discount":{"percentage":0,"fixed":0},"design":{"conf":{"LabelPosition":"above","DescPosition":"below","UploadField":"custom_1","QuantityFieldStyle":"default"},"css":{"LeftLabelWidth":"50px"}},"formulas":[],"lookuptables":[],"clones":false,"cartKey":false}},"_links":{"self":[{"href":"https:\/\/www.miamedicalitalia.it\/fr\/wp-json\/wp\/v2\/product\/8852","targetHints":{"allow":["GET"]}}],"collection":[{"href":"https:\/\/www.miamedicalitalia.it\/fr\/wp-json\/wp\/v2\/product"}],"about":[{"href":"https:\/\/www.miamedicalitalia.it\/fr\/wp-json\/wp\/v2\/types\/product"}],"wp:featuredmedia":[{"embeddable":true,"href":"https:\/\/www.miamedicalitalia.it\/fr\/wp-json\/wp\/v2\/media\/12138"}],"wp:attachment":[{"href":"https:\/\/www.miamedicalitalia.it\/fr\/wp-json\/wp\/v2\/media?parent=8852"}],"wp:term":[{"taxonomy":"home-category","embeddable":true,"href":"https:\/\/www.miamedicalitalia.it\/fr\/wp-json\/wp\/v2\/home-category?post=8852"},{"taxonomy":"product_brand","embeddable":true,"href":"https:\/\/www.miamedicalitalia.it\/fr\/wp-json\/wp\/v2\/product_brand?post=8852"},{"taxonomy":"product_cat","embeddable":true,"href":"https:\/\/www.miamedicalitalia.it\/fr\/wp-json\/wp\/v2\/product_cat?post=8852"},{"taxonomy":"product_tag","embeddable":true,"href":"https:\/\/www.miamedicalitalia.it\/fr\/wp-json\/wp\/v2\/product_tag?post=8852"},{"taxonomy":"woo-feed-brand","embeddable":true,"href":"https:\/\/www.miamedicalitalia.it\/fr\/wp-json\/wp\/v2\/woo-feed-brand?post=8852"}],"curies":[{"name":"wp","href":"https:\/\/api.w.org\/{rel}","templated":true}]}}