{"id":8849,"date":"2022-12-21T17:14:35","date_gmt":"2022-12-21T16:14:35","guid":{"rendered":"https:\/\/www.miamedicalitalia.it\/?post_type=product&#038;p=8849"},"modified":"2026-01-07T13:10:56","modified_gmt":"2026-01-07T11:10:56","slug":"noleggio-letto-ospedaliero-elettrico-120cm-per-disabili-e-anziani-a-domicilio","status":"publish","type":"product","link":"https:\/\/www.miamedicalitalia.it\/fr\/produit\/noleggio-letto-ospedaliero-elettrico-120cm-per-disabili-e-anziani-a-domicilio\/","title":{"rendered":"Lit d'h\u00f4pital \u00e9lectrique Hire 120cm (1.5 square) avec matelas anti-escarres"},"content":{"rendered":"<p><strong>Noleggia un letto ospedaliero ortopedico per degenza a casa con materasso antidecubito a Roma e Firenze per garantire comfort e sicurezza a chi ne ha bisogno. Scegli l\u2019alternativa da 120 cm (1 piazza e mezzo) per ottenere un supporto ergonomico ancora pi\u00f9 avanzato. Consegna rapida e assistenza professionale.<\/strong><\/p>\n\n\n\n<h4 class=\"wp-block-heading\" id=\"h-cosa-e-un-letto-ortopedico-e-quale-scegliere\"><a href=\"https:\/\/www.miamedicalitalia.it\/fr\/come-scegliere-un-letto-ospedaliero\/\">Qu'est-ce qu'un lit orthop\u00e9dique et lequel choisir ?<\/a><\/h4>\n\n\n\n<p>A&nbsp;<strong>lit d'h\u00f4pital \u00e9lectrique orthop\u00e9dique<\/strong>&nbsp;\u00e8 un dispositivo medico progettato per la degenza a casa e migliorare il comfort e la sicurezza delle persone con&nbsp;<strong>mobilit\u00e9 r\u00e9duite<\/strong>&nbsp;ou en&nbsp;<strong>phase de r\u00e9habilitation<\/strong>. Il est \u00e9quip\u00e9 de&nbsp;<strong>mouvements \u00e9lectriques r\u00e9glables<\/strong>&nbsp;qui facilitent la prise en charge des patients et am\u00e9liorent leur qualit\u00e9 de vie et celle des soignants. Lorsque vous avez besoin&nbsp;<strong>une plus grande libert\u00e9 de mouvement<\/strong>&nbsp;et le confort, un&nbsp;<strong>Lit d'h\u00f4pital \u00e9lectrique de 120 cm<\/strong>&nbsp;est la solution id\u00e9ale. Par rapport \u00e0 la <a href=\"https:\/\/www.miamedicalitalia.it\/fr\/produit\/noleggio-letto-ospedaliero-elettrico-incluso-di-materasso-antidecubito\/\">Mod\u00e8le standard de 90 cm<\/a>cette version&nbsp;<strong>offre plus d'espace<\/strong>.<\/p>\n\n\n\n<p>En outre, <strong>inclus dans le prix de la location \u00e0 Rome et \u00e0 Florence,<\/strong> le lit sera \u00e9quip\u00e9 d'un matelas anti-escarres pour pr\u00e9venir les escarres et am\u00e9liorer la qualit\u00e9 du repos. En savoir plus sur nos matelas.<\/p>\n\n\n\n<h4 class=\"wp-block-heading\" id=\"h-a-chi-e-consigliato-il-noleggio-di-un-letto-ospedaliero-elettrico\">A qui la location d'un lit d'h\u00f4pital \u00e9lectrique est recommand\u00e9e<\/h4>\n\n\n\n<p>Notre service de&nbsp;<strong>location de lits d'h\u00f4pitaux orthop\u00e9diques<\/strong>&nbsp;est con\u00e7u pour toute personne ayant des difficult\u00e9s de mobilit\u00e9 ou ayant besoin d'un soutien m\u00e9dical ad\u00e9quat \u00e0 domicile. Il est particuli\u00e8rement utile pour<\/p>\n\n\n\n<ul class=\"wp-block-list\">\n<li><strong>Personnes \u00e2g\u00e9es ayant des probl\u00e8mes de mobilit\u00e9<\/strong><\/li>\n\n\n\n<li><strong>Personnes en phase post-op\u00e9ratoire ou de r\u00e9\u00e9ducation<\/strong><\/li>\n\n\n\n<li><strong>Patients atteints de maladies chroniques n\u00e9cessitant de longs s\u00e9jours \u00e0 l'h\u00f4pital<\/strong> \u00e0 la maison<\/li>\n\n\n\n<li><strong>Personnes handicap\u00e9es ou en perte d'autonomie<\/strong>&nbsp;<\/li>\n<\/ul>\n\n\n\n<p>Gr\u00e2ce \u00e0 la&nbsp;<strong>livraison rapide et installation \u00e0 domicile<\/strong>vous pouvez disposer d'un lit d'h\u00f4pital professionnel de 120 cm sans avoir \u00e0 vous soucier de la logistique.<\/p>\n\n\n\n<h4 class=\"wp-block-heading\" id=\"h-funzionamento-e-caratteristiche-principali\"><a href=\"https:\/\/www.miamedicalitalia.it\/fr\/noleggio-letti-ortopedici-ospedalieri-in-provincia-di-firenze\/?_gl=1*1mcjupk*_up*MQ..*_ga*MzI1MDg1MTM0LjE3Mzk2MTAzNjc.*_ga_D9FZ9V3LL7*MTczOTYxODQ3My4zLjEuMTczOTYxODYzMS4wLjAuMA..\">Fonctionnement<\/a> et principales caract\u00e9ristiques <\/h4>\n\n\n\n<p>Le service de location du&nbsp;<strong>lit d'h\u00f4pital 120<\/strong>cm <strong style=\"font-size: revert;\">un et demi<\/strong><span style=\"font-size: revert;\">, disponibile sia a Roma che Firenze, \u00e8 progettato per&nbsp;<\/span><strong style=\"font-size: revert;\">assurer la s\u00e9curit\u00e9 et le confort<\/strong><span style=\"font-size: revert;\">avec une s\u00e9rie de r\u00e9glages \u00e9lectriques intuitifs qui peuvent \u00eatre actionn\u00e9s \u00e0 distance :<\/span><\/p>\n\n\n\n<ul class=\"wp-block-list\">\n<li><strong>Hauteur r\u00e9glable<\/strong>&nbsp;faciliter l'acc\u00e8s et la prise en charge des patients<\/li>\n\n\n\n<li><strong>Inclinaison de la t\u00eate et du pied de lit<\/strong>&nbsp;adapter le poste aux besoins du moment<\/li>\n\n\n\n<li><strong>Rails lat\u00e9raux de s\u00e9curit\u00e9<\/strong>&nbsp;amovible<\/li>\n\n\n\n<li><strong>Roues avec frein<\/strong>&nbsp;pour faciliter le mouvement et la stabilit\u00e9<\/li>\n<\/ul>\n\n\n\n<p>Tout est&nbsp;<strong>contr\u00f4lable par t\u00e9l\u00e9commande<\/strong>&nbsp;simple d'utilisation, qui permet au patient ou \u00e0 l'aidant de&nbsp;<strong>changer de position d'une simple pression<\/strong>.<\/p>\n\n\n\n<h4 class=\"wp-block-heading\" id=\"h-il-materasso-antidecubito-un-supporto-essenziale\"><a href=\"https:\/\/www.miamedicalitalia.it\/fr\/come-scegliere-il-materasso-antidecubito\/\">Le matelas anti-escarres : un soutien essentiel <\/a><\/h4>\n\n\n\n<p>La location du lit orthop\u00e9dique comprend un&nbsp;<strong>matelas anti-escarres<\/strong>, con\u00e7u pour :<\/p>\n\n\n\n<ul class=\"wp-block-list\">\n<li><strong>Pr\u00e9vention des l\u00e9sions dues \u00e0 la pression<\/strong>&nbsp;chez les personnes alit\u00e9es \u00e0 long terme<\/li>\n\n\n\n<li><strong>Assurer une r\u00e9partition optimale du poids<\/strong>&nbsp;pour r\u00e9duire le risque de plaies ou soulager la douleur en cas de pr\u00e9sence de plaies<\/li>\n\n\n\n<li><strong>Promouvoir le confort et le bien-\u00eatre des patients<\/strong><\/li>\n<\/ul>\n\n\n\n<p>Si vous souffrez d\u00e9j\u00e0 de l\u00e9sions de pression, ou si vous \u00eates l'aidant d'une personne d\u00e9pendante et que vous avez besoin d'aide, notre service d'aide aux personnes d\u00e9pendantes est l\u00e0 pour vous aider. <strong>infirmi\u00e8re<\/strong> digne de confiance <strong><a href=\"http:\/\/www.arnaldiandrea.com\">Andrea Arnaldi<\/a><\/strong> se sp\u00e9cialise pr\u00e9cis\u00e9ment dans le traitement des l\u00e9sions cutan\u00e9es et dans les soins \u00e0 domicile. <strong>N'h\u00e9sitez pas \u00e0 le contacter ! <\/strong><\/p>\n\n\n\n<p><strong>Caract\u00e9ristiques du lit d'h\u00f4pital \u00e9lectrique d'une place et demie (120CM) \u00e0 Rome et \u00e0 Florence<\/strong><\/p>\n\n\n\n<ul class=\"wp-block-list\">\n<li>r\u00e9glage \u00e9lectrique complet.<\/li>\n\n\n\n<li>Surface nette : 195\u00d7115 cm ;<\/li>\n\n\n\n<li>Longueur totale : 212 cm ;<\/li>\n\n\n\n<li>Largeur totale : 135 cm.<\/li>\n\n\n\n<li>Poids maximal du patient : 150 kg ;<\/li>\n\n\n\n<li>Charge maximale de s\u00e9curit\u00e9 : 180 kg.<\/li>\n\n\n\n<li>R\u00e9glage de la hauteur par t\u00e9l\u00e9commande : minimum : 30 cm. - maximum : 80 cm.<\/li>\n<\/ul>\n\n\n\n<p><strong>Tous nos lits \u00e9lectriques sont aseptis\u00e9s et d\u00e9sinfect\u00e9s avant leur livraison. Le matelas anti-escarres pr\u00e9ventif a une couverture sanitaire compl\u00e8te.<\/strong>.<\/p>\n\n\n\n<h4 class=\"wp-block-heading\" id=\"h-i-benefici-del-noleggio-di-un-letto-ortopedico-elettrico-con-materasso-antidecubito-roma-e-firenze\">Les avantages de la location d'un lit orthop\u00e9dique \u00e9lectrique avec matelas anti-escarres \u2013 Rome et Florence<\/h4>\n\n\n\n<ul class=\"wp-block-list\">\n<li><strong>Am\u00e9liore la qualit\u00e9 du sommeil<\/strong> gr\u00e2ce \u00e0 un ajustement personnalis\u00e9<\/li>\n\n\n\n<li><strong>Facilite l'assistance <\/strong>r\u00e9duire l'effort de l'aidant <\/li>\n\n\n\n<li><strong>Emp\u00eache<\/strong> l'apparition de plaies de lit gr\u00e2ce au matelas inclus<\/li>\n\n\n\n<li><strong>Renforcer la s\u00e9curit\u00e9<\/strong> avec rails lat\u00e9raux et bloc-roues<\/li>\n<\/ul>\n\n\n\n<h4 class=\"wp-block-heading\" id=\"h-perche-scegliere-il-nostro-servizio-per-il-noleggio-su-roma-e-firenze-di-un-letto-ospedaliero-da-120cm\">Pourquoi choisir notre service pour la location d'un lit d'h\u00f4pital de 120 cm \u00e0 Rome et \u00e0 Florence ?<\/h4>\n\n\n\n<ul class=\"wp-block-list\">\n<li><strong>Lit orthop\u00e9dique \u00e9lectrique r\u00e9glable de la meilleure qualit\u00e9 sur le march\u00e9 \u00e0 des prix<\/strong>i <strong>tr\u00e8s pratique<\/strong>i pour un confort in\u00e9gal\u00e9<\/li>\n\n\n\n<li><strong>Y compris matelas anti-escarres<\/strong>&nbsp;pour pr\u00e9venir les escarres<\/li>\n\n\n\n<li><strong>Location flexible<\/strong>&nbsp;avec des options personnalis\u00e9es<\/li>\n\n\n\n<li><strong>Service et livraison rapides<\/strong>&nbsp;\u00e0 la maison dans le Latium et en Toscane<\/li>\n\n\n\n<li>Le lit permet aux clients de passer une nuit paisible. <strong>hospitalisation \u00e0 domicile<\/strong>, non seulement dans la structure <\/li>\n<\/ul>\n\n\n\n<p>Appelez-nous au +<strong>39 06 5309 6674<\/strong>  o <a href=\"https:\/\/wa.me\/393926509237\">contactez-nous sur whatsapp<\/a> pour louer votre lit d'h\u00f4pital orthop\u00e9dique d\u00e8s aujourd'hui. <\/p>\n\n\n\n<p><strong>Choisissez Mia Medical Italy !<\/strong><\/p>\n\n\n\n<p><\/p>","protected":false},"excerpt":{"rendered":"<div style=\"font-family: Arial, sans-serif; background-color: #234091; padding: 30px; border-radius: 25px; max-width: 600px; color: #ffffff; position: relative; border-top: 6px solid #2498fe;\">\n<h3 style=\"margin-top: 0; margin-bottom: 15px; color: #ffffff;\">Location de lit d'h\u00f4pital \u00e9lectrique 120 cm avec matelas anti-escarres<\/h3>\n<p>R\u00e9servation facile, co\u00fbts clairs, aides de pointe.<\/p>\n<p><strong>Pas de d\u00e9p\u00f4t !<\/strong><\/p>\n<p><strong>Livraison \u00e0 domicile<\/strong> incluso di montaggio a partire da 75\u20ac soltanto nel Lazio e Toscana. Lo stesso prezzo vale anche per il ritiro!<\/p>\n<p>Le co\u00fbt sera major\u00e9 en cas de livraison \u00e0 un \u00e9tage sans ascenseur.<\/p>\n<\/div>\n<p><!-- Linea bianca sotto --><\/p>\n<div style=\"height: 6px; background-color: #ffffff; max-width: 600px;\">\u00a0<\/div>","protected":false},"featured_media":12199,"template":"","meta":{"_acf_changed":false},"home-category":[],"product_brand":[],"product_cat":[94],"product_tag":[98,99,33,394,380,379,393,383,382],"woo-feed-brand":[],"class_list":{"0":"post-8849","1":"product","2":"type-product","3":"status-publish","4":"has-post-thumbnail","6":"product_cat-noleggio-letti-ortopedici-ospedalieri","7":"product_tag-bariatrico","8":"product_tag-large","9":"product_tag-letto","10":"product_tag-letto-mobilita-ridotta","11":"product_tag-letto-ortopedico","12":"product_tag-letto-ospedaliero","13":"product_tag-letto-per-anziani","14":"product_tag-letto-per-disabili","15":"product_tag-noleggio-letto-elettrico","16":"wcpa_has_options","18":"first","19":"instock","20":"shipping-taxable","21":"purchasable","22":"product-type-variable"},"acf":[],"yoast_head":"<!-- This site is optimized with the Yoast SEO Premium plugin v27.5 (Yoast SEO v27.5) - https:\/\/yoast.com\/product\/yoast-seo-premium-wordpress\/ -->\n<title>Noleggio Letto Ospedaliero 120cm + Materasso Antidecubito | Roma e Firenze<\/title>\n<meta name=\"description\" content=\"Noleggio letto ortopedico ospedaliero elettrico da 120cm a Roma e Firenze per anziani e disabili con antidecubito, sponde. I migliori prezzi del web.\" \/>\n<meta name=\"robots\" content=\"index, follow, max-snippet:-1, max-image-preview:large, max-video-preview:-1, noarchive\" \/>\n<link rel=\"canonical\" href=\"https:\/\/www.miamedicalitalia.it\/fr\/produit\/noleggio-letto-ospedaliero-elettrico-120cm-per-disabili-e-anziani-a-domicilio\/\" \/>\n<meta property=\"og:locale\" content=\"fr_FR\" \/>\n<meta property=\"og:type\" content=\"article\" \/>\n<meta property=\"og:title\" content=\"Noleggio Letto Ospedaliero 120cm + Materasso Antidecubito | Roma e Firenze\" \/>\n<meta property=\"og:description\" content=\"Noleggio letto ortopedico ospedaliero elettrico da 120cm a Roma e Firenze per anziani e disabili con antidecubito, sponde. I migliori prezzi del web.\" \/>\n<meta property=\"og:url\" content=\"https:\/\/www.miamedicalitalia.it\/fr\/produit\/noleggio-letto-ospedaliero-elettrico-120cm-per-disabili-e-anziani-a-domicilio\/\" \/>\n<meta property=\"og:site_name\" content=\"Mia Medical\" \/>\n<meta property=\"article:publisher\" content=\"https:\/\/www.facebook.com\/miamedicalitalia\" \/>\n<meta property=\"article:modified_time\" content=\"2026-01-07T11:10:56+00:00\" \/>\n<meta property=\"og:image\" content=\"https:\/\/www.miamedicalitalia.it\/wp-content\/uploads\/2022\/12\/letto-120.jpg\" \/>\n\t<meta property=\"og:image:width\" content=\"1000\" \/>\n\t<meta property=\"og:image:height\" content=\"1000\" \/>\n\t<meta property=\"og:image:type\" content=\"image\/jpeg\" \/>\n<meta name=\"twitter:card\" content=\"summary_large_image\" \/>\n<meta name=\"twitter:label1\" content=\"Dur\u00e9e de lecture estim\u00e9e\" \/>\n\t<meta name=\"twitter:data1\" content=\"1 minute\" \/>\n<script type=\"application\/ld+json\" class=\"yoast-schema-graph\">{\"@context\":\"https:\\\/\\\/schema.org\",\"@graph\":[{\"@type\":\"WebPage\",\"@id\":\"https:\\\/\\\/www.miamedicalitalia.it\\\/prodotto\\\/noleggio-letto-ospedaliero-elettrico-120cm-per-disabili-e-anziani-a-domicilio\\\/\",\"url\":\"https:\\\/\\\/www.miamedicalitalia.it\\\/prodotto\\\/noleggio-letto-ospedaliero-elettrico-120cm-per-disabili-e-anziani-a-domicilio\\\/\",\"name\":\"Noleggio Letto Ospedaliero 120cm + Materasso Antidecubito | Roma e Firenze\",\"isPartOf\":{\"@id\":\"https:\\\/\\\/www.miamedicalitalia.it\\\/#website\"},\"primaryImageOfPage\":{\"@id\":\"https:\\\/\\\/www.miamedicalitalia.it\\\/prodotto\\\/noleggio-letto-ospedaliero-elettrico-120cm-per-disabili-e-anziani-a-domicilio\\\/#primaryimage\"},\"image\":{\"@id\":\"https:\\\/\\\/www.miamedicalitalia.it\\\/prodotto\\\/noleggio-letto-ospedaliero-elettrico-120cm-per-disabili-e-anziani-a-domicilio\\\/#primaryimage\"},\"thumbnailUrl\":\"https:\\\/\\\/www.miamedicalitalia.it\\\/wp-content\\\/uploads\\\/2022\\\/12\\\/letto-120.jpg\",\"datePublished\":\"2022-12-21T16:14:35+00:00\",\"dateModified\":\"2026-01-07T11:10:56+00:00\",\"description\":\"Noleggio letto ortopedico ospedaliero elettrico da 120cm a Roma e Firenze per anziani e disabili con antidecubito, sponde. I migliori prezzi del web.\",\"breadcrumb\":{\"@id\":\"https:\\\/\\\/www.miamedicalitalia.it\\\/prodotto\\\/noleggio-letto-ospedaliero-elettrico-120cm-per-disabili-e-anziani-a-domicilio\\\/#breadcrumb\"},\"inLanguage\":\"fr-FR\",\"potentialAction\":[{\"@type\":\"ReadAction\",\"target\":[\"https:\\\/\\\/www.miamedicalitalia.it\\\/prodotto\\\/noleggio-letto-ospedaliero-elettrico-120cm-per-disabili-e-anziani-a-domicilio\\\/\"]}]},{\"@type\":\"ImageObject\",\"inLanguage\":\"fr-FR\",\"@id\":\"https:\\\/\\\/www.miamedicalitalia.it\\\/prodotto\\\/noleggio-letto-ospedaliero-elettrico-120cm-per-disabili-e-anziani-a-domicilio\\\/#primaryimage\",\"url\":\"https:\\\/\\\/www.miamedicalitalia.it\\\/wp-content\\\/uploads\\\/2022\\\/12\\\/letto-120.jpg\",\"contentUrl\":\"https:\\\/\\\/www.miamedicalitalia.it\\\/wp-content\\\/uploads\\\/2022\\\/12\\\/letto-120.jpg\",\"width\":1000,\"height\":1000},{\"@type\":\"BreadcrumbList\",\"@id\":\"https:\\\/\\\/www.miamedicalitalia.it\\\/prodotto\\\/noleggio-letto-ospedaliero-elettrico-120cm-per-disabili-e-anziani-a-domicilio\\\/#breadcrumb\",\"itemListElement\":[{\"@type\":\"ListItem\",\"position\":1,\"name\":\"Home\",\"item\":\"https:\\\/\\\/www.miamedicalitalia.it\\\/\"},{\"@type\":\"ListItem\",\"position\":2,\"name\":\"Shop\",\"item\":\"https:\\\/\\\/www.miamedicalitalia.it\\\/negozio\\\/\"},{\"@type\":\"ListItem\",\"position\":3,\"name\":\"Affitto e noleggio\",\"item\":\"https:\\\/\\\/www.miamedicalitalia.it\\\/categoria\\\/affitto-e-noleggio-ausili\\\/\"},{\"@type\":\"ListItem\",\"position\":4,\"name\":\"Letti ortopedici ospedalieri\",\"item\":\"https:\\\/\\\/www.miamedicalitalia.it\\\/categoria\\\/affitto-e-noleggio-ausili\\\/noleggio-letti-ortopedici-ospedalieri\\\/\"},{\"@type\":\"ListItem\",\"position\":5,\"name\":\"Noleggio Letto Ospedaliero Elettrico 120cm ( 1 piazza e mezzo) con Materasso Antidecubito\"}]},{\"@type\":\"WebSite\",\"@id\":\"https:\\\/\\\/www.miamedicalitalia.it\\\/#website\",\"url\":\"https:\\\/\\\/www.miamedicalitalia.it\\\/\",\"name\":\"www.miamedicalitalia.it\",\"description\":\"Noleggio e Vendita Attrezzatura Sanitarie\",\"publisher\":{\"@id\":\"https:\\\/\\\/www.miamedicalitalia.it\\\/#organization\"},\"potentialAction\":[{\"@type\":\"SearchAction\",\"target\":{\"@type\":\"EntryPoint\",\"urlTemplate\":\"https:\\\/\\\/www.miamedicalitalia.it\\\/?s={search_term_string}\"},\"query-input\":{\"@type\":\"PropertyValueSpecification\",\"valueRequired\":true,\"valueName\":\"search_term_string\"}}],\"inLanguage\":\"fr-FR\"},{\"@type\":\"Organization\",\"@id\":\"https:\\\/\\\/www.miamedicalitalia.it\\\/#organization\",\"name\":\"OLG\",\"url\":\"https:\\\/\\\/www.miamedicalitalia.it\\\/\",\"logo\":{\"@type\":\"ImageObject\",\"inLanguage\":\"fr-FR\",\"@id\":\"https:\\\/\\\/www.miamedicalitalia.it\\\/#\\\/schema\\\/logo\\\/image\\\/\",\"url\":\"https:\\\/\\\/www.miamedicalitalia.it\\\/wp-content\\\/uploads\\\/2023\\\/04\\\/mia-medical-logo-free.png\",\"contentUrl\":\"https:\\\/\\\/www.miamedicalitalia.it\\\/wp-content\\\/uploads\\\/2023\\\/04\\\/mia-medical-logo-free.png\",\"width\":700,\"height\":700,\"caption\":\"OLG\"},\"image\":{\"@id\":\"https:\\\/\\\/www.miamedicalitalia.it\\\/#\\\/schema\\\/logo\\\/image\\\/\"},\"sameAs\":[\"https:\\\/\\\/www.facebook.com\\\/miamedicalitalia\"]}]}<\/script>\n<!-- \/ Yoast SEO Premium plugin. -->","yoast_head_json":{"title":"Location de lit d'h\u00f4pital 120 cm + matelas anti-escarres | Rome et Florence","description":"Location de lit orthop\u00e9dique \u00e9lectrique d'h\u00f4pital de 120 cm \u00e0 Rome et Florence pour personnes \u00e2g\u00e9es et handicap\u00e9es, avec syst\u00e8me anti-escarres et barri\u00e8res. Les meilleurs prix du web.","robots":{"index":"index","follow":"follow","max-snippet":"max-snippet:-1","max-image-preview":"max-image-preview:large","max-video-preview":"max-video-preview:-1","archive":"noarchive"},"canonical":"https:\/\/www.miamedicalitalia.it\/fr\/produit\/noleggio-letto-ospedaliero-elettrico-120cm-per-disabili-e-anziani-a-domicilio\/","og_locale":"fr_FR","og_type":"article","og_title":"Noleggio Letto Ospedaliero 120cm + Materasso Antidecubito | Roma e Firenze","og_description":"Noleggio letto ortopedico ospedaliero elettrico da 120cm a Roma e Firenze per anziani e disabili con antidecubito, sponde. I migliori prezzi del web.","og_url":"https:\/\/www.miamedicalitalia.it\/fr\/produit\/noleggio-letto-ospedaliero-elettrico-120cm-per-disabili-e-anziani-a-domicilio\/","og_site_name":"Mia Medical","article_publisher":"https:\/\/www.facebook.com\/miamedicalitalia","article_modified_time":"2026-01-07T11:10:56+00:00","og_image":[{"width":1000,"height":1000,"url":"https:\/\/www.miamedicalitalia.it\/wp-content\/uploads\/2022\/12\/letto-120.jpg","type":"image\/jpeg"}],"twitter_card":"summary_large_image","twitter_misc":{"Dur\u00e9e de lecture estim\u00e9e":"1 minute"},"schema":{"@context":"https:\/\/schema.org","@graph":[{"@type":"WebPage","@id":"https:\/\/www.miamedicalitalia.it\/prodotto\/noleggio-letto-ospedaliero-elettrico-120cm-per-disabili-e-anziani-a-domicilio\/","url":"https:\/\/www.miamedicalitalia.it\/prodotto\/noleggio-letto-ospedaliero-elettrico-120cm-per-disabili-e-anziani-a-domicilio\/","name":"Location de lit d'h\u00f4pital 120 cm + matelas anti-escarres | Rome et Florence","isPartOf":{"@id":"https:\/\/www.miamedicalitalia.it\/#website"},"primaryImageOfPage":{"@id":"https:\/\/www.miamedicalitalia.it\/prodotto\/noleggio-letto-ospedaliero-elettrico-120cm-per-disabili-e-anziani-a-domicilio\/#primaryimage"},"image":{"@id":"https:\/\/www.miamedicalitalia.it\/prodotto\/noleggio-letto-ospedaliero-elettrico-120cm-per-disabili-e-anziani-a-domicilio\/#primaryimage"},"thumbnailUrl":"https:\/\/www.miamedicalitalia.it\/wp-content\/uploads\/2022\/12\/letto-120.jpg","datePublished":"2022-12-21T16:14:35+00:00","dateModified":"2026-01-07T11:10:56+00:00","description":"Location de lit orthop\u00e9dique \u00e9lectrique d'h\u00f4pital de 120 cm \u00e0 Rome et Florence pour personnes \u00e2g\u00e9es et handicap\u00e9es, avec syst\u00e8me anti-escarres et barri\u00e8res. Les meilleurs prix du web.","breadcrumb":{"@id":"https:\/\/www.miamedicalitalia.it\/prodotto\/noleggio-letto-ospedaliero-elettrico-120cm-per-disabili-e-anziani-a-domicilio\/#breadcrumb"},"inLanguage":"fr-FR","potentialAction":[{"@type":"ReadAction","target":["https:\/\/www.miamedicalitalia.it\/prodotto\/noleggio-letto-ospedaliero-elettrico-120cm-per-disabili-e-anziani-a-domicilio\/"]}]},{"@type":"ImageObject","inLanguage":"fr-FR","@id":"https:\/\/www.miamedicalitalia.it\/prodotto\/noleggio-letto-ospedaliero-elettrico-120cm-per-disabili-e-anziani-a-domicilio\/#primaryimage","url":"https:\/\/www.miamedicalitalia.it\/wp-content\/uploads\/2022\/12\/letto-120.jpg","contentUrl":"https:\/\/www.miamedicalitalia.it\/wp-content\/uploads\/2022\/12\/letto-120.jpg","width":1000,"height":1000},{"@type":"BreadcrumbList","@id":"https:\/\/www.miamedicalitalia.it\/prodotto\/noleggio-letto-ospedaliero-elettrico-120cm-per-disabili-e-anziani-a-domicilio\/#breadcrumb","itemListElement":[{"@type":"ListItem","position":1,"name":"Home","item":"https:\/\/www.miamedicalitalia.it\/"},{"@type":"ListItem","position":2,"name":"Shop","item":"https:\/\/www.miamedicalitalia.it\/negozio\/"},{"@type":"ListItem","position":3,"name":"Affitto e noleggio","item":"https:\/\/www.miamedicalitalia.it\/categoria\/affitto-e-noleggio-ausili\/"},{"@type":"ListItem","position":4,"name":"Letti ortopedici ospedalieri","item":"https:\/\/www.miamedicalitalia.it\/categoria\/affitto-e-noleggio-ausili\/noleggio-letti-ortopedici-ospedalieri\/"},{"@type":"ListItem","position":5,"name":"Noleggio Letto Ospedaliero Elettrico 120cm ( 1 piazza e mezzo) con Materasso Antidecubito"}]},{"@type":"WebSite","@id":"https:\/\/www.miamedicalitalia.it\/#website","url":"https:\/\/www.miamedicalitalia.it\/","name":"www.miamedicalitalia.it","description":"Location et vente d'\u00e9quipements sanitaires","publisher":{"@id":"https:\/\/www.miamedicalitalia.it\/#organization"},"potentialAction":[{"@type":"SearchAction","target":{"@type":"EntryPoint","urlTemplate":"https:\/\/www.miamedicalitalia.it\/?s={search_term_string}"},"query-input":{"@type":"PropertyValueSpecification","valueRequired":true,"valueName":"search_term_string"}}],"inLanguage":"fr-FR"},{"@type":"Organization","@id":"https:\/\/www.miamedicalitalia.it\/#organization","name":"OLG","url":"https:\/\/www.miamedicalitalia.it\/","logo":{"@type":"ImageObject","inLanguage":"fr-FR","@id":"https:\/\/www.miamedicalitalia.it\/#\/schema\/logo\/image\/","url":"https:\/\/www.miamedicalitalia.it\/wp-content\/uploads\/2023\/04\/mia-medical-logo-free.png","contentUrl":"https:\/\/www.miamedicalitalia.it\/wp-content\/uploads\/2023\/04\/mia-medical-logo-free.png","width":700,"height":700,"caption":"OLG"},"image":{"@id":"https:\/\/www.miamedicalitalia.it\/#\/schema\/logo\/image\/"},"sameAs":["https:\/\/www.facebook.com\/miamedicalitalia"]}]}},"wcpa_form_fields":{"wcpaData":{"product":{"product_price":155,"price_html":"<span class=\"woocommerce-Price-amount amount\" aria-hidden=\"true\"><bdi><span class=\"woocommerce-Price-currencySymbol\">&euro;<\/span>155.00<\/bdi><\/span> <span aria-hidden=\"true\">\u00a0\u2013\u00a0<\/span> <span class=\"woocommerce-Price-amount amount\" aria-hidden=\"true\"><bdi><span class=\"woocommerce-Price-currencySymbol\">&euro;<\/span>435.00<\/bdi><\/span><span class=\"screen-reader-text\">Plage de prix\u00a0: &euro;155.00 \u00e0 &euro;435.00<\/span>","original_product_price":155,"price_including_tax":155,"price_excluding_tax":155,"product_id":{"parent":8849,"variation":false},"is_variable":true,"stock_status":"instock","stock_quantity":null,"parent_sku":"","product_attributes":{"quanto-costa":{"is_variation":true,"values":[]},"pa_dimensions":{"is_variation":false,"values":["130cm-x-210-cm"]},"pa_maximum-capacity":{"is_variation":false,"values":["180-kg"]},"motori-e-movimenti":{"is_variation":false,"values":["\" 3 motori \"","\" 6 movimenti \""]}},"custom_fields":[],"is_taxable":false,"product_name":"Noleggio Letto Ospedaliero Elettrico 120cm ( 1 piazza e mezzo) con Materasso Antidecubito","hasImage":false},"fields":{"sec_565f165582eb8c":{"extra":{"key":"sec_565f165582eb8c","section_id":"sec_565f165582eb8c","name":"Predefinito","status":1,"toggle":true,"form_id":12050,"form_rules":{"exclude_from_discount":false,"fee_label":"Tassa","disp_hide_options_price":false,"disp_show_section_price":false,"disp_show_field_price":true,"layout_option":"standard","pric_use_as_fee":false,"process_fee_as":"woo_fee"},"layout_option":"standard"},"fields":[[{"active":true,"col":6,"relations":false,"cl_rule":"show","enableCl":false,"price":"","enablePrice":false,"className":"input-text","type":"date","required":true,"elementId":"date_3189538061","name":"date_3189538061","label":"A partire dal giorno:","picker_type":"custom","picker_mode":"single","error":false,"description":"Inserisci la data di inizio del noleggio","gt_translate_keys":["label","description"],"price_dependency":false,"cl_dependency":false,"value":""}]]}},"config":{"price_override":"","enable_recaptcha":false,"bind_quantity":false,"quantity_bind_formula":false,"disp_summ_show_option_price":true,"disp_summ_show_product_price":true,"disp_summ_show_total_price":true,"disp_summ_show_fee":false,"disp_summ_show_discount":false,"summary_title":"","options_total_label":"Prezzo delle opzioni","total_label":"Totale","options_product_label":"Prezzo del prodotto","fee_label":"Tassa","discount_label":"Sconto","has_price":true,"has_quantity_formula":false},"mc_unit":1,"tax_rate":1,"tax_rate_real":1,"discount":{"percentage":0,"fixed":0},"design":{"conf":{"LabelPosition":"above","DescPosition":"below","UploadField":"custom_1","QuantityFieldStyle":"default"},"css":{"LeftLabelWidth":"50px"}},"formulas":[],"lookuptables":[],"clones":false,"cartKey":false}},"_links":{"self":[{"href":"https:\/\/www.miamedicalitalia.it\/fr\/wp-json\/wp\/v2\/product\/8849","targetHints":{"allow":["GET"]}}],"collection":[{"href":"https:\/\/www.miamedicalitalia.it\/fr\/wp-json\/wp\/v2\/product"}],"about":[{"href":"https:\/\/www.miamedicalitalia.it\/fr\/wp-json\/wp\/v2\/types\/product"}],"wp:featuredmedia":[{"embeddable":true,"href":"https:\/\/www.miamedicalitalia.it\/fr\/wp-json\/wp\/v2\/media\/12199"}],"wp:attachment":[{"href":"https:\/\/www.miamedicalitalia.it\/fr\/wp-json\/wp\/v2\/media?parent=8849"}],"wp:term":[{"taxonomy":"home-category","embeddable":true,"href":"https:\/\/www.miamedicalitalia.it\/fr\/wp-json\/wp\/v2\/home-category?post=8849"},{"taxonomy":"product_brand","embeddable":true,"href":"https:\/\/www.miamedicalitalia.it\/fr\/wp-json\/wp\/v2\/product_brand?post=8849"},{"taxonomy":"product_cat","embeddable":true,"href":"https:\/\/www.miamedicalitalia.it\/fr\/wp-json\/wp\/v2\/product_cat?post=8849"},{"taxonomy":"product_tag","embeddable":true,"href":"https:\/\/www.miamedicalitalia.it\/fr\/wp-json\/wp\/v2\/product_tag?post=8849"},{"taxonomy":"woo-feed-brand","embeddable":true,"href":"https:\/\/www.miamedicalitalia.it\/fr\/wp-json\/wp\/v2\/woo-feed-brand?post=8849"}],"curies":[{"name":"wp","href":"https:\/\/api.w.org\/{rel}","templated":true}]}}