{"id":8842,"date":"2022-12-21T17:14:35","date_gmt":"2022-12-21T16:14:35","guid":{"rendered":"https:\/\/www.miamedicalitalia.it\/?post_type=product&#038;p=8842"},"modified":"2026-01-07T13:53:43","modified_gmt":"2026-01-07T11:53:43","slug":"noleggio-letto-ospedaliero-elettrico-incluso-di-materasso-antidecubito","status":"publish","type":"product","link":"https:\/\/www.miamedicalitalia.it\/fr\/produit\/noleggio-letto-ospedaliero-elettrico-incluso-di-materasso-antidecubito\/","title":{"rendered":"Location de lit d'h\u00f4pital \u00e9lectrique 90 cm + matelas anti-escarres | Rome et Florence"},"content":{"rendered":"<h3 class=\"wp-block-heading\" id=\"h-noleggio-letto-ortopedico-elettrico-1-piazza-90-cm-roma-e-firenze\">Location de lit orthop\u00e9dique \u00e9lectrique 1 lit (90 cm) - Rome et Florence <\/h3>\n\n\n\n<p><strong>Louez notre lit orthop\u00e9dique \u00e9lectrique pour les soins \u00e0 domicile avec barri\u00e8res de 90 cm (1 place). Disponible \u00e0 Rome et \u00e0 Florence, vous recevrez \u00e9galement un matelas anti-escarres inclus dans le prix de la location ! Con\u00e7u pour garantir un maximum de confort et de s\u00e9curit\u00e9 \u00e0 ceux qui en ont besoin. Avec livraison rapide et assistance professionnelle. <\/strong><\/p>\n\n\n\n<h4 class=\"wp-block-heading\" id=\"h-cosa-e-un-letto-ospedaliero-elettrico-per-la-degenza-a-casa\">Qu'est-ce qu'un lit d'h\u00f4pital \u00e9lectrique pour l'hospitalisation \u00e0 domicile ?<\/h4>\n\n\n\n<p>A&nbsp;<strong>lit d'h\u00f4pital \u00e9lectrique orthop\u00e9dique<\/strong>&nbsp;est un dispositif m\u00e9dical con\u00e7u pour am\u00e9liorer le maintien \u00e0 domicile, le confort et la s\u00e9curit\u00e9 des personnes atteintes d'une maladie grave.&nbsp;<strong>mobilit\u00e9 r\u00e9duite<\/strong>&nbsp;ou en&nbsp;<strong>phase de r\u00e9habilitation<\/strong>. Il est \u00e9quip\u00e9 de&nbsp;<strong>mouvements \u00e9lectriques r\u00e9glables<\/strong>&nbsp;qui facilitent la prise en charge des patients et am\u00e9liorent leur qualit\u00e9 de vie et celle des soignants.<\/p>\n\n\n\n<h4 class=\"wp-block-heading\" id=\"h-a-chi-puo-essere-utile\">\u00c0 qui peut-elle \u00eatre utile ? <\/h4>\n\n\n\n<ul class=\"wp-block-list\">\n<li><strong>Personnes \u00e2g\u00e9es<\/strong>&nbsp;avec des difficult\u00e9s motrices<\/li>\n\n\n\n<li><strong>Personnes en convalescence post-op\u00e9ratoire<\/strong><\/li>\n\n\n\n<li><strong>Patients souffrant d'un handicap ou d'une maladie chronique<\/strong><\/li>\n\n\n\n<li><strong>Sujets alit\u00e9s \u00e0 long terme<\/strong><\/li>\n\n\n\n<li><strong>Les membres de la famille qui veulent assurer le confort et la s\u00e9curit\u00e9 d'un \u00eatre cher<\/strong><\/li>\n\n\n\n<li>Personnes ayant besoin de <strong>hospitalisation \u00e0 domicile<\/strong> <\/li>\n<\/ul>\n\n\n\n<h4 class=\"wp-block-heading\" id=\"h-come-funziona-un-letto-ospedaliero-elettrico-a-noleggio-roma-e-firenze\">Comment fonctionne un lit d'h\u00f4pital \u00e9lectrique de location - Rome et Florence <\/h4>\n\n\n\n<p>Notre lit d'h\u00f4pital orthop\u00e9dique est&nbsp;<strong>enti\u00e8rement r\u00e9glable<\/strong>&nbsp;gr\u00e2ce \u00e0 une&nbsp;<strong>t\u00e9l\u00e9commande facile \u00e0 utiliser<\/strong>. De cette mani\u00e8re, le patient et le personnel soignant pourront utiliser toutes les fonctions offertes par le lit.&nbsp;<\/p>\n\n\n\n<p>Les principales fonctions sont les suivantes<\/p>\n\n\n\n<ul class=\"wp-block-list\">\n<li><strong>R\u00e9glage de la hauteur<\/strong>&nbsp;pour faciliter l'acc\u00e8s au lit.&nbsp;<\/li>\n\n\n\n<li><strong>Inclinaison de la t\u00eate et du pied de lit<\/strong>&nbsp;pour un confort optimal.<\/li>\n\n\n\n<li><strong>Rails lat\u00e9raux de s\u00e9curit\u00e9<\/strong>&nbsp;pour pr\u00e9venir les chutes.<\/li>\n\n\n\n<li><strong>Roues avec frein<\/strong>&nbsp;pour une mobilit\u00e9 contr\u00f4l\u00e9e.<\/li>\n\n\n\n<li><strong>Poign\u00e9e<\/strong> ascenseur malade<\/li>\n\n\n\n<li><strong>Matelas anti-escarres<\/strong> pour pr\u00e9venir l'apparition de <a href=\"https:\/\/www.humanitas.it\/malattie\/piaghe-da-decubito\/\">escarres<\/a>en particulier pour les personnes les plus expos\u00e9es.&nbsp;<\/li>\n<\/ul>\n\n\n\n<p><a href=\"https:\/\/www.miamedicalitalia.it\/fr\/produit\/noleggio-materasso-antidecubito-ad-alto-rischio\/?_gl=1*etcak*_up*MQ..*_ga*MzI1MDg1MTM0LjE3Mzk2MTAzNjc.*_ga_D9FZ9V3LL7*MTczOTYxNDM2Mi4yLjAuMTczOTYxNDM2Mi4wLjAuMA..\">D\u00e9couvrez nos matelas anti-escarres !<\/a><\/p>\n\n\n\n<h4 class=\"wp-block-heading\" id=\"h-i-benefici-del-noleggio-di-un-letto-ospedaliero-elettrico-per-anziani-con-materasso-antidecubito\">Les avantages de la location d'un lit d'h\u00f4pital \u00e9lectrique pour personnes \u00e2g\u00e9es avec matelas anti-escarres<\/h4>\n\n\n\n<p><strong>Tous nos lits \u00e9lectriques sont aseptis\u00e9s et d\u00e9sinfect\u00e9s avant d'\u00eatre livr\u00e9s. Le matelas fourni est un matelas anti-escarres pr\u00e9ventif et b\u00e9n\u00e9ficie d'une couverture m\u00e9dicale compl\u00e8te.<\/strong><\/p>\n\n\n\n<ul class=\"wp-block-list\">\n<li><strong>Am\u00e9liore la qualit\u00e9 du sommeil<\/strong>&nbsp;gr\u00e2ce \u00e0 un r\u00e9glage personnalis\u00e9.<\/li>\n\n\n\n<li><strong>Facilite l'assistance<\/strong>&nbsp;la r\u00e9duction de l'effort du soignant.<\/li>\n\n\n\n<li><strong>Pr\u00e9vient les escarres<\/strong>&nbsp;gr\u00e2ce au matelas anti-escarres inclus.<\/li>\n\n\n\n<li><strong>Renforcer la s\u00e9curit\u00e9<\/strong>&nbsp;avec rails lat\u00e9raux et bloc-roues.<\/li>\n<\/ul>\n\n\n\n<p><strong>Caract\u00e9ristiques du lit m\u00e9dical \u00e9lectrique avec barri\u00e8res 1 place  (90 cm) <\/strong>- Rome et Florence<\/p>\n\n\n\n<ul class=\"wp-block-list\">\n<li>r\u00e9glage \u00e9lectrique complet.<\/li>\n\n\n\n<li>Surface nette : 195\u00d795 cm ;<\/li>\n\n\n\n<li>Longueur totale : 212 cm ;<\/li>\n\n\n\n<li>Largeur totale : 105 cm.<\/li>\n\n\n\n<li>Poids maximal du patient : 130 kg ;<\/li>\n\n\n\n<li>Charge maximale de s\u00e9curit\u00e9 : 180 kg.<\/li>\n\n\n\n<li>R\u00e9glage de la hauteur par t\u00e9l\u00e9commande : minimum : 30 cm. - maximum : 80 cm.<\/li>\n<\/ul>\n\n\n\n<h4 class=\"wp-block-heading\" id=\"h-perche-scegliere-il-nostro-servizio-di-noleggio-a-roma-e-firenze\">Pourquoi choisir notre service de location \u00e0 Rome et \u00e0 Florence ?<\/h4>\n\n\n\n<ul class=\"wp-block-list\">\n<li><strong>Lit orthop\u00e9dique \u00e9lectrique r\u00e9glable de la meilleure qualit\u00e9 sur le march\u00e9 \u00e0 des prix<\/strong>le super pratique pour un confort in\u00e9gal\u00e9<\/li>\n\n\n\n<li><strong>Y compris matelas anti-escarres<\/strong>&nbsp;pour pr\u00e9venir les escarres<\/li>\n\n\n\n<li><strong>Location flexible<\/strong>&nbsp;avec des options personnalis\u00e9es<\/li>\n\n\n\n<li><strong>Service et livraison rapides<\/strong>&nbsp;\u00e0 la maison<\/li>\n<\/ul>\n\n\n\n<p>Si vous \u00eates l'aidant d'une personne d\u00e9pendante et que vous avez besoin d'un coup de main, nos <strong>infirmi\u00e8re<\/strong> digne de confiance <strong><a href=\"http:\/\/Www.arnaldiandrea.com\">Andrea Arnaldi<\/a><\/strong> sp\u00e9cialis\u00e9 dans le domaine <strong>soins \u00e0 domicile<\/strong>toujours pr\u00eats \u00e0 assurer la continuit\u00e9 des soins dans le confort du domicile du patient. <strong>N'h\u00e9sitez pas \u00e0 le contacter !<\/strong><\/p>\n\n\n\n<p>R\u00e9servez le <strong>ton lit orthop\u00e9dique \u00e9lectrique pour <\/strong>hospitalisation \u00e0 domicile d\u00e8s aujourd'hui !<\/p>\n\n\n\n<p><\/p>\n\n\n\n<p><\/p>\n\n\n\n<p><\/p>","protected":false},"excerpt":{"rendered":"<div style=\"font-family: Arial, sans-serif; background-color: #234091; padding: 30px; border-radius: 25px; max-width: 600px; color: #ffffff; position: relative; border-top: 6px solid #2498fe;\">\n<h3 style=\"margin-top: 0; margin-bottom: 15px; color: #ffffff;\">Location lit d'h\u00f4pital \u00e9lectrique 90 cm + matelas anti-escarres<\/h3>\n<p>R\u00e9servation facile, co\u00fbts clairs, aides de pointe.<\/p>\n<p><strong>Pas de d\u00e9p\u00f4t !<\/strong><\/p>\n<p><strong>Livraison \u00e0 domicile<\/strong> montage inclus \u00e0 partir de 60\u20ac uniquement dans le Latium et en Toscane. Le m\u00eame prix s'applique \u00e9galement \u00e0 l'enl\u00e8vement !<\/p>\n<p>Le co\u00fbt sera major\u00e9 en cas de livraison \u00e0 un \u00e9tage sans ascenseur.<\/p>\n<\/div>\n<p><!-- Linea bianca sotto --><\/p>\n<div style=\"height: 6px; background-color: #ffffff; max-width: 600px;\">\u00a0<\/div>","protected":false},"featured_media":11604,"template":"","meta":{"_acf_changed":true},"home-category":[263],"product_brand":[],"product_cat":[260,94],"product_tag":[379,391,95,96,382,381,392],"woo-feed-brand":[],"class_list":{"0":"post-8842","1":"product","2":"type-product","3":"status-publish","4":"has-post-thumbnail","6":"home-category-ausili","7":"product_cat-affitto-e-noleggio-ausili","8":"product_cat-noleggio-letti-ortopedici-ospedalieri","9":"product_tag-letto-ospedaliero","10":"product_tag-letto-ospedaliero-noleggio-roma","11":"product_tag-letto-elettrico-ortopedico","12":"product_tag-letto-ortopedico-virgo-mia-mediacl-italia","13":"product_tag-noleggio-letto-elettrico","14":"product_tag-noleggio-letto-ospedaliero-elettrico","15":"product_tag-roma-noleggio-letto-elettrico","16":"product_shipping_class-ausili-grandi","17":"wcpa_has_options","19":"first","20":"instock","21":"shipping-taxable","22":"purchasable","23":"product-type-variable"},"acf":[],"yoast_head":"<!-- This site is optimized with the Yoast SEO Premium plugin v27.3 (Yoast SEO v27.3) - https:\/\/yoast.com\/product\/yoast-seo-premium-wordpress\/ -->\n<title>Noleggio letto ortopedico + materasso antidecubito Roma e Firenze<\/title>\n<meta name=\"description\" content=\"Noleggio Roma e Firenze di letto elettrico ospedaliero per anziani incluso di materasso antidecubito. Chiamaci al +39 3926509237!\" \/>\n<meta name=\"robots\" content=\"index, follow, max-snippet:-1, max-image-preview:large, max-video-preview:-1, noarchive\" \/>\n<link rel=\"canonical\" href=\"https:\/\/www.miamedicalitalia.it\/fr\/produit\/letto-ospedaliero-elettrico\/\" \/>\n<meta property=\"og:locale\" content=\"fr_FR\" \/>\n<meta property=\"og:type\" content=\"article\" \/>\n<meta property=\"og:title\" content=\"Noleggio letto ortopedico elettrico regolabile\" \/>\n<meta property=\"og:description\" content=\"letto elettrico regolabile con telecommando e materrasso antidecubito su richiesta.\" \/>\n<meta property=\"og:url\" content=\"https:\/\/www.miamedicalitalia.it\/fr\/produit\/letto-ospedaliero-elettrico\/\" \/>\n<meta property=\"og:site_name\" content=\"Mia Medical\" \/>\n<meta property=\"article:publisher\" content=\"https:\/\/www.facebook.com\/miamedicalitalia\" \/>\n<meta property=\"article:modified_time\" content=\"2026-01-07T11:53:43+00:00\" \/>\n<meta name=\"twitter:card\" content=\"summary_large_image\" \/>\n<meta name=\"twitter:image\" content=\"https:\/\/www.miamedicalitalia.it\/wp-content\/uploads\/2022\/12\/LUNA-2-BASIC-letto-elettrico-2.jpg\" \/>\n<meta name=\"twitter:label1\" content=\"Dur\u00e9e de lecture estim\u00e9e\" \/>\n\t<meta name=\"twitter:data1\" content=\"1 minute\" \/>\n<script type=\"application\/ld+json\" class=\"yoast-schema-graph\">{\"@context\":\"https:\\\/\\\/schema.org\",\"@graph\":[{\"@type\":\"WebPage\",\"@id\":\"https:\\\/\\\/www.miamedicalitalia.it\\\/prodotto\\\/noleggio-letto-ospedaliero-elettrico-incluso-di-materasso-antidecubito\\\/\",\"url\":\"https:\\\/\\\/www.miamedicalitalia.it\\\/prodotto\\\/letto-ospedaliero-elettrico\",\"name\":\"Noleggio letto ortopedico + materasso antidecubito Roma e Firenze\",\"isPartOf\":{\"@id\":\"https:\\\/\\\/www.miamedicalitalia.it\\\/#website\"},\"primaryImageOfPage\":{\"@id\":\"https:\\\/\\\/www.miamedicalitalia.it\\\/prodotto\\\/letto-ospedaliero-elettrico#primaryimage\"},\"image\":{\"@id\":\"https:\\\/\\\/www.miamedicalitalia.it\\\/prodotto\\\/letto-ospedaliero-elettrico#primaryimage\"},\"thumbnailUrl\":\"https:\\\/\\\/www.miamedicalitalia.it\\\/wp-content\\\/uploads\\\/2022\\\/12\\\/LUNA-2-BASIC-letto-elettrico-2.jpg\",\"datePublished\":\"2022-12-21T16:14:35+00:00\",\"dateModified\":\"2026-01-07T11:53:43+00:00\",\"description\":\"Noleggio Roma e Firenze di letto elettrico ospedaliero per anziani incluso di materasso antidecubito. Chiamaci al +39 3926509237!\",\"breadcrumb\":{\"@id\":\"https:\\\/\\\/www.miamedicalitalia.it\\\/prodotto\\\/letto-ospedaliero-elettrico#breadcrumb\"},\"inLanguage\":\"fr-FR\",\"potentialAction\":[{\"@type\":\"ReadAction\",\"target\":[\"https:\\\/\\\/www.miamedicalitalia.it\\\/prodotto\\\/letto-ospedaliero-elettrico\"]}]},{\"@type\":\"ImageObject\",\"inLanguage\":\"fr-FR\",\"@id\":\"https:\\\/\\\/www.miamedicalitalia.it\\\/prodotto\\\/letto-ospedaliero-elettrico#primaryimage\",\"url\":\"https:\\\/\\\/www.miamedicalitalia.it\\\/wp-content\\\/uploads\\\/2022\\\/12\\\/LUNA-2-BASIC-letto-elettrico-2.jpg\",\"contentUrl\":\"https:\\\/\\\/www.miamedicalitalia.it\\\/wp-content\\\/uploads\\\/2022\\\/12\\\/LUNA-2-BASIC-letto-elettrico-2.jpg\",\"width\":1000,\"height\":1000,\"caption\":\"letto a noleggio electrico\"},{\"@type\":\"BreadcrumbList\",\"@id\":\"https:\\\/\\\/www.miamedicalitalia.it\\\/prodotto\\\/letto-ospedaliero-elettrico#breadcrumb\",\"itemListElement\":[{\"@type\":\"ListItem\",\"position\":1,\"name\":\"Home\",\"item\":\"https:\\\/\\\/www.miamedicalitalia.it\\\/\"},{\"@type\":\"ListItem\",\"position\":2,\"name\":\"Shop\",\"item\":\"https:\\\/\\\/www.miamedicalitalia.it\\\/negozio\\\/\"},{\"@type\":\"ListItem\",\"position\":3,\"name\":\"Affitto e noleggio\",\"item\":\"https:\\\/\\\/www.miamedicalitalia.it\\\/categoria\\\/affitto-e-noleggio-ausili\\\/\"},{\"@type\":\"ListItem\",\"position\":4,\"name\":\"Letti ortopedici ospedalieri\",\"item\":\"https:\\\/\\\/www.miamedicalitalia.it\\\/categoria\\\/affitto-e-noleggio-ausili\\\/noleggio-letti-ortopedici-ospedalieri\\\/\"},{\"@type\":\"ListItem\",\"position\":5,\"name\":\"Noleggio Letto Ospedaliero Elettrico 90 cm + Materasso Antidecubito | Roma e Firenze\"}]},{\"@type\":\"WebSite\",\"@id\":\"https:\\\/\\\/www.miamedicalitalia.it\\\/#website\",\"url\":\"https:\\\/\\\/www.miamedicalitalia.it\\\/\",\"name\":\"www.miamedicalitalia.it\",\"description\":\"Noleggio e Vendita Attrezzatura Sanitarie\",\"publisher\":{\"@id\":\"https:\\\/\\\/www.miamedicalitalia.it\\\/#organization\"},\"potentialAction\":[{\"@type\":\"SearchAction\",\"target\":{\"@type\":\"EntryPoint\",\"urlTemplate\":\"https:\\\/\\\/www.miamedicalitalia.it\\\/?s={search_term_string}\"},\"query-input\":{\"@type\":\"PropertyValueSpecification\",\"valueRequired\":true,\"valueName\":\"search_term_string\"}}],\"inLanguage\":\"fr-FR\"},{\"@type\":\"Organization\",\"@id\":\"https:\\\/\\\/www.miamedicalitalia.it\\\/#organization\",\"name\":\"OLG\",\"url\":\"https:\\\/\\\/www.miamedicalitalia.it\\\/\",\"logo\":{\"@type\":\"ImageObject\",\"inLanguage\":\"fr-FR\",\"@id\":\"https:\\\/\\\/www.miamedicalitalia.it\\\/#\\\/schema\\\/logo\\\/image\\\/\",\"url\":\"https:\\\/\\\/www.miamedicalitalia.it\\\/wp-content\\\/uploads\\\/2023\\\/04\\\/mia-medical-logo-free.png\",\"contentUrl\":\"https:\\\/\\\/www.miamedicalitalia.it\\\/wp-content\\\/uploads\\\/2023\\\/04\\\/mia-medical-logo-free.png\",\"width\":700,\"height\":700,\"caption\":\"OLG\"},\"image\":{\"@id\":\"https:\\\/\\\/www.miamedicalitalia.it\\\/#\\\/schema\\\/logo\\\/image\\\/\"},\"sameAs\":[\"https:\\\/\\\/www.facebook.com\\\/miamedicalitalia\"]}]}<\/script>\n<!-- \/ Yoast SEO Premium plugin. -->","yoast_head_json":{"title":"Lit orthop\u00e9dique + matelas anti-escarres location Rome et Florence","description":"Location \u00e0 Rome et Florence de lits \u00e9lectriques hospitaliers pour personnes \u00e2g\u00e9es, matelas anti-escarres inclus. Appelez-nous au +39 3926509237 !","robots":{"index":"index","follow":"follow","max-snippet":"max-snippet:-1","max-image-preview":"max-image-preview:large","max-video-preview":"max-video-preview:-1","archive":"noarchive"},"canonical":"https:\/\/www.miamedicalitalia.it\/fr\/produit\/letto-ospedaliero-elettrico\/","og_locale":"fr_FR","og_type":"article","og_title":"Noleggio letto ortopedico elettrico regolabile","og_description":"letto elettrico regolabile con telecommando e materrasso antidecubito su richiesta.","og_url":"https:\/\/www.miamedicalitalia.it\/fr\/produit\/letto-ospedaliero-elettrico\/","og_site_name":"Mia Medical","article_publisher":"https:\/\/www.facebook.com\/miamedicalitalia","article_modified_time":"2026-01-07T11:53:43+00:00","twitter_card":"summary_large_image","twitter_image":"https:\/\/www.miamedicalitalia.it\/wp-content\/uploads\/2022\/12\/LUNA-2-BASIC-letto-elettrico-2.jpg","twitter_misc":{"Dur\u00e9e de lecture estim\u00e9e":"1 minute"},"schema":{"@context":"https:\/\/schema.org","@graph":[{"@type":"WebPage","@id":"https:\/\/www.miamedicalitalia.it\/prodotto\/noleggio-letto-ospedaliero-elettrico-incluso-di-materasso-antidecubito\/","url":"https:\/\/www.miamedicalitalia.it\/prodotto\/letto-ospedaliero-elettrico","name":"Lit orthop\u00e9dique + matelas anti-escarres location Rome et Florence","isPartOf":{"@id":"https:\/\/www.miamedicalitalia.it\/#website"},"primaryImageOfPage":{"@id":"https:\/\/www.miamedicalitalia.it\/prodotto\/letto-ospedaliero-elettrico#primaryimage"},"image":{"@id":"https:\/\/www.miamedicalitalia.it\/prodotto\/letto-ospedaliero-elettrico#primaryimage"},"thumbnailUrl":"https:\/\/www.miamedicalitalia.it\/wp-content\/uploads\/2022\/12\/LUNA-2-BASIC-letto-elettrico-2.jpg","datePublished":"2022-12-21T16:14:35+00:00","dateModified":"2026-01-07T11:53:43+00:00","description":"Location \u00e0 Rome et Florence de lits \u00e9lectriques hospitaliers pour personnes \u00e2g\u00e9es, matelas anti-escarres inclus. Appelez-nous au +39 3926509237 !","breadcrumb":{"@id":"https:\/\/www.miamedicalitalia.it\/prodotto\/letto-ospedaliero-elettrico#breadcrumb"},"inLanguage":"fr-FR","potentialAction":[{"@type":"ReadAction","target":["https:\/\/www.miamedicalitalia.it\/prodotto\/letto-ospedaliero-elettrico"]}]},{"@type":"ImageObject","inLanguage":"fr-FR","@id":"https:\/\/www.miamedicalitalia.it\/prodotto\/letto-ospedaliero-elettrico#primaryimage","url":"https:\/\/www.miamedicalitalia.it\/wp-content\/uploads\/2022\/12\/LUNA-2-BASIC-letto-elettrico-2.jpg","contentUrl":"https:\/\/www.miamedicalitalia.it\/wp-content\/uploads\/2022\/12\/LUNA-2-BASIC-letto-elettrico-2.jpg","width":1000,"height":1000,"caption":"letto a noleggio electrico"},{"@type":"BreadcrumbList","@id":"https:\/\/www.miamedicalitalia.it\/prodotto\/letto-ospedaliero-elettrico#breadcrumb","itemListElement":[{"@type":"ListItem","position":1,"name":"Home","item":"https:\/\/www.miamedicalitalia.it\/"},{"@type":"ListItem","position":2,"name":"Shop","item":"https:\/\/www.miamedicalitalia.it\/negozio\/"},{"@type":"ListItem","position":3,"name":"Affitto e noleggio","item":"https:\/\/www.miamedicalitalia.it\/categoria\/affitto-e-noleggio-ausili\/"},{"@type":"ListItem","position":4,"name":"Letti ortopedici ospedalieri","item":"https:\/\/www.miamedicalitalia.it\/categoria\/affitto-e-noleggio-ausili\/noleggio-letti-ortopedici-ospedalieri\/"},{"@type":"ListItem","position":5,"name":"Noleggio Letto Ospedaliero Elettrico 90 cm + Materasso Antidecubito | Roma e Firenze"}]},{"@type":"WebSite","@id":"https:\/\/www.miamedicalitalia.it\/#website","url":"https:\/\/www.miamedicalitalia.it\/","name":"www.miamedicalitalia.it","description":"Location et vente d'\u00e9quipements sanitaires","publisher":{"@id":"https:\/\/www.miamedicalitalia.it\/#organization"},"potentialAction":[{"@type":"SearchAction","target":{"@type":"EntryPoint","urlTemplate":"https:\/\/www.miamedicalitalia.it\/?s={search_term_string}"},"query-input":{"@type":"PropertyValueSpecification","valueRequired":true,"valueName":"search_term_string"}}],"inLanguage":"fr-FR"},{"@type":"Organization","@id":"https:\/\/www.miamedicalitalia.it\/#organization","name":"OLG","url":"https:\/\/www.miamedicalitalia.it\/","logo":{"@type":"ImageObject","inLanguage":"fr-FR","@id":"https:\/\/www.miamedicalitalia.it\/#\/schema\/logo\/image\/","url":"https:\/\/www.miamedicalitalia.it\/wp-content\/uploads\/2023\/04\/mia-medical-logo-free.png","contentUrl":"https:\/\/www.miamedicalitalia.it\/wp-content\/uploads\/2023\/04\/mia-medical-logo-free.png","width":700,"height":700,"caption":"OLG"},"image":{"@id":"https:\/\/www.miamedicalitalia.it\/#\/schema\/logo\/image\/"},"sameAs":["https:\/\/www.facebook.com\/miamedicalitalia"]}]}},"wcpa_form_fields":{"wcpaData":{"product":{"product_price":120,"price_html":"<span class=\"woocommerce-Price-amount amount\" aria-hidden=\"true\"><bdi><span class=\"woocommerce-Price-currencySymbol\">&euro;<\/span>120.00<\/bdi><\/span> <span aria-hidden=\"true\">\u00a0\u2013\u00a0<\/span> <span class=\"woocommerce-Price-amount amount\" aria-hidden=\"true\"><bdi><span class=\"woocommerce-Price-currencySymbol\">&euro;<\/span>315.00<\/bdi><\/span><span class=\"screen-reader-text\">Plage de prix\u00a0: &euro;120.00 \u00e0 &euro;315.00<\/span>","original_product_price":120,"price_including_tax":120,"price_excluding_tax":120,"product_id":{"parent":8842,"variation":false},"is_variable":true,"stock_status":"instock","stock_quantity":null,"parent_sku":"","product_attributes":{"pa_maximum-capacity":{"is_variation":false,"values":["100-kg","115-kg","120-kg","130-kg","150-kg","180-kg","200-kg","80-kg","peso-massimo-paziente-135-kg-carico-massimo-di-sicuro-utilizzo-180-kg","250-kg"]},"regolazione":{"is_variation":false,"values":["regolazione elettrica dello schienale da 0\u00b0 a circa 75\u00b0 regolazione elettrica della parte cosce da 0\u00b0 a circa 30\u00b0"]},"superficie-per-degenza":{"is_variation":false,"values":["195 cm x 90 cm"]},"pa_length":{"is_variation":false,"values":["210-cm"]},"pa_heights":{"is_variation":false,"values":["altezza-minima-30-cm-altezza-massima-70-cm"]},"pa_dimensions":{"is_variation":false,"values":["106-cm-x-206-cm"]},"pa_width":{"is_variation":false,"values":["106-cm"]},"angolo-elevazione":{"is_variation":false,"values":["parte testa: 80\u00b0"]},"quanto-costa":{"is_variation":true,"values":[]}},"custom_fields":[],"is_taxable":false,"product_name":"Noleggio Letto Ospedaliero Elettrico 90 cm + Materasso Antidecubito | Roma e Firenze","hasImage":false},"fields":{"sec_565f165582eb8c":{"extra":{"key":"sec_565f165582eb8c","section_id":"sec_565f165582eb8c","name":"Predefinito","status":1,"toggle":true,"form_id":12050,"form_rules":{"exclude_from_discount":false,"fee_label":"Tassa","disp_hide_options_price":false,"disp_show_section_price":false,"disp_show_field_price":true,"layout_option":"standard","pric_use_as_fee":false,"process_fee_as":"woo_fee"},"layout_option":"standard"},"fields":[[{"active":true,"col":6,"relations":false,"cl_rule":"show","enableCl":false,"price":"","enablePrice":false,"className":"input-text","type":"date","required":true,"elementId":"date_3189538061","name":"date_3189538061","label":"A partire dal giorno:","picker_type":"custom","picker_mode":"single","error":false,"description":"Inserisci la data di inizio del noleggio","gt_translate_keys":["label","description"],"price_dependency":false,"cl_dependency":false,"value":""}]]}},"config":{"price_override":"","enable_recaptcha":false,"bind_quantity":false,"quantity_bind_formula":false,"disp_summ_show_option_price":true,"disp_summ_show_product_price":true,"disp_summ_show_total_price":true,"disp_summ_show_fee":false,"disp_summ_show_discount":false,"summary_title":"","options_total_label":"Prezzo delle opzioni","total_label":"Totale","options_product_label":"Prezzo del prodotto","fee_label":"Tassa","discount_label":"Sconto","has_price":true,"has_quantity_formula":false},"mc_unit":1,"tax_rate":1,"tax_rate_real":1,"discount":{"percentage":0,"fixed":0},"design":{"conf":{"LabelPosition":"above","DescPosition":"below","UploadField":"custom_1","QuantityFieldStyle":"default"},"css":{"LeftLabelWidth":"50px"}},"formulas":[],"lookuptables":[],"clones":false,"cartKey":false}},"_links":{"self":[{"href":"https:\/\/www.miamedicalitalia.it\/fr\/wp-json\/wp\/v2\/product\/8842","targetHints":{"allow":["GET"]}}],"collection":[{"href":"https:\/\/www.miamedicalitalia.it\/fr\/wp-json\/wp\/v2\/product"}],"about":[{"href":"https:\/\/www.miamedicalitalia.it\/fr\/wp-json\/wp\/v2\/types\/product"}],"wp:featuredmedia":[{"embeddable":true,"href":"https:\/\/www.miamedicalitalia.it\/fr\/wp-json\/wp\/v2\/media\/11604"}],"wp:attachment":[{"href":"https:\/\/www.miamedicalitalia.it\/fr\/wp-json\/wp\/v2\/media?parent=8842"}],"wp:term":[{"taxonomy":"home-category","embeddable":true,"href":"https:\/\/www.miamedicalitalia.it\/fr\/wp-json\/wp\/v2\/home-category?post=8842"},{"taxonomy":"product_brand","embeddable":true,"href":"https:\/\/www.miamedicalitalia.it\/fr\/wp-json\/wp\/v2\/product_brand?post=8842"},{"taxonomy":"product_cat","embeddable":true,"href":"https:\/\/www.miamedicalitalia.it\/fr\/wp-json\/wp\/v2\/product_cat?post=8842"},{"taxonomy":"product_tag","embeddable":true,"href":"https:\/\/www.miamedicalitalia.it\/fr\/wp-json\/wp\/v2\/product_tag?post=8842"},{"taxonomy":"woo-feed-brand","embeddable":true,"href":"https:\/\/www.miamedicalitalia.it\/fr\/wp-json\/wp\/v2\/woo-feed-brand?post=8842"}],"curies":[{"name":"wp","href":"https:\/\/api.w.org\/{rel}","templated":true}]}}