{"id":14642,"date":"2025-10-04T15:17:45","date_gmt":"2025-10-04T13:17:45","guid":{"rendered":"https:\/\/www.miamedicalitalia.it\/?post_type=product&#038;p=14642"},"modified":"2026-03-06T17:05:59","modified_gmt":"2026-03-06T15:05:59","slug":"deambulatore-rollatore-con-seduta-in-vendita","status":"publish","type":"product","link":"https:\/\/www.miamedicalitalia.it\/fr\/produit\/deambulatore-rollatore-con-seduta-in-vendita\/","title":{"rendered":"D\u00e9ambulateur \u00e0 roulettes avec si\u00e8ge \u00e0 vendre"},"content":{"rendered":"<h3 class=\"wp-block-heading\" id=\"h-deambulatore-rollator-pieghevole-in-alluminio\">D\u00e9ambulateur pliant en aluminium<\/h3>\n\n\n\n<p>D\u00e9couvrez nos <strong>D\u00e9ambulateur \u00e0 4 roues avec si\u00e8ge en aluminium<\/strong>, L'aide \u00e0 la marche est une aide id\u00e9ale pour marcher en toute s\u00e9curit\u00e9 et en toute ind\u00e9pendance. Con\u00e7u pour aider les personnes \u00e0 mobilit\u00e9 r\u00e9duite, cet appareil est parfait pour une utilisation quotidienne \u00e0 l'int\u00e9rieur et \u00e0 l'ext\u00e9rieur. <strong>livraison gratuite dans toute l'Italie<\/strong>. <\/p>\n\n\n\n<h3 class=\"wp-block-heading\" id=\"h-caratteristiche-tecniche-e-funzionalita\">Caract\u00e9ristiques techniques et fonctionnelles<\/h3>\n\n\n\n<p><strong>Structure robuste et l\u00e9g\u00e8re :<\/strong><br>Fabriqu\u00e9 en tubes d'aluminium peints, ce d\u00e9ambulateur allie robustesse et l\u00e9g\u00e8ret\u00e9 pour assurer la durabilit\u00e9 sans alourdir le patient. <\/p>\n\n\n\n<p><strong>Design pliable et amovible :<\/strong><br>Il facilite le transport et le stockage, ce qui le rend id\u00e9al m\u00eame pour les petits espaces.<\/p>\n\n\n\n<p><strong>4 roues de \u00d8 20 cm :<\/strong><\/p>\n\n\n\n<ul class=\"wp-block-list\">\n<li><strong>Fa\u00e7ades pivotantes :<\/strong> \u00c9quip\u00e9 d'une fourche compl\u00e8te et de r\u00e9flecteurs pour une visibilit\u00e9 et une man\u0153uvrabilit\u00e9 accrues.<\/li>\n\n\n\n<li><strong>Arri\u00e8re fixe avec freins \u00e0 double fonction :<\/strong> Ils assurent la stabilit\u00e9 et la s\u00e9curit\u00e9 dans toutes les situations.<\/li>\n<\/ul>\n\n\n\n<p><strong>Poign\u00e9es anatomiques r\u00e9glables en hauteur :<\/strong><br>Ils offrent un maximum de confort, s'adaptent aux besoins individuels et garantissent une prise en main s\u00fbre, avec un r\u00e9flecteur pour plus de s\u00e9curit\u00e9.<\/p>\n\n\n\n<p><strong>Conception ultral\u00e9g\u00e8re :<\/strong> seulement 8,4 kg<br><strong>Capacit\u00e9 maximale :<\/strong> jusqu'\u00e0 136 kg<\/p>\n\n\n\n<p><strong>Accessoires int\u00e9gr\u00e9s :<\/strong><\/p>\n\n\n\n<ul class=\"wp-block-list\">\n<li><strong>Si\u00e8ge r\u00e9glable en hauteur inclus :<\/strong> avec rev\u00eatement souple amovible, id\u00e9al pour faire une pause pendant la marche.<\/li>\n\n\n\n<li><strong>Panier en tissu :<\/strong> pour le transport de petits objets.<\/li>\n<\/ul>\n\n\n\n<h3 class=\"wp-block-heading\" id=\"h-innovazione-e-design-un-alleato-per-il-benessere-quotidiano\">Innovation et design : un alli\u00e9 pour le bien-\u00eatre au quotidien<\/h3>\n\n\n\n<p>Notre <strong>D\u00e9ambulateur pliant \u00e0 4 roues en aluminium<\/strong> combine fonctionnalit\u00e9 et design ergonomique pour rendre chaque mouvement plus s\u00fbr et plus confortable.<\/p>\n\n\n\n<p><strong>Curiosit\u00e9 :<\/strong> Des \u00e9tudes ergonomiques montrent que l'utilisation d'aides con\u00e7ues pour maintenir une posture correcte peut r\u00e9duire consid\u00e9rablement la fatigue musculaire. Les poign\u00e9es anatomiques et le si\u00e8ge r\u00e9glable facilitent la marche et contribuent \u00e0 am\u00e9liorer la qualit\u00e9 de vie, transformant chaque pas en un geste de bien-\u00eatre.<br><br>Par ailleurs, si vous \u00eates l'aidant d'une personne \u00e2g\u00e9e ou d\u00e9pendante et que vous avez besoin d'aide, notre&nbsp;<strong>infirmi\u00e8re<\/strong>&nbsp;digne de confiance&nbsp;<strong><a href=\"http:\/\/www.arnaldiandrea.com\/\">Andrea Arnaldi<\/a><\/strong>&nbsp;sp\u00e9cialis\u00e9 dans le domaine&nbsp;<strong>soins \u00e0 domicile<\/strong>et est pr\u00eat \u00e0 vous aider \u00e0 prendre soin du confort de votre maison.&nbsp;<\/p>\n\n\n\n<h3 class=\"wp-block-heading\" id=\"h-acquista-il-tuo-rollator-pieghevole-in-tutta-italia-i-benefici\">Acheter un rollator pliant en Italie : les avantages<\/h3>\n\n\n\n<ul class=\"wp-block-list\">\n<li><strong>Autonomie et s\u00e9curit\u00e9 :<\/strong> Poss\u00e9der son propre d\u00e9ambulateur signifie avoir toujours une aide fiable et pr\u00eate \u00e0 l'emploi.<\/li>\n\n\n\n<li><strong>Confort et praticit\u00e9 :<\/strong> Facile \u00e0 transporter, \u00e0 plier et \u00e0 ranger, id\u00e9al pour la maison et l'ext\u00e9rieur.<\/li>\n\n\n\n<li><strong>Soutien et assistance :<\/strong> Nous offrons des conseils sp\u00e9cialis\u00e9s et un service apr\u00e8s-vente pour vous permettre d'acheter en toute s\u00e9r\u00e9nit\u00e9.<\/li>\n<\/ul>\n\n\n\n<p><strong><a href=\"https:\/\/www.miamedicalitalia.it\/fr\/categoria\/affitto-e-noleggio-ausili\/affitto-e-noleggio-deambulatori\/?_gl=1*vif1ai*_up*MQ..*_ga*MTEwNzU5MDEyNS4xNzQyMDM1MjMx*_ga_D9FZ9V3LL7*MTc0MjA0MTA2NC4yLjAuMTc0MjA0MTA2NC4wLjAuMA..\">Choisissez parmi la large gamme de d\u00e9ambulateurs et de rollators de Mia Medical<\/a><\/strong>&nbsp;et d\u00e9couvrir&nbsp;<a href=\"https:\/\/www.miamedicalitalia.it\/fr\/come-si-scegli-il-deambulatore-giusto\/\">l'article directeur<\/a>pour un choix \u00e9clair\u00e9 et adapt\u00e9 \u00e0 vos besoins. Vous n'\u00eates pas encore convaincu ?&nbsp;<strong><a href=\"https:\/\/wa.me\/393926509237\">Appelez-nous pour une consultation gratuite, adapt\u00e9e \u00e0 vos besoins et sans engagement !<\/a><\/strong><\/p>","protected":false},"excerpt":{"rendered":"<div style=\"font-family: Arial, sans-serif; background-color: #234091; padding: 30px; border-radius: 25px; max-width: 600px; color: #ffffff; position: relative; border-top: 6px solid #2498fe;\">\n<h3 style=\"margin-top: 0; margin-bottom: 15px; color: #ffffff;\">Livraison gratuite<\/h3>\n<p>Aide id\u00e9ale pour une marche s\u00fbre et ind\u00e9pendante ! Achetez-le maintenant !<\/p><\/div>\n<p><!-- Linea bianca sotto --><\/p>\n<div style=\"height: 6px; background-color: #ffffff; max-width: 600px;\">\u00a0<\/div>","protected":false},"featured_media":14623,"template":"","meta":{"_acf_changed":false},"home-category":[263],"product_brand":[],"product_cat":[261,531],"product_tag":[],"woo-feed-brand":[],"class_list":{"0":"post-14642","1":"product","2":"type-product","3":"status-publish","4":"has-post-thumbnail","6":"home-category-ausili","7":"product_cat-vendita-ausili","8":"product_cat-vendita-deambulatori-rollator","9":"product_shipping_class-ausili-grandi","11":"first","12":"instock","13":"shipping-taxable","14":"purchasable","15":"product-type-simple"},"acf":[],"yoast_head":"<!-- This site is optimized with the Yoast SEO Premium plugin v27.5 (Yoast SEO v27.5) - https:\/\/yoast.com\/product\/yoast-seo-premium-wordpress\/ -->\n<title>Deambulatore rollatore con seduta in vendita<\/title>\n<meta name=\"description\" content=\"Acquista il tuo deambulatore rollator pieghevole in alluminio: leggero, sicuro e con seduta regolabile. Consegna gratuita. Scopri ora Mia Medical!\" \/>\n<meta name=\"robots\" content=\"index, follow, max-snippet:-1, max-image-preview:large, max-video-preview:-1\" \/>\n<link rel=\"canonical\" href=\"https:\/\/www.miamedicalitalia.it\/fr\/produit\/deambulatore-rollatore-con-seduta-in-vendita\/\" \/>\n<meta property=\"og:locale\" content=\"fr_FR\" \/>\n<meta property=\"og:type\" content=\"article\" \/>\n<meta property=\"og:title\" content=\"Deambulatore rollatore con seduta in vendita\" \/>\n<meta property=\"og:description\" content=\"Acquista il tuo deambulatore rollator pieghevole in alluminio: leggero, sicuro e con seduta regolabile. Consegna gratuita. Scopri ora Mia Medical!\" \/>\n<meta property=\"og:url\" content=\"https:\/\/www.miamedicalitalia.it\/fr\/produit\/deambulatore-rollatore-con-seduta-in-vendita\/\" \/>\n<meta property=\"og:site_name\" content=\"Mia Medical\" \/>\n<meta property=\"article:publisher\" content=\"https:\/\/www.facebook.com\/miamedicalitalia\" \/>\n<meta property=\"article:modified_time\" content=\"2026-03-06T15:05:59+00:00\" \/>\n<meta property=\"og:image\" content=\"https:\/\/www.miamedicalitalia.it\/wp-content\/uploads\/2024\/05\/Rollator.png\" \/>\n\t<meta property=\"og:image:width\" content=\"1000\" \/>\n\t<meta property=\"og:image:height\" content=\"1000\" \/>\n\t<meta property=\"og:image:type\" content=\"image\/png\" \/>\n<meta name=\"twitter:card\" content=\"summary_large_image\" \/>\n<meta name=\"twitter:label1\" content=\"Dur\u00e9e de lecture estim\u00e9e\" \/>\n\t<meta name=\"twitter:data1\" content=\"2 minutes\" \/>\n<script type=\"application\/ld+json\" class=\"yoast-schema-graph\">{\"@context\":\"https:\\\/\\\/schema.org\",\"@graph\":[{\"@type\":\"WebPage\",\"@id\":\"https:\\\/\\\/www.miamedicalitalia.it\\\/prodotto\\\/deambulatore-rollatore-con-seduta-in-vendita\\\/\",\"url\":\"https:\\\/\\\/www.miamedicalitalia.it\\\/prodotto\\\/deambulatore-rollatore-con-seduta-in-vendita\\\/\",\"name\":\"Deambulatore rollatore con seduta in vendita\",\"isPartOf\":{\"@id\":\"https:\\\/\\\/www.miamedicalitalia.it\\\/#website\"},\"primaryImageOfPage\":{\"@id\":\"https:\\\/\\\/www.miamedicalitalia.it\\\/prodotto\\\/deambulatore-rollatore-con-seduta-in-vendita\\\/#primaryimage\"},\"image\":{\"@id\":\"https:\\\/\\\/www.miamedicalitalia.it\\\/prodotto\\\/deambulatore-rollatore-con-seduta-in-vendita\\\/#primaryimage\"},\"thumbnailUrl\":\"https:\\\/\\\/www.miamedicalitalia.it\\\/wp-content\\\/uploads\\\/2024\\\/05\\\/Rollator.png\",\"datePublished\":\"2025-10-04T13:17:45+00:00\",\"dateModified\":\"2026-03-06T15:05:59+00:00\",\"description\":\"Acquista il tuo deambulatore rollator pieghevole in alluminio: leggero, sicuro e con seduta regolabile. Consegna gratuita. Scopri ora Mia Medical!\",\"breadcrumb\":{\"@id\":\"https:\\\/\\\/www.miamedicalitalia.it\\\/prodotto\\\/deambulatore-rollatore-con-seduta-in-vendita\\\/#breadcrumb\"},\"inLanguage\":\"fr-FR\",\"potentialAction\":[{\"@type\":\"ReadAction\",\"target\":[\"https:\\\/\\\/www.miamedicalitalia.it\\\/prodotto\\\/deambulatore-rollatore-con-seduta-in-vendita\\\/\"]}]},{\"@type\":\"ImageObject\",\"inLanguage\":\"fr-FR\",\"@id\":\"https:\\\/\\\/www.miamedicalitalia.it\\\/prodotto\\\/deambulatore-rollatore-con-seduta-in-vendita\\\/#primaryimage\",\"url\":\"https:\\\/\\\/www.miamedicalitalia.it\\\/wp-content\\\/uploads\\\/2024\\\/05\\\/Rollator.png\",\"contentUrl\":\"https:\\\/\\\/www.miamedicalitalia.it\\\/wp-content\\\/uploads\\\/2024\\\/05\\\/Rollator.png\",\"width\":1000,\"height\":1000},{\"@type\":\"BreadcrumbList\",\"@id\":\"https:\\\/\\\/www.miamedicalitalia.it\\\/prodotto\\\/deambulatore-rollatore-con-seduta-in-vendita\\\/#breadcrumb\",\"itemListElement\":[{\"@type\":\"ListItem\",\"position\":1,\"name\":\"Home\",\"item\":\"https:\\\/\\\/www.miamedicalitalia.it\\\/\"},{\"@type\":\"ListItem\",\"position\":2,\"name\":\"Shop\",\"item\":\"https:\\\/\\\/www.miamedicalitalia.it\\\/negozio\\\/\"},{\"@type\":\"ListItem\",\"position\":3,\"name\":\"Vendita\",\"item\":\"https:\\\/\\\/www.miamedicalitalia.it\\\/categoria\\\/vendita-ausili\\\/\"},{\"@type\":\"ListItem\",\"position\":4,\"name\":\"Vendita deambulatore rollatore con seduta\"}]},{\"@type\":\"WebSite\",\"@id\":\"https:\\\/\\\/www.miamedicalitalia.it\\\/#website\",\"url\":\"https:\\\/\\\/www.miamedicalitalia.it\\\/\",\"name\":\"www.miamedicalitalia.it\",\"description\":\"Noleggio e Vendita Attrezzatura Sanitarie\",\"publisher\":{\"@id\":\"https:\\\/\\\/www.miamedicalitalia.it\\\/#organization\"},\"potentialAction\":[{\"@type\":\"SearchAction\",\"target\":{\"@type\":\"EntryPoint\",\"urlTemplate\":\"https:\\\/\\\/www.miamedicalitalia.it\\\/?s={search_term_string}\"},\"query-input\":{\"@type\":\"PropertyValueSpecification\",\"valueRequired\":true,\"valueName\":\"search_term_string\"}}],\"inLanguage\":\"fr-FR\"},{\"@type\":\"Organization\",\"@id\":\"https:\\\/\\\/www.miamedicalitalia.it\\\/#organization\",\"name\":\"OLG\",\"url\":\"https:\\\/\\\/www.miamedicalitalia.it\\\/\",\"logo\":{\"@type\":\"ImageObject\",\"inLanguage\":\"fr-FR\",\"@id\":\"https:\\\/\\\/www.miamedicalitalia.it\\\/#\\\/schema\\\/logo\\\/image\\\/\",\"url\":\"https:\\\/\\\/www.miamedicalitalia.it\\\/wp-content\\\/uploads\\\/2023\\\/04\\\/mia-medical-logo-free.png\",\"contentUrl\":\"https:\\\/\\\/www.miamedicalitalia.it\\\/wp-content\\\/uploads\\\/2023\\\/04\\\/mia-medical-logo-free.png\",\"width\":700,\"height\":700,\"caption\":\"OLG\"},\"image\":{\"@id\":\"https:\\\/\\\/www.miamedicalitalia.it\\\/#\\\/schema\\\/logo\\\/image\\\/\"},\"sameAs\":[\"https:\\\/\\\/www.facebook.com\\\/miamedicalitalia\"]}]}<\/script>\n<!-- \/ Yoast SEO Premium plugin. -->","yoast_head_json":{"title":"D\u00e9ambulateur \u00e0 roulettes avec si\u00e8ge \u00e0 vendre","description":"Achetez votre d\u00e9ambulateur pliant en aluminium : l\u00e9ger, s\u00fbr et avec si\u00e8ge r\u00e9glable. Livraison gratuite. D\u00e9couvrez Mia Medical maintenant !","robots":{"index":"index","follow":"follow","max-snippet":"max-snippet:-1","max-image-preview":"max-image-preview:large","max-video-preview":"max-video-preview:-1"},"canonical":"https:\/\/www.miamedicalitalia.it\/fr\/produit\/deambulatore-rollatore-con-seduta-in-vendita\/","og_locale":"fr_FR","og_type":"article","og_title":"Deambulatore rollatore con seduta in vendita","og_description":"Acquista il tuo deambulatore rollator pieghevole in alluminio: leggero, sicuro e con seduta regolabile. Consegna gratuita. Scopri ora Mia Medical!","og_url":"https:\/\/www.miamedicalitalia.it\/fr\/produit\/deambulatore-rollatore-con-seduta-in-vendita\/","og_site_name":"Mia Medical","article_publisher":"https:\/\/www.facebook.com\/miamedicalitalia","article_modified_time":"2026-03-06T15:05:59+00:00","og_image":[{"width":1000,"height":1000,"url":"https:\/\/www.miamedicalitalia.it\/wp-content\/uploads\/2024\/05\/Rollator.png","type":"image\/png"}],"twitter_card":"summary_large_image","twitter_misc":{"Dur\u00e9e de lecture estim\u00e9e":"2 minutes"},"schema":{"@context":"https:\/\/schema.org","@graph":[{"@type":"WebPage","@id":"https:\/\/www.miamedicalitalia.it\/prodotto\/deambulatore-rollatore-con-seduta-in-vendita\/","url":"https:\/\/www.miamedicalitalia.it\/prodotto\/deambulatore-rollatore-con-seduta-in-vendita\/","name":"D\u00e9ambulateur \u00e0 roulettes avec si\u00e8ge \u00e0 vendre","isPartOf":{"@id":"https:\/\/www.miamedicalitalia.it\/#website"},"primaryImageOfPage":{"@id":"https:\/\/www.miamedicalitalia.it\/prodotto\/deambulatore-rollatore-con-seduta-in-vendita\/#primaryimage"},"image":{"@id":"https:\/\/www.miamedicalitalia.it\/prodotto\/deambulatore-rollatore-con-seduta-in-vendita\/#primaryimage"},"thumbnailUrl":"https:\/\/www.miamedicalitalia.it\/wp-content\/uploads\/2024\/05\/Rollator.png","datePublished":"2025-10-04T13:17:45+00:00","dateModified":"2026-03-06T15:05:59+00:00","description":"Achetez votre d\u00e9ambulateur pliant en aluminium : l\u00e9ger, s\u00fbr et avec si\u00e8ge r\u00e9glable. Livraison gratuite. D\u00e9couvrez Mia Medical maintenant !","breadcrumb":{"@id":"https:\/\/www.miamedicalitalia.it\/prodotto\/deambulatore-rollatore-con-seduta-in-vendita\/#breadcrumb"},"inLanguage":"fr-FR","potentialAction":[{"@type":"ReadAction","target":["https:\/\/www.miamedicalitalia.it\/prodotto\/deambulatore-rollatore-con-seduta-in-vendita\/"]}]},{"@type":"ImageObject","inLanguage":"fr-FR","@id":"https:\/\/www.miamedicalitalia.it\/prodotto\/deambulatore-rollatore-con-seduta-in-vendita\/#primaryimage","url":"https:\/\/www.miamedicalitalia.it\/wp-content\/uploads\/2024\/05\/Rollator.png","contentUrl":"https:\/\/www.miamedicalitalia.it\/wp-content\/uploads\/2024\/05\/Rollator.png","width":1000,"height":1000},{"@type":"BreadcrumbList","@id":"https:\/\/www.miamedicalitalia.it\/prodotto\/deambulatore-rollatore-con-seduta-in-vendita\/#breadcrumb","itemListElement":[{"@type":"ListItem","position":1,"name":"Home","item":"https:\/\/www.miamedicalitalia.it\/"},{"@type":"ListItem","position":2,"name":"Shop","item":"https:\/\/www.miamedicalitalia.it\/negozio\/"},{"@type":"ListItem","position":3,"name":"Vendita","item":"https:\/\/www.miamedicalitalia.it\/categoria\/vendita-ausili\/"},{"@type":"ListItem","position":4,"name":"Vendita deambulatore rollatore con seduta"}]},{"@type":"WebSite","@id":"https:\/\/www.miamedicalitalia.it\/#website","url":"https:\/\/www.miamedicalitalia.it\/","name":"www.miamedicalitalia.it","description":"Location et vente d'\u00e9quipements sanitaires","publisher":{"@id":"https:\/\/www.miamedicalitalia.it\/#organization"},"potentialAction":[{"@type":"SearchAction","target":{"@type":"EntryPoint","urlTemplate":"https:\/\/www.miamedicalitalia.it\/?s={search_term_string}"},"query-input":{"@type":"PropertyValueSpecification","valueRequired":true,"valueName":"search_term_string"}}],"inLanguage":"fr-FR"},{"@type":"Organization","@id":"https:\/\/www.miamedicalitalia.it\/#organization","name":"OLG","url":"https:\/\/www.miamedicalitalia.it\/","logo":{"@type":"ImageObject","inLanguage":"fr-FR","@id":"https:\/\/www.miamedicalitalia.it\/#\/schema\/logo\/image\/","url":"https:\/\/www.miamedicalitalia.it\/wp-content\/uploads\/2023\/04\/mia-medical-logo-free.png","contentUrl":"https:\/\/www.miamedicalitalia.it\/wp-content\/uploads\/2023\/04\/mia-medical-logo-free.png","width":700,"height":700,"caption":"OLG"},"image":{"@id":"https:\/\/www.miamedicalitalia.it\/#\/schema\/logo\/image\/"},"sameAs":["https:\/\/www.facebook.com\/miamedicalitalia"]}]}},"wcpa_form_fields":null,"_links":{"self":[{"href":"https:\/\/www.miamedicalitalia.it\/fr\/wp-json\/wp\/v2\/product\/14642","targetHints":{"allow":["GET"]}}],"collection":[{"href":"https:\/\/www.miamedicalitalia.it\/fr\/wp-json\/wp\/v2\/product"}],"about":[{"href":"https:\/\/www.miamedicalitalia.it\/fr\/wp-json\/wp\/v2\/types\/product"}],"wp:featuredmedia":[{"embeddable":true,"href":"https:\/\/www.miamedicalitalia.it\/fr\/wp-json\/wp\/v2\/media\/14623"}],"wp:attachment":[{"href":"https:\/\/www.miamedicalitalia.it\/fr\/wp-json\/wp\/v2\/media?parent=14642"}],"wp:term":[{"taxonomy":"home-category","embeddable":true,"href":"https:\/\/www.miamedicalitalia.it\/fr\/wp-json\/wp\/v2\/home-category?post=14642"},{"taxonomy":"product_brand","embeddable":true,"href":"https:\/\/www.miamedicalitalia.it\/fr\/wp-json\/wp\/v2\/product_brand?post=14642"},{"taxonomy":"product_cat","embeddable":true,"href":"https:\/\/www.miamedicalitalia.it\/fr\/wp-json\/wp\/v2\/product_cat?post=14642"},{"taxonomy":"product_tag","embeddable":true,"href":"https:\/\/www.miamedicalitalia.it\/fr\/wp-json\/wp\/v2\/product_tag?post=14642"},{"taxonomy":"woo-feed-brand","embeddable":true,"href":"https:\/\/www.miamedicalitalia.it\/fr\/wp-json\/wp\/v2\/woo-feed-brand?post=14642"}],"curies":[{"name":"wp","href":"https:\/\/api.w.org\/{rel}","templated":true}]}}