{"id":14621,"date":"2025-09-30T10:22:09","date_gmt":"2025-09-30T08:22:09","guid":{"rendered":"https:\/\/www.miamedicalitalia.it\/?post_type=product&#038;p=14621"},"modified":"2026-03-17T18:08:13","modified_gmt":"2026-03-17T16:08:13","slug":"verticalizzatore-attivo-albatros-2-in-vendita","status":"publish","type":"product","link":"https:\/\/www.miamedicalitalia.it\/fr\/produit\/verticalizzatore-attivo-albatros-2-in-vendita\/","title":{"rendered":"Vente Albatros 2 active verticaliser"},"content":{"rendered":"<h3 class=\"wp-block-heading\">Vente Albatros 2 verticalisateur actif : une assistance s\u00fbre et sans effort<\/h3>\n\n\n\n<p>Les <strong>Albatros 2 verticalisateur actif<\/strong> est la solution id\u00e9ale pour ceux qui recherchent un support pratique, compact et fiable dans le domaine de la mobilit\u00e9 assist\u00e9e. Gr\u00e2ce \u00e0 son design pliable et \u00e0 son fonctionnement intuitif, il permet de soulever et de d\u00e9placer la personne en toute s\u00e9curit\u00e9, r\u00e9duisant ainsi l'effort du soignant et augmentant le confort de la personne aid\u00e9e.<\/p>\n\n\n\n<h3 class=\"wp-block-heading\">Pourquoi choisir le verticalisateur actif Albatros 2 ?<\/h3>\n\n\n\n<ul class=\"wp-block-list\">\n<li><strong>Praticit\u00e9 maximale<\/strong>Structure pliable qui se referme en quelques secondes pour faciliter le transport et le stockage.<\/li>\n\n\n\n<li><strong>Stabilit\u00e9 et confort<\/strong>Le syst\u00e8me d'entra\u00eenement de l'enfant est compos\u00e9 de : plaques de pied avec bandes Velcro et harnais inclus pour une s\u00e9curit\u00e9 et un soutien optimaux.<\/li>\n\n\n\n<li><strong>Autonomie garantie<\/strong>batteries rechargeables avec chargeur interne et environ 40 lev\u00e9es avec une charge compl\u00e8te.<\/li>\n\n\n\n<li><strong>S\u00e9curit\u00e9 totale<\/strong>arr\u00eat d'urgence, abaissement manuel et avertisseur de batterie faible.<\/li>\n\n\n\n<li><strong>Une technologie fiable<\/strong>: moteur et unit\u00e9 de commande Linak, t\u00e9l\u00e9commande ergonomique et composants de haute qualit\u00e9.<\/li>\n<\/ul>\n\n\n\n<h3 class=\"wp-block-heading\">Verticalisateur Albatros 2 : votre alli\u00e9 pour la mobilit\u00e9 assist\u00e9e<\/h3>\n\n\n\n<p>Les <strong>Lift Albatros 2 Plus<\/strong> est con\u00e7u pour :<\/p>\n\n\n\n<ul class=\"wp-block-list\">\n<li>Les soignants et les membres de la famille qui souhaitent b\u00e9n\u00e9ficier d'une aide s\u00fbre et pratique.<\/li>\n\n\n\n<li>Personnes \u00e0 mobilit\u00e9 r\u00e9duite qui ont besoin de d\u00e9placements confortables.<\/li>\n\n\n\n<li>\u00c9tablissements de sant\u00e9 et r\u00e9sidences m\u00e9dicalis\u00e9es qui souhaitent garantir la s\u00e9curit\u00e9 et la qualit\u00e9 \u00e0 leurs r\u00e9sidents.<\/li>\n<\/ul>\n\n\n\n<h3 class=\"wp-block-heading\">Acheter le verticalisateur actif Albatros 2 de Mia Medical Italie<\/h3>\n\n\n\n<p>Contactez-nous d\u00e8s maintenant pour conna\u00eetre la disponibilit\u00e9 du <strong>Albatros 2 verticalisateur actif<\/strong> et d\u00e9couvrez \u00e9galement les autres mod\u00e8les de l\u00e8ve-personnes, fauteuils roulants et aides \u00e0 la mobilit\u00e9.<\/p>\n\n\n\n<p>Appelez maintenant au +39 392 65 09 237<br>Envoyez-nous un message sur WhatsApp : notre \u00e9quipe est toujours pr\u00eate \u00e0 r\u00e9pondre \u00e0 toutes vos questions.<br><br>D\u00e9couvrez \u00e9galement les autres mod\u00e8les de <a href=\"https:\/\/www.miamedicalitalia.it\/fr\/categoria\/affitto-e-noleggio-ausili\/noleggio-sollevatori-verticalizzatori\/\">\u00e9l\u00e9vateurs<\/a>, <a href=\"https:\/\/www.miamedicalitalia.it\/fr\/categoria\/affitto-e-noleggio-ausili\/affitto-e-noleggio-carrozzina\/\">fauteuils roulants<\/a> e <a href=\"https:\/\/www.miamedicalitalia.it\/fr\/categoria\/affitto-e-noleggio-ausili\/\">aids for mobility<\/a> qui <strong>Mia Medical Italie<\/strong> met \u00e0 disposition.<\/p>\n\n\n\n<p><strong>D\u00e9placez-vous et soulevez sans souci, avec Albatros 2, la s\u00e9curit\u00e9 est \u00e0 port\u00e9e de main.<\/strong><\/p>","protected":false},"excerpt":{"rendered":"<div style=\"font-family: Arial, sans-serif; background-color: #234091; padding: 30px; border-radius: 25px; max-width: 600px; color: #ffffff; position: relative; border-top: 6px solid #2498fe;\">\n<h2 style=\"margin-top: 0; margin-bottom: 15px; color: #ffffff;\">Verticalisateur \u00e9lectrique sur pied<\/h2>\n<p>Mise en position verticale<strong> sans effort de la part du patient !<br \/>Regardez la vid\u00e9o pour savoir comment cela fonctionne.\u00a0<\/strong><\/p>\n<p>Compact, pliable et facile \u00e0 utiliser.<br \/>Batterie jusqu'\u00e0 <strong>40 ascenseurs<\/strong> avec une seule charge.<\/p>\n<p><strong>Disponibilit\u00e9 imm\u00e9diate<\/strong>.<br \/><strong>Livraison gratuite en cas d'achat<\/strong><\/p>\n<\/div>\n<p><!-- Linea bianca sotto --><\/p>\n<div style=\"height: 6px; background-color: #ffffff; max-width: 600px;\">\u00a0<\/div>","protected":false},"featured_media":14620,"template":"","meta":{"_acf_changed":false},"home-category":[263],"product_brand":[],"product_cat":[261,535],"product_tag":[],"woo-feed-brand":[],"class_list":{"0":"post-14621","1":"product","2":"type-product","3":"status-publish","4":"has-post-thumbnail","6":"home-category-ausili","7":"product_cat-vendita-ausili","8":"product_cat-vendita-verticalizzatori","9":"product_shipping_class-ausili-grandi","11":"first","12":"instock","13":"shipping-taxable","14":"purchasable","15":"product-type-simple"},"acf":[],"yoast_head":"<!-- This site is optimized with the Yoast SEO Premium plugin v27.3 (Yoast SEO v27.4) - https:\/\/yoast.com\/product\/yoast-seo-premium-wordpress\/ -->\n<title>Verticalizzatore attivo Albatros 2 in vendita<\/title>\n<meta name=\"description\" content=\"Vendita Verticalizzatore attivo Albatros 2: assistenza sicura e pratica. Compatto, pieghevole e facile da usare. Disponibilit\u00e0 immediata.\" \/>\n<meta name=\"robots\" content=\"index, follow, max-snippet:-1, max-image-preview:large, max-video-preview:-1\" \/>\n<link rel=\"canonical\" href=\"https:\/\/www.miamedicalitalia.it\/fr\/produit\/verticalizzatore-attivo-albatros-2-in-vendita\/\" \/>\n<meta property=\"og:locale\" content=\"fr_FR\" \/>\n<meta property=\"og:type\" content=\"article\" \/>\n<meta property=\"og:title\" content=\"Verticalizzatore attivo Albatros 2 in vendita\" \/>\n<meta property=\"og:description\" content=\"Vendita Verticalizzatore attivo Albatros 2: assistenza sicura e pratica. Compatto, pieghevole e facile da usare. Disponibilit\u00e0 immediata.\" \/>\n<meta property=\"og:url\" content=\"https:\/\/www.miamedicalitalia.it\/fr\/produit\/verticalizzatore-attivo-albatros-2-in-vendita\/\" \/>\n<meta property=\"og:site_name\" content=\"Mia Medical\" \/>\n<meta property=\"article:publisher\" content=\"https:\/\/www.facebook.com\/miamedicalitalia\" \/>\n<meta property=\"article:modified_time\" content=\"2026-03-17T16:08:13+00:00\" \/>\n<meta property=\"og:image\" content=\"https:\/\/www.miamedicalitalia.it\/wp-content\/uploads\/2025\/09\/Albatros-II.png\" \/>\n\t<meta property=\"og:image:width\" content=\"1000\" \/>\n\t<meta property=\"og:image:height\" content=\"1000\" \/>\n\t<meta property=\"og:image:type\" content=\"image\/png\" \/>\n<meta name=\"twitter:card\" content=\"summary_large_image\" \/>\n<meta name=\"twitter:label1\" content=\"Dur\u00e9e de lecture estim\u00e9e\" \/>\n\t<meta name=\"twitter:data1\" content=\"1 minute\" \/>\n<script type=\"application\/ld+json\" class=\"yoast-schema-graph\">{\"@context\":\"https:\\\/\\\/schema.org\",\"@graph\":[{\"@type\":\"WebPage\",\"@id\":\"https:\\\/\\\/www.miamedicalitalia.it\\\/prodotto\\\/verticalizzatore-attivo-albatros-2-in-vendita\\\/\",\"url\":\"https:\\\/\\\/www.miamedicalitalia.it\\\/prodotto\\\/verticalizzatore-attivo-albatros-2-in-vendita\\\/\",\"name\":\"Verticalizzatore attivo Albatros 2 in vendita\",\"isPartOf\":{\"@id\":\"https:\\\/\\\/www.miamedicalitalia.it\\\/#website\"},\"primaryImageOfPage\":{\"@id\":\"https:\\\/\\\/www.miamedicalitalia.it\\\/prodotto\\\/verticalizzatore-attivo-albatros-2-in-vendita\\\/#primaryimage\"},\"image\":{\"@id\":\"https:\\\/\\\/www.miamedicalitalia.it\\\/prodotto\\\/verticalizzatore-attivo-albatros-2-in-vendita\\\/#primaryimage\"},\"thumbnailUrl\":\"https:\\\/\\\/www.miamedicalitalia.it\\\/wp-content\\\/uploads\\\/2025\\\/09\\\/Albatros-II.png\",\"datePublished\":\"2025-09-30T08:22:09+00:00\",\"dateModified\":\"2026-03-17T16:08:13+00:00\",\"description\":\"Vendita Verticalizzatore attivo Albatros 2: assistenza sicura e pratica. Compatto, pieghevole e facile da usare. Disponibilit\u00e0 immediata.\",\"breadcrumb\":{\"@id\":\"https:\\\/\\\/www.miamedicalitalia.it\\\/prodotto\\\/verticalizzatore-attivo-albatros-2-in-vendita\\\/#breadcrumb\"},\"inLanguage\":\"fr-FR\",\"potentialAction\":[{\"@type\":\"ReadAction\",\"target\":[\"https:\\\/\\\/www.miamedicalitalia.it\\\/prodotto\\\/verticalizzatore-attivo-albatros-2-in-vendita\\\/\"]}]},{\"@type\":\"ImageObject\",\"inLanguage\":\"fr-FR\",\"@id\":\"https:\\\/\\\/www.miamedicalitalia.it\\\/prodotto\\\/verticalizzatore-attivo-albatros-2-in-vendita\\\/#primaryimage\",\"url\":\"https:\\\/\\\/www.miamedicalitalia.it\\\/wp-content\\\/uploads\\\/2025\\\/09\\\/Albatros-II.png\",\"contentUrl\":\"https:\\\/\\\/www.miamedicalitalia.it\\\/wp-content\\\/uploads\\\/2025\\\/09\\\/Albatros-II.png\",\"width\":1000,\"height\":1000},{\"@type\":\"BreadcrumbList\",\"@id\":\"https:\\\/\\\/www.miamedicalitalia.it\\\/prodotto\\\/verticalizzatore-attivo-albatros-2-in-vendita\\\/#breadcrumb\",\"itemListElement\":[{\"@type\":\"ListItem\",\"position\":1,\"name\":\"Home\",\"item\":\"https:\\\/\\\/www.miamedicalitalia.it\\\/\"},{\"@type\":\"ListItem\",\"position\":2,\"name\":\"Shop\",\"item\":\"https:\\\/\\\/www.miamedicalitalia.it\\\/negozio\\\/\"},{\"@type\":\"ListItem\",\"position\":3,\"name\":\"Vendita\",\"item\":\"https:\\\/\\\/www.miamedicalitalia.it\\\/categoria\\\/vendita-ausili\\\/\"},{\"@type\":\"ListItem\",\"position\":4,\"name\":\"Vendita verticalizzatore attivo Albatros 2\"}]},{\"@type\":\"WebSite\",\"@id\":\"https:\\\/\\\/www.miamedicalitalia.it\\\/#website\",\"url\":\"https:\\\/\\\/www.miamedicalitalia.it\\\/\",\"name\":\"www.miamedicalitalia.it\",\"description\":\"Noleggio e Vendita Attrezzatura Sanitarie\",\"publisher\":{\"@id\":\"https:\\\/\\\/www.miamedicalitalia.it\\\/#organization\"},\"potentialAction\":[{\"@type\":\"SearchAction\",\"target\":{\"@type\":\"EntryPoint\",\"urlTemplate\":\"https:\\\/\\\/www.miamedicalitalia.it\\\/?s={search_term_string}\"},\"query-input\":{\"@type\":\"PropertyValueSpecification\",\"valueRequired\":true,\"valueName\":\"search_term_string\"}}],\"inLanguage\":\"fr-FR\"},{\"@type\":\"Organization\",\"@id\":\"https:\\\/\\\/www.miamedicalitalia.it\\\/#organization\",\"name\":\"OLG\",\"url\":\"https:\\\/\\\/www.miamedicalitalia.it\\\/\",\"logo\":{\"@type\":\"ImageObject\",\"inLanguage\":\"fr-FR\",\"@id\":\"https:\\\/\\\/www.miamedicalitalia.it\\\/#\\\/schema\\\/logo\\\/image\\\/\",\"url\":\"https:\\\/\\\/www.miamedicalitalia.it\\\/wp-content\\\/uploads\\\/2023\\\/04\\\/mia-medical-logo-free.png\",\"contentUrl\":\"https:\\\/\\\/www.miamedicalitalia.it\\\/wp-content\\\/uploads\\\/2023\\\/04\\\/mia-medical-logo-free.png\",\"width\":700,\"height\":700,\"caption\":\"OLG\"},\"image\":{\"@id\":\"https:\\\/\\\/www.miamedicalitalia.it\\\/#\\\/schema\\\/logo\\\/image\\\/\"},\"sameAs\":[\"https:\\\/\\\/www.facebook.com\\\/miamedicalitalia\"]}]}<\/script>\n<!-- \/ Yoast SEO Premium plugin. -->","yoast_head_json":{"title":"Verticalisateur actif Albatros 2 \u00e0 vendre","description":"Vente de verticalisateur actif Albatros 2 : assistance s\u00fbre et pratique. Compact, pliable et facile \u00e0 utiliser. Disponibilit\u00e9 imm\u00e9diate.","robots":{"index":"index","follow":"follow","max-snippet":"max-snippet:-1","max-image-preview":"max-image-preview:large","max-video-preview":"max-video-preview:-1"},"canonical":"https:\/\/www.miamedicalitalia.it\/fr\/produit\/verticalizzatore-attivo-albatros-2-in-vendita\/","og_locale":"fr_FR","og_type":"article","og_title":"Verticalizzatore attivo Albatros 2 in vendita","og_description":"Vendita Verticalizzatore attivo Albatros 2: assistenza sicura e pratica. Compatto, pieghevole e facile da usare. Disponibilit\u00e0 immediata.","og_url":"https:\/\/www.miamedicalitalia.it\/fr\/produit\/verticalizzatore-attivo-albatros-2-in-vendita\/","og_site_name":"Mia Medical","article_publisher":"https:\/\/www.facebook.com\/miamedicalitalia","article_modified_time":"2026-03-17T16:08:13+00:00","og_image":[{"width":1000,"height":1000,"url":"https:\/\/www.miamedicalitalia.it\/wp-content\/uploads\/2025\/09\/Albatros-II.png","type":"image\/png"}],"twitter_card":"summary_large_image","twitter_misc":{"Dur\u00e9e de lecture estim\u00e9e":"1 minute"},"schema":{"@context":"https:\/\/schema.org","@graph":[{"@type":"WebPage","@id":"https:\/\/www.miamedicalitalia.it\/prodotto\/verticalizzatore-attivo-albatros-2-in-vendita\/","url":"https:\/\/www.miamedicalitalia.it\/prodotto\/verticalizzatore-attivo-albatros-2-in-vendita\/","name":"Verticalisateur actif Albatros 2 \u00e0 vendre","isPartOf":{"@id":"https:\/\/www.miamedicalitalia.it\/#website"},"primaryImageOfPage":{"@id":"https:\/\/www.miamedicalitalia.it\/prodotto\/verticalizzatore-attivo-albatros-2-in-vendita\/#primaryimage"},"image":{"@id":"https:\/\/www.miamedicalitalia.it\/prodotto\/verticalizzatore-attivo-albatros-2-in-vendita\/#primaryimage"},"thumbnailUrl":"https:\/\/www.miamedicalitalia.it\/wp-content\/uploads\/2025\/09\/Albatros-II.png","datePublished":"2025-09-30T08:22:09+00:00","dateModified":"2026-03-17T16:08:13+00:00","description":"Vente de verticalisateur actif Albatros 2 : assistance s\u00fbre et pratique. Compact, pliable et facile \u00e0 utiliser. Disponibilit\u00e9 imm\u00e9diate.","breadcrumb":{"@id":"https:\/\/www.miamedicalitalia.it\/prodotto\/verticalizzatore-attivo-albatros-2-in-vendita\/#breadcrumb"},"inLanguage":"fr-FR","potentialAction":[{"@type":"ReadAction","target":["https:\/\/www.miamedicalitalia.it\/prodotto\/verticalizzatore-attivo-albatros-2-in-vendita\/"]}]},{"@type":"ImageObject","inLanguage":"fr-FR","@id":"https:\/\/www.miamedicalitalia.it\/prodotto\/verticalizzatore-attivo-albatros-2-in-vendita\/#primaryimage","url":"https:\/\/www.miamedicalitalia.it\/wp-content\/uploads\/2025\/09\/Albatros-II.png","contentUrl":"https:\/\/www.miamedicalitalia.it\/wp-content\/uploads\/2025\/09\/Albatros-II.png","width":1000,"height":1000},{"@type":"BreadcrumbList","@id":"https:\/\/www.miamedicalitalia.it\/prodotto\/verticalizzatore-attivo-albatros-2-in-vendita\/#breadcrumb","itemListElement":[{"@type":"ListItem","position":1,"name":"Home","item":"https:\/\/www.miamedicalitalia.it\/"},{"@type":"ListItem","position":2,"name":"Shop","item":"https:\/\/www.miamedicalitalia.it\/negozio\/"},{"@type":"ListItem","position":3,"name":"Vendita","item":"https:\/\/www.miamedicalitalia.it\/categoria\/vendita-ausili\/"},{"@type":"ListItem","position":4,"name":"Vendita verticalizzatore attivo Albatros 2"}]},{"@type":"WebSite","@id":"https:\/\/www.miamedicalitalia.it\/#website","url":"https:\/\/www.miamedicalitalia.it\/","name":"www.miamedicalitalia.it","description":"Location et vente d'\u00e9quipements sanitaires","publisher":{"@id":"https:\/\/www.miamedicalitalia.it\/#organization"},"potentialAction":[{"@type":"SearchAction","target":{"@type":"EntryPoint","urlTemplate":"https:\/\/www.miamedicalitalia.it\/?s={search_term_string}"},"query-input":{"@type":"PropertyValueSpecification","valueRequired":true,"valueName":"search_term_string"}}],"inLanguage":"fr-FR"},{"@type":"Organization","@id":"https:\/\/www.miamedicalitalia.it\/#organization","name":"OLG","url":"https:\/\/www.miamedicalitalia.it\/","logo":{"@type":"ImageObject","inLanguage":"fr-FR","@id":"https:\/\/www.miamedicalitalia.it\/#\/schema\/logo\/image\/","url":"https:\/\/www.miamedicalitalia.it\/wp-content\/uploads\/2023\/04\/mia-medical-logo-free.png","contentUrl":"https:\/\/www.miamedicalitalia.it\/wp-content\/uploads\/2023\/04\/mia-medical-logo-free.png","width":700,"height":700,"caption":"OLG"},"image":{"@id":"https:\/\/www.miamedicalitalia.it\/#\/schema\/logo\/image\/"},"sameAs":["https:\/\/www.facebook.com\/miamedicalitalia"]}]}},"wcpa_form_fields":null,"_links":{"self":[{"href":"https:\/\/www.miamedicalitalia.it\/fr\/wp-json\/wp\/v2\/product\/14621","targetHints":{"allow":["GET"]}}],"collection":[{"href":"https:\/\/www.miamedicalitalia.it\/fr\/wp-json\/wp\/v2\/product"}],"about":[{"href":"https:\/\/www.miamedicalitalia.it\/fr\/wp-json\/wp\/v2\/types\/product"}],"wp:featuredmedia":[{"embeddable":true,"href":"https:\/\/www.miamedicalitalia.it\/fr\/wp-json\/wp\/v2\/media\/14620"}],"wp:attachment":[{"href":"https:\/\/www.miamedicalitalia.it\/fr\/wp-json\/wp\/v2\/media?parent=14621"}],"wp:term":[{"taxonomy":"home-category","embeddable":true,"href":"https:\/\/www.miamedicalitalia.it\/fr\/wp-json\/wp\/v2\/home-category?post=14621"},{"taxonomy":"product_brand","embeddable":true,"href":"https:\/\/www.miamedicalitalia.it\/fr\/wp-json\/wp\/v2\/product_brand?post=14621"},{"taxonomy":"product_cat","embeddable":true,"href":"https:\/\/www.miamedicalitalia.it\/fr\/wp-json\/wp\/v2\/product_cat?post=14621"},{"taxonomy":"product_tag","embeddable":true,"href":"https:\/\/www.miamedicalitalia.it\/fr\/wp-json\/wp\/v2\/product_tag?post=14621"},{"taxonomy":"woo-feed-brand","embeddable":true,"href":"https:\/\/www.miamedicalitalia.it\/fr\/wp-json\/wp\/v2\/woo-feed-brand?post=14621"}],"curies":[{"name":"wp","href":"https:\/\/api.w.org\/{rel}","templated":true}]}}