{"id":14380,"date":"2025-09-08T11:42:47","date_gmt":"2025-09-08T09:42:47","guid":{"rendered":"https:\/\/www.miamedicalitalia.it\/?post_type=product&#038;p=14380"},"modified":"2025-12-04T16:22:44","modified_gmt":"2025-12-04T14:22:44","slug":"vendita-carrozzina-usata-modello-fantastica-2-2","status":"publish","type":"product","link":"https:\/\/www.miamedicalitalia.it\/fr\/produit\/vendita-carrozzina-usata-modello-fantastica-2-2\/","title":{"rendered":"Poussette d'occasion mod\u00e8le \u201cFantastica\u201d 3 \u00e0 vendre"},"content":{"rendered":"<p>Le fauteuil roulant \u00e9lectrique <strong>Fantastique<\/strong> est con\u00e7u pour \u00eatre utilis\u00e9 \u00e0 l'int\u00e9rieur et \u00e0 l'ext\u00e9rieur. <br>Il a des dimensions r\u00e9duites pour une faible empreinte au sol.<br>Pratique et avec fermeture du livret. <br>Le joystick peut \u00eatre positionn\u00e9 \u00e0 gauche ou \u00e0 droite. <br>La batterie est facilement amovible. <br>Le poids de la chaise roulante sans la batterie est de seulement 16kg ! !! <br><br>Capacit\u00e9 de charge jusqu'\u00e0 130 kg.<\/p>\n\n\n\n<p><strong>Poussette d'occasion mod\u00e8le Fantastica \u00e0 vendre : pourquoi la choisir ?<br><\/strong><br>Disposer d'un fauteuil roulant \u00e9lectrique pliant tel que le <strong>Fantastic Power Smart Mia<\/strong> simplifie consid\u00e9rablement la routine quotidienne : parfait pour une utilisation \u00e0 l'int\u00e9rieur comme \u00e0 l'ext\u00e9rieur, ce fauteuil roulant allie praticit\u00e9, s\u00e9curit\u00e9 et portabilit\u00e9 sans compromis.<\/p>\n\n\n\n<p>Gr\u00e2ce \u00e0 la <strong>fermeture du livret<\/strong>, vous pouvez le plier rapidement et le ranger dans un petit espace lorsque vous n'en avez pas besoin, id\u00e9al pour la maison, le bureau ou les voyages.<\/p>\n\n\n\n<p>Gr\u00e2ce \u00e0 la conception <strong>ultra-compact et l\u00e9ger<\/strong> (seulement 16 kg sans batterie), il se d\u00e9place facilement m\u00eame dans les espaces restreints, offrant une gamme qui s'adapte aux besoins r\u00e9els de ses utilisateurs.<\/p>\n\n\n\n<p>Les <strong>joystick ambidextre<\/strong>, qui peut \u00eatre positionn\u00e9 \u00e0 gauche ou \u00e0 droite, offre un contr\u00f4le intuitif et personnalisable pour une exp\u00e9rience plus s\u00fbre et plus confortable.<\/p>\n\n\n\n<p>Ce fauteuil roulant est l'alli\u00e9 parfait pour tous ceux qui recherchent une aide mobile combin\u00e9e :<\/p>\n\n\n\n<ul class=\"wp-block-list\">\n<li><strong>Polyvalence d'utilisation<\/strong>Il s'adapte aussi bien \u00e0 l'int\u00e9rieur qu'\u00e0 l'ext\u00e9rieur, r\u00e9pondant sans limite \u00e0 la vie quotidienne.<\/li>\n\n\n\n<li><strong>Facilit\u00e9 et s\u00e9curit\u00e9<\/strong>est con\u00e7u pour \u00eatre intuitif, stable et fiable.<\/li>\n\n\n\n<li><strong>Portabilit\u00e9 imm\u00e9diate<\/strong>faible co\u00fbt, faible poids et structure pliable pour \u00eatre toujours pr\u00eat, n'importe o\u00f9.<\/li>\n<\/ul>\n\n\n\n<p>Pour en savoir plus sur nos aides d'occasion, consultez notre <a href=\"https:\/\/www.miamedicalitalia.it\/fr\/vendita-ausili-rigenerati-carrozzine-elettriche-rollator-scooter-per-mobilita\/\">article<\/a>!<\/p>","protected":false},"excerpt":{"rendered":"<div style=\"font-family: Arial, sans-serif; background-color: #234091; padding: 30px; border-radius: 25px; max-width: 600px; color: #ffffff; position: relative; border-top: 6px solid #2498fe;\">\n<h3 style=\"margin-top: 0; margin-bottom: 15px; color: #ffffff;\">Fauteuil roulant \u00e9lectrique fantastique<\/h3>\n<p>Compact et pliable, il peut \u00eatre utilis\u00e9 \u00e0 l'int\u00e9rieur comme \u00e0 l'ext\u00e9rieur.<\/p>\n<p>Seulement 16 kg sans la batterie, facile \u00e0 transporter.<\/p>\n<p>Pratique, avec fermeture du livret et joystick ambidextre.<\/p>\n<p><strong>\u26a0\ufe0f Avertissement : sans ceinture<\/strong><\/p>\n<p>La batterie est amovible pour une recharge rapide et pratique.<\/p>\n<\/div>\n<p><!-- Linea bianca sotto --><\/p>\n<div style=\"height: 6px; background-color: #ffffff; max-width: 600px;\"><\/div>","protected":false},"featured_media":14988,"template":"","meta":{"_acf_changed":false},"home-category":[263],"product_brand":[],"product_cat":[260,93,440,261],"product_tag":[],"woo-feed-brand":[],"class_list":{"0":"post-14380","1":"product","2":"type-product","3":"status-publish","4":"has-post-thumbnail","6":"home-category-ausili","7":"product_cat-affitto-e-noleggio-ausili","8":"product_cat-in-promozione","9":"product_cat-usato-in-promozione","10":"product_cat-vendita-ausili","12":"first","13":"outofstock","14":"shipping-taxable","15":"purchasable","16":"product-type-simple"},"acf":[],"yoast_head":"<!-- This site is optimized with the Yoast SEO Premium plugin v27.4 (Yoast SEO v27.4) - https:\/\/yoast.com\/product\/yoast-seo-premium-wordpress\/ -->\n<title>Vendita carrozzina usata modello &quot;Fantastica&quot; 3 - Mia Medical<\/title>\n<meta name=\"description\" content=\"Carrozzina usata modello fantastica in vendita. Disponibilit\u00e0 immediata. Consegna rapida 24\/48h. Il miglior rapporto qualit\u00e0 prezzo sul mercato! Chiama ora.\" \/>\n<meta name=\"robots\" content=\"index, follow, max-snippet:-1, max-image-preview:large, max-video-preview:-1\" \/>\n<link rel=\"canonical\" href=\"https:\/\/www.miamedicalitalia.it\/fr\/produit\/vendita-carrozzina-usata-modello-fantastica-2-2\/\" \/>\n<meta property=\"og:locale\" content=\"fr_FR\" \/>\n<meta property=\"og:type\" content=\"article\" \/>\n<meta property=\"og:title\" content=\"Vendita carrozzina usata modello &quot;Fantastica&quot; 3 - Mia Medical\" \/>\n<meta property=\"og:description\" content=\"Carrozzina usata modello fantastica in vendita. Disponibilit\u00e0 immediata. Consegna rapida 24\/48h. Il miglior rapporto qualit\u00e0 prezzo sul mercato! Chiama ora.\" \/>\n<meta property=\"og:url\" content=\"https:\/\/www.miamedicalitalia.it\/fr\/produit\/vendita-carrozzina-usata-modello-fantastica-2-2\/\" \/>\n<meta property=\"og:site_name\" content=\"Mia Medical\" \/>\n<meta property=\"article:publisher\" content=\"https:\/\/www.facebook.com\/miamedicalitalia\" \/>\n<meta property=\"article:modified_time\" content=\"2025-12-04T14:22:44+00:00\" \/>\n<meta property=\"og:image\" content=\"https:\/\/www.miamedicalitalia.it\/wp-content\/uploads\/2025\/09\/Venduta-2.png\" \/>\n\t<meta property=\"og:image:width\" content=\"1000\" \/>\n\t<meta property=\"og:image:height\" content=\"1000\" \/>\n\t<meta property=\"og:image:type\" content=\"image\/png\" \/>\n<meta name=\"twitter:card\" content=\"summary_large_image\" \/>\n<meta name=\"twitter:label1\" content=\"Dur\u00e9e de lecture estim\u00e9e\" \/>\n\t<meta name=\"twitter:data1\" content=\"1 minute\" \/>\n<script type=\"application\/ld+json\" class=\"yoast-schema-graph\">{\"@context\":\"https:\\\/\\\/schema.org\",\"@graph\":[{\"@type\":\"WebPage\",\"@id\":\"https:\\\/\\\/www.miamedicalitalia.it\\\/prodotto\\\/vendita-carrozzina-usata-modello-fantastica-2-2\\\/\",\"url\":\"https:\\\/\\\/www.miamedicalitalia.it\\\/prodotto\\\/vendita-carrozzina-usata-modello-fantastica-2-2\\\/\",\"name\":\"Vendita carrozzina usata modello \\\"Fantastica\\\" 3 - Mia Medical\",\"isPartOf\":{\"@id\":\"https:\\\/\\\/www.miamedicalitalia.it\\\/#website\"},\"primaryImageOfPage\":{\"@id\":\"https:\\\/\\\/www.miamedicalitalia.it\\\/prodotto\\\/vendita-carrozzina-usata-modello-fantastica-2-2\\\/#primaryimage\"},\"image\":{\"@id\":\"https:\\\/\\\/www.miamedicalitalia.it\\\/prodotto\\\/vendita-carrozzina-usata-modello-fantastica-2-2\\\/#primaryimage\"},\"thumbnailUrl\":\"https:\\\/\\\/www.miamedicalitalia.it\\\/wp-content\\\/uploads\\\/2025\\\/09\\\/Venduta-2.png\",\"datePublished\":\"2025-09-08T09:42:47+00:00\",\"dateModified\":\"2025-12-04T14:22:44+00:00\",\"description\":\"Carrozzina usata modello fantastica in vendita. Disponibilit\u00e0 immediata. Consegna rapida 24\\\/48h. Il miglior rapporto qualit\u00e0 prezzo sul mercato! Chiama ora.\",\"breadcrumb\":{\"@id\":\"https:\\\/\\\/www.miamedicalitalia.it\\\/prodotto\\\/vendita-carrozzina-usata-modello-fantastica-2-2\\\/#breadcrumb\"},\"inLanguage\":\"fr-FR\",\"potentialAction\":[{\"@type\":\"ReadAction\",\"target\":[\"https:\\\/\\\/www.miamedicalitalia.it\\\/prodotto\\\/vendita-carrozzina-usata-modello-fantastica-2-2\\\/\"]}]},{\"@type\":\"ImageObject\",\"inLanguage\":\"fr-FR\",\"@id\":\"https:\\\/\\\/www.miamedicalitalia.it\\\/prodotto\\\/vendita-carrozzina-usata-modello-fantastica-2-2\\\/#primaryimage\",\"url\":\"https:\\\/\\\/www.miamedicalitalia.it\\\/wp-content\\\/uploads\\\/2025\\\/09\\\/Venduta-2.png\",\"contentUrl\":\"https:\\\/\\\/www.miamedicalitalia.it\\\/wp-content\\\/uploads\\\/2025\\\/09\\\/Venduta-2.png\",\"width\":1000,\"height\":1000},{\"@type\":\"BreadcrumbList\",\"@id\":\"https:\\\/\\\/www.miamedicalitalia.it\\\/prodotto\\\/vendita-carrozzina-usata-modello-fantastica-2-2\\\/#breadcrumb\",\"itemListElement\":[{\"@type\":\"ListItem\",\"position\":1,\"name\":\"Home\",\"item\":\"https:\\\/\\\/www.miamedicalitalia.it\\\/\"},{\"@type\":\"ListItem\",\"position\":2,\"name\":\"Shop\",\"item\":\"https:\\\/\\\/www.miamedicalitalia.it\\\/negozio\\\/\"},{\"@type\":\"ListItem\",\"position\":3,\"name\":\"Affitto e noleggio\",\"item\":\"https:\\\/\\\/www.miamedicalitalia.it\\\/categoria\\\/affitto-e-noleggio-ausili\\\/\"},{\"@type\":\"ListItem\",\"position\":4,\"name\":\"Vendita carrozzina usata modello &#8220;Fantastica&#8221; 3\"}]},{\"@type\":\"WebSite\",\"@id\":\"https:\\\/\\\/www.miamedicalitalia.it\\\/#website\",\"url\":\"https:\\\/\\\/www.miamedicalitalia.it\\\/\",\"name\":\"www.miamedicalitalia.it\",\"description\":\"Noleggio e Vendita Attrezzatura Sanitarie\",\"publisher\":{\"@id\":\"https:\\\/\\\/www.miamedicalitalia.it\\\/#organization\"},\"potentialAction\":[{\"@type\":\"SearchAction\",\"target\":{\"@type\":\"EntryPoint\",\"urlTemplate\":\"https:\\\/\\\/www.miamedicalitalia.it\\\/?s={search_term_string}\"},\"query-input\":{\"@type\":\"PropertyValueSpecification\",\"valueRequired\":true,\"valueName\":\"search_term_string\"}}],\"inLanguage\":\"fr-FR\"},{\"@type\":\"Organization\",\"@id\":\"https:\\\/\\\/www.miamedicalitalia.it\\\/#organization\",\"name\":\"OLG\",\"url\":\"https:\\\/\\\/www.miamedicalitalia.it\\\/\",\"logo\":{\"@type\":\"ImageObject\",\"inLanguage\":\"fr-FR\",\"@id\":\"https:\\\/\\\/www.miamedicalitalia.it\\\/#\\\/schema\\\/logo\\\/image\\\/\",\"url\":\"https:\\\/\\\/www.miamedicalitalia.it\\\/wp-content\\\/uploads\\\/2023\\\/04\\\/mia-medical-logo-free.png\",\"contentUrl\":\"https:\\\/\\\/www.miamedicalitalia.it\\\/wp-content\\\/uploads\\\/2023\\\/04\\\/mia-medical-logo-free.png\",\"width\":700,\"height\":700,\"caption\":\"OLG\"},\"image\":{\"@id\":\"https:\\\/\\\/www.miamedicalitalia.it\\\/#\\\/schema\\\/logo\\\/image\\\/\"},\"sameAs\":[\"https:\\\/\\\/www.facebook.com\\\/miamedicalitalia\"]}]}<\/script>\n<!-- \/ Yoast SEO Premium plugin. -->","yoast_head_json":{"title":"Landau d'occasion mod\u00e8le \"Fantastica\" 3 \u00e0 vendre - Mia Medical","description":"Fauteuil roulant d'occasion mod\u00e8le fantastique \u00e0 vendre. Disponibilit\u00e9 imm\u00e9diate. Livraison rapide 24\/48h. Meilleur rapport qualit\u00e9\/prix du march\u00e9 ! Appelez-nous.","robots":{"index":"index","follow":"follow","max-snippet":"max-snippet:-1","max-image-preview":"max-image-preview:large","max-video-preview":"max-video-preview:-1"},"canonical":"https:\/\/www.miamedicalitalia.it\/fr\/produit\/vendita-carrozzina-usata-modello-fantastica-2-2\/","og_locale":"fr_FR","og_type":"article","og_title":"Vendita carrozzina usata modello \"Fantastica\" 3 - Mia Medical","og_description":"Carrozzina usata modello fantastica in vendita. Disponibilit\u00e0 immediata. Consegna rapida 24\/48h. Il miglior rapporto qualit\u00e0 prezzo sul mercato! Chiama ora.","og_url":"https:\/\/www.miamedicalitalia.it\/fr\/produit\/vendita-carrozzina-usata-modello-fantastica-2-2\/","og_site_name":"Mia Medical","article_publisher":"https:\/\/www.facebook.com\/miamedicalitalia","article_modified_time":"2025-12-04T14:22:44+00:00","og_image":[{"width":1000,"height":1000,"url":"https:\/\/www.miamedicalitalia.it\/wp-content\/uploads\/2025\/09\/Venduta-2.png","type":"image\/png"}],"twitter_card":"summary_large_image","twitter_misc":{"Dur\u00e9e de lecture estim\u00e9e":"1 minute"},"schema":{"@context":"https:\/\/schema.org","@graph":[{"@type":"WebPage","@id":"https:\/\/www.miamedicalitalia.it\/prodotto\/vendita-carrozzina-usata-modello-fantastica-2-2\/","url":"https:\/\/www.miamedicalitalia.it\/prodotto\/vendita-carrozzina-usata-modello-fantastica-2-2\/","name":"Landau d'occasion mod\u00e8le \"Fantastica\" 3 \u00e0 vendre - Mia Medical","isPartOf":{"@id":"https:\/\/www.miamedicalitalia.it\/#website"},"primaryImageOfPage":{"@id":"https:\/\/www.miamedicalitalia.it\/prodotto\/vendita-carrozzina-usata-modello-fantastica-2-2\/#primaryimage"},"image":{"@id":"https:\/\/www.miamedicalitalia.it\/prodotto\/vendita-carrozzina-usata-modello-fantastica-2-2\/#primaryimage"},"thumbnailUrl":"https:\/\/www.miamedicalitalia.it\/wp-content\/uploads\/2025\/09\/Venduta-2.png","datePublished":"2025-09-08T09:42:47+00:00","dateModified":"2025-12-04T14:22:44+00:00","description":"Fauteuil roulant d'occasion mod\u00e8le fantastique \u00e0 vendre. Disponibilit\u00e9 imm\u00e9diate. Livraison rapide 24\/48h. Meilleur rapport qualit\u00e9\/prix du march\u00e9 ! Appelez-nous.","breadcrumb":{"@id":"https:\/\/www.miamedicalitalia.it\/prodotto\/vendita-carrozzina-usata-modello-fantastica-2-2\/#breadcrumb"},"inLanguage":"fr-FR","potentialAction":[{"@type":"ReadAction","target":["https:\/\/www.miamedicalitalia.it\/prodotto\/vendita-carrozzina-usata-modello-fantastica-2-2\/"]}]},{"@type":"ImageObject","inLanguage":"fr-FR","@id":"https:\/\/www.miamedicalitalia.it\/prodotto\/vendita-carrozzina-usata-modello-fantastica-2-2\/#primaryimage","url":"https:\/\/www.miamedicalitalia.it\/wp-content\/uploads\/2025\/09\/Venduta-2.png","contentUrl":"https:\/\/www.miamedicalitalia.it\/wp-content\/uploads\/2025\/09\/Venduta-2.png","width":1000,"height":1000},{"@type":"BreadcrumbList","@id":"https:\/\/www.miamedicalitalia.it\/prodotto\/vendita-carrozzina-usata-modello-fantastica-2-2\/#breadcrumb","itemListElement":[{"@type":"ListItem","position":1,"name":"Home","item":"https:\/\/www.miamedicalitalia.it\/"},{"@type":"ListItem","position":2,"name":"Shop","item":"https:\/\/www.miamedicalitalia.it\/negozio\/"},{"@type":"ListItem","position":3,"name":"Affitto e noleggio","item":"https:\/\/www.miamedicalitalia.it\/categoria\/affitto-e-noleggio-ausili\/"},{"@type":"ListItem","position":4,"name":"Vendita carrozzina usata modello &#8220;Fantastica&#8221; 3"}]},{"@type":"WebSite","@id":"https:\/\/www.miamedicalitalia.it\/#website","url":"https:\/\/www.miamedicalitalia.it\/","name":"www.miamedicalitalia.it","description":"Location et vente d'\u00e9quipements sanitaires","publisher":{"@id":"https:\/\/www.miamedicalitalia.it\/#organization"},"potentialAction":[{"@type":"SearchAction","target":{"@type":"EntryPoint","urlTemplate":"https:\/\/www.miamedicalitalia.it\/?s={search_term_string}"},"query-input":{"@type":"PropertyValueSpecification","valueRequired":true,"valueName":"search_term_string"}}],"inLanguage":"fr-FR"},{"@type":"Organization","@id":"https:\/\/www.miamedicalitalia.it\/#organization","name":"OLG","url":"https:\/\/www.miamedicalitalia.it\/","logo":{"@type":"ImageObject","inLanguage":"fr-FR","@id":"https:\/\/www.miamedicalitalia.it\/#\/schema\/logo\/image\/","url":"https:\/\/www.miamedicalitalia.it\/wp-content\/uploads\/2023\/04\/mia-medical-logo-free.png","contentUrl":"https:\/\/www.miamedicalitalia.it\/wp-content\/uploads\/2023\/04\/mia-medical-logo-free.png","width":700,"height":700,"caption":"OLG"},"image":{"@id":"https:\/\/www.miamedicalitalia.it\/#\/schema\/logo\/image\/"},"sameAs":["https:\/\/www.facebook.com\/miamedicalitalia"]}]}},"wcpa_form_fields":null,"_links":{"self":[{"href":"https:\/\/www.miamedicalitalia.it\/fr\/wp-json\/wp\/v2\/product\/14380","targetHints":{"allow":["GET"]}}],"collection":[{"href":"https:\/\/www.miamedicalitalia.it\/fr\/wp-json\/wp\/v2\/product"}],"about":[{"href":"https:\/\/www.miamedicalitalia.it\/fr\/wp-json\/wp\/v2\/types\/product"}],"wp:featuredmedia":[{"embeddable":true,"href":"https:\/\/www.miamedicalitalia.it\/fr\/wp-json\/wp\/v2\/media\/14988"}],"wp:attachment":[{"href":"https:\/\/www.miamedicalitalia.it\/fr\/wp-json\/wp\/v2\/media?parent=14380"}],"wp:term":[{"taxonomy":"home-category","embeddable":true,"href":"https:\/\/www.miamedicalitalia.it\/fr\/wp-json\/wp\/v2\/home-category?post=14380"},{"taxonomy":"product_brand","embeddable":true,"href":"https:\/\/www.miamedicalitalia.it\/fr\/wp-json\/wp\/v2\/product_brand?post=14380"},{"taxonomy":"product_cat","embeddable":true,"href":"https:\/\/www.miamedicalitalia.it\/fr\/wp-json\/wp\/v2\/product_cat?post=14380"},{"taxonomy":"product_tag","embeddable":true,"href":"https:\/\/www.miamedicalitalia.it\/fr\/wp-json\/wp\/v2\/product_tag?post=14380"},{"taxonomy":"woo-feed-brand","embeddable":true,"href":"https:\/\/www.miamedicalitalia.it\/fr\/wp-json\/wp\/v2\/woo-feed-brand?post=14380"}],"curies":[{"name":"wp","href":"https:\/\/api.w.org\/{rel}","templated":true}]}}