{"id":14198,"date":"2025-08-12T17:50:01","date_gmt":"2025-08-12T15:50:01","guid":{"rendered":"https:\/\/www.miamedicalitalia.it\/?post_type=product&#038;p=14198"},"modified":"2026-02-18T14:22:39","modified_gmt":"2026-02-18T12:22:39","slug":"noleggio-magnetocemp-elite-globus","status":"publish","type":"product","link":"https:\/\/www.miamedicalitalia.it\/fr\/produit\/noleggio-magnetocemp-elite-globus\/","title":{"rendered":"Engager Magnetocemp Elite Globus"},"content":{"rendered":"<p>Les <strong>appareil de magn\u00e9toth\u00e9rapie professionnelle<\/strong> est un appareil PEMF \u00e0 basse fr\u00e9quence et \u00e0 haute intensit\u00e9, id\u00e9al pour les traitements cibl\u00e9s contre l'inflammation des articulations, l'arthrose, l'\u0153d\u00e8me osseux et les troubles du syst\u00e8me musculo-squelettique. Gr\u00e2ce \u00e0 la <strong>Champs \u00e9lectromagn\u00e9tiques puls\u00e9s<\/strong>Il stimule la r\u00e9g\u00e9n\u00e9ration des tissus et favorise une gu\u00e9rison naturelle, s\u00fbre et non invasive.<\/p>\n\n\n\n<p>Con\u00e7u pour un usage ambulatoire et \u00e0 domicile, cet appareil est simple d'utilisation mais tr\u00e8s efficace : il permet des traitements efficaces directement \u00e0 domicile, en suivant le plan th\u00e9rapeutique prescrit par le m\u00e9decin ou le physioth\u00e9rapeute.<\/p>\n\n\n\n<h3 class=\"wp-block-heading\" id=\"h-noleggio-magnetoterapia-professionale-caratteristiche-del-dispositivo\">Location professionnelle de magn\u00e9toth\u00e9rapie : caract\u00e9ristiques de l'appareil<\/h3>\n\n\n\n<ul class=\"wp-block-list\">\n<li>Magn\u00e9toth\u00e9rapie CEMP basse fr\u00e9quence<\/li>\n\n\n\n<li>Haute intensit\u00e9 pour des traitements en profondeur<\/li>\n\n\n\n<li>Programmes pr\u00e9d\u00e9finis pour l'arthrose, la tendinite, l'\u0153d\u00e8me et les fractures<\/li>\n\n\n\n<li>Minuterie r\u00e9glable pour la dur\u00e9e de la th\u00e9rapie<\/li>\n\n\n\n<li>\u00c9cran r\u00e9tro\u00e9clair\u00e9 et commandes intuitives<\/li>\n\n\n\n<li>Alimentation \u00e9lectrique<\/li>\n\n\n\n<li>Accessoires inclus : bande th\u00e9rapeutique, sol\u00e9no\u00efdes, manuel.<\/li>\n\n\n\n<li>Facile \u00e0 utiliser, m\u00eame sans exp\u00e9rience m\u00e9dicale<\/li>\n<\/ul>\n\n\n\n<p>La location de cet appareil constitue une solution pratique et \u00e9conomique pour des cycles de traitement de 30 \u00e0 60 jours, avec le confort d'un traitement \u00e0 domicile.<\/p>\n\n\n\n<p>Contactez-nous d\u00e8s aujourd'hui au <strong>+39 392 65 09 237<\/strong> de recevoir des informations, de r\u00e9server la location et de recevoir l'appareil en seulement 24\/48 heures, avec <strong>livraison rapide dans toute l'Italie !<\/strong><\/p>\n\n\n\n<h3 class=\"wp-block-heading\" id=\"h-perche-scegliere-il-noleggio\">Pourquoi embaucher<\/h3>\n\n\n\n<p>La location est le choix id\u00e9al pour ceux qui ont besoin d'un traitement temporaire sans l'engagement d'un achat. Une formule flexible qui vous permet de suivre les th\u00e9rapies prescrites sans sacrifier la qualit\u00e9 et le confort.<\/p>\n\n\n\n<p><strong>Avantages de la location :<\/strong><\/p>\n\n\n\n<ul class=\"wp-block-list\">\n<li>Pas de frais d'achat<\/li>\n\n\n\n<li>Livraison \u00e0 domicile en 24\/48 heures<\/li>\n\n\n\n<li>Possibilit\u00e9 de prolongation ou de retrait anticip\u00e9<\/li>\n\n\n\n<li>Assistance et conseils techniques gratuits<\/li>\n\n\n\n<li>Appareil d\u00e9sinfect\u00e9 et certifi\u00e9<\/li>\n<\/ul>\n\n\n\n<h3 class=\"wp-block-heading\" id=\"h-perche-affidarti-a-mia-medical-italia\">Pourquoi faire confiance \u00e0 Mia Medical Italia<\/h3>\n\n\n\n<p>Avec <strong>Mia Medical Italie<\/strong> vous avez la garantie d'un service fiable et professionnel, avec une assistance personnalis\u00e9e et des appareils \u00e9lectrom\u00e9dicaux de pointe.<\/p>\n\n\n\n<p>Nos atouts :<\/p>\n\n\n\n<ul class=\"wp-block-list\">\n<li>Conseils gratuits avant et pendant la location<\/li>\n\n\n\n<li>Dispositifs CE et d\u00e9sinfect\u00e9s \u00e0 chaque utilisation<\/li>\n\n\n\n<li>Livraison et collecte \u00e0 domicile dans toute l'Italie<\/li>\n\n\n\n<li>Personnel exp\u00e9riment\u00e9 et serviable<\/li>\n\n\n\n<li>Des prix transparents et comp\u00e9titifs<\/li>\n<\/ul>\n\n\n\n<p>Visitez le site <strong>notre site<\/strong> pour d\u00e9couvrir la vaste gamme de dispositifs \u00e9lectrom\u00e9dicaux, <strong><a href=\"https:\/\/www.miamedicalitalia.it\/fr\/categoria\/affitto-e-noleggio-ausili\/?_gl=1*c4srxd*_up*MQ..*_ga*MjExOTgxNjM4Mi4xNzQ4Njg0MzA5*_ga_D9FZ9V3LL7*czE3NDg2ODkyMzckbzMkZzAkdDE3NDg2ODkyMzckajYwJGwwJGgw\">magn\u00e9toth\u00e9rapie, \u00e9lectroth\u00e9rapie, pressoth\u00e9rapie, cryoth\u00e9rapie et autres.<\/a><\/strong><\/p>\n\n\n\n<p>Avec Mia Medical Italia, le traitement n'a jamais \u00e9t\u00e9 aussi simple et s\u00fbr. R\u00e9servez votre appareil d\u00e8s maintenant et commencez votre traitement en seulement 24\/48 heures ! Qu'est-ce que vous attendez ? <strong><a href=\"https:\/\/wa.me\/393926509237\">nous contacter<\/a><\/strong> maintenant \u00e0 +<strong>39 392 65 09 237.<\/strong> Appelez-nous pour louer votre appareil de magn\u00e9toth\u00e9rapie \u00e0 domicile d\u00e8s aujourd'hui.<\/p>","protected":false},"excerpt":{"rendered":"<div style=\"font-family: Arial, sans-serif; background-color: #234091; padding: 30px; border-radius: 25px; max-width: 600px; color: #ffffff; position: relative; border-top: 6px solid #2498fe;\">\n<h3 style=\"color: #ffffff; margin-top: 0;\">Location Magn\u00e9toth\u00e9rapie Magnetocemp Elite Globus<\/h3>\n<p>Consegna a domicilio in tutta Italia a partire da 15\u20ac + 15\u20ac per il ritiro.<\/p>\n<p><strong>Livraison gratuite si vous achetez une location pour un minimum de 45 jours.<\/strong><\/p>\n<p><strong>Aucun d\u00e9p\u00f4t n'est requis !<\/strong><\/p>\n<\/div>\n<p><!-- Linea bianca sotto --><\/p>\n<div style=\"height: 6px; background-color: #ffffff; max-width: 600px;\">\u00a0<\/div>","protected":false},"featured_media":14199,"template":"","meta":{"_acf_changed":true},"home-category":[262],"product_brand":[],"product_cat":[260,224],"product_tag":[],"woo-feed-brand":[],"class_list":{"0":"post-14198","1":"product","2":"type-product","3":"status-publish","4":"has-post-thumbnail","6":"home-category-elettromedicali","7":"product_cat-affitto-e-noleggio-ausili","8":"product_cat-affitto-noleggio-magnetoterapia-cemp","9":"wcpa_has_options","11":"first","12":"instock","13":"shipping-taxable","14":"purchasable","15":"product-type-variable"},"acf":[],"yoast_head":"<!-- This site is optimized with the Yoast SEO Premium plugin v27.5 (Yoast SEO v27.5) - https:\/\/yoast.com\/product\/yoast-seo-premium-wordpress\/ -->\n<title>Noleggio Magnetocemp\u00a0Elite Globus<\/title>\n<meta name=\"description\" content=\"Noleggio Magnetocemp Elite Glubus a partire da 2,90 Euro al giorno. Consegna a domicilio. Apparecchi sicuri, affidabili e facili da usare.\" \/>\n<meta name=\"robots\" content=\"index, follow, max-snippet:-1, max-image-preview:large, max-video-preview:-1\" \/>\n<link rel=\"canonical\" href=\"https:\/\/www.miamedicalitalia.it\/fr\/produit\/noleggio-magnetocemp-elite-globus\/\" \/>\n<meta property=\"og:locale\" content=\"fr_FR\" \/>\n<meta property=\"og:type\" content=\"article\" \/>\n<meta property=\"og:title\" content=\"Noleggio Magnetocemp\u00a0Elite Globus\" \/>\n<meta property=\"og:description\" content=\"Noleggio Magnetocemp Elite Glubus a partire da 2,90 Euro al giorno. Consegna a domicilio. Apparecchi sicuri, affidabili e facili da usare.\" \/>\n<meta property=\"og:url\" content=\"https:\/\/www.miamedicalitalia.it\/fr\/produit\/noleggio-magnetocemp-elite-globus\/\" \/>\n<meta property=\"og:site_name\" content=\"Mia Medical\" \/>\n<meta property=\"article:publisher\" content=\"https:\/\/www.facebook.com\/miamedicalitalia\" \/>\n<meta property=\"article:modified_time\" content=\"2026-02-18T12:22:39+00:00\" \/>\n<meta property=\"og:image\" content=\"https:\/\/www.miamedicalitalia.it\/wp-content\/uploads\/2025\/07\/Magnetocemp-Elite-Miamedical.png\" \/>\n\t<meta property=\"og:image:width\" content=\"1000\" \/>\n\t<meta property=\"og:image:height\" content=\"1000\" \/>\n\t<meta property=\"og:image:type\" content=\"image\/png\" \/>\n<meta name=\"twitter:card\" content=\"summary_large_image\" \/>\n<meta name=\"twitter:label1\" content=\"Dur\u00e9e de lecture estim\u00e9e\" \/>\n\t<meta name=\"twitter:data1\" content=\"2 minutes\" \/>\n<script type=\"application\/ld+json\" class=\"yoast-schema-graph\">{\"@context\":\"https:\\\/\\\/schema.org\",\"@graph\":[{\"@type\":\"WebPage\",\"@id\":\"https:\\\/\\\/www.miamedicalitalia.it\\\/prodotto\\\/noleggio-magnetocemp-elite-globus\\\/\",\"url\":\"https:\\\/\\\/www.miamedicalitalia.it\\\/prodotto\\\/noleggio-magnetocemp-elite-globus\\\/\",\"name\":\"Noleggio Magnetocemp\u00a0Elite Globus\",\"isPartOf\":{\"@id\":\"https:\\\/\\\/www.miamedicalitalia.it\\\/#website\"},\"primaryImageOfPage\":{\"@id\":\"https:\\\/\\\/www.miamedicalitalia.it\\\/prodotto\\\/noleggio-magnetocemp-elite-globus\\\/#primaryimage\"},\"image\":{\"@id\":\"https:\\\/\\\/www.miamedicalitalia.it\\\/prodotto\\\/noleggio-magnetocemp-elite-globus\\\/#primaryimage\"},\"thumbnailUrl\":\"https:\\\/\\\/www.miamedicalitalia.it\\\/wp-content\\\/uploads\\\/2025\\\/07\\\/Magnetocemp-Elite-Miamedical.png\",\"datePublished\":\"2025-08-12T15:50:01+00:00\",\"dateModified\":\"2026-02-18T12:22:39+00:00\",\"description\":\"Noleggio Magnetocemp Elite Glubus a partire da 2,90 Euro al giorno. Consegna a domicilio. Apparecchi sicuri, affidabili e facili da usare.\",\"breadcrumb\":{\"@id\":\"https:\\\/\\\/www.miamedicalitalia.it\\\/prodotto\\\/noleggio-magnetocemp-elite-globus\\\/#breadcrumb\"},\"inLanguage\":\"fr-FR\",\"potentialAction\":[{\"@type\":\"ReadAction\",\"target\":[\"https:\\\/\\\/www.miamedicalitalia.it\\\/prodotto\\\/noleggio-magnetocemp-elite-globus\\\/\"]}]},{\"@type\":\"ImageObject\",\"inLanguage\":\"fr-FR\",\"@id\":\"https:\\\/\\\/www.miamedicalitalia.it\\\/prodotto\\\/noleggio-magnetocemp-elite-globus\\\/#primaryimage\",\"url\":\"https:\\\/\\\/www.miamedicalitalia.it\\\/wp-content\\\/uploads\\\/2025\\\/07\\\/Magnetocemp-Elite-Miamedical.png\",\"contentUrl\":\"https:\\\/\\\/www.miamedicalitalia.it\\\/wp-content\\\/uploads\\\/2025\\\/07\\\/Magnetocemp-Elite-Miamedical.png\",\"width\":1000,\"height\":1000},{\"@type\":\"BreadcrumbList\",\"@id\":\"https:\\\/\\\/www.miamedicalitalia.it\\\/prodotto\\\/noleggio-magnetocemp-elite-globus\\\/#breadcrumb\",\"itemListElement\":[{\"@type\":\"ListItem\",\"position\":1,\"name\":\"Home\",\"item\":\"https:\\\/\\\/www.miamedicalitalia.it\\\/\"},{\"@type\":\"ListItem\",\"position\":2,\"name\":\"Shop\",\"item\":\"https:\\\/\\\/www.miamedicalitalia.it\\\/negozio\\\/\"},{\"@type\":\"ListItem\",\"position\":3,\"name\":\"Affitto e noleggio\",\"item\":\"https:\\\/\\\/www.miamedicalitalia.it\\\/categoria\\\/affitto-e-noleggio-ausili\\\/\"},{\"@type\":\"ListItem\",\"position\":4,\"name\":\"Noleggio Magnetocemp\u00a0Elite Globus\"}]},{\"@type\":\"WebSite\",\"@id\":\"https:\\\/\\\/www.miamedicalitalia.it\\\/#website\",\"url\":\"https:\\\/\\\/www.miamedicalitalia.it\\\/\",\"name\":\"www.miamedicalitalia.it\",\"description\":\"Noleggio e Vendita Attrezzatura Sanitarie\",\"publisher\":{\"@id\":\"https:\\\/\\\/www.miamedicalitalia.it\\\/#organization\"},\"potentialAction\":[{\"@type\":\"SearchAction\",\"target\":{\"@type\":\"EntryPoint\",\"urlTemplate\":\"https:\\\/\\\/www.miamedicalitalia.it\\\/?s={search_term_string}\"},\"query-input\":{\"@type\":\"PropertyValueSpecification\",\"valueRequired\":true,\"valueName\":\"search_term_string\"}}],\"inLanguage\":\"fr-FR\"},{\"@type\":\"Organization\",\"@id\":\"https:\\\/\\\/www.miamedicalitalia.it\\\/#organization\",\"name\":\"OLG\",\"url\":\"https:\\\/\\\/www.miamedicalitalia.it\\\/\",\"logo\":{\"@type\":\"ImageObject\",\"inLanguage\":\"fr-FR\",\"@id\":\"https:\\\/\\\/www.miamedicalitalia.it\\\/#\\\/schema\\\/logo\\\/image\\\/\",\"url\":\"https:\\\/\\\/www.miamedicalitalia.it\\\/wp-content\\\/uploads\\\/2023\\\/04\\\/mia-medical-logo-free.png\",\"contentUrl\":\"https:\\\/\\\/www.miamedicalitalia.it\\\/wp-content\\\/uploads\\\/2023\\\/04\\\/mia-medical-logo-free.png\",\"width\":700,\"height\":700,\"caption\":\"OLG\"},\"image\":{\"@id\":\"https:\\\/\\\/www.miamedicalitalia.it\\\/#\\\/schema\\\/logo\\\/image\\\/\"},\"sameAs\":[\"https:\\\/\\\/www.facebook.com\\\/miamedicalitalia\"]}]}<\/script>\n<!-- \/ Yoast SEO Premium plugin. -->","yoast_head_json":{"title":"Engager Magnetocemp Elite Globus","description":"Location Magnetocemp Elite Glubus \u00e0 partir de 2,90 Euro par jour. Livraison \u00e0 domicile. Des appareils s\u00fbrs, fiables et faciles \u00e0 utiliser.","robots":{"index":"index","follow":"follow","max-snippet":"max-snippet:-1","max-image-preview":"max-image-preview:large","max-video-preview":"max-video-preview:-1"},"canonical":"https:\/\/www.miamedicalitalia.it\/fr\/produit\/noleggio-magnetocemp-elite-globus\/","og_locale":"fr_FR","og_type":"article","og_title":"Noleggio Magnetocemp\u00a0Elite Globus","og_description":"Noleggio Magnetocemp Elite Glubus a partire da 2,90 Euro al giorno. Consegna a domicilio. Apparecchi sicuri, affidabili e facili da usare.","og_url":"https:\/\/www.miamedicalitalia.it\/fr\/produit\/noleggio-magnetocemp-elite-globus\/","og_site_name":"Mia Medical","article_publisher":"https:\/\/www.facebook.com\/miamedicalitalia","article_modified_time":"2026-02-18T12:22:39+00:00","og_image":[{"width":1000,"height":1000,"url":"https:\/\/www.miamedicalitalia.it\/wp-content\/uploads\/2025\/07\/Magnetocemp-Elite-Miamedical.png","type":"image\/png"}],"twitter_card":"summary_large_image","twitter_misc":{"Dur\u00e9e de lecture estim\u00e9e":"2 minutes"},"schema":{"@context":"https:\/\/schema.org","@graph":[{"@type":"WebPage","@id":"https:\/\/www.miamedicalitalia.it\/prodotto\/noleggio-magnetocemp-elite-globus\/","url":"https:\/\/www.miamedicalitalia.it\/prodotto\/noleggio-magnetocemp-elite-globus\/","name":"Engager Magnetocemp Elite Globus","isPartOf":{"@id":"https:\/\/www.miamedicalitalia.it\/#website"},"primaryImageOfPage":{"@id":"https:\/\/www.miamedicalitalia.it\/prodotto\/noleggio-magnetocemp-elite-globus\/#primaryimage"},"image":{"@id":"https:\/\/www.miamedicalitalia.it\/prodotto\/noleggio-magnetocemp-elite-globus\/#primaryimage"},"thumbnailUrl":"https:\/\/www.miamedicalitalia.it\/wp-content\/uploads\/2025\/07\/Magnetocemp-Elite-Miamedical.png","datePublished":"2025-08-12T15:50:01+00:00","dateModified":"2026-02-18T12:22:39+00:00","description":"Location Magnetocemp Elite Glubus \u00e0 partir de 2,90 Euro par jour. Livraison \u00e0 domicile. Des appareils s\u00fbrs, fiables et faciles \u00e0 utiliser.","breadcrumb":{"@id":"https:\/\/www.miamedicalitalia.it\/prodotto\/noleggio-magnetocemp-elite-globus\/#breadcrumb"},"inLanguage":"fr-FR","potentialAction":[{"@type":"ReadAction","target":["https:\/\/www.miamedicalitalia.it\/prodotto\/noleggio-magnetocemp-elite-globus\/"]}]},{"@type":"ImageObject","inLanguage":"fr-FR","@id":"https:\/\/www.miamedicalitalia.it\/prodotto\/noleggio-magnetocemp-elite-globus\/#primaryimage","url":"https:\/\/www.miamedicalitalia.it\/wp-content\/uploads\/2025\/07\/Magnetocemp-Elite-Miamedical.png","contentUrl":"https:\/\/www.miamedicalitalia.it\/wp-content\/uploads\/2025\/07\/Magnetocemp-Elite-Miamedical.png","width":1000,"height":1000},{"@type":"BreadcrumbList","@id":"https:\/\/www.miamedicalitalia.it\/prodotto\/noleggio-magnetocemp-elite-globus\/#breadcrumb","itemListElement":[{"@type":"ListItem","position":1,"name":"Home","item":"https:\/\/www.miamedicalitalia.it\/"},{"@type":"ListItem","position":2,"name":"Shop","item":"https:\/\/www.miamedicalitalia.it\/negozio\/"},{"@type":"ListItem","position":3,"name":"Affitto e noleggio","item":"https:\/\/www.miamedicalitalia.it\/categoria\/affitto-e-noleggio-ausili\/"},{"@type":"ListItem","position":4,"name":"Noleggio Magnetocemp\u00a0Elite Globus"}]},{"@type":"WebSite","@id":"https:\/\/www.miamedicalitalia.it\/#website","url":"https:\/\/www.miamedicalitalia.it\/","name":"www.miamedicalitalia.it","description":"Location et vente d'\u00e9quipements sanitaires","publisher":{"@id":"https:\/\/www.miamedicalitalia.it\/#organization"},"potentialAction":[{"@type":"SearchAction","target":{"@type":"EntryPoint","urlTemplate":"https:\/\/www.miamedicalitalia.it\/?s={search_term_string}"},"query-input":{"@type":"PropertyValueSpecification","valueRequired":true,"valueName":"search_term_string"}}],"inLanguage":"fr-FR"},{"@type":"Organization","@id":"https:\/\/www.miamedicalitalia.it\/#organization","name":"OLG","url":"https:\/\/www.miamedicalitalia.it\/","logo":{"@type":"ImageObject","inLanguage":"fr-FR","@id":"https:\/\/www.miamedicalitalia.it\/#\/schema\/logo\/image\/","url":"https:\/\/www.miamedicalitalia.it\/wp-content\/uploads\/2023\/04\/mia-medical-logo-free.png","contentUrl":"https:\/\/www.miamedicalitalia.it\/wp-content\/uploads\/2023\/04\/mia-medical-logo-free.png","width":700,"height":700,"caption":"OLG"},"image":{"@id":"https:\/\/www.miamedicalitalia.it\/#\/schema\/logo\/image\/"},"sameAs":["https:\/\/www.facebook.com\/miamedicalitalia"]}]}},"wcpa_form_fields":{"wcpaData":{"product":{"product_price":100,"price_html":"<span class=\"woocommerce-Price-amount amount\" aria-hidden=\"true\"><bdi><span class=\"woocommerce-Price-currencySymbol\">&euro;<\/span>100.00<\/bdi><\/span> <span aria-hidden=\"true\">\u00a0\u2013\u00a0<\/span> <span class=\"woocommerce-Price-amount amount\" aria-hidden=\"true\"><bdi><span class=\"woocommerce-Price-currencySymbol\">&euro;<\/span>210.00<\/bdi><\/span><span class=\"screen-reader-text\">Plage de prix\u00a0: &euro;100.00 \u00e0 &euro;210.00<\/span>","original_product_price":100,"price_including_tax":100,"price_excluding_tax":100,"product_id":{"parent":14198,"variation":false},"is_variable":true,"stock_status":"instock","stock_quantity":null,"parent_sku":"","product_attributes":{"quanto-costa":{"is_variation":true,"values":[]}},"custom_fields":[],"is_taxable":false,"product_name":"Noleggio Magnetocemp\u00a0Elite Globus","hasImage":false},"fields":{"sec_565f165582eb8c":{"extra":{"key":"sec_565f165582eb8c","section_id":"sec_565f165582eb8c","name":"Predefinito","status":1,"toggle":true,"form_id":12050,"form_rules":{"exclude_from_discount":false,"fee_label":"Fee","disp_hide_options_price":false,"disp_show_section_price":false,"disp_show_field_price":true,"layout_option":"standard","pric_use_as_fee":false,"process_fee_as":"woo_fee"},"layout_option":"standard"},"fields":[[{"active":true,"col":6,"relations":false,"cl_rule":"show","enableCl":false,"price":"","enablePrice":false,"className":"input-text","type":"date","required":true,"elementId":"date_3189538061","name":"date_3189538061","label":"A partire dal giorno:","picker_type":"custom","picker_mode":"single","error":false,"description":"Inserisci la data di inizio del noleggio","gt_translate_keys":["label","description"],"price_dependency":false,"cl_dependency":false,"value":""}]]}},"config":{"price_override":"","enable_recaptcha":false,"bind_quantity":false,"quantity_bind_formula":false,"disp_summ_show_option_price":true,"disp_summ_show_product_price":true,"disp_summ_show_total_price":true,"disp_summ_show_fee":false,"disp_summ_show_discount":false,"summary_title":"","options_total_label":"Options Price","total_label":"Total","options_product_label":"Product Price","fee_label":"Fee","discount_label":"Discount","has_price":true,"has_quantity_formula":false},"mc_unit":1,"tax_rate":1,"tax_rate_real":1,"discount":{"percentage":0,"fixed":0},"design":{"conf":{"LabelPosition":"above","DescPosition":"below","UploadField":"custom_1","QuantityFieldStyle":"default"},"css":{"LeftLabelWidth":"50px"}},"formulas":[],"lookuptables":[],"clones":false,"cartKey":false}},"_links":{"self":[{"href":"https:\/\/www.miamedicalitalia.it\/fr\/wp-json\/wp\/v2\/product\/14198","targetHints":{"allow":["GET"]}}],"collection":[{"href":"https:\/\/www.miamedicalitalia.it\/fr\/wp-json\/wp\/v2\/product"}],"about":[{"href":"https:\/\/www.miamedicalitalia.it\/fr\/wp-json\/wp\/v2\/types\/product"}],"wp:featuredmedia":[{"embeddable":true,"href":"https:\/\/www.miamedicalitalia.it\/fr\/wp-json\/wp\/v2\/media\/14199"}],"wp:attachment":[{"href":"https:\/\/www.miamedicalitalia.it\/fr\/wp-json\/wp\/v2\/media?parent=14198"}],"wp:term":[{"taxonomy":"home-category","embeddable":true,"href":"https:\/\/www.miamedicalitalia.it\/fr\/wp-json\/wp\/v2\/home-category?post=14198"},{"taxonomy":"product_brand","embeddable":true,"href":"https:\/\/www.miamedicalitalia.it\/fr\/wp-json\/wp\/v2\/product_brand?post=14198"},{"taxonomy":"product_cat","embeddable":true,"href":"https:\/\/www.miamedicalitalia.it\/fr\/wp-json\/wp\/v2\/product_cat?post=14198"},{"taxonomy":"product_tag","embeddable":true,"href":"https:\/\/www.miamedicalitalia.it\/fr\/wp-json\/wp\/v2\/product_tag?post=14198"},{"taxonomy":"woo-feed-brand","embeddable":true,"href":"https:\/\/www.miamedicalitalia.it\/fr\/wp-json\/wp\/v2\/woo-feed-brand?post=14198"}],"curies":[{"name":"wp","href":"https:\/\/api.w.org\/{rel}","templated":true}]}}