{"id":14188,"date":"2025-08-12T17:22:01","date_gmt":"2025-08-12T15:22:01","guid":{"rendered":"https:\/\/www.miamedicalitalia.it\/?post_type=product&#038;p=14188"},"modified":"2026-03-06T18:17:55","modified_gmt":"2026-03-06T16:17:55","slug":"vendita-tens-elettrostimolatore-globus-premium-400","status":"publish","type":"product","link":"https:\/\/www.miamedicalitalia.it\/fr\/produit\/vendita-tens-elettrostimolatore-globus-premium-400\/","title":{"rendered":"Vente TENS Electrostimulateur GLOBUS Premium 400"},"content":{"rendered":"<p><strong>Acheter l'appareil GLOBUS Premium 400<\/strong>, <a href=\"https:\/\/www.globuscorporation.com\/it\/prodotti-domiciliari\/premium-400\/\">l'\u00e9lectrostimulateur professionnel<\/a> id\u00e9al pour traiter la douleur, renforcer les muscles et favoriser la r\u00e9cup\u00e9ration fonctionnelle \u00e0 domicile. \u00c9galement disponible \u00e0 la location avec le service complet de\u00a0<strong>Mia Medical Italie<\/strong>.<\/p>\n\n\n\n<h4 class=\"wp-block-heading\" id=\"h-cosa-e-la-terapia-tens\">Qu'est-ce que la th\u00e9rapie TENS ?<\/h4>\n\n\n\n<p>TENS signifie&nbsp;<strong><a href=\"https:\/\/www.my-personaltrainer.it\/salute-benessere\/tens.html\">Stimulation nerveuse \u00e9lectrique transcutan\u00e9e<\/a><\/strong>une th\u00e9rapie non invasive qui utilise des impulsions \u00e9lectriques \u00e0 basse fr\u00e9quence pour&nbsp;<strong>soulager la douleur<\/strong>. Les impulsions, transmises par des \u00e9lectrodes sur la peau, agissent sur le syst\u00e8me nerveux pour bloquer la perception de la douleur et stimuler la production d'endorphines. <strong><a href=\"https:\/\/wa.me\/393926509237\">Contactez-nous<\/a><\/strong> pour une consultation gratuite et sans engagement, et <strong>louez votre \u00e9lectrostimulateur TENS aujourd'hui, livraison rapide<\/strong>!<\/p>\n\n\n\n<p>L'effet est&nbsp;<strong>imm\u00e9diat<\/strong>, Le patient commence \u00e0 se sentir nettement mieux apr\u00e8s environ 15 minutes, mais cet effet tend \u00e0 s'estomper aussi rapidement, apr\u00e8s environ 4-5 heures. Il est donc important d'effectuer un cycle th\u00e9rapeutique d'environ 10 \u00e0 20 s\u00e9ances, d'une dur\u00e9e de 30 \u00e0 50 minutes chacune : ainsi, la contracture musculaire r\u00e9flexe s'att\u00e9nue de s\u00e9ance en s\u00e9ance et les catabolites \u00e9limin\u00e9s permettent une r\u00e9solution significative du probl\u00e8me.<\/p>\n\n\n\n<h4 class=\"wp-block-heading\" id=\"h-vendita-tens-elettrostimolatore-globus-premium-400-caratteristiche-del-dispositivo\"><strong>Vente Electrostimulateur Tens <br>GLOBUS Premium 400 : Caract\u00e9ristiques de l'appareil<\/strong><\/h4>\n\n\n\n<p>Le GLOBUS Premium 400 est un \u00e9lectrostimulateur haut de gamme con\u00e7u pour un usage domestique et professionnel.<br>Parmi ses&nbsp;<strong>principales caract\u00e9ristiques techniques<\/strong>:<\/p>\n\n\n\n<ul class=\"wp-block-list\">\n<li><strong>4 canaux ind\u00e9pendants<\/strong>&nbsp;pour traiter plusieurs zones simultan\u00e9ment<\/li>\n\n\n\n<li><strong>TENS, EMS, iontophor\u00e8se et microcourants<\/strong>&nbsp;pour un traitement diversifi\u00e9<\/li>\n\n\n\n<li>Grandes dimensions&nbsp;<strong>\u00e9cran r\u00e9tro\u00e9clair\u00e9<\/strong>&nbsp;et une interface intuitive<\/li>\n\n\n\n<li><strong>Programmes pr\u00e9d\u00e9finis<\/strong>&nbsp;pour plus de 400 traitements<\/li>\n\n\n\n<li>Fonction&nbsp;<strong>\u201cAutoStim\u201d<\/strong>&nbsp;pour une facilit\u00e9 d'utilisation m\u00eame pour les moins exp\u00e9riment\u00e9s<\/li>\n\n\n\n<li>Alimentation par batterie rechargeable longue dur\u00e9e<\/li>\n<\/ul>\n\n\n\n<h4 class=\"wp-block-heading\" id=\"h-a-chi-e-utile-l-acquisto-di-globus-premium-400\">Qui a int\u00e9r\u00eat \u00e0 acheter GLOBUS Premium 400<\/h4>\n\n\n\n<p>Les maladies qui peuvent \u00eatre trait\u00e9es avec GLOBUS Premium 400 sont vari\u00e9es :<\/p>\n\n\n\n<ul class=\"wp-block-list\">\n<li><strong>Douleurs musculaires et articulaires<\/strong>&nbsp;(lombalgie, cervicalgie, tendinite)<\/li>\n\n\n\n<li><strong>N\u00e9vralgie<\/strong>&nbsp;(sciatique, canal carpien)<\/li>\n\n\n\n<li><strong>Troubles postop\u00e9ratoires<\/strong>&nbsp;(r\u00e9adaptation et analg\u00e9sie)<\/li>\n\n\n\n<li><strong>Blessures sportives<\/strong>&nbsp;(contractures, tensions)<\/li>\n\n\n\n<li><strong>Probl\u00e8mes de circulation et de drainage lymphatique<\/strong><\/li>\n\n\n\n<li><strong>Atrophies musculaires<\/strong>&nbsp;o&nbsp;<strong>hypotonie post-traumatique<\/strong><\/li>\n<\/ul>\n\n\n\n<h4 class=\"wp-block-heading\" id=\"h-benefici-dell-elettroterapia-con-globus-premium-400\"><strong>Avantages de l'\u00e9lectroth\u00e9rapie avec GLOBUS Premium 400<\/strong><\/h4>\n\n\n\n<ul class=\"wp-block-list\">\n<li><strong>R\u00e9duction imm\u00e9diate de la douleur<\/strong>&nbsp;sans m\u00e9dicaments<\/li>\n\n\n\n<li><strong>R\u00e9cup\u00e9ration musculaire plus rapide<\/strong><\/li>\n\n\n\n<li><strong>Am\u00e9lioration de la mobilit\u00e9 des articulations<\/strong><\/li>\n\n\n\n<li><strong>Pr\u00e9vention de l'atrophie<\/strong>&nbsp;en cas d'immobilisation<\/li>\n\n\n\n<li><strong>Action de drainage et de tonification<\/strong>&nbsp;pour le bien-\u00eatre g\u00e9n\u00e9ral<\/li>\n<\/ul>\n\n\n\n<h4 class=\"wp-block-heading\" id=\"h-quale-programma-usare-tens-ems-ionoforesi-o-microcorrenti-le-differenze-spiegate\"><strong>Quel programme utiliser ? TENS, EMS, Iontophor\u00e8se ou microcourants : les diff\u00e9rences expliqu\u00e9es<\/strong><\/h4>\n\n\n\n<p>Le GLOBUS Premium 400 est un \u00e9lectrostimulateur multifonctionnel con\u00e7u pour offrir&nbsp;<strong>les diff\u00e9rents types de traitement<\/strong>&nbsp;en fonction des besoins de l'utilisateur. Voici un guide pour choisir&nbsp;<strong>le bon programme au bon moment<\/strong>.<\/p>\n\n\n\n<h4 class=\"wp-block-heading\" id=\"h-tens\"><strong>TENS<\/strong><\/h4>\n\n\n\n<p><strong>Quand l'utiliser ?<\/strong>: en pr\u00e9sence de <strong>douleur aigu\u00eb ou chronique<\/strong>, tels que<\/p>\n\n\n\n<ul class=\"wp-block-list\">\n<li>Lumbago, cervicalgie, sciatique<\/li>\n\n\n\n<li>N\u00e9vralgies et douleurs postop\u00e9ratoires<\/li>\n\n\n\n<li>Douleur musculaire due \u00e0 une surcharge<\/li>\n<\/ul>\n\n\n\n<h4 class=\"wp-block-heading\" id=\"h-come-funziona-stimola-le-fibre-nervose-per-nbsp-bloccare-la-trasmissione-del-dolore-nbsp-e-aumentare-la-produzione-di-nbsp-endorfine-ideale-per-chi-soffre-di-dolori-ricorrenti-e-o-vuole-evitare-i-farmaci-ems\">Mode d'action : stimule les fibres nerveuses pour&nbsp;<strong>bloquer la transmission de la douleur<\/strong>&nbsp;et augmenter la production de&nbsp;<strong>endorphines<\/strong>. Id\u00e9al pour les personnes souffrant de douleurs r\u00e9currentes et\/ou souhaitant \u00e9viter les m\u00e9dicaments. <br><br><strong>EMS<\/strong><\/h4>\n\n\n\n<p><strong>Quand l'utiliser ?<\/strong>: pour&nbsp;<strong>le renforcement des muscles<\/strong>&nbsp;ou faciliter la r\u00e9cup\u00e9ration apr\u00e8s une blessure ou une intervention chirurgicale :<\/p>\n\n\n\n<ul class=\"wp-block-list\">\n<li>Atrophie musculaire, hypotonie<\/li>\n\n\n\n<li>la r\u00e9\u00e9ducation post-fracture <\/li>\n\n\n\n<li>tonification pour les sportifs<\/li>\n<\/ul>\n\n\n\n<h4 class=\"wp-block-heading\" id=\"h-come-funziona-eccita-i-muscoli-normo-innervati-o-denervati-provocando-contrazioni-muscolari-controllate-imitando-l-attivita-fisica-ideale-per-sportivi-anziani-persone-in-riabilitazione-ionoforesi\">Fonctionnement : excite les muscles normo- ou d\u00e9nerv\u00e9s, provoquant des contractions musculaires contr\u00f4l\u00e9es, imitant l'activit\u00e9 physique. Id\u00e9al pour les sportifs, les personnes \u00e2g\u00e9es, les personnes en r\u00e9\u00e9ducation. <br><br><strong>IONOPHORESIS<\/strong><\/h4>\n\n\n\n<p>Quand l'utiliser : si vous voulez&nbsp;<strong>appliquer les m\u00e9dicaments localement<\/strong>&nbsp;(comme anti-inflammatoires) sans injections :<\/p>\n\n\n\n<ul class=\"wp-block-list\">\n<li>Tendinite, inflammation locale<\/li>\n\n\n\n<li>Arthrite et douleurs articulaires<\/li>\n<\/ul>\n\n\n\n<p>Fonctionnement : il utilise l'\u00e9lectricit\u00e9 pour&nbsp;<strong>v\u00e9hiculer les principes actifs \u00e0 travers la peau<\/strong>. Id\u00e9al pour ceux qui ont besoin d'une action pharmacologique cibl\u00e9e dans une zone sp\u00e9cifique. <\/p>\n\n\n\n<h4 class=\"wp-block-heading\" id=\"h-microcorrenti\"><strong>MICROCORRENTS<\/strong><\/h4>\n\n\n\n<p><strong>Quand l'utiliser ?<\/strong>: en cas de&nbsp;<strong>l\u00e9sions musculaires, \u0153d\u00e8mes ou inflammations l\u00e9g\u00e8res<\/strong>:<\/p>\n\n\n\n<ul class=\"wp-block-list\">\n<li>Blessures sportives, contusions, entorses<\/li>\n\n\n\n<li>R\u00e9cup\u00e9ration post-op\u00e9ratoire<\/li>\n<\/ul>\n\n\n\n<p><strong>Comment cela fonctionne-t-il ?<\/strong>: stimule&nbsp;<strong>r\u00e9g\u00e9n\u00e9ration cellulaire et circulation lymphatique<\/strong>&nbsp;avec des impulsions de tr\u00e8s faible intensit\u00e9. Id\u00e9al pour acc\u00e9l\u00e9rer les temps de r\u00e9cup\u00e9ration et favoriser l'am\u00e9lioration de la qualit\u00e9 de vie.&nbsp;<strong>cicatrisation des tissus<\/strong>.<\/p>\n\n\n\n<p><strong>Conseils d'experts<\/strong>:<br>En cas de doute, demandez toujours conseil \u00e0 votre physioth\u00e9rapeute ou \u00e0 notre \u00e9quipe de service. Il est essentiel d'utiliser le bon programme pour obtenir les r\u00e9sultats escompt\u00e9s.&nbsp;<strong>avantages maximaux<\/strong>&nbsp;de votre \u00e9lectrostimulateur GLOBUS Premium 400.<\/p>\n\n\n\n<h4 class=\"wp-block-heading\" id=\"h-controindicazioni-e-possibili-effetti-collaterali\"><strong>Contre-indications et effets secondaires possibles<\/strong><\/h4>\n\n\n\n<p><strong>ATTENTION<\/strong>Utilisation du GLOBUS Premium 400 : Comme tous les appareils \u00e9lectrom\u00e9dicaux, l'utilisation du GLOBUS Premium 400 doit \u00eatre soigneusement \u00e9tudi\u00e9e. L'appareil est <strong>CONTRE-INDIQU\u00c9<\/strong> en cas de :<\/p>\n\n\n\n<ul class=\"wp-block-list\">\n<li><strong>Porteurs de stimulateurs cardiaques<\/strong><\/li>\n\n\n\n<li><strong>Grossesse<\/strong><\/li>\n\n\n\n<li><strong>Epilepsie<\/strong><\/li>\n\n\n\n<li><strong>L\u00e9sions cutan\u00e9es ouvertes<\/strong><\/li>\n\n\n\n<li><strong>Maladie cardiaque non contr\u00f4l\u00e9e<\/strong><\/li>\n<\/ul>\n\n\n\n<h4 class=\"wp-block-heading\" id=\"h-possibili-effetti-collaterali\"><strong>Effets secondaires possibles :<\/strong><\/h4>\n\n\n\n<ul class=\"wp-block-list\">\n<li><strong>Irritation de la peau<\/strong>&nbsp;aux points d'application des \u00e9lectrodes<\/li>\n\n\n\n<li><strong>Contractions musculaires excessives<\/strong>&nbsp;si l'appareil n'est pas utilis\u00e9 correctement<\/li>\n\n\n\n<li><strong>Malaise temporaire<\/strong>&nbsp;dans les sujets tr\u00e8s sensibles<\/li>\n<\/ul>\n\n\n\n<p>Il est toujours conseill\u00e9 de consulter un m\u00e9decin avant de l'utiliser.<\/p>\n\n\n\n<h4 class=\"wp-block-heading\" id=\"h-acquisto-da-mia-medical-italia-la-tua-salute-al-primo-posto\"><strong>Acheter chez Mia Medical Italia : votre sant\u00e9 d'abord<\/strong><\/h4>\n\n\n\n<p>L'achat de GLOBUS Premium 400 repr\u00e9sente une solution&nbsp;<strong>bon march\u00e9, flexible et accessible<\/strong>&nbsp;pour ceux qui ont besoin de traitements temporaires ou qui souhaitent tester l'appareil avant de l'acheter. En choisissant&nbsp;<em>Mia Medical Italie<\/em>vous avez acc\u00e8s \u00e0 un service fiable et professionnel :<\/p>\n\n\n\n<ul class=\"wp-block-list\">\n<li><strong>Dispositifs certifi\u00e9s et s\u00fbrs<\/strong>des meilleurs fournisseurs du march\u00e9<\/li>\n\n\n\n<li><strong>Conseils personnalis\u00e9s gratuits<\/strong>sans obligation<\/li>\n\n\n\n<li><strong>Support client d\u00e9di\u00e9<\/strong><\/li>\n\n\n\n<li><strong>Livraison rapide dans toute l'Italie<\/strong><\/li>\n\n\n\n<li><strong>Des instructions d'utilisation claires et un soutien continu<\/strong><\/li>\n<\/ul>\n\n\n\n<p>Qu'attendez-vous ? R\u00e9cup\u00e9rez plus vite, soulagez la douleur et am\u00e9liorez votre qualit\u00e9 de vie, achetez<strong> \u00c9lectrostimulateur TENS GLOBUS Premium 400<\/strong>.<br><strong>Contactez-nous<\/strong>&nbsp;\u00e0 <strong>+39 392 65 09 237<\/strong> pour demander des informations sur la location ou pour r\u00e9server votre appareil.<\/p>","protected":false},"excerpt":{"rendered":"<div style=\"font-family: Arial, sans-serif; background-color: #234091; padding: 30px; border-radius: 25px; max-width: 600px; color: #ffffff; position: relative; border-top: 6px solid #2498fe;\">\n<h3 style=\"margin-top: 0; margin-bottom: 15px; color: #ffffff;\">Vente Electrostimulateur Tens<\/h3>\n<p>N'oubliez pas d'acheter \u00e9galement les \u00e9lectrodes, n\u00e9cessaires \u00e0 l'utilisation de l'\u00e9lectrostimulateur Tens.<\/p>\n<\/div>\n<p><!-- Linea bianca sotto --><\/p>\n<div style=\"height: 6px; background-color: #ffffff; max-width: 600px;\">\u00a0<\/div>","protected":false},"featured_media":12423,"template":"","meta":{"_acf_changed":false},"home-category":[262],"product_brand":[],"product_cat":[261,542],"product_tag":[],"woo-feed-brand":[],"class_list":{"0":"post-14188","1":"product","2":"type-product","3":"status-publish","4":"has-post-thumbnail","6":"home-category-elettromedicali","7":"product_cat-vendita-ausili","8":"product_cat-vendita-tens-elettrostimolatore","9":"product_shipping_class-ausili-grandi","11":"first","12":"instock","13":"shipping-taxable","14":"purchasable","15":"product-type-simple"},"acf":[],"yoast_head":"<!-- This site is optimized with the Yoast SEO Premium plugin v27.3 (Yoast SEO v27.3) - https:\/\/yoast.com\/product\/yoast-seo-premium-wordpress\/ -->\n<title>Vendita TENS Elettrostimolatore GLOBUS Premium 400<\/title>\n<meta name=\"description\" content=\"Vendita TENS Elettrostimolatore a 379 Euro. Consegna a domicilio. Apparecchi per la Tens sicuri, affidabili e facili da usare.\" \/>\n<meta name=\"robots\" content=\"index, follow, max-snippet:-1, max-image-preview:large, max-video-preview:-1\" \/>\n<link rel=\"canonical\" href=\"https:\/\/www.miamedicalitalia.it\/fr\/produit\/vendita-tens-elettrostimolatore-globus-premium-400\/\" \/>\n<meta property=\"og:locale\" content=\"fr_FR\" \/>\n<meta property=\"og:type\" content=\"article\" \/>\n<meta property=\"og:title\" content=\"Vendita TENS Elettrostimolatore GLOBUS Premium 400\" \/>\n<meta property=\"og:description\" content=\"Vendita TENS Elettrostimolatore a 379 Euro. Consegna a domicilio. Apparecchi per la Tens sicuri, affidabili e facili da usare.\" \/>\n<meta property=\"og:url\" content=\"https:\/\/www.miamedicalitalia.it\/fr\/produit\/vendita-tens-elettrostimolatore-globus-premium-400\/\" \/>\n<meta property=\"og:site_name\" content=\"Mia Medical\" \/>\n<meta property=\"article:publisher\" content=\"https:\/\/www.facebook.com\/miamedicalitalia\" \/>\n<meta property=\"article:modified_time\" content=\"2026-03-06T16:17:55+00:00\" \/>\n<meta property=\"og:image\" content=\"https:\/\/www.miamedicalitalia.it\/wp-content\/uploads\/2024\/06\/TENS-PREMINUM-400-.jpg\" \/>\n\t<meta property=\"og:image:width\" content=\"1000\" \/>\n\t<meta property=\"og:image:height\" content=\"1000\" \/>\n\t<meta property=\"og:image:type\" content=\"image\/jpeg\" \/>\n<meta name=\"twitter:card\" content=\"summary_large_image\" \/>\n<meta name=\"twitter:label1\" content=\"Dur\u00e9e de lecture estim\u00e9e\" \/>\n\t<meta name=\"twitter:data1\" content=\"4 minutes\" \/>\n<script type=\"application\/ld+json\" class=\"yoast-schema-graph\">{\"@context\":\"https:\\\/\\\/schema.org\",\"@graph\":[{\"@type\":\"WebPage\",\"@id\":\"https:\\\/\\\/www.miamedicalitalia.it\\\/prodotto\\\/vendita-tens-elettrostimolatore-globus-premium-400\\\/\",\"url\":\"https:\\\/\\\/www.miamedicalitalia.it\\\/prodotto\\\/vendita-tens-elettrostimolatore-globus-premium-400\\\/\",\"name\":\"Vendita TENS Elettrostimolatore GLOBUS Premium 400\",\"isPartOf\":{\"@id\":\"https:\\\/\\\/www.miamedicalitalia.it\\\/#website\"},\"primaryImageOfPage\":{\"@id\":\"https:\\\/\\\/www.miamedicalitalia.it\\\/prodotto\\\/vendita-tens-elettrostimolatore-globus-premium-400\\\/#primaryimage\"},\"image\":{\"@id\":\"https:\\\/\\\/www.miamedicalitalia.it\\\/prodotto\\\/vendita-tens-elettrostimolatore-globus-premium-400\\\/#primaryimage\"},\"thumbnailUrl\":\"https:\\\/\\\/www.miamedicalitalia.it\\\/wp-content\\\/uploads\\\/2024\\\/06\\\/TENS-PREMINUM-400-.jpg\",\"datePublished\":\"2025-08-12T15:22:01+00:00\",\"dateModified\":\"2026-03-06T16:17:55+00:00\",\"description\":\"Vendita TENS Elettrostimolatore a 379 Euro. Consegna a domicilio. Apparecchi per la Tens sicuri, affidabili e facili da usare.\",\"breadcrumb\":{\"@id\":\"https:\\\/\\\/www.miamedicalitalia.it\\\/prodotto\\\/vendita-tens-elettrostimolatore-globus-premium-400\\\/#breadcrumb\"},\"inLanguage\":\"fr-FR\",\"potentialAction\":[{\"@type\":\"ReadAction\",\"target\":[\"https:\\\/\\\/www.miamedicalitalia.it\\\/prodotto\\\/vendita-tens-elettrostimolatore-globus-premium-400\\\/\"]}]},{\"@type\":\"ImageObject\",\"inLanguage\":\"fr-FR\",\"@id\":\"https:\\\/\\\/www.miamedicalitalia.it\\\/prodotto\\\/vendita-tens-elettrostimolatore-globus-premium-400\\\/#primaryimage\",\"url\":\"https:\\\/\\\/www.miamedicalitalia.it\\\/wp-content\\\/uploads\\\/2024\\\/06\\\/TENS-PREMINUM-400-.jpg\",\"contentUrl\":\"https:\\\/\\\/www.miamedicalitalia.it\\\/wp-content\\\/uploads\\\/2024\\\/06\\\/TENS-PREMINUM-400-.jpg\",\"width\":1000,\"height\":1000,\"caption\":\"Noleggio ausili per terapia a domicilio\"},{\"@type\":\"BreadcrumbList\",\"@id\":\"https:\\\/\\\/www.miamedicalitalia.it\\\/prodotto\\\/vendita-tens-elettrostimolatore-globus-premium-400\\\/#breadcrumb\",\"itemListElement\":[{\"@type\":\"ListItem\",\"position\":1,\"name\":\"Home\",\"item\":\"https:\\\/\\\/www.miamedicalitalia.it\\\/\"},{\"@type\":\"ListItem\",\"position\":2,\"name\":\"Shop\",\"item\":\"https:\\\/\\\/www.miamedicalitalia.it\\\/negozio\\\/\"},{\"@type\":\"ListItem\",\"position\":3,\"name\":\"Vendita\",\"item\":\"https:\\\/\\\/www.miamedicalitalia.it\\\/categoria\\\/vendita-ausili\\\/\"},{\"@type\":\"ListItem\",\"position\":4,\"name\":\"Vendita TENS Elettrostimolatore GLOBUS Premium 400\"}]},{\"@type\":\"WebSite\",\"@id\":\"https:\\\/\\\/www.miamedicalitalia.it\\\/#website\",\"url\":\"https:\\\/\\\/www.miamedicalitalia.it\\\/\",\"name\":\"www.miamedicalitalia.it\",\"description\":\"Noleggio e Vendita Attrezzatura Sanitarie\",\"publisher\":{\"@id\":\"https:\\\/\\\/www.miamedicalitalia.it\\\/#organization\"},\"potentialAction\":[{\"@type\":\"SearchAction\",\"target\":{\"@type\":\"EntryPoint\",\"urlTemplate\":\"https:\\\/\\\/www.miamedicalitalia.it\\\/?s={search_term_string}\"},\"query-input\":{\"@type\":\"PropertyValueSpecification\",\"valueRequired\":true,\"valueName\":\"search_term_string\"}}],\"inLanguage\":\"fr-FR\"},{\"@type\":\"Organization\",\"@id\":\"https:\\\/\\\/www.miamedicalitalia.it\\\/#organization\",\"name\":\"OLG\",\"url\":\"https:\\\/\\\/www.miamedicalitalia.it\\\/\",\"logo\":{\"@type\":\"ImageObject\",\"inLanguage\":\"fr-FR\",\"@id\":\"https:\\\/\\\/www.miamedicalitalia.it\\\/#\\\/schema\\\/logo\\\/image\\\/\",\"url\":\"https:\\\/\\\/www.miamedicalitalia.it\\\/wp-content\\\/uploads\\\/2023\\\/04\\\/mia-medical-logo-free.png\",\"contentUrl\":\"https:\\\/\\\/www.miamedicalitalia.it\\\/wp-content\\\/uploads\\\/2023\\\/04\\\/mia-medical-logo-free.png\",\"width\":700,\"height\":700,\"caption\":\"OLG\"},\"image\":{\"@id\":\"https:\\\/\\\/www.miamedicalitalia.it\\\/#\\\/schema\\\/logo\\\/image\\\/\"},\"sameAs\":[\"https:\\\/\\\/www.facebook.com\\\/miamedicalitalia\"]}]}<\/script>\n<!-- \/ Yoast SEO Premium plugin. -->","yoast_head_json":{"title":"Vente TENS Electrostimulateur GLOBUS Premium 400","description":"Electrostimulateur TENS \u00e0 vendre \u00e0 379 Euro. Livraison \u00e0 domicile. Equipement TENS s\u00fbr, fiable et facile \u00e0 utiliser.","robots":{"index":"index","follow":"follow","max-snippet":"max-snippet:-1","max-image-preview":"max-image-preview:large","max-video-preview":"max-video-preview:-1"},"canonical":"https:\/\/www.miamedicalitalia.it\/fr\/produit\/vendita-tens-elettrostimolatore-globus-premium-400\/","og_locale":"fr_FR","og_type":"article","og_title":"Vendita TENS Elettrostimolatore GLOBUS Premium 400","og_description":"Vendita TENS Elettrostimolatore a 379 Euro. Consegna a domicilio. Apparecchi per la Tens sicuri, affidabili e facili da usare.","og_url":"https:\/\/www.miamedicalitalia.it\/fr\/produit\/vendita-tens-elettrostimolatore-globus-premium-400\/","og_site_name":"Mia Medical","article_publisher":"https:\/\/www.facebook.com\/miamedicalitalia","article_modified_time":"2026-03-06T16:17:55+00:00","og_image":[{"width":1000,"height":1000,"url":"https:\/\/www.miamedicalitalia.it\/wp-content\/uploads\/2024\/06\/TENS-PREMINUM-400-.jpg","type":"image\/jpeg"}],"twitter_card":"summary_large_image","twitter_misc":{"Dur\u00e9e de lecture estim\u00e9e":"4 minutes"},"schema":{"@context":"https:\/\/schema.org","@graph":[{"@type":"WebPage","@id":"https:\/\/www.miamedicalitalia.it\/prodotto\/vendita-tens-elettrostimolatore-globus-premium-400\/","url":"https:\/\/www.miamedicalitalia.it\/prodotto\/vendita-tens-elettrostimolatore-globus-premium-400\/","name":"Vente TENS Electrostimulateur GLOBUS Premium 400","isPartOf":{"@id":"https:\/\/www.miamedicalitalia.it\/#website"},"primaryImageOfPage":{"@id":"https:\/\/www.miamedicalitalia.it\/prodotto\/vendita-tens-elettrostimolatore-globus-premium-400\/#primaryimage"},"image":{"@id":"https:\/\/www.miamedicalitalia.it\/prodotto\/vendita-tens-elettrostimolatore-globus-premium-400\/#primaryimage"},"thumbnailUrl":"https:\/\/www.miamedicalitalia.it\/wp-content\/uploads\/2024\/06\/TENS-PREMINUM-400-.jpg","datePublished":"2025-08-12T15:22:01+00:00","dateModified":"2026-03-06T16:17:55+00:00","description":"Electrostimulateur TENS \u00e0 vendre \u00e0 379 Euro. Livraison \u00e0 domicile. Equipement TENS s\u00fbr, fiable et facile \u00e0 utiliser.","breadcrumb":{"@id":"https:\/\/www.miamedicalitalia.it\/prodotto\/vendita-tens-elettrostimolatore-globus-premium-400\/#breadcrumb"},"inLanguage":"fr-FR","potentialAction":[{"@type":"ReadAction","target":["https:\/\/www.miamedicalitalia.it\/prodotto\/vendita-tens-elettrostimolatore-globus-premium-400\/"]}]},{"@type":"ImageObject","inLanguage":"fr-FR","@id":"https:\/\/www.miamedicalitalia.it\/prodotto\/vendita-tens-elettrostimolatore-globus-premium-400\/#primaryimage","url":"https:\/\/www.miamedicalitalia.it\/wp-content\/uploads\/2024\/06\/TENS-PREMINUM-400-.jpg","contentUrl":"https:\/\/www.miamedicalitalia.it\/wp-content\/uploads\/2024\/06\/TENS-PREMINUM-400-.jpg","width":1000,"height":1000,"caption":"Noleggio ausili per terapia a domicilio"},{"@type":"BreadcrumbList","@id":"https:\/\/www.miamedicalitalia.it\/prodotto\/vendita-tens-elettrostimolatore-globus-premium-400\/#breadcrumb","itemListElement":[{"@type":"ListItem","position":1,"name":"Home","item":"https:\/\/www.miamedicalitalia.it\/"},{"@type":"ListItem","position":2,"name":"Shop","item":"https:\/\/www.miamedicalitalia.it\/negozio\/"},{"@type":"ListItem","position":3,"name":"Vendita","item":"https:\/\/www.miamedicalitalia.it\/categoria\/vendita-ausili\/"},{"@type":"ListItem","position":4,"name":"Vendita TENS Elettrostimolatore GLOBUS Premium 400"}]},{"@type":"WebSite","@id":"https:\/\/www.miamedicalitalia.it\/#website","url":"https:\/\/www.miamedicalitalia.it\/","name":"www.miamedicalitalia.it","description":"Location et vente d'\u00e9quipements sanitaires","publisher":{"@id":"https:\/\/www.miamedicalitalia.it\/#organization"},"potentialAction":[{"@type":"SearchAction","target":{"@type":"EntryPoint","urlTemplate":"https:\/\/www.miamedicalitalia.it\/?s={search_term_string}"},"query-input":{"@type":"PropertyValueSpecification","valueRequired":true,"valueName":"search_term_string"}}],"inLanguage":"fr-FR"},{"@type":"Organization","@id":"https:\/\/www.miamedicalitalia.it\/#organization","name":"OLG","url":"https:\/\/www.miamedicalitalia.it\/","logo":{"@type":"ImageObject","inLanguage":"fr-FR","@id":"https:\/\/www.miamedicalitalia.it\/#\/schema\/logo\/image\/","url":"https:\/\/www.miamedicalitalia.it\/wp-content\/uploads\/2023\/04\/mia-medical-logo-free.png","contentUrl":"https:\/\/www.miamedicalitalia.it\/wp-content\/uploads\/2023\/04\/mia-medical-logo-free.png","width":700,"height":700,"caption":"OLG"},"image":{"@id":"https:\/\/www.miamedicalitalia.it\/#\/schema\/logo\/image\/"},"sameAs":["https:\/\/www.facebook.com\/miamedicalitalia"]}]}},"wcpa_form_fields":null,"_links":{"self":[{"href":"https:\/\/www.miamedicalitalia.it\/fr\/wp-json\/wp\/v2\/product\/14188","targetHints":{"allow":["GET"]}}],"collection":[{"href":"https:\/\/www.miamedicalitalia.it\/fr\/wp-json\/wp\/v2\/product"}],"about":[{"href":"https:\/\/www.miamedicalitalia.it\/fr\/wp-json\/wp\/v2\/types\/product"}],"wp:featuredmedia":[{"embeddable":true,"href":"https:\/\/www.miamedicalitalia.it\/fr\/wp-json\/wp\/v2\/media\/12423"}],"wp:attachment":[{"href":"https:\/\/www.miamedicalitalia.it\/fr\/wp-json\/wp\/v2\/media?parent=14188"}],"wp:term":[{"taxonomy":"home-category","embeddable":true,"href":"https:\/\/www.miamedicalitalia.it\/fr\/wp-json\/wp\/v2\/home-category?post=14188"},{"taxonomy":"product_brand","embeddable":true,"href":"https:\/\/www.miamedicalitalia.it\/fr\/wp-json\/wp\/v2\/product_brand?post=14188"},{"taxonomy":"product_cat","embeddable":true,"href":"https:\/\/www.miamedicalitalia.it\/fr\/wp-json\/wp\/v2\/product_cat?post=14188"},{"taxonomy":"product_tag","embeddable":true,"href":"https:\/\/www.miamedicalitalia.it\/fr\/wp-json\/wp\/v2\/product_tag?post=14188"},{"taxonomy":"woo-feed-brand","embeddable":true,"href":"https:\/\/www.miamedicalitalia.it\/fr\/wp-json\/wp\/v2\/woo-feed-brand?post=14188"}],"curies":[{"name":"wp","href":"https:\/\/api.w.org\/{rel}","templated":true}]}}