{"id":14182,"date":"2025-07-24T14:37:23","date_gmt":"2025-07-24T12:37:23","guid":{"rendered":"https:\/\/www.miamedicalitalia.it\/?post_type=product&#038;p=14182"},"modified":"2026-04-08T14:35:51","modified_gmt":"2026-04-08T12:35:51","slug":"vendita-crioterapia-dinamica-cryopush","status":"publish","type":"product","link":"https:\/\/www.miamedicalitalia.it\/fr\/produit\/vendita-crioterapia-dinamica-cryopush\/","title":{"rendered":"Cryopush Dynamic Cryotherapy \u00e0 vendre"},"content":{"rendered":"<h3 class=\"wp-block-heading\" id=\"h-vendita-crioterapia-dinamica-cryopush-sistema-professionale-di-crioterapia-con-compressione-per-recupero-riabilitazione-e-controllo-del-dolore\">Cryopush Dynamic Cryotherapy for sale : syst\u00e8me professionnel de cryoth\u00e9rapie avec compression pour la r\u00e9cup\u00e9ration, la r\u00e9\u00e9ducation et le contr\u00f4le de la douleur.<\/h3>\n\n\n\n<p>La&nbsp;<strong>Cryoth\u00e9rapie par compression Cryopush<\/strong>&nbsp;\u00e8 un sistema avanzato che combina&nbsp;<strong>la th\u00e9rapie par le froid contr\u00f4l\u00e9e et la compression pneumatique<\/strong>con\u00e7u pour&nbsp;<strong>r\u00e9duire la douleur, l'inflammation et l'\u0153d\u00e8me<\/strong>, acc\u00e9l\u00e9rer les processus naturels de gu\u00e9rison de l'organisme.<\/p>\n\n\n\n<p>\u00c8 una soluzione ideale per:<\/p>\n\n\n\n<ul class=\"wp-block-list\">\n<li>les patients en r\u00e9adaptation postop\u00e9ratoire<\/li>\n\n\n\n<li>les personnes souffrant de troubles musculo-squelettiques<\/li>\n\n\n\n<li>les athl\u00e8tes professionnels et amateurs<\/li>\n\n\n\n<li>les cabinets de physioth\u00e9rapie et les \u00e9tablissements de soins de sant\u00e9<\/li>\n\n\n\n<li>utilisation domestique supervis\u00e9e<\/li>\n<\/ul>\n\n\n\n<p><strong>Hai bisogno di capire se Cryopush \u00e8 adatto al tuo percorso terapeutico? <a href=\"https:\/\/wa.me\/393926509237\" type=\"link\" id=\"https:\/\/wa.me\/393926509237\">Contactez-nous pour une consultation gratuite.<\/a><\/strong><\/p>\n\n\n\n<h3 class=\"wp-block-heading\" id=\"h-cos-e-la-crioterapia-dinamica-compressiva-cryopush-in-vendita\"><strong>Cos\u2019\u00e8 la crioterapia dinamica compressiva Cryopush<\/strong> \u00e0 vendre <\/h3>\n\n\n\n<p>La&nbsp;<strong>la cryoth\u00e9rapie par compression<\/strong>&nbsp;s'unissent :<\/p>\n\n\n\n<ul class=\"wp-block-list\">\n<li><strong>froid th\u00e9rapeutique contr\u00f4l\u00e9<\/strong><\/li>\n\n\n\n<li><strong>compression r\u00e9glable<\/strong><\/li>\n<\/ul>\n\n\n\n<p>Le syst\u00e8me&nbsp;<strong>Cryopush<\/strong>&nbsp;int\u00e8gre ces deux technologies dans un appareil compact, facile \u00e0 utiliser et tr\u00e8s polyvalent. Le traitement contribue \u00e0 :<\/p>\n\n\n\n<ul class=\"wp-block-list\">\n<li>r\u00e9duire la douleur sans m\u00e9dicaments<\/li>\n\n\n\n<li>contr\u00f4ler les gonflements et les \u0153d\u00e8mes<\/li>\n\n\n\n<li>stimuler le flux sanguin art\u00e9riel<\/li>\n\n\n\n<li>migliorare la mobilit\u00e0 articolare<\/li>\n\n\n\n<li>favoriser le drainage des fluides<\/li>\n\n\n\n<li>ridurre l\u2019acido lattico<\/li>\n\n\n\n<li>acc\u00e9l\u00e9rer les m\u00e9canismes naturels de gu\u00e9rison<\/li>\n<\/ul>\n\n\n\n<p><strong><a href=\"https:\/\/wa.me\/393926509237\" type=\"link\" id=\"https:\/\/wa.me\/393926509237\">Parla con un nostro esperto per ricevere informazioni dettagliate sull\u2019utilizzo del dispositivo.<\/a><\/strong><\/p>\n\n\n\n<h3 class=\"wp-block-heading\" id=\"h-a-cosa-serve-cryopush\"><strong>\u00c0 quoi sert Cryopush ?<\/strong><\/h3>\n\n\n\n<p>La crioterapia compressiva Cryopush \u00e8 indicata per:<\/p>\n\n\n\n<ul class=\"wp-block-list\">\n<li>les traumatismes musculaires et articulaires<\/li>\n\n\n\n<li>les entorses et les contusions<\/li>\n\n\n\n<li>r\u00e9cup\u00e9ration post-chirurgicale<\/li>\n\n\n\n<li>r\u00e9adaptation orthop\u00e9dique<\/li>\n\n\n\n<li>inflammations chroniques<\/li>\n\n\n\n<li>r\u00e9cup\u00e9ration musculaire sportive<\/li>\n\n\n\n<li>le contr\u00f4le de la douleur aigu\u00eb et chronique<\/li>\n<\/ul>\n\n\n\n<p><strong>Se stai affrontando un percorso di riabilitazione, Cryopush pu\u00f2 diventare un valido alleato: <a href=\"https:\/\/wa.me\/393926509237\" type=\"link\" id=\"https:\/\/wa.me\/393926509237\">contattaci per saperne di pi\u00f9.<\/a><\/strong><\/p>\n\n\n\n<h3 class=\"wp-block-heading\" id=\"h-perche-scegliere-cryopush-rispetto-ai-protocolli-tradizionali\"><strong>Perch\u00e9 scegliere Cryopush rispetto ai protocolli tradizionali<\/strong><\/h3>\n\n\n\n<p>Cryopush offre des avantages sup\u00e9rieurs aux protocoles traditionnels&nbsp;<strong>R.I.C.E. \/ R.I.S.O. (repos, glace, compression, \u00e9l\u00e9vation)<\/strong>.<\/p>\n\n\n\n<p><strong>Principaux avantages :<\/strong><\/p>\n\n\n\n<ul class=\"wp-block-list\">\n<li>action combin\u00e9e du froid et de la compression<\/li>\n\n\n\n<li>traitement uniforme et contr\u00f4l\u00e9<\/li>\n\n\n\n<li>maggiore efficacia nel controllo dell\u2019edema<\/li>\n\n\n\n<li>stimulation active de la circulation<\/li>\n\n\n\n<li>am\u00e9lioration du confort du patient<\/li>\n\n\n\n<li>l'optimisation des r\u00e9sultats de la physioth\u00e9rapie<\/li>\n<\/ul>\n\n\n\n<p><strong>Vous souhaitez comparer Cryopush \u00e0 d'autres traitements ? <a href=\"https:\/\/wa.me\/393926509237\" type=\"link\" id=\"https:\/\/wa.me\/393926509237\">Il nostro team \u00e8 a tua disposizione per una consulenza personalizzata.<\/a><\/strong><\/p>\n\n\n\n<h3 class=\"wp-block-heading\" id=\"h-come-funziona-la-terapia-del-freddo-con-cryopush\"><strong>Comment fonctionne la th\u00e9rapie par le froid avec Cryopush<\/strong><\/h3>\n\n\n\n<p>Le syst\u00e8me utilise :<\/p>\n\n\n\n<ul class=\"wp-block-list\">\n<li>eau froide et glace<\/li>\n\n\n\n<li>circuit ferm\u00e9<\/li>\n\n\n\n<li>des v\u00eatements sp\u00e9cifiques pour les diff\u00e9rentes parties du corps<\/li>\n<\/ul>\n\n\n\n<p><strong>Funzionalit\u00e0 chiave:<\/strong><\/p>\n\n\n\n<ul class=\"wp-block-list\">\n<li>traitement simultan\u00e9 de&nbsp;<strong>deux zones corporelles<\/strong><\/li>\n\n\n\n<li>le r\u00e9glage de la&nbsp;<strong>dur\u00e9e d'utilisation<\/strong><\/li>\n\n\n\n<li>le r\u00e9glage de la&nbsp;<strong>niveau de compression<\/strong><\/li>\n\n\n\n<li>le contr\u00f4le de la&nbsp;<strong>temp\u00e9rature en temps r\u00e9el<\/strong><\/li>\n<\/ul>\n\n\n\n<p><strong><a href=\"https:\/\/wa.me\/393926509237\" type=\"link\" id=\"https:\/\/wa.me\/393926509237\">Contactez nous<\/a> per ricevere indicazioni sull\u2019accessorio pi\u00f9 adatto alla zona da trattare.<\/strong><\/p>\n\n\n\n<h4 class=\"wp-block-heading\" id=\"h-facilita-d-uso-e-portabilita\"><strong>Facilit\u00e0 d\u2019uso e portabilit\u00e0<\/strong><\/h4>\n\n\n\n<p>Cryopush \u00e8 progettato per essere:<\/p>\n\n\n\n<ul class=\"wp-block-list\">\n<li>simple \u00e0 utiliser<\/li>\n\n\n\n<li>l\u00e9ger et compact<\/li>\n\n\n\n<li>transportable<\/li>\n\n\n\n<li>autonome<\/li>\n<\/ul>\n\n\n\n<p>Il sistema \u00e8 fornito con:<\/p>\n\n\n\n<ul class=\"wp-block-list\">\n<li>batterie rechargeable<\/li>\n\n\n\n<li>des packs de froid amovibles et r\u00e9utilisables<\/li>\n<\/ul>\n\n\n\n<p>\u00c8 utilizzabile:<\/p>\n\n\n\n<ul class=\"wp-block-list\">\n<li>dans le domaine clinique<\/li>\n\n\n\n<li>\u00e0 la maison<\/li>\n\n\n\n<li>pendant les programmes de r\u00e9cup\u00e9ration sportive<\/li>\n<\/ul>\n\n\n\n<p><strong>Ecrivez-nous sur <a href=\"https:\/\/wa.me\/393926509237\" type=\"link\" id=\"https:\/\/wa.me\/393926509237\">WhatsApp<\/a> per scoprire se Cryopush \u00e8 adatto all\u2019uso domiciliare.<\/strong><\/p>\n\n\n\n<h4 class=\"wp-block-heading\" id=\"h-specifiche-tecniche-della-crioterapia-dinamica-cryopush-in-vendita\"><strong>Caract\u00e9ristiques techniques de la cryoth\u00e9rapie dynamique Cryopush<\/strong> \u00e0 vendre<\/h4>\n\n\n\n<ul class=\"wp-block-list\">\n<li>Alimentazione CA: 100\u2013240 V, 50\/60 H<\/li>\n\n\n\n<li>Sortie DC : 12 V \/ 2 A<\/li>\n\n\n\n<li>Niveaux de pression :&nbsp;<strong>60\u2013120 mmHg<\/strong><\/li>\n\n\n\n<li>Temp\u00e9rature :&nbsp;<strong>0 \u00b0C \u2013 25 \u00b0C<\/strong><\/li>\n\n\n\n<li>Rumorosit\u00e0:&nbsp;<strong>&lt; 50 dB<\/strong><\/li>\n\n\n\n<li>Poids \u00e0 vide :&nbsp;<strong>1,78 kg<\/strong><\/li>\n\n\n\n<li>Capacit\u00e0 serbatoio:&nbsp;<strong>jusqu'\u00e0 3,6 L<\/strong><\/li>\n<\/ul>\n\n\n\n<h4 class=\"wp-block-heading\" id=\"h-accessori-disponibili\"><strong>Accessoires disponibles<\/strong><\/h4>\n\n\n\n<p>Il sistema Cryopush \u00e8 compatibile con accessori specifici per il trattamento mirato delle principali articolazioni:<\/p>\n\n\n\n<ul class=\"wp-block-list\">\n<li>Accessoire&nbsp;<strong>Epaule<\/strong><\/li>\n\n\n\n<li>Accessoire&nbsp;<strong>Genou<\/strong><\/li>\n\n\n\n<li>Accessoire&nbsp;<strong>Cheville<\/strong><\/li>\n<\/ul>\n\n\n\n<h4 class=\"wp-block-heading\" id=\"h-vendita-cryopush-con-mia-medical-italia\"><strong>Vente de cryopush avec MIA Medical Italy<\/strong><\/h4>\n\n\n\n<p>En achetant&nbsp;<strong>Cryopush<\/strong>&nbsp;de&nbsp;<strong>MIA Medical Italie<\/strong>, vous \u00eates assur\u00e9 :<\/p>\n\n\n\n<ul class=\"wp-block-list\">\n<li>dispositif professionnel certifi\u00e9<\/li>\n\n\n\n<li>produit nouveau et conforme<\/li>\n\n\n\n<li>le service avant et apr\u00e8s-vente<\/li>\n\n\n\n<li>exp\u00e9dition rapide dans toute l'Italie<\/li>\n\n\n\n<li>des conditions de vente claires et transparentes<\/li>\n\n\n\n<li>garanzia legale di conformit\u00e0<\/li>\n<\/ul>\n\n\n\n<p><strong><a href=\"https:\/\/wa.me\/393926509237\" type=\"link\" id=\"https:\/\/wa.me\/393926509237\">Contattaci ora per informazioni su disponibilit\u00e0, prezzi e accessori.<\/a><\/strong><\/p>\n\n\n\n<h4 class=\"wp-block-heading\" id=\"h-consegna-e-spedizione\"><strong>Livraison et exp\u00e9dition<\/strong><\/h4>\n\n\n\n<ul class=\"wp-block-list\">\n<li>Exp\u00e9dition rapide en&nbsp;<strong>l'ensemble de l'Italie<\/strong><\/li>\n\n\n\n<li>Un emballage s\u00fbr<\/li>\n\n\n\n<li>Frais d'exp\u00e9dition indiqu\u00e9s au moment de l'achat<\/li>\n<\/ul>\n\n\n\n<p><strong><a href=\"https:\/\/www.miamedicalitalia.it\/fr\/\" type=\"link\" id=\"https:\/\/www.miamedicalitalia.it\/\">Visitez notre site web ou contactez-nous pour un devis personnalis\u00e9.<\/a><\/strong><\/p>\n\n\n\n<p><\/p>","protected":false},"excerpt":{"rendered":"<div style=\"font-family: Arial, sans-serif; background-color: #234091; padding: 30px; border-radius: 25px; max-width: 600px; color: #ffffff; position: relative; border-top: 6px solid #2498fe;\">\n<h3 style=\"margin-top: 0; margin-bottom: 15px; color: #ffffff;\">Cryopush<\/h3>\n<p>Tr\u00e8s facile \u00e0 utiliser, avec des r\u00e9sultats tr\u00e8s \u00e9lev\u00e9s en quelques jours seulement.<\/p>\n<p>Con Cryopush, puoi trattare due zone contemporaneamente. Ecco perch\u00e9 l\u2019acquisto della crioterapia compressiva \u00e8 ideale per il trattamento simultaneo.<\/p>\n<p>Cryopush est l'\u00e9volution de la th\u00e9rapie post-traumatique.<\/p>\n<\/div>\n<p><!-- Linea bianca sotto --><\/p>\n<div style=\"height: 6px; background-color: #ffffff; max-width: 600px;\">\u00a0<\/div>","protected":false},"featured_media":13341,"template":"","meta":{"_acf_changed":false},"home-category":[262],"product_brand":[],"product_cat":[261,540],"product_tag":[],"woo-feed-brand":[],"class_list":{"0":"post-14182","1":"product","2":"type-product","3":"status-publish","4":"has-post-thumbnail","6":"home-category-elettromedicali","7":"product_cat-vendita-ausili","8":"product_cat-vendita-crioterapia","9":"product_shipping_class-ausili-grandi","11":"first","12":"instock","13":"shipping-taxable","14":"purchasable","15":"product-type-simple"},"acf":[],"yoast_head":"<!-- This site is optimized with the Yoast SEO Premium plugin v27.5 (Yoast SEO v27.5) - https:\/\/yoast.com\/product\/yoast-seo-premium-wordpress\/ -->\n<title>Vendita Crioterapia Dinamica Cryopush<\/title>\n<meta name=\"description\" content=\"Vendita Crioterapia Dinamica Cryopush a un prezzo imbattibile. Disponibilit\u00e0 immediata. Ordina online in pochi click! Chiamaci ora!\" \/>\n<meta name=\"robots\" content=\"index, follow, max-snippet:-1, max-image-preview:large, max-video-preview:-1\" \/>\n<link rel=\"canonical\" href=\"https:\/\/www.miamedicalitalia.it\/fr\/produit\/vendita-crioterapia-dinamica-cryopush\/\" \/>\n<meta property=\"og:locale\" content=\"fr_FR\" \/>\n<meta property=\"og:type\" content=\"article\" \/>\n<meta property=\"og:title\" content=\"Vendita Crioterapia Dinamica Cryopush\" \/>\n<meta property=\"og:description\" content=\"Vendita Crioterapia Dinamica Cryopush a un prezzo imbattibile. Disponibilit\u00e0 immediata. Ordina online in pochi click! Chiamaci ora!\" \/>\n<meta property=\"og:url\" content=\"https:\/\/www.miamedicalitalia.it\/fr\/produit\/vendita-crioterapia-dinamica-cryopush\/\" \/>\n<meta property=\"og:site_name\" content=\"Mia Medical\" \/>\n<meta property=\"article:publisher\" content=\"https:\/\/www.facebook.com\/miamedicalitalia\" \/>\n<meta property=\"article:modified_time\" content=\"2026-04-08T12:35:51+00:00\" \/>\n<meta property=\"og:image\" content=\"https:\/\/www.miamedicalitalia.it\/wp-content\/uploads\/2024\/12\/IMG_2624.png\" \/>\n\t<meta property=\"og:image:width\" content=\"1000\" \/>\n\t<meta property=\"og:image:height\" content=\"1000\" \/>\n\t<meta property=\"og:image:type\" content=\"image\/png\" \/>\n<meta name=\"twitter:card\" content=\"summary_large_image\" \/>\n<meta name=\"twitter:label1\" content=\"Dur\u00e9e de lecture estim\u00e9e\" \/>\n\t<meta name=\"twitter:data1\" content=\"4 minutes\" \/>\n<script type=\"application\/ld+json\" class=\"yoast-schema-graph\">{\"@context\":\"https:\\\/\\\/schema.org\",\"@graph\":[{\"@type\":\"WebPage\",\"@id\":\"https:\\\/\\\/www.miamedicalitalia.it\\\/prodotto\\\/vendita-crioterapia-dinamica-cryopush\\\/\",\"url\":\"https:\\\/\\\/www.miamedicalitalia.it\\\/prodotto\\\/vendita-crioterapia-dinamica-cryopush\\\/\",\"name\":\"Vendita Crioterapia Dinamica Cryopush\",\"isPartOf\":{\"@id\":\"https:\\\/\\\/www.miamedicalitalia.it\\\/#website\"},\"primaryImageOfPage\":{\"@id\":\"https:\\\/\\\/www.miamedicalitalia.it\\\/prodotto\\\/vendita-crioterapia-dinamica-cryopush\\\/#primaryimage\"},\"image\":{\"@id\":\"https:\\\/\\\/www.miamedicalitalia.it\\\/prodotto\\\/vendita-crioterapia-dinamica-cryopush\\\/#primaryimage\"},\"thumbnailUrl\":\"https:\\\/\\\/www.miamedicalitalia.it\\\/wp-content\\\/uploads\\\/2024\\\/12\\\/IMG_2624.png\",\"datePublished\":\"2025-07-24T12:37:23+00:00\",\"dateModified\":\"2026-04-08T12:35:51+00:00\",\"description\":\"Vendita Crioterapia Dinamica Cryopush a un prezzo imbattibile. Disponibilit\u00e0 immediata. Ordina online in pochi click! Chiamaci ora!\",\"breadcrumb\":{\"@id\":\"https:\\\/\\\/www.miamedicalitalia.it\\\/prodotto\\\/vendita-crioterapia-dinamica-cryopush\\\/#breadcrumb\"},\"inLanguage\":\"fr-FR\",\"potentialAction\":[{\"@type\":\"ReadAction\",\"target\":[\"https:\\\/\\\/www.miamedicalitalia.it\\\/prodotto\\\/vendita-crioterapia-dinamica-cryopush\\\/\"]}]},{\"@type\":\"ImageObject\",\"inLanguage\":\"fr-FR\",\"@id\":\"https:\\\/\\\/www.miamedicalitalia.it\\\/prodotto\\\/vendita-crioterapia-dinamica-cryopush\\\/#primaryimage\",\"url\":\"https:\\\/\\\/www.miamedicalitalia.it\\\/wp-content\\\/uploads\\\/2024\\\/12\\\/IMG_2624.png\",\"contentUrl\":\"https:\\\/\\\/www.miamedicalitalia.it\\\/wp-content\\\/uploads\\\/2024\\\/12\\\/IMG_2624.png\",\"width\":1000,\"height\":1000,\"caption\":\"terapia del freddo con compressione\"},{\"@type\":\"BreadcrumbList\",\"@id\":\"https:\\\/\\\/www.miamedicalitalia.it\\\/prodotto\\\/vendita-crioterapia-dinamica-cryopush\\\/#breadcrumb\",\"itemListElement\":[{\"@type\":\"ListItem\",\"position\":1,\"name\":\"Home\",\"item\":\"https:\\\/\\\/www.miamedicalitalia.it\\\/\"},{\"@type\":\"ListItem\",\"position\":2,\"name\":\"Shop\",\"item\":\"https:\\\/\\\/www.miamedicalitalia.it\\\/negozio\\\/\"},{\"@type\":\"ListItem\",\"position\":3,\"name\":\"Vendita\",\"item\":\"https:\\\/\\\/www.miamedicalitalia.it\\\/categoria\\\/vendita-ausili\\\/\"},{\"@type\":\"ListItem\",\"position\":4,\"name\":\"Vendita Crioterapia Dinamica Cryopush\"}]},{\"@type\":\"WebSite\",\"@id\":\"https:\\\/\\\/www.miamedicalitalia.it\\\/#website\",\"url\":\"https:\\\/\\\/www.miamedicalitalia.it\\\/\",\"name\":\"www.miamedicalitalia.it\",\"description\":\"Noleggio e Vendita Attrezzatura Sanitarie\",\"publisher\":{\"@id\":\"https:\\\/\\\/www.miamedicalitalia.it\\\/#organization\"},\"potentialAction\":[{\"@type\":\"SearchAction\",\"target\":{\"@type\":\"EntryPoint\",\"urlTemplate\":\"https:\\\/\\\/www.miamedicalitalia.it\\\/?s={search_term_string}\"},\"query-input\":{\"@type\":\"PropertyValueSpecification\",\"valueRequired\":true,\"valueName\":\"search_term_string\"}}],\"inLanguage\":\"fr-FR\"},{\"@type\":\"Organization\",\"@id\":\"https:\\\/\\\/www.miamedicalitalia.it\\\/#organization\",\"name\":\"OLG\",\"url\":\"https:\\\/\\\/www.miamedicalitalia.it\\\/\",\"logo\":{\"@type\":\"ImageObject\",\"inLanguage\":\"fr-FR\",\"@id\":\"https:\\\/\\\/www.miamedicalitalia.it\\\/#\\\/schema\\\/logo\\\/image\\\/\",\"url\":\"https:\\\/\\\/www.miamedicalitalia.it\\\/wp-content\\\/uploads\\\/2023\\\/04\\\/mia-medical-logo-free.png\",\"contentUrl\":\"https:\\\/\\\/www.miamedicalitalia.it\\\/wp-content\\\/uploads\\\/2023\\\/04\\\/mia-medical-logo-free.png\",\"width\":700,\"height\":700,\"caption\":\"OLG\"},\"image\":{\"@id\":\"https:\\\/\\\/www.miamedicalitalia.it\\\/#\\\/schema\\\/logo\\\/image\\\/\"},\"sameAs\":[\"https:\\\/\\\/www.facebook.com\\\/miamedicalitalia\"]}]}<\/script>\n<!-- \/ Yoast SEO Premium plugin. -->","yoast_head_json":{"title":"Cryopush Dynamic Cryotherapy \u00e0 vendre","description":"Vendita Crioterapia Dinamica Cryopush a un prezzo imbattibile. Disponibilit\u00e0 immediata. Ordina online in pochi click! Chiamaci ora!","robots":{"index":"index","follow":"follow","max-snippet":"max-snippet:-1","max-image-preview":"max-image-preview:large","max-video-preview":"max-video-preview:-1"},"canonical":"https:\/\/www.miamedicalitalia.it\/fr\/produit\/vendita-crioterapia-dinamica-cryopush\/","og_locale":"fr_FR","og_type":"article","og_title":"Vendita Crioterapia Dinamica Cryopush","og_description":"Vendita Crioterapia Dinamica Cryopush a un prezzo imbattibile. Disponibilit\u00e0 immediata. Ordina online in pochi click! Chiamaci ora!","og_url":"https:\/\/www.miamedicalitalia.it\/fr\/produit\/vendita-crioterapia-dinamica-cryopush\/","og_site_name":"Mia Medical","article_publisher":"https:\/\/www.facebook.com\/miamedicalitalia","article_modified_time":"2026-04-08T12:35:51+00:00","og_image":[{"width":1000,"height":1000,"url":"https:\/\/www.miamedicalitalia.it\/wp-content\/uploads\/2024\/12\/IMG_2624.png","type":"image\/png"}],"twitter_card":"summary_large_image","twitter_misc":{"Dur\u00e9e de lecture estim\u00e9e":"4 minutes"},"schema":{"@context":"https:\/\/schema.org","@graph":[{"@type":"WebPage","@id":"https:\/\/www.miamedicalitalia.it\/prodotto\/vendita-crioterapia-dinamica-cryopush\/","url":"https:\/\/www.miamedicalitalia.it\/prodotto\/vendita-crioterapia-dinamica-cryopush\/","name":"Cryopush Dynamic Cryotherapy \u00e0 vendre","isPartOf":{"@id":"https:\/\/www.miamedicalitalia.it\/#website"},"primaryImageOfPage":{"@id":"https:\/\/www.miamedicalitalia.it\/prodotto\/vendita-crioterapia-dinamica-cryopush\/#primaryimage"},"image":{"@id":"https:\/\/www.miamedicalitalia.it\/prodotto\/vendita-crioterapia-dinamica-cryopush\/#primaryimage"},"thumbnailUrl":"https:\/\/www.miamedicalitalia.it\/wp-content\/uploads\/2024\/12\/IMG_2624.png","datePublished":"2025-07-24T12:37:23+00:00","dateModified":"2026-04-08T12:35:51+00:00","description":"Vendita Crioterapia Dinamica Cryopush a un prezzo imbattibile. Disponibilit\u00e0 immediata. Ordina online in pochi click! Chiamaci ora!","breadcrumb":{"@id":"https:\/\/www.miamedicalitalia.it\/prodotto\/vendita-crioterapia-dinamica-cryopush\/#breadcrumb"},"inLanguage":"fr-FR","potentialAction":[{"@type":"ReadAction","target":["https:\/\/www.miamedicalitalia.it\/prodotto\/vendita-crioterapia-dinamica-cryopush\/"]}]},{"@type":"ImageObject","inLanguage":"fr-FR","@id":"https:\/\/www.miamedicalitalia.it\/prodotto\/vendita-crioterapia-dinamica-cryopush\/#primaryimage","url":"https:\/\/www.miamedicalitalia.it\/wp-content\/uploads\/2024\/12\/IMG_2624.png","contentUrl":"https:\/\/www.miamedicalitalia.it\/wp-content\/uploads\/2024\/12\/IMG_2624.png","width":1000,"height":1000,"caption":"terapia del freddo con compressione"},{"@type":"BreadcrumbList","@id":"https:\/\/www.miamedicalitalia.it\/prodotto\/vendita-crioterapia-dinamica-cryopush\/#breadcrumb","itemListElement":[{"@type":"ListItem","position":1,"name":"Home","item":"https:\/\/www.miamedicalitalia.it\/"},{"@type":"ListItem","position":2,"name":"Shop","item":"https:\/\/www.miamedicalitalia.it\/negozio\/"},{"@type":"ListItem","position":3,"name":"Vendita","item":"https:\/\/www.miamedicalitalia.it\/categoria\/vendita-ausili\/"},{"@type":"ListItem","position":4,"name":"Vendita Crioterapia Dinamica Cryopush"}]},{"@type":"WebSite","@id":"https:\/\/www.miamedicalitalia.it\/#website","url":"https:\/\/www.miamedicalitalia.it\/","name":"www.miamedicalitalia.it","description":"Location et vente d'\u00e9quipements sanitaires","publisher":{"@id":"https:\/\/www.miamedicalitalia.it\/#organization"},"potentialAction":[{"@type":"SearchAction","target":{"@type":"EntryPoint","urlTemplate":"https:\/\/www.miamedicalitalia.it\/?s={search_term_string}"},"query-input":{"@type":"PropertyValueSpecification","valueRequired":true,"valueName":"search_term_string"}}],"inLanguage":"fr-FR"},{"@type":"Organization","@id":"https:\/\/www.miamedicalitalia.it\/#organization","name":"OLG","url":"https:\/\/www.miamedicalitalia.it\/","logo":{"@type":"ImageObject","inLanguage":"fr-FR","@id":"https:\/\/www.miamedicalitalia.it\/#\/schema\/logo\/image\/","url":"https:\/\/www.miamedicalitalia.it\/wp-content\/uploads\/2023\/04\/mia-medical-logo-free.png","contentUrl":"https:\/\/www.miamedicalitalia.it\/wp-content\/uploads\/2023\/04\/mia-medical-logo-free.png","width":700,"height":700,"caption":"OLG"},"image":{"@id":"https:\/\/www.miamedicalitalia.it\/#\/schema\/logo\/image\/"},"sameAs":["https:\/\/www.facebook.com\/miamedicalitalia"]}]}},"wcpa_form_fields":null,"_links":{"self":[{"href":"https:\/\/www.miamedicalitalia.it\/fr\/wp-json\/wp\/v2\/product\/14182","targetHints":{"allow":["GET"]}}],"collection":[{"href":"https:\/\/www.miamedicalitalia.it\/fr\/wp-json\/wp\/v2\/product"}],"about":[{"href":"https:\/\/www.miamedicalitalia.it\/fr\/wp-json\/wp\/v2\/types\/product"}],"wp:featuredmedia":[{"embeddable":true,"href":"https:\/\/www.miamedicalitalia.it\/fr\/wp-json\/wp\/v2\/media\/13341"}],"wp:attachment":[{"href":"https:\/\/www.miamedicalitalia.it\/fr\/wp-json\/wp\/v2\/media?parent=14182"}],"wp:term":[{"taxonomy":"home-category","embeddable":true,"href":"https:\/\/www.miamedicalitalia.it\/fr\/wp-json\/wp\/v2\/home-category?post=14182"},{"taxonomy":"product_brand","embeddable":true,"href":"https:\/\/www.miamedicalitalia.it\/fr\/wp-json\/wp\/v2\/product_brand?post=14182"},{"taxonomy":"product_cat","embeddable":true,"href":"https:\/\/www.miamedicalitalia.it\/fr\/wp-json\/wp\/v2\/product_cat?post=14182"},{"taxonomy":"product_tag","embeddable":true,"href":"https:\/\/www.miamedicalitalia.it\/fr\/wp-json\/wp\/v2\/product_tag?post=14182"},{"taxonomy":"woo-feed-brand","embeddable":true,"href":"https:\/\/www.miamedicalitalia.it\/fr\/wp-json\/wp\/v2\/woo-feed-brand?post=14182"}],"curies":[{"name":"wp","href":"https:\/\/api.w.org\/{rel}","templated":true}]}}