{"id":14176,"date":"2025-07-24T14:52:01","date_gmt":"2025-07-24T12:52:01","guid":{"rendered":"https:\/\/www.miamedicalitalia.it\/?post_type=product&#038;p=14176"},"modified":"2026-03-06T18:01:25","modified_gmt":"2026-03-06T16:01:25","slug":"magnetoterapia-cemp-magnum-2500-2","status":"publish","type":"product","link":"https:\/\/www.miamedicalitalia.it\/fr\/produit\/magnetoterapia-cemp-magnum-2500-2\/","title":{"rendered":"Vente Magn\u00e9toth\u00e9rapie Magnum 2500"},"content":{"rendered":"<p>Les <strong><a href=\"https:\/\/www.globuscorporation.com\/it\/prodotti-domiciliari\/magnum-2500\/\">Dispositif MAGNUM 2500 <\/a><\/strong>Globus est une magn\u00e9toth\u00e9rapie <strong>CEMP \u00e0 basse fr\u00e9quence et \u00e0 haute intensit\u00e9<\/strong>con\u00e7u pour une <strong>utilisation professionnelle<\/strong>, convient \u00e9galement pour <strong>traitement \u00e0 domicile<\/strong>. Avec une puissance allant jusqu'\u00e0 250 Gauss par canal et deux canaux ind\u00e9pendants, il permet des th\u00e9rapies efficaces sur une ou plusieurs zones du corps simultan\u00e9ment.<\/p>\n\n\n\n<p>La technologie de <strong>Champs \u00e9lectromagn\u00e9tiques puls\u00e9s (CEMP) <\/strong>stimule <strong>r\u00e9g\u00e9n\u00e9ration cellulaire, favorise la cicatrisation des os et r\u00e9duit l'inflammation<\/strong>particuli\u00e8rement utile dans le traitement des <strong>fractures, arthrose, lombalgies, tendinites et ost\u00e9oporose.<\/strong><\/p>\n\n\n\n<p>Les <strong>MAGNUM 2500 <\/strong>est \u00e9quip\u00e9 de 30 programmes pr\u00e9d\u00e9finis pour les maladies les plus courantes et de 20 programmes personnalisables, permettant une gestion flexible et cibl\u00e9e de la th\u00e9rapie en fonction des besoins du patient.<\/p>\n\n\n\n<h4 class=\"wp-block-heading\" id=\"h-caratteristiche-principali-del-dispositivo\">Principales caract\u00e9ristiques de l'appareil :<\/h4>\n\n\n\n<ul class=\"wp-block-list\">\n<li>Magn\u00e9toth\u00e9rapie \u00e0 basse fr\u00e9quence (PEMF)<\/li>\n\n\n\n<li>Intensit\u00e9 r\u00e9glable jusqu'\u00e0 250 Gauss par canal<\/li>\n\n\n\n<li>2 canaux ind\u00e9pendants pour des traitements multiples<\/li>\n\n\n\n<li>30 programmes pr\u00e9r\u00e9gl\u00e9s + 20 programmes programmables<\/li>\n\n\n\n<li>Minuterie de 5 \u00e0 90 minutes<\/li>\n\n\n\n<li>Grand \u00e9cran r\u00e9tro\u00e9clair\u00e9<\/li>\n\n\n\n<li>Alimentation \u00e9lectrique<\/li>\n\n\n\n<li>Accessoires inclus : sol\u00e9no\u00efdes, bande th\u00e9rapeutique, manuel d'utilisation.<\/li>\n<\/ul>\n\n\n\n<p>Achat de l'appareil de magn\u00e9toth\u00e9rapie <strong>MAGNUM 2500<\/strong> est le choix id\u00e9al pour ceux qui recherchent un <strong>traitement efficace des douleurs articulaires, des maladies osseuses et inflammatoires, directement \u00e0 domicile<\/strong>.<br>Contactez-nous d\u00e8s aujourd'hui au +<strong>39 392 65 09 237<\/strong> et achetez votre magn\u00e9toth\u00e9rapie, livraison rapide !<br><br><strong>Pourquoi choisir le service Mia Medical Italia<\/strong><\/p>\n\n\n\n<p>Visitez le site <strong>notre site<\/strong> pour d\u00e9couvrir la vaste gamme de dispositifs \u00e9lectrom\u00e9dicaux, <strong><a href=\"https:\/\/www.miamedicalitalia.it\/fr\/categoria\/affitto-e-noleggio-ausili\/?_gl=1*c4srxd*_up*MQ..*_ga*MjExOTgxNjM4Mi4xNzQ4Njg0MzA5*_ga_D9FZ9V3LL7*czE3NDg2ODkyMzckbzMkZzAkdDE3NDg2ODkyMzckajYwJGwwJGgw\">magn\u00e9toth\u00e9rapie, \u00e9lectroth\u00e9rapie, pressoth\u00e9rapie, cryoth\u00e9rapie et autres.<\/a><\/strong><\/p>\n\n\n\n<p>Avec Mia Medical Italia, le traitement n'a jamais \u00e9t\u00e9 aussi simple et s\u00fbr. R\u00e9servez votre appareil d\u00e8s maintenant et commencez votre traitement en seulement 24\/48 heures ! Qu'est-ce que vous attendez ? <strong><a href=\"https:\/\/wa.me\/393926509237\">nous contacter<\/a><\/strong> maintenant \u00e0 +<strong>39 392 65 09 237.<\/strong> Appelez-nous pour acheter votre appareil de magn\u00e9toth\u00e9rapie \u00e0 domicile d\u00e8s aujourd'hui. <br><\/p>\n\n\n\n<p><\/p>","protected":false},"excerpt":{"rendered":"<div style=\"font-family: Arial, sans-serif; background-color: #234091; padding: 30px; border-radius: 25px; max-width: 600px; color: #ffffff; position: relative; border-top: 6px solid #2498fe;\">\n<h3 style=\"margin-top: 0; margin-bottom: 15px; color: #ffffff;\">MAGNETOTHERAPIE PEMP Magnum 2500<\/h3>\n<p>Appareil professionnel \u00e0 haute fr\u00e9quence con\u00e7u pour une utilisation CLINIQUE et DOMICULTURALE.<\/p>\n<ul>\n<li>Favorise la r\u00e9g\u00e9n\u00e9ration des os et des tissus<\/li>\n<li>R\u00e9duit naturellement la douleur et l'inflammation<\/li>\n<li>Am\u00e9liore la circulation et l'oxyg\u00e9nation des tissus<\/li>\n<li>Acc\u00e9l\u00e8re la gu\u00e9rison des fractures, des \u0153d\u00e8mes et des l\u00e9sions musculo-squelettiques<\/li>\n<li>Utile pour l'arthrose, l'ost\u00e9oporose, les tendinites et les troubles rhumatismaux.<\/li>\n<\/ul>\n<p><strong>Acheter maintenant !<\/strong><\/p>\n<\/div>\n<p><!-- Linea bianca sotto --><\/p>\n<div style=\"height: 6px; background-color: #ffffff; max-width: 600px;\">\u00a0<\/div>","protected":false},"featured_media":12108,"template":"","meta":{"_acf_changed":false},"home-category":[],"product_brand":[],"product_cat":[261,541],"product_tag":[],"woo-feed-brand":[],"class_list":{"0":"post-14176","1":"product","2":"type-product","3":"status-publish","4":"has-post-thumbnail","6":"product_cat-vendita-ausili","7":"product_cat-vendita-magnetoterapia","8":"product_shipping_class-ausili-grandi","10":"first","11":"instock","12":"shipping-taxable","13":"purchasable","14":"product-type-simple"},"acf":[],"yoast_head":"<!-- This site is optimized with the Yoast SEO Premium plugin v27.5 (Yoast SEO v27.5) - https:\/\/yoast.com\/product\/yoast-seo-premium-wordpress\/ -->\n<title>Vendita Magnetoterapia CEMP MAGNUM 2500<\/title>\n<meta name=\"description\" content=\"Acquista ora la Magnetoterapia CEMP Magnum 2500 a un prezzo vantaggioso. Disponibilit\u00e0 immediata. Ordina online in pochi click!\" \/>\n<meta name=\"robots\" content=\"index, follow, max-snippet:-1, max-image-preview:large, max-video-preview:-1\" \/>\n<link rel=\"canonical\" href=\"https:\/\/www.miamedicalitalia.it\/fr\/produit\/magnetoterapia-cemp-magnum-2500-2\/\" \/>\n<meta property=\"og:locale\" content=\"fr_FR\" \/>\n<meta property=\"og:type\" content=\"article\" \/>\n<meta property=\"og:title\" content=\"Vendita Magnetoterapia CEMP MAGNUM 2500\" \/>\n<meta property=\"og:description\" content=\"Acquista ora la Magnetoterapia CEMP Magnum 2500 a un prezzo vantaggioso. Disponibilit\u00e0 immediata. Ordina online in pochi click!\" \/>\n<meta property=\"og:url\" content=\"https:\/\/www.miamedicalitalia.it\/fr\/produit\/magnetoterapia-cemp-magnum-2500-2\/\" \/>\n<meta property=\"og:site_name\" content=\"Mia Medical\" \/>\n<meta property=\"article:publisher\" content=\"https:\/\/www.facebook.com\/miamedicalitalia\" \/>\n<meta property=\"article:modified_time\" content=\"2026-03-06T16:01:25+00:00\" \/>\n<meta property=\"og:image\" content=\"https:\/\/www.miamedicalitalia.it\/wp-content\/uploads\/2023\/10\/MAGNETOTERAPIA-CEMP-MAGNUM-2500.jpg\" \/>\n\t<meta property=\"og:image:width\" content=\"1200\" \/>\n\t<meta property=\"og:image:height\" content=\"1200\" \/>\n\t<meta property=\"og:image:type\" content=\"image\/jpeg\" \/>\n<meta name=\"twitter:card\" content=\"summary_large_image\" \/>\n<meta name=\"twitter:label1\" content=\"Dur\u00e9e de lecture estim\u00e9e\" \/>\n\t<meta name=\"twitter:data1\" content=\"1 minute\" \/>\n<script type=\"application\/ld+json\" class=\"yoast-schema-graph\">{\"@context\":\"https:\\\/\\\/schema.org\",\"@graph\":[{\"@type\":\"WebPage\",\"@id\":\"https:\\\/\\\/www.miamedicalitalia.it\\\/prodotto\\\/magnetoterapia-cemp-magnum-2500-2\\\/\",\"url\":\"https:\\\/\\\/www.miamedicalitalia.it\\\/prodotto\\\/magnetoterapia-cemp-magnum-2500-2\\\/\",\"name\":\"Vendita Magnetoterapia CEMP MAGNUM 2500\",\"isPartOf\":{\"@id\":\"https:\\\/\\\/www.miamedicalitalia.it\\\/#website\"},\"primaryImageOfPage\":{\"@id\":\"https:\\\/\\\/www.miamedicalitalia.it\\\/prodotto\\\/magnetoterapia-cemp-magnum-2500-2\\\/#primaryimage\"},\"image\":{\"@id\":\"https:\\\/\\\/www.miamedicalitalia.it\\\/prodotto\\\/magnetoterapia-cemp-magnum-2500-2\\\/#primaryimage\"},\"thumbnailUrl\":\"https:\\\/\\\/www.miamedicalitalia.it\\\/wp-content\\\/uploads\\\/2023\\\/10\\\/MAGNETOTERAPIA-CEMP-MAGNUM-2500.jpg\",\"datePublished\":\"2025-07-24T12:52:01+00:00\",\"dateModified\":\"2026-03-06T16:01:25+00:00\",\"description\":\"Acquista ora la Magnetoterapia CEMP Magnum 2500 a un prezzo vantaggioso. Disponibilit\u00e0 immediata. Ordina online in pochi click!\",\"breadcrumb\":{\"@id\":\"https:\\\/\\\/www.miamedicalitalia.it\\\/prodotto\\\/magnetoterapia-cemp-magnum-2500-2\\\/#breadcrumb\"},\"inLanguage\":\"fr-FR\",\"potentialAction\":[{\"@type\":\"ReadAction\",\"target\":[\"https:\\\/\\\/www.miamedicalitalia.it\\\/prodotto\\\/magnetoterapia-cemp-magnum-2500-2\\\/\"]}]},{\"@type\":\"ImageObject\",\"inLanguage\":\"fr-FR\",\"@id\":\"https:\\\/\\\/www.miamedicalitalia.it\\\/prodotto\\\/magnetoterapia-cemp-magnum-2500-2\\\/#primaryimage\",\"url\":\"https:\\\/\\\/www.miamedicalitalia.it\\\/wp-content\\\/uploads\\\/2023\\\/10\\\/MAGNETOTERAPIA-CEMP-MAGNUM-2500.jpg\",\"contentUrl\":\"https:\\\/\\\/www.miamedicalitalia.it\\\/wp-content\\\/uploads\\\/2023\\\/10\\\/MAGNETOTERAPIA-CEMP-MAGNUM-2500.jpg\",\"width\":1200,\"height\":1200},{\"@type\":\"BreadcrumbList\",\"@id\":\"https:\\\/\\\/www.miamedicalitalia.it\\\/prodotto\\\/magnetoterapia-cemp-magnum-2500-2\\\/#breadcrumb\",\"itemListElement\":[{\"@type\":\"ListItem\",\"position\":1,\"name\":\"Home\",\"item\":\"https:\\\/\\\/www.miamedicalitalia.it\\\/\"},{\"@type\":\"ListItem\",\"position\":2,\"name\":\"Shop\",\"item\":\"https:\\\/\\\/www.miamedicalitalia.it\\\/negozio\\\/\"},{\"@type\":\"ListItem\",\"position\":3,\"name\":\"Vendita\",\"item\":\"https:\\\/\\\/www.miamedicalitalia.it\\\/categoria\\\/vendita-ausili\\\/\"},{\"@type\":\"ListItem\",\"position\":4,\"name\":\"Vendita Magnetoterapia Magnum 2500\"}]},{\"@type\":\"WebSite\",\"@id\":\"https:\\\/\\\/www.miamedicalitalia.it\\\/#website\",\"url\":\"https:\\\/\\\/www.miamedicalitalia.it\\\/\",\"name\":\"www.miamedicalitalia.it\",\"description\":\"Noleggio e Vendita Attrezzatura Sanitarie\",\"publisher\":{\"@id\":\"https:\\\/\\\/www.miamedicalitalia.it\\\/#organization\"},\"potentialAction\":[{\"@type\":\"SearchAction\",\"target\":{\"@type\":\"EntryPoint\",\"urlTemplate\":\"https:\\\/\\\/www.miamedicalitalia.it\\\/?s={search_term_string}\"},\"query-input\":{\"@type\":\"PropertyValueSpecification\",\"valueRequired\":true,\"valueName\":\"search_term_string\"}}],\"inLanguage\":\"fr-FR\"},{\"@type\":\"Organization\",\"@id\":\"https:\\\/\\\/www.miamedicalitalia.it\\\/#organization\",\"name\":\"OLG\",\"url\":\"https:\\\/\\\/www.miamedicalitalia.it\\\/\",\"logo\":{\"@type\":\"ImageObject\",\"inLanguage\":\"fr-FR\",\"@id\":\"https:\\\/\\\/www.miamedicalitalia.it\\\/#\\\/schema\\\/logo\\\/image\\\/\",\"url\":\"https:\\\/\\\/www.miamedicalitalia.it\\\/wp-content\\\/uploads\\\/2023\\\/04\\\/mia-medical-logo-free.png\",\"contentUrl\":\"https:\\\/\\\/www.miamedicalitalia.it\\\/wp-content\\\/uploads\\\/2023\\\/04\\\/mia-medical-logo-free.png\",\"width\":700,\"height\":700,\"caption\":\"OLG\"},\"image\":{\"@id\":\"https:\\\/\\\/www.miamedicalitalia.it\\\/#\\\/schema\\\/logo\\\/image\\\/\"},\"sameAs\":[\"https:\\\/\\\/www.facebook.com\\\/miamedicalitalia\"]}]}<\/script>\n<!-- \/ Yoast SEO Premium plugin. -->","yoast_head_json":{"title":"Vente Magn\u00e9toth\u00e9rapie CEMP MAGNUM 2500","description":"Achetez la Magn\u00e9toth\u00e9rapie PEMF Magnum 2500 maintenant \u00e0 un prix avantageux. Disponibilit\u00e9 imm\u00e9diate. Commandez en ligne en quelques clics !","robots":{"index":"index","follow":"follow","max-snippet":"max-snippet:-1","max-image-preview":"max-image-preview:large","max-video-preview":"max-video-preview:-1"},"canonical":"https:\/\/www.miamedicalitalia.it\/fr\/produit\/magnetoterapia-cemp-magnum-2500-2\/","og_locale":"fr_FR","og_type":"article","og_title":"Vendita Magnetoterapia CEMP MAGNUM 2500","og_description":"Acquista ora la Magnetoterapia CEMP Magnum 2500 a un prezzo vantaggioso. Disponibilit\u00e0 immediata. Ordina online in pochi click!","og_url":"https:\/\/www.miamedicalitalia.it\/fr\/produit\/magnetoterapia-cemp-magnum-2500-2\/","og_site_name":"Mia Medical","article_publisher":"https:\/\/www.facebook.com\/miamedicalitalia","article_modified_time":"2026-03-06T16:01:25+00:00","og_image":[{"width":1200,"height":1200,"url":"https:\/\/www.miamedicalitalia.it\/wp-content\/uploads\/2023\/10\/MAGNETOTERAPIA-CEMP-MAGNUM-2500.jpg","type":"image\/jpeg"}],"twitter_card":"summary_large_image","twitter_misc":{"Dur\u00e9e de lecture estim\u00e9e":"1 minute"},"schema":{"@context":"https:\/\/schema.org","@graph":[{"@type":"WebPage","@id":"https:\/\/www.miamedicalitalia.it\/prodotto\/magnetoterapia-cemp-magnum-2500-2\/","url":"https:\/\/www.miamedicalitalia.it\/prodotto\/magnetoterapia-cemp-magnum-2500-2\/","name":"Vente Magn\u00e9toth\u00e9rapie CEMP MAGNUM 2500","isPartOf":{"@id":"https:\/\/www.miamedicalitalia.it\/#website"},"primaryImageOfPage":{"@id":"https:\/\/www.miamedicalitalia.it\/prodotto\/magnetoterapia-cemp-magnum-2500-2\/#primaryimage"},"image":{"@id":"https:\/\/www.miamedicalitalia.it\/prodotto\/magnetoterapia-cemp-magnum-2500-2\/#primaryimage"},"thumbnailUrl":"https:\/\/www.miamedicalitalia.it\/wp-content\/uploads\/2023\/10\/MAGNETOTERAPIA-CEMP-MAGNUM-2500.jpg","datePublished":"2025-07-24T12:52:01+00:00","dateModified":"2026-03-06T16:01:25+00:00","description":"Achetez la Magn\u00e9toth\u00e9rapie PEMF Magnum 2500 maintenant \u00e0 un prix avantageux. Disponibilit\u00e9 imm\u00e9diate. Commandez en ligne en quelques clics !","breadcrumb":{"@id":"https:\/\/www.miamedicalitalia.it\/prodotto\/magnetoterapia-cemp-magnum-2500-2\/#breadcrumb"},"inLanguage":"fr-FR","potentialAction":[{"@type":"ReadAction","target":["https:\/\/www.miamedicalitalia.it\/prodotto\/magnetoterapia-cemp-magnum-2500-2\/"]}]},{"@type":"ImageObject","inLanguage":"fr-FR","@id":"https:\/\/www.miamedicalitalia.it\/prodotto\/magnetoterapia-cemp-magnum-2500-2\/#primaryimage","url":"https:\/\/www.miamedicalitalia.it\/wp-content\/uploads\/2023\/10\/MAGNETOTERAPIA-CEMP-MAGNUM-2500.jpg","contentUrl":"https:\/\/www.miamedicalitalia.it\/wp-content\/uploads\/2023\/10\/MAGNETOTERAPIA-CEMP-MAGNUM-2500.jpg","width":1200,"height":1200},{"@type":"BreadcrumbList","@id":"https:\/\/www.miamedicalitalia.it\/prodotto\/magnetoterapia-cemp-magnum-2500-2\/#breadcrumb","itemListElement":[{"@type":"ListItem","position":1,"name":"Home","item":"https:\/\/www.miamedicalitalia.it\/"},{"@type":"ListItem","position":2,"name":"Shop","item":"https:\/\/www.miamedicalitalia.it\/negozio\/"},{"@type":"ListItem","position":3,"name":"Vendita","item":"https:\/\/www.miamedicalitalia.it\/categoria\/vendita-ausili\/"},{"@type":"ListItem","position":4,"name":"Vendita Magnetoterapia Magnum 2500"}]},{"@type":"WebSite","@id":"https:\/\/www.miamedicalitalia.it\/#website","url":"https:\/\/www.miamedicalitalia.it\/","name":"www.miamedicalitalia.it","description":"Location et vente d'\u00e9quipements sanitaires","publisher":{"@id":"https:\/\/www.miamedicalitalia.it\/#organization"},"potentialAction":[{"@type":"SearchAction","target":{"@type":"EntryPoint","urlTemplate":"https:\/\/www.miamedicalitalia.it\/?s={search_term_string}"},"query-input":{"@type":"PropertyValueSpecification","valueRequired":true,"valueName":"search_term_string"}}],"inLanguage":"fr-FR"},{"@type":"Organization","@id":"https:\/\/www.miamedicalitalia.it\/#organization","name":"OLG","url":"https:\/\/www.miamedicalitalia.it\/","logo":{"@type":"ImageObject","inLanguage":"fr-FR","@id":"https:\/\/www.miamedicalitalia.it\/#\/schema\/logo\/image\/","url":"https:\/\/www.miamedicalitalia.it\/wp-content\/uploads\/2023\/04\/mia-medical-logo-free.png","contentUrl":"https:\/\/www.miamedicalitalia.it\/wp-content\/uploads\/2023\/04\/mia-medical-logo-free.png","width":700,"height":700,"caption":"OLG"},"image":{"@id":"https:\/\/www.miamedicalitalia.it\/#\/schema\/logo\/image\/"},"sameAs":["https:\/\/www.facebook.com\/miamedicalitalia"]}]}},"wcpa_form_fields":null,"_links":{"self":[{"href":"https:\/\/www.miamedicalitalia.it\/fr\/wp-json\/wp\/v2\/product\/14176","targetHints":{"allow":["GET"]}}],"collection":[{"href":"https:\/\/www.miamedicalitalia.it\/fr\/wp-json\/wp\/v2\/product"}],"about":[{"href":"https:\/\/www.miamedicalitalia.it\/fr\/wp-json\/wp\/v2\/types\/product"}],"wp:featuredmedia":[{"embeddable":true,"href":"https:\/\/www.miamedicalitalia.it\/fr\/wp-json\/wp\/v2\/media\/12108"}],"wp:attachment":[{"href":"https:\/\/www.miamedicalitalia.it\/fr\/wp-json\/wp\/v2\/media?parent=14176"}],"wp:term":[{"taxonomy":"home-category","embeddable":true,"href":"https:\/\/www.miamedicalitalia.it\/fr\/wp-json\/wp\/v2\/home-category?post=14176"},{"taxonomy":"product_brand","embeddable":true,"href":"https:\/\/www.miamedicalitalia.it\/fr\/wp-json\/wp\/v2\/product_brand?post=14176"},{"taxonomy":"product_cat","embeddable":true,"href":"https:\/\/www.miamedicalitalia.it\/fr\/wp-json\/wp\/v2\/product_cat?post=14176"},{"taxonomy":"product_tag","embeddable":true,"href":"https:\/\/www.miamedicalitalia.it\/fr\/wp-json\/wp\/v2\/product_tag?post=14176"},{"taxonomy":"woo-feed-brand","embeddable":true,"href":"https:\/\/www.miamedicalitalia.it\/fr\/wp-json\/wp\/v2\/woo-feed-brand?post=14176"}],"curies":[{"name":"wp","href":"https:\/\/api.w.org\/{rel}","templated":true}]}}