{"id":14126,"date":"2025-07-21T13:35:45","date_gmt":"2025-07-21T11:35:45","guid":{"rendered":"https:\/\/www.miamedicalitalia.it\/?post_type=product&#038;p=14126"},"modified":"2026-03-06T17:10:44","modified_gmt":"2026-03-06T15:10:44","slug":"vendita-sollevatore-elettrico-soft","status":"publish","type":"product","link":"https:\/\/www.miamedicalitalia.it\/fr\/produit\/vendita-sollevatore-elettrico-soft\/","title":{"rendered":"Vente d'un \u00e9l\u00e9vateur de bain \u00e9lectrique SOFT"},"content":{"rendered":"<h4 class=\"wp-block-heading\" id=\"h-sollevatore-elettrico-soft-per-bagno-e-trasferimenti-pieghevole-compatto-e-facile-da-usare\">Palan \u00e9lectrique SOFT pour les bains et les transferts - pliable, compact et facile \u00e0 utiliser<\/h4>\n\n\n\n<p>Les <strong>Palan \u00e9lectrique SOFT<\/strong> est un dispositif m\u00e9dical con\u00e7u pour faciliter le levage et le transfert des personnes \u00e0 mobilit\u00e9 r\u00e9duite en tout confort et en toute s\u00e9curit\u00e9. Gr\u00e2ce \u00e0 son <strong>harnais souple<\/strong> et le <strong>syst\u00e8me de pliage peu encombrant<\/strong>, Il est parfait pour une utilisation dans les environnements domestiques et professionnels, m\u00eame si l'espace est limit\u00e9.<\/p>\n\n\n\n<p>Adapt\u00e9 au transfert <strong>du lit \u00e0 la poussette, de la baignoire au fauteuil<\/strong>ou pour <strong>accompagner une personne dans une voiture<\/strong>, SOFT est une aide essentielle pour simplifier le travail des soignants et des membres de la famille.<\/p>\n\n\n\n<h4 class=\"wp-block-heading\" id=\"h-caratteristiche-tecniche-del-sollevatore-soft\">Caract\u00e9ristiques techniques de l'ascenseur SOFT<\/h4>\n\n\n\n<ul class=\"wp-block-list\">\n<li><strong>Syst\u00e8me de levage \u00e9lectrique avec commande manuelle<\/strong><\/li>\n\n\n\n<li><strong>Harnais souple, confortable et lavable<\/strong><\/li>\n\n\n\n<li><strong>Structure pliante<\/strong> - seulement <strong>27 cm de profondeur<\/strong> \u00e0 l'\u00e9tat ferm\u00e9<\/li>\n\n\n\n<li><strong>Hauteur r\u00e9glable<\/strong> 40 \u00e0 73 cm<\/li>\n\n\n\n<li><strong>Largeur \u00e0 l'ouverture<\/strong>: 63 cm - <strong>passe facilement par des portes de 53 cm<\/strong><\/li>\n\n\n\n<li><strong>Longueur<\/strong>73 cm<\/li>\n\n\n\n<li><strong>Poids de l'appareil<\/strong>28 kg<\/li>\n\n\n\n<li><strong>D\u00e9bit maximal<\/strong>150 kg<\/li>\n\n\n\n<li><strong>Roulettes pivotantes<\/strong> pour une man\u0153uvre ais\u00e9e<\/li>\n\n\n\n<li><strong>Faible encombrement<\/strong> - id\u00e9al m\u00eame dans les petites pi\u00e8ces<\/li>\n<\/ul>\n\n\n\n<h4 class=\"wp-block-heading\" id=\"h-a-chi-e-rivolto-il-sollevatore-elettrico-soft\">A qui s'adresse le l\u00e8ve-personne \u00e9lectrique SOFT<\/h4>\n\n\n\n<p>L'ascenseur SOFT est con\u00e7u pour :<\/p>\n\n\n\n<ul class=\"wp-block-list\">\n<li>Familles s'occupant de personnes ayant des difficult\u00e9s de mobilit\u00e9 \u00e0 domicile<\/li>\n\n\n\n<li>\u00c9tablissements de sant\u00e9, maisons de retraite ou RSA<\/li>\n\n\n\n<li>Travailleurs \u00e0 domicile et soignants professionnels<\/li>\n\n\n\n<li>Pratiques de physioth\u00e9rapie et environnements de r\u00e9adaptation<\/li>\n\n\n\n<li>Qui a besoin d'une aide pour accompagner une personne assist\u00e9e dans la voiture ?<\/li>\n<\/ul>\n\n\n\n<h4 class=\"wp-block-heading\" id=\"h-vendita-e-noleggio-sollevatore-elettrico-soft-praticita-sicurezza-e-autonomia-ogni-giorno\">Vente et location de palans \u00e9lectriques SOFT : praticit\u00e9, s\u00e9curit\u00e9 et autonomie au quotidien<br><\/h4>\n\n\n\n<p>Disposer d'un ascenseur compact et pliable comme le <strong>DOUX<\/strong> am\u00e9liore concr\u00e8tement la vie quotidienne, tant pour la personne soign\u00e9e que pour le soignant. Gr\u00e2ce \u00e0 sa l\u00e9g\u00e8ret\u00e9, \u00e0 sa maniabilit\u00e9 et \u00e0 l'utilisation d'un syst\u00e8me d'aide \u00e0 la mobilit\u00e9, le fauteuil roulant peut \u00eatre utilis\u00e9 comme un outil de travail. <strong>harnais souple<\/strong>, chaque transfert est plus facile, plus s\u00fbr et moins fatigant. Le l\u00e8ve-personne SOFT est un choix strat\u00e9gique pour ceux qui ont besoin d'un <strong>une aide polyvalente<\/strong>facile \u00e0 stocker et <strong>imm\u00e9diatement pr\u00eat \u00e0 l'emploi<\/strong> \u00e0 tout moment.<br><br>En savoir plus sur notre <strong><a href=\"https:\/\/www.miamedicalitalia.it\/fr\/categoria\/affitto-e-noleggio-ausili\/\">site tous les mod\u00e8les et aides disponibles : des outils con\u00e7us pour accompagner chaque jour les personnes vers une nouvelle autonomie.<\/a><\/strong><\/p>\n\n\n\n<p>Chaque jour, nous nous effor\u00e7ons de fournir \u00e0 nos clients tous les outils n\u00e9cessaires aux soins \u00e0 domicile, afin qu'ils puissent recevoir les soins dont ils ont besoin, entour\u00e9s de l'affection de leurs proches. <strong>Choisissez les services de vente et de location de M.I.A. Medical Italia. <\/strong>Nos aides sont soigneusement s\u00e9lectionn\u00e9es aupr\u00e8s des meilleurs fournisseurs afin de garantir un service de qualit\u00e9. <strong>un service de qualit\u00e9 sup\u00e9rieure, avec une assistance constante de nos professionnels, une livraison rapide \u00e0 domicile en 24\/48 heures.<\/strong><\/p>\n\n\n\n<h4 class=\"wp-block-heading\" id=\"h-contatti-utili\">Contacts utiles<\/h4>\n\n\n\n<p>Qu'attendez-vous ? Appelez-nous d\u00e8s maintenant au +<strong>39 392 65 09 237<\/strong> pour demander votre ascenseur d\u00e8s aujourd'hui ! En outre, il vous suffit de nous envoyer un message sur <strong><a href=\"https:\/\/wa.me\/393926509237\">whatsapp<\/a><\/strong> pour mener \u00e0 bien la <strong>r\u00e9servation<\/strong> ou pour demander un <strong>consultation gratuite<\/strong>. Notre <strong>des techniciens sp\u00e9cialis\u00e9s sont toujours pr\u00eats \u00e0 vous apporter des \u00e9claircissements ou \u00e0 vous guider, \u00e9tape par \u00e9tape, dans le choix de l'appareil qui r\u00e9pond le mieux \u00e0 vos besoins.<\/strong><\/p>","protected":false},"excerpt":{"rendered":"<div style=\"font-family: Arial, sans-serif; background-color: #234091; padding: 30px; border-radius: 25px; max-width: 600px; color: #ffffff; position: relative; border-top: 6px solid #2498fe;\">\n<h3 style=\"margin-top: 0; margin-bottom: 15px; color: #ffffff;\">Ne manquez pas l'offre sp\u00e9ciale !<\/h3>\n<p>Jusqu'\u00e0 \u00e9puisement des stocks.<\/p>\n<\/div>\n<p><!-- Linea bianca sotto --><\/p>\n<div style=\"height: 6px; background-color: #ffffff; max-width: 600px;\">\u00a0<\/div>","protected":false},"featured_media":14127,"template":"","meta":{"_acf_changed":false},"home-category":[263],"product_brand":[],"product_cat":[261,534],"product_tag":[],"woo-feed-brand":[],"class_list":{"0":"post-14126","1":"product","2":"type-product","3":"status-publish","4":"has-post-thumbnail","6":"home-category-ausili","7":"product_cat-vendita-ausili","8":"product_cat-vendita-sollevatori","9":"product_shipping_class-ausili-grandi","11":"first","12":"instock","13":"shipping-taxable","14":"purchasable","15":"product-type-simple"},"acf":[],"yoast_head":"<!-- This site is optimized with the Yoast SEO Premium plugin v27.5 (Yoast SEO v27.5) - https:\/\/yoast.com\/product\/yoast-seo-premium-wordpress\/ -->\n<title>Vendita sollevatore elettrico SOFT da bagno - Mia Medical<\/title>\n<meta name=\"description\" content=\"Sollevatore elettrico SOFT in vendita. Disponibilit\u00e0 immediata. Consegna rapida in 24\/48h. Il miglior rapporto qualit\u00e0 prezzo sul mercato! Chiama ora.\" \/>\n<meta name=\"robots\" content=\"index, follow, max-snippet:-1, max-image-preview:large, max-video-preview:-1\" \/>\n<link rel=\"canonical\" href=\"https:\/\/www.miamedicalitalia.it\/fr\/produit\/vendita-sollevatore-elettrico-soft\/\" \/>\n<meta property=\"og:locale\" content=\"fr_FR\" \/>\n<meta property=\"og:type\" content=\"article\" \/>\n<meta property=\"og:title\" content=\"Vendita sollevatore elettrico SOFT da bagno - Mia Medical\" \/>\n<meta property=\"og:description\" content=\"Sollevatore elettrico SOFT in vendita. Disponibilit\u00e0 immediata. Consegna rapida in 24\/48h. Il miglior rapporto qualit\u00e0 prezzo sul mercato! Chiama ora.\" \/>\n<meta property=\"og:url\" content=\"https:\/\/www.miamedicalitalia.it\/fr\/produit\/vendita-sollevatore-elettrico-soft\/\" \/>\n<meta property=\"og:site_name\" content=\"Mia Medical\" \/>\n<meta property=\"article:publisher\" content=\"https:\/\/www.facebook.com\/miamedicalitalia\" \/>\n<meta property=\"article:modified_time\" content=\"2026-03-06T15:10:44+00:00\" \/>\n<meta property=\"og:image\" content=\"https:\/\/www.miamedicalitalia.it\/wp-content\/uploads\/2025\/07\/2.jpg\" \/>\n\t<meta property=\"og:image:width\" content=\"1000\" \/>\n\t<meta property=\"og:image:height\" content=\"1000\" \/>\n\t<meta property=\"og:image:type\" content=\"image\/jpeg\" \/>\n<meta name=\"twitter:card\" content=\"summary_large_image\" \/>\n<meta name=\"twitter:label1\" content=\"Dur\u00e9e de lecture estim\u00e9e\" \/>\n\t<meta name=\"twitter:data1\" content=\"2 minutes\" \/>\n<script type=\"application\/ld+json\" class=\"yoast-schema-graph\">{\"@context\":\"https:\\\/\\\/schema.org\",\"@graph\":[{\"@type\":\"WebPage\",\"@id\":\"https:\\\/\\\/www.miamedicalitalia.it\\\/prodotto\\\/vendita-sollevatore-elettrico-soft\\\/\",\"url\":\"https:\\\/\\\/www.miamedicalitalia.it\\\/prodotto\\\/vendita-sollevatore-elettrico-soft\\\/\",\"name\":\"Vendita sollevatore elettrico SOFT da bagno - Mia Medical\",\"isPartOf\":{\"@id\":\"https:\\\/\\\/www.miamedicalitalia.it\\\/#website\"},\"primaryImageOfPage\":{\"@id\":\"https:\\\/\\\/www.miamedicalitalia.it\\\/prodotto\\\/vendita-sollevatore-elettrico-soft\\\/#primaryimage\"},\"image\":{\"@id\":\"https:\\\/\\\/www.miamedicalitalia.it\\\/prodotto\\\/vendita-sollevatore-elettrico-soft\\\/#primaryimage\"},\"thumbnailUrl\":\"https:\\\/\\\/www.miamedicalitalia.it\\\/wp-content\\\/uploads\\\/2025\\\/07\\\/2.jpg\",\"datePublished\":\"2025-07-21T11:35:45+00:00\",\"dateModified\":\"2026-03-06T15:10:44+00:00\",\"description\":\"Sollevatore elettrico SOFT in vendita. Disponibilit\u00e0 immediata. Consegna rapida in 24\\\/48h. Il miglior rapporto qualit\u00e0 prezzo sul mercato! Chiama ora.\",\"breadcrumb\":{\"@id\":\"https:\\\/\\\/www.miamedicalitalia.it\\\/prodotto\\\/vendita-sollevatore-elettrico-soft\\\/#breadcrumb\"},\"inLanguage\":\"fr-FR\",\"potentialAction\":[{\"@type\":\"ReadAction\",\"target\":[\"https:\\\/\\\/www.miamedicalitalia.it\\\/prodotto\\\/vendita-sollevatore-elettrico-soft\\\/\"]}]},{\"@type\":\"ImageObject\",\"inLanguage\":\"fr-FR\",\"@id\":\"https:\\\/\\\/www.miamedicalitalia.it\\\/prodotto\\\/vendita-sollevatore-elettrico-soft\\\/#primaryimage\",\"url\":\"https:\\\/\\\/www.miamedicalitalia.it\\\/wp-content\\\/uploads\\\/2025\\\/07\\\/2.jpg\",\"contentUrl\":\"https:\\\/\\\/www.miamedicalitalia.it\\\/wp-content\\\/uploads\\\/2025\\\/07\\\/2.jpg\",\"width\":1000,\"height\":1000},{\"@type\":\"BreadcrumbList\",\"@id\":\"https:\\\/\\\/www.miamedicalitalia.it\\\/prodotto\\\/vendita-sollevatore-elettrico-soft\\\/#breadcrumb\",\"itemListElement\":[{\"@type\":\"ListItem\",\"position\":1,\"name\":\"Home\",\"item\":\"https:\\\/\\\/www.miamedicalitalia.it\\\/\"},{\"@type\":\"ListItem\",\"position\":2,\"name\":\"Shop\",\"item\":\"https:\\\/\\\/www.miamedicalitalia.it\\\/negozio\\\/\"},{\"@type\":\"ListItem\",\"position\":3,\"name\":\"Vendita\",\"item\":\"https:\\\/\\\/www.miamedicalitalia.it\\\/categoria\\\/vendita-ausili\\\/\"},{\"@type\":\"ListItem\",\"position\":4,\"name\":\"Vendita sollevatore elettrico SOFT da bagno\"}]},{\"@type\":\"WebSite\",\"@id\":\"https:\\\/\\\/www.miamedicalitalia.it\\\/#website\",\"url\":\"https:\\\/\\\/www.miamedicalitalia.it\\\/\",\"name\":\"www.miamedicalitalia.it\",\"description\":\"Noleggio e Vendita Attrezzatura Sanitarie\",\"publisher\":{\"@id\":\"https:\\\/\\\/www.miamedicalitalia.it\\\/#organization\"},\"potentialAction\":[{\"@type\":\"SearchAction\",\"target\":{\"@type\":\"EntryPoint\",\"urlTemplate\":\"https:\\\/\\\/www.miamedicalitalia.it\\\/?s={search_term_string}\"},\"query-input\":{\"@type\":\"PropertyValueSpecification\",\"valueRequired\":true,\"valueName\":\"search_term_string\"}}],\"inLanguage\":\"fr-FR\"},{\"@type\":\"Organization\",\"@id\":\"https:\\\/\\\/www.miamedicalitalia.it\\\/#organization\",\"name\":\"OLG\",\"url\":\"https:\\\/\\\/www.miamedicalitalia.it\\\/\",\"logo\":{\"@type\":\"ImageObject\",\"inLanguage\":\"fr-FR\",\"@id\":\"https:\\\/\\\/www.miamedicalitalia.it\\\/#\\\/schema\\\/logo\\\/image\\\/\",\"url\":\"https:\\\/\\\/www.miamedicalitalia.it\\\/wp-content\\\/uploads\\\/2023\\\/04\\\/mia-medical-logo-free.png\",\"contentUrl\":\"https:\\\/\\\/www.miamedicalitalia.it\\\/wp-content\\\/uploads\\\/2023\\\/04\\\/mia-medical-logo-free.png\",\"width\":700,\"height\":700,\"caption\":\"OLG\"},\"image\":{\"@id\":\"https:\\\/\\\/www.miamedicalitalia.it\\\/#\\\/schema\\\/logo\\\/image\\\/\"},\"sameAs\":[\"https:\\\/\\\/www.facebook.com\\\/miamedicalitalia\"]}]}<\/script>\n<!-- \/ Yoast SEO Premium plugin. -->","yoast_head_json":{"title":"Releveur de bain \u00e9lectrique SOFT \u00e0 vendre - Mia Medical","description":"Palan \u00e9lectrique SOFT \u00e0 vendre. Disponibilit\u00e9 imm\u00e9diate. Livraison rapide en 24\/48h. Le meilleur rapport qualit\u00e9\/prix du march\u00e9 ! Appelez-nous.","robots":{"index":"index","follow":"follow","max-snippet":"max-snippet:-1","max-image-preview":"max-image-preview:large","max-video-preview":"max-video-preview:-1"},"canonical":"https:\/\/www.miamedicalitalia.it\/fr\/produit\/vendita-sollevatore-elettrico-soft\/","og_locale":"fr_FR","og_type":"article","og_title":"Vendita sollevatore elettrico SOFT da bagno - Mia Medical","og_description":"Sollevatore elettrico SOFT in vendita. Disponibilit\u00e0 immediata. Consegna rapida in 24\/48h. Il miglior rapporto qualit\u00e0 prezzo sul mercato! Chiama ora.","og_url":"https:\/\/www.miamedicalitalia.it\/fr\/produit\/vendita-sollevatore-elettrico-soft\/","og_site_name":"Mia Medical","article_publisher":"https:\/\/www.facebook.com\/miamedicalitalia","article_modified_time":"2026-03-06T15:10:44+00:00","og_image":[{"width":1000,"height":1000,"url":"https:\/\/www.miamedicalitalia.it\/wp-content\/uploads\/2025\/07\/2.jpg","type":"image\/jpeg"}],"twitter_card":"summary_large_image","twitter_misc":{"Dur\u00e9e de lecture estim\u00e9e":"2 minutes"},"schema":{"@context":"https:\/\/schema.org","@graph":[{"@type":"WebPage","@id":"https:\/\/www.miamedicalitalia.it\/prodotto\/vendita-sollevatore-elettrico-soft\/","url":"https:\/\/www.miamedicalitalia.it\/prodotto\/vendita-sollevatore-elettrico-soft\/","name":"Releveur de bain \u00e9lectrique SOFT \u00e0 vendre - Mia Medical","isPartOf":{"@id":"https:\/\/www.miamedicalitalia.it\/#website"},"primaryImageOfPage":{"@id":"https:\/\/www.miamedicalitalia.it\/prodotto\/vendita-sollevatore-elettrico-soft\/#primaryimage"},"image":{"@id":"https:\/\/www.miamedicalitalia.it\/prodotto\/vendita-sollevatore-elettrico-soft\/#primaryimage"},"thumbnailUrl":"https:\/\/www.miamedicalitalia.it\/wp-content\/uploads\/2025\/07\/2.jpg","datePublished":"2025-07-21T11:35:45+00:00","dateModified":"2026-03-06T15:10:44+00:00","description":"Palan \u00e9lectrique SOFT \u00e0 vendre. Disponibilit\u00e9 imm\u00e9diate. Livraison rapide en 24\/48h. Le meilleur rapport qualit\u00e9\/prix du march\u00e9 ! Appelez-nous.","breadcrumb":{"@id":"https:\/\/www.miamedicalitalia.it\/prodotto\/vendita-sollevatore-elettrico-soft\/#breadcrumb"},"inLanguage":"fr-FR","potentialAction":[{"@type":"ReadAction","target":["https:\/\/www.miamedicalitalia.it\/prodotto\/vendita-sollevatore-elettrico-soft\/"]}]},{"@type":"ImageObject","inLanguage":"fr-FR","@id":"https:\/\/www.miamedicalitalia.it\/prodotto\/vendita-sollevatore-elettrico-soft\/#primaryimage","url":"https:\/\/www.miamedicalitalia.it\/wp-content\/uploads\/2025\/07\/2.jpg","contentUrl":"https:\/\/www.miamedicalitalia.it\/wp-content\/uploads\/2025\/07\/2.jpg","width":1000,"height":1000},{"@type":"BreadcrumbList","@id":"https:\/\/www.miamedicalitalia.it\/prodotto\/vendita-sollevatore-elettrico-soft\/#breadcrumb","itemListElement":[{"@type":"ListItem","position":1,"name":"Home","item":"https:\/\/www.miamedicalitalia.it\/"},{"@type":"ListItem","position":2,"name":"Shop","item":"https:\/\/www.miamedicalitalia.it\/negozio\/"},{"@type":"ListItem","position":3,"name":"Vendita","item":"https:\/\/www.miamedicalitalia.it\/categoria\/vendita-ausili\/"},{"@type":"ListItem","position":4,"name":"Vendita sollevatore elettrico SOFT da bagno"}]},{"@type":"WebSite","@id":"https:\/\/www.miamedicalitalia.it\/#website","url":"https:\/\/www.miamedicalitalia.it\/","name":"www.miamedicalitalia.it","description":"Location et vente d'\u00e9quipements sanitaires","publisher":{"@id":"https:\/\/www.miamedicalitalia.it\/#organization"},"potentialAction":[{"@type":"SearchAction","target":{"@type":"EntryPoint","urlTemplate":"https:\/\/www.miamedicalitalia.it\/?s={search_term_string}"},"query-input":{"@type":"PropertyValueSpecification","valueRequired":true,"valueName":"search_term_string"}}],"inLanguage":"fr-FR"},{"@type":"Organization","@id":"https:\/\/www.miamedicalitalia.it\/#organization","name":"OLG","url":"https:\/\/www.miamedicalitalia.it\/","logo":{"@type":"ImageObject","inLanguage":"fr-FR","@id":"https:\/\/www.miamedicalitalia.it\/#\/schema\/logo\/image\/","url":"https:\/\/www.miamedicalitalia.it\/wp-content\/uploads\/2023\/04\/mia-medical-logo-free.png","contentUrl":"https:\/\/www.miamedicalitalia.it\/wp-content\/uploads\/2023\/04\/mia-medical-logo-free.png","width":700,"height":700,"caption":"OLG"},"image":{"@id":"https:\/\/www.miamedicalitalia.it\/#\/schema\/logo\/image\/"},"sameAs":["https:\/\/www.facebook.com\/miamedicalitalia"]}]}},"wcpa_form_fields":null,"_links":{"self":[{"href":"https:\/\/www.miamedicalitalia.it\/fr\/wp-json\/wp\/v2\/product\/14126","targetHints":{"allow":["GET"]}}],"collection":[{"href":"https:\/\/www.miamedicalitalia.it\/fr\/wp-json\/wp\/v2\/product"}],"about":[{"href":"https:\/\/www.miamedicalitalia.it\/fr\/wp-json\/wp\/v2\/types\/product"}],"wp:featuredmedia":[{"embeddable":true,"href":"https:\/\/www.miamedicalitalia.it\/fr\/wp-json\/wp\/v2\/media\/14127"}],"wp:attachment":[{"href":"https:\/\/www.miamedicalitalia.it\/fr\/wp-json\/wp\/v2\/media?parent=14126"}],"wp:term":[{"taxonomy":"home-category","embeddable":true,"href":"https:\/\/www.miamedicalitalia.it\/fr\/wp-json\/wp\/v2\/home-category?post=14126"},{"taxonomy":"product_brand","embeddable":true,"href":"https:\/\/www.miamedicalitalia.it\/fr\/wp-json\/wp\/v2\/product_brand?post=14126"},{"taxonomy":"product_cat","embeddable":true,"href":"https:\/\/www.miamedicalitalia.it\/fr\/wp-json\/wp\/v2\/product_cat?post=14126"},{"taxonomy":"product_tag","embeddable":true,"href":"https:\/\/www.miamedicalitalia.it\/fr\/wp-json\/wp\/v2\/product_tag?post=14126"},{"taxonomy":"woo-feed-brand","embeddable":true,"href":"https:\/\/www.miamedicalitalia.it\/fr\/wp-json\/wp\/v2\/woo-feed-brand?post=14126"}],"curies":[{"name":"wp","href":"https:\/\/api.w.org\/{rel}","templated":true}]}}