{"id":14107,"date":"2025-07-21T13:16:42","date_gmt":"2025-07-21T11:16:42","guid":{"rendered":"https:\/\/www.miamedicalitalia.it\/?post_type=product&#038;p=14107"},"modified":"2026-03-06T17:10:34","modified_gmt":"2026-03-06T15:10:34","slug":"vendita-sollevatore-elettrico-go-up","status":"publish","type":"product","link":"https:\/\/www.miamedicalitalia.it\/fr\/produit\/vendita-sollevatore-elettrico-go-up\/","title":{"rendered":"Pont \u00e9l\u00e9vateur \u00e9lectrique GO UP \u00e0 vendre"},"content":{"rendered":"<h3 class=\"wp-block-heading\" id=\"h-vendita-sollevatore-elettrico-per-anziani-per-uso-sanitario-al-bagno-un-supporto-essenziale-per-la-mobilita-assistita\">Vendita Sollevatore elettrico per anziani per uso sanitario al bagno : un supporto essenziale per la mobilit\u00e0 assistita.<\/h3>\n\n\n\n<p>Les <strong>Palan \u00e9lectrique GO UP<\/strong> per anziani \u00e8 un dispositivo medicale progettato per il <strong>trasferimento sicuro e confortevole di persone con ridotta capacit\u00e0 motoria e per l&#8217;uso in bagno.<\/strong> Id\u00e9al pour une utilisation quotidienne et continue, il constitue un choix strat\u00e9gique pour ceux qui souhaitent assurer un soin constant dans le temps, que ce soit \u00e0 la maison ou dans un environnement professionnel.<\/p>\n\n\n\n<p>Indicato per il passaggio dal letto alla carrozzina o della poltrona \u00e8 sopratutto ideal per il  bagno o in qualsiasi situazione di spostamento nei piccoli spazi , il GO UP si rivela un ausilio indispensabile per mantenere la sicurezza dell\u2019assistito, migliorando al contempo la qualit\u00e0 del lavoro del caregiver.<\/p>\n\n\n\n<h4 class=\"wp-block-heading\" id=\"h-caratteristiche-tecniche-del-modello-go-up\">Caract\u00e9ristiques techniques du mod\u00e8le GO UP<\/h4>\n\n\n\n<ul class=\"wp-block-list\">\n<li>El\u00e9vateur \u00e9lectrique avec commande manuelle<\/li>\n\n\n\n<li>Hauteur r\u00e9glable de 40 \u00e0 73 cm<\/li>\n\n\n\n<li>Affichage num\u00e9rique avec indication du niveau de la batterie<\/li>\n\n\n\n<li>Capacit\u00e9 de charge maximale : 150 kg<\/li>\n\n\n\n<li>Structure robuste et cadre renforc\u00e9<\/li>\n\n\n\n<li>4 roulettes pivotantes avec freins arri\u00e8re<\/li>\n\n\n\n<li>Si\u00e8ge ergonomique amovible, imperm\u00e9able et rembourr\u00e9<\/li>\n\n\n\n<li>Dossier, accoudoirs et repose-pieds antid\u00e9rapants rembourr\u00e9s<\/li>\n\n\n\n<li>Ouverture centrale dans le si\u00e8ge pour un usage sanitaire (fonction toilettes)<\/li>\n<\/ul>\n\n\n\n<h3 class=\"wp-block-heading\" id=\"h-a-chi-e-indicato-l-acquisto-del-sollevatore-elettrico-go-up\">\u00c0 qui s'adresse l'achat du l\u00e8ve-personne \u00e9lectrique GO UP ?<\/h3>\n\n\n\n<p>Le service de vente de chariots \u00e9l\u00e9vateurs \u00e9lectriques a \u00e9t\u00e9 sp\u00e9cialement con\u00e7u pour :<\/p>\n\n\n\n<ul class=\"wp-block-list\">\n<li><strong>Familles<\/strong> che assistono quotidianamente un parente con mobilit\u00e0 ridotta e vogliono un valido aiuto per i spostamenti in bagno. <\/li>\n\n\n\n<li><strong>\u00c9tablissements de sant\u00e9 et maisons de repos<\/strong> qui ont besoin de leur propre dispositif permanent<\/li>\n\n\n\n<li><strong>Travailleurs \u00e0 domicile et aides-soignants <\/strong>travailler en permanence avec le m\u00eame patient<\/li>\n\n\n\n<li><strong>Centres de physioth\u00e9rapie ou de r\u00e9adaptation<\/strong> qui souhaitent acqu\u00e9rir du mat\u00e9riel professionnel<\/li>\n<\/ul>\n\n\n\n<p>Investir dans un \u00e9l\u00e9vateur, c'est garantir s\u00e9curit\u00e9 et s\u00e9r\u00e9nit\u00e9 \u00e0 long terme \u00e0 ceux qui vivent ou travaillent dans des contextes d'assistance continue.<br><\/p>\n\n\n\n<h3 class=\"wp-block-heading\" id=\"h-vendita-sollevatore-elettrico-go-up-per-anziani-comfort-sicurezza-e-autonomia-ogni-giorno\"><strong>Vente d'un \u00e9l\u00e9vateur \u00e9lectrique GO UP pour personnes \u00e2g\u00e9es : confort, s\u00e9curit\u00e9 et ind\u00e9pendance au quotidien<\/strong><\/h3>\n\n\n\n<p>Disporre di un sollevatore personale migliora significativamente la quotidianit\u00e0, sia per chi riceve assistenza sia per chi la presta. Grazie al GO UP, ogni movimento diventa pi\u00f9 semplice, pi\u00f9 sicuro e meno stressante. Inoltre, scegliere il GO UP significa dotarsi di un ausilio durevole, affidabile e di qualit\u00e0, pensato per resistere nel tempo e garantire assistenza professionale e continua. \u00c8 una soluzione ideale per chi ha bisogno di un supporto  idoneo al bagno, sotto la doccia e per tutti spostamenti , fisso e sempre disponibile! <br><\/p>\n\n\n\n<p>En savoir plus sur notre <strong><a href=\"https:\/\/www.miamedicalitalia.it\/fr\/categoria\/affitto-e-noleggio-ausili\/\">site tous les mod\u00e8les et aides disponibles : des outils con\u00e7us pour accompagner chaque jour les personnes vers une nouvelle autonomie.<\/a><\/strong><\/p>\n\n\n\n<p>Chaque jour, nous nous effor\u00e7ons de fournir \u00e0 nos clients tous les outils n\u00e9cessaires aux soins \u00e0 domicile, afin qu'ils puissent recevoir les soins dont ils ont besoin, entour\u00e9s de l'affection de leurs proches. <strong>Choisissez les services de vente et de location de M.I.A. Medical Italia. <\/strong>Nos aides sont soigneusement s\u00e9lectionn\u00e9es aupr\u00e8s des meilleurs fournisseurs afin de garantir un service de qualit\u00e9. <strong>un service de qualit\u00e9 sup\u00e9rieure, avec une assistance constante de nos professionnels, une livraison rapide \u00e0 domicile en 24\/48 heures.<\/strong><\/p>\n\n\n\n<h4 class=\"wp-block-heading\" id=\"h-contatti-utili\">Contacts utiles<\/h4>\n\n\n\n<p>Qu'attendez-vous ? Appelez-nous d\u00e8s maintenant au +<strong>39 392 65 09 237<\/strong> pour demander votre ascenseur d\u00e8s aujourd'hui ! En outre, il vous suffit de nous envoyer un message sur <strong><a href=\"https:\/\/wa.me\/393926509237\">whatsapp<\/a><\/strong> pour mener \u00e0 bien la <strong>r\u00e9servation<\/strong> ou pour demander un <strong>consultation gratuite<\/strong>. Notre <strong>des techniciens sp\u00e9cialis\u00e9s sont toujours pr\u00eats \u00e0 vous apporter des \u00e9claircissements ou \u00e0 vous guider, \u00e9tape par \u00e9tape, dans le choix de l'appareil qui r\u00e9pond le mieux \u00e0 vos besoins.<\/strong><\/p>\n\n\n\n<p><\/p>","protected":false},"excerpt":{"rendered":"<div style=\"font-family: Arial, sans-serif; background-color: #234091; padding: 30px; border-radius: 25px; max-width: 600px; color: #ffffff; position: relative; border-top: 6px solid #2498fe;\">\n<h3 style=\"margin-top: 0; margin-bottom: 15px; color: #ffffff;\">Ne manquez pas l'offre sp\u00e9ciale !<\/h3>\n<p>Les <strong>Palan \u00e9lectrique GO UP<\/strong> est un dispositif m\u00e9dical con\u00e7u pour <strong>transport s\u00fbr et confortable des personnes \u00e0 mobilit\u00e9 r\u00e9duite.<\/strong> <\/p>\n<p>Id\u00e9al pour une utilisation quotidienne et continue.<\/p>\n<p>Jusqu'\u00e0 \u00e9puisement des stocks.<\/p>\n<\/div>\n<p><!-- Linea bianca sotto --><\/p>\n<div style=\"height: 6px; background-color: #ffffff; max-width: 600px;\">\u00a0<\/div>","protected":false},"featured_media":14105,"template":"","meta":{"_acf_changed":false},"home-category":[263],"product_brand":[],"product_cat":[261,534],"product_tag":[],"woo-feed-brand":[],"class_list":{"0":"post-14107","1":"product","2":"type-product","3":"status-publish","4":"has-post-thumbnail","6":"home-category-ausili","7":"product_cat-vendita-ausili","8":"product_cat-vendita-sollevatori","9":"product_shipping_class-ausili-grandi","11":"first","12":"instock","13":"sale","14":"shipping-taxable","15":"purchasable","16":"product-type-simple"},"acf":[],"yoast_head":"<!-- This site is optimized with the Yoast SEO Premium plugin v27.5 (Yoast SEO v27.5) - https:\/\/yoast.com\/product\/yoast-seo-premium-wordpress\/ -->\n<title>Vendita Sollevatore Elettrico GO UP - Mia Medical<\/title>\n<meta name=\"description\" content=\"Sollevatore elettrico GO UP da bagno per anziani in vendita. Disponibilit\u00e0 immediata. Consegna rapida in 24\/48h. Il miglior qualit\u00e0 prezzo sul mercato!\" \/>\n<meta name=\"robots\" content=\"index, follow, max-snippet:-1, max-image-preview:large, max-video-preview:-1\" \/>\n<link rel=\"canonical\" href=\"https:\/\/www.miamedicalitalia.it\/fr\/produit\/vendita-sollevatore-elettrico-go-up\/\" \/>\n<meta property=\"og:locale\" content=\"fr_FR\" \/>\n<meta property=\"og:type\" content=\"article\" \/>\n<meta property=\"og:title\" content=\"Vendita Sollevatore Elettrico GO UP - Mia Medical\" \/>\n<meta property=\"og:description\" content=\"Sollevatore elettrico GO UP da bagno per anziani in vendita. Disponibilit\u00e0 immediata. Consegna rapida in 24\/48h. Il miglior qualit\u00e0 prezzo sul mercato!\" \/>\n<meta property=\"og:url\" content=\"https:\/\/www.miamedicalitalia.it\/fr\/produit\/vendita-sollevatore-elettrico-go-up\/\" \/>\n<meta property=\"og:site_name\" content=\"Mia Medical\" \/>\n<meta property=\"article:publisher\" content=\"https:\/\/www.facebook.com\/miamedicalitalia\" \/>\n<meta property=\"article:modified_time\" content=\"2026-03-06T15:10:34+00:00\" \/>\n<meta property=\"og:image\" content=\"https:\/\/www.miamedicalitalia.it\/wp-content\/uploads\/2025\/07\/IMG_4189.jpeg\" \/>\n\t<meta property=\"og:image:width\" content=\"1034\" \/>\n\t<meta property=\"og:image:height\" content=\"1034\" \/>\n\t<meta property=\"og:image:type\" content=\"image\/jpeg\" \/>\n<meta name=\"twitter:card\" content=\"summary_large_image\" \/>\n<meta name=\"twitter:label1\" content=\"Dur\u00e9e de lecture estim\u00e9e\" \/>\n\t<meta name=\"twitter:data1\" content=\"3 minutes\" \/>\n<script type=\"application\/ld+json\" class=\"yoast-schema-graph\">{\"@context\":\"https:\\\/\\\/schema.org\",\"@graph\":[{\"@type\":\"WebPage\",\"@id\":\"https:\\\/\\\/www.miamedicalitalia.it\\\/prodotto\\\/vendita-sollevatore-elettrico-go-up\\\/\",\"url\":\"https:\\\/\\\/www.miamedicalitalia.it\\\/prodotto\\\/vendita-sollevatore-elettrico-go-up\\\/\",\"name\":\"Vendita Sollevatore Elettrico GO UP - Mia Medical\",\"isPartOf\":{\"@id\":\"https:\\\/\\\/www.miamedicalitalia.it\\\/#website\"},\"primaryImageOfPage\":{\"@id\":\"https:\\\/\\\/www.miamedicalitalia.it\\\/prodotto\\\/vendita-sollevatore-elettrico-go-up\\\/#primaryimage\"},\"image\":{\"@id\":\"https:\\\/\\\/www.miamedicalitalia.it\\\/prodotto\\\/vendita-sollevatore-elettrico-go-up\\\/#primaryimage\"},\"thumbnailUrl\":\"https:\\\/\\\/www.miamedicalitalia.it\\\/wp-content\\\/uploads\\\/2025\\\/07\\\/IMG_4189.jpeg\",\"datePublished\":\"2025-07-21T11:16:42+00:00\",\"dateModified\":\"2026-03-06T15:10:34+00:00\",\"description\":\"Sollevatore elettrico GO UP da bagno per anziani in vendita. Disponibilit\u00e0 immediata. Consegna rapida in 24\\\/48h. Il miglior qualit\u00e0 prezzo sul mercato!\",\"breadcrumb\":{\"@id\":\"https:\\\/\\\/www.miamedicalitalia.it\\\/prodotto\\\/vendita-sollevatore-elettrico-go-up\\\/#breadcrumb\"},\"inLanguage\":\"fr-FR\",\"potentialAction\":[{\"@type\":\"ReadAction\",\"target\":[\"https:\\\/\\\/www.miamedicalitalia.it\\\/prodotto\\\/vendita-sollevatore-elettrico-go-up\\\/\"]}]},{\"@type\":\"ImageObject\",\"inLanguage\":\"fr-FR\",\"@id\":\"https:\\\/\\\/www.miamedicalitalia.it\\\/prodotto\\\/vendita-sollevatore-elettrico-go-up\\\/#primaryimage\",\"url\":\"https:\\\/\\\/www.miamedicalitalia.it\\\/wp-content\\\/uploads\\\/2025\\\/07\\\/IMG_4189.jpeg\",\"contentUrl\":\"https:\\\/\\\/www.miamedicalitalia.it\\\/wp-content\\\/uploads\\\/2025\\\/07\\\/IMG_4189.jpeg\",\"width\":1034,\"height\":1034,\"caption\":\"Noleggio e vendita sollevatore elettrico GO UP\"},{\"@type\":\"BreadcrumbList\",\"@id\":\"https:\\\/\\\/www.miamedicalitalia.it\\\/prodotto\\\/vendita-sollevatore-elettrico-go-up\\\/#breadcrumb\",\"itemListElement\":[{\"@type\":\"ListItem\",\"position\":1,\"name\":\"Home\",\"item\":\"https:\\\/\\\/www.miamedicalitalia.it\\\/\"},{\"@type\":\"ListItem\",\"position\":2,\"name\":\"Shop\",\"item\":\"https:\\\/\\\/www.miamedicalitalia.it\\\/negozio\\\/\"},{\"@type\":\"ListItem\",\"position\":3,\"name\":\"Vendita\",\"item\":\"https:\\\/\\\/www.miamedicalitalia.it\\\/categoria\\\/vendita-ausili\\\/\"},{\"@type\":\"ListItem\",\"position\":4,\"name\":\"Vendita Sollevatore Elettrico GO UP\"}]},{\"@type\":\"WebSite\",\"@id\":\"https:\\\/\\\/www.miamedicalitalia.it\\\/#website\",\"url\":\"https:\\\/\\\/www.miamedicalitalia.it\\\/\",\"name\":\"www.miamedicalitalia.it\",\"description\":\"Noleggio e Vendita Attrezzatura Sanitarie\",\"publisher\":{\"@id\":\"https:\\\/\\\/www.miamedicalitalia.it\\\/#organization\"},\"potentialAction\":[{\"@type\":\"SearchAction\",\"target\":{\"@type\":\"EntryPoint\",\"urlTemplate\":\"https:\\\/\\\/www.miamedicalitalia.it\\\/?s={search_term_string}\"},\"query-input\":{\"@type\":\"PropertyValueSpecification\",\"valueRequired\":true,\"valueName\":\"search_term_string\"}}],\"inLanguage\":\"fr-FR\"},{\"@type\":\"Organization\",\"@id\":\"https:\\\/\\\/www.miamedicalitalia.it\\\/#organization\",\"name\":\"OLG\",\"url\":\"https:\\\/\\\/www.miamedicalitalia.it\\\/\",\"logo\":{\"@type\":\"ImageObject\",\"inLanguage\":\"fr-FR\",\"@id\":\"https:\\\/\\\/www.miamedicalitalia.it\\\/#\\\/schema\\\/logo\\\/image\\\/\",\"url\":\"https:\\\/\\\/www.miamedicalitalia.it\\\/wp-content\\\/uploads\\\/2023\\\/04\\\/mia-medical-logo-free.png\",\"contentUrl\":\"https:\\\/\\\/www.miamedicalitalia.it\\\/wp-content\\\/uploads\\\/2023\\\/04\\\/mia-medical-logo-free.png\",\"width\":700,\"height\":700,\"caption\":\"OLG\"},\"image\":{\"@id\":\"https:\\\/\\\/www.miamedicalitalia.it\\\/#\\\/schema\\\/logo\\\/image\\\/\"},\"sameAs\":[\"https:\\\/\\\/www.facebook.com\\\/miamedicalitalia\"]}]}<\/script>\n<!-- \/ Yoast SEO Premium plugin. -->","yoast_head_json":{"title":"Vente \u00c9l\u00e9vateur \u00e9lectrique GO UP - Mia Medical","description":"Sollevatore elettrico GO UP da bagno per anziani in vendita. Disponibilit\u00e0 immediata. Consegna rapida in 24\/48h. Il miglior qualit\u00e0 prezzo sul mercato!","robots":{"index":"index","follow":"follow","max-snippet":"max-snippet:-1","max-image-preview":"max-image-preview:large","max-video-preview":"max-video-preview:-1"},"canonical":"https:\/\/www.miamedicalitalia.it\/fr\/produit\/vendita-sollevatore-elettrico-go-up\/","og_locale":"fr_FR","og_type":"article","og_title":"Vendita Sollevatore Elettrico GO UP - Mia Medical","og_description":"Sollevatore elettrico GO UP da bagno per anziani in vendita. Disponibilit\u00e0 immediata. Consegna rapida in 24\/48h. Il miglior qualit\u00e0 prezzo sul mercato!","og_url":"https:\/\/www.miamedicalitalia.it\/fr\/produit\/vendita-sollevatore-elettrico-go-up\/","og_site_name":"Mia Medical","article_publisher":"https:\/\/www.facebook.com\/miamedicalitalia","article_modified_time":"2026-03-06T15:10:34+00:00","og_image":[{"width":1034,"height":1034,"url":"https:\/\/www.miamedicalitalia.it\/wp-content\/uploads\/2025\/07\/IMG_4189.jpeg","type":"image\/jpeg"}],"twitter_card":"summary_large_image","twitter_misc":{"Dur\u00e9e de lecture estim\u00e9e":"3 minutes"},"schema":{"@context":"https:\/\/schema.org","@graph":[{"@type":"WebPage","@id":"https:\/\/www.miamedicalitalia.it\/prodotto\/vendita-sollevatore-elettrico-go-up\/","url":"https:\/\/www.miamedicalitalia.it\/prodotto\/vendita-sollevatore-elettrico-go-up\/","name":"Vente \u00c9l\u00e9vateur \u00e9lectrique GO UP - Mia Medical","isPartOf":{"@id":"https:\/\/www.miamedicalitalia.it\/#website"},"primaryImageOfPage":{"@id":"https:\/\/www.miamedicalitalia.it\/prodotto\/vendita-sollevatore-elettrico-go-up\/#primaryimage"},"image":{"@id":"https:\/\/www.miamedicalitalia.it\/prodotto\/vendita-sollevatore-elettrico-go-up\/#primaryimage"},"thumbnailUrl":"https:\/\/www.miamedicalitalia.it\/wp-content\/uploads\/2025\/07\/IMG_4189.jpeg","datePublished":"2025-07-21T11:16:42+00:00","dateModified":"2026-03-06T15:10:34+00:00","description":"Sollevatore elettrico GO UP da bagno per anziani in vendita. Disponibilit\u00e0 immediata. Consegna rapida in 24\/48h. Il miglior qualit\u00e0 prezzo sul mercato!","breadcrumb":{"@id":"https:\/\/www.miamedicalitalia.it\/prodotto\/vendita-sollevatore-elettrico-go-up\/#breadcrumb"},"inLanguage":"fr-FR","potentialAction":[{"@type":"ReadAction","target":["https:\/\/www.miamedicalitalia.it\/prodotto\/vendita-sollevatore-elettrico-go-up\/"]}]},{"@type":"ImageObject","inLanguage":"fr-FR","@id":"https:\/\/www.miamedicalitalia.it\/prodotto\/vendita-sollevatore-elettrico-go-up\/#primaryimage","url":"https:\/\/www.miamedicalitalia.it\/wp-content\/uploads\/2025\/07\/IMG_4189.jpeg","contentUrl":"https:\/\/www.miamedicalitalia.it\/wp-content\/uploads\/2025\/07\/IMG_4189.jpeg","width":1034,"height":1034,"caption":"Noleggio e vendita sollevatore elettrico GO UP"},{"@type":"BreadcrumbList","@id":"https:\/\/www.miamedicalitalia.it\/prodotto\/vendita-sollevatore-elettrico-go-up\/#breadcrumb","itemListElement":[{"@type":"ListItem","position":1,"name":"Home","item":"https:\/\/www.miamedicalitalia.it\/"},{"@type":"ListItem","position":2,"name":"Shop","item":"https:\/\/www.miamedicalitalia.it\/negozio\/"},{"@type":"ListItem","position":3,"name":"Vendita","item":"https:\/\/www.miamedicalitalia.it\/categoria\/vendita-ausili\/"},{"@type":"ListItem","position":4,"name":"Vendita Sollevatore Elettrico GO UP"}]},{"@type":"WebSite","@id":"https:\/\/www.miamedicalitalia.it\/#website","url":"https:\/\/www.miamedicalitalia.it\/","name":"www.miamedicalitalia.it","description":"Location et vente d'\u00e9quipements sanitaires","publisher":{"@id":"https:\/\/www.miamedicalitalia.it\/#organization"},"potentialAction":[{"@type":"SearchAction","target":{"@type":"EntryPoint","urlTemplate":"https:\/\/www.miamedicalitalia.it\/?s={search_term_string}"},"query-input":{"@type":"PropertyValueSpecification","valueRequired":true,"valueName":"search_term_string"}}],"inLanguage":"fr-FR"},{"@type":"Organization","@id":"https:\/\/www.miamedicalitalia.it\/#organization","name":"OLG","url":"https:\/\/www.miamedicalitalia.it\/","logo":{"@type":"ImageObject","inLanguage":"fr-FR","@id":"https:\/\/www.miamedicalitalia.it\/#\/schema\/logo\/image\/","url":"https:\/\/www.miamedicalitalia.it\/wp-content\/uploads\/2023\/04\/mia-medical-logo-free.png","contentUrl":"https:\/\/www.miamedicalitalia.it\/wp-content\/uploads\/2023\/04\/mia-medical-logo-free.png","width":700,"height":700,"caption":"OLG"},"image":{"@id":"https:\/\/www.miamedicalitalia.it\/#\/schema\/logo\/image\/"},"sameAs":["https:\/\/www.facebook.com\/miamedicalitalia"]}]}},"wcpa_form_fields":null,"_links":{"self":[{"href":"https:\/\/www.miamedicalitalia.it\/fr\/wp-json\/wp\/v2\/product\/14107","targetHints":{"allow":["GET"]}}],"collection":[{"href":"https:\/\/www.miamedicalitalia.it\/fr\/wp-json\/wp\/v2\/product"}],"about":[{"href":"https:\/\/www.miamedicalitalia.it\/fr\/wp-json\/wp\/v2\/types\/product"}],"wp:featuredmedia":[{"embeddable":true,"href":"https:\/\/www.miamedicalitalia.it\/fr\/wp-json\/wp\/v2\/media\/14105"}],"wp:attachment":[{"href":"https:\/\/www.miamedicalitalia.it\/fr\/wp-json\/wp\/v2\/media?parent=14107"}],"wp:term":[{"taxonomy":"home-category","embeddable":true,"href":"https:\/\/www.miamedicalitalia.it\/fr\/wp-json\/wp\/v2\/home-category?post=14107"},{"taxonomy":"product_brand","embeddable":true,"href":"https:\/\/www.miamedicalitalia.it\/fr\/wp-json\/wp\/v2\/product_brand?post=14107"},{"taxonomy":"product_cat","embeddable":true,"href":"https:\/\/www.miamedicalitalia.it\/fr\/wp-json\/wp\/v2\/product_cat?post=14107"},{"taxonomy":"product_tag","embeddable":true,"href":"https:\/\/www.miamedicalitalia.it\/fr\/wp-json\/wp\/v2\/product_tag?post=14107"},{"taxonomy":"woo-feed-brand","embeddable":true,"href":"https:\/\/www.miamedicalitalia.it\/fr\/wp-json\/wp\/v2\/woo-feed-brand?post=14107"}],"curies":[{"name":"wp","href":"https:\/\/api.w.org\/{rel}","templated":true}]}}