{"id":13504,"date":"2025-02-05T20:48:08","date_gmt":"2025-02-05T18:48:08","guid":{"rendered":"https:\/\/www.miamedicalitalia.it\/?post_type=product&#038;p=13504"},"modified":"2026-04-20T19:38:30","modified_gmt":"2026-04-20T17:38:30","slug":"vendita-carrozzina-elettrica-ultraleggera-pieghevole","status":"publish","type":"product","link":"https:\/\/www.miamedicalitalia.it\/fr\/produit\/vendita-carrozzina-elettrica-ultraleggera-pieghevole\/","title":{"rendered":"Vente : Starlight Ultralight Fauteuil roulant \u00e9lectrique pliant"},"content":{"rendered":"<h2 class=\"wp-block-heading\" id=\"h-la-carrozzina-elettrica-pieghevole-ultraleggera-n-1-sul-mercato\">Le fauteuil roulant \u00e9lectrique pliant ultral\u00e9ger n\u00b0 1 du march\u00e9 <\/h2>\n\n\n\n<p>Imaginez que vous puissiez vous d\u00e9placer&nbsp;<strong>en toute autonomie<\/strong>sans effort et sans limite. Avec&nbsp;<strong>LUMI\u00c8RE D'\u00c9TOILE<\/strong>, Le fauteuil roulant \u00e9lectrique le plus&nbsp;<strong>l\u00e9ger, maniable et technologiquement avanc\u00e9<\/strong>vous pouvez le faire. Con\u00e7u pour offrir&nbsp;<strong>confort maximal, s\u00e9curit\u00e9 et performances imbattables<\/strong>, est le choix id\u00e9al pour ceux qui recherchent&nbsp;<strong>le meilleur<\/strong>&nbsp;dans le domaine de la mobilit\u00e9 assist\u00e9e.<\/p>\n\n\n\n<p>En savoir plus sur Starlight : la libert\u00e9 de mouvement sans compromis. Lisez \u00e9galement l'article d\u00e9di\u00e9 : <a href=\"https:\/\/www.miamedicalitalia.it\/fr\/starlight-la-carrozzina-elettrica-pieghevole-ultraleggera-di-solo-145kg\/\">https:\/\/www.miamedicalitalia.it\/starlight-la-carrozzina-elettrica-pieghevole-ultraleggera-d<\/a><a href=\"https:\/\/www.miamedicalitalia.it\/fr\/starlight-la-carrozzina-elettrica-pieghevole-ultraleggera-di-solo-145kg\/\" target=\"_blank\" rel=\"noreferrer noopener\">i-solo-145kg\/<\/a><\/p>\n\n\n\n<h2 class=\"wp-block-heading\" id=\"h-cosa-rende-starlight-la-migliore\">Ce qui fait de STARLIGHT le MEILLEUR<\/h2>\n\n\n\n<h4 class=\"wp-block-heading\" id=\"h-1-ultraleggera-e-pieghevole-la-piu-facile-da-trasportare\">1. ULTRAL\u00c9GER ET PLIANT : le plus facile \u00e0 transporter<\/h4>\n\n\n\n<p>Dimentica le carrozzine ingombranti e pesanti!\u00a0La carrozzina elettrica <strong>STARLIGHT \u00e8 incredibilmente , ideale per anziani e disabili per uso interno ed esterno,<\/strong>\u00a0e in pi\u00f9 si piega in pochi secondi. Perfetta per essere riposta nel bagagliaio di un\u2019auto, trasportata in viaggio o conservata in spazi ridotti.<\/p>\n\n\n\n<ul class=\"wp-block-list\">\n<li><strong>Structure en mat\u00e9riaux innovants<\/strong>&nbsp;pour&nbsp;<strong>l\u00e9g\u00e8ret\u00e9 et r\u00e9sistance maximales<\/strong><\/li>\n\n\n\n<li><strong>Syst\u00e8me de fermeture rapide<\/strong>&nbsp;pour l'emmener partout<\/li>\n\n\n\n<li><strong>Id\u00e9al pour les voyageurs qui aiment la libert\u00e9 de mouvement<\/strong><\/li>\n<\/ul>\n\n\n\n<p>D\u00e9couvrez la diff\u00e9rence de la conception intelligente !<\/p>\n\n\n\n<h4 class=\"wp-block-heading\" id=\"h-2-controllo-totale-con-il-telecomando-ergonomico-manovra-perfetta-senza-sforzo\">2. Contr\u00f4le total avec la T\u00c9L\u00c9COMMANDE ERGONOMIQUE : man\u0153uvres parfaites sans effort <\/h4>\n\n\n\n<p>Notre&nbsp;<strong>joystick intelligent<\/strong>&nbsp;est con\u00e7u pour vous offrir&nbsp;<strong>contr\u00f4le souple et intuitif<\/strong>. Simple d'utilisation et positionnable des deux c\u00f4t\u00e9s, il permet de&nbsp;<strong>se d\u00e9placer avec une extr\u00eame pr\u00e9cision<\/strong>&nbsp;dans toutes les situations.<\/p>\n\n\n\n<ul class=\"wp-block-list\">\n<li><strong>Ajuste la vitesse avec pr\u00e9cision<\/strong><\/li>\n\n\n\n<li><strong>G\u00e9rer les courbes et les espaces restreints sans probl\u00e8me<\/strong><\/li>\n\n\n\n<li><strong>Contr\u00f4le de la batterie gr\u00e2ce \u00e0 l'indicateur LED int\u00e9gr\u00e9<\/strong><\/li>\n<\/ul>\n\n\n\n<h4 class=\"wp-block-heading\" id=\"h-3-il-massimo-del-comfort-una-seduta-pensata-per-il-tuo-benessere\">3. Le summum du CONFORT : un si\u00e8ge con\u00e7u pour votre bien-\u00eatre<\/h4>\n\n\n\n<p>Niente pi\u00f9 disagi!\u00a0La carrozzina elettrica <strong>STARLIGHT per anziani e disabili \u00e8 progettata per offrirti il massimo comfort anche per lunghe ore di utilizzo<\/strong>, sia in ambienti interni che esterni. Ogni dettaglio \u00e8 studiato per garantirti una seduta\u00a0<strong>ergonomique et relaxant<\/strong>.<\/p>\n\n\n\n<ul class=\"wp-block-list\">\n<li><strong>Coussin rembourr\u00e9 de haute qualit\u00e9<\/strong>&nbsp;pour un soutien optimal<\/li>\n\n\n\n<li><strong>Dossier et accoudoirs r\u00e9glables<\/strong>&nbsp;pour une position parfaite<\/li>\n\n\n\n<li><strong>Pieds de lit basculants<\/strong>&nbsp;pour un acc\u00e8s facile<\/li>\n<\/ul>\n\n\n\n<p>Choisissez STARLIGHT et oubliez l'inconfort des fauteuils roulants conventionnels !<\/p>\n\n\n\n<h4 class=\"wp-block-heading\" id=\"h-4-potenza-e-autonomia-da-record-prestazioni-senza-rivali\">4. Une PUISSANCE et une AUTONOMIE record : des performances in\u00e9gal\u00e9es<\/h4>\n\n\n\n<p>Gr\u00e2ce \u00e0 la&nbsp;<strong>moteur puissant et batterie longue dur\u00e9e<\/strong>STARLIGHT vous accompagne partout sans crainte d'\u00eatre \u00e0 court de charge. Visage&nbsp;<strong>trottoirs, rampes et pentes douces<\/strong>&nbsp;sans effort et avec&nbsp;<strong>des mouvements fluides et silencieux<\/strong>.<\/p>\n\n\n\n<ul class=\"wp-block-list\">\n<li><strong>Autonomie \u00e9tendue tout au long de la journ\u00e9e<\/strong><\/li>\n\n\n\n<li><strong>Moteur ultra performant et silencieux<\/strong><\/li>\n\n\n\n<li><strong>Recharge rapide pour \u00eatre toujours pr\u00eat \u00e0 partir<\/strong><\/li>\n<\/ul>\n\n\n\n<p><strong>Ne vous arr\u00eatez jamais ! Avec STARLIGHT, vous b\u00e9n\u00e9ficiez d'une puissance et d'une durabilit\u00e9 sup\u00e9rieures.<\/strong><\/p>\n\n\n\n<h4 class=\"wp-block-heading\" id=\"h-5-massima-sicurezza-in-ogni-situazione\">5. S\u00c9CURIT\u00c9 MAXIMALE dans toutes les situations <\/h4>\n\n\n\n<p>STARLIGHT est con\u00e7u avec&nbsp;<strong>les normes de s\u00e9curit\u00e9 les plus \u00e9lev\u00e9es<\/strong>&nbsp;pour vous garantir&nbsp;<strong>stabilit\u00e9, protection et fiabilit\u00e9<\/strong>&nbsp;dans chaque mouvement.<\/p>\n\n\n\n<ul class=\"wp-block-list\">\n<li><strong>Roues anti-basculement<\/strong>&nbsp;pour \u00e9viter les accidents<\/li>\n\n\n\n<li><strong>Frein \u00e0 main int\u00e9gr\u00e9<\/strong>&nbsp;pour un contr\u00f4le imm\u00e9diat<\/li>\n\n\n\n<li><strong>Construction \u00e9tanche \u00e0 la poussi\u00e8re et aux \u00e9claboussures<\/strong><\/li>\n<\/ul>\n\n\n\n<p><strong>Avec STARLIGHT, vous \u00eates toujours en s\u00e9curit\u00e9, \u00e0 la maison comme \u00e0 l'ext\u00e9rieur !<\/strong><\/p>\n\n\n\n<h3 class=\"wp-block-heading\" id=\"h-starlight-vs-le-altre-carrozzine-elettriche\">STARLIGHT VS autres fauteuils roulants \u00e9lectriques <\/h3>\n\n\n\n<p>Alors que les autres fauteuils roulants sont&nbsp;<strong>lourd, inconfortable et avec une autonomie limit\u00e9e<\/strong>,&nbsp;<strong>STARLIGHT est l'avenir de la mobilit\u00e9<\/strong>.<\/p>\n\n\n\n<ul class=\"wp-block-list\">\n<li><strong>Plus l\u00e9ger<\/strong>&nbsp;d'autres fauteuils roulants \u00e9lectriques<\/li>\n\n\n\n<li><strong>Plus facile \u00e0 transporter<\/strong>&nbsp;et stocker<\/li>\n\n\n\n<li><strong>Plus confortable<\/strong>&nbsp;pour une utilisation prolong\u00e9e<\/li>\n\n\n\n<li><strong>Plus puissant et plus autonome<\/strong><\/li>\n\n\n\n<li><strong>Plus s\u00fbr et certifi\u00e9 selon les normes europ\u00e9ennes<\/strong><\/li>\n<\/ul>\n\n\n\n<p><strong>Ne vous contentez pas de moins : choisissez le meilleur, choisissez STARLIGHT !<\/strong><\/p>\n\n\n\n<p><strong>Offre exclusive - R\u00e9servez d\u00e8s maintenant STARLIGHT !<\/strong><\/p>\n\n\n\n<ul class=\"wp-block-list\">\n<li><strong>Des tarifs imbattables et transparents<\/strong><\/li>\n\n\n\n<li><strong>Livraison rapide et service d\u00e9vou\u00e9<\/strong><\/li>\n\n\n\n<li><strong>Entretien inclus pour un produit parfait \u00e0 chaque fois<\/strong><\/li>\n<\/ul>\n\n\n\n<p><strong>Ne ratez pas votre chance : r\u00e9servez STARLIGHT d\u00e8s aujourd'hui et red\u00e9couvrez votre ind\u00e9pendance !<\/strong><\/p>","protected":false},"excerpt":{"rendered":"<div style=\"font-family: Arial, sans-serif; background-color: #234091; padding: 30px; border-radius: 25px; max-width: 600px; color: #ffffff; position: relative; border-top: 6px solid #2498fe;\">\n<h3 style=\"margin-top: 0; margin-bottom: 15px; color: #ffffff;\">Ne manquez pas l'offre sp\u00e9ciale !<\/h3>\n<p data-start=\"325\" data-end=\"499\"><strong data-start=\"325\" data-end=\"368\">Carrozzina Elettrica Pieghevole Ultraleggera<\/strong><br data-start=\"368\" data-end=\"371\" \/>\u2714 Doppia batteria per pi\u00f9 autonomia<br data-start=\"406\" data-end=\"409\" \/>\u2714 Pieghevole e trasportabile in auto<br data-start=\"445\" data-end=\"448\" \/>\u2714 Ruote grandi ad aria: stabile anche all\u2019esterno<\/p>\n<p data-start=\"501\" data-end=\"547\">Massima libert\u00e0 di movimento, ogni giorno<\/p>\n<p data-start=\"501\" data-end=\"547\"><strong data-start=\"408\" data-end=\"433\">R\u00e9servez en ligne d\u00e8s maintenant !<\/strong><\/p>\n<p data-start=\"549\" data-end=\"593\">\ud83d\udcde Oppure Contattaci ora per info e disponibilit\u00e0<\/p>\n<hr data-start=\"595\" data-end=\"598\" \/>\n<p>Spedizione <strong>gratuita in tutta Italia<\/strong>.<\/p>\n<\/div>\n<p><!-- Linea bianca sotto --><\/p>\n<div style=\"height: 6px; background-color: #ffffff; max-width: 600px;\">\u00a0<\/div>","protected":false},"featured_media":13492,"template":"","meta":{"_acf_changed":false},"home-category":[263],"product_brand":[],"product_cat":[261,591],"product_tag":[390,386,389,388,387],"woo-feed-brand":[],"class_list":{"0":"post-13504","1":"product","2":"type-product","3":"status-publish","4":"has-post-thumbnail","6":"home-category-ausili","7":"product_cat-vendita-ausili","8":"product_cat-vendita-carrozzineelettriche","9":"product_tag-acquisto-carrozzina-elettrica","10":"product_tag-carrozzina-elettrica-14","11":"product_tag-carrozzina-elettrica-supere-leggera","12":"product_tag-carrozzina-elettrica-telecommandata","13":"product_tag-carrozzina-elettrica-ultra-leggera","14":"product_shipping_class-ausili-grandi","16":"first","17":"instock","18":"sale","19":"shipping-taxable","20":"purchasable","21":"product-type-simple"},"acf":[],"yoast_head":"<!-- This site is optimized with the Yoast SEO Premium plugin v27.5 (Yoast SEO v27.5) - https:\/\/yoast.com\/product\/yoast-seo-premium-wordpress\/ -->\n<title>Vendita Carrozzina Elettrica Ultraleggera<\/title>\n<meta name=\"description\" content=\"Vendita Carrozzina elettrica pieghevole ultraleggera da interno ed esterno STARLIGHT, per anziani e disabili, solo 14,5kg, spedizione Gratuita.\" \/>\n<meta name=\"robots\" content=\"index, follow, max-snippet:-1, max-image-preview:large, max-video-preview:-1\" \/>\n<link rel=\"canonical\" href=\"https:\/\/www.miamedicalitalia.it\/fr\/produit\/vendita-carrozzina-elettrica-ultraleggera-pieghevole\/\" \/>\n<meta property=\"og:locale\" content=\"fr_FR\" \/>\n<meta property=\"og:type\" content=\"article\" \/>\n<meta property=\"og:title\" content=\"Vendita Carrozzina Elettrica Ultraleggera\" \/>\n<meta property=\"og:description\" content=\"Vendita Carrozzina elettrica pieghevole ultraleggera da interno ed esterno STARLIGHT, per anziani e disabili, solo 14,5kg, spedizione Gratuita.\" \/>\n<meta property=\"og:url\" content=\"https:\/\/www.miamedicalitalia.it\/fr\/produit\/vendita-carrozzina-elettrica-ultraleggera-pieghevole\/\" \/>\n<meta property=\"og:site_name\" content=\"Mia Medical\" \/>\n<meta property=\"article:publisher\" content=\"https:\/\/www.facebook.com\/miamedicalitalia\" \/>\n<meta property=\"article:modified_time\" content=\"2026-04-20T17:38:30+00:00\" \/>\n<meta property=\"og:image\" content=\"https:\/\/www.miamedicalitalia.it\/wp-content\/uploads\/2025\/02\/Carrozzina-elettrica-leggera-STARLIGHT.jpg\" \/>\n\t<meta property=\"og:image:width\" content=\"1080\" \/>\n\t<meta property=\"og:image:height\" content=\"1080\" \/>\n\t<meta property=\"og:image:type\" content=\"image\/jpeg\" \/>\n<meta name=\"twitter:card\" content=\"summary_large_image\" \/>\n<meta name=\"twitter:label1\" content=\"Dur\u00e9e de lecture estim\u00e9e\" \/>\n\t<meta name=\"twitter:data1\" content=\"4 minutes\" \/>\n<script type=\"application\/ld+json\" class=\"yoast-schema-graph\">{\"@context\":\"https:\\\/\\\/schema.org\",\"@graph\":[{\"@type\":\"WebPage\",\"@id\":\"https:\\\/\\\/www.miamedicalitalia.it\\\/prodotto\\\/vendita-carrozzina-elettrica-ultraleggera-pieghevole\\\/\",\"url\":\"https:\\\/\\\/www.miamedicalitalia.it\\\/prodotto\\\/vendita-carrozzina-elettrica-ultraleggera-pieghevole\\\/\",\"name\":\"Vendita Carrozzina Elettrica Ultraleggera\",\"isPartOf\":{\"@id\":\"https:\\\/\\\/www.miamedicalitalia.it\\\/#website\"},\"primaryImageOfPage\":{\"@id\":\"https:\\\/\\\/www.miamedicalitalia.it\\\/prodotto\\\/vendita-carrozzina-elettrica-ultraleggera-pieghevole\\\/#primaryimage\"},\"image\":{\"@id\":\"https:\\\/\\\/www.miamedicalitalia.it\\\/prodotto\\\/vendita-carrozzina-elettrica-ultraleggera-pieghevole\\\/#primaryimage\"},\"thumbnailUrl\":\"https:\\\/\\\/www.miamedicalitalia.it\\\/wp-content\\\/uploads\\\/2025\\\/02\\\/Carrozzina-elettrica-leggera-STARLIGHT.jpg\",\"datePublished\":\"2025-02-05T18:48:08+00:00\",\"dateModified\":\"2026-04-20T17:38:30+00:00\",\"description\":\"Vendita Carrozzina elettrica pieghevole ultraleggera da interno ed esterno STARLIGHT, per anziani e disabili, solo 14,5kg, spedizione Gratuita.\",\"breadcrumb\":{\"@id\":\"https:\\\/\\\/www.miamedicalitalia.it\\\/prodotto\\\/vendita-carrozzina-elettrica-ultraleggera-pieghevole\\\/#breadcrumb\"},\"inLanguage\":\"fr-FR\",\"potentialAction\":[{\"@type\":\"ReadAction\",\"target\":[\"https:\\\/\\\/www.miamedicalitalia.it\\\/prodotto\\\/vendita-carrozzina-elettrica-ultraleggera-pieghevole\\\/\"]}]},{\"@type\":\"ImageObject\",\"inLanguage\":\"fr-FR\",\"@id\":\"https:\\\/\\\/www.miamedicalitalia.it\\\/prodotto\\\/vendita-carrozzina-elettrica-ultraleggera-pieghevole\\\/#primaryimage\",\"url\":\"https:\\\/\\\/www.miamedicalitalia.it\\\/wp-content\\\/uploads\\\/2025\\\/02\\\/Carrozzina-elettrica-leggera-STARLIGHT.jpg\",\"contentUrl\":\"https:\\\/\\\/www.miamedicalitalia.it\\\/wp-content\\\/uploads\\\/2025\\\/02\\\/Carrozzina-elettrica-leggera-STARLIGHT.jpg\",\"width\":1080,\"height\":1080,\"caption\":\"sedia a rotella elettrica\"},{\"@type\":\"BreadcrumbList\",\"@id\":\"https:\\\/\\\/www.miamedicalitalia.it\\\/prodotto\\\/vendita-carrozzina-elettrica-ultraleggera-pieghevole\\\/#breadcrumb\",\"itemListElement\":[{\"@type\":\"ListItem\",\"position\":1,\"name\":\"Home\",\"item\":\"https:\\\/\\\/www.miamedicalitalia.it\\\/\"},{\"@type\":\"ListItem\",\"position\":2,\"name\":\"Shop\",\"item\":\"https:\\\/\\\/www.miamedicalitalia.it\\\/negozio\\\/\"},{\"@type\":\"ListItem\",\"position\":3,\"name\":\"Vendita\",\"item\":\"https:\\\/\\\/www.miamedicalitalia.it\\\/categoria\\\/vendita-ausili\\\/\"},{\"@type\":\"ListItem\",\"position\":4,\"name\":\"Vendita Carrozzina Elettrica Ultraleggera Pieghevole Starlight\"}]},{\"@type\":\"WebSite\",\"@id\":\"https:\\\/\\\/www.miamedicalitalia.it\\\/#website\",\"url\":\"https:\\\/\\\/www.miamedicalitalia.it\\\/\",\"name\":\"www.miamedicalitalia.it\",\"description\":\"Noleggio e Vendita Attrezzatura Sanitarie\",\"publisher\":{\"@id\":\"https:\\\/\\\/www.miamedicalitalia.it\\\/#organization\"},\"potentialAction\":[{\"@type\":\"SearchAction\",\"target\":{\"@type\":\"EntryPoint\",\"urlTemplate\":\"https:\\\/\\\/www.miamedicalitalia.it\\\/?s={search_term_string}\"},\"query-input\":{\"@type\":\"PropertyValueSpecification\",\"valueRequired\":true,\"valueName\":\"search_term_string\"}}],\"inLanguage\":\"fr-FR\"},{\"@type\":\"Organization\",\"@id\":\"https:\\\/\\\/www.miamedicalitalia.it\\\/#organization\",\"name\":\"OLG\",\"url\":\"https:\\\/\\\/www.miamedicalitalia.it\\\/\",\"logo\":{\"@type\":\"ImageObject\",\"inLanguage\":\"fr-FR\",\"@id\":\"https:\\\/\\\/www.miamedicalitalia.it\\\/#\\\/schema\\\/logo\\\/image\\\/\",\"url\":\"https:\\\/\\\/www.miamedicalitalia.it\\\/wp-content\\\/uploads\\\/2023\\\/04\\\/mia-medical-logo-free.png\",\"contentUrl\":\"https:\\\/\\\/www.miamedicalitalia.it\\\/wp-content\\\/uploads\\\/2023\\\/04\\\/mia-medical-logo-free.png\",\"width\":700,\"height\":700,\"caption\":\"OLG\"},\"image\":{\"@id\":\"https:\\\/\\\/www.miamedicalitalia.it\\\/#\\\/schema\\\/logo\\\/image\\\/\"},\"sameAs\":[\"https:\\\/\\\/www.facebook.com\\\/miamedicalitalia\"]}]}<\/script>\n<!-- \/ Yoast SEO Premium plugin. -->","yoast_head_json":{"title":"Fauteuil roulant \u00e9lectrique ultral\u00e9ger \u00e0 vendre","description":"Vendita Carrozzina elettrica pieghevole ultraleggera da interno ed esterno STARLIGHT, per anziani e disabili, solo 14,5kg, spedizione Gratuita.","robots":{"index":"index","follow":"follow","max-snippet":"max-snippet:-1","max-image-preview":"max-image-preview:large","max-video-preview":"max-video-preview:-1"},"canonical":"https:\/\/www.miamedicalitalia.it\/fr\/produit\/vendita-carrozzina-elettrica-ultraleggera-pieghevole\/","og_locale":"fr_FR","og_type":"article","og_title":"Vendita Carrozzina Elettrica Ultraleggera","og_description":"Vendita Carrozzina elettrica pieghevole ultraleggera da interno ed esterno STARLIGHT, per anziani e disabili, solo 14,5kg, spedizione Gratuita.","og_url":"https:\/\/www.miamedicalitalia.it\/fr\/produit\/vendita-carrozzina-elettrica-ultraleggera-pieghevole\/","og_site_name":"Mia Medical","article_publisher":"https:\/\/www.facebook.com\/miamedicalitalia","article_modified_time":"2026-04-20T17:38:30+00:00","og_image":[{"width":1080,"height":1080,"url":"https:\/\/www.miamedicalitalia.it\/wp-content\/uploads\/2025\/02\/Carrozzina-elettrica-leggera-STARLIGHT.jpg","type":"image\/jpeg"}],"twitter_card":"summary_large_image","twitter_misc":{"Dur\u00e9e de lecture estim\u00e9e":"4 minutes"},"schema":{"@context":"https:\/\/schema.org","@graph":[{"@type":"WebPage","@id":"https:\/\/www.miamedicalitalia.it\/prodotto\/vendita-carrozzina-elettrica-ultraleggera-pieghevole\/","url":"https:\/\/www.miamedicalitalia.it\/prodotto\/vendita-carrozzina-elettrica-ultraleggera-pieghevole\/","name":"Fauteuil roulant \u00e9lectrique ultral\u00e9ger \u00e0 vendre","isPartOf":{"@id":"https:\/\/www.miamedicalitalia.it\/#website"},"primaryImageOfPage":{"@id":"https:\/\/www.miamedicalitalia.it\/prodotto\/vendita-carrozzina-elettrica-ultraleggera-pieghevole\/#primaryimage"},"image":{"@id":"https:\/\/www.miamedicalitalia.it\/prodotto\/vendita-carrozzina-elettrica-ultraleggera-pieghevole\/#primaryimage"},"thumbnailUrl":"https:\/\/www.miamedicalitalia.it\/wp-content\/uploads\/2025\/02\/Carrozzina-elettrica-leggera-STARLIGHT.jpg","datePublished":"2025-02-05T18:48:08+00:00","dateModified":"2026-04-20T17:38:30+00:00","description":"Vendita Carrozzina elettrica pieghevole ultraleggera da interno ed esterno STARLIGHT, per anziani e disabili, solo 14,5kg, spedizione Gratuita.","breadcrumb":{"@id":"https:\/\/www.miamedicalitalia.it\/prodotto\/vendita-carrozzina-elettrica-ultraleggera-pieghevole\/#breadcrumb"},"inLanguage":"fr-FR","potentialAction":[{"@type":"ReadAction","target":["https:\/\/www.miamedicalitalia.it\/prodotto\/vendita-carrozzina-elettrica-ultraleggera-pieghevole\/"]}]},{"@type":"ImageObject","inLanguage":"fr-FR","@id":"https:\/\/www.miamedicalitalia.it\/prodotto\/vendita-carrozzina-elettrica-ultraleggera-pieghevole\/#primaryimage","url":"https:\/\/www.miamedicalitalia.it\/wp-content\/uploads\/2025\/02\/Carrozzina-elettrica-leggera-STARLIGHT.jpg","contentUrl":"https:\/\/www.miamedicalitalia.it\/wp-content\/uploads\/2025\/02\/Carrozzina-elettrica-leggera-STARLIGHT.jpg","width":1080,"height":1080,"caption":"sedia a rotella elettrica"},{"@type":"BreadcrumbList","@id":"https:\/\/www.miamedicalitalia.it\/prodotto\/vendita-carrozzina-elettrica-ultraleggera-pieghevole\/#breadcrumb","itemListElement":[{"@type":"ListItem","position":1,"name":"Home","item":"https:\/\/www.miamedicalitalia.it\/"},{"@type":"ListItem","position":2,"name":"Shop","item":"https:\/\/www.miamedicalitalia.it\/negozio\/"},{"@type":"ListItem","position":3,"name":"Vendita","item":"https:\/\/www.miamedicalitalia.it\/categoria\/vendita-ausili\/"},{"@type":"ListItem","position":4,"name":"Vendita Carrozzina Elettrica Ultraleggera Pieghevole Starlight"}]},{"@type":"WebSite","@id":"https:\/\/www.miamedicalitalia.it\/#website","url":"https:\/\/www.miamedicalitalia.it\/","name":"www.miamedicalitalia.it","description":"Location et vente d'\u00e9quipements sanitaires","publisher":{"@id":"https:\/\/www.miamedicalitalia.it\/#organization"},"potentialAction":[{"@type":"SearchAction","target":{"@type":"EntryPoint","urlTemplate":"https:\/\/www.miamedicalitalia.it\/?s={search_term_string}"},"query-input":{"@type":"PropertyValueSpecification","valueRequired":true,"valueName":"search_term_string"}}],"inLanguage":"fr-FR"},{"@type":"Organization","@id":"https:\/\/www.miamedicalitalia.it\/#organization","name":"OLG","url":"https:\/\/www.miamedicalitalia.it\/","logo":{"@type":"ImageObject","inLanguage":"fr-FR","@id":"https:\/\/www.miamedicalitalia.it\/#\/schema\/logo\/image\/","url":"https:\/\/www.miamedicalitalia.it\/wp-content\/uploads\/2023\/04\/mia-medical-logo-free.png","contentUrl":"https:\/\/www.miamedicalitalia.it\/wp-content\/uploads\/2023\/04\/mia-medical-logo-free.png","width":700,"height":700,"caption":"OLG"},"image":{"@id":"https:\/\/www.miamedicalitalia.it\/#\/schema\/logo\/image\/"},"sameAs":["https:\/\/www.facebook.com\/miamedicalitalia"]}]}},"wcpa_form_fields":null,"_links":{"self":[{"href":"https:\/\/www.miamedicalitalia.it\/fr\/wp-json\/wp\/v2\/product\/13504","targetHints":{"allow":["GET"]}}],"collection":[{"href":"https:\/\/www.miamedicalitalia.it\/fr\/wp-json\/wp\/v2\/product"}],"about":[{"href":"https:\/\/www.miamedicalitalia.it\/fr\/wp-json\/wp\/v2\/types\/product"}],"wp:featuredmedia":[{"embeddable":true,"href":"https:\/\/www.miamedicalitalia.it\/fr\/wp-json\/wp\/v2\/media\/13492"}],"wp:attachment":[{"href":"https:\/\/www.miamedicalitalia.it\/fr\/wp-json\/wp\/v2\/media?parent=13504"}],"wp:term":[{"taxonomy":"home-category","embeddable":true,"href":"https:\/\/www.miamedicalitalia.it\/fr\/wp-json\/wp\/v2\/home-category?post=13504"},{"taxonomy":"product_brand","embeddable":true,"href":"https:\/\/www.miamedicalitalia.it\/fr\/wp-json\/wp\/v2\/product_brand?post=13504"},{"taxonomy":"product_cat","embeddable":true,"href":"https:\/\/www.miamedicalitalia.it\/fr\/wp-json\/wp\/v2\/product_cat?post=13504"},{"taxonomy":"product_tag","embeddable":true,"href":"https:\/\/www.miamedicalitalia.it\/fr\/wp-json\/wp\/v2\/product_tag?post=13504"},{"taxonomy":"woo-feed-brand","embeddable":true,"href":"https:\/\/www.miamedicalitalia.it\/fr\/wp-json\/wp\/v2\/woo-feed-brand?post=13504"}],"curies":[{"name":"wp","href":"https:\/\/api.w.org\/{rel}","templated":true}]}}