{"id":13274,"date":"2024-12-09T14:44:10","date_gmt":"2024-12-09T12:44:10","guid":{"rendered":"https:\/\/www.miamedicalitalia.it\/?post_type=product&#038;p=13274"},"modified":"2026-04-08T14:36:35","modified_gmt":"2026-04-08T12:36:35","slug":"noleggio-crioterapia-a-compressione-cryopush","status":"publish","type":"product","link":"https:\/\/www.miamedicalitalia.it\/fr\/produit\/noleggio-crioterapia-a-compressione-cryopush\/","title":{"rendered":"Embauche cryopush compression cryoth\u00e9rapie"},"content":{"rendered":"<p>Location Cryopush : cryoth\u00e9rapie avec compression qui contribue au r\u00e9tablissement des patients et des sportifs en acc\u00e9l\u00e9rant et en am\u00e9liorant le processus. Elle r\u00e9duit la douleur sans m\u00e9dicaments, contr\u00f4le l'\u0153d\u00e8me et le gonflement. Elle stimule le flux sanguin art\u00e9riel, am\u00e9liore l'amplitude des mouvements, r\u00e9duit l'acide lactique et acc\u00e9l\u00e8re les m\u00e9canismes naturels de gu\u00e9rison du corps. <ins class=\"yst-diff\">La cryoth\u00e9rapie par compression Cryopush peut \u00eatre utile \u00e0 tous.<\/ins><\/p>\n\n\n\n<h3 class=\"wp-block-heading\" id=\"h-i-benefici-del-noleggio-della-crioterapia-compressiva\">Les avantages de la compression par cryoth\u00e9rapie : <\/h3>\n\n\n\n<p>L'association de la th\u00e9rapie par le froid et de la compression ou de la cryoth\u00e9rapie par compression offre plus de b\u00e9n\u00e9fices th\u00e9rapeutiques, est meilleure que les protocoles de type RICE (repos, glace, compression, \u00e9l\u00e9vation), stimulant la gu\u00e9rison naturelle des tissus et am\u00e9liorant les r\u00e9sultats physioth\u00e9rapeutiques. <ins class=\"yst-diff\">L'utilisation de la cryoth\u00e9rapie par compression cryopush permet d'optimiser le temps de r\u00e9cup\u00e9ration.<\/ins><\/p>\n\n\n\n<p>La location de compression Cryopush est simple,&nbsp;<strong>lumi\u00e8re<\/strong>&nbsp;e&nbsp;<strong>facile \u00e0 utiliser<\/strong>Compresses froides&nbsp;<strong>amovible<\/strong>&nbsp;e&nbsp;<strong>r\u00e9utilisable<\/strong>. R\u00e9glage de la dur\u00e9e d'utilisation et&nbsp;<strong>du niveau de compression<\/strong>, <strong>Transportable<\/strong>&nbsp;e&nbsp;<strong>autonome<\/strong>&nbsp;, livr\u00e9 avec des batteries rechargeables. La location de compresses de cryoth\u00e9rapie permet commodit\u00e9 et mobilit\u00e9.<\/p>\n\n\n\n<h3 class=\"wp-block-heading\" id=\"h-come-funziona-la-terapia-del-freddo\"><a href=\"https:\/\/www.miamedicalitalia.it\/fr\/noleggio-criocompressione-riabilitazione-e-recupero-muscolare\/\">Comment fonctionne la th\u00e9rapie par le froid ? <\/a><\/h3>\n\n\n\n<p>Avec la cryopush, vous pouvez traiter\u00a0<strong>deux zones<\/strong>\u00a0simultan\u00e9ment. C'est pourquoi la location d'un appareil de cryoth\u00e9rapie et de compression est id\u00e9ale pour les traitements simultan\u00e9s. <ins class=\"yst-diff\">Il est id\u00e9al pour tous les traitements et constitue une solution polyvalente pour diff\u00e9rents besoins de traitement.<\/ins><\/p>\n\n\n\n<p>Lire aussi cet article :  <a href=\"https:\/\/blog.fisioterapistaa.it\/la-crioterapia-per-il-recupero-muscolare\/\">https:\/\/blog.fisioterapistaa.it\/la-crioterapia-per-il-recupero-muscolare\/<\/a><\/p>\n\n\n\n<p>Visitez notre blog et lisez aussi : <a href=\"https:\/\/www.miamedicalitalia.it\/fr\/infortuni-calcio-ausili-sanitari\/\">https:\/\/www.miamedicalitalia.it\/infortuni-calcio-ausili-sanitari\/<\/a><\/p>\n\n\n\n<h2 class=\"wp-block-heading\" id=\"h-cos-e-cryopush\">Qu'est-ce que la cryopush ?  <\/h2>\n\n\n\n<p>La location du syst\u00e8me de cryoth\u00e9rapie par compression Cryopush offre un dispositif polyvalent et facile \u00e0 utiliser qui combine la th\u00e9rapie cryog\u00e9nique et la th\u00e9rapie par pression. Il est id\u00e9al dans le traitement des blessures, des traumatismes et des protocoles de r\u00e9\u00e9ducation post-op\u00e9ratoire et des pathologies chroniques. Il facilite l'absorption des \u0153d\u00e8mes. Le syst\u00e8me&nbsp;<strong>Cryopush<\/strong>&nbsp;Le froid et la compression aident au r\u00e9tablissement des patients et des athl\u00e8tes en acc\u00e9l\u00e9rant et en am\u00e9liorant le processus de gu\u00e9rison. Ils r\u00e9duisent la douleur sans m\u00e9dicaments, contr\u00f4lent l'\u0153d\u00e8me et le gonflement. Il stimule \u00e0 son tour le flux sanguin art\u00e9riel, am\u00e9liore l'amplitude des mouvements, r\u00e9duit l'acide lactique et acc\u00e9l\u00e8re les m\u00e9canismes naturels de gu\u00e9rison du corps. Cryopush offre de nombreux avantages th\u00e9rapeutiques, stimulant la gu\u00e9rison naturelle des tissus et am\u00e9liorant les r\u00e9sultats de la physioth\u00e9rapie.<\/p>","protected":false},"excerpt":{"rendered":"<div style=\"font-family: Arial, sans-serif; background-color: #234091; padding: 30px; border-radius: 25px; max-width: 600px; color: #ffffff; position: relative; border-top: 6px solid #2498fe;\">\n<h3 style=\"color: #ffffff; margin-top: 0;\">Louer une cryoth\u00e9rapie professionnelle (th\u00e9rapie par le froid) avec compression<\/h3>\n<p>Tr\u00e8s facile \u00e0 utiliser, avec des r\u00e9sultats tr\u00e8s \u00e9lev\u00e9s en quelques jours seulement.<\/p>\n<p>Cryopush est l'\u00e9volution de la th\u00e9rapie post-traumatique.<\/p>\n<p><strong>Livraison gratuite si vous achetez une location pour un minimum de 20 jours.<br \/>Per noleggi di durata minore consegna a domicilio in tutta Italia a partire da 15\u20ac + 15\u20ac per il ritiro.<\/strong><\/p>\n<p><strong>Aucun d\u00e9p\u00f4t n'est requis !<\/strong><\/p>\n<\/div>\n<p><!-- Linea bianca sotto --><\/p>\n<div style=\"height: 6px; background-color: #ffffff; max-width: 600px;\">\u00a0<\/div>","protected":false},"featured_media":13341,"template":"","meta":{"_acf_changed":false},"home-category":[],"product_brand":[],"product_cat":[274],"product_tag":[359,361,362,364,371,369,365,367,368,360,370],"woo-feed-brand":[],"class_list":{"0":"post-13274","1":"product","2":"type-product","3":"status-publish","4":"has-post-thumbnail","6":"product_cat-noleggio-crioterapia","7":"product_tag-crioterapia","8":"product_tag-crioterapia-compressiva","9":"product_tag-cryopush","10":"product_tag-fisioterapia-post-traumatica","11":"product_tag-pressoterapia-con-crioterapia","12":"product_tag-recupero-con-terapia-del-freddo","13":"product_tag-recupero-muscolare","14":"product_tag-recupero-sportivo","15":"product_tag-riabilitazione-post-operatorio","16":"product_tag-terapia-del-freddo","17":"product_tag-terapia-del-ghiaccio","18":"product_shipping_class-elettromedicali","19":"wcpa_has_options","21":"first","22":"instock","23":"shipping-taxable","24":"purchasable","25":"product-type-variable"},"acf":[],"yoast_head":"<!-- This site is optimized with the Yoast SEO Premium plugin v27.5 (Yoast SEO v27.5) - https:\/\/yoast.com\/product\/yoast-seo-premium-wordpress\/ -->\n<title>Noleggio crioterapia a compressione Cryopush<\/title>\n<meta name=\"description\" content=\"Noleggio crioterapia compressiva o Cryopush con compressione . Trasporto gratuito. Nessun Deposito. disponibilit\u00e0 immediata. Prenota online ora !\" \/>\n<meta name=\"robots\" content=\"index, follow, max-snippet:-1, max-image-preview:large, max-video-preview:-1, noarchive\" \/>\n<link rel=\"canonical\" href=\"https:\/\/www.miamedicalitalia.it\/fr\/produit\/noleggio-crioterapia-a-compressione-cryopush\/\" \/>\n<meta property=\"og:locale\" content=\"fr_FR\" \/>\n<meta property=\"og:type\" content=\"article\" \/>\n<meta property=\"og:title\" content=\"Noleggio crioterapia a compressione Cryopush\" \/>\n<meta property=\"og:description\" content=\"Noleggio crioterapia compressiva o Cryopush con compressione . Trasporto gratuito. Nessun Deposito. disponibilit\u00e0 immediata. Prenota online ora !\" \/>\n<meta property=\"og:url\" content=\"https:\/\/www.miamedicalitalia.it\/fr\/produit\/noleggio-crioterapia-a-compressione-cryopush\/\" \/>\n<meta property=\"og:site_name\" content=\"Mia Medical\" \/>\n<meta property=\"article:publisher\" content=\"https:\/\/www.facebook.com\/miamedicalitalia\" \/>\n<meta property=\"article:modified_time\" content=\"2026-04-08T12:36:35+00:00\" \/>\n<meta property=\"og:image\" content=\"https:\/\/www.miamedicalitalia.it\/wp-content\/uploads\/2024\/12\/IMG_2624.png\" \/>\n\t<meta property=\"og:image:width\" content=\"1000\" \/>\n\t<meta property=\"og:image:height\" content=\"1000\" \/>\n\t<meta property=\"og:image:type\" content=\"image\/png\" \/>\n<meta name=\"twitter:card\" content=\"summary_large_image\" \/>\n<meta name=\"twitter:label1\" content=\"Dur\u00e9e de lecture estim\u00e9e\" \/>\n\t<meta name=\"twitter:data1\" content=\"2 minutes\" \/>\n<script type=\"application\/ld+json\" class=\"yoast-schema-graph\">{\"@context\":\"https:\\\/\\\/schema.org\",\"@graph\":[{\"@type\":\"WebPage\",\"@id\":\"https:\\\/\\\/www.miamedicalitalia.it\\\/prodotto\\\/noleggio-crioterapia-a-compressione-cryopush\\\/\",\"url\":\"https:\\\/\\\/www.miamedicalitalia.it\\\/prodotto\\\/noleggio-crioterapia-a-compressione-cryopush\\\/\",\"name\":\"Noleggio crioterapia a compressione Cryopush\",\"isPartOf\":{\"@id\":\"https:\\\/\\\/www.miamedicalitalia.it\\\/#website\"},\"primaryImageOfPage\":{\"@id\":\"https:\\\/\\\/www.miamedicalitalia.it\\\/prodotto\\\/noleggio-crioterapia-a-compressione-cryopush\\\/#primaryimage\"},\"image\":{\"@id\":\"https:\\\/\\\/www.miamedicalitalia.it\\\/prodotto\\\/noleggio-crioterapia-a-compressione-cryopush\\\/#primaryimage\"},\"thumbnailUrl\":\"https:\\\/\\\/www.miamedicalitalia.it\\\/wp-content\\\/uploads\\\/2024\\\/12\\\/IMG_2624.png\",\"datePublished\":\"2024-12-09T12:44:10+00:00\",\"dateModified\":\"2026-04-08T12:36:35+00:00\",\"description\":\"Noleggio crioterapia compressiva o Cryopush con compressione . Trasporto gratuito. Nessun Deposito. disponibilit\u00e0 immediata. Prenota online ora !\",\"breadcrumb\":{\"@id\":\"https:\\\/\\\/www.miamedicalitalia.it\\\/prodotto\\\/noleggio-crioterapia-a-compressione-cryopush\\\/#breadcrumb\"},\"inLanguage\":\"fr-FR\",\"potentialAction\":[{\"@type\":\"ReadAction\",\"target\":[\"https:\\\/\\\/www.miamedicalitalia.it\\\/prodotto\\\/noleggio-crioterapia-a-compressione-cryopush\\\/\"]}]},{\"@type\":\"ImageObject\",\"inLanguage\":\"fr-FR\",\"@id\":\"https:\\\/\\\/www.miamedicalitalia.it\\\/prodotto\\\/noleggio-crioterapia-a-compressione-cryopush\\\/#primaryimage\",\"url\":\"https:\\\/\\\/www.miamedicalitalia.it\\\/wp-content\\\/uploads\\\/2024\\\/12\\\/IMG_2624.png\",\"contentUrl\":\"https:\\\/\\\/www.miamedicalitalia.it\\\/wp-content\\\/uploads\\\/2024\\\/12\\\/IMG_2624.png\",\"width\":1000,\"height\":1000,\"caption\":\"terapia del freddo con compressione\"},{\"@type\":\"BreadcrumbList\",\"@id\":\"https:\\\/\\\/www.miamedicalitalia.it\\\/prodotto\\\/noleggio-crioterapia-a-compressione-cryopush\\\/#breadcrumb\",\"itemListElement\":[{\"@type\":\"ListItem\",\"position\":1,\"name\":\"Home\",\"item\":\"https:\\\/\\\/www.miamedicalitalia.it\\\/\"},{\"@type\":\"ListItem\",\"position\":2,\"name\":\"Shop\",\"item\":\"https:\\\/\\\/www.miamedicalitalia.it\\\/negozio\\\/\"},{\"@type\":\"ListItem\",\"position\":3,\"name\":\"Affitto e noleggio\",\"item\":\"https:\\\/\\\/www.miamedicalitalia.it\\\/categoria\\\/affitto-e-noleggio-ausili\\\/\"},{\"@type\":\"ListItem\",\"position\":4,\"name\":\"Cryoterapia\",\"item\":\"https:\\\/\\\/www.miamedicalitalia.it\\\/categoria\\\/affitto-e-noleggio-ausili\\\/noleggio-crioterapia\\\/\"},{\"@type\":\"ListItem\",\"position\":5,\"name\":\"Noleggio crioterapia a compressione cryopush\"}]},{\"@type\":\"WebSite\",\"@id\":\"https:\\\/\\\/www.miamedicalitalia.it\\\/#website\",\"url\":\"https:\\\/\\\/www.miamedicalitalia.it\\\/\",\"name\":\"www.miamedicalitalia.it\",\"description\":\"Noleggio e Vendita Attrezzatura Sanitarie\",\"publisher\":{\"@id\":\"https:\\\/\\\/www.miamedicalitalia.it\\\/#organization\"},\"potentialAction\":[{\"@type\":\"SearchAction\",\"target\":{\"@type\":\"EntryPoint\",\"urlTemplate\":\"https:\\\/\\\/www.miamedicalitalia.it\\\/?s={search_term_string}\"},\"query-input\":{\"@type\":\"PropertyValueSpecification\",\"valueRequired\":true,\"valueName\":\"search_term_string\"}}],\"inLanguage\":\"fr-FR\"},{\"@type\":\"Organization\",\"@id\":\"https:\\\/\\\/www.miamedicalitalia.it\\\/#organization\",\"name\":\"OLG\",\"url\":\"https:\\\/\\\/www.miamedicalitalia.it\\\/\",\"logo\":{\"@type\":\"ImageObject\",\"inLanguage\":\"fr-FR\",\"@id\":\"https:\\\/\\\/www.miamedicalitalia.it\\\/#\\\/schema\\\/logo\\\/image\\\/\",\"url\":\"https:\\\/\\\/www.miamedicalitalia.it\\\/wp-content\\\/uploads\\\/2023\\\/04\\\/mia-medical-logo-free.png\",\"contentUrl\":\"https:\\\/\\\/www.miamedicalitalia.it\\\/wp-content\\\/uploads\\\/2023\\\/04\\\/mia-medical-logo-free.png\",\"width\":700,\"height\":700,\"caption\":\"OLG\"},\"image\":{\"@id\":\"https:\\\/\\\/www.miamedicalitalia.it\\\/#\\\/schema\\\/logo\\\/image\\\/\"},\"sameAs\":[\"https:\\\/\\\/www.facebook.com\\\/miamedicalitalia\"]}]}<\/script>\n<!-- \/ Yoast SEO Premium plugin. -->","yoast_head_json":{"title":"Location de cryoth\u00e9rapie par compression Cryopush","description":"Location de cryoth\u00e9rapie ou de cryoth\u00e9rapie par compression Cryopush. Transport gratuit. Pas de caution. Disponibilit\u00e9 imm\u00e9diate. R\u00e9servez en ligne d\u00e8s maintenant !","robots":{"index":"index","follow":"follow","max-snippet":"max-snippet:-1","max-image-preview":"max-image-preview:large","max-video-preview":"max-video-preview:-1","archive":"noarchive"},"canonical":"https:\/\/www.miamedicalitalia.it\/fr\/produit\/noleggio-crioterapia-a-compressione-cryopush\/","og_locale":"fr_FR","og_type":"article","og_title":"Noleggio crioterapia a compressione Cryopush","og_description":"Noleggio crioterapia compressiva o Cryopush con compressione . Trasporto gratuito. Nessun Deposito. disponibilit\u00e0 immediata. Prenota online ora !","og_url":"https:\/\/www.miamedicalitalia.it\/fr\/produit\/noleggio-crioterapia-a-compressione-cryopush\/","og_site_name":"Mia Medical","article_publisher":"https:\/\/www.facebook.com\/miamedicalitalia","article_modified_time":"2026-04-08T12:36:35+00:00","og_image":[{"width":1000,"height":1000,"url":"https:\/\/www.miamedicalitalia.it\/wp-content\/uploads\/2024\/12\/IMG_2624.png","type":"image\/png"}],"twitter_card":"summary_large_image","twitter_misc":{"Dur\u00e9e de lecture estim\u00e9e":"2 minutes"},"schema":{"@context":"https:\/\/schema.org","@graph":[{"@type":"WebPage","@id":"https:\/\/www.miamedicalitalia.it\/prodotto\/noleggio-crioterapia-a-compressione-cryopush\/","url":"https:\/\/www.miamedicalitalia.it\/prodotto\/noleggio-crioterapia-a-compressione-cryopush\/","name":"Location de cryoth\u00e9rapie par compression Cryopush","isPartOf":{"@id":"https:\/\/www.miamedicalitalia.it\/#website"},"primaryImageOfPage":{"@id":"https:\/\/www.miamedicalitalia.it\/prodotto\/noleggio-crioterapia-a-compressione-cryopush\/#primaryimage"},"image":{"@id":"https:\/\/www.miamedicalitalia.it\/prodotto\/noleggio-crioterapia-a-compressione-cryopush\/#primaryimage"},"thumbnailUrl":"https:\/\/www.miamedicalitalia.it\/wp-content\/uploads\/2024\/12\/IMG_2624.png","datePublished":"2024-12-09T12:44:10+00:00","dateModified":"2026-04-08T12:36:35+00:00","description":"Location de cryoth\u00e9rapie ou de cryoth\u00e9rapie par compression Cryopush. Transport gratuit. Pas de caution. Disponibilit\u00e9 imm\u00e9diate. R\u00e9servez en ligne d\u00e8s maintenant !","breadcrumb":{"@id":"https:\/\/www.miamedicalitalia.it\/prodotto\/noleggio-crioterapia-a-compressione-cryopush\/#breadcrumb"},"inLanguage":"fr-FR","potentialAction":[{"@type":"ReadAction","target":["https:\/\/www.miamedicalitalia.it\/prodotto\/noleggio-crioterapia-a-compressione-cryopush\/"]}]},{"@type":"ImageObject","inLanguage":"fr-FR","@id":"https:\/\/www.miamedicalitalia.it\/prodotto\/noleggio-crioterapia-a-compressione-cryopush\/#primaryimage","url":"https:\/\/www.miamedicalitalia.it\/wp-content\/uploads\/2024\/12\/IMG_2624.png","contentUrl":"https:\/\/www.miamedicalitalia.it\/wp-content\/uploads\/2024\/12\/IMG_2624.png","width":1000,"height":1000,"caption":"terapia del freddo con compressione"},{"@type":"BreadcrumbList","@id":"https:\/\/www.miamedicalitalia.it\/prodotto\/noleggio-crioterapia-a-compressione-cryopush\/#breadcrumb","itemListElement":[{"@type":"ListItem","position":1,"name":"Home","item":"https:\/\/www.miamedicalitalia.it\/"},{"@type":"ListItem","position":2,"name":"Shop","item":"https:\/\/www.miamedicalitalia.it\/negozio\/"},{"@type":"ListItem","position":3,"name":"Affitto e noleggio","item":"https:\/\/www.miamedicalitalia.it\/categoria\/affitto-e-noleggio-ausili\/"},{"@type":"ListItem","position":4,"name":"Cryoterapia","item":"https:\/\/www.miamedicalitalia.it\/categoria\/affitto-e-noleggio-ausili\/noleggio-crioterapia\/"},{"@type":"ListItem","position":5,"name":"Noleggio crioterapia a compressione cryopush"}]},{"@type":"WebSite","@id":"https:\/\/www.miamedicalitalia.it\/#website","url":"https:\/\/www.miamedicalitalia.it\/","name":"www.miamedicalitalia.it","description":"Location et vente d'\u00e9quipements sanitaires","publisher":{"@id":"https:\/\/www.miamedicalitalia.it\/#organization"},"potentialAction":[{"@type":"SearchAction","target":{"@type":"EntryPoint","urlTemplate":"https:\/\/www.miamedicalitalia.it\/?s={search_term_string}"},"query-input":{"@type":"PropertyValueSpecification","valueRequired":true,"valueName":"search_term_string"}}],"inLanguage":"fr-FR"},{"@type":"Organization","@id":"https:\/\/www.miamedicalitalia.it\/#organization","name":"OLG","url":"https:\/\/www.miamedicalitalia.it\/","logo":{"@type":"ImageObject","inLanguage":"fr-FR","@id":"https:\/\/www.miamedicalitalia.it\/#\/schema\/logo\/image\/","url":"https:\/\/www.miamedicalitalia.it\/wp-content\/uploads\/2023\/04\/mia-medical-logo-free.png","contentUrl":"https:\/\/www.miamedicalitalia.it\/wp-content\/uploads\/2023\/04\/mia-medical-logo-free.png","width":700,"height":700,"caption":"OLG"},"image":{"@id":"https:\/\/www.miamedicalitalia.it\/#\/schema\/logo\/image\/"},"sameAs":["https:\/\/www.facebook.com\/miamedicalitalia"]}]}},"wcpa_form_fields":{"wcpaData":{"product":{"product_price":160,"price_html":"<span class=\"woocommerce-Price-amount amount\" aria-hidden=\"true\"><bdi><span class=\"woocommerce-Price-currencySymbol\">&euro;<\/span>160.00<\/bdi><\/span> <span aria-hidden=\"true\">\u00a0\u2013\u00a0<\/span> <span class=\"woocommerce-Price-amount amount\" aria-hidden=\"true\"><bdi><span class=\"woocommerce-Price-currencySymbol\">&euro;<\/span>360.00<\/bdi><\/span><span class=\"screen-reader-text\">Plage de prix\u00a0: &euro;160.00 \u00e0 &euro;360.00<\/span>","original_product_price":160,"price_including_tax":160,"price_excluding_tax":160,"product_id":{"parent":13274,"variation":false},"is_variable":true,"stock_status":"instock","stock_quantity":null,"parent_sku":"","product_attributes":{"quanto-costa":{"is_variation":true,"values":[]}},"custom_fields":[],"is_taxable":false,"product_name":"Noleggio crioterapia a compressione cryopush","hasImage":false},"fields":{"sec_565f165582eb8c":{"extra":{"key":"sec_565f165582eb8c","section_id":"sec_565f165582eb8c","name":"Predefinito","status":1,"toggle":true,"form_id":12050,"form_rules":{"exclude_from_discount":false,"fee_label":"\u8d39\u7528","disp_hide_options_price":false,"disp_show_section_price":false,"disp_show_field_price":true,"layout_option":"standard","pric_use_as_fee":false,"process_fee_as":"woo_fee"},"layout_option":"standard"},"fields":[[{"active":true,"col":6,"relations":false,"cl_rule":"show","enableCl":false,"price":"","enablePrice":false,"className":"input-text","type":"date","required":true,"elementId":"date_3189538061","name":"date_3189538061","label":"A partire dal giorno:","picker_type":"custom","picker_mode":"single","error":false,"description":"Inserisci la data di inizio del noleggio","gt_translate_keys":["label","description"],"price_dependency":false,"cl_dependency":false,"value":""}]]}},"config":{"price_override":"","enable_recaptcha":false,"bind_quantity":false,"quantity_bind_formula":false,"disp_summ_show_option_price":true,"disp_summ_show_product_price":true,"disp_summ_show_total_price":true,"disp_summ_show_fee":false,"disp_summ_show_discount":false,"summary_title":"","options_total_label":"\u671f\u6743\u4ef7\u683c","total_label":"\u603b\u8ba1","options_product_label":"\u4ea7\u54c1\u4ef7\u683c","fee_label":"\u8d39\u7528","discount_label":"\u6298\u6263","has_price":true,"has_quantity_formula":false},"mc_unit":1,"tax_rate":1,"tax_rate_real":1,"discount":{"percentage":0,"fixed":0},"design":{"conf":{"LabelPosition":"above","DescPosition":"below","UploadField":"custom_1","QuantityFieldStyle":"default"},"css":{"LeftLabelWidth":"50px"}},"formulas":[],"lookuptables":[],"clones":false,"cartKey":false}},"_links":{"self":[{"href":"https:\/\/www.miamedicalitalia.it\/fr\/wp-json\/wp\/v2\/product\/13274","targetHints":{"allow":["GET"]}}],"collection":[{"href":"https:\/\/www.miamedicalitalia.it\/fr\/wp-json\/wp\/v2\/product"}],"about":[{"href":"https:\/\/www.miamedicalitalia.it\/fr\/wp-json\/wp\/v2\/types\/product"}],"wp:featuredmedia":[{"embeddable":true,"href":"https:\/\/www.miamedicalitalia.it\/fr\/wp-json\/wp\/v2\/media\/13341"}],"wp:attachment":[{"href":"https:\/\/www.miamedicalitalia.it\/fr\/wp-json\/wp\/v2\/media?parent=13274"}],"wp:term":[{"taxonomy":"home-category","embeddable":true,"href":"https:\/\/www.miamedicalitalia.it\/fr\/wp-json\/wp\/v2\/home-category?post=13274"},{"taxonomy":"product_brand","embeddable":true,"href":"https:\/\/www.miamedicalitalia.it\/fr\/wp-json\/wp\/v2\/product_brand?post=13274"},{"taxonomy":"product_cat","embeddable":true,"href":"https:\/\/www.miamedicalitalia.it\/fr\/wp-json\/wp\/v2\/product_cat?post=13274"},{"taxonomy":"product_tag","embeddable":true,"href":"https:\/\/www.miamedicalitalia.it\/fr\/wp-json\/wp\/v2\/product_tag?post=13274"},{"taxonomy":"woo-feed-brand","embeddable":true,"href":"https:\/\/www.miamedicalitalia.it\/fr\/wp-json\/wp\/v2\/woo-feed-brand?post=13274"}],"curies":[{"name":"wp","href":"https:\/\/api.w.org\/{rel}","templated":true}]}}