{"id":12465,"date":"2024-06-13T17:02:59","date_gmt":"2024-06-13T15:02:59","guid":{"rendered":"https:\/\/www.miamedicalitalia.it\/?post_type=product&#038;p=12465"},"modified":"2026-02-12T12:07:42","modified_gmt":"2026-02-12T10:07:42","slug":"noleggio-cryoterapia-compressiva-cryopush","status":"publish","type":"product","link":"https:\/\/www.miamedicalitalia.it\/fr\/produit\/noleggio-cryoterapia-compressiva-cryopush\/","title":{"rendered":"Location de cryoth\u00e9rapie par compression Cryopush"},"content":{"rendered":"<p>Louer CRYOPUSH, le syst\u00e8me de <strong><a href=\"https:\/\/www.my-personaltrainer.it\/benessere\/crioterapia.html\">la cryoth\u00e9rapie par compression<\/a><\/strong>une th\u00e9rapie qui combine la <strong>froid contr\u00f4l\u00e9<\/strong> avec le <strong>compression pneumatique intermittente<\/strong> pour r\u00e9duire la douleur, l'inflammation et le gonflement, acc\u00e9l\u00e9rant ainsi la r\u00e9cup\u00e9ration musculaire et post-op\u00e9ratoire.<\/p>\n\n\n\n<p><strong>CRYOPUSH<\/strong> est l'un des dispositifs m\u00e9dicaux les plus avanc\u00e9s dans ce domaine, \u00e9galement utilis\u00e9 par les physioth\u00e9rapeutes, les athl\u00e8tes professionnels et les centres de r\u00e9\u00e9ducation. <\/p>\n\n\n\n<h4 class=\"wp-block-heading\" id=\"h-a-chi-puo-essere-utile-il-servizio-di-noleggio-di-crioterapia-compressiva\">Pour qui le service de location de compresseur de cryoth\u00e9rapie peut \u00eatre utile <\/h4>\n\n\n\n<p>Le syst\u00e8me <strong>CRYOPUSH<\/strong> est id\u00e9al pour :<\/p>\n\n\n\n<ul class=\"wp-block-list\">\n<li>Patients en postop\u00e9ratoire d'une chirurgie de l'\u00e9paule, de la jambe, du genou, de la hanche ou de la cheville<\/li>\n\n\n\n<li>Les sportifs qui veulent acc\u00e9l\u00e9rer la r\u00e9cup\u00e9ration musculaire <\/li>\n\n\n\n<li>Les personnes souffrant de traumatismes, d'entorses, d'inflammations chroniques (telles que les tendinites).<\/li>\n\n\n\n<li>Physioth\u00e9rapeutes \u00e0 la recherche d'un appareil polyvalent pour la th\u00e9rapie \u00e0 domicile <\/li>\n<\/ul>\n\n\n\n<p>Visitez notre <a href=\"https:\/\/www.miamedicalitalia.it\/fr\/blog\/\">blog<\/a> et lire <a href=\"https:\/\/www.miamedicalitalia.it\/fr\/noleggio-criocompressione-riabilitazione-e-recupero-muscolare\/\">l'article<\/a> d\u00e9di\u00e9s ! <\/p>\n\n\n\n<h4 class=\"wp-block-heading\" id=\"h-specifiche-tecniche-cryopush\">Sp\u00e9cifications techniques de CryoPush <\/h4>\n\n\n\n<ul class=\"wp-block-list\">\n<li><strong>Syst\u00e8me portable<\/strong>&nbsp;avec compression pneumatique r\u00e9glable<\/li>\n\n\n\n<li><strong>Fonctionnement silencieux<\/strong>&nbsp;et intuitif<\/li>\n\n\n\n<li><strong>Temp\u00e9rature froide constante et contr\u00f4l\u00e9e<\/strong><\/li>\n\n\n\n<li><strong>Minuterie int\u00e9gr\u00e9e<\/strong>&nbsp;pour g\u00e9rer la dur\u00e9e de la session<\/li>\n\n\n\n<li><strong>Applicateurs anatomiques<\/strong>&nbsp;pour le genou, l'\u00e9paule, la cheville, la hanche et la r\u00e9gion lombaire<\/li>\n\n\n\n<li><strong>R\u00e9servoir de liquide de refroidissement<\/strong>&nbsp;avec une grande capacit\u00e9 pour une utilisation prolong\u00e9e<\/li>\n\n\n\n<li><strong>Affichage num\u00e9rique<\/strong>&nbsp;pour contr\u00f4ler la temp\u00e9rature, la dur\u00e9e et le niveau de compression<\/li>\n<\/ul>\n\n\n\n<h4 class=\"wp-block-heading\" id=\"h-perche-scegliere-il-noleggio\">Pourquoi embaucher <\/h4>\n\n\n\n<p>La location de cryoth\u00e9rapie par compression CRYOPUSH est parfaite pour :<\/p>\n\n\n\n<ul class=\"wp-block-list\">\n<li>Traitements post-op\u00e9ratoires \u00e0 court terme<\/li>\n\n\n\n<li>\u00c9viter l'achat d'un appareil co\u00fbteux pour un usage limit\u00e9<\/li>\n\n\n\n<li>B\u00e9n\u00e9ficier d'un soutien professionnel directement \u00e0 domicile<\/li>\n\n\n\n<li>Flexibilit\u00e9 maximale : vous pouvez le louer pour quelques jours ou quelques semaines.<\/li>\n<\/ul>\n\n\n\n<h4 class=\"wp-block-heading\" id=\"h-perche-scegliere-il-servizio-di-noleggio-mia-medical\">Pourquoi choisir le service de location Mia Medical<\/h4>\n\n\n\n<p>Avec&nbsp;<strong>MIA Medical<\/strong>&nbsp;vous avez :<\/p>\n\n\n\n<ul class=\"wp-block-list\">\n<li><strong>Livraison et collecte rapides<\/strong>&nbsp;chez eux dans toute l'Italie<\/li>\n\n\n\n<li><strong>Assistance technique sp\u00e9cialis\u00e9e<\/strong>&nbsp;6 jours par semaine<\/li>\n\n\n\n<li><strong>Assainissement et contr\u00f4le de la qualit\u00e9<\/strong>&nbsp;\u00e0 chaque fois que le dispositif est renvoy\u00e9<\/li>\n\n\n\n<li><strong>Formation \u00e0 l'utilisation<\/strong>&nbsp;et soutien \u00e0 l'activation<\/li>\n\n\n\n<li>Des tarifs comp\u00e9titifs et transparents<\/li>\n\n\n\n<li>Possibilit\u00e9 de&nbsp;<strong>location avec applicateur sp\u00e9cifique<\/strong>&nbsp;pour la zone \u00e0 traiter<\/li>\n<\/ul>\n\n\n\n<h4 class=\"wp-block-heading\" id=\"h-noleggia-ora-la-crioterapia-compressiva-cryopush\"><strong>Louez la cryoth\u00e9rapie \u00e0 compression CRYOPUSH maintenant<\/strong><\/h4>\n\n\n\n<p>R\u00e9cup\u00e9rez plus rapidement, r\u00e9duisez la douleur et am\u00e9liorez la qualit\u00e9 de votre r\u00e9\u00e9ducation.&nbsp;<strong>Contactez-nous<\/strong>&nbsp;pour recevoir un devis personnalis\u00e9 et conna\u00eetre la disponibilit\u00e9 de CRYOPUSH en fonction de vos besoins.<\/p>","protected":false},"excerpt":{"rendered":"<div style=\"font-family: Arial, sans-serif; background-color: #234091; padding: 30px; border-radius: 25px; max-width: 600px; color: #ffffff; position: relative; border-top: 6px solid #2498fe;\">\n<h3 style=\"color: #ffffff; margin-top: 0;\">Louer une cryoth\u00e9rapie professionnelle (th\u00e9rapie par le froid) avec compression<\/h3>\n<p>Tr\u00e8s facile \u00e0 utiliser, avec des r\u00e9sultats tr\u00e8s \u00e9lev\u00e9s en quelques jours seulement.<\/p>\n<p>Cryopush est l'\u00e9volution de la th\u00e9rapie post-traumatique.<\/p>\n<p>Consegna e ritiro a domicilio in tutta Italia a partire da 15\u20ac +15\u20ac. Gratuito per i noleggi a partire da 20 giorni.<\/p>\n<p><strong>Livraison gratuite si vous achetez une location pour un minimum de 20 jours.<\/strong><\/p>\n<p><strong>Aucun d\u00e9p\u00f4t n'est requis !<\/strong><\/p>\n<\/div>\n<p><!-- Linea bianca sotto --><\/p>\n<div style=\"height: 6px; background-color: #ffffff; max-width: 600px;\">\u00a0<\/div>","protected":false},"featured_media":14155,"template":"","meta":{"_acf_changed":true},"home-category":[],"product_brand":[],"product_cat":[274],"product_tag":[],"woo-feed-brand":[],"class_list":{"0":"post-12465","1":"product","2":"type-product","3":"status-publish","4":"has-post-thumbnail","6":"product_cat-noleggio-crioterapia","7":"product_shipping_class-elettromedicali","8":"wcpa_has_options","10":"first","11":"instock","12":"shipping-taxable","13":"purchasable","14":"product-type-variable"},"acf":[],"yoast_head":"<!-- This site is optimized with the Yoast SEO Premium plugin v27.5 (Yoast SEO v27.5) - https:\/\/yoast.com\/product\/yoast-seo-premium-wordpress\/ -->\n<title>Noleggio crioterapia compressiva CRYOPUSH<\/title>\n<meta name=\"description\" content=\"CRYOPUSH: il nostro macchinario terapeutico di crioterapia compressiva a noleggio. Disponibilit\u00e0 immediata. Prenota ora, chiamaci al +39 392 65 09 237 !\" \/>\n<meta name=\"robots\" content=\"index, follow, max-snippet:-1, max-image-preview:large, max-video-preview:-1\" \/>\n<link rel=\"canonical\" href=\"https:\/\/www.miamedicalitalia.it\/fr\/produit\/noleggio-cryoterapia-compressiva-cryopush\/\" \/>\n<meta property=\"og:locale\" content=\"fr_FR\" \/>\n<meta property=\"og:type\" content=\"article\" \/>\n<meta property=\"og:title\" content=\"Noleggio crioterapia compressiva CRYOPUSH\" \/>\n<meta property=\"og:description\" content=\"CRYOPUSH: il nostro macchinario terapeutico di crioterapia compressiva a noleggio. Disponibilit\u00e0 immediata. Prenota ora, chiamaci al +39 392 65 09 237 !\" \/>\n<meta property=\"og:url\" content=\"https:\/\/www.miamedicalitalia.it\/fr\/produit\/noleggio-cryoterapia-compressiva-cryopush\/\" \/>\n<meta property=\"og:site_name\" content=\"Mia Medical\" \/>\n<meta property=\"article:publisher\" content=\"https:\/\/www.facebook.com\/miamedicalitalia\" \/>\n<meta property=\"article:modified_time\" content=\"2026-02-12T10:07:42+00:00\" \/>\n<meta property=\"og:image\" content=\"https:\/\/www.miamedicalitalia.it\/wp-content\/uploads\/2024\/06\/1.jpg\" \/>\n\t<meta property=\"og:image:width\" content=\"1000\" \/>\n\t<meta property=\"og:image:height\" content=\"1000\" \/>\n\t<meta property=\"og:image:type\" content=\"image\/jpeg\" \/>\n<meta name=\"twitter:card\" content=\"summary_large_image\" \/>\n<meta name=\"twitter:label1\" content=\"Dur\u00e9e de lecture estim\u00e9e\" \/>\n\t<meta name=\"twitter:data1\" content=\"2 minutes\" \/>\n<script type=\"application\/ld+json\" class=\"yoast-schema-graph\">{\"@context\":\"https:\\\/\\\/schema.org\",\"@graph\":[{\"@type\":\"WebPage\",\"@id\":\"https:\\\/\\\/www.miamedicalitalia.it\\\/prodotto\\\/noleggio-cryoterapia-compressiva-cryopush\\\/\",\"url\":\"https:\\\/\\\/www.miamedicalitalia.it\\\/prodotto\\\/noleggio-cryoterapia-compressiva-cryopush\\\/\",\"name\":\"Noleggio crioterapia compressiva CRYOPUSH\",\"isPartOf\":{\"@id\":\"https:\\\/\\\/www.miamedicalitalia.it\\\/#website\"},\"primaryImageOfPage\":{\"@id\":\"https:\\\/\\\/www.miamedicalitalia.it\\\/prodotto\\\/noleggio-cryoterapia-compressiva-cryopush\\\/#primaryimage\"},\"image\":{\"@id\":\"https:\\\/\\\/www.miamedicalitalia.it\\\/prodotto\\\/noleggio-cryoterapia-compressiva-cryopush\\\/#primaryimage\"},\"thumbnailUrl\":\"https:\\\/\\\/www.miamedicalitalia.it\\\/wp-content\\\/uploads\\\/2024\\\/06\\\/1.jpg\",\"datePublished\":\"2024-06-13T15:02:59+00:00\",\"dateModified\":\"2026-02-12T10:07:42+00:00\",\"description\":\"CRYOPUSH: il nostro macchinario terapeutico di crioterapia compressiva a noleggio. Disponibilit\u00e0 immediata. Prenota ora, chiamaci al +39 392 65 09 237 !\",\"breadcrumb\":{\"@id\":\"https:\\\/\\\/www.miamedicalitalia.it\\\/prodotto\\\/noleggio-cryoterapia-compressiva-cryopush\\\/#breadcrumb\"},\"inLanguage\":\"fr-FR\",\"potentialAction\":[{\"@type\":\"ReadAction\",\"target\":[\"https:\\\/\\\/www.miamedicalitalia.it\\\/prodotto\\\/noleggio-cryoterapia-compressiva-cryopush\\\/\"]}]},{\"@type\":\"ImageObject\",\"inLanguage\":\"fr-FR\",\"@id\":\"https:\\\/\\\/www.miamedicalitalia.it\\\/prodotto\\\/noleggio-cryoterapia-compressiva-cryopush\\\/#primaryimage\",\"url\":\"https:\\\/\\\/www.miamedicalitalia.it\\\/wp-content\\\/uploads\\\/2024\\\/06\\\/1.jpg\",\"contentUrl\":\"https:\\\/\\\/www.miamedicalitalia.it\\\/wp-content\\\/uploads\\\/2024\\\/06\\\/1.jpg\",\"width\":1000,\"height\":1000},{\"@type\":\"BreadcrumbList\",\"@id\":\"https:\\\/\\\/www.miamedicalitalia.it\\\/prodotto\\\/noleggio-cryoterapia-compressiva-cryopush\\\/#breadcrumb\",\"itemListElement\":[{\"@type\":\"ListItem\",\"position\":1,\"name\":\"Home\",\"item\":\"https:\\\/\\\/www.miamedicalitalia.it\\\/\"},{\"@type\":\"ListItem\",\"position\":2,\"name\":\"Shop\",\"item\":\"https:\\\/\\\/www.miamedicalitalia.it\\\/negozio\\\/\"},{\"@type\":\"ListItem\",\"position\":3,\"name\":\"Affitto e noleggio\",\"item\":\"https:\\\/\\\/www.miamedicalitalia.it\\\/categoria\\\/affitto-e-noleggio-ausili\\\/\"},{\"@type\":\"ListItem\",\"position\":4,\"name\":\"Cryoterapia\",\"item\":\"https:\\\/\\\/www.miamedicalitalia.it\\\/categoria\\\/affitto-e-noleggio-ausili\\\/noleggio-crioterapia\\\/\"},{\"@type\":\"ListItem\",\"position\":5,\"name\":\"Noleggio Crioterapia compressiva Cryopush\"}]},{\"@type\":\"WebSite\",\"@id\":\"https:\\\/\\\/www.miamedicalitalia.it\\\/#website\",\"url\":\"https:\\\/\\\/www.miamedicalitalia.it\\\/\",\"name\":\"www.miamedicalitalia.it\",\"description\":\"Noleggio e Vendita Attrezzatura Sanitarie\",\"publisher\":{\"@id\":\"https:\\\/\\\/www.miamedicalitalia.it\\\/#organization\"},\"potentialAction\":[{\"@type\":\"SearchAction\",\"target\":{\"@type\":\"EntryPoint\",\"urlTemplate\":\"https:\\\/\\\/www.miamedicalitalia.it\\\/?s={search_term_string}\"},\"query-input\":{\"@type\":\"PropertyValueSpecification\",\"valueRequired\":true,\"valueName\":\"search_term_string\"}}],\"inLanguage\":\"fr-FR\"},{\"@type\":\"Organization\",\"@id\":\"https:\\\/\\\/www.miamedicalitalia.it\\\/#organization\",\"name\":\"OLG\",\"url\":\"https:\\\/\\\/www.miamedicalitalia.it\\\/\",\"logo\":{\"@type\":\"ImageObject\",\"inLanguage\":\"fr-FR\",\"@id\":\"https:\\\/\\\/www.miamedicalitalia.it\\\/#\\\/schema\\\/logo\\\/image\\\/\",\"url\":\"https:\\\/\\\/www.miamedicalitalia.it\\\/wp-content\\\/uploads\\\/2023\\\/04\\\/mia-medical-logo-free.png\",\"contentUrl\":\"https:\\\/\\\/www.miamedicalitalia.it\\\/wp-content\\\/uploads\\\/2023\\\/04\\\/mia-medical-logo-free.png\",\"width\":700,\"height\":700,\"caption\":\"OLG\"},\"image\":{\"@id\":\"https:\\\/\\\/www.miamedicalitalia.it\\\/#\\\/schema\\\/logo\\\/image\\\/\"},\"sameAs\":[\"https:\\\/\\\/www.facebook.com\\\/miamedicalitalia\"]}]}<\/script>\n<!-- \/ Yoast SEO Premium plugin. -->","yoast_head_json":{"title":"Location de cryoth\u00e9rapie par compression CRYOPUSH","description":"CRYOPUSH : notre appareil de cryoth\u00e9rapie \u00e0 compression th\u00e9rapeutique en location. Disponibilit\u00e9 imm\u00e9diate. R\u00e9servez d\u00e8s maintenant, appelez-nous au +39 392 65 09 237 !","robots":{"index":"index","follow":"follow","max-snippet":"max-snippet:-1","max-image-preview":"max-image-preview:large","max-video-preview":"max-video-preview:-1"},"canonical":"https:\/\/www.miamedicalitalia.it\/fr\/produit\/noleggio-cryoterapia-compressiva-cryopush\/","og_locale":"fr_FR","og_type":"article","og_title":"Noleggio crioterapia compressiva CRYOPUSH","og_description":"CRYOPUSH: il nostro macchinario terapeutico di crioterapia compressiva a noleggio. Disponibilit\u00e0 immediata. Prenota ora, chiamaci al +39 392 65 09 237 !","og_url":"https:\/\/www.miamedicalitalia.it\/fr\/produit\/noleggio-cryoterapia-compressiva-cryopush\/","og_site_name":"Mia Medical","article_publisher":"https:\/\/www.facebook.com\/miamedicalitalia","article_modified_time":"2026-02-12T10:07:42+00:00","og_image":[{"width":1000,"height":1000,"url":"https:\/\/www.miamedicalitalia.it\/wp-content\/uploads\/2024\/06\/1.jpg","type":"image\/jpeg"}],"twitter_card":"summary_large_image","twitter_misc":{"Dur\u00e9e de lecture estim\u00e9e":"2 minutes"},"schema":{"@context":"https:\/\/schema.org","@graph":[{"@type":"WebPage","@id":"https:\/\/www.miamedicalitalia.it\/prodotto\/noleggio-cryoterapia-compressiva-cryopush\/","url":"https:\/\/www.miamedicalitalia.it\/prodotto\/noleggio-cryoterapia-compressiva-cryopush\/","name":"Location de cryoth\u00e9rapie par compression CRYOPUSH","isPartOf":{"@id":"https:\/\/www.miamedicalitalia.it\/#website"},"primaryImageOfPage":{"@id":"https:\/\/www.miamedicalitalia.it\/prodotto\/noleggio-cryoterapia-compressiva-cryopush\/#primaryimage"},"image":{"@id":"https:\/\/www.miamedicalitalia.it\/prodotto\/noleggio-cryoterapia-compressiva-cryopush\/#primaryimage"},"thumbnailUrl":"https:\/\/www.miamedicalitalia.it\/wp-content\/uploads\/2024\/06\/1.jpg","datePublished":"2024-06-13T15:02:59+00:00","dateModified":"2026-02-12T10:07:42+00:00","description":"CRYOPUSH : notre appareil de cryoth\u00e9rapie \u00e0 compression th\u00e9rapeutique en location. Disponibilit\u00e9 imm\u00e9diate. R\u00e9servez d\u00e8s maintenant, appelez-nous au +39 392 65 09 237 !","breadcrumb":{"@id":"https:\/\/www.miamedicalitalia.it\/prodotto\/noleggio-cryoterapia-compressiva-cryopush\/#breadcrumb"},"inLanguage":"fr-FR","potentialAction":[{"@type":"ReadAction","target":["https:\/\/www.miamedicalitalia.it\/prodotto\/noleggio-cryoterapia-compressiva-cryopush\/"]}]},{"@type":"ImageObject","inLanguage":"fr-FR","@id":"https:\/\/www.miamedicalitalia.it\/prodotto\/noleggio-cryoterapia-compressiva-cryopush\/#primaryimage","url":"https:\/\/www.miamedicalitalia.it\/wp-content\/uploads\/2024\/06\/1.jpg","contentUrl":"https:\/\/www.miamedicalitalia.it\/wp-content\/uploads\/2024\/06\/1.jpg","width":1000,"height":1000},{"@type":"BreadcrumbList","@id":"https:\/\/www.miamedicalitalia.it\/prodotto\/noleggio-cryoterapia-compressiva-cryopush\/#breadcrumb","itemListElement":[{"@type":"ListItem","position":1,"name":"Home","item":"https:\/\/www.miamedicalitalia.it\/"},{"@type":"ListItem","position":2,"name":"Shop","item":"https:\/\/www.miamedicalitalia.it\/negozio\/"},{"@type":"ListItem","position":3,"name":"Affitto e noleggio","item":"https:\/\/www.miamedicalitalia.it\/categoria\/affitto-e-noleggio-ausili\/"},{"@type":"ListItem","position":4,"name":"Cryoterapia","item":"https:\/\/www.miamedicalitalia.it\/categoria\/affitto-e-noleggio-ausili\/noleggio-crioterapia\/"},{"@type":"ListItem","position":5,"name":"Noleggio Crioterapia compressiva Cryopush"}]},{"@type":"WebSite","@id":"https:\/\/www.miamedicalitalia.it\/#website","url":"https:\/\/www.miamedicalitalia.it\/","name":"www.miamedicalitalia.it","description":"Location et vente d'\u00e9quipements sanitaires","publisher":{"@id":"https:\/\/www.miamedicalitalia.it\/#organization"},"potentialAction":[{"@type":"SearchAction","target":{"@type":"EntryPoint","urlTemplate":"https:\/\/www.miamedicalitalia.it\/?s={search_term_string}"},"query-input":{"@type":"PropertyValueSpecification","valueRequired":true,"valueName":"search_term_string"}}],"inLanguage":"fr-FR"},{"@type":"Organization","@id":"https:\/\/www.miamedicalitalia.it\/#organization","name":"OLG","url":"https:\/\/www.miamedicalitalia.it\/","logo":{"@type":"ImageObject","inLanguage":"fr-FR","@id":"https:\/\/www.miamedicalitalia.it\/#\/schema\/logo\/image\/","url":"https:\/\/www.miamedicalitalia.it\/wp-content\/uploads\/2023\/04\/mia-medical-logo-free.png","contentUrl":"https:\/\/www.miamedicalitalia.it\/wp-content\/uploads\/2023\/04\/mia-medical-logo-free.png","width":700,"height":700,"caption":"OLG"},"image":{"@id":"https:\/\/www.miamedicalitalia.it\/#\/schema\/logo\/image\/"},"sameAs":["https:\/\/www.facebook.com\/miamedicalitalia"]}]}},"wcpa_form_fields":{"wcpaData":{"product":{"product_price":140,"price_html":"<span class=\"woocommerce-Price-amount amount\" aria-hidden=\"true\"><bdi><span class=\"woocommerce-Price-currencySymbol\">&euro;<\/span>140.00<\/bdi><\/span> <span aria-hidden=\"true\">\u00a0\u2013\u00a0<\/span> <span class=\"woocommerce-Price-amount amount\" aria-hidden=\"true\"><bdi><span class=\"woocommerce-Price-currencySymbol\">&euro;<\/span>340.00<\/bdi><\/span><span class=\"screen-reader-text\">Plage de prix\u00a0: &euro;140.00 \u00e0 &euro;340.00<\/span>","original_product_price":140,"price_including_tax":140,"price_excluding_tax":140,"product_id":{"parent":12465,"variation":false},"is_variable":true,"stock_status":"instock","stock_quantity":null,"parent_sku":"","product_attributes":{"quanto-costa":{"is_variation":true,"values":[]}},"custom_fields":[],"is_taxable":false,"product_name":"Noleggio Crioterapia compressiva Cryopush","hasImage":false},"fields":{"sec_565f165582eb8c":{"extra":{"key":"sec_565f165582eb8c","section_id":"sec_565f165582eb8c","name":"Predefinito","status":1,"toggle":true,"form_id":12050,"form_rules":{"exclude_from_discount":false,"fee_label":"Taxa","disp_hide_options_price":false,"disp_show_section_price":false,"disp_show_field_price":true,"layout_option":"standard","pric_use_as_fee":false,"process_fee_as":"woo_fee"},"layout_option":"standard"},"fields":[[{"active":true,"col":6,"relations":false,"cl_rule":"show","enableCl":false,"price":"","enablePrice":false,"className":"input-text","type":"date","required":true,"elementId":"date_3189538061","name":"date_3189538061","label":"A partire dal giorno:","picker_type":"custom","picker_mode":"single","error":false,"description":"Inserisci la data di inizio del noleggio","gt_translate_keys":["label","description"],"price_dependency":false,"cl_dependency":false,"value":""}]]}},"config":{"price_override":"","enable_recaptcha":false,"bind_quantity":false,"quantity_bind_formula":false,"disp_summ_show_option_price":true,"disp_summ_show_product_price":true,"disp_summ_show_total_price":true,"disp_summ_show_fee":false,"disp_summ_show_discount":false,"summary_title":"","options_total_label":"Op\u00e7\u00f5es Pre\u00e7o","total_label":"Total","options_product_label":"Pre\u00e7o do produto","fee_label":"Taxa","discount_label":"Desconto","has_price":true,"has_quantity_formula":false},"mc_unit":1,"tax_rate":1,"tax_rate_real":1,"discount":{"percentage":0,"fixed":0},"design":{"conf":{"LabelPosition":"above","DescPosition":"below","UploadField":"custom_1","QuantityFieldStyle":"default"},"css":{"LeftLabelWidth":"50px"}},"formulas":[],"lookuptables":[],"clones":false,"cartKey":false}},"_links":{"self":[{"href":"https:\/\/www.miamedicalitalia.it\/fr\/wp-json\/wp\/v2\/product\/12465","targetHints":{"allow":["GET"]}}],"collection":[{"href":"https:\/\/www.miamedicalitalia.it\/fr\/wp-json\/wp\/v2\/product"}],"about":[{"href":"https:\/\/www.miamedicalitalia.it\/fr\/wp-json\/wp\/v2\/types\/product"}],"wp:featuredmedia":[{"embeddable":true,"href":"https:\/\/www.miamedicalitalia.it\/fr\/wp-json\/wp\/v2\/media\/14155"}],"wp:attachment":[{"href":"https:\/\/www.miamedicalitalia.it\/fr\/wp-json\/wp\/v2\/media?parent=12465"}],"wp:term":[{"taxonomy":"home-category","embeddable":true,"href":"https:\/\/www.miamedicalitalia.it\/fr\/wp-json\/wp\/v2\/home-category?post=12465"},{"taxonomy":"product_brand","embeddable":true,"href":"https:\/\/www.miamedicalitalia.it\/fr\/wp-json\/wp\/v2\/product_brand?post=12465"},{"taxonomy":"product_cat","embeddable":true,"href":"https:\/\/www.miamedicalitalia.it\/fr\/wp-json\/wp\/v2\/product_cat?post=12465"},{"taxonomy":"product_tag","embeddable":true,"href":"https:\/\/www.miamedicalitalia.it\/fr\/wp-json\/wp\/v2\/product_tag?post=12465"},{"taxonomy":"woo-feed-brand","embeddable":true,"href":"https:\/\/www.miamedicalitalia.it\/fr\/wp-json\/wp\/v2\/woo-feed-brand?post=12465"}],"curies":[{"name":"wp","href":"https:\/\/api.w.org\/{rel}","templated":true}]}}