{"id":12408,"date":"2024-06-10T10:58:46","date_gmt":"2024-06-10T08:58:46","guid":{"rendered":"https:\/\/www.miamedicalitalia.it\/?post_type=product&#038;p=12408"},"modified":"2026-02-12T17:04:26","modified_gmt":"2026-02-12T15:04:26","slug":"noleggio-seggiolone-polifunzionale-basculante-elettrico","status":"publish","type":"product","link":"https:\/\/www.miamedicalitalia.it\/fr\/produit\/noleggio-seggiolone-polifunzionale-basculante-elettrico\/","title":{"rendered":"Location d'une chaise haute \u00e9lectrique multifonctionnelle"},"content":{"rendered":"<h3 class=\"wp-block-heading\" id=\"h-noleggio-seggiolone-polifunzionale-basculante-per-disabili\"><strong>Location d'une chaise haute basculante multifonctionnelle pour handicap\u00e9s<\/strong><\/h3>\n\n\n\n<p>Pratique et confortable, le <strong>chaise haute multifonctionnelle \u00e0 louer <\/strong>avec dossier inclinable et syst\u00e8me d'inclinaison facile avec t\u00e9l\u00e9commande, il est enti\u00e8rement r\u00e9glable, amovible et confortable.<strong> coussins anti-escarres.<\/strong> <\/p>\n\n\n\n<p>Il s'agit d'un <strong>syst\u00e8me de posture multifonctionnel<\/strong>et qui permet de positionner correctement la personne en fonction de ses besoins. Un syst\u00e8me simple qui s'active \u00e0 l'aide d'une t\u00e9l\u00e9commande et qui permet de basculer l'ensemble du si\u00e8ge en position allong\u00e9e.<\/p>\n\n\n\n<p>Le positionnement correct du patient est garanti de mani\u00e8re ind\u00e9pendante,<strong> \u00e0 tout moment de la journ\u00e9e.<\/strong><\/p>\n\n\n\n<p>Il ne s'agit pas seulement de <strong>un syst\u00e8me de si\u00e8ges<\/strong>mais gr\u00e2ce \u00e0 son <strong>polyfonctionnalit\u00e9 \u00e9lectrique s<\/strong>fait \u00e9galement office de chaise haute, de <strong>chaise ergonomique posturale.\u00a0<\/strong><\/p>\n\n\n\n<p><strong>ATTENTION<\/strong> : la chaise haute \u00e9lectrique multifonctionnelle n'est pas pliable.<\/p>\n\n\n\n<p class=\"wp-block-heading\" id=\"h-affitto-e-noleggio-del-seggiolone-polifunzionale-a-roma-e-provincia-e-firenze-e-provincia-prenota-online-subito-il-noleggio-del-seggiolone-polifunzionale\"><strong>Location de chaises hautes multifonctionnelles \u00e0 Rome et en province et \u00e0 Florence et en province. R\u00e9servez d\u00e8s maintenant votre location de chaise haute multifonctionnelle en ligne.<\/strong><\/p>","protected":false},"excerpt":{"rendered":"<div style=\"font-family: Arial, sans-serif; background-color: #234091; padding: 30px; border-radius: 25px; max-width: 600px; color: #ffffff; position: relative; border-top: 6px solid #2498fe;\">\n<h3 style=\"color: #ffffff; margin-top: 0;\">Chaise haute multifonctionnelle<\/h3>\n<p>Location de chaises hautes multifonctionnelles \u00e0 Rome et en province et \u00e0 Florence et en province.<\/p>\n<p>Livraison \u00e0 partir de 35 \u20ac.<\/p>\n<p>L'enl\u00e8vement \u00e0 l'entrep\u00f4t est gratuit.<\/p>\n<p>Voir aussi la version manuelle :<br \/>\n    <a href=\"https:\/\/www.miamedicalitalia.it\/fr\/produit\/noleggio-seggiolone-polifunzionale-basculante\/\" target=\"_blank\" style=\"color: #ffffff; font-weight: bold; text-decoration: underline;\"><br \/>\n      chaise haute basculante multifonctionnelle<br \/>\n    <\/a>\n  <\/p>\n<p> <!-- Deposito --><\/p>\n<div style=\"margin-top:20px; background-color:#ffffff; color:#234091; padding:15px; border-radius:15px;\">\n<h4 style=\"margin:0 0 10px 0; font-size:16px;\">D\u00e9p\u00f4t de garantie requis : <span style=\"color:#c43b3b; font-weight:bold;\">300\u20ac<\/span><\/h4>\n<p style=\"margin:0; font-size:14px;\">Pour la location de cet article, un <strong>D\u00e9p\u00f4t de garantie de 300 \u20ac.<\/strong>.\n  <\/div>\n<\/div>\n<p><!-- Linea bianca sotto --><\/p>\n<div style=\"height: 6px; background-color: #ffffff; max-width: 600px;\"><\/div>","protected":false},"featured_media":14438,"template":"","meta":{"_acf_changed":false},"home-category":[],"product_brand":[],"product_cat":[68,71],"product_tag":[220,219],"woo-feed-brand":[],"class_list":{"0":"post-12408","1":"product","2":"type-product","3":"status-publish","4":"has-post-thumbnail","6":"product_cat-affitto-e-noleggio-carrozzina","7":"product_cat-noleggio-e-affitto-carrozzina-elettrica-e-scooter","8":"product_tag-affitto-a-roma-e-firenze","9":"product_tag-noleggio-affitto-carrozzina-basculante-seggiolone-polifunzionale","10":"wcpa_has_options","12":"first","13":"instock","14":"shipping-taxable","15":"purchasable","16":"product-type-variable"},"acf":[],"yoast_head":"<!-- This site is optimized with the Yoast SEO Premium plugin v27.5 (Yoast SEO v27.5) - https:\/\/yoast.com\/product\/yoast-seo-premium-wordpress\/ -->\n<title>Noleggio Seggiolone Polifunzionale basculante per disabili<\/title>\n<meta name=\"description\" content=\"Noleggio, affitto, seggiolone polifunzionale per disabili. Disponibilit\u00e0 immediata a Roma e Firenze e Provincia .Prenota online. Migliore Prezzo Garantito.\" \/>\n<meta name=\"robots\" content=\"index, follow, max-snippet:-1, max-image-preview:large, max-video-preview:-1\" \/>\n<link rel=\"canonical\" href=\"https:\/\/www.miamedicalitalia.it\/fr\/produit\/noleggio-seggiolone-polifunzionale-basculante-elettrico\/\" \/>\n<meta property=\"og:locale\" content=\"fr_FR\" \/>\n<meta property=\"og:type\" content=\"article\" \/>\n<meta property=\"og:title\" content=\"Noleggio Seggiolone Polifunzionale basculante per disabili\" \/>\n<meta property=\"og:description\" content=\"Noleggio, affitto, seggiolone polifunzionale per disabili. Disponibilit\u00e0 immediata a Roma e Firenze e Provincia .Prenota online. Migliore Prezzo Garantito.\" \/>\n<meta property=\"og:url\" content=\"https:\/\/www.miamedicalitalia.it\/fr\/produit\/noleggio-seggiolone-polifunzionale-basculante-elettrico\/\" \/>\n<meta property=\"og:site_name\" content=\"Mia Medical\" \/>\n<meta property=\"article:publisher\" content=\"https:\/\/www.facebook.com\/miamedicalitalia\" \/>\n<meta property=\"article:modified_time\" content=\"2026-02-12T15:04:26+00:00\" \/>\n<meta property=\"og:image\" content=\"https:\/\/www.miamedicalitalia.it\/wp-content\/uploads\/2024\/06\/Seggiolone-elettrico-polifunzionale.png\" \/>\n\t<meta property=\"og:image:width\" content=\"1000\" \/>\n\t<meta property=\"og:image:height\" content=\"1000\" \/>\n\t<meta property=\"og:image:type\" content=\"image\/png\" \/>\n<meta name=\"twitter:card\" content=\"summary_large_image\" \/>\n<meta name=\"twitter:label1\" content=\"Dur\u00e9e de lecture estim\u00e9e\" \/>\n\t<meta name=\"twitter:data1\" content=\"1 minute\" \/>\n<script type=\"application\/ld+json\" class=\"yoast-schema-graph\">{\"@context\":\"https:\\\/\\\/schema.org\",\"@graph\":[{\"@type\":\"WebPage\",\"@id\":\"https:\\\/\\\/www.miamedicalitalia.it\\\/prodotto\\\/noleggio-seggiolone-polifunzionale-basculante-elettrico\\\/\",\"url\":\"https:\\\/\\\/www.miamedicalitalia.it\\\/prodotto\\\/noleggio-seggiolone-polifunzionale-basculante-elettrico\\\/\",\"name\":\"Noleggio Seggiolone Polifunzionale basculante per disabili\",\"isPartOf\":{\"@id\":\"https:\\\/\\\/www.miamedicalitalia.it\\\/#website\"},\"primaryImageOfPage\":{\"@id\":\"https:\\\/\\\/www.miamedicalitalia.it\\\/prodotto\\\/noleggio-seggiolone-polifunzionale-basculante-elettrico\\\/#primaryimage\"},\"image\":{\"@id\":\"https:\\\/\\\/www.miamedicalitalia.it\\\/prodotto\\\/noleggio-seggiolone-polifunzionale-basculante-elettrico\\\/#primaryimage\"},\"thumbnailUrl\":\"https:\\\/\\\/www.miamedicalitalia.it\\\/wp-content\\\/uploads\\\/2024\\\/06\\\/Seggiolone-elettrico-polifunzionale.png\",\"datePublished\":\"2024-06-10T08:58:46+00:00\",\"dateModified\":\"2026-02-12T15:04:26+00:00\",\"description\":\"Noleggio, affitto, seggiolone polifunzionale per disabili. Disponibilit\u00e0 immediata a Roma e Firenze e Provincia .Prenota online. Migliore Prezzo Garantito.\",\"breadcrumb\":{\"@id\":\"https:\\\/\\\/www.miamedicalitalia.it\\\/prodotto\\\/noleggio-seggiolone-polifunzionale-basculante-elettrico\\\/#breadcrumb\"},\"inLanguage\":\"fr-FR\",\"potentialAction\":[{\"@type\":\"ReadAction\",\"target\":[\"https:\\\/\\\/www.miamedicalitalia.it\\\/prodotto\\\/noleggio-seggiolone-polifunzionale-basculante-elettrico\\\/\"]}]},{\"@type\":\"ImageObject\",\"inLanguage\":\"fr-FR\",\"@id\":\"https:\\\/\\\/www.miamedicalitalia.it\\\/prodotto\\\/noleggio-seggiolone-polifunzionale-basculante-elettrico\\\/#primaryimage\",\"url\":\"https:\\\/\\\/www.miamedicalitalia.it\\\/wp-content\\\/uploads\\\/2024\\\/06\\\/Seggiolone-elettrico-polifunzionale.png\",\"contentUrl\":\"https:\\\/\\\/www.miamedicalitalia.it\\\/wp-content\\\/uploads\\\/2024\\\/06\\\/Seggiolone-elettrico-polifunzionale.png\",\"width\":1000,\"height\":1000},{\"@type\":\"BreadcrumbList\",\"@id\":\"https:\\\/\\\/www.miamedicalitalia.it\\\/prodotto\\\/noleggio-seggiolone-polifunzionale-basculante-elettrico\\\/#breadcrumb\",\"itemListElement\":[{\"@type\":\"ListItem\",\"position\":1,\"name\":\"Home\",\"item\":\"https:\\\/\\\/www.miamedicalitalia.it\\\/\"},{\"@type\":\"ListItem\",\"position\":2,\"name\":\"Shop\",\"item\":\"https:\\\/\\\/www.miamedicalitalia.it\\\/negozio\\\/\"},{\"@type\":\"ListItem\",\"position\":3,\"name\":\"Affitto e noleggio\",\"item\":\"https:\\\/\\\/www.miamedicalitalia.it\\\/categoria\\\/affitto-e-noleggio-ausili\\\/\"},{\"@type\":\"ListItem\",\"position\":4,\"name\":\"Carrozzine\",\"item\":\"https:\\\/\\\/www.miamedicalitalia.it\\\/categoria\\\/affitto-e-noleggio-ausili\\\/affitto-e-noleggio-carrozzina\\\/\"},{\"@type\":\"ListItem\",\"position\":5,\"name\":\"Noleggio seggiolone elettrico polifunzionale\"}]},{\"@type\":\"WebSite\",\"@id\":\"https:\\\/\\\/www.miamedicalitalia.it\\\/#website\",\"url\":\"https:\\\/\\\/www.miamedicalitalia.it\\\/\",\"name\":\"www.miamedicalitalia.it\",\"description\":\"Noleggio e Vendita Attrezzatura Sanitarie\",\"publisher\":{\"@id\":\"https:\\\/\\\/www.miamedicalitalia.it\\\/#organization\"},\"potentialAction\":[{\"@type\":\"SearchAction\",\"target\":{\"@type\":\"EntryPoint\",\"urlTemplate\":\"https:\\\/\\\/www.miamedicalitalia.it\\\/?s={search_term_string}\"},\"query-input\":{\"@type\":\"PropertyValueSpecification\",\"valueRequired\":true,\"valueName\":\"search_term_string\"}}],\"inLanguage\":\"fr-FR\"},{\"@type\":\"Organization\",\"@id\":\"https:\\\/\\\/www.miamedicalitalia.it\\\/#organization\",\"name\":\"OLG\",\"url\":\"https:\\\/\\\/www.miamedicalitalia.it\\\/\",\"logo\":{\"@type\":\"ImageObject\",\"inLanguage\":\"fr-FR\",\"@id\":\"https:\\\/\\\/www.miamedicalitalia.it\\\/#\\\/schema\\\/logo\\\/image\\\/\",\"url\":\"https:\\\/\\\/www.miamedicalitalia.it\\\/wp-content\\\/uploads\\\/2023\\\/04\\\/mia-medical-logo-free.png\",\"contentUrl\":\"https:\\\/\\\/www.miamedicalitalia.it\\\/wp-content\\\/uploads\\\/2023\\\/04\\\/mia-medical-logo-free.png\",\"width\":700,\"height\":700,\"caption\":\"OLG\"},\"image\":{\"@id\":\"https:\\\/\\\/www.miamedicalitalia.it\\\/#\\\/schema\\\/logo\\\/image\\\/\"},\"sameAs\":[\"https:\\\/\\\/www.facebook.com\\\/miamedicalitalia\"]}]}<\/script>\n<!-- \/ Yoast SEO Premium plugin. -->","yoast_head_json":{"title":"Location de chaise haute multifonctionnelle inclinable pour personnes handicap\u00e9es","description":"Location, location, chaise haute multifonctionnelle pour personnes handicap\u00e9es. Disponibilit\u00e9 imm\u00e9diate \u00e0 Rome et Florence et dans leur province. R\u00e9servez en ligne. Meilleur prix garanti.","robots":{"index":"index","follow":"follow","max-snippet":"max-snippet:-1","max-image-preview":"max-image-preview:large","max-video-preview":"max-video-preview:-1"},"canonical":"https:\/\/www.miamedicalitalia.it\/fr\/produit\/noleggio-seggiolone-polifunzionale-basculante-elettrico\/","og_locale":"fr_FR","og_type":"article","og_title":"Noleggio Seggiolone Polifunzionale basculante per disabili","og_description":"Noleggio, affitto, seggiolone polifunzionale per disabili. Disponibilit\u00e0 immediata a Roma e Firenze e Provincia .Prenota online. Migliore Prezzo Garantito.","og_url":"https:\/\/www.miamedicalitalia.it\/fr\/produit\/noleggio-seggiolone-polifunzionale-basculante-elettrico\/","og_site_name":"Mia Medical","article_publisher":"https:\/\/www.facebook.com\/miamedicalitalia","article_modified_time":"2026-02-12T15:04:26+00:00","og_image":[{"width":1000,"height":1000,"url":"https:\/\/www.miamedicalitalia.it\/wp-content\/uploads\/2024\/06\/Seggiolone-elettrico-polifunzionale.png","type":"image\/png"}],"twitter_card":"summary_large_image","twitter_misc":{"Dur\u00e9e de lecture estim\u00e9e":"1 minute"},"schema":{"@context":"https:\/\/schema.org","@graph":[{"@type":"WebPage","@id":"https:\/\/www.miamedicalitalia.it\/prodotto\/noleggio-seggiolone-polifunzionale-basculante-elettrico\/","url":"https:\/\/www.miamedicalitalia.it\/prodotto\/noleggio-seggiolone-polifunzionale-basculante-elettrico\/","name":"Location de chaise haute multifonctionnelle inclinable pour personnes handicap\u00e9es","isPartOf":{"@id":"https:\/\/www.miamedicalitalia.it\/#website"},"primaryImageOfPage":{"@id":"https:\/\/www.miamedicalitalia.it\/prodotto\/noleggio-seggiolone-polifunzionale-basculante-elettrico\/#primaryimage"},"image":{"@id":"https:\/\/www.miamedicalitalia.it\/prodotto\/noleggio-seggiolone-polifunzionale-basculante-elettrico\/#primaryimage"},"thumbnailUrl":"https:\/\/www.miamedicalitalia.it\/wp-content\/uploads\/2024\/06\/Seggiolone-elettrico-polifunzionale.png","datePublished":"2024-06-10T08:58:46+00:00","dateModified":"2026-02-12T15:04:26+00:00","description":"Location, location, chaise haute multifonctionnelle pour personnes handicap\u00e9es. Disponibilit\u00e9 imm\u00e9diate \u00e0 Rome et Florence et dans leur province. R\u00e9servez en ligne. Meilleur prix garanti.","breadcrumb":{"@id":"https:\/\/www.miamedicalitalia.it\/prodotto\/noleggio-seggiolone-polifunzionale-basculante-elettrico\/#breadcrumb"},"inLanguage":"fr-FR","potentialAction":[{"@type":"ReadAction","target":["https:\/\/www.miamedicalitalia.it\/prodotto\/noleggio-seggiolone-polifunzionale-basculante-elettrico\/"]}]},{"@type":"ImageObject","inLanguage":"fr-FR","@id":"https:\/\/www.miamedicalitalia.it\/prodotto\/noleggio-seggiolone-polifunzionale-basculante-elettrico\/#primaryimage","url":"https:\/\/www.miamedicalitalia.it\/wp-content\/uploads\/2024\/06\/Seggiolone-elettrico-polifunzionale.png","contentUrl":"https:\/\/www.miamedicalitalia.it\/wp-content\/uploads\/2024\/06\/Seggiolone-elettrico-polifunzionale.png","width":1000,"height":1000},{"@type":"BreadcrumbList","@id":"https:\/\/www.miamedicalitalia.it\/prodotto\/noleggio-seggiolone-polifunzionale-basculante-elettrico\/#breadcrumb","itemListElement":[{"@type":"ListItem","position":1,"name":"Home","item":"https:\/\/www.miamedicalitalia.it\/"},{"@type":"ListItem","position":2,"name":"Shop","item":"https:\/\/www.miamedicalitalia.it\/negozio\/"},{"@type":"ListItem","position":3,"name":"Affitto e noleggio","item":"https:\/\/www.miamedicalitalia.it\/categoria\/affitto-e-noleggio-ausili\/"},{"@type":"ListItem","position":4,"name":"Carrozzine","item":"https:\/\/www.miamedicalitalia.it\/categoria\/affitto-e-noleggio-ausili\/affitto-e-noleggio-carrozzina\/"},{"@type":"ListItem","position":5,"name":"Noleggio seggiolone elettrico polifunzionale"}]},{"@type":"WebSite","@id":"https:\/\/www.miamedicalitalia.it\/#website","url":"https:\/\/www.miamedicalitalia.it\/","name":"www.miamedicalitalia.it","description":"Location et vente d'\u00e9quipements sanitaires","publisher":{"@id":"https:\/\/www.miamedicalitalia.it\/#organization"},"potentialAction":[{"@type":"SearchAction","target":{"@type":"EntryPoint","urlTemplate":"https:\/\/www.miamedicalitalia.it\/?s={search_term_string}"},"query-input":{"@type":"PropertyValueSpecification","valueRequired":true,"valueName":"search_term_string"}}],"inLanguage":"fr-FR"},{"@type":"Organization","@id":"https:\/\/www.miamedicalitalia.it\/#organization","name":"OLG","url":"https:\/\/www.miamedicalitalia.it\/","logo":{"@type":"ImageObject","inLanguage":"fr-FR","@id":"https:\/\/www.miamedicalitalia.it\/#\/schema\/logo\/image\/","url":"https:\/\/www.miamedicalitalia.it\/wp-content\/uploads\/2023\/04\/mia-medical-logo-free.png","contentUrl":"https:\/\/www.miamedicalitalia.it\/wp-content\/uploads\/2023\/04\/mia-medical-logo-free.png","width":700,"height":700,"caption":"OLG"},"image":{"@id":"https:\/\/www.miamedicalitalia.it\/#\/schema\/logo\/image\/"},"sameAs":["https:\/\/www.facebook.com\/miamedicalitalia"]}]}},"wcpa_form_fields":{"wcpaData":{"product":{"product_price":90,"price_html":"<span class=\"woocommerce-Price-amount amount\" aria-hidden=\"true\"><bdi><span class=\"woocommerce-Price-currencySymbol\">&euro;<\/span>90.00<\/bdi><\/span> <span aria-hidden=\"true\">\u00a0\u2013\u00a0<\/span> <span class=\"woocommerce-Price-amount amount\" aria-hidden=\"true\"><bdi><span class=\"woocommerce-Price-currencySymbol\">&euro;<\/span>315.00<\/bdi><\/span><span class=\"screen-reader-text\">Plage de prix\u00a0: &euro;90.00 \u00e0 &euro;315.00<\/span>","original_product_price":90,"price_including_tax":90,"price_excluding_tax":90,"product_id":{"parent":12408,"variation":false},"is_variable":true,"stock_status":"instock","stock_quantity":null,"parent_sku":"","product_attributes":{"quanto-costa":{"is_variation":true,"values":[]}},"custom_fields":[],"is_taxable":false,"product_name":"Noleggio seggiolone elettrico polifunzionale","hasImage":false},"fields":{"sec_565f165582eb8c":{"extra":{"key":"sec_565f165582eb8c","section_id":"sec_565f165582eb8c","name":"Predefinito","status":1,"toggle":true,"form_id":12050,"form_rules":{"exclude_from_discount":false,"fee_label":"Fee","disp_hide_options_price":false,"disp_show_section_price":false,"disp_show_field_price":true,"layout_option":"standard","pric_use_as_fee":false,"process_fee_as":"woo_fee"},"layout_option":"standard"},"fields":[[{"active":true,"col":6,"relations":false,"cl_rule":"show","enableCl":false,"price":"","enablePrice":false,"className":"input-text","type":"date","required":true,"elementId":"date_3189538061","name":"date_3189538061","label":"A partire dal giorno:","picker_type":"custom","picker_mode":"single","error":false,"description":"Inserisci la data di inizio del noleggio","gt_translate_keys":["label","description"],"price_dependency":false,"cl_dependency":false,"value":""}]]}},"config":{"price_override":"","enable_recaptcha":false,"bind_quantity":false,"quantity_bind_formula":false,"disp_summ_show_option_price":true,"disp_summ_show_product_price":true,"disp_summ_show_total_price":true,"disp_summ_show_fee":false,"disp_summ_show_discount":false,"summary_title":"","options_total_label":"Options Price","total_label":"Total","options_product_label":"Product Price","fee_label":"Fee","discount_label":"Discount","has_price":true,"has_quantity_formula":false},"mc_unit":1,"tax_rate":1,"tax_rate_real":1,"discount":{"percentage":0,"fixed":0},"design":{"conf":{"LabelPosition":"above","DescPosition":"below","UploadField":"custom_1","QuantityFieldStyle":"default"},"css":{"LeftLabelWidth":"50px"}},"formulas":[],"lookuptables":[],"clones":false,"cartKey":false}},"_links":{"self":[{"href":"https:\/\/www.miamedicalitalia.it\/fr\/wp-json\/wp\/v2\/product\/12408","targetHints":{"allow":["GET"]}}],"collection":[{"href":"https:\/\/www.miamedicalitalia.it\/fr\/wp-json\/wp\/v2\/product"}],"about":[{"href":"https:\/\/www.miamedicalitalia.it\/fr\/wp-json\/wp\/v2\/types\/product"}],"wp:featuredmedia":[{"embeddable":true,"href":"https:\/\/www.miamedicalitalia.it\/fr\/wp-json\/wp\/v2\/media\/14438"}],"wp:attachment":[{"href":"https:\/\/www.miamedicalitalia.it\/fr\/wp-json\/wp\/v2\/media?parent=12408"}],"wp:term":[{"taxonomy":"home-category","embeddable":true,"href":"https:\/\/www.miamedicalitalia.it\/fr\/wp-json\/wp\/v2\/home-category?post=12408"},{"taxonomy":"product_brand","embeddable":true,"href":"https:\/\/www.miamedicalitalia.it\/fr\/wp-json\/wp\/v2\/product_brand?post=12408"},{"taxonomy":"product_cat","embeddable":true,"href":"https:\/\/www.miamedicalitalia.it\/fr\/wp-json\/wp\/v2\/product_cat?post=12408"},{"taxonomy":"product_tag","embeddable":true,"href":"https:\/\/www.miamedicalitalia.it\/fr\/wp-json\/wp\/v2\/product_tag?post=12408"},{"taxonomy":"woo-feed-brand","embeddable":true,"href":"https:\/\/www.miamedicalitalia.it\/fr\/wp-json\/wp\/v2\/woo-feed-brand?post=12408"}],"curies":[{"name":"wp","href":"https:\/\/api.w.org\/{rel}","templated":true}]}}