{"id":12347,"date":"2024-05-27T22:31:55","date_gmt":"2024-05-27T20:31:55","guid":{"rendered":"https:\/\/www.miamedicalitalia.it\/?post_type=product&#038;p=12347"},"modified":"2026-01-07T11:59:26","modified_gmt":"2026-01-07T09:59:26","slug":"noleggio-sollevatore-elettrico-soft-pieghevole-da-bagno","status":"publish","type":"product","link":"https:\/\/www.miamedicalitalia.it\/fr\/produit\/noleggio-sollevatore-elettrico-soft-pieghevole-da-bagno\/","title":{"rendered":"Location d'un \u00e9l\u00e9vateur de bain \u00e9lectrique SOFT"},"content":{"rendered":"<p><strong>L'\u00e9l\u00e9vateur \u00e9lectrique pliable SOFT a un faible encombrement, seulement 28 cm de profondeur lorsqu'il est pli\u00e9, <\/strong>est un <strong>sollevatore elettrico per anziani e persone con disabilit\u00e0 <\/strong>&nbsp;dot\u00e9 d'un&nbsp;<strong>syst\u00e8me de levage unique<\/strong>qui, en deux mouvements, vous permet de <strong>sortir le patient de son lit,<\/strong> l'accompagner facilement aux toilettes et le faire monter dans la voiture.<\/p>\n\n\n\n<h4 class=\"wp-block-heading\" id=\"h-caratteristiche-tecniche-del-sollevatore-soft-per-anziani\">Caract\u00e9ristiques techniques du l\u00e8ve-personne SOFT pour personnes \u00e2g\u00e9es<\/h4>\n\n\n\n<ul class=\"wp-block-list\">\n<li><strong>Syst\u00e8me de levage \u00e9lectrique avec commande manuelle<\/strong><\/li>\n\n\n\n<li><strong>Harnais souple, confortable et lavable<\/strong><\/li>\n\n\n\n<li><strong>Structure pliante<\/strong>&nbsp;- seulement&nbsp;<strong>27 cm de profondeur<\/strong>&nbsp;\u00e0 l'\u00e9tat ferm\u00e9<\/li>\n\n\n\n<li><strong>Hauteur r\u00e9glable<\/strong>&nbsp;40 \u00e0 73 cm<\/li>\n\n\n\n<li><strong>Largeur \u00e0 l'ouverture<\/strong>: 63 cm -&nbsp;<strong>passe facilement par des portes de 53 cm<\/strong><\/li>\n\n\n\n<li><strong>Longueur<\/strong>73 cm<\/li>\n\n\n\n<li><strong>Poids de l'appareil<\/strong>28 kg<\/li>\n\n\n\n<li><strong>D\u00e9bit maximal<\/strong>150 kg<\/li>\n\n\n\n<li><strong>Roulettes pivotantes<\/strong>&nbsp;pour une man\u0153uvre ais\u00e9e<\/li>\n\n\n\n<li><strong>Faible encombrement<\/strong>&nbsp;- id\u00e9al m\u00eame dans les petites pi\u00e8ces<\/li>\n<\/ul>\n\n\n\n<h4 class=\"wp-block-heading\" id=\"h-a-chi-e-rivolto-il-sollevatore-elettrico-soft\">A qui s'adresse le l\u00e8ve-personne \u00e9lectrique SOFT<\/h4>\n\n\n\n<p>L'ascenseur SOFT est con\u00e7u pour :<\/p>\n\n\n\n<ul class=\"wp-block-list\">\n<li>Qui a besoin d'une aide pour accompagner une personne assist\u00e9e dans la voiture ?<\/li>\n\n\n\n<li>Famiglie che assistono persone con disabilit\u00e0 o difficolt\u00e0 motorie in casa<\/li>\n\n\n\n<li>\u00c9tablissements de sant\u00e9, maisons de retraite ou RSA<\/li>\n\n\n\n<li>Travailleurs \u00e0 domicile et soignants professionnels<\/li>\n\n\n\n<li>Pratiques de physioth\u00e9rapie et environnements de r\u00e9adaptation<\/li>\n<\/ul>\n\n\n\n<h4 class=\"wp-block-heading\" id=\"h-attivita-quotidiane-per-cui-il-sollevatore-per-anziani-o-persone-con-disabilita-e-di-aiuto\">Attivit\u00e0 quotidiane per cui il sollevatore per anziani o persone con disabilit\u00e0 \u00e8 di aiuto\u00a0<\/h4>\n\n\n\n<ul class=\"wp-block-list\">\n<li><em>D\u00e9placer la personne du lit, la faire se lever ou s'allonger sur le lit<\/em><\/li>\n\n\n\n<li><em>Accompagner la personne aux toilettes<\/em><\/li>\n\n\n\n<li><em>&nbsp;S'asseoir ou d\u00e9placer la personne de la chaise, de la chaise confortable et du fauteuil roulant<\/em><\/li>\n\n\n\n<li><em>D\u00e9placement de la personne \u00e0 l'int\u00e9rieur du domicile<\/em><\/li>\n\n\n\n<li><em>Accommoder la personne dans la voiture<\/em><\/li>\n<\/ul>\n\n\n\n<p>En savoir plus sur notre&nbsp;<strong><a href=\"https:\/\/www.miamedicalitalia.it\/fr\/categoria\/affitto-e-noleggio-ausili\/\">site tous les mod\u00e8les et aides disponibles : des outils con\u00e7us pour accompagner chaque jour les personnes vers une nouvelle autonomie.<\/a><\/strong><br><br>Chaque jour, nous nous effor\u00e7ons de fournir \u00e0 nos clients tous les outils n\u00e9cessaires aux soins \u00e0 domicile, afin qu'ils puissent recevoir les soins dont ils ont besoin, entour\u00e9s de l'affection de leurs proches.&nbsp;<br><br>Nos aides sont soigneusement s\u00e9lectionn\u00e9es aupr\u00e8s des meilleurs fournisseurs afin de garantir un service de qualit\u00e9.&nbsp;<strong>un service de qualit\u00e9 sup\u00e9rieure, avec une assistance constante de nos professionnels, une livraison rapide \u00e0 domicile en 24\/48 heures.<\/strong> Appelez-nous au +39 392 65 09 237 !<\/p>\n\n\n\n<h4 class=\"wp-block-heading\" id=\"h-perche-scegliere-il-servizio-di-noleggio-di-m-i-a-medical-italia-come-tuo-alleato\">Perch\u00e9 scegliere il servizio di noleggio di M.I.A. Medical Italia come tuo alleato?<\/h4>\n\n\n\n<p>Choisissez Mia Medical Italia pour votre location :<\/p>\n\n\n\n<ul class=\"wp-block-list\">\n<li>Hai&nbsp;<strong>assistance personnalis\u00e9e<\/strong>&nbsp;et la livraison de l'appareil directement \u00e0&nbsp;<strong>clinique, h\u00f4pital ou appartement<\/strong>.<\/li>\n\n\n\n<li>Trouver des appareils&nbsp;<strong>aseptis\u00e9, s\u00fbr et contr\u00f4l\u00e9<\/strong>&nbsp;par du personnel qualifi\u00e9.<\/li>\n\n\n\n<li>Hai&nbsp;<strong>un soutien local imm\u00e9diat<\/strong>\u00e0 Rome et \u00e0 Florence.<\/li>\n\n\n\n<li>R\u00e9servez facilement, avec des tarifs transparents et des options flexibles, m\u00eame pour plusieurs jours.<\/li>\n\n\n\n<li><strong><a href=\"https:\/\/www.morettispa.com\/prodotto\/sollevatore-elettrico-muevo-home-portata-max-135-kg-copia\/\">Appareils de derni\u00e8re g\u00e9n\u00e9ration et meilleure qualit\u00e9 sur le march\u00e9<\/a><\/strong><\/li>\n<\/ul>\n\n\n\n<h4 class=\"wp-block-heading\" id=\"h-come-contattarci-nbsp\">Comment nous contacter&nbsp;<\/h4>\n\n\n\n<p><strong><a href=\"https:\/\/wa.me\/393926509237\">Contactez nous<\/a><\/strong>&nbsp;d\u00e8s aujourd'hui pour conna\u00eetre les disponibilit\u00e9s et obtenir un devis. Et si nous ne vous avons toujours pas convaincu, appelez-nous d\u00e8s maintenant au&nbsp;<strong><a href=\"https:\/\/wa.me\/393926509237\">+39 392 65 09 237.<\/a><\/strong>&nbsp;Notre&nbsp;<strong>\u00e9quipe de sp\u00e9cialistes<\/strong>&nbsp;de l'industrie seront pr\u00eats \u00e0 r\u00e9pondre \u00e0 toutes vos questions et \u00e0 dissiper vos doutes.&nbsp;<strong>Contactez nous&nbsp;<\/strong>d\u00e8s aujourd'hui pour obtenir une consultation gratuite et sans engagement et laisser nos experts vous guider vers une exp\u00e9rience de location personnalis\u00e9e et adapt\u00e9e \u00e0 vos besoins.<\/p>\n\n\n\n<p><a href=\"https:\/\/www.miamedicalitalia.it\/fr\/mia-medical-condizioni-di-noleggio-dei-nostri-ausili-medicali\/?_gl=1*hr9jjl*_up*MQ..*_ga*MTUxMzgwNzg3Ni4xNzQ0NDY0NDE1*_ga_D9FZ9V3LL7*MTc0NDQ2NDQxNC4xLjEuMTc0NDQ2NDc5MC4wLjAuMA..\">Remarque : voir nos conditions de location<\/a>.<\/p>","protected":false},"excerpt":{"rendered":"<div style=\"font-family: Arial, sans-serif; background-color: #234091; padding: 30px; border-radius: 25px; max-width: 600px; color: #ffffff; position: relative; border-top: 6px solid #2498fe;\">\n<h3 style=\"margin-top: 0; margin-bottom: 15px; color: #ffffff;\">Location d'un palan \u00e9lectrique avec si\u00e8ge et \u00e9lingue.<\/h3>\n<p>Consegna a Roma e Firenze a partire da 45\u20ac.<\/p>\n<p><strong>Livraison gratuite<\/strong> pour des locations de 45 jours !<\/p>\n<p><strong>Aucun d\u00e9p\u00f4t n'est requis.<\/strong><\/p>\n<p>La livraison et l'enl\u00e8vement de l'entrep\u00f4t sont <strong>GRATUIT !<\/strong><\/p>\n<\/div>\n<p><!-- Linea bianca sotto --><\/p>\n<div style=\"height: 6px; background-color: #ffffff; max-width: 600px;\">\u00a0<\/div>","protected":false},"featured_media":14127,"template":"","meta":{"_acf_changed":false},"home-category":[263],"product_brand":[],"product_cat":[81],"product_tag":[237,238,236,235,212,213],"woo-feed-brand":[],"class_list":{"0":"post-12347","1":"product","2":"type-product","3":"status-publish","4":"has-post-thumbnail","6":"home-category-ausili","7":"product_cat-noleggio-sollevatori","8":"product_tag-affitto-sollevatore-elettrico","9":"product_tag-imbragatura","10":"product_tag-noleggio-sollevatore-elettrico","11":"product_tag-sollevatore-elettrico-tipo-sollievo","12":"product_tag-sollevatore-sollievo-affitto-noleggio","13":"product_tag-sollievo-plus","14":"wcpa_has_options","16":"first","17":"instock","18":"shipping-taxable","19":"purchasable","20":"product-type-variable"},"acf":[],"yoast_head":"<!-- This site is optimized with the Yoast SEO Premium plugin v27.3 (Yoast SEO v27.3) - https:\/\/yoast.com\/product\/yoast-seo-premium-wordpress\/ -->\n<title>Noleggio sollevatore elettrico da bagno nel Lazio e nella Toscana<\/title>\n<meta name=\"description\" content=\"Noleggio, affitto del sollevatore elettrico da bagno pieghevole per anziani e persone con disabilit\u00e0. Chiama subito il 3926509237 !\" \/>\n<meta name=\"robots\" content=\"index, follow, max-snippet:-1, max-image-preview:large, max-video-preview:-1\" \/>\n<link rel=\"canonical\" href=\"https:\/\/www.miamedicalitalia.it\/fr\/produit\/noleggio-sollevatore-elettrico-soft-pieghevole-da-bagno\/\" \/>\n<meta property=\"og:locale\" content=\"fr_FR\" \/>\n<meta property=\"og:type\" content=\"article\" \/>\n<meta property=\"og:title\" content=\"Noleggio sollevatore elettrico da bagno nel Lazio e nella Toscana\" \/>\n<meta property=\"og:description\" content=\"Noleggio, affitto del sollevatore elettrico da bagno pieghevole per anziani e persone con disabilit\u00e0. Chiama subito il 3926509237 !\" \/>\n<meta property=\"og:url\" content=\"https:\/\/www.miamedicalitalia.it\/fr\/produit\/noleggio-sollevatore-elettrico-soft-pieghevole-da-bagno\/\" \/>\n<meta property=\"og:site_name\" content=\"Mia Medical\" \/>\n<meta property=\"article:publisher\" content=\"https:\/\/www.facebook.com\/miamedicalitalia\" \/>\n<meta property=\"article:modified_time\" content=\"2026-01-07T09:59:26+00:00\" \/>\n<meta property=\"og:image\" content=\"https:\/\/www.miamedicalitalia.it\/wp-content\/uploads\/2025\/07\/2.jpg\" \/>\n\t<meta property=\"og:image:width\" content=\"1000\" \/>\n\t<meta property=\"og:image:height\" content=\"1000\" \/>\n\t<meta property=\"og:image:type\" content=\"image\/jpeg\" \/>\n<meta name=\"twitter:card\" content=\"summary_large_image\" \/>\n<meta name=\"twitter:label1\" content=\"Dur\u00e9e de lecture estim\u00e9e\" \/>\n\t<meta name=\"twitter:data1\" content=\"2 minutes\" \/>\n<script type=\"application\/ld+json\" class=\"yoast-schema-graph\">{\"@context\":\"https:\\\/\\\/schema.org\",\"@graph\":[{\"@type\":\"WebPage\",\"@id\":\"https:\\\/\\\/www.miamedicalitalia.it\\\/prodotto\\\/noleggio-sollevatore-elettrico-soft-pieghevole-da-bagno\\\/\",\"url\":\"https:\\\/\\\/www.miamedicalitalia.it\\\/prodotto\\\/noleggio-sollevatore-elettrico-soft-pieghevole-da-bagno\\\/\",\"name\":\"Noleggio sollevatore elettrico da bagno nel Lazio e nella Toscana\",\"isPartOf\":{\"@id\":\"https:\\\/\\\/www.miamedicalitalia.it\\\/#website\"},\"primaryImageOfPage\":{\"@id\":\"https:\\\/\\\/www.miamedicalitalia.it\\\/prodotto\\\/noleggio-sollevatore-elettrico-soft-pieghevole-da-bagno\\\/#primaryimage\"},\"image\":{\"@id\":\"https:\\\/\\\/www.miamedicalitalia.it\\\/prodotto\\\/noleggio-sollevatore-elettrico-soft-pieghevole-da-bagno\\\/#primaryimage\"},\"thumbnailUrl\":\"https:\\\/\\\/www.miamedicalitalia.it\\\/wp-content\\\/uploads\\\/2025\\\/07\\\/2.jpg\",\"datePublished\":\"2024-05-27T20:31:55+00:00\",\"dateModified\":\"2026-01-07T09:59:26+00:00\",\"description\":\"Noleggio, affitto del sollevatore elettrico da bagno pieghevole per anziani e persone con disabilit\u00e0. Chiama subito il 3926509237 !\",\"breadcrumb\":{\"@id\":\"https:\\\/\\\/www.miamedicalitalia.it\\\/prodotto\\\/noleggio-sollevatore-elettrico-soft-pieghevole-da-bagno\\\/#breadcrumb\"},\"inLanguage\":\"fr-FR\",\"potentialAction\":[{\"@type\":\"ReadAction\",\"target\":[\"https:\\\/\\\/www.miamedicalitalia.it\\\/prodotto\\\/noleggio-sollevatore-elettrico-soft-pieghevole-da-bagno\\\/\"]}]},{\"@type\":\"ImageObject\",\"inLanguage\":\"fr-FR\",\"@id\":\"https:\\\/\\\/www.miamedicalitalia.it\\\/prodotto\\\/noleggio-sollevatore-elettrico-soft-pieghevole-da-bagno\\\/#primaryimage\",\"url\":\"https:\\\/\\\/www.miamedicalitalia.it\\\/wp-content\\\/uploads\\\/2025\\\/07\\\/2.jpg\",\"contentUrl\":\"https:\\\/\\\/www.miamedicalitalia.it\\\/wp-content\\\/uploads\\\/2025\\\/07\\\/2.jpg\",\"width\":1000,\"height\":1000},{\"@type\":\"BreadcrumbList\",\"@id\":\"https:\\\/\\\/www.miamedicalitalia.it\\\/prodotto\\\/noleggio-sollevatore-elettrico-soft-pieghevole-da-bagno\\\/#breadcrumb\",\"itemListElement\":[{\"@type\":\"ListItem\",\"position\":1,\"name\":\"Home\",\"item\":\"https:\\\/\\\/www.miamedicalitalia.it\\\/\"},{\"@type\":\"ListItem\",\"position\":2,\"name\":\"Shop\",\"item\":\"https:\\\/\\\/www.miamedicalitalia.it\\\/negozio\\\/\"},{\"@type\":\"ListItem\",\"position\":3,\"name\":\"Affitto e noleggio\",\"item\":\"https:\\\/\\\/www.miamedicalitalia.it\\\/categoria\\\/affitto-e-noleggio-ausili\\\/\"},{\"@type\":\"ListItem\",\"position\":4,\"name\":\"Sollevatori\",\"item\":\"https:\\\/\\\/www.miamedicalitalia.it\\\/categoria\\\/affitto-e-noleggio-ausili\\\/noleggio-sollevatori\\\/\"},{\"@type\":\"ListItem\",\"position\":5,\"name\":\"Noleggio sollevatore elettrico SOFT da bagno\"}]},{\"@type\":\"WebSite\",\"@id\":\"https:\\\/\\\/www.miamedicalitalia.it\\\/#website\",\"url\":\"https:\\\/\\\/www.miamedicalitalia.it\\\/\",\"name\":\"www.miamedicalitalia.it\",\"description\":\"Noleggio e Vendita Attrezzatura Sanitarie\",\"publisher\":{\"@id\":\"https:\\\/\\\/www.miamedicalitalia.it\\\/#organization\"},\"potentialAction\":[{\"@type\":\"SearchAction\",\"target\":{\"@type\":\"EntryPoint\",\"urlTemplate\":\"https:\\\/\\\/www.miamedicalitalia.it\\\/?s={search_term_string}\"},\"query-input\":{\"@type\":\"PropertyValueSpecification\",\"valueRequired\":true,\"valueName\":\"search_term_string\"}}],\"inLanguage\":\"fr-FR\"},{\"@type\":\"Organization\",\"@id\":\"https:\\\/\\\/www.miamedicalitalia.it\\\/#organization\",\"name\":\"OLG\",\"url\":\"https:\\\/\\\/www.miamedicalitalia.it\\\/\",\"logo\":{\"@type\":\"ImageObject\",\"inLanguage\":\"fr-FR\",\"@id\":\"https:\\\/\\\/www.miamedicalitalia.it\\\/#\\\/schema\\\/logo\\\/image\\\/\",\"url\":\"https:\\\/\\\/www.miamedicalitalia.it\\\/wp-content\\\/uploads\\\/2023\\\/04\\\/mia-medical-logo-free.png\",\"contentUrl\":\"https:\\\/\\\/www.miamedicalitalia.it\\\/wp-content\\\/uploads\\\/2023\\\/04\\\/mia-medical-logo-free.png\",\"width\":700,\"height\":700,\"caption\":\"OLG\"},\"image\":{\"@id\":\"https:\\\/\\\/www.miamedicalitalia.it\\\/#\\\/schema\\\/logo\\\/image\\\/\"},\"sameAs\":[\"https:\\\/\\\/www.facebook.com\\\/miamedicalitalia\"]}]}<\/script>\n<!-- \/ Yoast SEO Premium plugin. -->","yoast_head_json":{"title":"Location de l\u00e8ve-personne \u00e9lectrique pour salle de bain dans le Latium et en Toscane","description":"Noleggio, affitto del sollevatore elettrico da bagno pieghevole per anziani e persone con disabilit\u00e0. Chiama subito il 3926509237 !","robots":{"index":"index","follow":"follow","max-snippet":"max-snippet:-1","max-image-preview":"max-image-preview:large","max-video-preview":"max-video-preview:-1"},"canonical":"https:\/\/www.miamedicalitalia.it\/fr\/produit\/noleggio-sollevatore-elettrico-soft-pieghevole-da-bagno\/","og_locale":"fr_FR","og_type":"article","og_title":"Noleggio sollevatore elettrico da bagno nel Lazio e nella Toscana","og_description":"Noleggio, affitto del sollevatore elettrico da bagno pieghevole per anziani e persone con disabilit\u00e0. Chiama subito il 3926509237 !","og_url":"https:\/\/www.miamedicalitalia.it\/fr\/produit\/noleggio-sollevatore-elettrico-soft-pieghevole-da-bagno\/","og_site_name":"Mia Medical","article_publisher":"https:\/\/www.facebook.com\/miamedicalitalia","article_modified_time":"2026-01-07T09:59:26+00:00","og_image":[{"width":1000,"height":1000,"url":"https:\/\/www.miamedicalitalia.it\/wp-content\/uploads\/2025\/07\/2.jpg","type":"image\/jpeg"}],"twitter_card":"summary_large_image","twitter_misc":{"Dur\u00e9e de lecture estim\u00e9e":"2 minutes"},"schema":{"@context":"https:\/\/schema.org","@graph":[{"@type":"WebPage","@id":"https:\/\/www.miamedicalitalia.it\/prodotto\/noleggio-sollevatore-elettrico-soft-pieghevole-da-bagno\/","url":"https:\/\/www.miamedicalitalia.it\/prodotto\/noleggio-sollevatore-elettrico-soft-pieghevole-da-bagno\/","name":"Location de l\u00e8ve-personne \u00e9lectrique pour salle de bain dans le Latium et en Toscane","isPartOf":{"@id":"https:\/\/www.miamedicalitalia.it\/#website"},"primaryImageOfPage":{"@id":"https:\/\/www.miamedicalitalia.it\/prodotto\/noleggio-sollevatore-elettrico-soft-pieghevole-da-bagno\/#primaryimage"},"image":{"@id":"https:\/\/www.miamedicalitalia.it\/prodotto\/noleggio-sollevatore-elettrico-soft-pieghevole-da-bagno\/#primaryimage"},"thumbnailUrl":"https:\/\/www.miamedicalitalia.it\/wp-content\/uploads\/2025\/07\/2.jpg","datePublished":"2024-05-27T20:31:55+00:00","dateModified":"2026-01-07T09:59:26+00:00","description":"Noleggio, affitto del sollevatore elettrico da bagno pieghevole per anziani e persone con disabilit\u00e0. Chiama subito il 3926509237 !","breadcrumb":{"@id":"https:\/\/www.miamedicalitalia.it\/prodotto\/noleggio-sollevatore-elettrico-soft-pieghevole-da-bagno\/#breadcrumb"},"inLanguage":"fr-FR","potentialAction":[{"@type":"ReadAction","target":["https:\/\/www.miamedicalitalia.it\/prodotto\/noleggio-sollevatore-elettrico-soft-pieghevole-da-bagno\/"]}]},{"@type":"ImageObject","inLanguage":"fr-FR","@id":"https:\/\/www.miamedicalitalia.it\/prodotto\/noleggio-sollevatore-elettrico-soft-pieghevole-da-bagno\/#primaryimage","url":"https:\/\/www.miamedicalitalia.it\/wp-content\/uploads\/2025\/07\/2.jpg","contentUrl":"https:\/\/www.miamedicalitalia.it\/wp-content\/uploads\/2025\/07\/2.jpg","width":1000,"height":1000},{"@type":"BreadcrumbList","@id":"https:\/\/www.miamedicalitalia.it\/prodotto\/noleggio-sollevatore-elettrico-soft-pieghevole-da-bagno\/#breadcrumb","itemListElement":[{"@type":"ListItem","position":1,"name":"Home","item":"https:\/\/www.miamedicalitalia.it\/"},{"@type":"ListItem","position":2,"name":"Shop","item":"https:\/\/www.miamedicalitalia.it\/negozio\/"},{"@type":"ListItem","position":3,"name":"Affitto e noleggio","item":"https:\/\/www.miamedicalitalia.it\/categoria\/affitto-e-noleggio-ausili\/"},{"@type":"ListItem","position":4,"name":"Sollevatori","item":"https:\/\/www.miamedicalitalia.it\/categoria\/affitto-e-noleggio-ausili\/noleggio-sollevatori\/"},{"@type":"ListItem","position":5,"name":"Noleggio sollevatore elettrico SOFT da bagno"}]},{"@type":"WebSite","@id":"https:\/\/www.miamedicalitalia.it\/#website","url":"https:\/\/www.miamedicalitalia.it\/","name":"www.miamedicalitalia.it","description":"Location et vente d'\u00e9quipements sanitaires","publisher":{"@id":"https:\/\/www.miamedicalitalia.it\/#organization"},"potentialAction":[{"@type":"SearchAction","target":{"@type":"EntryPoint","urlTemplate":"https:\/\/www.miamedicalitalia.it\/?s={search_term_string}"},"query-input":{"@type":"PropertyValueSpecification","valueRequired":true,"valueName":"search_term_string"}}],"inLanguage":"fr-FR"},{"@type":"Organization","@id":"https:\/\/www.miamedicalitalia.it\/#organization","name":"OLG","url":"https:\/\/www.miamedicalitalia.it\/","logo":{"@type":"ImageObject","inLanguage":"fr-FR","@id":"https:\/\/www.miamedicalitalia.it\/#\/schema\/logo\/image\/","url":"https:\/\/www.miamedicalitalia.it\/wp-content\/uploads\/2023\/04\/mia-medical-logo-free.png","contentUrl":"https:\/\/www.miamedicalitalia.it\/wp-content\/uploads\/2023\/04\/mia-medical-logo-free.png","width":700,"height":700,"caption":"OLG"},"image":{"@id":"https:\/\/www.miamedicalitalia.it\/#\/schema\/logo\/image\/"},"sameAs":["https:\/\/www.facebook.com\/miamedicalitalia"]}]}},"wcpa_form_fields":{"wcpaData":{"product":{"product_price":100,"price_html":"<span class=\"woocommerce-Price-amount amount\" aria-hidden=\"true\"><bdi><span class=\"woocommerce-Price-currencySymbol\">&euro;<\/span>100.00<\/bdi><\/span> <span aria-hidden=\"true\">\u00a0\u2013\u00a0<\/span> <span class=\"woocommerce-Price-amount amount\" aria-hidden=\"true\"><bdi><span class=\"woocommerce-Price-currencySymbol\">&euro;<\/span>240.00<\/bdi><\/span><span class=\"screen-reader-text\">Plage de prix\u00a0: &euro;100.00 \u00e0 &euro;240.00<\/span>","original_product_price":100,"price_including_tax":100,"price_excluding_tax":100,"product_id":{"parent":12347,"variation":false},"is_variable":true,"stock_status":"instock","stock_quantity":null,"parent_sku":"","product_attributes":{"quanto-costa":{"is_variation":true,"values":[]}},"custom_fields":[],"is_taxable":false,"product_name":"Noleggio sollevatore elettrico SOFT da bagno","hasImage":false},"fields":{"sec_565f165582eb8c":{"extra":{"key":"sec_565f165582eb8c","section_id":"sec_565f165582eb8c","name":"Predefinito","status":1,"toggle":true,"form_id":12050,"form_rules":{"exclude_from_discount":false,"fee_label":"Tassa","disp_hide_options_price":false,"disp_show_section_price":false,"disp_show_field_price":true,"layout_option":"standard","pric_use_as_fee":false,"process_fee_as":"woo_fee"},"layout_option":"standard"},"fields":[[{"active":true,"col":6,"relations":false,"cl_rule":"show","enableCl":false,"price":"","enablePrice":false,"className":"input-text","type":"date","required":true,"elementId":"date_3189538061","name":"date_3189538061","label":"A partire dal giorno:","picker_type":"custom","picker_mode":"single","error":false,"description":"Inserisci la data di inizio del noleggio","gt_translate_keys":["label","description"],"price_dependency":false,"cl_dependency":false,"value":""}]]}},"config":{"price_override":"","enable_recaptcha":false,"bind_quantity":false,"quantity_bind_formula":false,"disp_summ_show_option_price":true,"disp_summ_show_product_price":true,"disp_summ_show_total_price":true,"disp_summ_show_fee":false,"disp_summ_show_discount":false,"summary_title":"","options_total_label":"Prezzo delle opzioni","total_label":"Totale","options_product_label":"Prezzo del prodotto","fee_label":"Tassa","discount_label":"Sconto","has_price":true,"has_quantity_formula":false},"mc_unit":1,"tax_rate":1,"tax_rate_real":1,"discount":{"percentage":0,"fixed":0},"design":{"conf":{"LabelPosition":"above","DescPosition":"below","UploadField":"custom_1","QuantityFieldStyle":"default"},"css":{"LeftLabelWidth":"50px"}},"formulas":[],"lookuptables":[],"clones":false,"cartKey":false}},"_links":{"self":[{"href":"https:\/\/www.miamedicalitalia.it\/fr\/wp-json\/wp\/v2\/product\/12347","targetHints":{"allow":["GET"]}}],"collection":[{"href":"https:\/\/www.miamedicalitalia.it\/fr\/wp-json\/wp\/v2\/product"}],"about":[{"href":"https:\/\/www.miamedicalitalia.it\/fr\/wp-json\/wp\/v2\/types\/product"}],"wp:featuredmedia":[{"embeddable":true,"href":"https:\/\/www.miamedicalitalia.it\/fr\/wp-json\/wp\/v2\/media\/14127"}],"wp:attachment":[{"href":"https:\/\/www.miamedicalitalia.it\/fr\/wp-json\/wp\/v2\/media?parent=12347"}],"wp:term":[{"taxonomy":"home-category","embeddable":true,"href":"https:\/\/www.miamedicalitalia.it\/fr\/wp-json\/wp\/v2\/home-category?post=12347"},{"taxonomy":"product_brand","embeddable":true,"href":"https:\/\/www.miamedicalitalia.it\/fr\/wp-json\/wp\/v2\/product_brand?post=12347"},{"taxonomy":"product_cat","embeddable":true,"href":"https:\/\/www.miamedicalitalia.it\/fr\/wp-json\/wp\/v2\/product_cat?post=12347"},{"taxonomy":"product_tag","embeddable":true,"href":"https:\/\/www.miamedicalitalia.it\/fr\/wp-json\/wp\/v2\/product_tag?post=12347"},{"taxonomy":"woo-feed-brand","embeddable":true,"href":"https:\/\/www.miamedicalitalia.it\/fr\/wp-json\/wp\/v2\/woo-feed-brand?post=12347"}],"curies":[{"name":"wp","href":"https:\/\/api.w.org\/{rel}","templated":true}]}}