{"id":12321,"date":"2024-05-17T17:49:15","date_gmt":"2024-05-17T15:49:15","guid":{"rendered":"https:\/\/www.miamedicalitalia.it\/?post_type=product&#038;p=12321"},"modified":"2026-01-13T12:46:18","modified_gmt":"2026-01-13T10:46:18","slug":"noleggio-carrozzina-pediatrica-pieghevole-per-bambini-con-alzata-per-il-gesso","status":"publish","type":"product","link":"https:\/\/www.miamedicalitalia.it\/fr\/produit\/noleggio-carrozzina-pediatrica-pieghevole-per-bambini-con-alzata-per-il-gesso\/","title":{"rendered":"Location de fauteuils roulants pliants p\u00e9diatriques"},"content":{"rendered":"<h4 class=\"wp-block-heading\" id=\"h-noleggio-carrozzina-manuale-pieghevole-pediatrica-jazz-s50-kids-comfort-sicurezza-e-liberta-per-i-piu-piccoli\">Hire Fauteuil roulant manuel pliant p\u00e9diatrique Jazz S50 Kids : Confort, s\u00e9curit\u00e9 et libert\u00e9 pour les petits<\/h4>\n\n\n\n<p>A <strong>fauteuil roulant p\u00e9diatrique<\/strong> est un <strong>aide \u00e0 la mobilit\u00e9<\/strong> con\u00e7u sp\u00e9cifiquement pour les enfants atteints de <strong>les handicaps moteurs temporaires ou permanents<\/strong>. Contrairement aux fauteuils roulants pour adultes, les fauteuils roulants p\u00e9diatriques offrent un meilleur soutien postural, des tailles plus petites et des mat\u00e9riaux l\u00e9gers con\u00e7us pour assurer le confort et la s\u00e9curit\u00e9 des petits.<\/p>\n\n\n\n<h4 class=\"wp-block-heading\" id=\"h-a-chi-e-utile-il-noleggio-della-carrozzina-manuale-pieghevole-pediatrica-jazz-s50-kids\">A qui est utile la location du fauteuil roulant p\u00e9diatrique manuel pliant Jazz S50 Kids ?<\/h4>\n\n\n\n<p>La <strong><a href=\"https:\/\/www.vermeiren.it\/web\/web.nsf\/detailproduct.xsp?CountryRTITProductGroupBAMBINO%20ED%20ADOLESCENTESubGroupCARROZZINE%20STANDARD%20E%20LEGGERESelectedJazz%20S50%20Kids\">Jazz S50 Kids<\/a><\/strong> est id\u00e9al pour les enfants qui ont besoin d'une aide \u00e0 la mobilit\u00e9 en raison de.. :<\/p>\n\n\n\n<ul class=\"wp-block-list\">\n<li>Handicaps moteurs cong\u00e9nitaux ou acquis <\/li>\n\n\n\n<li>Blessures temporaires<\/li>\n\n\n\n<li> Post-op\u00e9ratoire orthop\u00e9dique <\/li>\n\n\n\n<li>Maladies neurologiques<\/li>\n<\/ul>\n\n\n\n<p>Ce fauteuil roulant p\u00e9diatrique est con\u00e7u pour offrir autonomie et confort \u00e0 l'int\u00e9rieur comme \u00e0 l'ext\u00e9rieur. <\/p>\n\n\n\n<h4 class=\"wp-block-heading\" id=\"h-specifiche-tecniche-della-jazz-s50-kids\"><a href=\"https:\/\/www.vermeiren.it\/product\/brochure.nsf\/O\/7EE28C784EECBE9DC1258B87002D8EE2\/%24FILE\/Jazz%20S50%20Kids%20-%20IT.pdf\">Caract\u00e9ristiques techniques du Jazz S50 Kids<\/a><\/h4>\n\n\n\n<ul class=\"wp-block-list\">\n<li><strong>Cadre pliant<\/strong> en aluminium l\u00e9ger<\/li>\n\n\n\n<li>Capacit\u00e9 maximale : <strong>60 kg<\/strong><\/li>\n\n\n\n<li>Poids du fauteuil roulant : <strong>16,9 kg<\/strong><\/li>\n\n\n\n<li>Si\u00e8ges <strong>r\u00e9glable<\/strong> en largeur et en profondeur<\/li>\n\n\n\n<li>Roues arri\u00e8re de 22\" \u00e0 d\u00e9gagement rapide <\/li>\n\n\n\n<li>Roues avant en PU noir de 6 pouces <\/li>\n\n\n\n<li><strong>Repose-pieds r\u00e9glables et amovibles<\/strong><\/li>\n\n\n\n<li>Accoudoirs rabattables <\/li>\n<\/ul>\n\n\n\n<p>Id\u00e9al pour le transport en voiture et dans les lieux publics ! Cliquez <a href=\"https:\/\/domino01.vermeiren.be\/web\/datasheet.nsf\/O\/0B0D17B944FD0E8AC1258997002FAA21\/%24FILE\/Jazz%20S50%20Kids.pdf\">ici<\/a> pour t\u00e9l\u00e9charger la fiche technique compl\u00e8te !<\/p>\n\n\n\n<h4 class=\"wp-block-heading\" id=\"h-perche-scegliere-mia-medical-per-il-noleggio\">Pourquoi choisir Mia Medical ?<\/h4>\n\n\n\n<p>Mia Medical est une entreprise sp\u00e9cialis\u00e9e dans <strong>la location et la fourniture d'aides m\u00e9dicales certifi\u00e9es par le <a href=\"https:\/\/www.vermeiren.it\/web\/web.nsf\/home.xsp?CountryRTITProductGroup\">les meilleurs fournisseurs du march\u00e9<\/a>avec un service sur mesure pour chaque besoin :<\/strong><\/p>\n\n\n\n<ul class=\"wp-block-list\">\n<li><strong>Envoi rapide en 24\/48h <\/strong>de la r\u00e9servation<\/li>\n\n\n\n<li><strong>Assistance technique <\/strong>y compris<\/li>\n\n\n\n<li>Dispositifs assainis et r\u00e9vis\u00e9s <\/li>\n\n\n\n<li><strong>Personnel qualifi\u00e9<\/strong> pour <strong>consultations gratuites<\/strong> sans engagement<\/li>\n\n\n\n<li>Appareils de qualit\u00e9 sup\u00e9rieure provenant des meilleurs fournisseurs de l'industrie <\/li>\n<\/ul>\n\n\n\n<h4 class=\"wp-block-heading\" id=\"h-informazioni-utili\">Informations utiles <\/h4>\n\n\n\n<p>Voir notre <strong><a href=\"https:\/\/www.miamedicalitalia.it\/fr\/mia-medical-condizioni-di-noleggio-dei-nostri-ausili-medicali\/\">conditions de location<\/a><\/strong>! Si vous avez des doutes, le <em>Mia Medical Italie<\/em> est \u00e0 port\u00e9e de t\u00e9l\u00e9phone, toujours disponible pour faire de votre demande une priorit\u00e9. <strong>une exp\u00e9rience de location transparente et personnalis\u00e9e. Qu'attendez-vous pour nous contacter ?<\/strong><\/p>\n\n\n\n<ul class=\"wp-block-list\">\n<li><strong>Num\u00e9ro de t\u00e9l\u00e9phone : +30 392 65 09 237<\/strong><\/li>\n\n\n\n<li><a href=\"https:\/\/wa.me\/393926509237\">Whatsapp<\/a><\/li>\n\n\n\n<li><a href=\"https:\/\/www.miamedicalitalia.it\/fr\/\">Site web<\/a><\/li>\n\n\n\n<li><a href=\"https:\/\/www.instagram.com\/miamedical_italia\/\">Instagram<\/a> <\/li>\n\n\n\n<li><a href=\"https:\/\/www.facebook.com\/MIAMedicalitalia\/\">Facebook<\/a><\/li>\n<\/ul>","protected":false},"excerpt":{"rendered":"<div style=\"font-family: Arial, sans-serif; background-color: #234091; padding: 30px; border-radius: 25px; max-width: 600px; color: #ffffff; position: relative; border-top: 6px solid #2498fe;\">\n<h3 style=\"color: #ffffff; margin-top: 0;\">Location de fauteuils roulants<\/h3>\n<p>La collecte et le retour des fauteuils roulants \u00e0 l'entrep\u00f4t sont <strong>gratuitement !<\/strong><\/p>\n<p>Location pour 1 jour : 15\u20ac avec prise en charge sur place uniquement.<\/p>\n<p><strong>Disponibilit\u00e9 imm\u00e9diate.<\/strong><\/p>\n<p>R\u00e9servez en ligne ou contactez-nous par WhatsApp !<\/p>\n<p>Consegna e ritiro a domicilio a Roma e Firenze da 30\u20ac.<\/p>\n<\/div>\n<p><!-- Linea bianca sotto --><\/p>\n<div style=\"height: 6px; background-color: #ffffff; max-width: 600px;\">\u00a0<\/div>","protected":false},"featured_media":12332,"template":"","meta":{"_acf_changed":false},"home-category":[],"product_brand":[],"product_cat":[68],"product_tag":[250,249,240,239],"woo-feed-brand":[],"class_list":{"0":"post-12321","1":"product","2":"type-product","3":"status-publish","4":"has-post-thumbnail","6":"product_cat-affitto-e-noleggio-carrozzina","7":"product_tag-affitto-carrozzina-obesi","8":"product_tag-carrozzina-bariatrica","9":"product_tag-carrozzina-firenze","10":"product_tag-carrozzina-roma","11":"wcpa_has_options","13":"first","14":"instock","15":"shipping-taxable","16":"purchasable","17":"product-type-variable"},"acf":[],"yoast_head":"<!-- This site is optimized with the Yoast SEO Premium plugin v27.3 (Yoast SEO v27.4) - https:\/\/yoast.com\/product\/yoast-seo-premium-wordpress\/ -->\n<title>Noleggio Carrozzina Pediatrica Pieghevole<\/title>\n<meta name=\"description\" content=\"Noleggio carrozzina pediatrica pieghevole Jazz S50 Kids, dai 2 anni in su, con alzata per il gesso. Disponibilit\u00e0 immediata. Contattaci al +393926509237\" \/>\n<meta name=\"robots\" content=\"index, follow, max-snippet:-1, max-image-preview:large, max-video-preview:-1\" \/>\n<link rel=\"canonical\" href=\"https:\/\/www.miamedicalitalia.it\/fr\/produit\/noleggio-carrozzina-pediatrica-pieghevole-per-bambini-con-alzata-per-il-gesso\/\" \/>\n<meta property=\"og:locale\" content=\"fr_FR\" \/>\n<meta property=\"og:type\" content=\"article\" \/>\n<meta property=\"og:title\" content=\"Noleggio Carrozzina Pediatrica Pieghevole\" \/>\n<meta property=\"og:description\" content=\"Noleggio carrozzina pediatrica pieghevole Jazz S50 Kids, dai 2 anni in su, con alzata per il gesso. Disponibilit\u00e0 immediata. Contattaci al +393926509237\" \/>\n<meta property=\"og:url\" content=\"https:\/\/www.miamedicalitalia.it\/fr\/produit\/noleggio-carrozzina-pediatrica-pieghevole-per-bambini-con-alzata-per-il-gesso\/\" \/>\n<meta property=\"og:site_name\" content=\"Mia Medical\" \/>\n<meta property=\"article:publisher\" content=\"https:\/\/www.facebook.com\/miamedicalitalia\" \/>\n<meta property=\"article:modified_time\" content=\"2026-01-13T10:46:18+00:00\" \/>\n<meta property=\"og:image\" content=\"https:\/\/www.miamedicalitalia.it\/wp-content\/uploads\/2024\/05\/carrozzina-pediatrica-.jpg\" \/>\n\t<meta property=\"og:image:width\" content=\"1000\" \/>\n\t<meta property=\"og:image:height\" content=\"1000\" \/>\n\t<meta property=\"og:image:type\" content=\"image\/jpeg\" \/>\n<meta name=\"twitter:card\" content=\"summary_large_image\" \/>\n<meta name=\"twitter:label1\" content=\"Dur\u00e9e de lecture estim\u00e9e\" \/>\n\t<meta name=\"twitter:data1\" content=\"1 minute\" \/>\n<script type=\"application\/ld+json\" class=\"yoast-schema-graph\">{\"@context\":\"https:\\\/\\\/schema.org\",\"@graph\":[{\"@type\":\"WebPage\",\"@id\":\"https:\\\/\\\/www.miamedicalitalia.it\\\/prodotto\\\/noleggio-carrozzina-pediatrica-pieghevole-per-bambini-con-alzata-per-il-gesso\\\/\",\"url\":\"https:\\\/\\\/www.miamedicalitalia.it\\\/prodotto\\\/noleggio-carrozzina-pediatrica-pieghevole-per-bambini-con-alzata-per-il-gesso\\\/\",\"name\":\"Noleggio Carrozzina Pediatrica Pieghevole\",\"isPartOf\":{\"@id\":\"https:\\\/\\\/www.miamedicalitalia.it\\\/#website\"},\"primaryImageOfPage\":{\"@id\":\"https:\\\/\\\/www.miamedicalitalia.it\\\/prodotto\\\/noleggio-carrozzina-pediatrica-pieghevole-per-bambini-con-alzata-per-il-gesso\\\/#primaryimage\"},\"image\":{\"@id\":\"https:\\\/\\\/www.miamedicalitalia.it\\\/prodotto\\\/noleggio-carrozzina-pediatrica-pieghevole-per-bambini-con-alzata-per-il-gesso\\\/#primaryimage\"},\"thumbnailUrl\":\"https:\\\/\\\/www.miamedicalitalia.it\\\/wp-content\\\/uploads\\\/2024\\\/05\\\/carrozzina-pediatrica-.jpg\",\"datePublished\":\"2024-05-17T15:49:15+00:00\",\"dateModified\":\"2026-01-13T10:46:18+00:00\",\"description\":\"Noleggio carrozzina pediatrica pieghevole Jazz S50 Kids, dai 2 anni in su, con alzata per il gesso. Disponibilit\u00e0 immediata. Contattaci al +393926509237\",\"breadcrumb\":{\"@id\":\"https:\\\/\\\/www.miamedicalitalia.it\\\/prodotto\\\/noleggio-carrozzina-pediatrica-pieghevole-per-bambini-con-alzata-per-il-gesso\\\/#breadcrumb\"},\"inLanguage\":\"fr-FR\",\"potentialAction\":[{\"@type\":\"ReadAction\",\"target\":[\"https:\\\/\\\/www.miamedicalitalia.it\\\/prodotto\\\/noleggio-carrozzina-pediatrica-pieghevole-per-bambini-con-alzata-per-il-gesso\\\/\"]}]},{\"@type\":\"ImageObject\",\"inLanguage\":\"fr-FR\",\"@id\":\"https:\\\/\\\/www.miamedicalitalia.it\\\/prodotto\\\/noleggio-carrozzina-pediatrica-pieghevole-per-bambini-con-alzata-per-il-gesso\\\/#primaryimage\",\"url\":\"https:\\\/\\\/www.miamedicalitalia.it\\\/wp-content\\\/uploads\\\/2024\\\/05\\\/carrozzina-pediatrica-.jpg\",\"contentUrl\":\"https:\\\/\\\/www.miamedicalitalia.it\\\/wp-content\\\/uploads\\\/2024\\\/05\\\/carrozzina-pediatrica-.jpg\",\"width\":1000,\"height\":1000},{\"@type\":\"BreadcrumbList\",\"@id\":\"https:\\\/\\\/www.miamedicalitalia.it\\\/prodotto\\\/noleggio-carrozzina-pediatrica-pieghevole-per-bambini-con-alzata-per-il-gesso\\\/#breadcrumb\",\"itemListElement\":[{\"@type\":\"ListItem\",\"position\":1,\"name\":\"Home\",\"item\":\"https:\\\/\\\/www.miamedicalitalia.it\\\/\"},{\"@type\":\"ListItem\",\"position\":2,\"name\":\"Shop\",\"item\":\"https:\\\/\\\/www.miamedicalitalia.it\\\/negozio\\\/\"},{\"@type\":\"ListItem\",\"position\":3,\"name\":\"Affitto e noleggio\",\"item\":\"https:\\\/\\\/www.miamedicalitalia.it\\\/categoria\\\/affitto-e-noleggio-ausili\\\/\"},{\"@type\":\"ListItem\",\"position\":4,\"name\":\"Carrozzine\",\"item\":\"https:\\\/\\\/www.miamedicalitalia.it\\\/categoria\\\/affitto-e-noleggio-ausili\\\/affitto-e-noleggio-carrozzina\\\/\"},{\"@type\":\"ListItem\",\"position\":5,\"name\":\"Noleggio Carrozzina Pediatrica Pieghevole\"}]},{\"@type\":\"WebSite\",\"@id\":\"https:\\\/\\\/www.miamedicalitalia.it\\\/#website\",\"url\":\"https:\\\/\\\/www.miamedicalitalia.it\\\/\",\"name\":\"www.miamedicalitalia.it\",\"description\":\"Noleggio e Vendita Attrezzatura Sanitarie\",\"publisher\":{\"@id\":\"https:\\\/\\\/www.miamedicalitalia.it\\\/#organization\"},\"potentialAction\":[{\"@type\":\"SearchAction\",\"target\":{\"@type\":\"EntryPoint\",\"urlTemplate\":\"https:\\\/\\\/www.miamedicalitalia.it\\\/?s={search_term_string}\"},\"query-input\":{\"@type\":\"PropertyValueSpecification\",\"valueRequired\":true,\"valueName\":\"search_term_string\"}}],\"inLanguage\":\"fr-FR\"},{\"@type\":\"Organization\",\"@id\":\"https:\\\/\\\/www.miamedicalitalia.it\\\/#organization\",\"name\":\"OLG\",\"url\":\"https:\\\/\\\/www.miamedicalitalia.it\\\/\",\"logo\":{\"@type\":\"ImageObject\",\"inLanguage\":\"fr-FR\",\"@id\":\"https:\\\/\\\/www.miamedicalitalia.it\\\/#\\\/schema\\\/logo\\\/image\\\/\",\"url\":\"https:\\\/\\\/www.miamedicalitalia.it\\\/wp-content\\\/uploads\\\/2023\\\/04\\\/mia-medical-logo-free.png\",\"contentUrl\":\"https:\\\/\\\/www.miamedicalitalia.it\\\/wp-content\\\/uploads\\\/2023\\\/04\\\/mia-medical-logo-free.png\",\"width\":700,\"height\":700,\"caption\":\"OLG\"},\"image\":{\"@id\":\"https:\\\/\\\/www.miamedicalitalia.it\\\/#\\\/schema\\\/logo\\\/image\\\/\"},\"sameAs\":[\"https:\\\/\\\/www.facebook.com\\\/miamedicalitalia\"]}]}<\/script>\n<!-- \/ Yoast SEO Premium plugin. -->","yoast_head_json":{"title":"Location de fauteuils roulants pliants p\u00e9diatriques","description":"Location de fauteuil roulant p\u00e9diatrique pliant Jazz S50 Kids, 2 ans et plus, avec \u00e9l\u00e9vateur de pl\u00e2tre. Disponibilit\u00e9 imm\u00e9diate. Contactez-nous \u00e0 +393926509237","robots":{"index":"index","follow":"follow","max-snippet":"max-snippet:-1","max-image-preview":"max-image-preview:large","max-video-preview":"max-video-preview:-1"},"canonical":"https:\/\/www.miamedicalitalia.it\/fr\/produit\/noleggio-carrozzina-pediatrica-pieghevole-per-bambini-con-alzata-per-il-gesso\/","og_locale":"fr_FR","og_type":"article","og_title":"Noleggio Carrozzina Pediatrica Pieghevole","og_description":"Noleggio carrozzina pediatrica pieghevole Jazz S50 Kids, dai 2 anni in su, con alzata per il gesso. Disponibilit\u00e0 immediata. Contattaci al +393926509237","og_url":"https:\/\/www.miamedicalitalia.it\/fr\/produit\/noleggio-carrozzina-pediatrica-pieghevole-per-bambini-con-alzata-per-il-gesso\/","og_site_name":"Mia Medical","article_publisher":"https:\/\/www.facebook.com\/miamedicalitalia","article_modified_time":"2026-01-13T10:46:18+00:00","og_image":[{"width":1000,"height":1000,"url":"https:\/\/www.miamedicalitalia.it\/wp-content\/uploads\/2024\/05\/carrozzina-pediatrica-.jpg","type":"image\/jpeg"}],"twitter_card":"summary_large_image","twitter_misc":{"Dur\u00e9e de lecture estim\u00e9e":"1 minute"},"schema":{"@context":"https:\/\/schema.org","@graph":[{"@type":"WebPage","@id":"https:\/\/www.miamedicalitalia.it\/prodotto\/noleggio-carrozzina-pediatrica-pieghevole-per-bambini-con-alzata-per-il-gesso\/","url":"https:\/\/www.miamedicalitalia.it\/prodotto\/noleggio-carrozzina-pediatrica-pieghevole-per-bambini-con-alzata-per-il-gesso\/","name":"Location de fauteuils roulants pliants p\u00e9diatriques","isPartOf":{"@id":"https:\/\/www.miamedicalitalia.it\/#website"},"primaryImageOfPage":{"@id":"https:\/\/www.miamedicalitalia.it\/prodotto\/noleggio-carrozzina-pediatrica-pieghevole-per-bambini-con-alzata-per-il-gesso\/#primaryimage"},"image":{"@id":"https:\/\/www.miamedicalitalia.it\/prodotto\/noleggio-carrozzina-pediatrica-pieghevole-per-bambini-con-alzata-per-il-gesso\/#primaryimage"},"thumbnailUrl":"https:\/\/www.miamedicalitalia.it\/wp-content\/uploads\/2024\/05\/carrozzina-pediatrica-.jpg","datePublished":"2024-05-17T15:49:15+00:00","dateModified":"2026-01-13T10:46:18+00:00","description":"Location de fauteuil roulant p\u00e9diatrique pliant Jazz S50 Kids, 2 ans et plus, avec \u00e9l\u00e9vateur de pl\u00e2tre. Disponibilit\u00e9 imm\u00e9diate. Contactez-nous \u00e0 +393926509237","breadcrumb":{"@id":"https:\/\/www.miamedicalitalia.it\/prodotto\/noleggio-carrozzina-pediatrica-pieghevole-per-bambini-con-alzata-per-il-gesso\/#breadcrumb"},"inLanguage":"fr-FR","potentialAction":[{"@type":"ReadAction","target":["https:\/\/www.miamedicalitalia.it\/prodotto\/noleggio-carrozzina-pediatrica-pieghevole-per-bambini-con-alzata-per-il-gesso\/"]}]},{"@type":"ImageObject","inLanguage":"fr-FR","@id":"https:\/\/www.miamedicalitalia.it\/prodotto\/noleggio-carrozzina-pediatrica-pieghevole-per-bambini-con-alzata-per-il-gesso\/#primaryimage","url":"https:\/\/www.miamedicalitalia.it\/wp-content\/uploads\/2024\/05\/carrozzina-pediatrica-.jpg","contentUrl":"https:\/\/www.miamedicalitalia.it\/wp-content\/uploads\/2024\/05\/carrozzina-pediatrica-.jpg","width":1000,"height":1000},{"@type":"BreadcrumbList","@id":"https:\/\/www.miamedicalitalia.it\/prodotto\/noleggio-carrozzina-pediatrica-pieghevole-per-bambini-con-alzata-per-il-gesso\/#breadcrumb","itemListElement":[{"@type":"ListItem","position":1,"name":"Home","item":"https:\/\/www.miamedicalitalia.it\/"},{"@type":"ListItem","position":2,"name":"Shop","item":"https:\/\/www.miamedicalitalia.it\/negozio\/"},{"@type":"ListItem","position":3,"name":"Affitto e noleggio","item":"https:\/\/www.miamedicalitalia.it\/categoria\/affitto-e-noleggio-ausili\/"},{"@type":"ListItem","position":4,"name":"Carrozzine","item":"https:\/\/www.miamedicalitalia.it\/categoria\/affitto-e-noleggio-ausili\/affitto-e-noleggio-carrozzina\/"},{"@type":"ListItem","position":5,"name":"Noleggio Carrozzina Pediatrica Pieghevole"}]},{"@type":"WebSite","@id":"https:\/\/www.miamedicalitalia.it\/#website","url":"https:\/\/www.miamedicalitalia.it\/","name":"www.miamedicalitalia.it","description":"Location et vente d'\u00e9quipements sanitaires","publisher":{"@id":"https:\/\/www.miamedicalitalia.it\/#organization"},"potentialAction":[{"@type":"SearchAction","target":{"@type":"EntryPoint","urlTemplate":"https:\/\/www.miamedicalitalia.it\/?s={search_term_string}"},"query-input":{"@type":"PropertyValueSpecification","valueRequired":true,"valueName":"search_term_string"}}],"inLanguage":"fr-FR"},{"@type":"Organization","@id":"https:\/\/www.miamedicalitalia.it\/#organization","name":"OLG","url":"https:\/\/www.miamedicalitalia.it\/","logo":{"@type":"ImageObject","inLanguage":"fr-FR","@id":"https:\/\/www.miamedicalitalia.it\/#\/schema\/logo\/image\/","url":"https:\/\/www.miamedicalitalia.it\/wp-content\/uploads\/2023\/04\/mia-medical-logo-free.png","contentUrl":"https:\/\/www.miamedicalitalia.it\/wp-content\/uploads\/2023\/04\/mia-medical-logo-free.png","width":700,"height":700,"caption":"OLG"},"image":{"@id":"https:\/\/www.miamedicalitalia.it\/#\/schema\/logo\/image\/"},"sameAs":["https:\/\/www.facebook.com\/miamedicalitalia"]}]}},"wcpa_form_fields":{"wcpaData":{"product":{"product_price":30,"price_html":"<span class=\"woocommerce-Price-amount amount\" aria-hidden=\"true\"><bdi><span class=\"woocommerce-Price-currencySymbol\">&euro;<\/span>30.00<\/bdi><\/span> <span aria-hidden=\"true\">\u00a0\u2013\u00a0<\/span> <span class=\"woocommerce-Price-amount amount\" aria-hidden=\"true\"><bdi><span class=\"woocommerce-Price-currencySymbol\">&euro;<\/span>100.00<\/bdi><\/span><span class=\"screen-reader-text\">Plage de prix\u00a0: &euro;30.00 \u00e0 &euro;100.00<\/span>","original_product_price":30,"price_including_tax":30,"price_excluding_tax":30,"product_id":{"parent":12321,"variation":false},"is_variable":true,"stock_status":"instock","stock_quantity":null,"parent_sku":"","product_attributes":{"quanto-costa":{"is_variation":true,"values":[]}},"custom_fields":[],"is_taxable":false,"product_name":"Noleggio Carrozzina Pediatrica Pieghevole","hasImage":false},"fields":{"sec_565f165582eb8c":{"extra":{"key":"sec_565f165582eb8c","section_id":"sec_565f165582eb8c","name":"Predefinito","status":1,"toggle":true,"form_id":12050,"form_rules":{"exclude_from_discount":false,"fee_label":"Tasa","disp_hide_options_price":false,"disp_show_section_price":false,"disp_show_field_price":true,"layout_option":"standard","pric_use_as_fee":false,"process_fee_as":"woo_fee"},"layout_option":"standard"},"fields":[[{"active":true,"col":6,"relations":false,"cl_rule":"show","enableCl":false,"price":"","enablePrice":false,"className":"input-text","type":"date","required":true,"elementId":"date_3189538061","name":"date_3189538061","label":"A partire dal giorno:","picker_type":"custom","picker_mode":"single","error":false,"description":"Inserisci la data di inizio del noleggio","gt_translate_keys":["label","description"],"price_dependency":false,"cl_dependency":false,"value":""}]]}},"config":{"price_override":"","enable_recaptcha":false,"bind_quantity":false,"quantity_bind_formula":false,"disp_summ_show_option_price":true,"disp_summ_show_product_price":true,"disp_summ_show_total_price":true,"disp_summ_show_fee":false,"disp_summ_show_discount":false,"summary_title":"","options_total_label":"Opciones Precio","total_label":"Total","options_product_label":"Precio del producto","fee_label":"Tasa","discount_label":"Descuento","has_price":true,"has_quantity_formula":false},"mc_unit":1,"tax_rate":1,"tax_rate_real":1,"discount":{"percentage":0,"fixed":0},"design":{"conf":{"LabelPosition":"above","DescPosition":"below","UploadField":"custom_1","QuantityFieldStyle":"default"},"css":{"LeftLabelWidth":"50px"}},"formulas":[],"lookuptables":[],"clones":false,"cartKey":false}},"_links":{"self":[{"href":"https:\/\/www.miamedicalitalia.it\/fr\/wp-json\/wp\/v2\/product\/12321","targetHints":{"allow":["GET"]}}],"collection":[{"href":"https:\/\/www.miamedicalitalia.it\/fr\/wp-json\/wp\/v2\/product"}],"about":[{"href":"https:\/\/www.miamedicalitalia.it\/fr\/wp-json\/wp\/v2\/types\/product"}],"wp:featuredmedia":[{"embeddable":true,"href":"https:\/\/www.miamedicalitalia.it\/fr\/wp-json\/wp\/v2\/media\/12332"}],"wp:attachment":[{"href":"https:\/\/www.miamedicalitalia.it\/fr\/wp-json\/wp\/v2\/media?parent=12321"}],"wp:term":[{"taxonomy":"home-category","embeddable":true,"href":"https:\/\/www.miamedicalitalia.it\/fr\/wp-json\/wp\/v2\/home-category?post=12321"},{"taxonomy":"product_brand","embeddable":true,"href":"https:\/\/www.miamedicalitalia.it\/fr\/wp-json\/wp\/v2\/product_brand?post=12321"},{"taxonomy":"product_cat","embeddable":true,"href":"https:\/\/www.miamedicalitalia.it\/fr\/wp-json\/wp\/v2\/product_cat?post=12321"},{"taxonomy":"product_tag","embeddable":true,"href":"https:\/\/www.miamedicalitalia.it\/fr\/wp-json\/wp\/v2\/product_tag?post=12321"},{"taxonomy":"woo-feed-brand","embeddable":true,"href":"https:\/\/www.miamedicalitalia.it\/fr\/wp-json\/wp\/v2\/woo-feed-brand?post=12321"}],"curies":[{"name":"wp","href":"https:\/\/api.w.org\/{rel}","templated":true}]}}