{"id":12308,"date":"2024-05-17T14:45:17","date_gmt":"2024-05-17T12:45:17","guid":{"rendered":"https:\/\/www.miamedicalitalia.it\/?post_type=product&#038;p=12308"},"modified":"2026-01-13T13:07:30","modified_gmt":"2026-01-13T11:07:30","slug":"noleggio-deambulatore-rollatore-in-alluminio-2","status":"publish","type":"product","link":"https:\/\/www.miamedicalitalia.it\/fr\/produit\/noleggio-deambulatore-rollatore-in-alluminio-2\/","title":{"rendered":"Location de d\u00e9ambulateur avec si\u00e8ge"},"content":{"rendered":"<p><strong>Embaucher<\/strong> <strong>D\u00e9ambulateur utilisable \u00e0 l'int\u00e9rieur et \u00e0 l'ext\u00e9rieur, pliable, r\u00e9glable en hauteur \u00e0 Rome et \u00e0 Florence.<\/strong><\/p>\n\n\n\n<p>D\u00e9couvrez nos&nbsp;<strong>D\u00e9ambulateur \u00e0 4 roues avec si\u00e8ge en aluminium<\/strong>Ce dispositif est l'aide id\u00e9ale pour marcher en toute s\u00e9curit\u00e9 et en toute ind\u00e9pendance. Con\u00e7u pour aider les personnes \u00e0 mobilit\u00e9 r\u00e9duite, cet appareil est parfait pour une utilisation quotidienne \u00e0 l'int\u00e9rieur et \u00e0 l'ext\u00e9rieur. Il est disponible \u00e0 la location dans les r\u00e9gions suivantes&nbsp;<strong>Rome<\/strong>&nbsp;e&nbsp;<strong>Florence<\/strong>.<\/p>\n\n\n\n<h4 class=\"wp-block-heading\" id=\"h-caratteristiche-tecniche-e-funzionalita\">Caract\u00e9ristiques techniques et fonctionnelles <\/h4>\n\n\n\n<ul class=\"wp-block-list\">\n<li><strong>Structure robuste et l\u00e9g\u00e8re<\/strong><\/li>\n\n\n\n<li>Fabriqu\u00e9 en <strong>aluminium peint<\/strong>Il allie r\u00e9sistance et l\u00e9g\u00e8ret\u00e9 pour une utilisation pratique et durable.<\/li>\n\n\n\n<li><strong>Conception pliable<\/strong><\/li>\n\n\n\n<li>Il se ferme facilement d'un seul geste, prenant peu de place pour le transport et le stockage.<\/li>\n\n\n\n<li><strong>4 roues en EVA \u00d8 20 cm<\/strong><\/li>\n\n\n\n<li><strong>Fronts pivotants avec fourche compl\u00e8te et r\u00e9flecteur<\/strong> \u2192 ils garantissent la manipulation et la s\u00e9curit\u00e9.<\/li>\n\n\n\n<li><strong>Arri\u00e8re fixe avec freins \u00e0 double fonction<\/strong> \u2192 permettre de freiner le rollator en mouvement ou de le bloquer \u00e0 l'arr\u00eat.<\/li>\n\n\n\n<li><strong>Poign\u00e9es anatomiques r\u00e9glables<\/strong><\/li>\n\n\n\n<li>Confortable et adaptable \u00e0 la taille de l'utilisateur, complet avec <strong>r\u00e9flecteur<\/strong> pour une plus grande s\u00e9curit\u00e9.<\/li>\n\n\n\n<li><strong>Si\u00e8ge rembourr\u00e9 et dossier en EVA<\/strong><\/li>\n\n\n\n<li><strong>Assise 38\u00d734 cm rembourr\u00e9e et recouverte de PVC<\/strong>id\u00e9al pour un moment de repos lors d'une promenade.<\/li>\n\n\n\n<li><strong>Dossier EVA rembourr\u00e9<\/strong>un support ergonomique pour un maximum de confort.<\/li>\n\n\n\n<li><strong>Panier pour objets<\/strong> inclus, parfait pour transporter de petits effets personnels.<\/li>\n<\/ul>\n\n\n\n<p><\/p>\n\n\n\n<h4 class=\"wp-block-heading\" id=\"h-innovazione-e-design-un-alleato-per-il-benessere-quotidiano\"><strong>Innovation et design : un alli\u00e9 pour le bien-\u00eatre au quotidien<\/strong><\/h4>\n\n\n\n<p>Notre rollator pliant \u00e0 4 roues en aluminium combine <strong>et une conception ergonomique pour rendre chaque mouvement plus s\u00fbr et plus confortable.<\/strong><\/p>\n\n\n\n<p><strong>Curiosit\u00e9 :<\/strong>&nbsp;Des \u00e9tudes ergonomiques montrent que l'utilisation d'aides con\u00e7ues pour maintenir une posture correcte peut r\u00e9duire consid\u00e9rablement la fatigue musculaire. Les <strong>poign\u00e9es anatomiques<\/strong> et le <strong>si\u00e8ge r\u00e9glable<\/strong> non seulement <strong>soutenir la marche<\/strong>mais <strong>contribuent \u00e9galement \u00e0 l'am\u00e9lioration de la qualit\u00e9 de vie<\/strong>transformer chaque pas en un geste de bien-\u00eatre.<\/p>\n\n\n\n<p>Par ailleurs, si vous \u00eates l'aidant d'une personne \u00e2g\u00e9e ou d\u00e9pendante et que vous avez besoin d'aide, notre <strong>infirmi\u00e8re<\/strong> digne de confiance <strong><a href=\"http:\/\/www.arnaldiandrea.com\">Andrea Arnaldi<\/a><\/strong> sp\u00e9cialis\u00e9 dans le domaine <strong>soins \u00e0 domicile<\/strong>et est pr\u00eat \u00e0 vous aider \u00e0 prendre soin du confort de votre maison.&nbsp;<\/p>\n\n\n\n<h4 class=\"wp-block-heading\" id=\"h-noleggio-deambulatore-rollator-pieghevole-in-alluminio-a-roma-e-firenze-i-benefici\">Location de d\u00e9ambulateurs pliants en aluminium \u00e0 Rome et Florence : les avantages<\/h4>\n\n\n\n<ul class=\"wp-block-list\">\n<li><strong>Flexibilit\u00e9 et commodit\u00e9 :<\/strong>&nbsp;Louez le rollator pour la p\u00e9riode o\u00f9 vous en avez vraiment besoin, \u00e9vitant ainsi l'investissement d'un achat \u00e0 long terme.<\/li>\n\n\n\n<li><strong>Service complet :<\/strong>&nbsp;L'appareil est livr\u00e9 d\u00e9sinfect\u00e9, entretien compris et pr\u00eat \u00e0 l'emploi.<\/li>\n\n\n\n<li> <strong>Assistance personnalis\u00e9e :<\/strong>&nbsp;Nous offrons des services de conseil sp\u00e9cialis\u00e9s et une livraison rapide, ce qui est id\u00e9al pour les demandes \u00e9manant de&nbsp;<strong>Location de rollators ultral\u00e9gers \u00e0 Rome<\/strong>&nbsp;e <strong>Florence<\/strong>.<\/li>\n<\/ul>\n\n\n\n<p><strong><a href=\"https:\/\/www.miamedicalitalia.it\/fr\/categoria\/affitto-e-noleggio-ausili\/affitto-e-noleggio-deambulatori\/?_gl=1*vif1ai*_up*MQ..*_ga*MTEwNzU5MDEyNS4xNzQyMDM1MjMx*_ga_D9FZ9V3LL7*MTc0MjA0MTA2NC4yLjAuMTc0MjA0MTA2NC4wLjAuMA..\">Choisissez parmi la large gamme de d\u00e9ambulateurs et de rollators de Mia Medical<\/a><\/strong> et d\u00e9couvrir <a href=\"https:\/\/www.miamedicalitalia.it\/fr\/come-si-scegli-il-deambulatore-giusto\/\">l'article directeur <\/a>pour un choix \u00e9clair\u00e9 et adapt\u00e9 \u00e0 vos besoins. Vous n'\u00eates pas encore convaincu ? <strong><a href=\"https:\/\/wa.me\/393926509237\">Appelez-nous pour une consultation gratuite, adapt\u00e9e \u00e0 vos besoins et sans engagement ! <\/a><\/strong><\/p>\n\n\n\n<p>Que vous soyez \u00e0&nbsp;<strong>Rome<\/strong>,&nbsp;<strong>Florence<\/strong>&nbsp;ou dans d'autres villes, notre <strong>location de rollators<\/strong> est con\u00e7u pour offrir une <strong>conseil personnalis\u00e9<\/strong>. <strong>Livraison rapide<\/strong>, <strong>assistance qualifi\u00e9e <\/strong>et la certitude d'une <strong>produit de haute qualit\u00e9 <\/strong>vous attendent. Choisissez Mia Medical : <a href=\"https:\/\/wa.me\/393926509237\">nous contacter<\/a>!<\/p>\n\n\n\n<p>\u00c9galement disponible \u00e0 la vente.<\/p>\n\n\n\n<p>D\u00e9couvrez nos pages&nbsp;<a href=\"https:\/\/facebook.com\/MIAMedicalitalia\/\">Facebook&nbsp;<\/a><\/p>","protected":false},"excerpt":{"rendered":"<div style=\"font-family: Arial, sans-serif; background-color: #234091; padding: 30px; border-radius: 25px; max-width: 600px; color: #ffffff; position: relative; border-top: 6px solid #2498fe;\">\n<h3 style=\"margin-top: 0; margin-bottom: 15px; color: #ffffff;\">Livraison \u00e0 Rome et Florence \u00e0 partir de 30\u20ac.<\/h3>\n<p><strong>Aucun d\u00e9p\u00f4t n'est requis.<\/strong><\/p>\n<p>La livraison et l'enl\u00e8vement de l'entrep\u00f4t sont <strong>GRATUIT !<\/strong><\/p>\n<\/div>\n<p><!-- Linea bianca sotto --><\/p>\n<div style=\"height: 6px; background-color: #ffffff; max-width: 600px;\">\u00a0<\/div>","protected":false},"featured_media":14623,"template":"","meta":{"_acf_changed":false},"home-category":[263],"product_brand":[],"product_cat":[260,130],"product_tag":[160,161],"woo-feed-brand":[],"class_list":{"0":"post-12308","1":"product","2":"type-product","3":"status-publish","4":"has-post-thumbnail","6":"home-category-ausili","7":"product_cat-affitto-e-noleggio-ausili","8":"product_cat-affitto-e-noleggio-deambulatori","9":"product_tag-deambulatore-piegevole-rollatore-da-esterno","10":"product_tag-deambulatore-rollatore-piegevole","11":"wcpa_has_options","13":"first","14":"instock","15":"shipping-taxable","16":"purchasable","17":"product-type-variable"},"acf":[],"yoast_head":"<!-- This site is optimized with the Yoast SEO Premium plugin v27.5 (Yoast SEO v27.5) - https:\/\/yoast.com\/product\/yoast-seo-premium-wordpress\/ -->\n<title>Noleggio Deambulatore Rollator Pieghevole a Roma e Firenze<\/title>\n<meta name=\"description\" content=\"Noleggio e vendita Deambulatore Rollator pieghevole leggero, freni e seduta. Migliore Prezzo Garantito. Fidati di noi. Siamo esperti nel noleggio.\" \/>\n<meta name=\"robots\" content=\"index, follow, max-snippet:-1, max-image-preview:large, max-video-preview:-1\" \/>\n<link rel=\"canonical\" href=\"https:\/\/www.miamedicalitalia.it\/fr\/produit\/noleggio-deambulatore-rollatore-in-alluminio-2\/\" \/>\n<meta property=\"og:locale\" content=\"fr_FR\" \/>\n<meta property=\"og:type\" content=\"article\" \/>\n<meta property=\"og:title\" content=\"Noleggio Deambulatore Rollator Pieghevole a Roma e Firenze\" \/>\n<meta property=\"og:description\" content=\"Noleggio e vendita Deambulatore Rollator pieghevole leggero, freni e seduta. Migliore Prezzo Garantito. Fidati di noi. Siamo esperti nel noleggio.\" \/>\n<meta property=\"og:url\" content=\"https:\/\/www.miamedicalitalia.it\/fr\/produit\/noleggio-deambulatore-rollatore-in-alluminio-2\/\" \/>\n<meta property=\"og:site_name\" content=\"Mia Medical\" \/>\n<meta property=\"article:publisher\" content=\"https:\/\/www.facebook.com\/miamedicalitalia\" \/>\n<meta property=\"article:modified_time\" content=\"2026-01-13T11:07:30+00:00\" \/>\n<meta property=\"og:image\" content=\"https:\/\/www.miamedicalitalia.it\/wp-content\/uploads\/2024\/05\/Rollator.png\" \/>\n\t<meta property=\"og:image:width\" content=\"1000\" \/>\n\t<meta property=\"og:image:height\" content=\"1000\" \/>\n\t<meta property=\"og:image:type\" content=\"image\/png\" \/>\n<meta name=\"twitter:card\" content=\"summary_large_image\" \/>\n<meta name=\"twitter:label1\" content=\"Dur\u00e9e de lecture estim\u00e9e\" \/>\n\t<meta name=\"twitter:data1\" content=\"1 minute\" \/>\n<script type=\"application\/ld+json\" class=\"yoast-schema-graph\">{\"@context\":\"https:\\\/\\\/schema.org\",\"@graph\":[{\"@type\":\"WebPage\",\"@id\":\"https:\\\/\\\/www.miamedicalitalia.it\\\/prodotto\\\/noleggio-deambulatore-rollatore-in-alluminio-2\\\/\",\"url\":\"https:\\\/\\\/www.miamedicalitalia.it\\\/prodotto\\\/noleggio-deambulatore-rollatore-in-alluminio-2\\\/\",\"name\":\"Noleggio Deambulatore Rollator Pieghevole a Roma e Firenze\",\"isPartOf\":{\"@id\":\"https:\\\/\\\/www.miamedicalitalia.it\\\/#website\"},\"primaryImageOfPage\":{\"@id\":\"https:\\\/\\\/www.miamedicalitalia.it\\\/prodotto\\\/noleggio-deambulatore-rollatore-in-alluminio-2\\\/#primaryimage\"},\"image\":{\"@id\":\"https:\\\/\\\/www.miamedicalitalia.it\\\/prodotto\\\/noleggio-deambulatore-rollatore-in-alluminio-2\\\/#primaryimage\"},\"thumbnailUrl\":\"https:\\\/\\\/www.miamedicalitalia.it\\\/wp-content\\\/uploads\\\/2024\\\/05\\\/Rollator.png\",\"datePublished\":\"2024-05-17T12:45:17+00:00\",\"dateModified\":\"2026-01-13T11:07:30+00:00\",\"description\":\"Noleggio e vendita Deambulatore Rollator pieghevole leggero, freni e seduta. Migliore Prezzo Garantito. Fidati di noi. Siamo esperti nel noleggio.\",\"breadcrumb\":{\"@id\":\"https:\\\/\\\/www.miamedicalitalia.it\\\/prodotto\\\/noleggio-deambulatore-rollatore-in-alluminio-2\\\/#breadcrumb\"},\"inLanguage\":\"fr-FR\",\"potentialAction\":[{\"@type\":\"ReadAction\",\"target\":[\"https:\\\/\\\/www.miamedicalitalia.it\\\/prodotto\\\/noleggio-deambulatore-rollatore-in-alluminio-2\\\/\"]}]},{\"@type\":\"ImageObject\",\"inLanguage\":\"fr-FR\",\"@id\":\"https:\\\/\\\/www.miamedicalitalia.it\\\/prodotto\\\/noleggio-deambulatore-rollatore-in-alluminio-2\\\/#primaryimage\",\"url\":\"https:\\\/\\\/www.miamedicalitalia.it\\\/wp-content\\\/uploads\\\/2024\\\/05\\\/Rollator.png\",\"contentUrl\":\"https:\\\/\\\/www.miamedicalitalia.it\\\/wp-content\\\/uploads\\\/2024\\\/05\\\/Rollator.png\",\"width\":1000,\"height\":1000},{\"@type\":\"BreadcrumbList\",\"@id\":\"https:\\\/\\\/www.miamedicalitalia.it\\\/prodotto\\\/noleggio-deambulatore-rollatore-in-alluminio-2\\\/#breadcrumb\",\"itemListElement\":[{\"@type\":\"ListItem\",\"position\":1,\"name\":\"Home\",\"item\":\"https:\\\/\\\/www.miamedicalitalia.it\\\/\"},{\"@type\":\"ListItem\",\"position\":2,\"name\":\"Shop\",\"item\":\"https:\\\/\\\/www.miamedicalitalia.it\\\/negozio\\\/\"},{\"@type\":\"ListItem\",\"position\":3,\"name\":\"Affitto e noleggio\",\"item\":\"https:\\\/\\\/www.miamedicalitalia.it\\\/categoria\\\/affitto-e-noleggio-ausili\\\/\"},{\"@type\":\"ListItem\",\"position\":4,\"name\":\"Deambulatori e Rollatori\",\"item\":\"https:\\\/\\\/www.miamedicalitalia.it\\\/categoria\\\/affitto-e-noleggio-ausili\\\/affitto-e-noleggio-deambulatori\\\/\"},{\"@type\":\"ListItem\",\"position\":5,\"name\":\"Noleggio deambulatore rollatore con seduta\"}]},{\"@type\":\"WebSite\",\"@id\":\"https:\\\/\\\/www.miamedicalitalia.it\\\/#website\",\"url\":\"https:\\\/\\\/www.miamedicalitalia.it\\\/\",\"name\":\"www.miamedicalitalia.it\",\"description\":\"Noleggio e Vendita Attrezzatura Sanitarie\",\"publisher\":{\"@id\":\"https:\\\/\\\/www.miamedicalitalia.it\\\/#organization\"},\"potentialAction\":[{\"@type\":\"SearchAction\",\"target\":{\"@type\":\"EntryPoint\",\"urlTemplate\":\"https:\\\/\\\/www.miamedicalitalia.it\\\/?s={search_term_string}\"},\"query-input\":{\"@type\":\"PropertyValueSpecification\",\"valueRequired\":true,\"valueName\":\"search_term_string\"}}],\"inLanguage\":\"fr-FR\"},{\"@type\":\"Organization\",\"@id\":\"https:\\\/\\\/www.miamedicalitalia.it\\\/#organization\",\"name\":\"OLG\",\"url\":\"https:\\\/\\\/www.miamedicalitalia.it\\\/\",\"logo\":{\"@type\":\"ImageObject\",\"inLanguage\":\"fr-FR\",\"@id\":\"https:\\\/\\\/www.miamedicalitalia.it\\\/#\\\/schema\\\/logo\\\/image\\\/\",\"url\":\"https:\\\/\\\/www.miamedicalitalia.it\\\/wp-content\\\/uploads\\\/2023\\\/04\\\/mia-medical-logo-free.png\",\"contentUrl\":\"https:\\\/\\\/www.miamedicalitalia.it\\\/wp-content\\\/uploads\\\/2023\\\/04\\\/mia-medical-logo-free.png\",\"width\":700,\"height\":700,\"caption\":\"OLG\"},\"image\":{\"@id\":\"https:\\\/\\\/www.miamedicalitalia.it\\\/#\\\/schema\\\/logo\\\/image\\\/\"},\"sameAs\":[\"https:\\\/\\\/www.facebook.com\\\/miamedicalitalia\"]}]}<\/script>\n<!-- \/ Yoast SEO Premium plugin. -->","yoast_head_json":{"title":"Location de rollators pliants \u00e0 Rome et Florence","description":"Location et vente D\u00e9ambulateur pliant l\u00e9ger, freins et si\u00e8ge. Meilleur prix garanti. Faites-nous confiance. Nous sommes des experts en location.","robots":{"index":"index","follow":"follow","max-snippet":"max-snippet:-1","max-image-preview":"max-image-preview:large","max-video-preview":"max-video-preview:-1"},"canonical":"https:\/\/www.miamedicalitalia.it\/fr\/produit\/noleggio-deambulatore-rollatore-in-alluminio-2\/","og_locale":"fr_FR","og_type":"article","og_title":"Noleggio Deambulatore Rollator Pieghevole a Roma e Firenze","og_description":"Noleggio e vendita Deambulatore Rollator pieghevole leggero, freni e seduta. Migliore Prezzo Garantito. Fidati di noi. Siamo esperti nel noleggio.","og_url":"https:\/\/www.miamedicalitalia.it\/fr\/produit\/noleggio-deambulatore-rollatore-in-alluminio-2\/","og_site_name":"Mia Medical","article_publisher":"https:\/\/www.facebook.com\/miamedicalitalia","article_modified_time":"2026-01-13T11:07:30+00:00","og_image":[{"width":1000,"height":1000,"url":"https:\/\/www.miamedicalitalia.it\/wp-content\/uploads\/2024\/05\/Rollator.png","type":"image\/png"}],"twitter_card":"summary_large_image","twitter_misc":{"Dur\u00e9e de lecture estim\u00e9e":"1 minute"},"schema":{"@context":"https:\/\/schema.org","@graph":[{"@type":"WebPage","@id":"https:\/\/www.miamedicalitalia.it\/prodotto\/noleggio-deambulatore-rollatore-in-alluminio-2\/","url":"https:\/\/www.miamedicalitalia.it\/prodotto\/noleggio-deambulatore-rollatore-in-alluminio-2\/","name":"Location de rollators pliants \u00e0 Rome et Florence","isPartOf":{"@id":"https:\/\/www.miamedicalitalia.it\/#website"},"primaryImageOfPage":{"@id":"https:\/\/www.miamedicalitalia.it\/prodotto\/noleggio-deambulatore-rollatore-in-alluminio-2\/#primaryimage"},"image":{"@id":"https:\/\/www.miamedicalitalia.it\/prodotto\/noleggio-deambulatore-rollatore-in-alluminio-2\/#primaryimage"},"thumbnailUrl":"https:\/\/www.miamedicalitalia.it\/wp-content\/uploads\/2024\/05\/Rollator.png","datePublished":"2024-05-17T12:45:17+00:00","dateModified":"2026-01-13T11:07:30+00:00","description":"Location et vente D\u00e9ambulateur pliant l\u00e9ger, freins et si\u00e8ge. Meilleur prix garanti. Faites-nous confiance. Nous sommes des experts en location.","breadcrumb":{"@id":"https:\/\/www.miamedicalitalia.it\/prodotto\/noleggio-deambulatore-rollatore-in-alluminio-2\/#breadcrumb"},"inLanguage":"fr-FR","potentialAction":[{"@type":"ReadAction","target":["https:\/\/www.miamedicalitalia.it\/prodotto\/noleggio-deambulatore-rollatore-in-alluminio-2\/"]}]},{"@type":"ImageObject","inLanguage":"fr-FR","@id":"https:\/\/www.miamedicalitalia.it\/prodotto\/noleggio-deambulatore-rollatore-in-alluminio-2\/#primaryimage","url":"https:\/\/www.miamedicalitalia.it\/wp-content\/uploads\/2024\/05\/Rollator.png","contentUrl":"https:\/\/www.miamedicalitalia.it\/wp-content\/uploads\/2024\/05\/Rollator.png","width":1000,"height":1000},{"@type":"BreadcrumbList","@id":"https:\/\/www.miamedicalitalia.it\/prodotto\/noleggio-deambulatore-rollatore-in-alluminio-2\/#breadcrumb","itemListElement":[{"@type":"ListItem","position":1,"name":"Home","item":"https:\/\/www.miamedicalitalia.it\/"},{"@type":"ListItem","position":2,"name":"Shop","item":"https:\/\/www.miamedicalitalia.it\/negozio\/"},{"@type":"ListItem","position":3,"name":"Affitto e noleggio","item":"https:\/\/www.miamedicalitalia.it\/categoria\/affitto-e-noleggio-ausili\/"},{"@type":"ListItem","position":4,"name":"Deambulatori e Rollatori","item":"https:\/\/www.miamedicalitalia.it\/categoria\/affitto-e-noleggio-ausili\/affitto-e-noleggio-deambulatori\/"},{"@type":"ListItem","position":5,"name":"Noleggio deambulatore rollatore con seduta"}]},{"@type":"WebSite","@id":"https:\/\/www.miamedicalitalia.it\/#website","url":"https:\/\/www.miamedicalitalia.it\/","name":"www.miamedicalitalia.it","description":"Location et vente d'\u00e9quipements sanitaires","publisher":{"@id":"https:\/\/www.miamedicalitalia.it\/#organization"},"potentialAction":[{"@type":"SearchAction","target":{"@type":"EntryPoint","urlTemplate":"https:\/\/www.miamedicalitalia.it\/?s={search_term_string}"},"query-input":{"@type":"PropertyValueSpecification","valueRequired":true,"valueName":"search_term_string"}}],"inLanguage":"fr-FR"},{"@type":"Organization","@id":"https:\/\/www.miamedicalitalia.it\/#organization","name":"OLG","url":"https:\/\/www.miamedicalitalia.it\/","logo":{"@type":"ImageObject","inLanguage":"fr-FR","@id":"https:\/\/www.miamedicalitalia.it\/#\/schema\/logo\/image\/","url":"https:\/\/www.miamedicalitalia.it\/wp-content\/uploads\/2023\/04\/mia-medical-logo-free.png","contentUrl":"https:\/\/www.miamedicalitalia.it\/wp-content\/uploads\/2023\/04\/mia-medical-logo-free.png","width":700,"height":700,"caption":"OLG"},"image":{"@id":"https:\/\/www.miamedicalitalia.it\/#\/schema\/logo\/image\/"},"sameAs":["https:\/\/www.facebook.com\/miamedicalitalia"]}]}},"wcpa_form_fields":{"wcpaData":{"product":{"product_price":30,"price_html":"<span class=\"woocommerce-Price-amount amount\" aria-hidden=\"true\"><bdi><span class=\"woocommerce-Price-currencySymbol\">&euro;<\/span>30.00<\/bdi><\/span> <span aria-hidden=\"true\">\u00a0\u2013\u00a0<\/span> <span class=\"woocommerce-Price-amount amount\" aria-hidden=\"true\"><bdi><span class=\"woocommerce-Price-currencySymbol\">&euro;<\/span>100.00<\/bdi><\/span><span class=\"screen-reader-text\">Plage de prix\u00a0: &euro;30.00 \u00e0 &euro;100.00<\/span>","original_product_price":30,"price_including_tax":30,"price_excluding_tax":30,"product_id":{"parent":12308,"variation":false},"is_variable":true,"stock_status":"instock","stock_quantity":null,"parent_sku":"","product_attributes":{"quanto-costa":{"is_variation":true,"values":[]}},"custom_fields":[],"is_taxable":false,"product_name":"Noleggio deambulatore rollatore con seduta","hasImage":false},"fields":{"sec_565f165582eb8c":{"extra":{"key":"sec_565f165582eb8c","section_id":"sec_565f165582eb8c","name":"Predefinito","status":1,"toggle":true,"form_id":12050,"form_rules":{"exclude_from_discount":false,"fee_label":"Tasa","disp_hide_options_price":false,"disp_show_section_price":false,"disp_show_field_price":true,"layout_option":"standard","pric_use_as_fee":false,"process_fee_as":"woo_fee"},"layout_option":"standard"},"fields":[[{"active":true,"col":6,"relations":false,"cl_rule":"show","enableCl":false,"price":"","enablePrice":false,"className":"input-text","type":"date","required":true,"elementId":"date_3189538061","name":"date_3189538061","label":"A partire dal giorno:","picker_type":"custom","picker_mode":"single","error":false,"description":"Inserisci la data di inizio del noleggio","gt_translate_keys":["label","description"],"price_dependency":false,"cl_dependency":false,"value":""}]]}},"config":{"price_override":"","enable_recaptcha":false,"bind_quantity":false,"quantity_bind_formula":false,"disp_summ_show_option_price":true,"disp_summ_show_product_price":true,"disp_summ_show_total_price":true,"disp_summ_show_fee":false,"disp_summ_show_discount":false,"summary_title":"","options_total_label":"Opciones Precio","total_label":"Total","options_product_label":"Precio del producto","fee_label":"Tasa","discount_label":"Descuento","has_price":true,"has_quantity_formula":false},"mc_unit":1,"tax_rate":1,"tax_rate_real":1,"discount":{"percentage":0,"fixed":0},"design":{"conf":{"LabelPosition":"above","DescPosition":"below","UploadField":"custom_1","QuantityFieldStyle":"default"},"css":{"LeftLabelWidth":"50px"}},"formulas":[],"lookuptables":[],"clones":false,"cartKey":false}},"_links":{"self":[{"href":"https:\/\/www.miamedicalitalia.it\/fr\/wp-json\/wp\/v2\/product\/12308","targetHints":{"allow":["GET"]}}],"collection":[{"href":"https:\/\/www.miamedicalitalia.it\/fr\/wp-json\/wp\/v2\/product"}],"about":[{"href":"https:\/\/www.miamedicalitalia.it\/fr\/wp-json\/wp\/v2\/types\/product"}],"wp:featuredmedia":[{"embeddable":true,"href":"https:\/\/www.miamedicalitalia.it\/fr\/wp-json\/wp\/v2\/media\/14623"}],"wp:attachment":[{"href":"https:\/\/www.miamedicalitalia.it\/fr\/wp-json\/wp\/v2\/media?parent=12308"}],"wp:term":[{"taxonomy":"home-category","embeddable":true,"href":"https:\/\/www.miamedicalitalia.it\/fr\/wp-json\/wp\/v2\/home-category?post=12308"},{"taxonomy":"product_brand","embeddable":true,"href":"https:\/\/www.miamedicalitalia.it\/fr\/wp-json\/wp\/v2\/product_brand?post=12308"},{"taxonomy":"product_cat","embeddable":true,"href":"https:\/\/www.miamedicalitalia.it\/fr\/wp-json\/wp\/v2\/product_cat?post=12308"},{"taxonomy":"product_tag","embeddable":true,"href":"https:\/\/www.miamedicalitalia.it\/fr\/wp-json\/wp\/v2\/product_tag?post=12308"},{"taxonomy":"woo-feed-brand","embeddable":true,"href":"https:\/\/www.miamedicalitalia.it\/fr\/wp-json\/wp\/v2\/woo-feed-brand?post=12308"}],"curies":[{"name":"wp","href":"https:\/\/api.w.org\/{rel}","templated":true}]}}