{"id":12152,"date":"2024-04-23T19:13:43","date_gmt":"2024-04-23T17:13:43","guid":{"rendered":"https:\/\/www.miamedicalitalia.it\/?post_type=product&#038;p=12152"},"modified":"2026-01-07T11:32:29","modified_gmt":"2026-01-07T09:32:29","slug":"noleggio-montascale-a-ruote-roma-e-firenze","status":"publish","type":"product","link":"https:\/\/www.miamedicalitalia.it\/fr\/produit\/noleggio-montascale-a-ruote-roma-e-firenze\/","title":{"rendered":"Location de monte-escalier sur roues T10 \u00e0 Rome et Florence"},"content":{"rendered":"<p><strong>Location d'un monte-escalier \u00e9lectrique \u00e0 roues T10 avec livraison \u00e0 domicile \u00e0 Rome et Florence pour plus de s\u00e9curit\u00e9 et de libert\u00e9 dans tous les environnements<\/strong><\/p>\n\n\n\n<p><strong>Vous \u00eates-vous d\u00e9j\u00e0 retrouv\u00e9 devant un escalier et vous \u00eates-vous demand\u00e9 comment le franchir en toute s\u00e9curit\u00e9 avec une personne \u00e2g\u00e9e ou \u00e0 mobilit\u00e9 r\u00e9duite ?<\/strong> <br>Les&nbsp;<strong>Monte-escalier sur roues T10<\/strong>&nbsp;C'est la solution simple, pratique et efficace pour surmonter tout type d'obstacle architectural, m\u00eame dans les environnements comportant des escaliers \u00e9troits ou des marches irr\u00e9guli\u00e8res. <strong>Compact, l\u00e9ger et d\u00e9montable<\/strong>, il est parfait pour une utilisation \u00e0 la maison, dans un immeuble ou en voyage. Avec&nbsp;<strong>M.I.A. Medical Italy<\/strong>, vous pouvez le recevoir chez vous, pr\u00eat \u00e0 l'emploi, en moins de 48 heures.<\/p>\n\n\n\n<h3 class=\"wp-block-heading\" id=\"h-cos-e-il-montascale-a-ruote-elettrico-t10-disponibile-a-noleggio-a-roma-e-firenze\"><strong>Qu'est-ce que le monte-escalier \u00e9lectrique \u00e0 roues T10 ?<\/strong> disponible \u00e0 la location \u00e0 Rome et \u00e0 Florence<\/h3>\n\n\n\n<p>Les&nbsp;<strong>T10<\/strong>&nbsp;est un&nbsp;<strong>monte-escalier \u00e9lectrique mobile<\/strong>avec&nbsp;<strong>si\u00e8ge rembourr\u00e9 int\u00e9gr\u00e9<\/strong>&nbsp;et syst\u00e8me de transport automatique sur les roues motrices.<\/p>\n\n\n\n<p>Gr\u00e2ce \u00e0 son moteur silencieux et \u00e0 son&nbsp;<strong>freins automatiques<\/strong>, permet \u00e0 un accompagnateur de transporter facilement la personne assist\u00e9e dans les escaliers en toute s\u00e9curit\u00e9, m\u00eame dans des espaces complexes tels que :<\/p>\n\n\n\n<ul class=\"wp-block-list\">\n<li>escaliers&nbsp;<strong>\u00e9troit jusqu'\u00e0 55 cm<\/strong>;<\/li>\n\n\n\n<li><strong>marches en \u00e9ventail<\/strong>&nbsp;ou en spirale ;<\/li>\n\n\n\n<li><strong>petits atterrissages<\/strong>&nbsp;(min. 70 cm).<\/li>\n<\/ul>\n\n\n\n<p><strong>Aucune chaise roulante n'est n\u00e9cessaire<\/strong>: le patient peut s'asseoir directement sur le si\u00e8ge du dispositif.<\/p>\n\n\n\n<h3 class=\"wp-block-heading\" id=\"h-a-chi-e-consigliato-l-utilizzo-del-t10\"><strong>\u00c0 qui l'utilisation du T10 est-elle recommand\u00e9e ?<\/strong><\/h3>\n\n\n\n<p>La location du monte-escalier \u00e0 roues T10 est indiqu\u00e9e pour :<\/p>\n\n\n\n<ul class=\"wp-block-list\">\n<li><strong>Personnes \u00e2g\u00e9es<\/strong>&nbsp;ayant des difficult\u00e9s motrices et vivant dans des immeubles sans ascenseur ;<\/li>\n\n\n\n<li>Les personnes confront\u00e9es&nbsp;<strong>des escaliers raides ou des pi\u00e8ces \u00e9troites<\/strong>;<\/li>\n\n\n\n<li>Les patients qui subissent&nbsp;<strong>la r\u00e9\u00e9ducation post-op\u00e9ratoire ou post-traumatique<\/strong>;<\/li>\n\n\n\n<li>Qui a besoin d'un&nbsp;<strong>solution temporaire<\/strong>pour les f\u00eates, les visites, les \u00e9v\u00e9nements ;<\/li>\n\n\n\n<li>Les familles ou les soignants qui le souhaitent&nbsp;<strong>se d\u00e9placer en toute s\u00e9curit\u00e9<\/strong>sans installations fixes.<\/li>\n<\/ul>\n\n\n\n<h4 class=\"wp-block-heading\" id=\"h-come-si-usa-il-montascale-a-ruote-t10\">Comment utiliser l'\u00e9l\u00e9vateur pour fauteuil roulant T10<\/h4>\n\n\n\n<p>Le T10 est&nbsp;<strong>g\u00e9r\u00e9 par une personne accompagnatrice<\/strong>le guidant \u00e0 travers une&nbsp;<strong>panneau de contr\u00f4le simple et intuitif<\/strong>.<\/p>\n\n\n\n<p>Pour le patient, il suffit de s'asseoir confortablement et de poser les pieds sur la plate-forme r\u00e9glable. Le&nbsp;<strong>accoudoirs rabattables<\/strong>&nbsp;facilitent la mont\u00e9e et la descente du dispositif. Le mouvement est fluide et automatique : il suffit de&nbsp;<strong>maintenir le s\u00e9lecteur de vitesse enfonc\u00e9<\/strong>&nbsp;pour franchir chaque \u00e9tape en toute s\u00e9curit\u00e9 et sans \u00e0-coups.<\/p>\n\n\n\n<p><strong>Facilement d\u00e9montable en 6 parties<\/strong>&nbsp;et peut \u00eatre transport\u00e9 dans le coffre d'une voiture.<\/p>\n\n\n\n<h4 class=\"wp-block-heading\" id=\"h-caratteristiche-principali-del-montascale-t10\">Principales caract\u00e9ristiques du monte-escalier T10<\/h4>\n\n\n\n<ul class=\"wp-block-list\">\n<li><strong>Convient aux escaliers \u00e9troits, en colima\u00e7on et en \u00e9ventail<\/strong><\/li>\n\n\n\n<li><strong>Si\u00e8ge rembourr\u00e9 int\u00e9gr\u00e9<\/strong>&nbsp;avec repose-pieds r\u00e9glable et accoudoirs rabattables<\/li>\n\n\n\n<li><strong>Moteur \u00e9lectrique 24V<\/strong>&nbsp;silencieux et fiable<\/li>\n\n\n\n<li><strong>Vitesse<\/strong>12 pas\/minute<\/li>\n\n\n\n<li><strong>L'autonomie<\/strong>jusqu'\u00e0&nbsp;<strong>200 pas sur une seule charge<\/strong><\/li>\n\n\n\n<li><strong>Poids max. de l'utilisateur<\/strong>120 kg<\/li>\n\n\n\n<li><strong>D\u00e9montable en 6 parties<\/strong>transportable m\u00eame dans une voiture<\/li>\n<\/ul>\n\n\n\n<p>Cliquez sur <strong><a href=\"https:\/\/data2.manualslib.com\/pdf7\/222\/22125\/2212422-vimec\/t10.pdf?e7f768d4f244eec38685ba315b9b3aa5\">ici<\/a><\/strong> pour obtenir la fiche technique compl\u00e8te.<\/p>\n\n\n\n<h3 class=\"wp-block-heading\" id=\"h-perche-scegliere-il-noleggio-del-montascale-a-ruote-t10\">Pourquoi choisir la location du monte-escalier \u00e0 roues T10 ?<\/h3>\n\n\n\n<ul class=\"wp-block-list\">\n<li><strong>\u00c9vitez les co\u00fbts d'achat \u00e9lev\u00e9s<\/strong>&nbsp;pour un usage temporaire ;<\/li>\n\n\n\n<li><strong>Recevoir le monte-escalier \u00e0 domicile<\/strong>, pr\u00eat \u00e0 l'emploi et accompagn\u00e9 d'une d\u00e9monstration ;<\/li>\n\n\n\n<li><strong>Choisir la dur\u00e9e de la location<\/strong>&nbsp;en fonction de vos besoins : de quelques jours \u00e0 plusieurs mois ;<\/li>\n\n\n\n<li><strong>Maintenance et assistance technique<\/strong>&nbsp;y compris ;<\/li>\n\n\n\n<li><strong>Assainissement professionnel<\/strong>&nbsp;\u00e0 chaque utilisation ;<\/li>\n\n\n\n<li><strong>Des prix transparents et comp\u00e9titifs<\/strong>sans frais cach\u00e9s.<\/li>\n<\/ul>\n\n\n\n<h2 class=\"wp-block-heading\" id=\"h-perche-scegliere-il-servizio-di-noleggio-mia-medical-italia\">Pourquoi choisir le service de location MIA Medical Italia ?<\/h2>\n\n\n\n<p>Nous offrons un service de <strong>location rapide \u00e0 Rome et Florence (\u00e9galement 24\/48 h selon disponibilit\u00e9)<\/strong> avec <strong>personnel qualifi\u00e9<\/strong> pour les <strong>livraison<\/strong> e <strong>instructions d'utilisation<\/strong>. Tous nos <strong>les aides<\/strong> sont <strong>s\u00fbr<\/strong> e <strong>certificats<\/strong>arrivent \u00e9galement dans vos foyers <strong>assaini<\/strong> et pr\u00eats \u00e0 l'emploi ! Nous fournissons \u00e9galement <strong>l'assistance<\/strong> <strong>se poursuit pendant toute la dur\u00e9e de la location. <a href=\"https:\/\/wa.me\/393926509237\">Contactez nous<\/a><\/strong> pour un <strong>devis t\u00e9l\u00e9phonique gratuit<\/strong> ou un <strong>consultation gratuite et sans engagement<\/strong> pour en savoir plus sur nos <strong><a href=\"https:\/\/www.miamedicalitalia.it\/fr\/categoria\/affitto-e-noleggio-ausili\/affitto-noleggio-montascale\/\">monte-escalier<\/a><\/strong> et d\u00e9couvrez celui qui r\u00e9pond le mieux \u00e0 vos besoins !<\/p>\n\n\n\n<p>Visitez \u00e9galement notre <strong><a href=\"https:\/\/www.miamedicalitalia.it\/fr\/\">.<\/a><\/strong> pour d\u00e9couvrir la large gamme de produits <strong>aides m\u00e9dicales et \u00e9lectrom\u00e9dicales <\/strong>que nous mettons \u00e0 disposition \u00e0 la fois sur le site <strong>location<\/strong> qu'en <strong>\u00e0 vendre<\/strong>entre <a href=\"https:\/\/www.miamedicalitalia.it\/fr\/categoria\/affitto-e-noleggio-ausili\/affitto-e-noleggio-carrozzina\/\">fauteuils roulants<\/a>, <a href=\"https:\/\/www.miamedicalitalia.it\/fr\/categoria\/affitto-e-noleggio-ausili\/noleggio-e-affitto-carrozzina-elettrica-e-scooter\/\">scooters \u00e9lectriques<\/a>, <a href=\"https:\/\/www.miamedicalitalia.it\/fr\/categoria\/affitto-e-noleggio-ausili\/noleggio-sollevatori-verticalizzatori\/\">\u00e9l\u00e9vateurs<\/a>, <a href=\"https:\/\/www.miamedicalitalia.it\/fr\/categoria\/affitto-e-noleggio-ausili\/noleggio-sollevatori-verticalizzatori\/\">verticalisateurs<\/a>, <a href=\"https:\/\/www.miamedicalitalia.it\/fr\/categoria\/affitto-e-noleggio-ausili\/noleggio-letti-ortopedici-ospedalieri\/\">lits orthop\u00e9diques<\/a>, <a href=\"https:\/\/www.miamedicalitalia.it\/fr\/categoria\/affitto-e-noleggio-ausili\/noleggio-e-affitto-carrozzina-elettrica-e-scooter\/\">fauteuils roulants \u00e9lectriques<\/a>, <a href=\"https:\/\/www.miamedicalitalia.it\/fr\/categoria\/affitto-e-noleggio-ausili\/noleggio-materassi-antidecubito-terapeutico-ad-alto-rischio\/\">matelas anti-escarres<\/a>, <a href=\"https:\/\/www.miamedicalitalia.it\/fr\/categoria\/affitto-e-noleggio-ausili\/affitto-noleggio-magnetoterapia-cemp\/\">magn\u00e9toth\u00e9rapie<\/a>, <a href=\"https:\/\/www.miamedicalitalia.it\/fr\/categoria\/affitto-e-noleggio-ausili\/affitto-noleggio-pressoterapia\/\">\u00e0 la th\u00e9rapie<\/a> e <strong>bien d'autres choses encore. Qu'attendez-vous ?<\/strong><\/p>\n\n\n\n<p><strong>Appeler le +39 392 65 09 237<\/strong><\/p>\n\n\n\n<p><strong><a href=\"https:\/\/wa.me\/393926509237\">\u00c9crivez-nous sur WhatsApp<\/a><\/strong><\/p>\n\n\n\n<p>Ou envoyez un courriel \u00e0&nbsp;<strong>info@miamedicalitalia.it<\/strong><\/p>\n\n\n\n<p><strong>Retrouvez libert\u00e9 et s\u00e9curit\u00e9 dans vos escaliers. Choisissez le T10, choisissez M.I.A. Medical.<\/strong><br><\/p>","protected":false},"excerpt":{"rendered":"<div style=\"font-family: Arial, sans-serif; background-color: #234091; padding: 30px; border-radius: 25px; max-width: 600px; color: #ffffff; position: relative; border-top: 6px solid #2498fe;\">\n<h3 style=\"margin-top: 0; margin-bottom: 15px; color: #ffffff;\">Pour monter et descendre tous les types d'escaliers, y compris les escaliers en colima\u00e7on.<\/h3>\n<p>Consegna a domicilio soltanto a Roma e Firenze a partire da 45\u20ac.<\/p>\n<p><strong>Livraison gratuite<\/strong> si vous achetez une location pour une dur\u00e9e minimale de 45 jours.<\/p>\n<p>La collecte et le retour des aides \u00e0 l'entrep\u00f4t sont <strong>Gratuit.<\/strong><\/p>\n<p><!-- Deposito --><\/p>\n<div style=\"margin-top: 20px; background-color: #ffffff; color: #234091; padding: 15px; border-radius: 15px;\">\n<h4 style=\"margin: 0 0 10px 0; font-size: 16px;\">D\u00e9p\u00f4t de garantie requis : <span style=\"color: #c43b3b; font-weight: bold;\">300\u20ac<\/span><\/h4>\n<p style=\"margin: 0; font-size: 14px;\">Pour la location de cet article, un <strong>D\u00e9p\u00f4t de garantie de 300 \u20ac.<\/strong>.<\/p>\n<\/div>\n<\/div>\n<p><!-- Linea bianca sotto --><\/p>\n<div style=\"height: 6px; background-color: #ffffff; max-width: 600px;\">\u00a0<\/div>","protected":false},"featured_media":12160,"template":"","meta":{"_acf_changed":false},"home-category":[],"product_brand":[],"product_cat":[227],"product_tag":[],"woo-feed-brand":[],"class_list":{"0":"post-12152","1":"product","2":"type-product","3":"status-publish","4":"has-post-thumbnail","6":"product_cat-affitto-noleggio-montascale","7":"wcpa_has_options","9":"first","10":"instock","11":"shipping-taxable","12":"purchasable","13":"product-type-variable"},"acf":[],"yoast_head":"<!-- This site is optimized with the Yoast SEO Premium plugin v27.3 (Yoast SEO v27.3) - https:\/\/yoast.com\/product\/yoast-seo-premium-wordpress\/ -->\n<title>Noleggio montascale a ruote T10 mobile a Roma e Firenze<\/title>\n<meta name=\"description\" content=\"Noleggio Montascale a ruote T10. Consegna rapida. Migliore Prezzo Garantito. Fidati dei nostri esperti. Scopri i nostri prezzi imbattibili, con i forfait.\" \/>\n<meta name=\"robots\" content=\"index, follow, max-snippet:-1, max-image-preview:large, max-video-preview:-1\" \/>\n<link rel=\"canonical\" href=\"https:\/\/www.miamedicalitalia.it\/fr\/produit\/noleggio-montascale-a-ruote-roma-e-firenze\/\" \/>\n<meta property=\"og:locale\" content=\"fr_FR\" \/>\n<meta property=\"og:type\" content=\"article\" \/>\n<meta property=\"og:title\" content=\"Noleggio montascale a ruote T10 mobile a Roma e Firenze\" \/>\n<meta property=\"og:description\" content=\"Noleggio Montascale a ruote T10. Consegna rapida. Migliore Prezzo Garantito. Fidati dei nostri esperti. Scopri i nostri prezzi imbattibili, con i forfait.\" \/>\n<meta property=\"og:url\" content=\"https:\/\/www.miamedicalitalia.it\/fr\/produit\/noleggio-montascale-a-ruote-roma-e-firenze\/\" \/>\n<meta property=\"og:site_name\" content=\"Mia Medical\" \/>\n<meta property=\"article:publisher\" content=\"https:\/\/www.facebook.com\/miamedicalitalia\" \/>\n<meta property=\"article:modified_time\" content=\"2026-01-07T09:32:29+00:00\" \/>\n<meta property=\"og:image\" content=\"https:\/\/www.miamedicalitalia.it\/wp-content\/uploads\/2024\/04\/montascale-a-ruote-T10.2-.jpg\" \/>\n\t<meta property=\"og:image:width\" content=\"1000\" \/>\n\t<meta property=\"og:image:height\" content=\"1000\" \/>\n\t<meta property=\"og:image:type\" content=\"image\/jpeg\" \/>\n<meta name=\"twitter:card\" content=\"summary_large_image\" \/>\n<meta name=\"twitter:label1\" content=\"Dur\u00e9e de lecture estim\u00e9e\" \/>\n\t<meta name=\"twitter:data1\" content=\"3 minutes\" \/>\n<script type=\"application\/ld+json\" class=\"yoast-schema-graph\">{\"@context\":\"https:\\\/\\\/schema.org\",\"@graph\":[{\"@type\":\"WebPage\",\"@id\":\"https:\\\/\\\/www.miamedicalitalia.it\\\/prodotto\\\/noleggio-montascale-a-ruote-roma-e-firenze\\\/\",\"url\":\"https:\\\/\\\/www.miamedicalitalia.it\\\/prodotto\\\/noleggio-montascale-a-ruote-roma-e-firenze\\\/\",\"name\":\"Noleggio montascale a ruote T10 mobile a Roma e Firenze\",\"isPartOf\":{\"@id\":\"https:\\\/\\\/www.miamedicalitalia.it\\\/#website\"},\"primaryImageOfPage\":{\"@id\":\"https:\\\/\\\/www.miamedicalitalia.it\\\/prodotto\\\/noleggio-montascale-a-ruote-roma-e-firenze\\\/#primaryimage\"},\"image\":{\"@id\":\"https:\\\/\\\/www.miamedicalitalia.it\\\/prodotto\\\/noleggio-montascale-a-ruote-roma-e-firenze\\\/#primaryimage\"},\"thumbnailUrl\":\"https:\\\/\\\/www.miamedicalitalia.it\\\/wp-content\\\/uploads\\\/2024\\\/04\\\/montascale-a-ruote-T10.2-.jpg\",\"datePublished\":\"2024-04-23T17:13:43+00:00\",\"dateModified\":\"2026-01-07T09:32:29+00:00\",\"description\":\"Noleggio Montascale a ruote T10. Consegna rapida. Migliore Prezzo Garantito. Fidati dei nostri esperti. Scopri i nostri prezzi imbattibili, con i forfait.\",\"breadcrumb\":{\"@id\":\"https:\\\/\\\/www.miamedicalitalia.it\\\/prodotto\\\/noleggio-montascale-a-ruote-roma-e-firenze\\\/#breadcrumb\"},\"inLanguage\":\"fr-FR\",\"potentialAction\":[{\"@type\":\"ReadAction\",\"target\":[\"https:\\\/\\\/www.miamedicalitalia.it\\\/prodotto\\\/noleggio-montascale-a-ruote-roma-e-firenze\\\/\"]}]},{\"@type\":\"ImageObject\",\"inLanguage\":\"fr-FR\",\"@id\":\"https:\\\/\\\/www.miamedicalitalia.it\\\/prodotto\\\/noleggio-montascale-a-ruote-roma-e-firenze\\\/#primaryimage\",\"url\":\"https:\\\/\\\/www.miamedicalitalia.it\\\/wp-content\\\/uploads\\\/2024\\\/04\\\/montascale-a-ruote-T10.2-.jpg\",\"contentUrl\":\"https:\\\/\\\/www.miamedicalitalia.it\\\/wp-content\\\/uploads\\\/2024\\\/04\\\/montascale-a-ruote-T10.2-.jpg\",\"width\":1000,\"height\":1000},{\"@type\":\"BreadcrumbList\",\"@id\":\"https:\\\/\\\/www.miamedicalitalia.it\\\/prodotto\\\/noleggio-montascale-a-ruote-roma-e-firenze\\\/#breadcrumb\",\"itemListElement\":[{\"@type\":\"ListItem\",\"position\":1,\"name\":\"Home\",\"item\":\"https:\\\/\\\/www.miamedicalitalia.it\\\/\"},{\"@type\":\"ListItem\",\"position\":2,\"name\":\"Shop\",\"item\":\"https:\\\/\\\/www.miamedicalitalia.it\\\/negozio\\\/\"},{\"@type\":\"ListItem\",\"position\":3,\"name\":\"Affitto e noleggio\",\"item\":\"https:\\\/\\\/www.miamedicalitalia.it\\\/categoria\\\/affitto-e-noleggio-ausili\\\/\"},{\"@type\":\"ListItem\",\"position\":4,\"name\":\"Montascale\",\"item\":\"https:\\\/\\\/www.miamedicalitalia.it\\\/categoria\\\/affitto-e-noleggio-ausili\\\/affitto-noleggio-montascale\\\/\"},{\"@type\":\"ListItem\",\"position\":5,\"name\":\"Noleggio Montascale a Ruote T10 a Roma e Firenze\"}]},{\"@type\":\"WebSite\",\"@id\":\"https:\\\/\\\/www.miamedicalitalia.it\\\/#website\",\"url\":\"https:\\\/\\\/www.miamedicalitalia.it\\\/\",\"name\":\"www.miamedicalitalia.it\",\"description\":\"Noleggio e Vendita Attrezzatura Sanitarie\",\"publisher\":{\"@id\":\"https:\\\/\\\/www.miamedicalitalia.it\\\/#organization\"},\"potentialAction\":[{\"@type\":\"SearchAction\",\"target\":{\"@type\":\"EntryPoint\",\"urlTemplate\":\"https:\\\/\\\/www.miamedicalitalia.it\\\/?s={search_term_string}\"},\"query-input\":{\"@type\":\"PropertyValueSpecification\",\"valueRequired\":true,\"valueName\":\"search_term_string\"}}],\"inLanguage\":\"fr-FR\"},{\"@type\":\"Organization\",\"@id\":\"https:\\\/\\\/www.miamedicalitalia.it\\\/#organization\",\"name\":\"OLG\",\"url\":\"https:\\\/\\\/www.miamedicalitalia.it\\\/\",\"logo\":{\"@type\":\"ImageObject\",\"inLanguage\":\"fr-FR\",\"@id\":\"https:\\\/\\\/www.miamedicalitalia.it\\\/#\\\/schema\\\/logo\\\/image\\\/\",\"url\":\"https:\\\/\\\/www.miamedicalitalia.it\\\/wp-content\\\/uploads\\\/2023\\\/04\\\/mia-medical-logo-free.png\",\"contentUrl\":\"https:\\\/\\\/www.miamedicalitalia.it\\\/wp-content\\\/uploads\\\/2023\\\/04\\\/mia-medical-logo-free.png\",\"width\":700,\"height\":700,\"caption\":\"OLG\"},\"image\":{\"@id\":\"https:\\\/\\\/www.miamedicalitalia.it\\\/#\\\/schema\\\/logo\\\/image\\\/\"},\"sameAs\":[\"https:\\\/\\\/www.facebook.com\\\/miamedicalitalia\"]}]}<\/script>\n<!-- \/ Yoast SEO Premium plugin. -->","yoast_head_json":{"title":"Location d'un monte-escalier mobile \u00e0 roulettes T10 \u00e0 Rome et Florence","description":"Location de monte-escalier \u00e0 roues T10. Livraison rapide. Meilleur prix garanti. Faites confiance \u00e0 nos experts. D\u00e9couvrez nos prix imbattables, avec les forfaits.","robots":{"index":"index","follow":"follow","max-snippet":"max-snippet:-1","max-image-preview":"max-image-preview:large","max-video-preview":"max-video-preview:-1"},"canonical":"https:\/\/www.miamedicalitalia.it\/fr\/produit\/noleggio-montascale-a-ruote-roma-e-firenze\/","og_locale":"fr_FR","og_type":"article","og_title":"Noleggio montascale a ruote T10 mobile a Roma e Firenze","og_description":"Noleggio Montascale a ruote T10. Consegna rapida. Migliore Prezzo Garantito. Fidati dei nostri esperti. Scopri i nostri prezzi imbattibili, con i forfait.","og_url":"https:\/\/www.miamedicalitalia.it\/fr\/produit\/noleggio-montascale-a-ruote-roma-e-firenze\/","og_site_name":"Mia Medical","article_publisher":"https:\/\/www.facebook.com\/miamedicalitalia","article_modified_time":"2026-01-07T09:32:29+00:00","og_image":[{"width":1000,"height":1000,"url":"https:\/\/www.miamedicalitalia.it\/wp-content\/uploads\/2024\/04\/montascale-a-ruote-T10.2-.jpg","type":"image\/jpeg"}],"twitter_card":"summary_large_image","twitter_misc":{"Dur\u00e9e de lecture estim\u00e9e":"3 minutes"},"schema":{"@context":"https:\/\/schema.org","@graph":[{"@type":"WebPage","@id":"https:\/\/www.miamedicalitalia.it\/prodotto\/noleggio-montascale-a-ruote-roma-e-firenze\/","url":"https:\/\/www.miamedicalitalia.it\/prodotto\/noleggio-montascale-a-ruote-roma-e-firenze\/","name":"Location d'un monte-escalier mobile \u00e0 roulettes T10 \u00e0 Rome et Florence","isPartOf":{"@id":"https:\/\/www.miamedicalitalia.it\/#website"},"primaryImageOfPage":{"@id":"https:\/\/www.miamedicalitalia.it\/prodotto\/noleggio-montascale-a-ruote-roma-e-firenze\/#primaryimage"},"image":{"@id":"https:\/\/www.miamedicalitalia.it\/prodotto\/noleggio-montascale-a-ruote-roma-e-firenze\/#primaryimage"},"thumbnailUrl":"https:\/\/www.miamedicalitalia.it\/wp-content\/uploads\/2024\/04\/montascale-a-ruote-T10.2-.jpg","datePublished":"2024-04-23T17:13:43+00:00","dateModified":"2026-01-07T09:32:29+00:00","description":"Location de monte-escalier \u00e0 roues T10. Livraison rapide. Meilleur prix garanti. Faites confiance \u00e0 nos experts. D\u00e9couvrez nos prix imbattables, avec les forfaits.","breadcrumb":{"@id":"https:\/\/www.miamedicalitalia.it\/prodotto\/noleggio-montascale-a-ruote-roma-e-firenze\/#breadcrumb"},"inLanguage":"fr-FR","potentialAction":[{"@type":"ReadAction","target":["https:\/\/www.miamedicalitalia.it\/prodotto\/noleggio-montascale-a-ruote-roma-e-firenze\/"]}]},{"@type":"ImageObject","inLanguage":"fr-FR","@id":"https:\/\/www.miamedicalitalia.it\/prodotto\/noleggio-montascale-a-ruote-roma-e-firenze\/#primaryimage","url":"https:\/\/www.miamedicalitalia.it\/wp-content\/uploads\/2024\/04\/montascale-a-ruote-T10.2-.jpg","contentUrl":"https:\/\/www.miamedicalitalia.it\/wp-content\/uploads\/2024\/04\/montascale-a-ruote-T10.2-.jpg","width":1000,"height":1000},{"@type":"BreadcrumbList","@id":"https:\/\/www.miamedicalitalia.it\/prodotto\/noleggio-montascale-a-ruote-roma-e-firenze\/#breadcrumb","itemListElement":[{"@type":"ListItem","position":1,"name":"Home","item":"https:\/\/www.miamedicalitalia.it\/"},{"@type":"ListItem","position":2,"name":"Shop","item":"https:\/\/www.miamedicalitalia.it\/negozio\/"},{"@type":"ListItem","position":3,"name":"Affitto e noleggio","item":"https:\/\/www.miamedicalitalia.it\/categoria\/affitto-e-noleggio-ausili\/"},{"@type":"ListItem","position":4,"name":"Montascale","item":"https:\/\/www.miamedicalitalia.it\/categoria\/affitto-e-noleggio-ausili\/affitto-noleggio-montascale\/"},{"@type":"ListItem","position":5,"name":"Noleggio Montascale a Ruote T10 a Roma e Firenze"}]},{"@type":"WebSite","@id":"https:\/\/www.miamedicalitalia.it\/#website","url":"https:\/\/www.miamedicalitalia.it\/","name":"www.miamedicalitalia.it","description":"Location et vente d'\u00e9quipements sanitaires","publisher":{"@id":"https:\/\/www.miamedicalitalia.it\/#organization"},"potentialAction":[{"@type":"SearchAction","target":{"@type":"EntryPoint","urlTemplate":"https:\/\/www.miamedicalitalia.it\/?s={search_term_string}"},"query-input":{"@type":"PropertyValueSpecification","valueRequired":true,"valueName":"search_term_string"}}],"inLanguage":"fr-FR"},{"@type":"Organization","@id":"https:\/\/www.miamedicalitalia.it\/#organization","name":"OLG","url":"https:\/\/www.miamedicalitalia.it\/","logo":{"@type":"ImageObject","inLanguage":"fr-FR","@id":"https:\/\/www.miamedicalitalia.it\/#\/schema\/logo\/image\/","url":"https:\/\/www.miamedicalitalia.it\/wp-content\/uploads\/2023\/04\/mia-medical-logo-free.png","contentUrl":"https:\/\/www.miamedicalitalia.it\/wp-content\/uploads\/2023\/04\/mia-medical-logo-free.png","width":700,"height":700,"caption":"OLG"},"image":{"@id":"https:\/\/www.miamedicalitalia.it\/#\/schema\/logo\/image\/"},"sameAs":["https:\/\/www.facebook.com\/miamedicalitalia"]}]}},"wcpa_form_fields":{"wcpaData":{"product":{"product_price":105,"price_html":"<span class=\"woocommerce-Price-amount amount\" aria-hidden=\"true\"><bdi><span class=\"woocommerce-Price-currencySymbol\">&euro;<\/span>105.00<\/bdi><\/span> <span aria-hidden=\"true\">\u00a0\u2013\u00a0<\/span> <span class=\"woocommerce-Price-amount amount\" aria-hidden=\"true\"><bdi><span class=\"woocommerce-Price-currencySymbol\">&euro;<\/span>540.00<\/bdi><\/span><span class=\"screen-reader-text\">Plage de prix\u00a0: &euro;105.00 \u00e0 &euro;540.00<\/span>","original_product_price":105,"price_including_tax":105,"price_excluding_tax":105,"product_id":{"parent":12152,"variation":false},"is_variable":true,"stock_status":"instock","stock_quantity":null,"parent_sku":"","product_attributes":{"quanto-costa":{"is_variation":true,"values":[]}},"custom_fields":[],"is_taxable":false,"product_name":"Noleggio Montascale a Ruote T10 a Roma e Firenze","hasImage":false},"fields":{"sec_565f165582eb8c":{"extra":{"key":"sec_565f165582eb8c","section_id":"sec_565f165582eb8c","name":"Predefinito","status":1,"toggle":true,"form_id":12050,"form_rules":{"exclude_from_discount":false,"fee_label":"Fee","disp_hide_options_price":false,"disp_show_section_price":false,"disp_show_field_price":true,"layout_option":"standard","pric_use_as_fee":false,"process_fee_as":"woo_fee"},"layout_option":"standard"},"fields":[[{"active":true,"col":6,"relations":false,"cl_rule":"show","enableCl":false,"price":"","enablePrice":false,"className":"input-text","type":"date","required":true,"elementId":"date_3189538061","name":"date_3189538061","label":"A partire dal giorno:","picker_type":"custom","picker_mode":"single","error":false,"description":"Inserisci la data di inizio del noleggio","gt_translate_keys":["label","description"],"price_dependency":false,"cl_dependency":false,"value":""}]]}},"config":{"price_override":"","enable_recaptcha":false,"bind_quantity":false,"quantity_bind_formula":false,"disp_summ_show_option_price":true,"disp_summ_show_product_price":true,"disp_summ_show_total_price":true,"disp_summ_show_fee":false,"disp_summ_show_discount":false,"summary_title":"","options_total_label":"Options Price","total_label":"Total","options_product_label":"Product Price","fee_label":"Fee","discount_label":"Discount","has_price":true,"has_quantity_formula":false},"mc_unit":1,"tax_rate":1,"tax_rate_real":1,"discount":{"percentage":0,"fixed":0},"design":{"conf":{"LabelPosition":"above","DescPosition":"below","UploadField":"custom_1","QuantityFieldStyle":"default"},"css":{"LeftLabelWidth":"50px"}},"formulas":[],"lookuptables":[],"clones":false,"cartKey":false}},"_links":{"self":[{"href":"https:\/\/www.miamedicalitalia.it\/fr\/wp-json\/wp\/v2\/product\/12152","targetHints":{"allow":["GET"]}}],"collection":[{"href":"https:\/\/www.miamedicalitalia.it\/fr\/wp-json\/wp\/v2\/product"}],"about":[{"href":"https:\/\/www.miamedicalitalia.it\/fr\/wp-json\/wp\/v2\/types\/product"}],"wp:featuredmedia":[{"embeddable":true,"href":"https:\/\/www.miamedicalitalia.it\/fr\/wp-json\/wp\/v2\/media\/12160"}],"wp:attachment":[{"href":"https:\/\/www.miamedicalitalia.it\/fr\/wp-json\/wp\/v2\/media?parent=12152"}],"wp:term":[{"taxonomy":"home-category","embeddable":true,"href":"https:\/\/www.miamedicalitalia.it\/fr\/wp-json\/wp\/v2\/home-category?post=12152"},{"taxonomy":"product_brand","embeddable":true,"href":"https:\/\/www.miamedicalitalia.it\/fr\/wp-json\/wp\/v2\/product_brand?post=12152"},{"taxonomy":"product_cat","embeddable":true,"href":"https:\/\/www.miamedicalitalia.it\/fr\/wp-json\/wp\/v2\/product_cat?post=12152"},{"taxonomy":"product_tag","embeddable":true,"href":"https:\/\/www.miamedicalitalia.it\/fr\/wp-json\/wp\/v2\/product_tag?post=12152"},{"taxonomy":"woo-feed-brand","embeddable":true,"href":"https:\/\/www.miamedicalitalia.it\/fr\/wp-json\/wp\/v2\/woo-feed-brand?post=12152"}],"curies":[{"name":"wp","href":"https:\/\/api.w.org\/{rel}","templated":true}]}}