{"id":11660,"date":"2023-10-10T18:02:37","date_gmt":"2023-10-10T16:02:37","guid":{"rendered":"https:\/\/www.miamedicalitalia.it\/?post_type=product&#038;p=11660"},"modified":"2026-02-18T14:18:33","modified_gmt":"2026-02-18T12:18:33","slug":"magnetoterapia-cemp-magnum-2500","status":"publish","type":"product","link":"https:\/\/www.miamedicalitalia.it\/fr\/produit\/magnetoterapia-cemp-magnum-2500\/","title":{"rendered":"Magn\u00e9toth\u00e9rapie Magnum 2500"},"content":{"rendered":"<p>Les <strong><a href=\"https:\/\/www.globuscorporation.com\/it\/prodotti-domiciliari\/magnum-2500\/\">Dispositif MAGNUM 2500 <\/a><\/strong> est la magn\u00e9toth\u00e9rapie <strong>CEMP \u00e0 basse fr\u00e9quence et \u00e0 haute intensit\u00e9<\/strong>con\u00e7u pour une <strong>utilisation professionnelle<\/strong>, convient \u00e9galement pour <strong>traitement \u00e0 domicile<\/strong>. Avec une puissance allant jusqu'\u00e0 250 Gauss par canal et deux canaux ind\u00e9pendants, il permet des th\u00e9rapies efficaces sur une ou plusieurs zones du corps simultan\u00e9ment.<\/p>\n\n\n\n<p>La technologie de <strong>Champs \u00e9lectromagn\u00e9tiques puls\u00e9s (CEMP) <\/strong>stimule <strong>r\u00e9g\u00e9n\u00e9ration cellulaire, favorise la cicatrisation des os et r\u00e9duit l'inflammation<\/strong>particuli\u00e8rement utile dans le traitement des <strong>fractures, arthrose, lombalgies, tendinites et ost\u00e9oporose.<\/strong><\/p>\n\n\n\n<p>Les <strong>MAGNUM 2500 <\/strong>est \u00e9quip\u00e9 de 30 programmes pr\u00e9d\u00e9finis pour les maladies les plus courantes et de 20 programmes personnalisables, permettant une gestion flexible et cibl\u00e9e de la th\u00e9rapie en fonction des besoins du patient.<\/p>\n\n\n\n<h4 class=\"wp-block-heading\" id=\"h-noleggio-magnetoterapia-magnum-2500-caratteristiche-principali-dispositivo\">Location de magn\u00e9toth\u00e9rapie MAGNUM 2500 : caract\u00e9ristiques principales de l'appareil <\/h4>\n\n\n\n<ul class=\"wp-block-list\">\n<li>Magn\u00e9toth\u00e9rapie \u00e0 basse fr\u00e9quence (PEMF)<\/li>\n\n\n\n<li>Intensit\u00e9 r\u00e9glable jusqu'\u00e0 250 Gauss par canal<\/li>\n\n\n\n<li>2 canaux ind\u00e9pendants pour des traitements multiples<\/li>\n\n\n\n<li>30 programmes pr\u00e9r\u00e9gl\u00e9s + 20 programmes programmables<\/li>\n\n\n\n<li>Minuterie de 5 \u00e0 90 minutes<\/li>\n\n\n\n<li>Grand \u00e9cran r\u00e9tro\u00e9clair\u00e9<\/li>\n\n\n\n<li>Alimentation \u00e9lectrique<\/li>\n\n\n\n<li>Accessoires inclus : sol\u00e9no\u00efdes, bande th\u00e9rapeutique, manuel d'utilisation.<\/li>\n<\/ul>\n\n\n\n<p>Location de l'appareil de magn\u00e9toth\u00e9rapie <strong>MAGNUM 2500<\/strong> est le choix id\u00e9al pour ceux qui recherchent un <strong>traitement efficace des douleurs articulaires, des maladies osseuses et inflammatoires, directement \u00e0 domicile<\/strong>.<br>Contactez-nous d\u00e8s aujourd'hui au +<strong>39 392 65 09 237<\/strong> et louez votre magn\u00e9toth\u00e9rapie, livraison rapide !<\/p>\n\n\n\n<h4 class=\"wp-block-heading\" id=\"h-perche-scegliere-il-noleggio\">Pourquoi embaucher <\/h4>\n\n\n\n<p>Opter pour la location d'un appareil de magn\u00e9toth\u00e9rapie <strong>MAGNUM 2500<\/strong> permet d'acc\u00e9der \u00e0 un dispositif professionnel tr\u00e8s efficace sans le co\u00fbt d'achat. Id\u00e9al pour les cycles th\u00e9rapeutiques temporaires, il vous permet de suivre les instructions m\u00e9dicales dans le confort de votre domicile.<\/p>\n\n\n\n<p><strong>Avantages de la location :<\/strong><\/p>\n\n\n\n<ul class=\"wp-block-list\">\n<li>Faible co\u00fbt<\/li>\n\n\n\n<li>Pas d'obligation d'achat<\/li>\n\n\n\n<li>Livraison rapide \u00e0 domicile<\/li>\n\n\n\n<li>Support technique d\u00e9di\u00e9<\/li>\n\n\n\n<li>Possibilit\u00e9 d'\u00e9tendre ou de suspendre le service en fonction des besoins<\/li>\n<\/ul>\n\n\n\n<h4 class=\"wp-block-heading\" id=\"h-perche-scegliere-il-servizio-mia-medical-italia\"><br><br><strong>Pourquoi choisir le service Mia Medical Italia<\/strong><\/h4>\n\n\n\n<p>Choisir Mia Medical Italia, c'est faire confiance \u00e0 une entreprise sp\u00e9cialis\u00e9e dans la location d'aides et d'appareils \u00e9lectrom\u00e9dicaux, qui fait preuve d'exp\u00e9rience, de professionnalisme et d'attention \u00e0 la client\u00e8le. Nos points forts :<\/p>\n\n\n\n<ul class=\"wp-block-list\">\n<li>Conseils gratuits sur le choix de l'appareil le plus adapt\u00e9<\/li>\n\n\n\n<li>Assistance t\u00e9l\u00e9phonique continue pendant la location<\/li>\n\n\n\n<li>Livraison et collecte \u00e0 domicile dans toute l'Italie<\/li>\n\n\n\n<li>Dispositifs d\u00e9sinfect\u00e9s et certifi\u00e9s CE<\/li>\n\n\n\n<li>Personnel comp\u00e9tent et serviable<\/li>\n\n\n\n<li>Des prix clairs et transparents<br><\/li>\n<\/ul>\n\n\n\n<p>Visitez le site <strong>notre site<\/strong> pour d\u00e9couvrir la vaste gamme de dispositifs \u00e9lectrom\u00e9dicaux, <strong><a href=\"https:\/\/www.miamedicalitalia.it\/fr\/categoria\/affitto-e-noleggio-ausili\/?_gl=1*c4srxd*_up*MQ..*_ga*MjExOTgxNjM4Mi4xNzQ4Njg0MzA5*_ga_D9FZ9V3LL7*czE3NDg2ODkyMzckbzMkZzAkdDE3NDg2ODkyMzckajYwJGwwJGgw\">magn\u00e9toth\u00e9rapie, \u00e9lectroth\u00e9rapie, pressoth\u00e9rapie, cryoth\u00e9rapie et autres.<\/a><\/strong><\/p>\n\n\n\n<p>Avec Mia Medical Italia, le traitement n'a jamais \u00e9t\u00e9 aussi simple et s\u00fbr. R\u00e9servez votre appareil d\u00e8s maintenant et commencez votre traitement en seulement 24\/48 heures ! Qu'est-ce que vous attendez ? <strong><a href=\"https:\/\/wa.me\/393926509237\">nous contacter<\/a><\/strong> maintenant \u00e0 +<strong>39 392 65 09 237.<\/strong> Appelez-nous pour louer votre appareil de magn\u00e9toth\u00e9rapie \u00e0 domicile d\u00e8s aujourd'hui. <br><\/p>\n\n\n\n<p><br><br><br><\/p>","protected":false},"excerpt":{"rendered":"<div style=\"font-family: Arial, sans-serif; background-color: #234091; padding: 30px; border-radius: 25px; max-width: 600px; color: #ffffff; position: relative; border-top: 6px solid #2498fe;\">\n<h3 style=\"color: #ffffff; margin-top: 0;\">Location Magn\u00e9toth\u00e9rapie CEMP MAGNUM 2500<\/h3>\n<p>Consegna a domicilio in tutta Italia a partire da 15\u20ac + 15\u20ac per il ritiro.<\/p>\n<p><strong>Livraison gratuite si vous achetez une location pour un minimum de 45 jours.<\/strong><\/p>\n<p><strong>Aucun d\u00e9p\u00f4t n'est requis !<\/strong><\/p>\n<\/div>\n<p><!-- Linea bianca sotto --><\/p>\n<div style=\"height: 6px; background-color: #ffffff; max-width: 600px;\">\u00a0<\/div>","protected":false},"featured_media":12108,"template":"","meta":{"_acf_changed":true},"home-category":[262],"product_brand":[],"product_cat":[224],"product_tag":[255],"woo-feed-brand":[],"class_list":{"0":"post-11660","1":"product","2":"type-product","3":"status-publish","4":"has-post-thumbnail","6":"home-category-elettromedicali","7":"product_cat-affitto-noleggio-magnetoterapia-cemp","8":"product_tag-magnetoterapia-cemp-a-domicilio","9":"product_shipping_class-elettromedicali","10":"wcpa_has_options","12":"first","13":"instock","14":"shipping-taxable","15":"purchasable","16":"product-type-variable"},"acf":[],"yoast_head":"<!-- This site is optimized with the Yoast SEO Premium plugin v27.5 (Yoast SEO v27.5) - https:\/\/yoast.com\/product\/yoast-seo-premium-wordpress\/ -->\n<title>Noleggio Magnetoterapia CEMP MAGNUM 2500<\/title>\n<meta name=\"description\" content=\"Noleggio Magnetoterapia Cemp Magnum 2500 da soli 2,00\u20ac al giorno. Trasporto gratuito. Nessun Deposito. disponibilit\u00e0 immediata. Prenota online ora!\" \/>\n<meta name=\"robots\" content=\"index, follow, max-snippet:-1, max-image-preview:large, max-video-preview:-1\" \/>\n<link rel=\"canonical\" href=\"https:\/\/www.miamedicalitalia.it\/fr\/produit\/magnetoterapia-cemp-magnum-2500\/\" \/>\n<meta property=\"og:locale\" content=\"fr_FR\" \/>\n<meta property=\"og:type\" content=\"article\" \/>\n<meta property=\"og:title\" content=\"Noleggio Magnetoterapia CEMP MAGNUM 2500\" \/>\n<meta property=\"og:description\" content=\"Noleggio Magnetoterapia Cemp Magnum 2500 da soli 2,00\u20ac al giorno. Trasporto gratuito. Nessun Deposito. disponibilit\u00e0 immediata. Prenota online ora!\" \/>\n<meta property=\"og:url\" content=\"https:\/\/www.miamedicalitalia.it\/fr\/produit\/magnetoterapia-cemp-magnum-2500\/\" \/>\n<meta property=\"og:site_name\" content=\"Mia Medical\" \/>\n<meta property=\"article:publisher\" content=\"https:\/\/www.facebook.com\/miamedicalitalia\" \/>\n<meta property=\"article:modified_time\" content=\"2026-02-18T12:18:33+00:00\" \/>\n<meta property=\"og:image\" content=\"https:\/\/www.miamedicalitalia.it\/wp-content\/uploads\/2023\/10\/MAGNETOTERAPIA-CEMP-MAGNUM-2500.jpg\" \/>\n\t<meta property=\"og:image:width\" content=\"1200\" \/>\n\t<meta property=\"og:image:height\" content=\"1200\" \/>\n\t<meta property=\"og:image:type\" content=\"image\/jpeg\" \/>\n<meta name=\"twitter:card\" content=\"summary_large_image\" \/>\n<meta name=\"twitter:label1\" content=\"Dur\u00e9e de lecture estim\u00e9e\" \/>\n\t<meta name=\"twitter:data1\" content=\"2 minutes\" \/>\n<script type=\"application\/ld+json\" class=\"yoast-schema-graph\">{\"@context\":\"https:\\\/\\\/schema.org\",\"@graph\":[{\"@type\":\"WebPage\",\"@id\":\"https:\\\/\\\/www.miamedicalitalia.it\\\/prodotto\\\/magnetoterapia-cemp-magnum-2500\\\/\",\"url\":\"https:\\\/\\\/www.miamedicalitalia.it\\\/prodotto\\\/magnetoterapia-cemp-magnum-2500\\\/\",\"name\":\"Noleggio Magnetoterapia CEMP MAGNUM 2500\",\"isPartOf\":{\"@id\":\"https:\\\/\\\/www.miamedicalitalia.it\\\/#website\"},\"primaryImageOfPage\":{\"@id\":\"https:\\\/\\\/www.miamedicalitalia.it\\\/prodotto\\\/magnetoterapia-cemp-magnum-2500\\\/#primaryimage\"},\"image\":{\"@id\":\"https:\\\/\\\/www.miamedicalitalia.it\\\/prodotto\\\/magnetoterapia-cemp-magnum-2500\\\/#primaryimage\"},\"thumbnailUrl\":\"https:\\\/\\\/www.miamedicalitalia.it\\\/wp-content\\\/uploads\\\/2023\\\/10\\\/MAGNETOTERAPIA-CEMP-MAGNUM-2500.jpg\",\"datePublished\":\"2023-10-10T16:02:37+00:00\",\"dateModified\":\"2026-02-18T12:18:33+00:00\",\"description\":\"Noleggio Magnetoterapia Cemp Magnum 2500 da soli 2,00\u20ac al giorno. Trasporto gratuito. Nessun Deposito. disponibilit\u00e0 immediata. Prenota online ora!\",\"breadcrumb\":{\"@id\":\"https:\\\/\\\/www.miamedicalitalia.it\\\/prodotto\\\/magnetoterapia-cemp-magnum-2500\\\/#breadcrumb\"},\"inLanguage\":\"fr-FR\",\"potentialAction\":[{\"@type\":\"ReadAction\",\"target\":[\"https:\\\/\\\/www.miamedicalitalia.it\\\/prodotto\\\/magnetoterapia-cemp-magnum-2500\\\/\"]}]},{\"@type\":\"ImageObject\",\"inLanguage\":\"fr-FR\",\"@id\":\"https:\\\/\\\/www.miamedicalitalia.it\\\/prodotto\\\/magnetoterapia-cemp-magnum-2500\\\/#primaryimage\",\"url\":\"https:\\\/\\\/www.miamedicalitalia.it\\\/wp-content\\\/uploads\\\/2023\\\/10\\\/MAGNETOTERAPIA-CEMP-MAGNUM-2500.jpg\",\"contentUrl\":\"https:\\\/\\\/www.miamedicalitalia.it\\\/wp-content\\\/uploads\\\/2023\\\/10\\\/MAGNETOTERAPIA-CEMP-MAGNUM-2500.jpg\",\"width\":1200,\"height\":1200},{\"@type\":\"BreadcrumbList\",\"@id\":\"https:\\\/\\\/www.miamedicalitalia.it\\\/prodotto\\\/magnetoterapia-cemp-magnum-2500\\\/#breadcrumb\",\"itemListElement\":[{\"@type\":\"ListItem\",\"position\":1,\"name\":\"Home\",\"item\":\"https:\\\/\\\/www.miamedicalitalia.it\\\/\"},{\"@type\":\"ListItem\",\"position\":2,\"name\":\"Shop\",\"item\":\"https:\\\/\\\/www.miamedicalitalia.it\\\/negozio\\\/\"},{\"@type\":\"ListItem\",\"position\":3,\"name\":\"Affitto e noleggio\",\"item\":\"https:\\\/\\\/www.miamedicalitalia.it\\\/categoria\\\/affitto-e-noleggio-ausili\\\/\"},{\"@type\":\"ListItem\",\"position\":4,\"name\":\"Magnetoterapia\",\"item\":\"https:\\\/\\\/www.miamedicalitalia.it\\\/categoria\\\/affitto-e-noleggio-ausili\\\/affitto-noleggio-magnetoterapia-cemp\\\/\"},{\"@type\":\"ListItem\",\"position\":5,\"name\":\"Magnetoterapia Magnum 2500\"}]},{\"@type\":\"WebSite\",\"@id\":\"https:\\\/\\\/www.miamedicalitalia.it\\\/#website\",\"url\":\"https:\\\/\\\/www.miamedicalitalia.it\\\/\",\"name\":\"www.miamedicalitalia.it\",\"description\":\"Noleggio e Vendita Attrezzatura Sanitarie\",\"publisher\":{\"@id\":\"https:\\\/\\\/www.miamedicalitalia.it\\\/#organization\"},\"potentialAction\":[{\"@type\":\"SearchAction\",\"target\":{\"@type\":\"EntryPoint\",\"urlTemplate\":\"https:\\\/\\\/www.miamedicalitalia.it\\\/?s={search_term_string}\"},\"query-input\":{\"@type\":\"PropertyValueSpecification\",\"valueRequired\":true,\"valueName\":\"search_term_string\"}}],\"inLanguage\":\"fr-FR\"},{\"@type\":\"Organization\",\"@id\":\"https:\\\/\\\/www.miamedicalitalia.it\\\/#organization\",\"name\":\"OLG\",\"url\":\"https:\\\/\\\/www.miamedicalitalia.it\\\/\",\"logo\":{\"@type\":\"ImageObject\",\"inLanguage\":\"fr-FR\",\"@id\":\"https:\\\/\\\/www.miamedicalitalia.it\\\/#\\\/schema\\\/logo\\\/image\\\/\",\"url\":\"https:\\\/\\\/www.miamedicalitalia.it\\\/wp-content\\\/uploads\\\/2023\\\/04\\\/mia-medical-logo-free.png\",\"contentUrl\":\"https:\\\/\\\/www.miamedicalitalia.it\\\/wp-content\\\/uploads\\\/2023\\\/04\\\/mia-medical-logo-free.png\",\"width\":700,\"height\":700,\"caption\":\"OLG\"},\"image\":{\"@id\":\"https:\\\/\\\/www.miamedicalitalia.it\\\/#\\\/schema\\\/logo\\\/image\\\/\"},\"sameAs\":[\"https:\\\/\\\/www.facebook.com\\\/miamedicalitalia\"]}]}<\/script>\n<!-- \/ Yoast SEO Premium plugin. -->","yoast_head_json":{"title":"Location Magn\u00e9toth\u00e9rapie CEMP MAGNUM 2500","description":"Magn\u00e9toth\u00e9rapie Location Cemp Magnum 2500 \u00e0 partir de seulement 2,00 \u20ac par jour. Transport gratuit. Pas de caution. Disponibilit\u00e9 imm\u00e9diate. R\u00e9servez en ligne d\u00e8s maintenant !","robots":{"index":"index","follow":"follow","max-snippet":"max-snippet:-1","max-image-preview":"max-image-preview:large","max-video-preview":"max-video-preview:-1"},"canonical":"https:\/\/www.miamedicalitalia.it\/fr\/produit\/magnetoterapia-cemp-magnum-2500\/","og_locale":"fr_FR","og_type":"article","og_title":"Noleggio Magnetoterapia CEMP MAGNUM 2500","og_description":"Noleggio Magnetoterapia Cemp Magnum 2500 da soli 2,00\u20ac al giorno. Trasporto gratuito. Nessun Deposito. disponibilit\u00e0 immediata. Prenota online ora!","og_url":"https:\/\/www.miamedicalitalia.it\/fr\/produit\/magnetoterapia-cemp-magnum-2500\/","og_site_name":"Mia Medical","article_publisher":"https:\/\/www.facebook.com\/miamedicalitalia","article_modified_time":"2026-02-18T12:18:33+00:00","og_image":[{"width":1200,"height":1200,"url":"https:\/\/www.miamedicalitalia.it\/wp-content\/uploads\/2023\/10\/MAGNETOTERAPIA-CEMP-MAGNUM-2500.jpg","type":"image\/jpeg"}],"twitter_card":"summary_large_image","twitter_misc":{"Dur\u00e9e de lecture estim\u00e9e":"2 minutes"},"schema":{"@context":"https:\/\/schema.org","@graph":[{"@type":"WebPage","@id":"https:\/\/www.miamedicalitalia.it\/prodotto\/magnetoterapia-cemp-magnum-2500\/","url":"https:\/\/www.miamedicalitalia.it\/prodotto\/magnetoterapia-cemp-magnum-2500\/","name":"Location Magn\u00e9toth\u00e9rapie CEMP MAGNUM 2500","isPartOf":{"@id":"https:\/\/www.miamedicalitalia.it\/#website"},"primaryImageOfPage":{"@id":"https:\/\/www.miamedicalitalia.it\/prodotto\/magnetoterapia-cemp-magnum-2500\/#primaryimage"},"image":{"@id":"https:\/\/www.miamedicalitalia.it\/prodotto\/magnetoterapia-cemp-magnum-2500\/#primaryimage"},"thumbnailUrl":"https:\/\/www.miamedicalitalia.it\/wp-content\/uploads\/2023\/10\/MAGNETOTERAPIA-CEMP-MAGNUM-2500.jpg","datePublished":"2023-10-10T16:02:37+00:00","dateModified":"2026-02-18T12:18:33+00:00","description":"Magn\u00e9toth\u00e9rapie Location Cemp Magnum 2500 \u00e0 partir de seulement 2,00 \u20ac par jour. Transport gratuit. Pas de caution. Disponibilit\u00e9 imm\u00e9diate. R\u00e9servez en ligne d\u00e8s maintenant !","breadcrumb":{"@id":"https:\/\/www.miamedicalitalia.it\/prodotto\/magnetoterapia-cemp-magnum-2500\/#breadcrumb"},"inLanguage":"fr-FR","potentialAction":[{"@type":"ReadAction","target":["https:\/\/www.miamedicalitalia.it\/prodotto\/magnetoterapia-cemp-magnum-2500\/"]}]},{"@type":"ImageObject","inLanguage":"fr-FR","@id":"https:\/\/www.miamedicalitalia.it\/prodotto\/magnetoterapia-cemp-magnum-2500\/#primaryimage","url":"https:\/\/www.miamedicalitalia.it\/wp-content\/uploads\/2023\/10\/MAGNETOTERAPIA-CEMP-MAGNUM-2500.jpg","contentUrl":"https:\/\/www.miamedicalitalia.it\/wp-content\/uploads\/2023\/10\/MAGNETOTERAPIA-CEMP-MAGNUM-2500.jpg","width":1200,"height":1200},{"@type":"BreadcrumbList","@id":"https:\/\/www.miamedicalitalia.it\/prodotto\/magnetoterapia-cemp-magnum-2500\/#breadcrumb","itemListElement":[{"@type":"ListItem","position":1,"name":"Home","item":"https:\/\/www.miamedicalitalia.it\/"},{"@type":"ListItem","position":2,"name":"Shop","item":"https:\/\/www.miamedicalitalia.it\/negozio\/"},{"@type":"ListItem","position":3,"name":"Affitto e noleggio","item":"https:\/\/www.miamedicalitalia.it\/categoria\/affitto-e-noleggio-ausili\/"},{"@type":"ListItem","position":4,"name":"Magnetoterapia","item":"https:\/\/www.miamedicalitalia.it\/categoria\/affitto-e-noleggio-ausili\/affitto-noleggio-magnetoterapia-cemp\/"},{"@type":"ListItem","position":5,"name":"Magnetoterapia Magnum 2500"}]},{"@type":"WebSite","@id":"https:\/\/www.miamedicalitalia.it\/#website","url":"https:\/\/www.miamedicalitalia.it\/","name":"www.miamedicalitalia.it","description":"Location et vente d'\u00e9quipements sanitaires","publisher":{"@id":"https:\/\/www.miamedicalitalia.it\/#organization"},"potentialAction":[{"@type":"SearchAction","target":{"@type":"EntryPoint","urlTemplate":"https:\/\/www.miamedicalitalia.it\/?s={search_term_string}"},"query-input":{"@type":"PropertyValueSpecification","valueRequired":true,"valueName":"search_term_string"}}],"inLanguage":"fr-FR"},{"@type":"Organization","@id":"https:\/\/www.miamedicalitalia.it\/#organization","name":"OLG","url":"https:\/\/www.miamedicalitalia.it\/","logo":{"@type":"ImageObject","inLanguage":"fr-FR","@id":"https:\/\/www.miamedicalitalia.it\/#\/schema\/logo\/image\/","url":"https:\/\/www.miamedicalitalia.it\/wp-content\/uploads\/2023\/04\/mia-medical-logo-free.png","contentUrl":"https:\/\/www.miamedicalitalia.it\/wp-content\/uploads\/2023\/04\/mia-medical-logo-free.png","width":700,"height":700,"caption":"OLG"},"image":{"@id":"https:\/\/www.miamedicalitalia.it\/#\/schema\/logo\/image\/"},"sameAs":["https:\/\/www.facebook.com\/miamedicalitalia"]}]}},"wcpa_form_fields":{"wcpaData":{"product":{"product_price":100,"price_html":"<span class=\"woocommerce-Price-amount amount\" aria-hidden=\"true\"><bdi><span class=\"woocommerce-Price-currencySymbol\">&euro;<\/span>100.00<\/bdi><\/span> <span aria-hidden=\"true\">\u00a0\u2013\u00a0<\/span> <span class=\"woocommerce-Price-amount amount\" aria-hidden=\"true\"><bdi><span class=\"woocommerce-Price-currencySymbol\">&euro;<\/span>210.00<\/bdi><\/span><span class=\"screen-reader-text\">Plage de prix\u00a0: &euro;100.00 \u00e0 &euro;210.00<\/span>","original_product_price":100,"price_including_tax":100,"price_excluding_tax":100,"product_id":{"parent":11660,"variation":false},"is_variable":true,"stock_status":"instock","stock_quantity":null,"parent_sku":"","product_attributes":{"quanto-costa":{"is_variation":true,"values":[]}},"custom_fields":[],"is_taxable":false,"product_name":"Magnetoterapia Magnum 2500","hasImage":false},"fields":{"sec_565f165582eb8c":{"extra":{"key":"sec_565f165582eb8c","section_id":"sec_565f165582eb8c","name":"Predefinito","status":1,"toggle":true,"form_id":12050,"form_rules":{"exclude_from_discount":false,"fee_label":"Taxa","disp_hide_options_price":false,"disp_show_section_price":false,"disp_show_field_price":true,"layout_option":"standard","pric_use_as_fee":false,"process_fee_as":"woo_fee"},"layout_option":"standard"},"fields":[[{"active":true,"col":6,"relations":false,"cl_rule":"show","enableCl":false,"price":"","enablePrice":false,"className":"input-text","type":"date","required":true,"elementId":"date_3189538061","name":"date_3189538061","label":"A partire dal giorno:","picker_type":"custom","picker_mode":"single","error":false,"description":"Inserisci la data di inizio del noleggio","gt_translate_keys":["label","description"],"price_dependency":false,"cl_dependency":false,"value":""}]]}},"config":{"price_override":"","enable_recaptcha":false,"bind_quantity":false,"quantity_bind_formula":false,"disp_summ_show_option_price":true,"disp_summ_show_product_price":true,"disp_summ_show_total_price":true,"disp_summ_show_fee":false,"disp_summ_show_discount":false,"summary_title":"","options_total_label":"Op\u00e7\u00f5es Pre\u00e7o","total_label":"Total","options_product_label":"Pre\u00e7o do produto","fee_label":"Taxa","discount_label":"Desconto","has_price":true,"has_quantity_formula":false},"mc_unit":1,"tax_rate":1,"tax_rate_real":1,"discount":{"percentage":0,"fixed":0},"design":{"conf":{"LabelPosition":"above","DescPosition":"below","UploadField":"custom_1","QuantityFieldStyle":"default"},"css":{"LeftLabelWidth":"50px"}},"formulas":[],"lookuptables":[],"clones":false,"cartKey":false}},"_links":{"self":[{"href":"https:\/\/www.miamedicalitalia.it\/fr\/wp-json\/wp\/v2\/product\/11660","targetHints":{"allow":["GET"]}}],"collection":[{"href":"https:\/\/www.miamedicalitalia.it\/fr\/wp-json\/wp\/v2\/product"}],"about":[{"href":"https:\/\/www.miamedicalitalia.it\/fr\/wp-json\/wp\/v2\/types\/product"}],"wp:featuredmedia":[{"embeddable":true,"href":"https:\/\/www.miamedicalitalia.it\/fr\/wp-json\/wp\/v2\/media\/12108"}],"wp:attachment":[{"href":"https:\/\/www.miamedicalitalia.it\/fr\/wp-json\/wp\/v2\/media?parent=11660"}],"wp:term":[{"taxonomy":"home-category","embeddable":true,"href":"https:\/\/www.miamedicalitalia.it\/fr\/wp-json\/wp\/v2\/home-category?post=11660"},{"taxonomy":"product_brand","embeddable":true,"href":"https:\/\/www.miamedicalitalia.it\/fr\/wp-json\/wp\/v2\/product_brand?post=11660"},{"taxonomy":"product_cat","embeddable":true,"href":"https:\/\/www.miamedicalitalia.it\/fr\/wp-json\/wp\/v2\/product_cat?post=11660"},{"taxonomy":"product_tag","embeddable":true,"href":"https:\/\/www.miamedicalitalia.it\/fr\/wp-json\/wp\/v2\/product_tag?post=11660"},{"taxonomy":"woo-feed-brand","embeddable":true,"href":"https:\/\/www.miamedicalitalia.it\/fr\/wp-json\/wp\/v2\/woo-feed-brand?post=11660"}],"curies":[{"name":"wp","href":"https:\/\/api.w.org\/{rel}","templated":true}]}}