{"id":11090,"date":"2023-04-11T12:47:50","date_gmt":"2023-04-11T11:47:50","guid":{"rendered":"https:\/\/www.miamedicalitalia.it\/?post_type=product&#038;p=11090"},"modified":"2026-01-07T11:58:11","modified_gmt":"2026-01-07T09:58:11","slug":"noleggio-sollevatore-elettrico-con-seduta-per-il-bagno","status":"publish","type":"product","link":"https:\/\/www.miamedicalitalia.it\/fr\/produit\/noleggio-sollevatore-elettrico-con-seduta-per-il-bagno\/","title":{"rendered":"Location d'un palan \u00e9lectrique avec si\u00e8ge"},"content":{"rendered":"<h4 class=\"wp-block-heading\" id=\"h-muevo-home-noleggio-sollevatore-elettrico-per-anziani-con-seduta-per-uso-domiciliare-sostegno-quotidiano-per-chi-assiste-e-per-chi-e-assistito\">MUEVO HOME &#8211; noleggio sollevatore elettrico per anziani con seduta per uso domiciliare. Sostegno quotidiano per chi assiste e per chi \u00e8 assistito.<\/h4>\n\n\n\n<p>Gestire una persona anziana o con ridotta mobilit\u00e0 all\u2019interno dell\u2019ambiente domestico \u00e8 una sfida che richiede forza, tempo e attenzione continua. Il&nbsp;<strong>L\u00e8ve-personne \u00e9lectrique avec si\u00e8ge MUEVO HOME<\/strong>&nbsp;est con\u00e7u pour&nbsp;<strong>simplifier les op\u00e9rations de levage et de transfert<\/strong>&nbsp;des personnes \u00e2g\u00e9es, handicap\u00e9es ou d\u00e9pendantes, en veillant \u00e0 ce que le maximum soit fait.&nbsp;<strong>la s\u00e9curit\u00e9, le confort et le soulagement physique des soignants<\/strong>.<\/p>\n\n\n\n<h4 class=\"wp-block-heading\" id=\"h-come-il-noleggio-un-sollevatore-elettrico-per-anziani-con-seduta-puo-essere-un-aiuto-concreto-nella-quotidianita\">Come Il noleggio un sollevatore elettrico per anziani con seduta pu\u00f2 essere un aiuto concreto nella quotidianit\u00e0<\/h4>\n\n\n\n<ul class=\"wp-block-list\">\n<li><strong>Des transferts plus s\u00fbrs et plus faciles<\/strong>Du lit au fauteuil roulant, de la baignoire \u00e0 la chaise, chaque mouvement est g\u00e9r\u00e9 de mani\u00e8re fluide et contr\u00f4l\u00e9e.<\/li>\n\n\n\n<li><strong>R\u00e9duit le risque de blessures pour les soignants<\/strong>Il \u00e9vite les levages manuels fatigants et potentiellement dommageables.<\/li>\n\n\n\n<li><strong>Compact et maniable<\/strong>Parfait m\u00eame dans les espaces restreints gr\u00e2ce \u00e0 la base r\u00e9glable en largeur.<\/li>\n\n\n\n<li><strong>Batterie longue dur\u00e9e<\/strong>plus de 40 cycles complets d'utilisation avec une seule charge.<\/li>\n\n\n\n<li><strong>Syst\u00e8me d'urgence int\u00e9gr\u00e9<\/strong>pour garantir une s\u00e9curit\u00e9 maximale m\u00eame en cas d'\u00e9v\u00e9nements impr\u00e9vus.<\/li>\n<\/ul>\n\n\n\n<h4 class=\"wp-block-heading\" id=\"h-in-quali-attivita-puo-essere-d-ausilio-il-sollevatore\">Dans quelles activit\u00e9s le palan peut-il \u00eatre utile ? <\/h4>\n\n\n\n<ul class=\"wp-block-list\">\n<li><em>D\u00e9placer la personne du lit, la faire se lever ou s'allonger sur le lit<\/em><\/li>\n\n\n\n<li><em> Accompagner la personne aux toilettes<\/em><\/li>\n\n\n\n<li><em>&nbsp;S'asseoir ou d\u00e9placer la personne de la chaise, de la chaise confortable et du fauteuil roulant<\/em><\/li>\n\n\n\n<li><em>D\u00e9placement de la personne \u00e0 l'int\u00e9rieur du domicile<\/em><\/li>\n\n\n\n<li><em> Accommoder la personne dans la voiture<\/em><\/li>\n<\/ul>\n\n\n\n<h4 class=\"wp-block-heading\" id=\"h-specifiche-tecniche-di-muevo-home-il-sollevatore-elettrico-per-anziani-con-seduta\">Caract\u00e9ristiques techniques de MUEVO HOME : le l\u00e8ve-personne \u00e9lectrique avec si\u00e8ge pour personnes \u00e2g\u00e9es<\/h4>\n\n\n\n<ul class=\"wp-block-list\">\n<li><strong>D\u00e9bit maximal<\/strong>135 kg<\/li>\n\n\n\n<li>Moteur \u00e9lectrique TiMotion<\/li>\n\n\n\n<li>Structure en acier peint<\/li>\n\n\n\n<li>Cinq roues pivotantes, dont deux avec <strong>frein<\/strong><\/li>\n\n\n\n<li><strong>Ouverture \u00e9lectrique des jambes<\/strong><\/li>\n\n\n\n<li><strong>Batterie amovible avec avertissement sonore et visuel de batterie faible<\/strong><\/li>\n\n\n\n<li><strong>Bouton d'arr\u00eat d'urgence<\/strong><\/li>\n\n\n\n<li><strong>Descente manuelle d'urgence<\/strong><\/li>\n\n\n\n<li><strong>S\u00e9curit\u00e9 anti-\u00e9crasement int\u00e9gr\u00e9e<\/strong><\/li>\n<\/ul>\n\n\n\n<p>Cliquez sur <a href=\"https:\/\/www.miamedicalitalia.it\/wp-content\/uploads\/2023\/04\/Muevo-home-.pdf?_gl=1*su4zs4*_up*MQ..*_ga*MTIzODA2NjA5My4xNzQ0NDYzMDQ5*_ga_D9FZ9V3LL7*MTc0NDQ2MzA0OC4xLjEuMTc0NDQ2MzA2Ni4wLjAuMA..\">ici<\/a> pour consulter la fiche technique compl\u00e8te. <\/p>\n\n\n\n<p><strong>Accessoires inclus et optionnels <\/strong><\/p>\n\n\n\n<ul class=\"wp-block-list\">\n<li><strong>Harnais standard en polyester<\/strong>&nbsp;(fourni)<\/li>\n\n\n\n<li><strong>Harnais de toilette<\/strong>&nbsp;(facultatif)<\/li>\n\n\n\n<li><strong>Bras de levage central<\/strong>&nbsp;(facultatif)<\/li>\n<\/ul>\n\n\n\n<h4 class=\"wp-block-heading\" id=\"h-per-chi-e-pensato-il-servizio-di-noleggio-di-muevo-home\">A qui s'adresse le service de location MUEVO HOME ?<\/h4>\n\n\n\n<p>Cet ascenseur est id\u00e9al pour :<\/p>\n\n\n\n<ul class=\"wp-block-list\">\n<li>Familles aidantes&nbsp;<strong>personnes \u00e2g\u00e9es ou handicap\u00e9es \u00e0 domicile<\/strong>m\u00eame en l'absence de personnel de sant\u00e9.<\/li>\n\n\n\n<li><strong>Aidants familiaux<\/strong>&nbsp;qui souhaitent une gestion plus simple et plus s\u00fbre des transferts quotidiens.<\/li>\n\n\n\n<li>Situations temporaires de non-autonomie (post-op\u00e9ratoires, r\u00e9\u00e9ducation, accidents).<\/li>\n<\/ul>\n\n\n\n<h4 class=\"wp-block-heading\" id=\"h-perche-scegliere-mia-medical-italia-come-tuo-alleato\">Pourquoi choisir Mia Medical Italia comme alli\u00e9 ?<\/h4>\n\n\n\n<p>Choisissez Mia Medical Italia pour votre location :<\/p>\n\n\n\n<ul class=\"wp-block-list\">\n<li>Hai&nbsp;<strong>assistance personnalis\u00e9e<\/strong>&nbsp;et la livraison de l'appareil directement \u00e0&nbsp;<strong>clinique, h\u00f4pital ou appartement<\/strong>.<\/li>\n\n\n\n<li>Trouver des appareils&nbsp;<strong>aseptis\u00e9, s\u00fbr et contr\u00f4l\u00e9<\/strong>&nbsp;par du personnel qualifi\u00e9.<\/li>\n\n\n\n<li>Hai&nbsp;<strong>un soutien local imm\u00e9diat<\/strong>\u00e0 Rome et \u00e0 Florence.<\/li>\n\n\n\n<li>R\u00e9servez facilement, avec des tarifs transparents et des options flexibles, m\u00eame pour plusieurs jours.<\/li>\n\n\n\n<li><strong><a href=\"https:\/\/www.morettispa.com\/prodotto\/sollevatore-elettrico-muevo-home-portata-max-135-kg-copia\/\">Appareils de derni\u00e8re g\u00e9n\u00e9ration et meilleure qualit\u00e9 sur le march\u00e9<\/a><\/strong><\/li>\n<\/ul>\n\n\n\n<h4 class=\"wp-block-heading\" id=\"h-noleggio-sollevatore-elettrico-con-seduta-un-investimento-per-il-benessere-di-tutta-la-famiglia\">Louer un l\u00e8ve-personne \u00e9lectrique avec si\u00e8ge : un investissement pour le bien-\u00eatre de toute la famille. <\/h4>\n\n\n\n<p><strong>MUEVO HOME<\/strong>&nbsp;am\u00e9liore concr\u00e8tement la qualit\u00e9 de vie du b\u00e9n\u00e9ficiaire des soins, qui peut se sentir plus en s\u00e9curit\u00e9 et moins d\u00e9pendant, et de l'aidant, en r\u00e9duisant le stress physique et \u00e9motionnel.<\/p>\n\n\n\n<p><strong>Une aide silencieuse mais indispensable, chaque jour, dans votre maison.<\/strong> Par ailleurs, si vous \u00eates l'aidant d'une personne d\u00e9pendante et que vous avez besoin d'un coup de main, nous vous recommandons de visiter le site web de notre infirmi\u00e8re. <strong><a href=\"http:\/\/www.arnaldiandrea.com\">Andrea Arnaldi<\/a><\/strong>sp\u00e9cialis\u00e9 dans les soins \u00e0 domicile, permettra \u00e0 vos proches ou \u00e0 vos patients de poursuivre les traitements n\u00e9cessaires dans le confort de leur foyer ! N'h\u00e9sitez pas \u00e0 le contacter. <\/p>\n\n\n\n<h4 class=\"wp-block-heading\" id=\"h-come-contattarci\">Comment nous contacter <\/h4>\n\n\n\n<p><strong><a href=\"https:\/\/wa.me\/393926509237\">Contactez nous<\/a><\/strong>&nbsp;d\u00e8s aujourd'hui pour conna\u00eetre les disponibilit\u00e9s et obtenir un devis. Et si nous ne vous avons toujours pas convaincu, appelez-nous d\u00e8s maintenant au&nbsp;<strong><a href=\"https:\/\/wa.me\/393926509237\">+39 392 65 09 237.<\/a><\/strong>&nbsp;Notre&nbsp;<strong>\u00e9quipe de sp\u00e9cialistes<\/strong>&nbsp;de l'industrie seront pr\u00eats \u00e0 r\u00e9pondre \u00e0 toutes vos questions et \u00e0 dissiper vos doutes.&nbsp;<strong>Contactez nous <\/strong>d\u00e8s aujourd'hui pour obtenir une consultation gratuite et sans engagement et laisser nos experts vous guider vers une exp\u00e9rience de location personnalis\u00e9e et adapt\u00e9e \u00e0 vos besoins.<\/p>\n\n\n\n<p><a href=\"https:\/\/www.miamedicalitalia.it\/fr\/mia-medical-condizioni-di-noleggio-dei-nostri-ausili-medicali\/?_gl=1*hr9jjl*_up*MQ..*_ga*MTUxMzgwNzg3Ni4xNzQ0NDY0NDE1*_ga_D9FZ9V3LL7*MTc0NDQ2NDQxNC4xLjEuMTc0NDQ2NDc5MC4wLjAuMA..\">Remarque : voir nos conditions de location<\/a>. <\/p>","protected":false},"excerpt":{"rendered":"<div style=\"font-family: Arial, sans-serif; background-color: #234091; padding: 30px; border-radius: 25px; max-width: 600px; color: #ffffff; position: relative; border-top: 6px solid #2498fe;\">\n<h3 style=\"margin-top: 0; margin-bottom: 15px; color: #ffffff;\">Location d'un palan \u00e9lectrique avec si\u00e8ge et \u00e9lingue.<\/h3>\n<p>Consegna a Roma e Firenze a partire da 45\u20ac.<\/p>\n<p><strong>Livraison gratuite<\/strong> pour des locations de 45 jours !<\/p>\n<p><strong>Aucun d\u00e9p\u00f4t n'est requis.<\/strong><\/p>\n<p>La livraison et l'enl\u00e8vement de l'entrep\u00f4t sont <strong>GRATUIT !<\/strong><\/p>\n<\/div>\n<p><!-- Linea bianca sotto --><\/p>\n<div style=\"height: 6px; background-color: #ffffff; max-width: 600px;\">\u00a0<\/div>","protected":false},"featured_media":12112,"template":"","meta":{"_acf_changed":false},"home-category":[263],"product_brand":[],"product_cat":[81],"product_tag":[237,238,236,235,212,213],"woo-feed-brand":[],"class_list":{"0":"post-11090","1":"product","2":"type-product","3":"status-publish","4":"has-post-thumbnail","6":"home-category-ausili","7":"product_cat-noleggio-sollevatori","8":"product_tag-affitto-sollevatore-elettrico","9":"product_tag-imbragatura","10":"product_tag-noleggio-sollevatore-elettrico","11":"product_tag-sollevatore-elettrico-tipo-sollievo","12":"product_tag-sollevatore-sollievo-affitto-noleggio","13":"product_tag-sollievo-plus","14":"wcpa_has_options","16":"first","17":"instock","18":"shipping-taxable","19":"purchasable","20":"product-type-variable"},"acf":[],"yoast_head":"<!-- This site is optimized with the Yoast SEO Premium plugin v27.5 (Yoast SEO v27.5) - https:\/\/yoast.com\/product\/yoast-seo-premium-wordpress\/ -->\n<title>Noleggio sollevatore elettrico con seduta per il bagno<\/title>\n<meta name=\"description\" content=\"Noleggio, affitto del sollevatore elettrico per anziani con seduta MUEVO home per interni ed esterni. Prezzi speciali. Chiama subito il 3926509237 !\" \/>\n<meta name=\"robots\" content=\"index, follow, max-snippet:-1, max-image-preview:large, max-video-preview:-1\" \/>\n<link rel=\"canonical\" href=\"https:\/\/www.miamedicalitalia.it\/fr\/produit\/noleggio-sollevatore-elettrico-con-seduta-per-il-bagno\/\" \/>\n<meta property=\"og:locale\" content=\"fr_FR\" \/>\n<meta property=\"og:type\" content=\"article\" \/>\n<meta property=\"og:title\" content=\"Noleggio sollevatore elettrico con seduta per il bagno\" \/>\n<meta property=\"og:description\" content=\"Noleggio, affitto del sollevatore elettrico per anziani con seduta MUEVO home per interni ed esterni. Prezzi speciali. Chiama subito il 3926509237 !\" \/>\n<meta property=\"og:url\" content=\"https:\/\/www.miamedicalitalia.it\/fr\/produit\/noleggio-sollevatore-elettrico-con-seduta-per-il-bagno\/\" \/>\n<meta property=\"og:site_name\" content=\"Mia Medical\" \/>\n<meta property=\"article:publisher\" content=\"https:\/\/www.facebook.com\/miamedicalitalia\" \/>\n<meta property=\"article:modified_time\" content=\"2026-01-07T09:58:11+00:00\" \/>\n<meta property=\"og:image\" content=\"https:\/\/www.miamedicalitalia.it\/wp-content\/uploads\/2023\/04\/sollevatore-con-seduta-elettrico.jpg\" \/>\n\t<meta property=\"og:image:width\" content=\"1200\" \/>\n\t<meta property=\"og:image:height\" content=\"1200\" \/>\n\t<meta property=\"og:image:type\" content=\"image\/jpeg\" \/>\n<meta name=\"twitter:card\" content=\"summary_large_image\" \/>\n<meta name=\"twitter:label1\" content=\"Dur\u00e9e de lecture estim\u00e9e\" \/>\n\t<meta name=\"twitter:data1\" content=\"3 minutes\" \/>\n<script type=\"application\/ld+json\" class=\"yoast-schema-graph\">{\"@context\":\"https:\\\/\\\/schema.org\",\"@graph\":[{\"@type\":\"WebPage\",\"@id\":\"https:\\\/\\\/www.miamedicalitalia.it\\\/prodotto\\\/noleggio-sollevatore-elettrico-con-seduta-per-il-bagno\\\/\",\"url\":\"https:\\\/\\\/www.miamedicalitalia.it\\\/prodotto\\\/noleggio-sollevatore-elettrico-con-seduta-per-il-bagno\\\/\",\"name\":\"Noleggio sollevatore elettrico con seduta per il bagno\",\"isPartOf\":{\"@id\":\"https:\\\/\\\/www.miamedicalitalia.it\\\/#website\"},\"primaryImageOfPage\":{\"@id\":\"https:\\\/\\\/www.miamedicalitalia.it\\\/prodotto\\\/noleggio-sollevatore-elettrico-con-seduta-per-il-bagno\\\/#primaryimage\"},\"image\":{\"@id\":\"https:\\\/\\\/www.miamedicalitalia.it\\\/prodotto\\\/noleggio-sollevatore-elettrico-con-seduta-per-il-bagno\\\/#primaryimage\"},\"thumbnailUrl\":\"https:\\\/\\\/www.miamedicalitalia.it\\\/wp-content\\\/uploads\\\/2023\\\/04\\\/sollevatore-con-seduta-elettrico.jpg\",\"datePublished\":\"2023-04-11T11:47:50+00:00\",\"dateModified\":\"2026-01-07T09:58:11+00:00\",\"description\":\"Noleggio, affitto del sollevatore elettrico per anziani con seduta MUEVO home per interni ed esterni. Prezzi speciali. Chiama subito il 3926509237 !\",\"breadcrumb\":{\"@id\":\"https:\\\/\\\/www.miamedicalitalia.it\\\/prodotto\\\/noleggio-sollevatore-elettrico-con-seduta-per-il-bagno\\\/#breadcrumb\"},\"inLanguage\":\"fr-FR\",\"potentialAction\":[{\"@type\":\"ReadAction\",\"target\":[\"https:\\\/\\\/www.miamedicalitalia.it\\\/prodotto\\\/noleggio-sollevatore-elettrico-con-seduta-per-il-bagno\\\/\"]}]},{\"@type\":\"ImageObject\",\"inLanguage\":\"fr-FR\",\"@id\":\"https:\\\/\\\/www.miamedicalitalia.it\\\/prodotto\\\/noleggio-sollevatore-elettrico-con-seduta-per-il-bagno\\\/#primaryimage\",\"url\":\"https:\\\/\\\/www.miamedicalitalia.it\\\/wp-content\\\/uploads\\\/2023\\\/04\\\/sollevatore-con-seduta-elettrico.jpg\",\"contentUrl\":\"https:\\\/\\\/www.miamedicalitalia.it\\\/wp-content\\\/uploads\\\/2023\\\/04\\\/sollevatore-con-seduta-elettrico.jpg\",\"width\":1200,\"height\":1200},{\"@type\":\"BreadcrumbList\",\"@id\":\"https:\\\/\\\/www.miamedicalitalia.it\\\/prodotto\\\/noleggio-sollevatore-elettrico-con-seduta-per-il-bagno\\\/#breadcrumb\",\"itemListElement\":[{\"@type\":\"ListItem\",\"position\":1,\"name\":\"Home\",\"item\":\"https:\\\/\\\/www.miamedicalitalia.it\\\/\"},{\"@type\":\"ListItem\",\"position\":2,\"name\":\"Shop\",\"item\":\"https:\\\/\\\/www.miamedicalitalia.it\\\/negozio\\\/\"},{\"@type\":\"ListItem\",\"position\":3,\"name\":\"Affitto e noleggio\",\"item\":\"https:\\\/\\\/www.miamedicalitalia.it\\\/categoria\\\/affitto-e-noleggio-ausili\\\/\"},{\"@type\":\"ListItem\",\"position\":4,\"name\":\"Sollevatori\",\"item\":\"https:\\\/\\\/www.miamedicalitalia.it\\\/categoria\\\/affitto-e-noleggio-ausili\\\/noleggio-sollevatori\\\/\"},{\"@type\":\"ListItem\",\"position\":5,\"name\":\"Noleggio sollevatore elettrico con seduta\"}]},{\"@type\":\"WebSite\",\"@id\":\"https:\\\/\\\/www.miamedicalitalia.it\\\/#website\",\"url\":\"https:\\\/\\\/www.miamedicalitalia.it\\\/\",\"name\":\"www.miamedicalitalia.it\",\"description\":\"Noleggio e Vendita Attrezzatura Sanitarie\",\"publisher\":{\"@id\":\"https:\\\/\\\/www.miamedicalitalia.it\\\/#organization\"},\"potentialAction\":[{\"@type\":\"SearchAction\",\"target\":{\"@type\":\"EntryPoint\",\"urlTemplate\":\"https:\\\/\\\/www.miamedicalitalia.it\\\/?s={search_term_string}\"},\"query-input\":{\"@type\":\"PropertyValueSpecification\",\"valueRequired\":true,\"valueName\":\"search_term_string\"}}],\"inLanguage\":\"fr-FR\"},{\"@type\":\"Organization\",\"@id\":\"https:\\\/\\\/www.miamedicalitalia.it\\\/#organization\",\"name\":\"OLG\",\"url\":\"https:\\\/\\\/www.miamedicalitalia.it\\\/\",\"logo\":{\"@type\":\"ImageObject\",\"inLanguage\":\"fr-FR\",\"@id\":\"https:\\\/\\\/www.miamedicalitalia.it\\\/#\\\/schema\\\/logo\\\/image\\\/\",\"url\":\"https:\\\/\\\/www.miamedicalitalia.it\\\/wp-content\\\/uploads\\\/2023\\\/04\\\/mia-medical-logo-free.png\",\"contentUrl\":\"https:\\\/\\\/www.miamedicalitalia.it\\\/wp-content\\\/uploads\\\/2023\\\/04\\\/mia-medical-logo-free.png\",\"width\":700,\"height\":700,\"caption\":\"OLG\"},\"image\":{\"@id\":\"https:\\\/\\\/www.miamedicalitalia.it\\\/#\\\/schema\\\/logo\\\/image\\\/\"},\"sameAs\":[\"https:\\\/\\\/www.facebook.com\\\/miamedicalitalia\"]}]}<\/script>\n<!-- \/ Yoast SEO Premium plugin. -->","yoast_head_json":{"title":"Location de l\u00e8ve-personne \u00e9lectrique avec si\u00e8ge pour la salle de bain","description":"Noleggio, affitto del sollevatore elettrico per anziani con seduta MUEVO home per interni ed esterni. Prezzi speciali. Chiama subito il 3926509237 !","robots":{"index":"index","follow":"follow","max-snippet":"max-snippet:-1","max-image-preview":"max-image-preview:large","max-video-preview":"max-video-preview:-1"},"canonical":"https:\/\/www.miamedicalitalia.it\/fr\/produit\/noleggio-sollevatore-elettrico-con-seduta-per-il-bagno\/","og_locale":"fr_FR","og_type":"article","og_title":"Noleggio sollevatore elettrico con seduta per il bagno","og_description":"Noleggio, affitto del sollevatore elettrico per anziani con seduta MUEVO home per interni ed esterni. Prezzi speciali. Chiama subito il 3926509237 !","og_url":"https:\/\/www.miamedicalitalia.it\/fr\/produit\/noleggio-sollevatore-elettrico-con-seduta-per-il-bagno\/","og_site_name":"Mia Medical","article_publisher":"https:\/\/www.facebook.com\/miamedicalitalia","article_modified_time":"2026-01-07T09:58:11+00:00","og_image":[{"width":1200,"height":1200,"url":"https:\/\/www.miamedicalitalia.it\/wp-content\/uploads\/2023\/04\/sollevatore-con-seduta-elettrico.jpg","type":"image\/jpeg"}],"twitter_card":"summary_large_image","twitter_misc":{"Dur\u00e9e de lecture estim\u00e9e":"3 minutes"},"schema":{"@context":"https:\/\/schema.org","@graph":[{"@type":"WebPage","@id":"https:\/\/www.miamedicalitalia.it\/prodotto\/noleggio-sollevatore-elettrico-con-seduta-per-il-bagno\/","url":"https:\/\/www.miamedicalitalia.it\/prodotto\/noleggio-sollevatore-elettrico-con-seduta-per-il-bagno\/","name":"Location de l\u00e8ve-personne \u00e9lectrique avec si\u00e8ge pour la salle de bain","isPartOf":{"@id":"https:\/\/www.miamedicalitalia.it\/#website"},"primaryImageOfPage":{"@id":"https:\/\/www.miamedicalitalia.it\/prodotto\/noleggio-sollevatore-elettrico-con-seduta-per-il-bagno\/#primaryimage"},"image":{"@id":"https:\/\/www.miamedicalitalia.it\/prodotto\/noleggio-sollevatore-elettrico-con-seduta-per-il-bagno\/#primaryimage"},"thumbnailUrl":"https:\/\/www.miamedicalitalia.it\/wp-content\/uploads\/2023\/04\/sollevatore-con-seduta-elettrico.jpg","datePublished":"2023-04-11T11:47:50+00:00","dateModified":"2026-01-07T09:58:11+00:00","description":"Noleggio, affitto del sollevatore elettrico per anziani con seduta MUEVO home per interni ed esterni. Prezzi speciali. Chiama subito il 3926509237 !","breadcrumb":{"@id":"https:\/\/www.miamedicalitalia.it\/prodotto\/noleggio-sollevatore-elettrico-con-seduta-per-il-bagno\/#breadcrumb"},"inLanguage":"fr-FR","potentialAction":[{"@type":"ReadAction","target":["https:\/\/www.miamedicalitalia.it\/prodotto\/noleggio-sollevatore-elettrico-con-seduta-per-il-bagno\/"]}]},{"@type":"ImageObject","inLanguage":"fr-FR","@id":"https:\/\/www.miamedicalitalia.it\/prodotto\/noleggio-sollevatore-elettrico-con-seduta-per-il-bagno\/#primaryimage","url":"https:\/\/www.miamedicalitalia.it\/wp-content\/uploads\/2023\/04\/sollevatore-con-seduta-elettrico.jpg","contentUrl":"https:\/\/www.miamedicalitalia.it\/wp-content\/uploads\/2023\/04\/sollevatore-con-seduta-elettrico.jpg","width":1200,"height":1200},{"@type":"BreadcrumbList","@id":"https:\/\/www.miamedicalitalia.it\/prodotto\/noleggio-sollevatore-elettrico-con-seduta-per-il-bagno\/#breadcrumb","itemListElement":[{"@type":"ListItem","position":1,"name":"Home","item":"https:\/\/www.miamedicalitalia.it\/"},{"@type":"ListItem","position":2,"name":"Shop","item":"https:\/\/www.miamedicalitalia.it\/negozio\/"},{"@type":"ListItem","position":3,"name":"Affitto e noleggio","item":"https:\/\/www.miamedicalitalia.it\/categoria\/affitto-e-noleggio-ausili\/"},{"@type":"ListItem","position":4,"name":"Sollevatori","item":"https:\/\/www.miamedicalitalia.it\/categoria\/affitto-e-noleggio-ausili\/noleggio-sollevatori\/"},{"@type":"ListItem","position":5,"name":"Noleggio sollevatore elettrico con seduta"}]},{"@type":"WebSite","@id":"https:\/\/www.miamedicalitalia.it\/#website","url":"https:\/\/www.miamedicalitalia.it\/","name":"www.miamedicalitalia.it","description":"Location et vente d'\u00e9quipements sanitaires","publisher":{"@id":"https:\/\/www.miamedicalitalia.it\/#organization"},"potentialAction":[{"@type":"SearchAction","target":{"@type":"EntryPoint","urlTemplate":"https:\/\/www.miamedicalitalia.it\/?s={search_term_string}"},"query-input":{"@type":"PropertyValueSpecification","valueRequired":true,"valueName":"search_term_string"}}],"inLanguage":"fr-FR"},{"@type":"Organization","@id":"https:\/\/www.miamedicalitalia.it\/#organization","name":"OLG","url":"https:\/\/www.miamedicalitalia.it\/","logo":{"@type":"ImageObject","inLanguage":"fr-FR","@id":"https:\/\/www.miamedicalitalia.it\/#\/schema\/logo\/image\/","url":"https:\/\/www.miamedicalitalia.it\/wp-content\/uploads\/2023\/04\/mia-medical-logo-free.png","contentUrl":"https:\/\/www.miamedicalitalia.it\/wp-content\/uploads\/2023\/04\/mia-medical-logo-free.png","width":700,"height":700,"caption":"OLG"},"image":{"@id":"https:\/\/www.miamedicalitalia.it\/#\/schema\/logo\/image\/"},"sameAs":["https:\/\/www.facebook.com\/miamedicalitalia"]}]}},"wcpa_form_fields":{"wcpaData":{"product":{"product_price":150,"price_html":"<span class=\"woocommerce-Price-amount amount\" aria-hidden=\"true\"><bdi><span class=\"woocommerce-Price-currencySymbol\">&euro;<\/span>150.00<\/bdi><\/span> <span aria-hidden=\"true\">\u00a0\u2013\u00a0<\/span> <span class=\"woocommerce-Price-amount amount\" aria-hidden=\"true\"><bdi><span class=\"woocommerce-Price-currencySymbol\">&euro;<\/span>360.00<\/bdi><\/span><span class=\"screen-reader-text\">Plage de prix\u00a0: &euro;150.00 \u00e0 &euro;360.00<\/span>","original_product_price":150,"price_including_tax":150,"price_excluding_tax":150,"product_id":{"parent":11090,"variation":false},"is_variable":true,"stock_status":"instock","stock_quantity":null,"parent_sku":"","product_attributes":{"quanto-costa":{"is_variation":true,"values":[]}},"custom_fields":[],"is_taxable":false,"product_name":"Noleggio sollevatore elettrico con seduta","hasImage":false},"fields":{"sec_565f165582eb8c":{"extra":{"key":"sec_565f165582eb8c","section_id":"sec_565f165582eb8c","name":"Predefinito","status":1,"toggle":true,"form_id":12050,"form_rules":{"exclude_from_discount":false,"fee_label":"Frais","disp_hide_options_price":false,"disp_show_section_price":false,"disp_show_field_price":true,"layout_option":"standard","pric_use_as_fee":false,"process_fee_as":"woo_fee"},"layout_option":"standard"},"fields":[[{"active":true,"col":6,"relations":false,"cl_rule":"show","enableCl":false,"price":"","enablePrice":false,"className":"input-text","type":"date","required":true,"elementId":"date_3189538061","name":"date_3189538061","label":"A partire dal giorno:","picker_type":"custom","picker_mode":"single","error":false,"description":"Inserisci la data di inizio del noleggio","gt_translate_keys":["label","description"],"price_dependency":false,"cl_dependency":false,"value":""}]]}},"config":{"price_override":"","enable_recaptcha":false,"bind_quantity":false,"quantity_bind_formula":false,"disp_summ_show_option_price":true,"disp_summ_show_product_price":true,"disp_summ_show_total_price":true,"disp_summ_show_fee":false,"disp_summ_show_discount":false,"summary_title":"","options_total_label":"Prix des options","total_label":"Total","options_product_label":"Prix du produit","fee_label":"Frais","discount_label":"Remise","has_price":true,"has_quantity_formula":false},"mc_unit":1,"tax_rate":1,"tax_rate_real":1,"discount":{"percentage":0,"fixed":0},"design":{"conf":{"LabelPosition":"above","DescPosition":"below","UploadField":"custom_1","QuantityFieldStyle":"default"},"css":{"LeftLabelWidth":"50px"}},"formulas":[],"lookuptables":[],"clones":false,"cartKey":false}},"_links":{"self":[{"href":"https:\/\/www.miamedicalitalia.it\/fr\/wp-json\/wp\/v2\/product\/11090","targetHints":{"allow":["GET"]}}],"collection":[{"href":"https:\/\/www.miamedicalitalia.it\/fr\/wp-json\/wp\/v2\/product"}],"about":[{"href":"https:\/\/www.miamedicalitalia.it\/fr\/wp-json\/wp\/v2\/types\/product"}],"wp:featuredmedia":[{"embeddable":true,"href":"https:\/\/www.miamedicalitalia.it\/fr\/wp-json\/wp\/v2\/media\/12112"}],"wp:attachment":[{"href":"https:\/\/www.miamedicalitalia.it\/fr\/wp-json\/wp\/v2\/media?parent=11090"}],"wp:term":[{"taxonomy":"home-category","embeddable":true,"href":"https:\/\/www.miamedicalitalia.it\/fr\/wp-json\/wp\/v2\/home-category?post=11090"},{"taxonomy":"product_brand","embeddable":true,"href":"https:\/\/www.miamedicalitalia.it\/fr\/wp-json\/wp\/v2\/product_brand?post=11090"},{"taxonomy":"product_cat","embeddable":true,"href":"https:\/\/www.miamedicalitalia.it\/fr\/wp-json\/wp\/v2\/product_cat?post=11090"},{"taxonomy":"product_tag","embeddable":true,"href":"https:\/\/www.miamedicalitalia.it\/fr\/wp-json\/wp\/v2\/product_tag?post=11090"},{"taxonomy":"woo-feed-brand","embeddable":true,"href":"https:\/\/www.miamedicalitalia.it\/fr\/wp-json\/wp\/v2\/woo-feed-brand?post=11090"}],"curies":[{"name":"wp","href":"https:\/\/api.w.org\/{rel}","templated":true}]}}