{"id":9603,"date":"2023-02-21T14:34:49","date_gmt":"2023-02-21T13:34:49","guid":{"rendered":"https:\/\/www.miamedicalitalia.it\/?post_type=product&#038;p=9603"},"modified":"2026-02-18T13:26:26","modified_gmt":"2026-02-18T11:26:26","slug":"pressoterapia-professionale-a-casa-tua","status":"publish","type":"product","link":"https:\/\/www.miamedicalitalia.it\/es\/producto\/pressoterapia-professionale-a-casa-tua\/","title":{"rendered":"Alquiler de presoterapia profesional"},"content":{"rendered":"<p>Nuestro servicio de alquiler de m\u00e1quinas de presoterapia PowerPress 4 ofrece un dispositivo profesional dise\u00f1ado para mejorar la circulaci\u00f3n venosa y linf\u00e1tica, combatir la hinchaz\u00f3n, la retenci\u00f3n de l\u00edquidos y la fatiga en las extremidades inferiores, con beneficios tambi\u00e9n para la est\u00e9tica. F\u00e1cil de usar, silencioso y eficaz, es la opci\u00f3n ideal para quienes buscan un tratamiento completo, c\u00f3modo y relajante para realizar en casa.<\/p>\n\n\n\n<h4 class=\"wp-block-heading\" id=\"h-cosa-e-la-pressoterapia-e-come-funziona\">Qu\u00e9 es la presoterapia y c\u00f3mo funciona<\/h4>\n\n\n\n<p>El PowerPress 4 es un dispositivo de presi\u00f3n neum\u00e1tica secuencial: gracias a unas perneras especiales con c\u00e1mara de aire, ejerce una compresi\u00f3n gradual en los miembros inferiores que reactiva el flujo venoso y linf\u00e1tico, mejorando el drenaje del exceso de l\u00edquido.<\/p>\n\n\n\n<p>Funciona de forma totalmente autom\u00e1tica, pero puede personalizarse en t\u00e9rminos de presi\u00f3n, duraci\u00f3n y frecuencia, en funci\u00f3n de las necesidades del paciente y de los objetivos de la terapia.<\/p>\n\n\n\n<ul class=\"wp-block-list\">\n<li><strong>MODO A:<\/strong>&nbsp;La secuencia del programa consiste en inflar y desinflar la pierna desde el pie hasta el muslo en un sector cada vez. Al final del tiempo de presi\u00f3n, el aire comprimido se mantiene otros 3 segundos en cada sector;<\/li>\n\n\n\n<li><strong>MODO B:<\/strong>&nbsp;la presi\u00f3n se ejerce desde una sola c\u00e1mara a la vez de forma secuencial;<\/li>\n\n\n\n<li><strong>MODO C:<\/strong>&nbsp;la secuencia del programa aplica presi\u00f3n empezando por el pie y manteniendo infladas todas las c\u00e1maras anteriores hasta que se infla toda la pieza;<\/li>\n\n\n\n<li><strong>MODO D:<\/strong>&nbsp;este modo es una mezcla de los modos B y C.<\/li>\n<\/ul>\n\n\n\n<h4 class=\"wp-block-heading\" id=\"h-benefici-della-pressoterapia\">Beneficios de la presoterapia <\/h4>\n\n\n\n<ul class=\"wp-block-list\">\n<li>Drenaje linf\u00e1tico y reducci\u00f3n de la retenci\u00f3n de l\u00edquidos;<\/li>\n\n\n\n<li>Alivio de la pesadez de piernas, la hinchaz\u00f3n y la estasis venosa;<\/li>\n\n\n\n<li>Estimulaci\u00f3n de la microcirculaci\u00f3n y mejora de la circulaci\u00f3n;<\/li>\n\n\n\n<li>Apoyo en el tratamiento del linfedema y los trastornos venosos;<\/li>\n\n\n\n<li>Efecto tonificante y relajante;<\/li>\n\n\n\n<li>Tambi\u00e9n se utiliza en est\u00e9tica para reducir la celulitis y favorecer la remodelaci\u00f3n.<\/li>\n<\/ul>\n\n\n\n<h4 class=\"wp-block-heading\" id=\"h-a-chi-e-rivolto-il-servizio-di-noleggio-del-macchinario-per-pressoterapia-power-press-4\">\u00bfA qui\u00e9n va dirigido el servicio de alquiler de m\u00e1quinas de presoterapia Power press 4?<\/h4>\n\n\n\n<p>El alquiler de presoterapia PowerPress 4 es adecuado para las personas que sufren de:<\/p>\n\n\n\n<ul class=\"wp-block-list\">\n<li>Piernas hinchadas o pesadas, especialmente despu\u00e9s de muchas horas de pie o sentado;<\/li>\n\n\n\n<li>Problemas de circulaci\u00f3n venosa o linf\u00e1tica;<\/li>\n\n\n\n<li>Linfedema, edema postoperatorio o postraum\u00e1tico;<\/li>\n\n\n\n<li>Retenci\u00f3n cr\u00f3nica de agua;<\/li>\n\n\n\n<li>Celulitis y manchas relacionadas con la estasis linf\u00e1tica;<\/li>\n\n\n\n<li>Atletas o deportistas, para una recuperaci\u00f3n muscular m\u00e1s r\u00e1pida.<\/li>\n<\/ul>\n\n\n\n<h4 class=\"wp-block-heading\" id=\"h-nbsp-il-noleggio-m-i-a-medical-comodo-personalizzato-vantaggioso\"><br><br><strong>&nbsp;Alquiler m\u00e9dico M.I.A.: c\u00f3modo, personalizado, ventajoso<\/strong><\/h4>\n\n\n\n<p>Con nuestro servicio de alquiler:<\/p>\n\n\n\n<ul class=\"wp-block-list\">\n<li>reciba PowerPress 4 directamente en su casa, listo para usar;<\/li>\n\n\n\n<li>nuestros t\u00e9cnicos le har\u00e1n una demostraci\u00f3n completa y le explicar\u00e1n la mejor manera de utilizarlo;<\/li>\n\n\n\n<li>Personalizamos el dispositivo en funci\u00f3n de su dolencia o de las instrucciones de su fisioterapeuta;<\/li>\n\n\n\n<li>puede realizar la presoterapia por su cuenta, en su tiempo libre, sin limitaciones de estudios o instalaciones.<\/li>\n<\/ul>\n\n\n\n<p>Este tipo de tratamiento es mucho m\u00e1s eficaz si se realiza con regularidad, y tenerlo en casa permite hacerlo todos los d\u00edas, consiguiendo resultados tangibles en menos tiempo.<\/p>\n\n\n\n<h4 class=\"wp-block-heading\" id=\"h-perche-scegliere-il-nostro-servizio\">Por qu\u00e9 elegir nuestro servicio <\/h4>\n\n\n\n<ul class=\"wp-block-list\">\n<li>Maquinaria de calidad profesional, desinfectada y certificada;<\/li>\n\n\n\n<li>Precios imbatibles y transparentes;<\/li>\n\n\n\n<li>T\u00e9cnicos experimentados a su disposici\u00f3n para ofrecerle apoyo y asistencia;<\/li>\n\n\n\n<li>Entrega r\u00e1pida en toda Italia;<\/li>\n\n\n\n<li>Servicio competente y atento.<\/li>\n<\/ul>\n\n\n\n<p>Elija la comodidad de\u00a0<strong>terapia en casa<\/strong>con un\u00a0<strong>un servicio seguro, eficaz y c\u00f3modo.<\/strong>\u00a0Si tiene m\u00e1s preguntas, puede ponerse en contacto con nosotros en el tel\u00e9fono\u00a0<strong><a href=\"tel:+39 3926509237\">+39 3926509237<\/a><\/strong>\u00a0o puede enviarnos un mensaje a\u00a0<strong><a href=\"https:\/\/wa.me\/393926509237\">whatsapp<\/a><\/strong>. Nuestro personal especializado est\u00e1 siempre a su disposici\u00f3n para ayudarle a encontrar el\u00a0<strong>soluci\u00f3n<\/strong>\u00a0que mejor se adapte a su\u00a0<strong>necesita<\/strong>\u00a1! Visite tambi\u00e9n nuestro\u00a0<strong><a href=\"https:\/\/www.miamedicalitalia.it\/es\/?_gl=1*1bx2a6k*_up*MQ..*_ga*MjA0NTM0ODc4NS4xNzUxMTA5Nzg0*_ga_D9FZ9V3LL7*czE3NTExMDk3ODQkbzEkZzAkdDE3NTExMDk3ODQkajYwJGwwJGgw\">sitio web<\/a><\/strong>\u00a0para descubrir la amplia gama de\u00a0<strong>\u00a1ayudas m\u00e9dicas dise\u00f1adas para ayudarle a redescubrir el verdadero bienestar f\u00edsico!<\/strong><br><\/p>\n\n\n\n<p><br><br><br><\/p>","protected":false},"excerpt":{"rendered":"<div style=\"font-family: Arial, sans-serif; background-color: #234091; padding: 30px; border-radius: 25px; max-width: 600px; color: #ffffff; position: relative; border-top: 6px solid #2498fe;\">\n<h3 style=\"color: #ffffff; margin-top: 0;\">Alquiler de presoterapia<\/h3>\n<p>Incluye 2 leggings, banda abdominal, brazalete y un body protector.<\/p>\n<p>Consegna a domicilio in tutta Italia a partire da 15\u20ac + 15\u20ac per il ritiro.<\/p>\n<p><strong>Entrega gratuita si compra un alquiler por un m\u00ednimo de 60 d\u00edas.<\/strong><\/p>\n<p><strong>No se requiere dep\u00f3sito.<\/strong><\/p>\n<\/div>\n<p><!-- Linea bianca sotto --><\/p>\n<div style=\"height: 6px; background-color: #ffffff; max-width: 600px;\">\u00a0<\/div>","protected":false},"featured_media":12175,"template":"","meta":{"_acf_changed":false},"home-category":[262],"product_brand":[],"product_cat":[90],"product_tag":[210,211],"woo-feed-brand":[],"class_list":{"0":"post-9603","1":"product","2":"type-product","3":"status-publish","4":"has-post-thumbnail","6":"home-category-elettromedicali","7":"product_cat-affitto-noleggio-pressoterapia","8":"product_tag-noleggiopressoterapiaaffitto","9":"product_tag-pressoterapia-a-casa-tua","10":"product_shipping_class-elettromedicali","11":"wcpa_has_options","13":"first","14":"instock","15":"shipping-taxable","16":"purchasable","17":"product-type-variable"},"acf":[],"yoast_head":"<!-- This site is optimized with the Yoast SEO Premium plugin v27.3 (Yoast SEO v27.4) - https:\/\/yoast.com\/product\/yoast-seo-premium-wordpress\/ -->\n<title>PRESSOTERAPIA a noleggio comodo a casa da 4\u20ac al giorno<\/title>\n<meta name=\"description\" content=\"Noleggio Pressoterapia Proffessionale . Prezzi imbattibili.Perfetto per il trattamento contro la cellulite. Prenota online ora i chiama al 3926509237.\" \/>\n<meta name=\"robots\" content=\"index, follow, max-snippet:-1, max-image-preview:large, max-video-preview:-1\" \/>\n<link rel=\"canonical\" href=\"https:\/\/www.miamedicalitalia.it\/es\/producto\/pressoterapia-professionale-a-casa-tua\/\" \/>\n<meta property=\"og:locale\" content=\"es_ES\" \/>\n<meta property=\"og:type\" content=\"article\" \/>\n<meta property=\"og:title\" content=\"PRESSOTERAPIA a noleggio comodo a casa da 4\u20ac al giorno\" \/>\n<meta property=\"og:description\" content=\"Noleggio Pressoterapia Proffessionale . Prezzi imbattibili.Perfetto per il trattamento contro la cellulite. Prenota online ora i chiama al 3926509237.\" \/>\n<meta property=\"og:url\" content=\"https:\/\/www.miamedicalitalia.it\/es\/producto\/pressoterapia-professionale-a-casa-tua\/\" \/>\n<meta property=\"og:site_name\" content=\"Mia Medical\" \/>\n<meta property=\"article:publisher\" content=\"https:\/\/www.facebook.com\/miamedicalitalia\" \/>\n<meta property=\"article:modified_time\" content=\"2026-02-18T11:26:26+00:00\" \/>\n<meta property=\"og:image\" content=\"https:\/\/www.miamedicalitalia.it\/wp-content\/uploads\/2023\/02\/pressoterapia-POWER-1-1-1.jpg\" \/>\n\t<meta property=\"og:image:width\" content=\"1000\" \/>\n\t<meta property=\"og:image:height\" content=\"1000\" \/>\n\t<meta property=\"og:image:type\" content=\"image\/jpeg\" \/>\n<meta name=\"twitter:card\" content=\"summary_large_image\" \/>\n<meta name=\"twitter:label1\" content=\"Tiempo de lectura\" \/>\n\t<meta name=\"twitter:data1\" content=\"3 minutos\" \/>\n<script type=\"application\/ld+json\" class=\"yoast-schema-graph\">{\"@context\":\"https:\\\/\\\/schema.org\",\"@graph\":[{\"@type\":\"WebPage\",\"@id\":\"https:\\\/\\\/www.miamedicalitalia.it\\\/prodotto\\\/pressoterapia-professionale-a-casa-tua\\\/\",\"url\":\"https:\\\/\\\/www.miamedicalitalia.it\\\/prodotto\\\/pressoterapia-professionale-a-casa-tua\\\/\",\"name\":\"PRESSOTERAPIA a noleggio comodo a casa da 4\u20ac al giorno\",\"isPartOf\":{\"@id\":\"https:\\\/\\\/www.miamedicalitalia.it\\\/#website\"},\"primaryImageOfPage\":{\"@id\":\"https:\\\/\\\/www.miamedicalitalia.it\\\/prodotto\\\/pressoterapia-professionale-a-casa-tua\\\/#primaryimage\"},\"image\":{\"@id\":\"https:\\\/\\\/www.miamedicalitalia.it\\\/prodotto\\\/pressoterapia-professionale-a-casa-tua\\\/#primaryimage\"},\"thumbnailUrl\":\"https:\\\/\\\/www.miamedicalitalia.it\\\/wp-content\\\/uploads\\\/2023\\\/02\\\/pressoterapia-POWER-1-1-1.jpg\",\"datePublished\":\"2023-02-21T13:34:49+00:00\",\"dateModified\":\"2026-02-18T11:26:26+00:00\",\"description\":\"Noleggio Pressoterapia Proffessionale . Prezzi imbattibili.Perfetto per il trattamento contro la cellulite. Prenota online ora i chiama al 3926509237.\",\"breadcrumb\":{\"@id\":\"https:\\\/\\\/www.miamedicalitalia.it\\\/prodotto\\\/pressoterapia-professionale-a-casa-tua\\\/#breadcrumb\"},\"inLanguage\":\"es\",\"potentialAction\":[{\"@type\":\"ReadAction\",\"target\":[\"https:\\\/\\\/www.miamedicalitalia.it\\\/prodotto\\\/pressoterapia-professionale-a-casa-tua\\\/\"]}]},{\"@type\":\"ImageObject\",\"inLanguage\":\"es\",\"@id\":\"https:\\\/\\\/www.miamedicalitalia.it\\\/prodotto\\\/pressoterapia-professionale-a-casa-tua\\\/#primaryimage\",\"url\":\"https:\\\/\\\/www.miamedicalitalia.it\\\/wp-content\\\/uploads\\\/2023\\\/02\\\/pressoterapia-POWER-1-1-1.jpg\",\"contentUrl\":\"https:\\\/\\\/www.miamedicalitalia.it\\\/wp-content\\\/uploads\\\/2023\\\/02\\\/pressoterapia-POWER-1-1-1.jpg\",\"width\":1000,\"height\":1000},{\"@type\":\"BreadcrumbList\",\"@id\":\"https:\\\/\\\/www.miamedicalitalia.it\\\/prodotto\\\/pressoterapia-professionale-a-casa-tua\\\/#breadcrumb\",\"itemListElement\":[{\"@type\":\"ListItem\",\"position\":1,\"name\":\"Home\",\"item\":\"https:\\\/\\\/www.miamedicalitalia.it\\\/\"},{\"@type\":\"ListItem\",\"position\":2,\"name\":\"Shop\",\"item\":\"https:\\\/\\\/www.miamedicalitalia.it\\\/negozio\\\/\"},{\"@type\":\"ListItem\",\"position\":3,\"name\":\"Affitto e noleggio\",\"item\":\"https:\\\/\\\/www.miamedicalitalia.it\\\/categoria\\\/affitto-e-noleggio-ausili\\\/\"},{\"@type\":\"ListItem\",\"position\":4,\"name\":\"Pressoterapia\",\"item\":\"https:\\\/\\\/www.miamedicalitalia.it\\\/categoria\\\/affitto-e-noleggio-ausili\\\/affitto-noleggio-pressoterapia\\\/\"},{\"@type\":\"ListItem\",\"position\":5,\"name\":\"Noleggio Pressoterapia Professionale\"}]},{\"@type\":\"WebSite\",\"@id\":\"https:\\\/\\\/www.miamedicalitalia.it\\\/#website\",\"url\":\"https:\\\/\\\/www.miamedicalitalia.it\\\/\",\"name\":\"www.miamedicalitalia.it\",\"description\":\"Noleggio e Vendita Attrezzatura Sanitarie\",\"publisher\":{\"@id\":\"https:\\\/\\\/www.miamedicalitalia.it\\\/#organization\"},\"potentialAction\":[{\"@type\":\"SearchAction\",\"target\":{\"@type\":\"EntryPoint\",\"urlTemplate\":\"https:\\\/\\\/www.miamedicalitalia.it\\\/?s={search_term_string}\"},\"query-input\":{\"@type\":\"PropertyValueSpecification\",\"valueRequired\":true,\"valueName\":\"search_term_string\"}}],\"inLanguage\":\"es\"},{\"@type\":\"Organization\",\"@id\":\"https:\\\/\\\/www.miamedicalitalia.it\\\/#organization\",\"name\":\"OLG\",\"url\":\"https:\\\/\\\/www.miamedicalitalia.it\\\/\",\"logo\":{\"@type\":\"ImageObject\",\"inLanguage\":\"es\",\"@id\":\"https:\\\/\\\/www.miamedicalitalia.it\\\/#\\\/schema\\\/logo\\\/image\\\/\",\"url\":\"https:\\\/\\\/www.miamedicalitalia.it\\\/wp-content\\\/uploads\\\/2023\\\/04\\\/mia-medical-logo-free.png\",\"contentUrl\":\"https:\\\/\\\/www.miamedicalitalia.it\\\/wp-content\\\/uploads\\\/2023\\\/04\\\/mia-medical-logo-free.png\",\"width\":700,\"height\":700,\"caption\":\"OLG\"},\"image\":{\"@id\":\"https:\\\/\\\/www.miamedicalitalia.it\\\/#\\\/schema\\\/logo\\\/image\\\/\"},\"sameAs\":[\"https:\\\/\\\/www.facebook.com\\\/miamedicalitalia\"]}]}<\/script>\n<!-- \/ Yoast SEO Premium plugin. -->","yoast_head_json":{"title":"PRESOTERAPIA convenientemente alquilada a domicilio a partir de 4\u20ac por d\u00eda","description":"Alquiler de Presoterapia Profesional . Perfecto para el tratamiento de la celulitis. Reserve ahora online y llame a 3926509237.","robots":{"index":"index","follow":"follow","max-snippet":"max-snippet:-1","max-image-preview":"max-image-preview:large","max-video-preview":"max-video-preview:-1"},"canonical":"https:\/\/www.miamedicalitalia.it\/es\/producto\/pressoterapia-professionale-a-casa-tua\/","og_locale":"es_ES","og_type":"article","og_title":"PRESSOTERAPIA a noleggio comodo a casa da 4\u20ac al giorno","og_description":"Noleggio Pressoterapia Proffessionale . Prezzi imbattibili.Perfetto per il trattamento contro la cellulite. Prenota online ora i chiama al 3926509237.","og_url":"https:\/\/www.miamedicalitalia.it\/es\/producto\/pressoterapia-professionale-a-casa-tua\/","og_site_name":"Mia Medical","article_publisher":"https:\/\/www.facebook.com\/miamedicalitalia","article_modified_time":"2026-02-18T11:26:26+00:00","og_image":[{"width":1000,"height":1000,"url":"https:\/\/www.miamedicalitalia.it\/wp-content\/uploads\/2023\/02\/pressoterapia-POWER-1-1-1.jpg","type":"image\/jpeg"}],"twitter_card":"summary_large_image","twitter_misc":{"Tiempo de lectura":"3 minutos"},"schema":{"@context":"https:\/\/schema.org","@graph":[{"@type":"WebPage","@id":"https:\/\/www.miamedicalitalia.it\/prodotto\/pressoterapia-professionale-a-casa-tua\/","url":"https:\/\/www.miamedicalitalia.it\/prodotto\/pressoterapia-professionale-a-casa-tua\/","name":"PRESOTERAPIA convenientemente alquilada a domicilio a partir de 4\u20ac por d\u00eda","isPartOf":{"@id":"https:\/\/www.miamedicalitalia.it\/#website"},"primaryImageOfPage":{"@id":"https:\/\/www.miamedicalitalia.it\/prodotto\/pressoterapia-professionale-a-casa-tua\/#primaryimage"},"image":{"@id":"https:\/\/www.miamedicalitalia.it\/prodotto\/pressoterapia-professionale-a-casa-tua\/#primaryimage"},"thumbnailUrl":"https:\/\/www.miamedicalitalia.it\/wp-content\/uploads\/2023\/02\/pressoterapia-POWER-1-1-1.jpg","datePublished":"2023-02-21T13:34:49+00:00","dateModified":"2026-02-18T11:26:26+00:00","description":"Alquiler de Presoterapia Profesional . Perfecto para el tratamiento de la celulitis. Reserve ahora online y llame a 3926509237.","breadcrumb":{"@id":"https:\/\/www.miamedicalitalia.it\/prodotto\/pressoterapia-professionale-a-casa-tua\/#breadcrumb"},"inLanguage":"es","potentialAction":[{"@type":"ReadAction","target":["https:\/\/www.miamedicalitalia.it\/prodotto\/pressoterapia-professionale-a-casa-tua\/"]}]},{"@type":"ImageObject","inLanguage":"es","@id":"https:\/\/www.miamedicalitalia.it\/prodotto\/pressoterapia-professionale-a-casa-tua\/#primaryimage","url":"https:\/\/www.miamedicalitalia.it\/wp-content\/uploads\/2023\/02\/pressoterapia-POWER-1-1-1.jpg","contentUrl":"https:\/\/www.miamedicalitalia.it\/wp-content\/uploads\/2023\/02\/pressoterapia-POWER-1-1-1.jpg","width":1000,"height":1000},{"@type":"BreadcrumbList","@id":"https:\/\/www.miamedicalitalia.it\/prodotto\/pressoterapia-professionale-a-casa-tua\/#breadcrumb","itemListElement":[{"@type":"ListItem","position":1,"name":"Home","item":"https:\/\/www.miamedicalitalia.it\/"},{"@type":"ListItem","position":2,"name":"Shop","item":"https:\/\/www.miamedicalitalia.it\/negozio\/"},{"@type":"ListItem","position":3,"name":"Affitto e noleggio","item":"https:\/\/www.miamedicalitalia.it\/categoria\/affitto-e-noleggio-ausili\/"},{"@type":"ListItem","position":4,"name":"Pressoterapia","item":"https:\/\/www.miamedicalitalia.it\/categoria\/affitto-e-noleggio-ausili\/affitto-noleggio-pressoterapia\/"},{"@type":"ListItem","position":5,"name":"Noleggio Pressoterapia Professionale"}]},{"@type":"WebSite","@id":"https:\/\/www.miamedicalitalia.it\/#website","url":"https:\/\/www.miamedicalitalia.it\/","name":"www.miamedicalitalia.it","description":"Alquiler y venta de material sanitario","publisher":{"@id":"https:\/\/www.miamedicalitalia.it\/#organization"},"potentialAction":[{"@type":"SearchAction","target":{"@type":"EntryPoint","urlTemplate":"https:\/\/www.miamedicalitalia.it\/?s={search_term_string}"},"query-input":{"@type":"PropertyValueSpecification","valueRequired":true,"valueName":"search_term_string"}}],"inLanguage":"es"},{"@type":"Organization","@id":"https:\/\/www.miamedicalitalia.it\/#organization","name":"OLG","url":"https:\/\/www.miamedicalitalia.it\/","logo":{"@type":"ImageObject","inLanguage":"es","@id":"https:\/\/www.miamedicalitalia.it\/#\/schema\/logo\/image\/","url":"https:\/\/www.miamedicalitalia.it\/wp-content\/uploads\/2023\/04\/mia-medical-logo-free.png","contentUrl":"https:\/\/www.miamedicalitalia.it\/wp-content\/uploads\/2023\/04\/mia-medical-logo-free.png","width":700,"height":700,"caption":"OLG"},"image":{"@id":"https:\/\/www.miamedicalitalia.it\/#\/schema\/logo\/image\/"},"sameAs":["https:\/\/www.facebook.com\/miamedicalitalia"]}]}},"wcpa_form_fields":{"wcpaData":{"product":{"product_price":90,"price_html":"<span class=\"woocommerce-Price-amount amount\" aria-hidden=\"true\"><bdi><span class=\"woocommerce-Price-currencySymbol\">&euro;<\/span>90.00<\/bdi><\/span> <span aria-hidden=\"true\">-<\/span> <span class=\"woocommerce-Price-amount amount\" aria-hidden=\"true\"><bdi><span class=\"woocommerce-Price-currencySymbol\">&euro;<\/span>250.00<\/bdi><\/span><span class=\"screen-reader-text\">Rango de precios: desde &euro;90.00 hasta &euro;250.00<\/span>","original_product_price":90,"price_including_tax":90,"price_excluding_tax":90,"product_id":{"parent":9603,"variation":false},"is_variable":true,"stock_status":"instock","stock_quantity":null,"parent_sku":"","product_attributes":{"quanto-costa":{"is_variation":true,"values":[]}},"custom_fields":[],"is_taxable":false,"product_name":"Noleggio Pressoterapia Professionale","hasImage":false},"fields":{"sec_565f165582eb8c":{"extra":{"key":"sec_565f165582eb8c","section_id":"sec_565f165582eb8c","name":"Predefinito","status":1,"toggle":true,"form_id":12050,"form_rules":{"exclude_from_discount":false,"fee_label":"Fee","disp_hide_options_price":false,"disp_show_section_price":false,"disp_show_field_price":true,"layout_option":"standard","pric_use_as_fee":false,"process_fee_as":"woo_fee"},"layout_option":"standard"},"fields":[[{"active":true,"col":6,"relations":false,"cl_rule":"show","enableCl":false,"price":"","enablePrice":false,"className":"input-text","type":"date","required":true,"elementId":"date_3189538061","name":"date_3189538061","label":"A partire dal giorno:","picker_type":"custom","picker_mode":"single","error":false,"description":"Inserisci la data di inizio del noleggio","gt_translate_keys":["label","description"],"price_dependency":false,"cl_dependency":false,"value":""}]]}},"config":{"price_override":"","enable_recaptcha":false,"bind_quantity":false,"quantity_bind_formula":false,"disp_summ_show_option_price":true,"disp_summ_show_product_price":true,"disp_summ_show_total_price":true,"disp_summ_show_fee":false,"disp_summ_show_discount":false,"summary_title":"","options_total_label":"Options Price","total_label":"Total","options_product_label":"Product Price","fee_label":"Fee","discount_label":"Discount","has_price":true,"has_quantity_formula":false},"mc_unit":1,"tax_rate":1,"tax_rate_real":1,"discount":{"percentage":0,"fixed":0},"design":{"conf":{"LabelPosition":"above","DescPosition":"below","UploadField":"custom_1","QuantityFieldStyle":"default"},"css":{"LeftLabelWidth":"50px"}},"formulas":[],"lookuptables":[],"clones":false,"cartKey":false}},"_links":{"self":[{"href":"https:\/\/www.miamedicalitalia.it\/es\/wp-json\/wp\/v2\/product\/9603","targetHints":{"allow":["GET"]}}],"collection":[{"href":"https:\/\/www.miamedicalitalia.it\/es\/wp-json\/wp\/v2\/product"}],"about":[{"href":"https:\/\/www.miamedicalitalia.it\/es\/wp-json\/wp\/v2\/types\/product"}],"wp:featuredmedia":[{"embeddable":true,"href":"https:\/\/www.miamedicalitalia.it\/es\/wp-json\/wp\/v2\/media\/12175"}],"wp:attachment":[{"href":"https:\/\/www.miamedicalitalia.it\/es\/wp-json\/wp\/v2\/media?parent=9603"}],"wp:term":[{"taxonomy":"home-category","embeddable":true,"href":"https:\/\/www.miamedicalitalia.it\/es\/wp-json\/wp\/v2\/home-category?post=9603"},{"taxonomy":"product_brand","embeddable":true,"href":"https:\/\/www.miamedicalitalia.it\/es\/wp-json\/wp\/v2\/product_brand?post=9603"},{"taxonomy":"product_cat","embeddable":true,"href":"https:\/\/www.miamedicalitalia.it\/es\/wp-json\/wp\/v2\/product_cat?post=9603"},{"taxonomy":"product_tag","embeddable":true,"href":"https:\/\/www.miamedicalitalia.it\/es\/wp-json\/wp\/v2\/product_tag?post=9603"},{"taxonomy":"woo-feed-brand","embeddable":true,"href":"https:\/\/www.miamedicalitalia.it\/es\/wp-json\/wp\/v2\/woo-feed-brand?post=9603"}],"curies":[{"name":"wp","href":"https:\/\/api.w.org\/{rel}","templated":true}]}}