{"id":9085,"date":"2022-12-21T17:15:31","date_gmt":"2022-12-21T16:15:31","guid":{"rendered":"https:\/\/www.miamedicalitalia.it\/?post_type=product&#038;p=9085"},"modified":"2026-01-13T13:06:56","modified_gmt":"2026-01-13T11:06:56","slug":"noleggio-deambulatore-rollatore-in-alluminio","status":"publish","type":"product","link":"https:\/\/www.miamedicalitalia.it\/es\/producto\/noleggio-deambulatore-rollatore-in-alluminio\/","title":{"rendered":"Alquiler de andadores rollator de aluminio"},"content":{"rendered":"<p>Descubra nuestro rollator <strong>Oc\u00e9ano 2.0<\/strong>\u00a0de la l\u00ednea <strong><a href=\"https:\/\/www.morettispa.com\/mopedia\/\">MOPEDIA<\/a><\/strong>la ayuda perfecta para quienes desean moverse con <strong>seguridad<\/strong> e <strong>confort<\/strong>. Gracias a su <strong>dise\u00f1o inteligente<\/strong> y su <strong>numerosas funcionalidades<\/strong>Este <strong>rollator plegable<\/strong> garantiza un <strong>movilidad total<\/strong>tanto para <strong>uso diario en el hogar<\/strong> que para abreviar <strong>moverse fuera<\/strong>. En\u00a0<strong>alquiler de nuestro rollator plegable de 4 ruedas<\/strong> es la elecci\u00f3n \u00f3ptima para quienes buscan <strong>calidad y practicidad<\/strong> a <strong>Roma<\/strong> e <strong>Florencia<\/strong>.<\/p>\n\n\n\n<h4 class=\"wp-block-heading\" id=\"h-caratteristiche-tecniche-e-funzionalita\">Caracter\u00edsticas t\u00e9cnicas y funcionalidad :<\/h4>\n\n\n\n<ul class=\"wp-block-list\">\n<li><strong>Estructura robusta y ligera:<\/strong>\u00a0Fabricado con tubos de aluminio pintado, el rollator Oceano 2.0 combina resistencia y ligereza para garantizar la durabilidad sin sobrecargar al usuario.<\/li>\n\n\n\n<li><strong>Dise\u00f1o plegable y extra\u00edble:<\/strong>\u00a0Facilita el transporte y el almacenamiento, por lo que es perfecta incluso para espacios reducidos.<\/li>\n\n\n\n<li> <strong>4 ruedas \u00d8 20 cm:<\/strong><\/li>\n\n\n\n<li> <strong>Frentes pivotantes:<\/strong>\u00a0Equipado con horquilla completa y reflectores para aumentar la visibilidad y la maniobrabilidad.<\/li>\n\n\n\n<li><strong>Frenos traseros fijos de doble funci\u00f3n:<\/strong>\u00a0Garantizan estabilidad y seguridad en cualquier situaci\u00f3n.<\/li>\n\n\n\n<li><strong>Empu\u00f1aduras anat\u00f3micas regulables en altura:<\/strong>\u00a0Ofrecen la m\u00e1xima comodidad, adapt\u00e1ndose a las necesidades individuales y garantizando un agarre seguro, con reflector para mayor seguridad.<\/li>\n\n\n\n<li><strong>Dise\u00f1o ultraligero,<\/strong> s\u00f3lo <strong>7 kg<\/strong>.<\/li>\n\n\n\n<li><strong>Capacidad m\u00e1xima<\/strong> hasta <strong>136 kg.<\/strong><\/li>\n<\/ul>\n\n\n\n<p><strong>Accesorios integrados:<\/strong><\/p>\n\n\n\n<ul class=\"wp-block-list\">\n<li><strong>Asiento incluido:<\/strong>\u00a0Con unas dimensiones \u00f3ptimas para un breve descanso durante la marcha.<\/li>\n\n\n\n<li><strong>Respaldo, bolsa y bast\u00f3n\/soporte:<\/strong>\u00a0Todo lo necesario para una asistencia completa y funcional.<\/li>\n<\/ul>\n\n\n\n<h4 class=\"wp-block-heading\" id=\"h-curiosita-e-innovazione-perche-scegliere-il-modello-oceano-2-0\">Curiosidad e innovaci\u00f3n: por qu\u00e9 elegir el modelo \"Oc\u00e9ano 2.0<\/h4>\n\n\n\n<ul class=\"wp-block-list\">\n<li><strong>Dise\u00f1o revolucionario:<\/strong>\u00a0En <strong>sistema de plegado<\/strong> y el <strong>accesorios integrados<\/strong> hacen de este rollator un compa\u00f1ero ideal para quienes desean vivir cada d\u00eda como una aventura.<\/li>\n\n\n\n<li><strong>Un mundo de confort:<\/strong>\u00a0Le <strong>asas anat\u00f3micas ajustables<\/strong> y el <strong>asiento integrado <\/strong>ofrecer un <strong>apoyo a medida<\/strong>, <strong>reducir la fatiga<\/strong> e <strong>promover una postura correcta.<\/strong><\/li>\n\n\n\n<li> <strong>La seguridad ante todo:<\/strong>\u00a0Detalles como el <strong>reflectores<\/strong> y el <strong>frenos de doble funci\u00f3n <\/strong>subrayar nuestro compromiso de garantizar la <strong>m\u00e1xima seguridad en cada movimiento.<\/strong><\/li>\n<\/ul>\n\n\n\n<h4 class=\"wp-block-heading\" id=\"h-perche-scegliere-il-noleggio-rollator-di-mia-medical-a-roma-e-firenze\">\u00bfPor qu\u00e9 elegir Mia Medical Rollator Rental en Roma y Florencia?<\/h4>\n\n\n\n<p><strong>Ventajas econ\u00f3micas y de flexibilidad <\/strong><\/p>\n\n\n\n<ul class=\"wp-block-list\">\n<li><strong>Ahorro garantizado:<\/strong>\u00a0Alquile el rollator durante el tiempo que realmente lo necesite, evitando la inversi\u00f3n de la compra.<\/li>\n\n\n\n<li>- <strong>Flexibilidad total:<\/strong>\u00a0Soluci\u00f3n ideal para periodos de rehabilitaci\u00f3n, recuperaci\u00f3n postoperatoria o para necesidades temporales.<\/li>\n\n\n\n<li>- <strong>Servicio y mantenimiento incluidos:<\/strong>\u00a0Recibir\u00e1 un dispositivo higienizado y siempre listo para usar, con asistencia t\u00e9cnica especializada.<\/li>\n<\/ul>\n\n\n\n<p><strong>Un servicio a su medida<\/strong><\/p>\n\n\n\n<p>Tanto si eres de <strong>Roma<\/strong> o <strong>Florencia<\/strong>nuestra <strong>servicio de alquiler de rollators<\/strong> est\u00e1 dise\u00f1ado para ofrecer un <strong>asesoramiento personalizado<\/strong>, <strong>entrega r\u00e1pida<\/strong>, <strong>asistencia cualificada<\/strong> y la certeza de un <strong>producto de calidad<\/strong>. \u00bfA qu\u00e9 espera? <a href=\"https:\/\/wa.me\/393926509237\">Contacte con nosotros<\/a> !<\/p>\n\n\n\n<p><strong><a href=\"https:\/\/wa.me\/393926509237\">P\u00f3ngase en contacto con nosotros<\/a><\/strong>\u00a1! Inf\u00f3rmese en la <strong><a href=\"https:\/\/www.miamedicalitalia.it\/es\/categoria\/affitto-e-noleggio-ausili\/affitto-e-noleggio-deambulatori\/?_gl=1*1d3ycwo*_up*MQ..*_ga*MTEwNzU5MDEyNS4xNzQyMDM1MjMx*_ga_D9FZ9V3LL7*MTc0MjAzNTIzMS4xLjEuMTc0MjAzNTI2OC4wLjAuMA..\">nuestro sitio la amplia gama de andadores disponibles<\/a><\/strong>. Tambi\u00e9n para usted un <a href=\"https:\/\/www.miamedicalitalia.it\/es\/come-si-scegli-il-deambulatore-giusto\/\">art\u00edculo-gu\u00eda<\/a> para elegir con conocimiento de causa la ayuda m\u00e9dica que mejor se adapte a sus necesidades. \u00a1Reserve su rollator hoy mismo!<\/p>\n\n\n\n<p>Adem\u00e1s, si usted es el <strong>cuidador<\/strong> de una persona mayor o dependiente y necesita un <strong>ayuda<\/strong>nuestra <strong>enfermera<\/strong> de confianza <strong><a href=\"http:\/\/www.arnaldiandrea.com\">Andrea Arnaldi<\/a> <\/strong>se especializa en el \u00e1mbito <strong>atenci\u00f3n domiciliaria<\/strong>y est\u00e1 dispuesta a ayudarle a cuidar del confort de su hogar.\u00a0<\/p>\n\n\n\n<p>Si busca un <strong>alquiler de rollator<\/strong> uniendo <strong>funcionalidad<\/strong>, <strong>seguridad<\/strong> e <strong>dise\u00f1o innovador<\/strong>est\u00e1 en el lugar adecuado. Tenemos la soluci\u00f3n para usted. <strong><a href=\"https:\/\/wa.me\/393926509237\">P\u00f3ngase en contacto con nosotros<\/a><\/strong>\u00a0<strong>para una consulta gratuita y descubra c\u00f3mo podemos mejorar su movilidad con un servicio personalizado de alta calidad.<\/strong><\/p>\n\n\n\n<p><\/p>","protected":false},"excerpt":{"rendered":"<div style=\"font-family: Arial, sans-serif; background-color: #234091; padding: 30px; border-radius: 25px; max-width: 600px; color: #ffffff; position: relative; border-top: 6px solid #2498fe;\">\n<h3 style=\"margin-top: 0; margin-bottom: 15px; color: #ffffff;\">Entrega en Roma y Florencia a partir de 30\u20ac.<\/h3>\n<p><strong>No se requiere dep\u00f3sito.<\/strong><\/p>\n<p>La entrega y la recogida en el almac\u00e9n son <strong>\u00a1GRATIS!<\/strong><\/p>\n<\/div>\n<p><!-- Linea bianca sotto --><\/p>\n<div style=\"height: 6px; background-color: #ffffff; max-width: 600px;\">\u00a0<\/div>","protected":false},"featured_media":12498,"template":"","meta":{"_acf_changed":false},"home-category":[263],"product_brand":[],"product_cat":[130],"product_tag":[160,161],"woo-feed-brand":[],"class_list":{"0":"post-9085","1":"product","2":"type-product","3":"status-publish","4":"has-post-thumbnail","6":"home-category-ausili","7":"product_cat-affitto-e-noleggio-deambulatori","8":"product_tag-deambulatore-piegevole-rollatore-da-esterno","9":"product_tag-deambulatore-rollatore-piegevole","10":"wcpa_has_options","12":"first","13":"instock","14":"shipping-taxable","15":"purchasable","16":"product-type-variable"},"acf":[],"yoast_head":"<!-- This site is optimized with the Yoast SEO Premium plugin v27.5 (Yoast SEO v27.5) - https:\/\/yoast.com\/product\/yoast-seo-premium-wordpress\/ -->\n<title>Noleggio Deambulatore Rollator Pieghevole a Roma e Firenze<\/title>\n<meta name=\"description\" content=\"Noleggio e vendita Deambulatore pieghevole leggero, freni e seduta. Migliore Prezzo Garantito. Fidati di noi. Siamo esperti nel noleggio e la vendita.\" \/>\n<meta name=\"robots\" content=\"index, follow, max-snippet:-1, max-image-preview:large, max-video-preview:-1\" \/>\n<link rel=\"canonical\" href=\"https:\/\/www.miamedicalitalia.it\/es\/producto\/noleggio-deambulatore-rollatore-in-alluminio\/\" \/>\n<meta property=\"og:locale\" content=\"es_ES\" \/>\n<meta property=\"og:type\" content=\"article\" \/>\n<meta property=\"og:title\" content=\"Noleggio Deambulatore Rollator Pieghevole a Roma e Firenze\" \/>\n<meta property=\"og:description\" content=\"Noleggio e vendita Deambulatore pieghevole leggero, freni e seduta. Migliore Prezzo Garantito. Fidati di noi. Siamo esperti nel noleggio e la vendita.\" \/>\n<meta property=\"og:url\" content=\"https:\/\/www.miamedicalitalia.it\/es\/producto\/noleggio-deambulatore-rollatore-in-alluminio\/\" \/>\n<meta property=\"og:site_name\" content=\"Mia Medical\" \/>\n<meta property=\"article:publisher\" content=\"https:\/\/www.facebook.com\/miamedicalitalia\" \/>\n<meta property=\"article:modified_time\" content=\"2026-01-13T11:06:56+00:00\" \/>\n<meta property=\"og:image\" content=\"https:\/\/www.miamedicalitalia.it\/wp-content\/uploads\/2022\/12\/DSC_1142.jpg\" \/>\n\t<meta property=\"og:image:width\" content=\"1000\" \/>\n\t<meta property=\"og:image:height\" content=\"1000\" \/>\n\t<meta property=\"og:image:type\" content=\"image\/jpeg\" \/>\n<meta name=\"twitter:card\" content=\"summary_large_image\" \/>\n<meta name=\"twitter:label1\" content=\"Tiempo de lectura\" \/>\n\t<meta name=\"twitter:data1\" content=\"1 minuto\" \/>\n<script type=\"application\/ld+json\" class=\"yoast-schema-graph\">{\"@context\":\"https:\\\/\\\/schema.org\",\"@graph\":[{\"@type\":\"WebPage\",\"@id\":\"https:\\\/\\\/www.miamedicalitalia.it\\\/prodotto\\\/noleggio-deambulatore-rollatore-in-alluminio\\\/\",\"url\":\"https:\\\/\\\/www.miamedicalitalia.it\\\/prodotto\\\/noleggio-deambulatore-rollatore-in-alluminio\\\/\",\"name\":\"Noleggio Deambulatore Rollator Pieghevole a Roma e Firenze\",\"isPartOf\":{\"@id\":\"https:\\\/\\\/www.miamedicalitalia.it\\\/#website\"},\"primaryImageOfPage\":{\"@id\":\"https:\\\/\\\/www.miamedicalitalia.it\\\/prodotto\\\/noleggio-deambulatore-rollatore-in-alluminio\\\/#primaryimage\"},\"image\":{\"@id\":\"https:\\\/\\\/www.miamedicalitalia.it\\\/prodotto\\\/noleggio-deambulatore-rollatore-in-alluminio\\\/#primaryimage\"},\"thumbnailUrl\":\"https:\\\/\\\/www.miamedicalitalia.it\\\/wp-content\\\/uploads\\\/2022\\\/12\\\/DSC_1142.jpg\",\"datePublished\":\"2022-12-21T16:15:31+00:00\",\"dateModified\":\"2026-01-13T11:06:56+00:00\",\"description\":\"Noleggio e vendita Deambulatore pieghevole leggero, freni e seduta. Migliore Prezzo Garantito. Fidati di noi. Siamo esperti nel noleggio e la vendita.\",\"breadcrumb\":{\"@id\":\"https:\\\/\\\/www.miamedicalitalia.it\\\/prodotto\\\/noleggio-deambulatore-rollatore-in-alluminio\\\/#breadcrumb\"},\"inLanguage\":\"es\",\"potentialAction\":[{\"@type\":\"ReadAction\",\"target\":[\"https:\\\/\\\/www.miamedicalitalia.it\\\/prodotto\\\/noleggio-deambulatore-rollatore-in-alluminio\\\/\"]}]},{\"@type\":\"ImageObject\",\"inLanguage\":\"es\",\"@id\":\"https:\\\/\\\/www.miamedicalitalia.it\\\/prodotto\\\/noleggio-deambulatore-rollatore-in-alluminio\\\/#primaryimage\",\"url\":\"https:\\\/\\\/www.miamedicalitalia.it\\\/wp-content\\\/uploads\\\/2022\\\/12\\\/DSC_1142.jpg\",\"contentUrl\":\"https:\\\/\\\/www.miamedicalitalia.it\\\/wp-content\\\/uploads\\\/2022\\\/12\\\/DSC_1142.jpg\",\"width\":1000,\"height\":1000,\"caption\":\"deambulatore rollatore de interno\\\/esterno\"},{\"@type\":\"BreadcrumbList\",\"@id\":\"https:\\\/\\\/www.miamedicalitalia.it\\\/prodotto\\\/noleggio-deambulatore-rollatore-in-alluminio\\\/#breadcrumb\",\"itemListElement\":[{\"@type\":\"ListItem\",\"position\":1,\"name\":\"Home\",\"item\":\"https:\\\/\\\/www.miamedicalitalia.it\\\/\"},{\"@type\":\"ListItem\",\"position\":2,\"name\":\"Shop\",\"item\":\"https:\\\/\\\/www.miamedicalitalia.it\\\/negozio\\\/\"},{\"@type\":\"ListItem\",\"position\":3,\"name\":\"Affitto e noleggio\",\"item\":\"https:\\\/\\\/www.miamedicalitalia.it\\\/categoria\\\/affitto-e-noleggio-ausili\\\/\"},{\"@type\":\"ListItem\",\"position\":4,\"name\":\"Deambulatori e Rollatori\",\"item\":\"https:\\\/\\\/www.miamedicalitalia.it\\\/categoria\\\/affitto-e-noleggio-ausili\\\/affitto-e-noleggio-deambulatori\\\/\"},{\"@type\":\"ListItem\",\"position\":5,\"name\":\"Noleggio deambulatore rollator in alluminio\"}]},{\"@type\":\"WebSite\",\"@id\":\"https:\\\/\\\/www.miamedicalitalia.it\\\/#website\",\"url\":\"https:\\\/\\\/www.miamedicalitalia.it\\\/\",\"name\":\"www.miamedicalitalia.it\",\"description\":\"Noleggio e Vendita Attrezzatura Sanitarie\",\"publisher\":{\"@id\":\"https:\\\/\\\/www.miamedicalitalia.it\\\/#organization\"},\"potentialAction\":[{\"@type\":\"SearchAction\",\"target\":{\"@type\":\"EntryPoint\",\"urlTemplate\":\"https:\\\/\\\/www.miamedicalitalia.it\\\/?s={search_term_string}\"},\"query-input\":{\"@type\":\"PropertyValueSpecification\",\"valueRequired\":true,\"valueName\":\"search_term_string\"}}],\"inLanguage\":\"es\"},{\"@type\":\"Organization\",\"@id\":\"https:\\\/\\\/www.miamedicalitalia.it\\\/#organization\",\"name\":\"OLG\",\"url\":\"https:\\\/\\\/www.miamedicalitalia.it\\\/\",\"logo\":{\"@type\":\"ImageObject\",\"inLanguage\":\"es\",\"@id\":\"https:\\\/\\\/www.miamedicalitalia.it\\\/#\\\/schema\\\/logo\\\/image\\\/\",\"url\":\"https:\\\/\\\/www.miamedicalitalia.it\\\/wp-content\\\/uploads\\\/2023\\\/04\\\/mia-medical-logo-free.png\",\"contentUrl\":\"https:\\\/\\\/www.miamedicalitalia.it\\\/wp-content\\\/uploads\\\/2023\\\/04\\\/mia-medical-logo-free.png\",\"width\":700,\"height\":700,\"caption\":\"OLG\"},\"image\":{\"@id\":\"https:\\\/\\\/www.miamedicalitalia.it\\\/#\\\/schema\\\/logo\\\/image\\\/\"},\"sameAs\":[\"https:\\\/\\\/www.facebook.com\\\/miamedicalitalia\"]}]}<\/script>\n<!-- \/ Yoast SEO Premium plugin. -->","yoast_head_json":{"title":"Alquiler de andadores plegables en Roma y Florencia","description":"Alquiler y venta de andador plegable ligero, con frenos y asiento. Mejor precio garantizado. Conf\u00ede en nosotros. Somos expertos en alquiler y venta.","robots":{"index":"index","follow":"follow","max-snippet":"max-snippet:-1","max-image-preview":"max-image-preview:large","max-video-preview":"max-video-preview:-1"},"canonical":"https:\/\/www.miamedicalitalia.it\/es\/producto\/noleggio-deambulatore-rollatore-in-alluminio\/","og_locale":"es_ES","og_type":"article","og_title":"Noleggio Deambulatore Rollator Pieghevole a Roma e Firenze","og_description":"Noleggio e vendita Deambulatore pieghevole leggero, freni e seduta. Migliore Prezzo Garantito. Fidati di noi. Siamo esperti nel noleggio e la vendita.","og_url":"https:\/\/www.miamedicalitalia.it\/es\/producto\/noleggio-deambulatore-rollatore-in-alluminio\/","og_site_name":"Mia Medical","article_publisher":"https:\/\/www.facebook.com\/miamedicalitalia","article_modified_time":"2026-01-13T11:06:56+00:00","og_image":[{"width":1000,"height":1000,"url":"https:\/\/www.miamedicalitalia.it\/wp-content\/uploads\/2022\/12\/DSC_1142.jpg","type":"image\/jpeg"}],"twitter_card":"summary_large_image","twitter_misc":{"Tiempo de lectura":"1 minuto"},"schema":{"@context":"https:\/\/schema.org","@graph":[{"@type":"WebPage","@id":"https:\/\/www.miamedicalitalia.it\/prodotto\/noleggio-deambulatore-rollatore-in-alluminio\/","url":"https:\/\/www.miamedicalitalia.it\/prodotto\/noleggio-deambulatore-rollatore-in-alluminio\/","name":"Alquiler de andadores plegables en Roma y Florencia","isPartOf":{"@id":"https:\/\/www.miamedicalitalia.it\/#website"},"primaryImageOfPage":{"@id":"https:\/\/www.miamedicalitalia.it\/prodotto\/noleggio-deambulatore-rollatore-in-alluminio\/#primaryimage"},"image":{"@id":"https:\/\/www.miamedicalitalia.it\/prodotto\/noleggio-deambulatore-rollatore-in-alluminio\/#primaryimage"},"thumbnailUrl":"https:\/\/www.miamedicalitalia.it\/wp-content\/uploads\/2022\/12\/DSC_1142.jpg","datePublished":"2022-12-21T16:15:31+00:00","dateModified":"2026-01-13T11:06:56+00:00","description":"Alquiler y venta de andador plegable ligero, con frenos y asiento. Mejor precio garantizado. Conf\u00ede en nosotros. Somos expertos en alquiler y venta.","breadcrumb":{"@id":"https:\/\/www.miamedicalitalia.it\/prodotto\/noleggio-deambulatore-rollatore-in-alluminio\/#breadcrumb"},"inLanguage":"es","potentialAction":[{"@type":"ReadAction","target":["https:\/\/www.miamedicalitalia.it\/prodotto\/noleggio-deambulatore-rollatore-in-alluminio\/"]}]},{"@type":"ImageObject","inLanguage":"es","@id":"https:\/\/www.miamedicalitalia.it\/prodotto\/noleggio-deambulatore-rollatore-in-alluminio\/#primaryimage","url":"https:\/\/www.miamedicalitalia.it\/wp-content\/uploads\/2022\/12\/DSC_1142.jpg","contentUrl":"https:\/\/www.miamedicalitalia.it\/wp-content\/uploads\/2022\/12\/DSC_1142.jpg","width":1000,"height":1000,"caption":"deambulatore rollatore de interno\/esterno"},{"@type":"BreadcrumbList","@id":"https:\/\/www.miamedicalitalia.it\/prodotto\/noleggio-deambulatore-rollatore-in-alluminio\/#breadcrumb","itemListElement":[{"@type":"ListItem","position":1,"name":"Home","item":"https:\/\/www.miamedicalitalia.it\/"},{"@type":"ListItem","position":2,"name":"Shop","item":"https:\/\/www.miamedicalitalia.it\/negozio\/"},{"@type":"ListItem","position":3,"name":"Affitto e noleggio","item":"https:\/\/www.miamedicalitalia.it\/categoria\/affitto-e-noleggio-ausili\/"},{"@type":"ListItem","position":4,"name":"Deambulatori e Rollatori","item":"https:\/\/www.miamedicalitalia.it\/categoria\/affitto-e-noleggio-ausili\/affitto-e-noleggio-deambulatori\/"},{"@type":"ListItem","position":5,"name":"Noleggio deambulatore rollator in alluminio"}]},{"@type":"WebSite","@id":"https:\/\/www.miamedicalitalia.it\/#website","url":"https:\/\/www.miamedicalitalia.it\/","name":"www.miamedicalitalia.it","description":"Alquiler y venta de material sanitario","publisher":{"@id":"https:\/\/www.miamedicalitalia.it\/#organization"},"potentialAction":[{"@type":"SearchAction","target":{"@type":"EntryPoint","urlTemplate":"https:\/\/www.miamedicalitalia.it\/?s={search_term_string}"},"query-input":{"@type":"PropertyValueSpecification","valueRequired":true,"valueName":"search_term_string"}}],"inLanguage":"es"},{"@type":"Organization","@id":"https:\/\/www.miamedicalitalia.it\/#organization","name":"OLG","url":"https:\/\/www.miamedicalitalia.it\/","logo":{"@type":"ImageObject","inLanguage":"es","@id":"https:\/\/www.miamedicalitalia.it\/#\/schema\/logo\/image\/","url":"https:\/\/www.miamedicalitalia.it\/wp-content\/uploads\/2023\/04\/mia-medical-logo-free.png","contentUrl":"https:\/\/www.miamedicalitalia.it\/wp-content\/uploads\/2023\/04\/mia-medical-logo-free.png","width":700,"height":700,"caption":"OLG"},"image":{"@id":"https:\/\/www.miamedicalitalia.it\/#\/schema\/logo\/image\/"},"sameAs":["https:\/\/www.facebook.com\/miamedicalitalia"]}]}},"wcpa_form_fields":{"wcpaData":{"product":{"product_price":30,"price_html":"<span class=\"woocommerce-Price-amount amount\" aria-hidden=\"true\"><bdi><span class=\"woocommerce-Price-currencySymbol\">&euro;<\/span>30.00<\/bdi><\/span> <span aria-hidden=\"true\">-<\/span> <span class=\"woocommerce-Price-amount amount\" aria-hidden=\"true\"><bdi><span class=\"woocommerce-Price-currencySymbol\">&euro;<\/span>100.00<\/bdi><\/span><span class=\"screen-reader-text\">Rango de precios: desde &euro;30.00 hasta &euro;100.00<\/span>","original_product_price":30,"price_including_tax":30,"price_excluding_tax":30,"product_id":{"parent":9085,"variation":false},"is_variable":true,"stock_status":"instock","stock_quantity":null,"parent_sku":"","product_attributes":{"pa_seating-height":{"is_variation":false,"values":["45-50cm","49-50-cm","53-cm","54-cm"]},"pa_heights":{"is_variation":false,"values":["regolabile-da-79cm-a-92-cm"]},"pa_maximum-capacity":{"is_variation":false,"values":["150-kg"]},"altezza-sedile-da-terra":{"is_variation":false,"values":["54 cm"]},"pa_weight":{"is_variation":false,"values":["7kg"]},"pa_seat-width":{"is_variation":false,"values":["45x20cm"]},"pa_dimensions":{"is_variation":false,"values":["ingombro-totale-62-cm"]},"quanto-costa":{"is_variation":true,"values":[]},"pa_color":{"is_variation":false,"values":["arancione","verde"]},"marca":{"is_variation":false,"values":["Moretti Mopedia"]}},"custom_fields":[],"is_taxable":false,"product_name":"Noleggio deambulatore rollator in alluminio","hasImage":false},"fields":{"sec_565f165582eb8c":{"extra":{"key":"sec_565f165582eb8c","section_id":"sec_565f165582eb8c","name":"Predefinito","status":1,"toggle":true,"form_id":12050,"form_rules":{"exclude_from_discount":false,"fee_label":"\u8d39\u7528","disp_hide_options_price":false,"disp_show_section_price":false,"disp_show_field_price":true,"layout_option":"standard","pric_use_as_fee":false,"process_fee_as":"woo_fee"},"layout_option":"standard"},"fields":[[{"active":true,"col":6,"relations":false,"cl_rule":"show","enableCl":false,"price":"","enablePrice":false,"className":"input-text","type":"date","required":true,"elementId":"date_3189538061","name":"date_3189538061","label":"A partire dal giorno:","picker_type":"custom","picker_mode":"single","error":false,"description":"Inserisci la data di inizio del noleggio","gt_translate_keys":["label","description"],"price_dependency":false,"cl_dependency":false,"value":""}]]}},"config":{"price_override":"","enable_recaptcha":false,"bind_quantity":false,"quantity_bind_formula":false,"disp_summ_show_option_price":true,"disp_summ_show_product_price":true,"disp_summ_show_total_price":true,"disp_summ_show_fee":false,"disp_summ_show_discount":false,"summary_title":"","options_total_label":"\u671f\u6743\u4ef7\u683c","total_label":"\u603b\u8ba1","options_product_label":"\u4ea7\u54c1\u4ef7\u683c","fee_label":"\u8d39\u7528","discount_label":"\u6298\u6263","has_price":true,"has_quantity_formula":false},"mc_unit":1,"tax_rate":1,"tax_rate_real":1,"discount":{"percentage":0,"fixed":0},"design":{"conf":{"LabelPosition":"above","DescPosition":"below","UploadField":"custom_1","QuantityFieldStyle":"default"},"css":{"LeftLabelWidth":"50px"}},"formulas":[],"lookuptables":[],"clones":false,"cartKey":false}},"_links":{"self":[{"href":"https:\/\/www.miamedicalitalia.it\/es\/wp-json\/wp\/v2\/product\/9085","targetHints":{"allow":["GET"]}}],"collection":[{"href":"https:\/\/www.miamedicalitalia.it\/es\/wp-json\/wp\/v2\/product"}],"about":[{"href":"https:\/\/www.miamedicalitalia.it\/es\/wp-json\/wp\/v2\/types\/product"}],"wp:featuredmedia":[{"embeddable":true,"href":"https:\/\/www.miamedicalitalia.it\/es\/wp-json\/wp\/v2\/media\/12498"}],"wp:attachment":[{"href":"https:\/\/www.miamedicalitalia.it\/es\/wp-json\/wp\/v2\/media?parent=9085"}],"wp:term":[{"taxonomy":"home-category","embeddable":true,"href":"https:\/\/www.miamedicalitalia.it\/es\/wp-json\/wp\/v2\/home-category?post=9085"},{"taxonomy":"product_brand","embeddable":true,"href":"https:\/\/www.miamedicalitalia.it\/es\/wp-json\/wp\/v2\/product_brand?post=9085"},{"taxonomy":"product_cat","embeddable":true,"href":"https:\/\/www.miamedicalitalia.it\/es\/wp-json\/wp\/v2\/product_cat?post=9085"},{"taxonomy":"product_tag","embeddable":true,"href":"https:\/\/www.miamedicalitalia.it\/es\/wp-json\/wp\/v2\/product_tag?post=9085"},{"taxonomy":"woo-feed-brand","embeddable":true,"href":"https:\/\/www.miamedicalitalia.it\/es\/wp-json\/wp\/v2\/woo-feed-brand?post=9085"}],"curies":[{"name":"wp","href":"https:\/\/api.w.org\/{rel}","templated":true}]}}