{"id":9079,"date":"2022-12-21T17:15:31","date_gmt":"2022-12-21T16:15:31","guid":{"rendered":"https:\/\/www.miamedicalitalia.it\/?post_type=product&#038;p=9079"},"modified":"2026-02-12T16:53:26","modified_gmt":"2026-02-12T14:53:26","slug":"affitto-carrozzina-pieghevole-ad-autospinta-spedizioni-in-tutta-italia","status":"publish","type":"product","link":"https:\/\/www.miamedicalitalia.it\/es\/producto\/affitto-carrozzina-pieghevole-ad-autospinta-spedizioni-in-tutta-italia\/","title":{"rendered":"Alquilar una silla de ruedas plegable autopropulsada"},"content":{"rendered":"<p>El alquiler de la silla de ruedas plegable autopropulsada es de <strong>indispensable<\/strong> para personas con discapacidad, personas mayores, personas con movilidad reducida o personas que necesitan rehabilitaci\u00f3n.<\/p>\n\n\n\n<p>La silla de ruedas viene con el <strong>podios<\/strong> para los pies y <strong>reposabrazos<\/strong>. Ambos pueden retirarse f\u00e1cilmente en cualquier momento. En el momento de la entrega <strong>nuestro t\u00e9cnico<\/strong> le mostrar\u00e1 c\u00f3mo plegar y desplegar la silla de ruedas y c\u00f3mo colocar y retirar los reposabrazos y reposapi\u00e9s. Adem\u00e1s, la silla de ruedas est\u00e1 equipada con dos <strong>frenos<\/strong> para bloquear las ruedas.<\/p>\n\n\n\n<p>\u00bfDeber\u00eda tener un <strong>tiza<\/strong> o la necesidad de sujetar la pierna <strong>elevado<\/strong> s\u00f3lo tiene que informarnos. El alquiler de la contrahuella es de <strong>GRATIS<\/strong>!<\/p>\n\n\n\n<p>Estas sillas de ruedas son muy <strong>leer<\/strong> e <strong>plegable<\/strong>pero al mismo tiempo muy robustas. Pueden transportar a un paciente con un peso m\u00e1ximo de 130 kg; alternativamente, podemos proporcionarle una silla de ruedas espec\u00edfica para pacientes que <em><strong><a href=\"https:\/\/www.miamedicalitalia.it\/es\/producto\/noleggio-carrozzina-per-pazienti-obesi\/\">necesitan un caudal mayor.\u00a0<\/a><\/strong><\/em><\/p>\n\n\n\n<p>El paciente pasa <strong>mucho tiempo en la silla de ruedas?<\/strong> Para prevenir la formaci\u00f3n de llagas, puede adquirir el<a href=\"https:\/\/www.miamedicalitalia.it\/es\/producto\/cuscino-antidecubito-in-fibra-cava-siliconata\/\"><em><strong> almohada antidec\u00fabito a un precio reservado para usted<\/strong><\/em><\/a>!<\/p>\n\n\n\n<h3 class=\"wp-block-heading\" id=\"h-nbsp-dimensioni-carrozzina-pieghevole-ad-autospinta\">&nbsp;DIMENSIONES silla de ruedas plegable autopropulsable:<\/h3>\n\n\n\n<p>Alquilamos la silla de ruedas plegable autopropulsada en <strong>varias sesiones<\/strong>. El m\u00e1s peque\u00f1o mide 40 cm, hasta un m\u00e1ximo de 50 cm.<\/p>\n\n\n\n<p><strong>El peso<\/strong> del cochecito puede variar en funci\u00f3n del tama\u00f1o del asiento. El m\u00e1s ligero pesa 14 kg, mientras que el m\u00e1s grande pesa unos 18 kg.<\/p>\n\n\n\n<p>Las ruedas grandes son esenciales para un movimiento independiente<strong>.<\/strong> Se diferencian del <a href=\"https:\/\/www.miamedicalitalia.it\/es\/producto\/noleggio-carrozzina-pieghevole-da-transito\/\"><em>silla de ruedas de tr\u00e1nsito<\/em>o<\/a> por di\u00e1metro y posici\u00f3n en el cuadro.<\/p>\n\n\n\n<p>Todas las ayudas que alquilamos est\u00e1n desinfectadas en todas sus partes.<strong> Limpieza y desinfecci\u00f3n<\/strong> son la base de nuestro trabajo.<\/p>\n\n\n\n<p>Las sillas de ruedas de M.I.A Medical Italia son de la m\u00e1xima calidad y el alquiler de sillas es<strong> seguro, funcional y garantizado&nbsp;<\/strong><\/p>\n\n\n\n<p>Alquilamos en Toscana y Lacio, pero puede solicitar un <strong>env\u00edo a toda ITALIA.<\/strong><\/p>\n\n\n\n<p><strong>Reservar en l\u00ednea<\/strong> alquiler de la silla de ruedas plegable autopropulsable ahora. Si lo prefiere, puede ponerse en contacto con nosotros por tel\u00e9fono\/v\u00eda WhatsApp en <strong>+393926509237 <\/strong>o por correo electr\u00f3nico: <strong>amministrazione@miamedicalitalia.it<\/strong><\/p>\n\n\n\n<p><a href=\"https:\/\/www.facebook.com\/MIAMedicalitalia\/\"><em>Haga clic aqu\u00ed y cubra nuestra p\u00e1gina de FACEBOOK<\/em><\/a><\/p>","protected":false},"excerpt":{"rendered":"<div style=\"font-family: Arial, sans-serif; background-color: #234091; padding: 30px; border-radius: 25px; max-width: 600px; color: #ffffff; position: relative; border-top: 6px solid #2498fe;\">\n<h3 style=\"color: #ffffff; margin-top: 0;\">Silla de ruedas autopropulsada<\/h3>\n<p>C\u00f3modo y ligero, f\u00e1cil de cargar en el coche.<\/p>\n<p>Silla de ruedas con asiento y armaz\u00f3n plegables para mayor comodidad.<\/p>\n<p>Alquiler por 1 d\u00eda: 15\u20ac con recogida in situ \u00fanicamente.<\/p>\n<p>Entrega y recogida a domicilio en Roma y Florencia a partir de 30\u20ac.<\/p>\n<\/div>\n<p><!-- Linea bianca sotto --><\/p>\n<div style=\"height: 6px; background-color: #ffffff; max-width: 600px;\">\u00a0<\/div>","protected":false},"featured_media":12209,"template":"","meta":{"_acf_changed":true},"home-category":[263],"product_brand":[],"product_cat":[68],"product_tag":[246,247,231,248],"woo-feed-brand":[],"class_list":{"0":"post-9079","1":"product","2":"type-product","3":"status-publish","4":"has-post-thumbnail","6":"home-category-ausili","7":"product_cat-affitto-e-noleggio-carrozzina","8":"product_tag-carrozzina-autospinta-italia","9":"product_tag-carrozzina-pieghevole","10":"product_tag-sedia-a-rotelle-firenze","11":"product_tag-sedia-a-rotelle-roma","12":"wcpa_has_options","14":"first","15":"instock","16":"shipping-taxable","17":"purchasable","18":"product-type-variable"},"acf":[],"yoast_head":"<!-- This site is optimized with the Yoast SEO Premium plugin v27.3 (Yoast SEO v27.3) - https:\/\/yoast.com\/product\/yoast-seo-premium-wordpress\/ -->\n<title>Affitto carrozzina pieghevole ad autospinta. Spedizioni in tutta Italia<\/title>\n<meta name=\"description\" content=\"Affitto carrozzina pieghevole ad autospinta. Molto leggera \u00e8 facile da caricare in macchina. Spedizioni in tutta Italia, ritiro GRATUITO in magazzino.\" \/>\n<meta name=\"robots\" content=\"index, follow, max-snippet:-1, max-image-preview:large, max-video-preview:-1\" \/>\n<link rel=\"canonical\" href=\"https:\/\/www.miamedicalitalia.it\/es\/producto\/affitto-carrozzina-pieghevole-ad-autospinta-spedizioni-in-tutta-italia\/\" \/>\n<meta property=\"og:locale\" content=\"es_ES\" \/>\n<meta property=\"og:type\" content=\"article\" \/>\n<meta property=\"og:title\" content=\"Affitto carrozzina pieghevole ad autospinta. Spedizioni in tutta Italia\" \/>\n<meta property=\"og:description\" content=\"Affitto carrozzina pieghevole ad autospinta. Molto leggera \u00e8 facile da caricare in macchina. Spedizioni in tutta Italia, ritiro GRATUITO in magazzino.\" \/>\n<meta property=\"og:url\" content=\"https:\/\/www.miamedicalitalia.it\/es\/producto\/affitto-carrozzina-pieghevole-ad-autospinta-spedizioni-in-tutta-italia\/\" \/>\n<meta property=\"og:site_name\" content=\"Mia Medical\" \/>\n<meta property=\"article:publisher\" content=\"https:\/\/www.facebook.com\/miamedicalitalia\" \/>\n<meta property=\"article:modified_time\" content=\"2026-02-12T14:53:26+00:00\" \/>\n<meta property=\"og:image\" content=\"https:\/\/www.miamedicalitalia.it\/wp-content\/uploads\/2022\/12\/Carrozzina-ad-autospinta-pieghevole-150x150-1.jpg\" \/>\n\t<meta property=\"og:image:width\" content=\"1000\" \/>\n\t<meta property=\"og:image:height\" content=\"1000\" \/>\n\t<meta property=\"og:image:type\" content=\"image\/jpeg\" \/>\n<meta name=\"twitter:card\" content=\"summary_large_image\" \/>\n<meta name=\"twitter:label1\" content=\"Tiempo de lectura\" \/>\n\t<meta name=\"twitter:data1\" content=\"1 minuto\" \/>\n<script type=\"application\/ld+json\" class=\"yoast-schema-graph\">{\"@context\":\"https:\\\/\\\/schema.org\",\"@graph\":[{\"@type\":\"WebPage\",\"@id\":\"https:\\\/\\\/www.miamedicalitalia.it\\\/prodotto\\\/affitto-carrozzina-pieghevole-ad-autospinta-spedizioni-in-tutta-italia\\\/\",\"url\":\"https:\\\/\\\/www.miamedicalitalia.it\\\/prodotto\\\/affitto-carrozzina-pieghevole-ad-autospinta-spedizioni-in-tutta-italia\\\/\",\"name\":\"Affitto carrozzina pieghevole ad autospinta. Spedizioni in tutta Italia\",\"isPartOf\":{\"@id\":\"https:\\\/\\\/www.miamedicalitalia.it\\\/#website\"},\"primaryImageOfPage\":{\"@id\":\"https:\\\/\\\/www.miamedicalitalia.it\\\/prodotto\\\/affitto-carrozzina-pieghevole-ad-autospinta-spedizioni-in-tutta-italia\\\/#primaryimage\"},\"image\":{\"@id\":\"https:\\\/\\\/www.miamedicalitalia.it\\\/prodotto\\\/affitto-carrozzina-pieghevole-ad-autospinta-spedizioni-in-tutta-italia\\\/#primaryimage\"},\"thumbnailUrl\":\"https:\\\/\\\/www.miamedicalitalia.it\\\/wp-content\\\/uploads\\\/2022\\\/12\\\/Carrozzina-ad-autospinta-pieghevole-150x150-1.jpg\",\"datePublished\":\"2022-12-21T16:15:31+00:00\",\"dateModified\":\"2026-02-12T14:53:26+00:00\",\"description\":\"Affitto carrozzina pieghevole ad autospinta. Molto leggera \u00e8 facile da caricare in macchina. Spedizioni in tutta Italia, ritiro GRATUITO in magazzino.\",\"breadcrumb\":{\"@id\":\"https:\\\/\\\/www.miamedicalitalia.it\\\/prodotto\\\/affitto-carrozzina-pieghevole-ad-autospinta-spedizioni-in-tutta-italia\\\/#breadcrumb\"},\"inLanguage\":\"es\",\"potentialAction\":[{\"@type\":\"ReadAction\",\"target\":[\"https:\\\/\\\/www.miamedicalitalia.it\\\/prodotto\\\/affitto-carrozzina-pieghevole-ad-autospinta-spedizioni-in-tutta-italia\\\/\"]}]},{\"@type\":\"ImageObject\",\"inLanguage\":\"es\",\"@id\":\"https:\\\/\\\/www.miamedicalitalia.it\\\/prodotto\\\/affitto-carrozzina-pieghevole-ad-autospinta-spedizioni-in-tutta-italia\\\/#primaryimage\",\"url\":\"https:\\\/\\\/www.miamedicalitalia.it\\\/wp-content\\\/uploads\\\/2022\\\/12\\\/Carrozzina-ad-autospinta-pieghevole-150x150-1.jpg\",\"contentUrl\":\"https:\\\/\\\/www.miamedicalitalia.it\\\/wp-content\\\/uploads\\\/2022\\\/12\\\/Carrozzina-ad-autospinta-pieghevole-150x150-1.jpg\",\"width\":1000,\"height\":1000},{\"@type\":\"BreadcrumbList\",\"@id\":\"https:\\\/\\\/www.miamedicalitalia.it\\\/prodotto\\\/affitto-carrozzina-pieghevole-ad-autospinta-spedizioni-in-tutta-italia\\\/#breadcrumb\",\"itemListElement\":[{\"@type\":\"ListItem\",\"position\":1,\"name\":\"Home\",\"item\":\"https:\\\/\\\/www.miamedicalitalia.it\\\/\"},{\"@type\":\"ListItem\",\"position\":2,\"name\":\"Shop\",\"item\":\"https:\\\/\\\/www.miamedicalitalia.it\\\/negozio\\\/\"},{\"@type\":\"ListItem\",\"position\":3,\"name\":\"Affitto e noleggio\",\"item\":\"https:\\\/\\\/www.miamedicalitalia.it\\\/categoria\\\/affitto-e-noleggio-ausili\\\/\"},{\"@type\":\"ListItem\",\"position\":4,\"name\":\"Carrozzine\",\"item\":\"https:\\\/\\\/www.miamedicalitalia.it\\\/categoria\\\/affitto-e-noleggio-ausili\\\/affitto-e-noleggio-carrozzina\\\/\"},{\"@type\":\"ListItem\",\"position\":5,\"name\":\"Affitto carrozzina pieghevole ad autospinta\"}]},{\"@type\":\"WebSite\",\"@id\":\"https:\\\/\\\/www.miamedicalitalia.it\\\/#website\",\"url\":\"https:\\\/\\\/www.miamedicalitalia.it\\\/\",\"name\":\"www.miamedicalitalia.it\",\"description\":\"Noleggio e Vendita Attrezzatura Sanitarie\",\"publisher\":{\"@id\":\"https:\\\/\\\/www.miamedicalitalia.it\\\/#organization\"},\"potentialAction\":[{\"@type\":\"SearchAction\",\"target\":{\"@type\":\"EntryPoint\",\"urlTemplate\":\"https:\\\/\\\/www.miamedicalitalia.it\\\/?s={search_term_string}\"},\"query-input\":{\"@type\":\"PropertyValueSpecification\",\"valueRequired\":true,\"valueName\":\"search_term_string\"}}],\"inLanguage\":\"es\"},{\"@type\":\"Organization\",\"@id\":\"https:\\\/\\\/www.miamedicalitalia.it\\\/#organization\",\"name\":\"OLG\",\"url\":\"https:\\\/\\\/www.miamedicalitalia.it\\\/\",\"logo\":{\"@type\":\"ImageObject\",\"inLanguage\":\"es\",\"@id\":\"https:\\\/\\\/www.miamedicalitalia.it\\\/#\\\/schema\\\/logo\\\/image\\\/\",\"url\":\"https:\\\/\\\/www.miamedicalitalia.it\\\/wp-content\\\/uploads\\\/2023\\\/04\\\/mia-medical-logo-free.png\",\"contentUrl\":\"https:\\\/\\\/www.miamedicalitalia.it\\\/wp-content\\\/uploads\\\/2023\\\/04\\\/mia-medical-logo-free.png\",\"width\":700,\"height\":700,\"caption\":\"OLG\"},\"image\":{\"@id\":\"https:\\\/\\\/www.miamedicalitalia.it\\\/#\\\/schema\\\/logo\\\/image\\\/\"},\"sameAs\":[\"https:\\\/\\\/www.facebook.com\\\/miamedicalitalia\"]}]}<\/script>\n<!-- \/ Yoast SEO Premium plugin. -->","yoast_head_json":{"title":"Alquiler de sillas de ruedas plegables autopropulsadas. Env\u00edos a toda Italia","description":"Silla de ruedas plegable autopropulsada de alquiler. Muy ligera y f\u00e1cil de cargar en el coche. Env\u00edo a todo el pa\u00eds, recogida GRATUITA en almac\u00e9n.","robots":{"index":"index","follow":"follow","max-snippet":"max-snippet:-1","max-image-preview":"max-image-preview:large","max-video-preview":"max-video-preview:-1"},"canonical":"https:\/\/www.miamedicalitalia.it\/es\/producto\/affitto-carrozzina-pieghevole-ad-autospinta-spedizioni-in-tutta-italia\/","og_locale":"es_ES","og_type":"article","og_title":"Affitto carrozzina pieghevole ad autospinta. Spedizioni in tutta Italia","og_description":"Affitto carrozzina pieghevole ad autospinta. Molto leggera \u00e8 facile da caricare in macchina. Spedizioni in tutta Italia, ritiro GRATUITO in magazzino.","og_url":"https:\/\/www.miamedicalitalia.it\/es\/producto\/affitto-carrozzina-pieghevole-ad-autospinta-spedizioni-in-tutta-italia\/","og_site_name":"Mia Medical","article_publisher":"https:\/\/www.facebook.com\/miamedicalitalia","article_modified_time":"2026-02-12T14:53:26+00:00","og_image":[{"width":1000,"height":1000,"url":"https:\/\/www.miamedicalitalia.it\/wp-content\/uploads\/2022\/12\/Carrozzina-ad-autospinta-pieghevole-150x150-1.jpg","type":"image\/jpeg"}],"twitter_card":"summary_large_image","twitter_misc":{"Tiempo de lectura":"1 minuto"},"schema":{"@context":"https:\/\/schema.org","@graph":[{"@type":"WebPage","@id":"https:\/\/www.miamedicalitalia.it\/prodotto\/affitto-carrozzina-pieghevole-ad-autospinta-spedizioni-in-tutta-italia\/","url":"https:\/\/www.miamedicalitalia.it\/prodotto\/affitto-carrozzina-pieghevole-ad-autospinta-spedizioni-in-tutta-italia\/","name":"Alquiler de sillas de ruedas plegables autopropulsadas. Env\u00edos a toda Italia","isPartOf":{"@id":"https:\/\/www.miamedicalitalia.it\/#website"},"primaryImageOfPage":{"@id":"https:\/\/www.miamedicalitalia.it\/prodotto\/affitto-carrozzina-pieghevole-ad-autospinta-spedizioni-in-tutta-italia\/#primaryimage"},"image":{"@id":"https:\/\/www.miamedicalitalia.it\/prodotto\/affitto-carrozzina-pieghevole-ad-autospinta-spedizioni-in-tutta-italia\/#primaryimage"},"thumbnailUrl":"https:\/\/www.miamedicalitalia.it\/wp-content\/uploads\/2022\/12\/Carrozzina-ad-autospinta-pieghevole-150x150-1.jpg","datePublished":"2022-12-21T16:15:31+00:00","dateModified":"2026-02-12T14:53:26+00:00","description":"Silla de ruedas plegable autopropulsada de alquiler. Muy ligera y f\u00e1cil de cargar en el coche. Env\u00edo a todo el pa\u00eds, recogida GRATUITA en almac\u00e9n.","breadcrumb":{"@id":"https:\/\/www.miamedicalitalia.it\/prodotto\/affitto-carrozzina-pieghevole-ad-autospinta-spedizioni-in-tutta-italia\/#breadcrumb"},"inLanguage":"es","potentialAction":[{"@type":"ReadAction","target":["https:\/\/www.miamedicalitalia.it\/prodotto\/affitto-carrozzina-pieghevole-ad-autospinta-spedizioni-in-tutta-italia\/"]}]},{"@type":"ImageObject","inLanguage":"es","@id":"https:\/\/www.miamedicalitalia.it\/prodotto\/affitto-carrozzina-pieghevole-ad-autospinta-spedizioni-in-tutta-italia\/#primaryimage","url":"https:\/\/www.miamedicalitalia.it\/wp-content\/uploads\/2022\/12\/Carrozzina-ad-autospinta-pieghevole-150x150-1.jpg","contentUrl":"https:\/\/www.miamedicalitalia.it\/wp-content\/uploads\/2022\/12\/Carrozzina-ad-autospinta-pieghevole-150x150-1.jpg","width":1000,"height":1000},{"@type":"BreadcrumbList","@id":"https:\/\/www.miamedicalitalia.it\/prodotto\/affitto-carrozzina-pieghevole-ad-autospinta-spedizioni-in-tutta-italia\/#breadcrumb","itemListElement":[{"@type":"ListItem","position":1,"name":"Home","item":"https:\/\/www.miamedicalitalia.it\/"},{"@type":"ListItem","position":2,"name":"Shop","item":"https:\/\/www.miamedicalitalia.it\/negozio\/"},{"@type":"ListItem","position":3,"name":"Affitto e noleggio","item":"https:\/\/www.miamedicalitalia.it\/categoria\/affitto-e-noleggio-ausili\/"},{"@type":"ListItem","position":4,"name":"Carrozzine","item":"https:\/\/www.miamedicalitalia.it\/categoria\/affitto-e-noleggio-ausili\/affitto-e-noleggio-carrozzina\/"},{"@type":"ListItem","position":5,"name":"Affitto carrozzina pieghevole ad autospinta"}]},{"@type":"WebSite","@id":"https:\/\/www.miamedicalitalia.it\/#website","url":"https:\/\/www.miamedicalitalia.it\/","name":"www.miamedicalitalia.it","description":"Alquiler y venta de material sanitario","publisher":{"@id":"https:\/\/www.miamedicalitalia.it\/#organization"},"potentialAction":[{"@type":"SearchAction","target":{"@type":"EntryPoint","urlTemplate":"https:\/\/www.miamedicalitalia.it\/?s={search_term_string}"},"query-input":{"@type":"PropertyValueSpecification","valueRequired":true,"valueName":"search_term_string"}}],"inLanguage":"es"},{"@type":"Organization","@id":"https:\/\/www.miamedicalitalia.it\/#organization","name":"OLG","url":"https:\/\/www.miamedicalitalia.it\/","logo":{"@type":"ImageObject","inLanguage":"es","@id":"https:\/\/www.miamedicalitalia.it\/#\/schema\/logo\/image\/","url":"https:\/\/www.miamedicalitalia.it\/wp-content\/uploads\/2023\/04\/mia-medical-logo-free.png","contentUrl":"https:\/\/www.miamedicalitalia.it\/wp-content\/uploads\/2023\/04\/mia-medical-logo-free.png","width":700,"height":700,"caption":"OLG"},"image":{"@id":"https:\/\/www.miamedicalitalia.it\/#\/schema\/logo\/image\/"},"sameAs":["https:\/\/www.facebook.com\/miamedicalitalia"]}]}},"wcpa_form_fields":{"wcpaData":{"product":{"product_price":25,"price_html":"<span class=\"woocommerce-Price-amount amount\" aria-hidden=\"true\"><bdi><span class=\"woocommerce-Price-currencySymbol\">&euro;<\/span>25.00<\/bdi><\/span> <span aria-hidden=\"true\">-<\/span> <span class=\"woocommerce-Price-amount amount\" aria-hidden=\"true\"><bdi><span class=\"woocommerce-Price-currencySymbol\">&euro;<\/span>100.00<\/bdi><\/span><span class=\"screen-reader-text\">Rango de precios: desde &euro;25.00 hasta &euro;100.00<\/span>","original_product_price":25,"price_including_tax":25,"price_excluding_tax":25,"product_id":{"parent":9079,"variation":false},"is_variable":true,"stock_status":"instock","stock_quantity":null,"parent_sku":"","product_attributes":{"quanto-costa":{"is_variation":true,"values":[]}},"custom_fields":[],"is_taxable":false,"product_name":"Affitto carrozzina pieghevole ad autospinta","hasImage":false},"fields":{"sec_565f165582eb8c":{"extra":{"key":"sec_565f165582eb8c","section_id":"sec_565f165582eb8c","name":"Predefinito","status":1,"toggle":true,"form_id":12050,"form_rules":{"exclude_from_discount":false,"fee_label":"Tassa","disp_hide_options_price":false,"disp_show_section_price":false,"disp_show_field_price":true,"layout_option":"standard","pric_use_as_fee":false,"process_fee_as":"woo_fee"},"layout_option":"standard"},"fields":[[{"active":true,"col":6,"relations":false,"cl_rule":"show","enableCl":false,"price":"","enablePrice":false,"className":"input-text","type":"date","required":true,"elementId":"date_3189538061","name":"date_3189538061","label":"A partire dal giorno:","picker_type":"custom","picker_mode":"single","error":false,"description":"Inserisci la data di inizio del noleggio","gt_translate_keys":["label","description"],"price_dependency":false,"cl_dependency":false,"value":""}]]}},"config":{"price_override":"","enable_recaptcha":false,"bind_quantity":false,"quantity_bind_formula":false,"disp_summ_show_option_price":true,"disp_summ_show_product_price":true,"disp_summ_show_total_price":true,"disp_summ_show_fee":false,"disp_summ_show_discount":false,"summary_title":"","options_total_label":"Prezzo delle opzioni","total_label":"Totale","options_product_label":"Prezzo del prodotto","fee_label":"Tassa","discount_label":"Sconto","has_price":true,"has_quantity_formula":false},"mc_unit":1,"tax_rate":1,"tax_rate_real":1,"discount":{"percentage":0,"fixed":0},"design":{"conf":{"LabelPosition":"above","DescPosition":"below","UploadField":"custom_1","QuantityFieldStyle":"default"},"css":{"LeftLabelWidth":"50px"}},"formulas":[],"lookuptables":[],"clones":false,"cartKey":false}},"_links":{"self":[{"href":"https:\/\/www.miamedicalitalia.it\/es\/wp-json\/wp\/v2\/product\/9079","targetHints":{"allow":["GET"]}}],"collection":[{"href":"https:\/\/www.miamedicalitalia.it\/es\/wp-json\/wp\/v2\/product"}],"about":[{"href":"https:\/\/www.miamedicalitalia.it\/es\/wp-json\/wp\/v2\/types\/product"}],"wp:featuredmedia":[{"embeddable":true,"href":"https:\/\/www.miamedicalitalia.it\/es\/wp-json\/wp\/v2\/media\/12209"}],"wp:attachment":[{"href":"https:\/\/www.miamedicalitalia.it\/es\/wp-json\/wp\/v2\/media?parent=9079"}],"wp:term":[{"taxonomy":"home-category","embeddable":true,"href":"https:\/\/www.miamedicalitalia.it\/es\/wp-json\/wp\/v2\/home-category?post=9079"},{"taxonomy":"product_brand","embeddable":true,"href":"https:\/\/www.miamedicalitalia.it\/es\/wp-json\/wp\/v2\/product_brand?post=9079"},{"taxonomy":"product_cat","embeddable":true,"href":"https:\/\/www.miamedicalitalia.it\/es\/wp-json\/wp\/v2\/product_cat?post=9079"},{"taxonomy":"product_tag","embeddable":true,"href":"https:\/\/www.miamedicalitalia.it\/es\/wp-json\/wp\/v2\/product_tag?post=9079"},{"taxonomy":"woo-feed-brand","embeddable":true,"href":"https:\/\/www.miamedicalitalia.it\/es\/wp-json\/wp\/v2\/woo-feed-brand?post=9079"}],"curies":[{"name":"wp","href":"https:\/\/api.w.org\/{rel}","templated":true}]}}