{"id":9073,"date":"2022-12-21T17:15:31","date_gmt":"2022-12-21T16:15:31","guid":{"rendered":"https:\/\/www.miamedicalitalia.it\/?post_type=product&#038;p=9073"},"modified":"2026-01-13T13:06:20","modified_gmt":"2026-01-13T11:06:20","slug":"noleggio-deambulatore-con-sotto-ascellare-firenza-e-provincia-roma-e-provincia","status":"publish","type":"product","link":"https:\/\/www.miamedicalitalia.it\/es\/producto\/noleggio-deambulatore-con-sotto-ascellare-firenza-e-provincia-roma-e-provincia\/","title":{"rendered":"Alquile un andador con axilas"},"content":{"rendered":"<p><strong>Alquiler de Deambulador con axila en Roma y Provincia y en Florencia y Provincia para fisioterapia a domicilio.<\/strong><\/p>\n\n\n\n<p>Si busca una ayuda dise\u00f1ada para caminar en interiores, nuestro&nbsp;<strong>andador con axila&nbsp;<\/strong>es la soluci\u00f3n ideal para usted. Dise\u00f1ado para ofrecer estabilidad y facilidad de uso, este dispositivo se adapta perfectamente a las necesidades de quienes desean desplazarse por su casa con seguridad.<\/p>\n\n\n\n<h4 class=\"wp-block-heading\" id=\"h-cosa-e-un-deambulatore-con-sotto-ascellari-regolabili\">\u00bfQu\u00e9 es un andador con mand\u00edbula inferior ajustable?<\/h4>\n\n\n\n<p>Es una ayuda para la movilidad fabricada con:<\/p>\n\n\n\n<ul class=\"wp-block-list\">\n<li><strong>Bastidor de acero desmontable:<\/strong>&nbsp;Para guardar y transportar f\u00e1cilmente, sin renunciar a la robustez.<\/li>\n\n\n\n<li><strong>4 ruedas giratorias, 2 con freno<\/strong><\/li>\n\n\n\n<li><strong>Ajuste de la altura de las axilas:<\/strong>&nbsp;Gracias a las empu\u00f1aduras especiales, puede ajustar la altura ideal para un apoyo c\u00f3modo y personalizado.<\/li>\n\n\n\n<li><strong>Accesorio opcional - Asiento desmontable:<\/strong>&nbsp;Para darse un respiro cuando m\u00e1s lo necesita, sin renunciar a la practicidad.<\/li>\n<\/ul>\n\n\n\n<h4 class=\"wp-block-heading\" id=\"h-a-chi-e-indicato-il-noleggio-del-deambulatore-con-sotto-ascellari\">\u00bfA qui\u00e9n est\u00e1 indicado el Alquiler de un Caminante con Subejes?<\/h4>\n\n\n\n<p>Nuestro servicio de alquiler de andadores en Roma y Florencia es perfecto para:<\/p>\n\n\n\n<ul class=\"wp-block-list\">\n<li><strong>Personas con dificultades de movilidad<\/strong>&nbsp;que necesitan un soporte estable para los movimientos internos.<\/li>\n\n\n\n<li>- <strong>Pacientes en rehabilitaci\u00f3n<\/strong>&nbsp;o en la fase postoperatoria que requiera apoyo temporal.<\/li>\n\n\n\n<li>- <strong>Personas mayores o con problemas de equilibrio<\/strong>&nbsp;que deseen moverse con seguridad dentro de la casa.<\/li>\n<\/ul>\n\n\n\n<p>El postoperatorio es una fase importante destinada a recuperar la movilidad y el funcionamiento adecuado. Es usted el cuidador de una persona mayor o dependiente y necesita ayuda, nuestro <strong>enfermera<\/strong> de confianza <strong><a href=\"http:\/\/www.arnaldiandrea.com\">Andrea Arnaldi<\/a><\/strong> se especializa en asistencia a domicilio y est\u00e1 dispuesta a ayudarle a llevar a cabo los cuidados desde la comodidad de su propia casa.\u00a0 <br><a href=\"https:\/\/www.miamedicalitalia.it\/es\/?_gl=1%2A1hga37n%2A_up%2AMQ..%2A_ga%2AMTk4NTM1MjI4Mi4xNzQyMDMxMTI4%2A_ga_D9FZ9V3LL7%2AMTc0MjAzMTEyNy4xLjEuMTc0MjAzMTE3My4wLjAuMA..\">No olvide visitar nuestro sitio web para descubrir todos los productos sanitarios en alquiler o venta dise\u00f1ados para todas las necesidades de nuestros clientes,<\/a> m\u00e1xima seguridad y comodidad para <strong>\u00a1recupere la autonom\u00eda con Mia Medical!<\/strong><br><\/p>\n\n\n\n<h4 class=\"wp-block-heading\" id=\"h-i-benefici-del-deambulatore-con-sotto-ascellari-regolabili-a-noleggio-roma-e-firenze\">Las ventajas de alquilar un andador con patas inferiores ajustables | Roma y Florencia <\/h4>\n\n\n\n<ul class=\"wp-block-list\">\n<li><strong>Mayor estabilidad y seguridad<\/strong>&nbsp;durante el paseo.<\/li>\n\n\n\n<li><strong>Reducir la fatiga<\/strong>&nbsp;gracias al apoyo de los subaxilares.<\/li>\n\n\n\n<li><strong>Menos carga en manos, mu\u00f1ecas y hombros<\/strong>ideal para quienes tienen dificultades para sujetar un andador normal.<\/li>\n\n\n\n<li><strong>Facilidad de movimiento<\/strong>incluso para viajes largos.<\/li>\n\n\n\n<li><strong>Apto para uso interior y exterior<\/strong>gracias a las ruedas maniobrables.<\/li>\n<\/ul>\n\n\n\n<h4 class=\"wp-block-heading\" id=\"h-perche-noleggiare-un-deambulatore-invece-di-acquistarlo\"><strong>\u00bfPor qu\u00e9 alquilar un andador en lugar de comprarlo?<\/strong><\/h4>\n\n\n\n<p>En&nbsp;<strong>alquiler de un andador con sub-axilar<\/strong> es una elecci\u00f3n inteligente si s\u00f3lo necesita una ayuda durante un periodo limitado, por ejemplo, durante la recuperaci\u00f3n postoperatoria o la rehabilitaci\u00f3n. Las principales ventajas son:<\/p>\n\n\n\n<ul class=\"wp-block-list\">\n<li><strong>Ahorrar dinero<\/strong>&nbsp;en comparaci\u00f3n con la compra.<\/li>\n\n\n\n<li><strong>M\u00e1xima flexibilidad<\/strong>s\u00f3lo puedes utilizarlo el tiempo necesario.<\/li>\n\n\n\n<li><strong>Sin mantenimiento<\/strong>El aparato se entrega desinfectado y listo para su uso.<\/li>\n\n\n\n<li><strong>Posibilidad de sustituci\u00f3n o mejora<\/strong>&nbsp;si cambian sus necesidades.<\/li>\n\n\n\n<li>Asistencia de nuestros t\u00e9cnicos especializados, \u00a1listos para ayudarle en cualquier eventualidad! <\/li>\n<\/ul>\n\n\n\n<p><strong><a href=\"https:\/\/www.miamedicalitalia.it\/es\/categoria\/affitto-e-noleggio-ausili\/affitto-e-noleggio-deambulatori\/?_gl=1*56abvv*_up*MQ..*_ga*MTk4NTM1MjI4Mi4xNzQyMDMxMTI4*_ga_D9FZ9V3LL7*MTc0MjAzMTEyNy4xLjAuMTc0MjAzMTEyNy4wLjAuMA..\">Descubra todas las opciones de alquiler disponibles para la amplia gama de andadores de Mia Medical.<\/a><\/strong> e <strong><a href=\"https:\/\/wa.me\/393926509237\">Contacte con nosotros<\/a><\/strong> para reservar la suya. Tambi\u00e9n puede leer nuestro <a href=\"https:\/\/www.miamedicalitalia.it\/es\/come-si-scegli-il-deambulatore-giusto\/\">art\u00edculo-gu\u00eda<\/a> \u00a1para elegir el andador que mejor se adapte a sus necesidades!<\/p>\n\n\n\n<h4 class=\"wp-block-heading\" id=\"h-perche-scegliere-mia-medical\">\u00bfPor qu\u00e9 elegir Mia Medical?<\/h4>\n\n\n\n<p>Con nuestro <strong>servicio de alquiler<\/strong>se beneficiar\u00e1 de un <strong>asesoramiento personalizado<\/strong> y un producto de <strong>alta calidad<\/strong>ideal para satisfacer sus necesidades espec\u00edficas de <strong>movilidad interna<\/strong>. <strong><a href=\"https:\/\/www.miamedicalitalia.it\/es\/?_gl=1%2A1hga37n%2A_up%2AMQ..%2A_ga%2AMTk4NTM1MjI4Mi4xNzQyMDMxMTI4%2A_ga_D9FZ9V3LL7%2AMTc0MjAzMTEyNy4xLjEuMTc0MjAzMTE3My4wLjAuMA..\">Conf\u00ede en nosotros para desplazarse con seguridad y comodidad, sin complicaciones.<\/a><\/strong><\/p>\n\n\n\n<p><strong>P\u00f3ngase en contacto con nosotros<\/strong>&nbsp;para obtener m\u00e1s informaci\u00f3n o reservar su andador para uso en interiores.<\/p>","protected":false},"excerpt":{"rendered":"<div style=\"font-family: Arial, sans-serif; background-color: #234091; padding: 30px; border-radius: 25px; max-width: 600px; color: #ffffff; position: relative; border-top: 6px solid #2498fe;\">\n<h3 style=\"margin-top: 0; margin-bottom: 15px; color: #ffffff;\">Entrega en Roma y Florencia a partir de 30\u20ac.<\/h3>\n<p><strong>No se requiere dep\u00f3sito.<\/strong><\/p>\n<p>La entrega y la recogida en el almac\u00e9n son <strong>\u00a1GRATIS!<\/strong><\/p>\n<\/div>\n<p><!-- Linea bianca sotto --><\/p>\n<div style=\"height: 6px; background-color: #ffffff; max-width: 600px;\">\u00a0<\/div>","protected":false},"featured_media":12234,"template":"","meta":{"_acf_changed":false},"home-category":[263],"product_brand":[],"product_cat":[130],"product_tag":[157],"woo-feed-brand":[],"class_list":{"0":"post-9073","1":"product","2":"type-product","3":"status-publish","4":"has-post-thumbnail","6":"home-category-ausili","7":"product_cat-affitto-e-noleggio-deambulatori","8":"product_tag-deambulatore-pieghevole-fisioterapia","9":"wcpa_has_options","11":"first","12":"instock","13":"shipping-taxable","14":"purchasable","15":"product-type-variable"},"acf":[],"yoast_head":"<!-- This site is optimized with the Yoast SEO Premium plugin v27.4 (Yoast SEO v27.4) - https:\/\/yoast.com\/product\/yoast-seo-premium-wordpress\/ -->\n<title>Noleggio deambulatore ascellare Roma ProvinciaFirenze Provincia<\/title>\n<meta name=\"description\" content=\"Noleggio del Deambulatore Ascellare o Antibracchiale a Roma e provincia e Firenze e provincia. Consegna a domicilio. Super offerte pi\u00f9 noleggi meno paghi!\" \/>\n<meta name=\"robots\" content=\"index, follow, max-snippet:-1, max-image-preview:large, max-video-preview:-1\" \/>\n<link rel=\"canonical\" href=\"https:\/\/www.miamedicalitalia.it\/es\/producto\/noleggio-deambulatore-con-sotto-ascellare-firenza-e-provincia-roma-e-provincia\/\" \/>\n<meta property=\"og:locale\" content=\"es_ES\" \/>\n<meta property=\"og:type\" content=\"article\" \/>\n<meta property=\"og:title\" content=\"Noleggio deambulatore ascellare Roma ProvinciaFirenze Provincia\" \/>\n<meta property=\"og:description\" content=\"Noleggio del Deambulatore Ascellare o Antibracchiale a Roma e provincia e Firenze e provincia. Consegna a domicilio. Super offerte pi\u00f9 noleggi meno paghi!\" \/>\n<meta property=\"og:url\" content=\"https:\/\/www.miamedicalitalia.it\/es\/producto\/noleggio-deambulatore-con-sotto-ascellare-firenza-e-provincia-roma-e-provincia\/\" \/>\n<meta property=\"og:site_name\" content=\"Mia Medical\" \/>\n<meta property=\"article:publisher\" content=\"https:\/\/www.facebook.com\/miamedicalitalia\" \/>\n<meta property=\"article:modified_time\" content=\"2026-01-13T11:06:20+00:00\" \/>\n<meta property=\"og:image\" content=\"https:\/\/www.miamedicalitalia.it\/wp-content\/uploads\/2022\/12\/deambulatore-ascellare-.jpg\" \/>\n\t<meta property=\"og:image:width\" content=\"1000\" \/>\n\t<meta property=\"og:image:height\" content=\"1000\" \/>\n\t<meta property=\"og:image:type\" content=\"image\/jpeg\" \/>\n<meta name=\"twitter:card\" content=\"summary_large_image\" \/>\n<meta name=\"twitter:label1\" content=\"Tiempo de lectura\" \/>\n\t<meta name=\"twitter:data1\" content=\"1 minuto\" \/>\n<script type=\"application\/ld+json\" class=\"yoast-schema-graph\">{\"@context\":\"https:\\\/\\\/schema.org\",\"@graph\":[{\"@type\":\"WebPage\",\"@id\":\"https:\\\/\\\/www.miamedicalitalia.it\\\/prodotto\\\/noleggio-deambulatore-con-sotto-ascellare-firenza-e-provincia-roma-e-provincia\\\/\",\"url\":\"https:\\\/\\\/www.miamedicalitalia.it\\\/prodotto\\\/noleggio-deambulatore-con-sotto-ascellare-firenza-e-provincia-roma-e-provincia\\\/\",\"name\":\"Noleggio deambulatore ascellare Roma ProvinciaFirenze Provincia\",\"isPartOf\":{\"@id\":\"https:\\\/\\\/www.miamedicalitalia.it\\\/#website\"},\"primaryImageOfPage\":{\"@id\":\"https:\\\/\\\/www.miamedicalitalia.it\\\/prodotto\\\/noleggio-deambulatore-con-sotto-ascellare-firenza-e-provincia-roma-e-provincia\\\/#primaryimage\"},\"image\":{\"@id\":\"https:\\\/\\\/www.miamedicalitalia.it\\\/prodotto\\\/noleggio-deambulatore-con-sotto-ascellare-firenza-e-provincia-roma-e-provincia\\\/#primaryimage\"},\"thumbnailUrl\":\"https:\\\/\\\/www.miamedicalitalia.it\\\/wp-content\\\/uploads\\\/2022\\\/12\\\/deambulatore-ascellare-.jpg\",\"datePublished\":\"2022-12-21T16:15:31+00:00\",\"dateModified\":\"2026-01-13T11:06:20+00:00\",\"description\":\"Noleggio del Deambulatore Ascellare o Antibracchiale a Roma e provincia e Firenze e provincia. Consegna a domicilio. Super offerte pi\u00f9 noleggi meno paghi!\",\"breadcrumb\":{\"@id\":\"https:\\\/\\\/www.miamedicalitalia.it\\\/prodotto\\\/noleggio-deambulatore-con-sotto-ascellare-firenza-e-provincia-roma-e-provincia\\\/#breadcrumb\"},\"inLanguage\":\"es\",\"potentialAction\":[{\"@type\":\"ReadAction\",\"target\":[\"https:\\\/\\\/www.miamedicalitalia.it\\\/prodotto\\\/noleggio-deambulatore-con-sotto-ascellare-firenza-e-provincia-roma-e-provincia\\\/\"]}]},{\"@type\":\"ImageObject\",\"inLanguage\":\"es\",\"@id\":\"https:\\\/\\\/www.miamedicalitalia.it\\\/prodotto\\\/noleggio-deambulatore-con-sotto-ascellare-firenza-e-provincia-roma-e-provincia\\\/#primaryimage\",\"url\":\"https:\\\/\\\/www.miamedicalitalia.it\\\/wp-content\\\/uploads\\\/2022\\\/12\\\/deambulatore-ascellare-.jpg\",\"contentUrl\":\"https:\\\/\\\/www.miamedicalitalia.it\\\/wp-content\\\/uploads\\\/2022\\\/12\\\/deambulatore-ascellare-.jpg\",\"width\":1000,\"height\":1000},{\"@type\":\"BreadcrumbList\",\"@id\":\"https:\\\/\\\/www.miamedicalitalia.it\\\/prodotto\\\/noleggio-deambulatore-con-sotto-ascellare-firenza-e-provincia-roma-e-provincia\\\/#breadcrumb\",\"itemListElement\":[{\"@type\":\"ListItem\",\"position\":1,\"name\":\"Home\",\"item\":\"https:\\\/\\\/www.miamedicalitalia.it\\\/\"},{\"@type\":\"ListItem\",\"position\":2,\"name\":\"Shop\",\"item\":\"https:\\\/\\\/www.miamedicalitalia.it\\\/negozio\\\/\"},{\"@type\":\"ListItem\",\"position\":3,\"name\":\"Affitto e noleggio\",\"item\":\"https:\\\/\\\/www.miamedicalitalia.it\\\/categoria\\\/affitto-e-noleggio-ausili\\\/\"},{\"@type\":\"ListItem\",\"position\":4,\"name\":\"Deambulatori e Rollatori\",\"item\":\"https:\\\/\\\/www.miamedicalitalia.it\\\/categoria\\\/affitto-e-noleggio-ausili\\\/affitto-e-noleggio-deambulatori\\\/\"},{\"@type\":\"ListItem\",\"position\":5,\"name\":\"Noleggio Deambulatore con sotto ascellare\"}]},{\"@type\":\"WebSite\",\"@id\":\"https:\\\/\\\/www.miamedicalitalia.it\\\/#website\",\"url\":\"https:\\\/\\\/www.miamedicalitalia.it\\\/\",\"name\":\"www.miamedicalitalia.it\",\"description\":\"Noleggio e Vendita Attrezzatura Sanitarie\",\"publisher\":{\"@id\":\"https:\\\/\\\/www.miamedicalitalia.it\\\/#organization\"},\"potentialAction\":[{\"@type\":\"SearchAction\",\"target\":{\"@type\":\"EntryPoint\",\"urlTemplate\":\"https:\\\/\\\/www.miamedicalitalia.it\\\/?s={search_term_string}\"},\"query-input\":{\"@type\":\"PropertyValueSpecification\",\"valueRequired\":true,\"valueName\":\"search_term_string\"}}],\"inLanguage\":\"es\"},{\"@type\":\"Organization\",\"@id\":\"https:\\\/\\\/www.miamedicalitalia.it\\\/#organization\",\"name\":\"OLG\",\"url\":\"https:\\\/\\\/www.miamedicalitalia.it\\\/\",\"logo\":{\"@type\":\"ImageObject\",\"inLanguage\":\"es\",\"@id\":\"https:\\\/\\\/www.miamedicalitalia.it\\\/#\\\/schema\\\/logo\\\/image\\\/\",\"url\":\"https:\\\/\\\/www.miamedicalitalia.it\\\/wp-content\\\/uploads\\\/2023\\\/04\\\/mia-medical-logo-free.png\",\"contentUrl\":\"https:\\\/\\\/www.miamedicalitalia.it\\\/wp-content\\\/uploads\\\/2023\\\/04\\\/mia-medical-logo-free.png\",\"width\":700,\"height\":700,\"caption\":\"OLG\"},\"image\":{\"@id\":\"https:\\\/\\\/www.miamedicalitalia.it\\\/#\\\/schema\\\/logo\\\/image\\\/\"},\"sameAs\":[\"https:\\\/\\\/www.facebook.com\\\/miamedicalitalia\"]}]}<\/script>\n<!-- \/ Yoast SEO Premium plugin. -->","yoast_head_json":{"title":"Alquiler de andadores Provincia de RomaProvincia de Florencia","description":"Alquiler de Andador Axilar o Antiescaras en Roma y provincia y Florencia y provincia. Entrega a domicilio. \u00a1Super ofertas cuanto m\u00e1s alquilas menos pagas!","robots":{"index":"index","follow":"follow","max-snippet":"max-snippet:-1","max-image-preview":"max-image-preview:large","max-video-preview":"max-video-preview:-1"},"canonical":"https:\/\/www.miamedicalitalia.it\/es\/producto\/noleggio-deambulatore-con-sotto-ascellare-firenza-e-provincia-roma-e-provincia\/","og_locale":"es_ES","og_type":"article","og_title":"Noleggio deambulatore ascellare Roma ProvinciaFirenze Provincia","og_description":"Noleggio del Deambulatore Ascellare o Antibracchiale a Roma e provincia e Firenze e provincia. Consegna a domicilio. Super offerte pi\u00f9 noleggi meno paghi!","og_url":"https:\/\/www.miamedicalitalia.it\/es\/producto\/noleggio-deambulatore-con-sotto-ascellare-firenza-e-provincia-roma-e-provincia\/","og_site_name":"Mia Medical","article_publisher":"https:\/\/www.facebook.com\/miamedicalitalia","article_modified_time":"2026-01-13T11:06:20+00:00","og_image":[{"width":1000,"height":1000,"url":"https:\/\/www.miamedicalitalia.it\/wp-content\/uploads\/2022\/12\/deambulatore-ascellare-.jpg","type":"image\/jpeg"}],"twitter_card":"summary_large_image","twitter_misc":{"Tiempo de lectura":"1 minuto"},"schema":{"@context":"https:\/\/schema.org","@graph":[{"@type":"WebPage","@id":"https:\/\/www.miamedicalitalia.it\/prodotto\/noleggio-deambulatore-con-sotto-ascellare-firenza-e-provincia-roma-e-provincia\/","url":"https:\/\/www.miamedicalitalia.it\/prodotto\/noleggio-deambulatore-con-sotto-ascellare-firenza-e-provincia-roma-e-provincia\/","name":"Alquiler de andadores Provincia de RomaProvincia de Florencia","isPartOf":{"@id":"https:\/\/www.miamedicalitalia.it\/#website"},"primaryImageOfPage":{"@id":"https:\/\/www.miamedicalitalia.it\/prodotto\/noleggio-deambulatore-con-sotto-ascellare-firenza-e-provincia-roma-e-provincia\/#primaryimage"},"image":{"@id":"https:\/\/www.miamedicalitalia.it\/prodotto\/noleggio-deambulatore-con-sotto-ascellare-firenza-e-provincia-roma-e-provincia\/#primaryimage"},"thumbnailUrl":"https:\/\/www.miamedicalitalia.it\/wp-content\/uploads\/2022\/12\/deambulatore-ascellare-.jpg","datePublished":"2022-12-21T16:15:31+00:00","dateModified":"2026-01-13T11:06:20+00:00","description":"Alquiler de Andador Axilar o Antiescaras en Roma y provincia y Florencia y provincia. Entrega a domicilio. \u00a1Super ofertas cuanto m\u00e1s alquilas menos pagas!","breadcrumb":{"@id":"https:\/\/www.miamedicalitalia.it\/prodotto\/noleggio-deambulatore-con-sotto-ascellare-firenza-e-provincia-roma-e-provincia\/#breadcrumb"},"inLanguage":"es","potentialAction":[{"@type":"ReadAction","target":["https:\/\/www.miamedicalitalia.it\/prodotto\/noleggio-deambulatore-con-sotto-ascellare-firenza-e-provincia-roma-e-provincia\/"]}]},{"@type":"ImageObject","inLanguage":"es","@id":"https:\/\/www.miamedicalitalia.it\/prodotto\/noleggio-deambulatore-con-sotto-ascellare-firenza-e-provincia-roma-e-provincia\/#primaryimage","url":"https:\/\/www.miamedicalitalia.it\/wp-content\/uploads\/2022\/12\/deambulatore-ascellare-.jpg","contentUrl":"https:\/\/www.miamedicalitalia.it\/wp-content\/uploads\/2022\/12\/deambulatore-ascellare-.jpg","width":1000,"height":1000},{"@type":"BreadcrumbList","@id":"https:\/\/www.miamedicalitalia.it\/prodotto\/noleggio-deambulatore-con-sotto-ascellare-firenza-e-provincia-roma-e-provincia\/#breadcrumb","itemListElement":[{"@type":"ListItem","position":1,"name":"Home","item":"https:\/\/www.miamedicalitalia.it\/"},{"@type":"ListItem","position":2,"name":"Shop","item":"https:\/\/www.miamedicalitalia.it\/negozio\/"},{"@type":"ListItem","position":3,"name":"Affitto e noleggio","item":"https:\/\/www.miamedicalitalia.it\/categoria\/affitto-e-noleggio-ausili\/"},{"@type":"ListItem","position":4,"name":"Deambulatori e Rollatori","item":"https:\/\/www.miamedicalitalia.it\/categoria\/affitto-e-noleggio-ausili\/affitto-e-noleggio-deambulatori\/"},{"@type":"ListItem","position":5,"name":"Noleggio Deambulatore con sotto ascellare"}]},{"@type":"WebSite","@id":"https:\/\/www.miamedicalitalia.it\/#website","url":"https:\/\/www.miamedicalitalia.it\/","name":"www.miamedicalitalia.it","description":"Alquiler y venta de material sanitario","publisher":{"@id":"https:\/\/www.miamedicalitalia.it\/#organization"},"potentialAction":[{"@type":"SearchAction","target":{"@type":"EntryPoint","urlTemplate":"https:\/\/www.miamedicalitalia.it\/?s={search_term_string}"},"query-input":{"@type":"PropertyValueSpecification","valueRequired":true,"valueName":"search_term_string"}}],"inLanguage":"es"},{"@type":"Organization","@id":"https:\/\/www.miamedicalitalia.it\/#organization","name":"OLG","url":"https:\/\/www.miamedicalitalia.it\/","logo":{"@type":"ImageObject","inLanguage":"es","@id":"https:\/\/www.miamedicalitalia.it\/#\/schema\/logo\/image\/","url":"https:\/\/www.miamedicalitalia.it\/wp-content\/uploads\/2023\/04\/mia-medical-logo-free.png","contentUrl":"https:\/\/www.miamedicalitalia.it\/wp-content\/uploads\/2023\/04\/mia-medical-logo-free.png","width":700,"height":700,"caption":"OLG"},"image":{"@id":"https:\/\/www.miamedicalitalia.it\/#\/schema\/logo\/image\/"},"sameAs":["https:\/\/www.facebook.com\/miamedicalitalia"]}]}},"wcpa_form_fields":{"wcpaData":{"product":{"product_price":30,"price_html":"<span class=\"woocommerce-Price-amount amount\" aria-hidden=\"true\"><bdi><span class=\"woocommerce-Price-currencySymbol\">&euro;<\/span>30.00<\/bdi><\/span> <span aria-hidden=\"true\">-<\/span> <span class=\"woocommerce-Price-amount amount\" aria-hidden=\"true\"><bdi><span class=\"woocommerce-Price-currencySymbol\">&euro;<\/span>100.00<\/bdi><\/span><span class=\"screen-reader-text\">Rango de precios: desde &euro;30.00 hasta &euro;100.00<\/span>","original_product_price":30,"price_including_tax":30,"price_excluding_tax":30,"product_id":{"parent":9073,"variation":false},"is_variable":true,"stock_status":"instock","stock_quantity":null,"parent_sku":"","product_attributes":{"pa_width":{"is_variation":false,"values":["53-cm"]},"pa_length":{"is_variation":false,"values":["72-cm"]},"pa_transport-width":{"is_variation":false,"values":["17-cm"]},"pa_length-of-transport":{"is_variation":false,"values":["74-cm"]},"pa_heights":{"is_variation":false,"values":["struttura-88-cm-barra-94-cm"]},"pa_maximum-capacity":{"is_variation":false,"values":["130-kg"]},"quanto-costa":{"is_variation":true,"values":[]}},"custom_fields":[],"is_taxable":false,"product_name":"Noleggio Deambulatore con sotto ascellare","hasImage":false},"fields":{"sec_565f165582eb8c":{"extra":{"key":"sec_565f165582eb8c","section_id":"sec_565f165582eb8c","name":"Predefinito","status":1,"toggle":true,"form_id":12050,"form_rules":{"exclude_from_discount":false,"fee_label":"Frais","disp_hide_options_price":false,"disp_show_section_price":false,"disp_show_field_price":true,"layout_option":"standard","pric_use_as_fee":false,"process_fee_as":"woo_fee"},"layout_option":"standard"},"fields":[[{"active":true,"col":6,"relations":false,"cl_rule":"show","enableCl":false,"price":"","enablePrice":false,"className":"input-text","type":"date","required":true,"elementId":"date_3189538061","name":"date_3189538061","label":"A partire dal giorno:","picker_type":"custom","picker_mode":"single","error":false,"description":"Inserisci la data di inizio del noleggio","gt_translate_keys":["label","description"],"price_dependency":false,"cl_dependency":false,"value":""}]]}},"config":{"price_override":"","enable_recaptcha":false,"bind_quantity":false,"quantity_bind_formula":false,"disp_summ_show_option_price":true,"disp_summ_show_product_price":true,"disp_summ_show_total_price":true,"disp_summ_show_fee":false,"disp_summ_show_discount":false,"summary_title":"","options_total_label":"Prix des options","total_label":"Total","options_product_label":"Prix du produit","fee_label":"Frais","discount_label":"Remise","has_price":true,"has_quantity_formula":false},"mc_unit":1,"tax_rate":1,"tax_rate_real":1,"discount":{"percentage":0,"fixed":0},"design":{"conf":{"LabelPosition":"above","DescPosition":"below","UploadField":"custom_1","QuantityFieldStyle":"default"},"css":{"LeftLabelWidth":"50px"}},"formulas":[],"lookuptables":[],"clones":false,"cartKey":false}},"_links":{"self":[{"href":"https:\/\/www.miamedicalitalia.it\/es\/wp-json\/wp\/v2\/product\/9073","targetHints":{"allow":["GET"]}}],"collection":[{"href":"https:\/\/www.miamedicalitalia.it\/es\/wp-json\/wp\/v2\/product"}],"about":[{"href":"https:\/\/www.miamedicalitalia.it\/es\/wp-json\/wp\/v2\/types\/product"}],"wp:featuredmedia":[{"embeddable":true,"href":"https:\/\/www.miamedicalitalia.it\/es\/wp-json\/wp\/v2\/media\/12234"}],"wp:attachment":[{"href":"https:\/\/www.miamedicalitalia.it\/es\/wp-json\/wp\/v2\/media?parent=9073"}],"wp:term":[{"taxonomy":"home-category","embeddable":true,"href":"https:\/\/www.miamedicalitalia.it\/es\/wp-json\/wp\/v2\/home-category?post=9073"},{"taxonomy":"product_brand","embeddable":true,"href":"https:\/\/www.miamedicalitalia.it\/es\/wp-json\/wp\/v2\/product_brand?post=9073"},{"taxonomy":"product_cat","embeddable":true,"href":"https:\/\/www.miamedicalitalia.it\/es\/wp-json\/wp\/v2\/product_cat?post=9073"},{"taxonomy":"product_tag","embeddable":true,"href":"https:\/\/www.miamedicalitalia.it\/es\/wp-json\/wp\/v2\/product_tag?post=9073"},{"taxonomy":"woo-feed-brand","embeddable":true,"href":"https:\/\/www.miamedicalitalia.it\/es\/wp-json\/wp\/v2\/woo-feed-brand?post=9073"}],"curies":[{"name":"wp","href":"https:\/\/api.w.org\/{rel}","templated":true}]}}