{"id":9052,"date":"2022-12-21T17:15:20","date_gmt":"2022-12-21T16:15:20","guid":{"rendered":"https:\/\/www.miamedicalitalia.it\/?post_type=product&#038;p=9052"},"modified":"2026-03-03T17:05:27","modified_gmt":"2026-03-03T15:05:27","slug":"noleggio-carrozzina-pieghevole-da-transito","status":"publish","type":"product","link":"https:\/\/www.miamedicalitalia.it\/es\/producto\/noleggio-carrozzina-pieghevole-da-transito\/","title":{"rendered":"Alquiler de sillas de ruedas plegables"},"content":{"rendered":"<p>En <strong>alquiler de la silla de ruedas plegable de tr\u00e1nsito<\/strong> <strong>en Florencia y provincia y en Roma y provincia <\/strong>es indispensable para personas con discapacidad, personas mayores, personas con movilidad reducida o personas que necesitan rehabilitaci\u00f3n.<\/p>\n\n\n\n<p>La silla de ruedas viene con el <strong>podios<\/strong> para los pies y <strong>reposabrazos<\/strong>. Ambos pueden desmontarse f\u00e1cilmente en cualquier momento. En el momento de la entrega, uno de nuestros t\u00e9cnicos le mostrar\u00e1 c\u00f3mo cerrar y volver a abrir la silla de ruedas y c\u00f3mo colocar y retirar los reposabrazos y reposapi\u00e9s. Adem\u00e1s, la silla de ruedas est\u00e1 equipada con dos <strong>frenos para bloquear las ruedas.<\/strong><\/p>\n\n\n\n<p>Si tiene una escayola o necesita mantener el <strong>pierna levantada<\/strong> inf\u00f3rmenos.<\/p>\n\n\n\n<p>Alquilamos sillas de ruedas de tr\u00e1nsito con diferentes asientos y tama\u00f1os. El m\u00e1s peque\u00f1o es de 40 cm hasta un m\u00e1ximo de 50 cm.<\/p>\n\n\n\n<p>El peso de la silla de ruedas puede variar en funci\u00f3n del tama\u00f1o que elija. La m\u00e1s ligera pesa unos 14 kg, mientras que la m\u00e1s grande puede pesar unos  18 kg.<\/p>\n\n\n\n<p>Cada tipo de silla de ruedas que alquilamos es <strong>desinfectada en todas sus partes<\/strong>. La limpieza y el saneamiento son la base de nuestro trabajo.<\/p>\n\n\n\n<p>\u00bfPasa el paciente mucho tiempo sentado en la silla de ruedas? Para prevenir la formaci\u00f3n de \u00falceras por presi\u00f3n, puede adquirir <a href=\"https:\/\/www.miamedicalitalia.it\/es\/producto\/cuscino-antidecubito-in-fibra-cava-siliconata\/\">la almohada antidec\u00fabito<\/a> a un<strong> precio reservado<\/strong> exclusivamente a usuarios de sillas de ruedas.<\/p>\n\n\n\n<p>La silla de ruedas plegable de tr\u00e1nsito de alquiler es una silla de ruedas <strong>plegable<\/strong> e <strong>luz<\/strong>pero muy <strong>robusto<\/strong> que puede transportar a un paciente de hasta 130 kg. Adem\u00e1s, la silla de ruedas es muy <strong>pr\u00e1ctica<\/strong> que se cerrar\u00e1 y almacenar\u00e1 en el <strong>arranque<\/strong> del coche.<\/p>\n\n\n\n<p>Las sillas de ruedas de tr\u00e1nsito de M.I.A. Medical Italia son de excelente calidad y el alquiler y la locaci\u00f3n de la silla de ruedas es seguro, funcional y garantizado.<\/p>\n\n\n\n<p>Alquilamos la silla de ruedas plegable de tr\u00e1nsito tanto en el <strong>Lazio<\/strong> que en <strong>Toscana<\/strong>.<\/p>\n\n\n\n<p><strong>Reservar en l\u00ednea<\/strong> alquiler de sillas de ruedas plegables de tr\u00e1nsito \u00a1ya! Si lo prefiere, puede contactar con nosotros por tel\u00e9fono\/v\u00eda WhatsApp en <strong>+39 3926509237<\/strong> o por correo electr\u00f3nico: <strong>amministrazione@miamedicalitalia.it<\/strong><\/p>\n\n\n\n<p>Descubra nuestras p\u00e1ginas <a href=\"http:\/\/facebook.com\/MIAMedicalitalia\/\">Facebook&nbsp;<\/a><\/p>","protected":false},"excerpt":{"rendered":"<div style=\"font-family: Arial, sans-serif; background-color: #234091; padding: 30px; border-radius: 25px; max-width: 600px; color: #ffffff; position: relative; border-top: 6px solid #2498fe;\">\n<h3 style=\"color: #ffffff; margin-top: 0;\">Silla de ruedas personalizable<\/h3>\n<p>Silla de ruedas con asiento personalizable y chasis plegable para la m\u00e1xima comodidad.<\/p>\n<p>Alquiler por 1 d\u00eda: 15\u20ac con recogida in situ \u00fanicamente.<\/p>\n<p>Entrega y recogida a domicilio en Roma y Florencia a partir de 30\u20ac.<\/p>\n<p>La recogida en el almac\u00e9n es gratuita.<\/p>\n<p><strong>Reserve ahora en l\u00ednea<\/strong><\/p>\n<\/div>\n<p><!-- Linea bianca sotto --><\/p>\n<div style=\"height: 6px; background-color: #ffffff; max-width: 600px;\">\u00a0<\/div>","protected":false},"featured_media":12204,"template":"","meta":{"_acf_changed":true},"home-category":[263],"product_brand":[],"product_cat":[68],"product_tag":[243,143,31,231],"woo-feed-brand":[],"class_list":{"0":"post-9052","1":"product","2":"type-product","3":"status-publish","4":"has-post-thumbnail","6":"home-category-ausili","7":"product_cat-affitto-e-noleggio-carrozzina","8":"product_tag-carrozzina-a-roma","9":"product_tag-carrozzina-pieghevole-da-transito","10":"product_tag-disabili","11":"product_tag-sedia-a-rotelle-firenze","12":"wcpa_has_options","14":"first","15":"instock","16":"shipping-taxable","17":"purchasable","18":"product-type-variable"},"acf":[],"yoast_head":"<!-- This site is optimized with the Yoast SEO Premium plugin v27.5 (Yoast SEO v27.5) - https:\/\/yoast.com\/product\/yoast-seo-premium-wordpress\/ -->\n<title>Noleggio sedia a rotelle pieghevole da transito in Toscana e Lazio<\/title>\n<meta name=\"description\" content=\"Noleggio sedia a rotelle pieghevole da transito a Roma e Firenze. Prenota online o al +393926509237. Consegna a domicilio. Disponibilit\u00e0 immediata.\" \/>\n<meta name=\"robots\" content=\"index, follow, max-snippet:-1, max-image-preview:large, max-video-preview:-1\" \/>\n<link rel=\"canonical\" href=\"https:\/\/www.miamedicalitalia.it\/es\/producto\/noleggio-carrozzina-pieghevole-da-transito\/\" \/>\n<meta property=\"og:locale\" content=\"es_ES\" \/>\n<meta property=\"og:type\" content=\"article\" \/>\n<meta property=\"og:title\" content=\"Noleggio sedia a rotelle pieghevole da transito in Toscana e Lazio\" \/>\n<meta property=\"og:description\" content=\"Noleggio sedia a rotelle pieghevole da transito a Roma e Firenze. Prenota online o al +393926509237. Consegna a domicilio. Disponibilit\u00e0 immediata.\" \/>\n<meta property=\"og:url\" content=\"https:\/\/www.miamedicalitalia.it\/es\/producto\/noleggio-carrozzina-pieghevole-da-transito\/\" \/>\n<meta property=\"og:site_name\" content=\"Mia Medical\" \/>\n<meta property=\"article:publisher\" content=\"https:\/\/www.facebook.com\/miamedicalitalia\" \/>\n<meta property=\"article:modified_time\" content=\"2026-03-03T15:05:27+00:00\" \/>\n<meta property=\"og:image\" content=\"https:\/\/www.miamedicalitalia.it\/wp-content\/uploads\/2022\/12\/carrozzina-di-transito-MIA-MEDICAL-150x150-1.jpg\" \/>\n\t<meta property=\"og:image:width\" content=\"1000\" \/>\n\t<meta property=\"og:image:height\" content=\"1000\" \/>\n\t<meta property=\"og:image:type\" content=\"image\/jpeg\" \/>\n<meta name=\"twitter:card\" content=\"summary_large_image\" \/>\n<meta name=\"twitter:label1\" content=\"Tiempo de lectura\" \/>\n\t<meta name=\"twitter:data1\" content=\"1 minuto\" \/>\n<script type=\"application\/ld+json\" class=\"yoast-schema-graph\">{\"@context\":\"https:\\\/\\\/schema.org\",\"@graph\":[{\"@type\":\"WebPage\",\"@id\":\"https:\\\/\\\/www.miamedicalitalia.it\\\/prodotto\\\/noleggio-carrozzina-pieghevole-da-transito\\\/\",\"url\":\"https:\\\/\\\/www.miamedicalitalia.it\\\/prodotto\\\/noleggio-carrozzina-pieghevole-da-transito\\\/\",\"name\":\"Noleggio sedia a rotelle pieghevole da transito in Toscana e Lazio\",\"isPartOf\":{\"@id\":\"https:\\\/\\\/www.miamedicalitalia.it\\\/#website\"},\"primaryImageOfPage\":{\"@id\":\"https:\\\/\\\/www.miamedicalitalia.it\\\/prodotto\\\/noleggio-carrozzina-pieghevole-da-transito\\\/#primaryimage\"},\"image\":{\"@id\":\"https:\\\/\\\/www.miamedicalitalia.it\\\/prodotto\\\/noleggio-carrozzina-pieghevole-da-transito\\\/#primaryimage\"},\"thumbnailUrl\":\"https:\\\/\\\/www.miamedicalitalia.it\\\/wp-content\\\/uploads\\\/2022\\\/12\\\/carrozzina-di-transito-MIA-MEDICAL-150x150-1.jpg\",\"datePublished\":\"2022-12-21T16:15:20+00:00\",\"dateModified\":\"2026-03-03T15:05:27+00:00\",\"description\":\"Noleggio sedia a rotelle pieghevole da transito a Roma e Firenze. Prenota online o al +393926509237. Consegna a domicilio. Disponibilit\u00e0 immediata.\",\"breadcrumb\":{\"@id\":\"https:\\\/\\\/www.miamedicalitalia.it\\\/prodotto\\\/noleggio-carrozzina-pieghevole-da-transito\\\/#breadcrumb\"},\"inLanguage\":\"es\",\"potentialAction\":[{\"@type\":\"ReadAction\",\"target\":[\"https:\\\/\\\/www.miamedicalitalia.it\\\/prodotto\\\/noleggio-carrozzina-pieghevole-da-transito\\\/\"]}]},{\"@type\":\"ImageObject\",\"inLanguage\":\"es\",\"@id\":\"https:\\\/\\\/www.miamedicalitalia.it\\\/prodotto\\\/noleggio-carrozzina-pieghevole-da-transito\\\/#primaryimage\",\"url\":\"https:\\\/\\\/www.miamedicalitalia.it\\\/wp-content\\\/uploads\\\/2022\\\/12\\\/carrozzina-di-transito-MIA-MEDICAL-150x150-1.jpg\",\"contentUrl\":\"https:\\\/\\\/www.miamedicalitalia.it\\\/wp-content\\\/uploads\\\/2022\\\/12\\\/carrozzina-di-transito-MIA-MEDICAL-150x150-1.jpg\",\"width\":1000,\"height\":1000},{\"@type\":\"BreadcrumbList\",\"@id\":\"https:\\\/\\\/www.miamedicalitalia.it\\\/prodotto\\\/noleggio-carrozzina-pieghevole-da-transito\\\/#breadcrumb\",\"itemListElement\":[{\"@type\":\"ListItem\",\"position\":1,\"name\":\"Home\",\"item\":\"https:\\\/\\\/www.miamedicalitalia.it\\\/\"},{\"@type\":\"ListItem\",\"position\":2,\"name\":\"Shop\",\"item\":\"https:\\\/\\\/www.miamedicalitalia.it\\\/negozio\\\/\"},{\"@type\":\"ListItem\",\"position\":3,\"name\":\"Affitto e noleggio\",\"item\":\"https:\\\/\\\/www.miamedicalitalia.it\\\/categoria\\\/affitto-e-noleggio-ausili\\\/\"},{\"@type\":\"ListItem\",\"position\":4,\"name\":\"Carrozzine\",\"item\":\"https:\\\/\\\/www.miamedicalitalia.it\\\/categoria\\\/affitto-e-noleggio-ausili\\\/affitto-e-noleggio-carrozzina\\\/\"},{\"@type\":\"ListItem\",\"position\":5,\"name\":\"Noleggio e Affitto carrozzina da transito pieghevole\"}]},{\"@type\":\"WebSite\",\"@id\":\"https:\\\/\\\/www.miamedicalitalia.it\\\/#website\",\"url\":\"https:\\\/\\\/www.miamedicalitalia.it\\\/\",\"name\":\"www.miamedicalitalia.it\",\"description\":\"Noleggio e Vendita Attrezzatura Sanitarie\",\"publisher\":{\"@id\":\"https:\\\/\\\/www.miamedicalitalia.it\\\/#organization\"},\"potentialAction\":[{\"@type\":\"SearchAction\",\"target\":{\"@type\":\"EntryPoint\",\"urlTemplate\":\"https:\\\/\\\/www.miamedicalitalia.it\\\/?s={search_term_string}\"},\"query-input\":{\"@type\":\"PropertyValueSpecification\",\"valueRequired\":true,\"valueName\":\"search_term_string\"}}],\"inLanguage\":\"es\"},{\"@type\":\"Organization\",\"@id\":\"https:\\\/\\\/www.miamedicalitalia.it\\\/#organization\",\"name\":\"OLG\",\"url\":\"https:\\\/\\\/www.miamedicalitalia.it\\\/\",\"logo\":{\"@type\":\"ImageObject\",\"inLanguage\":\"es\",\"@id\":\"https:\\\/\\\/www.miamedicalitalia.it\\\/#\\\/schema\\\/logo\\\/image\\\/\",\"url\":\"https:\\\/\\\/www.miamedicalitalia.it\\\/wp-content\\\/uploads\\\/2023\\\/04\\\/mia-medical-logo-free.png\",\"contentUrl\":\"https:\\\/\\\/www.miamedicalitalia.it\\\/wp-content\\\/uploads\\\/2023\\\/04\\\/mia-medical-logo-free.png\",\"width\":700,\"height\":700,\"caption\":\"OLG\"},\"image\":{\"@id\":\"https:\\\/\\\/www.miamedicalitalia.it\\\/#\\\/schema\\\/logo\\\/image\\\/\"},\"sameAs\":[\"https:\\\/\\\/www.facebook.com\\\/miamedicalitalia\"]}]}<\/script>\n<!-- \/ Yoast SEO Premium plugin. -->","yoast_head_json":{"title":"Alquiler de sillas de ruedas plegables para tr\u00e1nsito en Toscana y Lacio","description":"Alquiler de sillas de ruedas plegables para tr\u00e1nsito en Roma y Florencia. Reserve online o llamando al +393926509237. Entrega a domicilio. Disponibilidad inmediata.","robots":{"index":"index","follow":"follow","max-snippet":"max-snippet:-1","max-image-preview":"max-image-preview:large","max-video-preview":"max-video-preview:-1"},"canonical":"https:\/\/www.miamedicalitalia.it\/es\/producto\/noleggio-carrozzina-pieghevole-da-transito\/","og_locale":"es_ES","og_type":"article","og_title":"Noleggio sedia a rotelle pieghevole da transito in Toscana e Lazio","og_description":"Noleggio sedia a rotelle pieghevole da transito a Roma e Firenze. Prenota online o al +393926509237. Consegna a domicilio. Disponibilit\u00e0 immediata.","og_url":"https:\/\/www.miamedicalitalia.it\/es\/producto\/noleggio-carrozzina-pieghevole-da-transito\/","og_site_name":"Mia Medical","article_publisher":"https:\/\/www.facebook.com\/miamedicalitalia","article_modified_time":"2026-03-03T15:05:27+00:00","og_image":[{"width":1000,"height":1000,"url":"https:\/\/www.miamedicalitalia.it\/wp-content\/uploads\/2022\/12\/carrozzina-di-transito-MIA-MEDICAL-150x150-1.jpg","type":"image\/jpeg"}],"twitter_card":"summary_large_image","twitter_misc":{"Tiempo de lectura":"1 minuto"},"schema":{"@context":"https:\/\/schema.org","@graph":[{"@type":"WebPage","@id":"https:\/\/www.miamedicalitalia.it\/prodotto\/noleggio-carrozzina-pieghevole-da-transito\/","url":"https:\/\/www.miamedicalitalia.it\/prodotto\/noleggio-carrozzina-pieghevole-da-transito\/","name":"Alquiler de sillas de ruedas plegables para tr\u00e1nsito en Toscana y Lacio","isPartOf":{"@id":"https:\/\/www.miamedicalitalia.it\/#website"},"primaryImageOfPage":{"@id":"https:\/\/www.miamedicalitalia.it\/prodotto\/noleggio-carrozzina-pieghevole-da-transito\/#primaryimage"},"image":{"@id":"https:\/\/www.miamedicalitalia.it\/prodotto\/noleggio-carrozzina-pieghevole-da-transito\/#primaryimage"},"thumbnailUrl":"https:\/\/www.miamedicalitalia.it\/wp-content\/uploads\/2022\/12\/carrozzina-di-transito-MIA-MEDICAL-150x150-1.jpg","datePublished":"2022-12-21T16:15:20+00:00","dateModified":"2026-03-03T15:05:27+00:00","description":"Alquiler de sillas de ruedas plegables para tr\u00e1nsito en Roma y Florencia. Reserve online o llamando al +393926509237. Entrega a domicilio. Disponibilidad inmediata.","breadcrumb":{"@id":"https:\/\/www.miamedicalitalia.it\/prodotto\/noleggio-carrozzina-pieghevole-da-transito\/#breadcrumb"},"inLanguage":"es","potentialAction":[{"@type":"ReadAction","target":["https:\/\/www.miamedicalitalia.it\/prodotto\/noleggio-carrozzina-pieghevole-da-transito\/"]}]},{"@type":"ImageObject","inLanguage":"es","@id":"https:\/\/www.miamedicalitalia.it\/prodotto\/noleggio-carrozzina-pieghevole-da-transito\/#primaryimage","url":"https:\/\/www.miamedicalitalia.it\/wp-content\/uploads\/2022\/12\/carrozzina-di-transito-MIA-MEDICAL-150x150-1.jpg","contentUrl":"https:\/\/www.miamedicalitalia.it\/wp-content\/uploads\/2022\/12\/carrozzina-di-transito-MIA-MEDICAL-150x150-1.jpg","width":1000,"height":1000},{"@type":"BreadcrumbList","@id":"https:\/\/www.miamedicalitalia.it\/prodotto\/noleggio-carrozzina-pieghevole-da-transito\/#breadcrumb","itemListElement":[{"@type":"ListItem","position":1,"name":"Home","item":"https:\/\/www.miamedicalitalia.it\/"},{"@type":"ListItem","position":2,"name":"Shop","item":"https:\/\/www.miamedicalitalia.it\/negozio\/"},{"@type":"ListItem","position":3,"name":"Affitto e noleggio","item":"https:\/\/www.miamedicalitalia.it\/categoria\/affitto-e-noleggio-ausili\/"},{"@type":"ListItem","position":4,"name":"Carrozzine","item":"https:\/\/www.miamedicalitalia.it\/categoria\/affitto-e-noleggio-ausili\/affitto-e-noleggio-carrozzina\/"},{"@type":"ListItem","position":5,"name":"Noleggio e Affitto carrozzina da transito pieghevole"}]},{"@type":"WebSite","@id":"https:\/\/www.miamedicalitalia.it\/#website","url":"https:\/\/www.miamedicalitalia.it\/","name":"www.miamedicalitalia.it","description":"Alquiler y venta de material sanitario","publisher":{"@id":"https:\/\/www.miamedicalitalia.it\/#organization"},"potentialAction":[{"@type":"SearchAction","target":{"@type":"EntryPoint","urlTemplate":"https:\/\/www.miamedicalitalia.it\/?s={search_term_string}"},"query-input":{"@type":"PropertyValueSpecification","valueRequired":true,"valueName":"search_term_string"}}],"inLanguage":"es"},{"@type":"Organization","@id":"https:\/\/www.miamedicalitalia.it\/#organization","name":"OLG","url":"https:\/\/www.miamedicalitalia.it\/","logo":{"@type":"ImageObject","inLanguage":"es","@id":"https:\/\/www.miamedicalitalia.it\/#\/schema\/logo\/image\/","url":"https:\/\/www.miamedicalitalia.it\/wp-content\/uploads\/2023\/04\/mia-medical-logo-free.png","contentUrl":"https:\/\/www.miamedicalitalia.it\/wp-content\/uploads\/2023\/04\/mia-medical-logo-free.png","width":700,"height":700,"caption":"OLG"},"image":{"@id":"https:\/\/www.miamedicalitalia.it\/#\/schema\/logo\/image\/"},"sameAs":["https:\/\/www.facebook.com\/miamedicalitalia"]}]}},"wcpa_form_fields":{"wcpaData":{"product":{"product_price":25,"price_html":"<span class=\"woocommerce-Price-amount amount\" aria-hidden=\"true\"><bdi><span class=\"woocommerce-Price-currencySymbol\">&euro;<\/span>25.00<\/bdi><\/span> <span aria-hidden=\"true\">-<\/span> <span class=\"woocommerce-Price-amount amount\" aria-hidden=\"true\"><bdi><span class=\"woocommerce-Price-currencySymbol\">&euro;<\/span>100.00<\/bdi><\/span><span class=\"screen-reader-text\">Rango de precios: desde &euro;25.00 hasta &euro;100.00<\/span>","original_product_price":25,"price_including_tax":25,"price_excluding_tax":25,"product_id":{"parent":9052,"variation":false},"is_variable":true,"stock_status":"instock","stock_quantity":null,"parent_sku":"","product_attributes":{"quanto-costa":{"is_variation":true,"values":[]}},"custom_fields":[],"is_taxable":false,"product_name":"Noleggio e Affitto carrozzina da transito pieghevole","hasImage":false},"fields":{"sec_565f165582eb8c":{"extra":{"key":"sec_565f165582eb8c","section_id":"sec_565f165582eb8c","name":"Predefinito","status":1,"toggle":true,"form_id":12050,"form_rules":{"exclude_from_discount":false,"fee_label":"Fee","disp_hide_options_price":false,"disp_show_section_price":false,"disp_show_field_price":true,"layout_option":"standard","pric_use_as_fee":false,"process_fee_as":"woo_fee"},"layout_option":"standard"},"fields":[[{"active":true,"col":6,"relations":false,"cl_rule":"show","enableCl":false,"price":"","enablePrice":false,"className":"input-text","type":"date","required":true,"elementId":"date_3189538061","name":"date_3189538061","label":"A partire dal giorno:","picker_type":"custom","picker_mode":"single","error":false,"description":"Inserisci la data di inizio del noleggio","gt_translate_keys":["label","description"],"price_dependency":false,"cl_dependency":false,"value":""}]]}},"config":{"price_override":"","enable_recaptcha":false,"bind_quantity":false,"quantity_bind_formula":false,"disp_summ_show_option_price":true,"disp_summ_show_product_price":true,"disp_summ_show_total_price":true,"disp_summ_show_fee":false,"disp_summ_show_discount":false,"summary_title":"","options_total_label":"Options Price","total_label":"Total","options_product_label":"Product Price","fee_label":"Fee","discount_label":"Discount","has_price":true,"has_quantity_formula":false},"mc_unit":1,"tax_rate":1,"tax_rate_real":1,"discount":{"percentage":0,"fixed":0},"design":{"conf":{"LabelPosition":"above","DescPosition":"below","UploadField":"custom_1","QuantityFieldStyle":"default"},"css":{"LeftLabelWidth":"50px"}},"formulas":[],"lookuptables":[],"clones":false,"cartKey":false}},"_links":{"self":[{"href":"https:\/\/www.miamedicalitalia.it\/es\/wp-json\/wp\/v2\/product\/9052","targetHints":{"allow":["GET"]}}],"collection":[{"href":"https:\/\/www.miamedicalitalia.it\/es\/wp-json\/wp\/v2\/product"}],"about":[{"href":"https:\/\/www.miamedicalitalia.it\/es\/wp-json\/wp\/v2\/types\/product"}],"wp:featuredmedia":[{"embeddable":true,"href":"https:\/\/www.miamedicalitalia.it\/es\/wp-json\/wp\/v2\/media\/12204"}],"wp:attachment":[{"href":"https:\/\/www.miamedicalitalia.it\/es\/wp-json\/wp\/v2\/media?parent=9052"}],"wp:term":[{"taxonomy":"home-category","embeddable":true,"href":"https:\/\/www.miamedicalitalia.it\/es\/wp-json\/wp\/v2\/home-category?post=9052"},{"taxonomy":"product_brand","embeddable":true,"href":"https:\/\/www.miamedicalitalia.it\/es\/wp-json\/wp\/v2\/product_brand?post=9052"},{"taxonomy":"product_cat","embeddable":true,"href":"https:\/\/www.miamedicalitalia.it\/es\/wp-json\/wp\/v2\/product_cat?post=9052"},{"taxonomy":"product_tag","embeddable":true,"href":"https:\/\/www.miamedicalitalia.it\/es\/wp-json\/wp\/v2\/product_tag?post=9052"},{"taxonomy":"woo-feed-brand","embeddable":true,"href":"https:\/\/www.miamedicalitalia.it\/es\/wp-json\/wp\/v2\/woo-feed-brand?post=9052"}],"curies":[{"name":"wp","href":"https:\/\/api.w.org\/{rel}","templated":true}]}}