{"id":9034,"date":"2022-12-21T17:15:19","date_gmt":"2022-12-21T16:15:19","guid":{"rendered":"https:\/\/www.miamedicalitalia.it\/?post_type=product&#038;p=9034"},"modified":"2026-02-12T17:11:42","modified_gmt":"2026-02-12T15:11:42","slug":"noleggio-carrozzina-reclinabile-pieghevole-roma-e-firenze","status":"publish","type":"product","link":"https:\/\/www.miamedicalitalia.it\/es\/producto\/noleggio-carrozzina-reclinabile-pieghevole-roma-e-firenze\/","title":{"rendered":"Alquiler de sillas de ruedas reclinables"},"content":{"rendered":"<p>En <strong>Alquiler de sillas de ruedas reclinables<\/strong> es la soluci\u00f3n ideal para las personas mayores y con movilidad reducida, garantizando <strong>m\u00e1ximo confort, seguridad y comodidad<\/strong> en cualquier situaci\u00f3n.<br>Nuestra silla de ruedas est\u00e1 dise\u00f1ada para <strong>c\u00f3modo, duradero y f\u00e1cil de usar<\/strong>, incluso en entornos dom\u00e9sticos con espacios reducidos o para quienes necesitan asistencia continua.<\/p>\n\n\n\n<h3 class=\"wp-block-heading\" id=\"h-caratteristiche-principali-del-noleggio-carrozzina-reclinabile\">Caracter\u00edsticas principales del alquiler de sillas de ruedas reclinables<\/h3>\n\n\n\n<ul class=\"wp-block-list\">\n<li><strong>Respaldo reclinable<\/strong> para garantizar la relajaci\u00f3n y el apoyo constante<\/li>\n\n\n\n<li><strong>Reposapi\u00e9s regulables y extra\u00edbles<\/strong> para el m\u00e1ximo confort de los pies<\/li>\n\n\n\n<li><strong>Reposabrazos extra\u00edbles<\/strong>, f\u00e1cil de adaptar a las necesidades del usuario<\/li>\n\n\n\n<li><strong>Reposacabezas y elevador de piernas<\/strong> para una asistencia completa<\/li>\n\n\n\n<li><strong>Bastidor plegable<\/strong>, f\u00e1cil de transportar y almacenar<\/li>\n<\/ul>\n\n\n\n<p>Estas caracter\u00edsticas hacen que nuestra silla de ruedas sea perfecta para personas que necesitan asistencia o para centros sanitarios y residencias de ancianos.<\/p>\n\n\n\n<h3 class=\"wp-block-heading\" id=\"h-ideale-per\">Ideal para:<\/h3>\n\n\n\n<ul class=\"wp-block-list\">\n<li>Mayores<\/li>\n\n\n\n<li>Personas con movilidad reducida<\/li>\n\n\n\n<li>Usuarios que han sido operados recientemente<\/li>\n\n\n\n<li>Personas en residencias de ancianos<\/li>\n<\/ul>\n\n\n\n<p>La silla de ruedas puede sustituir a menudo a un <strong>trona multifuncional<\/strong>, ofreciendo mayor flexibilidad y seguridad durante el uso diario.<\/p>\n\n\n\n<h3 class=\"wp-block-heading\" id=\"h-igiene-e-sanificazione\">Higiene y saneamiento<\/h3>\n\n\n\n<p>Todas las sillas de ruedas alquiladas son <strong>limpia y desinfectada en todas sus partes<\/strong> antes de la entrega, garantizando <strong>m\u00e1xima higiene y seguridad<\/strong>.<br>Nuestro equipo verifica que cada silla est\u00e9 lista para su uso, sea funcional y completamente segura.<\/p>\n\n\n\n<h3 class=\"wp-block-heading\" id=\"h-consegna-e-assistenza\">Entrega y servicio<\/h3>\n\n\n\n<p>Ofrecemos <strong>entrega y recogida<\/strong> por mensajer\u00eda en toda Italia o recogida in situ.<br>Si es necesario, uno de nuestros t\u00e9cnicos le mostrar\u00e1 c\u00f3mo hacerlo:<\/p>\n\n\n\n<ul class=\"wp-block-list\">\n<li>Abrir y cerrar la silla de ruedas<\/li>\n\n\n\n<li>Ajuste de reposapi\u00e9s y reposabrazos<\/li>\n\n\n\n<li>Utilizar correctamente el respaldo reclinable y el elevador de piernas<\/li>\n<\/ul>\n\n\n\n<p>Para m\u00e1s informaci\u00f3n, tambi\u00e9n puede consultar nuestros otros <strong><a href=\"https:\/\/www.miamedicalitalia.it\/es\/categoria\/affitto-e-noleggio-ausili\/affitto-e-noleggio-carrozzina\/\">alquiler de sillas de ruedas<\/a><\/strong> disponible en Roma y Florencia.<\/p>\n\n\n\n<h3 class=\"wp-block-heading\" id=\"h-prenota-subito-il-tuo-noleggio-carrozzina-reclinabile\">Reserve ahora el alquiler de su silla de ruedas reclinable<\/h3>\n\n\n\n<p>Aproveche nuestras <strong>Alquiler de sillas de ruedas reclinables<\/strong> y garantizar el confort, la seguridad y la practicidad.<\/p>\n\n\n\n<ul class=\"wp-block-list\">\n<li>Tel\u00e9fono \/ WhatsApp: +39 3926509237<\/li>\n\n\n\n<li>Correo electr\u00f3nico: <a>amministrazione@miamedicalitalia.it<\/a><\/li>\n<\/ul>\n\n\n\n<p>Para m\u00e1s informaci\u00f3n u ofertas especiales, visite nuestra p\u00e1gina dedicada a <a href=\"https:\/\/www.miamedicalitalia.it\/es\/categoria\/affitto-e-noleggio-ausili\/\"><strong>servicios de alquiler de ayudas para discapacitados<\/strong>.<\/a><\/p>\n\n\n\n<p><\/p>","protected":false},"excerpt":{"rendered":"<div style=\"font-family: Arial, sans-serif; background-color: #234091; padding: 30px; border-radius: 25px; max-width: 600px; color: #ffffff; position: relative; border-top: 6px solid #2498fe;\">\n<h3 style=\"color: #ffffff; margin-top: 0;\">Alquiler de sillas de ruedas<\/h3>\n<p>Entrega y recogida a domicilio en Roma y Florencia a partir de 30\u20ac.<\/p>\n<p>Alquiler por 1 d\u00eda: 15\u20ac con recogida in situ \u00fanicamente.<\/p>\n<p>La recogida en el almac\u00e9n es gratuita.<\/p>\n<p><strong>Reserve ahora en l\u00ednea<\/strong><\/p>\n<\/div>\n<p><!-- Linea bianca sotto --><\/p>\n<div style=\"height: 6px; background-color: #ffffff; max-width: 600px;\">\u00a0<\/div>","protected":false},"featured_media":12377,"template":"","meta":{"_acf_changed":false},"home-category":[263],"product_brand":[],"product_cat":[68],"product_tag":[138],"woo-feed-brand":[],"class_list":{"0":"post-9034","1":"product","2":"type-product","3":"status-publish","4":"has-post-thumbnail","6":"home-category-ausili","7":"product_cat-affitto-e-noleggio-carrozzina","8":"product_tag-carrozzina-con-schienale-regolabile-pieghevole","9":"wcpa_has_options","11":"first","12":"instock","13":"shipping-taxable","14":"purchasable","15":"product-type-variable"},"acf":[],"yoast_head":"<!-- This site is optimized with the Yoast SEO Premium plugin v27.5 (Yoast SEO v27.5) - https:\/\/yoast.com\/product\/yoast-seo-premium-wordpress\/ -->\n<title>Affitto, noleggio carrozzina reclinabile Roma Firenze e Provincia<\/title>\n<meta name=\"description\" content=\"Noleggio Carrozzina pieghevole reclinabile. Risparmia con le nostre offerte imbattibile. Prenota online. Migliore Prezzo Garantito.\" \/>\n<meta name=\"robots\" content=\"index, follow, max-snippet:-1, max-image-preview:large, max-video-preview:-1\" \/>\n<link rel=\"canonical\" href=\"https:\/\/www.miamedicalitalia.it\/es\/producto\/noleggio-carrozzina-reclinabile-pieghevole-roma-e-firenze\/\" \/>\n<meta property=\"og:locale\" content=\"es_ES\" \/>\n<meta property=\"og:type\" content=\"article\" \/>\n<meta property=\"og:title\" content=\"Affitto, noleggio carrozzina reclinabile Roma Firenze e Provincia\" \/>\n<meta property=\"og:description\" content=\"Noleggio Carrozzina pieghevole reclinabile. Risparmia con le nostre offerte imbattibile. Prenota online. Migliore Prezzo Garantito.\" \/>\n<meta property=\"og:url\" content=\"https:\/\/www.miamedicalitalia.it\/es\/producto\/noleggio-carrozzina-reclinabile-pieghevole-roma-e-firenze\/\" \/>\n<meta property=\"og:site_name\" content=\"Mia Medical\" \/>\n<meta property=\"article:publisher\" content=\"https:\/\/www.facebook.com\/miamedicalitalia\" \/>\n<meta property=\"article:modified_time\" content=\"2026-02-12T15:11:42+00:00\" \/>\n<meta property=\"og:image\" content=\"https:\/\/www.miamedicalitalia.it\/wp-content\/uploads\/2022\/12\/carrozzina-reclinabile-1-1-1.jpg\" \/>\n\t<meta property=\"og:image:width\" content=\"1000\" \/>\n\t<meta property=\"og:image:height\" content=\"1000\" \/>\n\t<meta property=\"og:image:type\" content=\"image\/jpeg\" \/>\n<meta name=\"twitter:card\" content=\"summary_large_image\" \/>\n<meta name=\"twitter:label1\" content=\"Tiempo de lectura\" \/>\n\t<meta name=\"twitter:data1\" content=\"1 minuto\" \/>\n<script type=\"application\/ld+json\" class=\"yoast-schema-graph\">{\"@context\":\"https:\\\/\\\/schema.org\",\"@graph\":[{\"@type\":\"WebPage\",\"@id\":\"https:\\\/\\\/www.miamedicalitalia.it\\\/prodotto\\\/noleggio-carrozzina-reclinabile-pieghevole-roma-e-firenze\\\/\",\"url\":\"https:\\\/\\\/www.miamedicalitalia.it\\\/prodotto\\\/noleggio-carrozzina-reclinabile-pieghevole-roma-e-firenze\\\/\",\"name\":\"Affitto, noleggio carrozzina reclinabile Roma Firenze e Provincia\",\"isPartOf\":{\"@id\":\"https:\\\/\\\/www.miamedicalitalia.it\\\/#website\"},\"primaryImageOfPage\":{\"@id\":\"https:\\\/\\\/www.miamedicalitalia.it\\\/prodotto\\\/noleggio-carrozzina-reclinabile-pieghevole-roma-e-firenze\\\/#primaryimage\"},\"image\":{\"@id\":\"https:\\\/\\\/www.miamedicalitalia.it\\\/prodotto\\\/noleggio-carrozzina-reclinabile-pieghevole-roma-e-firenze\\\/#primaryimage\"},\"thumbnailUrl\":\"https:\\\/\\\/www.miamedicalitalia.it\\\/wp-content\\\/uploads\\\/2022\\\/12\\\/carrozzina-reclinabile-1-1-1.jpg\",\"datePublished\":\"2022-12-21T16:15:19+00:00\",\"dateModified\":\"2026-02-12T15:11:42+00:00\",\"description\":\"Noleggio Carrozzina pieghevole reclinabile. Risparmia con le nostre offerte imbattibile. Prenota online. Migliore Prezzo Garantito.\",\"breadcrumb\":{\"@id\":\"https:\\\/\\\/www.miamedicalitalia.it\\\/prodotto\\\/noleggio-carrozzina-reclinabile-pieghevole-roma-e-firenze\\\/#breadcrumb\"},\"inLanguage\":\"es\",\"potentialAction\":[{\"@type\":\"ReadAction\",\"target\":[\"https:\\\/\\\/www.miamedicalitalia.it\\\/prodotto\\\/noleggio-carrozzina-reclinabile-pieghevole-roma-e-firenze\\\/\"]}]},{\"@type\":\"ImageObject\",\"inLanguage\":\"es\",\"@id\":\"https:\\\/\\\/www.miamedicalitalia.it\\\/prodotto\\\/noleggio-carrozzina-reclinabile-pieghevole-roma-e-firenze\\\/#primaryimage\",\"url\":\"https:\\\/\\\/www.miamedicalitalia.it\\\/wp-content\\\/uploads\\\/2022\\\/12\\\/carrozzina-reclinabile-1-1-1.jpg\",\"contentUrl\":\"https:\\\/\\\/www.miamedicalitalia.it\\\/wp-content\\\/uploads\\\/2022\\\/12\\\/carrozzina-reclinabile-1-1-1.jpg\",\"width\":1000,\"height\":1000,\"caption\":\"carrozzina con schienale reclinabile\"},{\"@type\":\"BreadcrumbList\",\"@id\":\"https:\\\/\\\/www.miamedicalitalia.it\\\/prodotto\\\/noleggio-carrozzina-reclinabile-pieghevole-roma-e-firenze\\\/#breadcrumb\",\"itemListElement\":[{\"@type\":\"ListItem\",\"position\":1,\"name\":\"Home\",\"item\":\"https:\\\/\\\/www.miamedicalitalia.it\\\/\"},{\"@type\":\"ListItem\",\"position\":2,\"name\":\"Shop\",\"item\":\"https:\\\/\\\/www.miamedicalitalia.it\\\/negozio\\\/\"},{\"@type\":\"ListItem\",\"position\":3,\"name\":\"Affitto e noleggio\",\"item\":\"https:\\\/\\\/www.miamedicalitalia.it\\\/categoria\\\/affitto-e-noleggio-ausili\\\/\"},{\"@type\":\"ListItem\",\"position\":4,\"name\":\"Carrozzine\",\"item\":\"https:\\\/\\\/www.miamedicalitalia.it\\\/categoria\\\/affitto-e-noleggio-ausili\\\/affitto-e-noleggio-carrozzina\\\/\"},{\"@type\":\"ListItem\",\"position\":5,\"name\":\"Noleggio Carrozzina Reclinabile\"}]},{\"@type\":\"WebSite\",\"@id\":\"https:\\\/\\\/www.miamedicalitalia.it\\\/#website\",\"url\":\"https:\\\/\\\/www.miamedicalitalia.it\\\/\",\"name\":\"www.miamedicalitalia.it\",\"description\":\"Noleggio e Vendita Attrezzatura Sanitarie\",\"publisher\":{\"@id\":\"https:\\\/\\\/www.miamedicalitalia.it\\\/#organization\"},\"potentialAction\":[{\"@type\":\"SearchAction\",\"target\":{\"@type\":\"EntryPoint\",\"urlTemplate\":\"https:\\\/\\\/www.miamedicalitalia.it\\\/?s={search_term_string}\"},\"query-input\":{\"@type\":\"PropertyValueSpecification\",\"valueRequired\":true,\"valueName\":\"search_term_string\"}}],\"inLanguage\":\"es\"},{\"@type\":\"Organization\",\"@id\":\"https:\\\/\\\/www.miamedicalitalia.it\\\/#organization\",\"name\":\"OLG\",\"url\":\"https:\\\/\\\/www.miamedicalitalia.it\\\/\",\"logo\":{\"@type\":\"ImageObject\",\"inLanguage\":\"es\",\"@id\":\"https:\\\/\\\/www.miamedicalitalia.it\\\/#\\\/schema\\\/logo\\\/image\\\/\",\"url\":\"https:\\\/\\\/www.miamedicalitalia.it\\\/wp-content\\\/uploads\\\/2023\\\/04\\\/mia-medical-logo-free.png\",\"contentUrl\":\"https:\\\/\\\/www.miamedicalitalia.it\\\/wp-content\\\/uploads\\\/2023\\\/04\\\/mia-medical-logo-free.png\",\"width\":700,\"height\":700,\"caption\":\"OLG\"},\"image\":{\"@id\":\"https:\\\/\\\/www.miamedicalitalia.it\\\/#\\\/schema\\\/logo\\\/image\\\/\"},\"sameAs\":[\"https:\\\/\\\/www.facebook.com\\\/miamedicalitalia\"]}]}<\/script>\n<!-- \/ Yoast SEO Premium plugin. -->","yoast_head_json":{"title":"Alquiler silla de ruedas reclinable Roma Florencia y Provincia","description":"Alquilar Silla de Ruedas Plegable Reclinable. Ahorre con nuestras inmejorables ofertas. Reserve online. Mejor precio garantizado.","robots":{"index":"index","follow":"follow","max-snippet":"max-snippet:-1","max-image-preview":"max-image-preview:large","max-video-preview":"max-video-preview:-1"},"canonical":"https:\/\/www.miamedicalitalia.it\/es\/producto\/noleggio-carrozzina-reclinabile-pieghevole-roma-e-firenze\/","og_locale":"es_ES","og_type":"article","og_title":"Affitto, noleggio carrozzina reclinabile Roma Firenze e Provincia","og_description":"Noleggio Carrozzina pieghevole reclinabile. Risparmia con le nostre offerte imbattibile. Prenota online. Migliore Prezzo Garantito.","og_url":"https:\/\/www.miamedicalitalia.it\/es\/producto\/noleggio-carrozzina-reclinabile-pieghevole-roma-e-firenze\/","og_site_name":"Mia Medical","article_publisher":"https:\/\/www.facebook.com\/miamedicalitalia","article_modified_time":"2026-02-12T15:11:42+00:00","og_image":[{"width":1000,"height":1000,"url":"https:\/\/www.miamedicalitalia.it\/wp-content\/uploads\/2022\/12\/carrozzina-reclinabile-1-1-1.jpg","type":"image\/jpeg"}],"twitter_card":"summary_large_image","twitter_misc":{"Tiempo de lectura":"1 minuto"},"schema":{"@context":"https:\/\/schema.org","@graph":[{"@type":"WebPage","@id":"https:\/\/www.miamedicalitalia.it\/prodotto\/noleggio-carrozzina-reclinabile-pieghevole-roma-e-firenze\/","url":"https:\/\/www.miamedicalitalia.it\/prodotto\/noleggio-carrozzina-reclinabile-pieghevole-roma-e-firenze\/","name":"Alquiler silla de ruedas reclinable Roma Florencia y Provincia","isPartOf":{"@id":"https:\/\/www.miamedicalitalia.it\/#website"},"primaryImageOfPage":{"@id":"https:\/\/www.miamedicalitalia.it\/prodotto\/noleggio-carrozzina-reclinabile-pieghevole-roma-e-firenze\/#primaryimage"},"image":{"@id":"https:\/\/www.miamedicalitalia.it\/prodotto\/noleggio-carrozzina-reclinabile-pieghevole-roma-e-firenze\/#primaryimage"},"thumbnailUrl":"https:\/\/www.miamedicalitalia.it\/wp-content\/uploads\/2022\/12\/carrozzina-reclinabile-1-1-1.jpg","datePublished":"2022-12-21T16:15:19+00:00","dateModified":"2026-02-12T15:11:42+00:00","description":"Alquilar Silla de Ruedas Plegable Reclinable. Ahorre con nuestras inmejorables ofertas. Reserve online. Mejor precio garantizado.","breadcrumb":{"@id":"https:\/\/www.miamedicalitalia.it\/prodotto\/noleggio-carrozzina-reclinabile-pieghevole-roma-e-firenze\/#breadcrumb"},"inLanguage":"es","potentialAction":[{"@type":"ReadAction","target":["https:\/\/www.miamedicalitalia.it\/prodotto\/noleggio-carrozzina-reclinabile-pieghevole-roma-e-firenze\/"]}]},{"@type":"ImageObject","inLanguage":"es","@id":"https:\/\/www.miamedicalitalia.it\/prodotto\/noleggio-carrozzina-reclinabile-pieghevole-roma-e-firenze\/#primaryimage","url":"https:\/\/www.miamedicalitalia.it\/wp-content\/uploads\/2022\/12\/carrozzina-reclinabile-1-1-1.jpg","contentUrl":"https:\/\/www.miamedicalitalia.it\/wp-content\/uploads\/2022\/12\/carrozzina-reclinabile-1-1-1.jpg","width":1000,"height":1000,"caption":"carrozzina con schienale reclinabile"},{"@type":"BreadcrumbList","@id":"https:\/\/www.miamedicalitalia.it\/prodotto\/noleggio-carrozzina-reclinabile-pieghevole-roma-e-firenze\/#breadcrumb","itemListElement":[{"@type":"ListItem","position":1,"name":"Home","item":"https:\/\/www.miamedicalitalia.it\/"},{"@type":"ListItem","position":2,"name":"Shop","item":"https:\/\/www.miamedicalitalia.it\/negozio\/"},{"@type":"ListItem","position":3,"name":"Affitto e noleggio","item":"https:\/\/www.miamedicalitalia.it\/categoria\/affitto-e-noleggio-ausili\/"},{"@type":"ListItem","position":4,"name":"Carrozzine","item":"https:\/\/www.miamedicalitalia.it\/categoria\/affitto-e-noleggio-ausili\/affitto-e-noleggio-carrozzina\/"},{"@type":"ListItem","position":5,"name":"Noleggio Carrozzina Reclinabile"}]},{"@type":"WebSite","@id":"https:\/\/www.miamedicalitalia.it\/#website","url":"https:\/\/www.miamedicalitalia.it\/","name":"www.miamedicalitalia.it","description":"Alquiler y venta de material sanitario","publisher":{"@id":"https:\/\/www.miamedicalitalia.it\/#organization"},"potentialAction":[{"@type":"SearchAction","target":{"@type":"EntryPoint","urlTemplate":"https:\/\/www.miamedicalitalia.it\/?s={search_term_string}"},"query-input":{"@type":"PropertyValueSpecification","valueRequired":true,"valueName":"search_term_string"}}],"inLanguage":"es"},{"@type":"Organization","@id":"https:\/\/www.miamedicalitalia.it\/#organization","name":"OLG","url":"https:\/\/www.miamedicalitalia.it\/","logo":{"@type":"ImageObject","inLanguage":"es","@id":"https:\/\/www.miamedicalitalia.it\/#\/schema\/logo\/image\/","url":"https:\/\/www.miamedicalitalia.it\/wp-content\/uploads\/2023\/04\/mia-medical-logo-free.png","contentUrl":"https:\/\/www.miamedicalitalia.it\/wp-content\/uploads\/2023\/04\/mia-medical-logo-free.png","width":700,"height":700,"caption":"OLG"},"image":{"@id":"https:\/\/www.miamedicalitalia.it\/#\/schema\/logo\/image\/"},"sameAs":["https:\/\/www.facebook.com\/miamedicalitalia"]}]}},"wcpa_form_fields":{"wcpaData":{"product":{"product_price":25,"price_html":"<span class=\"woocommerce-Price-amount amount\" aria-hidden=\"true\"><bdi><span class=\"woocommerce-Price-currencySymbol\">&euro;<\/span>25.00<\/bdi><\/span> <span aria-hidden=\"true\">-<\/span> <span class=\"woocommerce-Price-amount amount\" aria-hidden=\"true\"><bdi><span class=\"woocommerce-Price-currencySymbol\">&euro;<\/span>100.00<\/bdi><\/span><span class=\"screen-reader-text\">Rango de precios: desde &euro;25.00 hasta &euro;100.00<\/span>","original_product_price":25,"price_including_tax":25,"price_excluding_tax":25,"product_id":{"parent":9034,"variation":false},"is_variable":true,"stock_status":"instock","stock_quantity":null,"parent_sku":"","product_attributes":{"pa_maximum-capacity":{"is_variation":false,"values":["120-kg"]},"pa_seat-width":{"is_variation":false,"values":["40-46-cm"]},"pa_depth-sitting":{"is_variation":false,"values":["40-cm"]},"pa_transport-width":{"is_variation":false,"values":["28-cm"]},"pa_backrest-height":{"is_variation":false,"values":["65-cm-con-poggiatesta"]},"pa_max-height":{"is_variation":false,"values":["85-90-cm"]},"pa_maximum-depth":{"is_variation":false,"values":["105-cm"]},"pa_seating-height":{"is_variation":false,"values":["45-50cm"]},"pa_weight":{"is_variation":false,"values":["175-kg"]},"pa_wheel":{"is_variation":false,"values":["o600mm"]},"pa_frame":{"is_variation":false,"values":["acciaio"]},"pa_color":{"is_variation":false,"values":["blu-ruote-piene"]},"quanto-costa":{"is_variation":true,"values":[]}},"custom_fields":[],"is_taxable":false,"product_name":"Noleggio Carrozzina Reclinabile","hasImage":false},"fields":{"sec_565f165582eb8c":{"extra":{"key":"sec_565f165582eb8c","section_id":"sec_565f165582eb8c","name":"Predefinito","status":1,"toggle":true,"form_id":12050,"form_rules":{"exclude_from_discount":false,"fee_label":"Taxa","disp_hide_options_price":false,"disp_show_section_price":false,"disp_show_field_price":true,"layout_option":"standard","pric_use_as_fee":false,"process_fee_as":"woo_fee"},"layout_option":"standard"},"fields":[[{"active":true,"col":6,"relations":false,"cl_rule":"show","enableCl":false,"price":"","enablePrice":false,"className":"input-text","type":"date","required":true,"elementId":"date_3189538061","name":"date_3189538061","label":"A partire dal giorno:","picker_type":"custom","picker_mode":"single","error":false,"description":"Inserisci la data di inizio del noleggio","gt_translate_keys":["label","description"],"price_dependency":false,"cl_dependency":false,"value":""}]]}},"config":{"price_override":"","enable_recaptcha":false,"bind_quantity":false,"quantity_bind_formula":false,"disp_summ_show_option_price":true,"disp_summ_show_product_price":true,"disp_summ_show_total_price":true,"disp_summ_show_fee":false,"disp_summ_show_discount":false,"summary_title":"","options_total_label":"Op\u00e7\u00f5es Pre\u00e7o","total_label":"Total","options_product_label":"Pre\u00e7o do produto","fee_label":"Taxa","discount_label":"Desconto","has_price":true,"has_quantity_formula":false},"mc_unit":1,"tax_rate":1,"tax_rate_real":1,"discount":{"percentage":0,"fixed":0},"design":{"conf":{"LabelPosition":"above","DescPosition":"below","UploadField":"custom_1","QuantityFieldStyle":"default"},"css":{"LeftLabelWidth":"50px"}},"formulas":[],"lookuptables":[],"clones":false,"cartKey":false}},"_links":{"self":[{"href":"https:\/\/www.miamedicalitalia.it\/es\/wp-json\/wp\/v2\/product\/9034","targetHints":{"allow":["GET"]}}],"collection":[{"href":"https:\/\/www.miamedicalitalia.it\/es\/wp-json\/wp\/v2\/product"}],"about":[{"href":"https:\/\/www.miamedicalitalia.it\/es\/wp-json\/wp\/v2\/types\/product"}],"wp:featuredmedia":[{"embeddable":true,"href":"https:\/\/www.miamedicalitalia.it\/es\/wp-json\/wp\/v2\/media\/12377"}],"wp:attachment":[{"href":"https:\/\/www.miamedicalitalia.it\/es\/wp-json\/wp\/v2\/media?parent=9034"}],"wp:term":[{"taxonomy":"home-category","embeddable":true,"href":"https:\/\/www.miamedicalitalia.it\/es\/wp-json\/wp\/v2\/home-category?post=9034"},{"taxonomy":"product_brand","embeddable":true,"href":"https:\/\/www.miamedicalitalia.it\/es\/wp-json\/wp\/v2\/product_brand?post=9034"},{"taxonomy":"product_cat","embeddable":true,"href":"https:\/\/www.miamedicalitalia.it\/es\/wp-json\/wp\/v2\/product_cat?post=9034"},{"taxonomy":"product_tag","embeddable":true,"href":"https:\/\/www.miamedicalitalia.it\/es\/wp-json\/wp\/v2\/product_tag?post=9034"},{"taxonomy":"woo-feed-brand","embeddable":true,"href":"https:\/\/www.miamedicalitalia.it\/es\/wp-json\/wp\/v2\/woo-feed-brand?post=9034"}],"curies":[{"name":"wp","href":"https:\/\/api.w.org\/{rel}","templated":true}]}}