{"id":8999,"date":"2022-12-21T17:15:03","date_gmt":"2022-12-21T15:15:03","guid":{"rendered":"https:\/\/www.miamedicalitalia.it\/?post_type=product&#038;p=8999"},"modified":"2026-04-16T18:34:08","modified_gmt":"2026-04-16T16:34:08","slug":"noleggio-sedia-motorizzata-sali-scendiscale","status":"publish","type":"product","link":"https:\/\/www.miamedicalitalia.it\/es\/producto\/noleggio-sedia-motorizzata-sali-scendiscale\/","title":{"rendered":"Noleggio Sedia Motorizzata Easystep"},"content":{"rendered":"<p><strong>\u00bfNecesita ayudar a un ser querido a subir o bajar las escaleras de forma segura, incluso sin ascensor?<\/strong> Nuestra&nbsp;<strong>silla de ruedas el\u00e9ctrica motorizada<\/strong> <strong>subir y bajar escaleras por cuenta ajena<\/strong>&nbsp;es la soluci\u00f3n perfecta para las personas que viven en edificios con&nbsp;<strong>escaleras rectas<\/strong>&nbsp;y necesita un sistema seguro, fiable y listo para usar.<\/p>\n\n\n\n<p>Con el&nbsp;<strong>contratar a M.I.A. Medical Italy<\/strong>, puede recibirlo directamente en su domicilio, con&nbsp;<strong>entrega r\u00e1pida<\/strong>,&nbsp;<strong>demostraci\u00f3n de uso incluida<\/strong>&nbsp;e&nbsp;<strong>asistencia t\u00e9cnica permanente<\/strong>.<\/p>\n\n\n\n<h3 class=\"wp-block-heading\" id=\"h-montascale-elettrico-cosa-e-una-sedia-motorizzata-per-salire-e-scendere-le-scale-a-noleggio\">Montascale elettrico: cosa \u00e8 una sedia motorizzata per salire e scendere le scale a noleggio<\/h3>\n\n\n\n<p>Este&nbsp;<strong>silla motorizada con orugas<\/strong>&nbsp;est\u00e1 dise\u00f1ado para transportar por escaleras a personas con movilidad reducida,&nbsp;<strong>sin tener que utilizar la silla de ruedas<\/strong>. El acompa\u00f1ante gestiona f\u00e1cilmente el dispositivo a trav\u00e9s de&nbsp;<strong>controles electr\u00f3nicos<\/strong>el ascenso y el descenso se producen de forma&nbsp;<strong>fluido, controlado y sin esfuerzo<\/strong>.<\/p>\n\n\n\n<p>Gracias a la&nbsp;<strong>estructura plegable de aluminio<\/strong>, a la&nbsp;<strong>asiento tapizado integrado<\/strong>&nbsp;y el&nbsp;<strong>orugas de alta adherencia<\/strong>, el presidente garantiza&nbsp;<strong>confort, estabilidad y seguridad<\/strong>, incluso en escaleras muy inclinadas.<\/p>\n\n\n\n<h4 class=\"wp-block-heading\" id=\"h-a-chi-consigliamo-il-noleggio-della-sedia-motorizzata\">A qui\u00e9n recomendamos el alquiler de sillas motorizadas<\/h4>\n\n\n\n<p>La silla el\u00e9ctrica para escaleras es ideal para:<\/p>\n\n\n\n<ul class=\"wp-block-list\">\n<li><strong>Personas mayores o con dificultades de movilidad<\/strong>&nbsp;vivir en edificios sin ascensor;<\/li>\n\n\n\n<li>Familias que necesitan&nbsp;<strong>una soluci\u00f3n temporal<\/strong>&nbsp;para subir y bajar a un familiar por las escaleras;<\/li>\n\n\n\n<li><strong>Centros de salud, RSA, escuelas<\/strong>&nbsp;o lugares p\u00fablicos que no sean accesibles;<\/li>\n\n\n\n<li>Personas en proceso de&nbsp;<strong>postoperatorio<\/strong>&nbsp;o rehabilitaci\u00f3n;<\/li>\n\n\n\n<li>\u00bfQui\u00e9n necesita&nbsp;<strong>llevar un dispositivo seguro y plegable<\/strong>&nbsp;durante los traslados o viajes.<\/li>\n<\/ul>\n\n\n\n<h4 class=\"wp-block-heading\" id=\"h-come-funziona-la-sedia-elettrica-motorizzata-per-salire-e-scendere-le-scale-a-noleggio-a-roma-e-firenze\">C\u00f3mo funciona la silla el\u00e9ctrica motorizada para subir y bajar escaleras de alquiler en Roma y Florencia<\/h4>\n\n\n\n<p>Compa\u00f1ero:<\/p>\n\n\n\n<p>1. Abra la silla y ajuste el asa a su altura;<\/p>\n\n\n\n<p>2. Asiente a la persona a transportar en el asiento acolchado;<\/p>\n\n\n\n<p>3. Bloquee el&nbsp;<strong>cinturones de seguridad<\/strong>&nbsp;y el&nbsp;<strong>reposabrazos abatibles<\/strong>;<\/p>\n\n\n\n<p>4. Ponga en marcha el sistema a trav\u00e9s del panel de control;<\/p>\n\n\n\n<p>5. Las v\u00edas suben o bajan por la escalera&nbsp;<strong>con total seguridad<\/strong>, sin esfuerzo f\u00edsico.<\/p>\n\n\n\n<p>El dispositivo es&nbsp;<strong>inteligente, silencioso y estable<\/strong>, incluso en escaleras estrechas o escalones altos.<\/p>\n\n\n\n<h3 class=\"wp-block-heading\" id=\"h-caratteristiche-principali\">Caracter\u00edsticas principales <\/h3>\n\n\n\n<ul class=\"wp-block-list\">\n<li><strong>Asientos c\u00f3modos e integrados<\/strong>, con cinturones y reposacabezas;<\/li>\n\n\n\n<li><strong>Estructura de aluminio<\/strong>&nbsp;ligero y plegable;<\/li>\n\n\n\n<li><strong>Potente motor el\u00e9ctrico<\/strong>&nbsp;120 W (bater\u00eda de 24 V);<\/li>\n\n\n\n<li><strong>Orugas de goma de gran agarre<\/strong>, ideal para escaleras rectas;<\/li>\n\n\n\n<li><strong>Capacidad de carga de hasta 169 kg<\/strong>;<\/li>\n\n\n\n<li><strong>Velocidad<\/strong>hasta 12 pasos\/minuto;<\/li>\n\n\n\n<li><strong>Autonom\u00eda<\/strong>hasta 2.500 pasos con una sola carga;<\/li>\n\n\n\n<li><strong>F\u00e1cil de guardar<\/strong>&nbsp;y transporte en coche.<\/li>\n<\/ul>\n\n\n\n<h3 class=\"wp-block-heading\" id=\"h-perche-e-utile-anche-in-scuole-alberghi-e-strutture-pubbliche\"><strong>Por qu\u00e9 tambi\u00e9n es \u00fatil en escuelas, hoteles e instalaciones p\u00fablicas<\/strong><\/h3>\n\n\n\n<p>Tener un&nbsp;<strong>silla el\u00e9ctrica para subir y bajar escaleras<\/strong>&nbsp;no es s\u00f3lo una elecci\u00f3n de comodidad: es una verdadera medida de&nbsp;<strong>seguridad preventiva<\/strong>. En&nbsp;<strong>escuelas, hoteles, oficinas p\u00fablicas o instalaciones sanitarias<\/strong>, esta ayuda puede marcar la diferencia en caso de&nbsp;<strong>evacuaci\u00f3n de emergencia<\/strong>, apagones o ascensores fuera de servicio.<\/p>\n\n\n\n<p><strong>No espere a que se produzca una emergencia para darse cuenta de la necesidad de este tipo de ayuda.<\/strong>&nbsp;Con el alquiler, puede estar listo en cualquier momento, sin compromisos a largo plazo.<\/p>\n\n\n\n<h4 class=\"wp-block-heading\" id=\"h-i-vantaggi-del-noleggio-sedia-motorizzata-per-salire-e-scendere-le-scale-in-totale-sicurezza\">Las ventajas del alquiler: silla motorizada para subir y bajar escaleras con total seguridad<\/h4>\n\n\n\n<ul class=\"wp-block-list\">\n<li><strong>Entrega r\u00e1pida a domicilio<\/strong>, tambi\u00e9n urgente;<\/li>\n\n\n\n<li><strong>Instrucci\u00f3n gratuita en uso<\/strong>&nbsp;en el momento de la entrega;<\/li>\n\n\n\n<li><strong>Duraci\u00f3n flexible<\/strong>unos d\u00edas, semanas o meses;<\/li>\n\n\n\n<li>Dispositivos&nbsp;<strong>certificado, seguro e higienizado<\/strong>;<\/li>\n\n\n\n<li><strong>Asistencia continua por WhatsApp o tel\u00e9fono<\/strong>;<\/li>\n\n\n\n<li><strong>Inversi\u00f3n inicial cero<\/strong><\/li>\n<\/ul>\n\n\n\n<h3 class=\"wp-block-heading\" id=\"h-perche-scegliere-il-servizio-di-noleggio-montascale-elettrico-mia-medical-italia\">Perch\u00e8 scegliere il servizio di noleggio montascale elettrico MIA Medical Italia<\/h3>\n\n\n\n<p>Ofrecemos un servicio de&nbsp;<strong>alquiler r\u00e1pido en Roma y Florencia (tambi\u00e9n 24\/48h seg\u00fan disponibilidad)<\/strong>&nbsp;con&nbsp;<strong>personal cualificado<\/strong>&nbsp;para la&nbsp;<strong>entrega<\/strong>&nbsp;e&nbsp;<strong>instrucciones de uso<\/strong>. Todos nuestros&nbsp;<strong>sida<\/strong>&nbsp;son&nbsp;<strong>seguro<\/strong>&nbsp;e&nbsp;<strong>certificados<\/strong>tambi\u00e9n llegan a sus casas&nbsp;<strong>desinfectado<\/strong>&nbsp;\u00a1y listos para usar! Tambi\u00e9n suministramos&nbsp;<strong>asistencia<\/strong>&nbsp;<strong>durante toda la duraci\u00f3n del alquiler.&nbsp;<a href=\"https:\/\/wa.me\/393926509237\">P\u00f3ngase en contacto con nosotros<\/a><\/strong>&nbsp;para un&nbsp;<strong>presupuesto telef\u00f3nico gratuito<\/strong>&nbsp;o una&nbsp;<strong>consulta gratuita y sin compromiso<\/strong>&nbsp;para obtener m\u00e1s informaci\u00f3n&nbsp;<strong><a href=\"https:\/\/www.miamedicalitalia.it\/es\/categoria\/affitto-e-noleggio-ausili\/affitto-noleggio-montascale\/\">salvaescaleras<\/a><\/strong>&nbsp;y descubra cu\u00e1l se adapta mejor a sus necesidades.<\/p>\n\n\n\n<p>Visite tambi\u00e9n nuestro&nbsp;<strong><a href=\"https:\/\/www.miamedicalitalia.it\/es\/\">.<\/a><\/strong>&nbsp;para descubrir la amplia gama de&nbsp;<strong>ayudas m\u00e9dicas y electrom\u00e9dicas&nbsp;<\/strong>que tenemos disponibles tanto en&nbsp;<strong>alquiler<\/strong>&nbsp;que en&nbsp;<strong>en venta<\/strong>entre&nbsp;<a href=\"https:\/\/www.miamedicalitalia.it\/es\/categoria\/affitto-e-noleggio-ausili\/affitto-e-noleggio-carrozzina\/\">sillas de ruedas<\/a>,&nbsp;<a href=\"https:\/\/www.miamedicalitalia.it\/es\/categoria\/affitto-e-noleggio-ausili\/noleggio-e-affitto-carrozzina-elettrica-e-scooter\/\">scooters el\u00e9ctricos<\/a>,&nbsp;<a href=\"https:\/\/www.miamedicalitalia.it\/es\/categoria\/affitto-e-noleggio-ausili\/noleggio-sollevatori-verticalizzatori\/\">elevadores<\/a>,&nbsp;<a href=\"https:\/\/www.miamedicalitalia.it\/es\/categoria\/affitto-e-noleggio-ausili\/noleggio-sollevatori-verticalizzatori\/\">verticalizadores<\/a>,&nbsp;<a href=\"https:\/\/www.miamedicalitalia.it\/es\/categoria\/affitto-e-noleggio-ausili\/noleggio-letti-ortopedici-ospedalieri\/\">camas ortop\u00e9dicas<\/a>,&nbsp;<a href=\"https:\/\/www.miamedicalitalia.it\/es\/categoria\/affitto-e-noleggio-ausili\/noleggio-e-affitto-carrozzina-elettrica-e-scooter\/\">sillas de ruedas el\u00e9ctricas<\/a>,&nbsp;<a href=\"https:\/\/www.miamedicalitalia.it\/es\/categoria\/affitto-e-noleggio-ausili\/noleggio-materassi-antidecubito-terapeutico-ad-alto-rischio\/\">colchones antidec\u00fabito<\/a>,&nbsp;<a href=\"https:\/\/www.miamedicalitalia.it\/es\/categoria\/affitto-e-noleggio-ausili\/affitto-noleggio-magnetoterapia-cemp\/\">magnetoterapia<\/a>,&nbsp;<a href=\"https:\/\/www.miamedicalitalia.it\/es\/categoria\/affitto-e-noleggio-ausili\/affitto-noleggio-pressoterapia\/\">en terapia<\/a>&nbsp;e&nbsp;<strong>y mucho m\u00e1s. \u00bfA qu\u00e9 espera?<\/strong><\/p>\n\n\n\n<p><strong>Llame al&nbsp;<a href=\"tel:+39 392 65 09 237\">+39 392 65 09 237<\/a><\/strong><\/p>\n\n\n\n<p><strong><a href=\"https:\/\/wa.me\/393926509237\">Escr\u00edbenos a WhatsApp<\/a><\/strong><\/p>\n\n\n\n<p>O env\u00ede un correo electr\u00f3nico a&nbsp;<strong>info@miamedicalitalia.it<\/strong><\/p>\n\n\n\n<p><strong>Affronta le scale con sicurezza e serenit\u00e0. Scegli il noleggio di un montascale elettrico M.I.A. Medical Italia.<\/strong><\/p>","protected":false},"excerpt":{"rendered":"<div style=\"font-family: Arial, sans-serif; background-color: #234091; padding: 30px; border-radius: 25px; max-width: 600px; color: #ffffff; position: relative; border-top: 6px solid #2498fe;\">\n<h3 style=\"margin-top: 0; margin-bottom: 15px; color: #ffffff;\">La Ascent\/Descent, silla de ruedas el\u00e9ctrica para subir y bajar escaleras.<\/h3>\n<p>Consegna a domicilio soltanto a Roma e Firenze a partire da 45\u20ac.<\/p>\n<p><strong>Entrega gratuita<\/strong> si compra un alquiler por un m\u00ednimo de 45 d\u00edas.<\/p>\n<p>La recogida y devoluci\u00f3n de las ayudas al almac\u00e9n son <strong>Gratis.<\/strong><\/p>\n<p><!-- Deposito --><\/p>\n<div style=\"margin-top: 20px; background-color: #ffffff; color: #234091; padding: 15px; border-radius: 15px;\">\n<h4 style=\"margin: 0 0 10px 0; font-size: 16px;\">Se requiere fianza: <span style=\"color: #c43b3b; font-weight: bold;\">300\u20ac<\/span><\/h4>\n<p style=\"margin: 0; font-size: 14px;\">Para el alquiler de este art\u00edculo, un <strong>fianza de 300<\/strong>.<\/p>\n<\/div>\n<\/div>\n<p><!-- Linea bianca sotto --><\/p>\n<div style=\"height: 6px; background-color: #ffffff; max-width: 600px;\">\u00a0<\/div>","protected":false},"featured_media":15338,"template":"","meta":{"_acf_changed":false},"home-category":[263],"product_brand":[],"product_cat":[260,227],"product_tag":[137],"woo-feed-brand":[],"class_list":{"0":"post-8999","1":"product","2":"type-product","3":"status-publish","4":"has-post-thumbnail","6":"home-category-ausili","7":"product_cat-affitto-e-noleggio-ausili","8":"product_cat-affitto-noleggio-montascale","9":"product_tag-sali-scendescale","10":"wcpa_has_options","12":"first","13":"instock","14":"shipping-taxable","15":"purchasable","16":"product-type-variable"},"acf":[],"yoast_head":"<!-- This site is optimized with the Yoast SEO Premium plugin v27.5 (Yoast SEO v27.5) - https:\/\/yoast.com\/product\/yoast-seo-premium-wordpress\/ -->\n<title>Noleggio sedia motorizzata montascale: salire e scendere le scale<\/title>\n<meta name=\"description\" content=\"Noleggio sedia motorizzata Montascale elettrico per salire e scendere le scale. Migliore Prezzo Garantito. Scopri i nostri prezzi imbattibili.\" \/>\n<meta name=\"robots\" content=\"index, follow, max-snippet:-1, max-image-preview:large, max-video-preview:-1\" \/>\n<link rel=\"canonical\" href=\"https:\/\/www.miamedicalitalia.it\/es\/producto\/noleggio-sedia-motorizzata-sali-scendiscale\/\" \/>\n<meta property=\"og:locale\" content=\"es_ES\" \/>\n<meta property=\"og:type\" content=\"article\" \/>\n<meta property=\"og:title\" content=\"Noleggio sedia motorizzata montascale: salire e scendere le scale\" \/>\n<meta property=\"og:description\" content=\"Noleggio sedia motorizzata Montascale elettrico per salire e scendere le scale. Migliore Prezzo Garantito. Scopri i nostri prezzi imbattibili.\" \/>\n<meta property=\"og:url\" content=\"https:\/\/www.miamedicalitalia.it\/es\/producto\/noleggio-sedia-motorizzata-sali-scendiscale\/\" \/>\n<meta property=\"og:site_name\" content=\"Mia Medical\" \/>\n<meta property=\"article:publisher\" content=\"https:\/\/www.facebook.com\/miamedicalitalia\" \/>\n<meta property=\"article:modified_time\" content=\"2026-04-16T16:34:08+00:00\" \/>\n<meta property=\"og:image\" content=\"https:\/\/www.miamedicalitalia.it\/wp-content\/uploads\/2022\/12\/5.png\" \/>\n\t<meta property=\"og:image:width\" content=\"1000\" \/>\n\t<meta property=\"og:image:height\" content=\"1000\" \/>\n\t<meta property=\"og:image:type\" content=\"image\/png\" \/>\n<meta name=\"twitter:card\" content=\"summary_large_image\" \/>\n<meta name=\"twitter:label1\" content=\"Tiempo de lectura\" \/>\n\t<meta name=\"twitter:data1\" content=\"4 minutos\" \/>\n<script type=\"application\/ld+json\" class=\"yoast-schema-graph\">{\"@context\":\"https:\\\/\\\/schema.org\",\"@graph\":[{\"@type\":\"WebPage\",\"@id\":\"https:\\\/\\\/www.miamedicalitalia.it\\\/prodotto\\\/noleggio-sedia-motorizzata-sali-scendiscale\\\/\",\"url\":\"https:\\\/\\\/www.miamedicalitalia.it\\\/prodotto\\\/noleggio-sedia-motorizzata-sali-scendiscale\\\/\",\"name\":\"Noleggio sedia motorizzata montascale: salire e scendere le scale\",\"isPartOf\":{\"@id\":\"https:\\\/\\\/www.miamedicalitalia.it\\\/#website\"},\"primaryImageOfPage\":{\"@id\":\"https:\\\/\\\/www.miamedicalitalia.it\\\/prodotto\\\/noleggio-sedia-motorizzata-sali-scendiscale\\\/#primaryimage\"},\"image\":{\"@id\":\"https:\\\/\\\/www.miamedicalitalia.it\\\/prodotto\\\/noleggio-sedia-motorizzata-sali-scendiscale\\\/#primaryimage\"},\"thumbnailUrl\":\"https:\\\/\\\/www.miamedicalitalia.it\\\/wp-content\\\/uploads\\\/2022\\\/12\\\/5.png\",\"datePublished\":\"2022-12-21T15:15:03+00:00\",\"dateModified\":\"2026-04-16T16:34:08+00:00\",\"description\":\"Noleggio sedia motorizzata Montascale elettrico per salire e scendere le scale. Migliore Prezzo Garantito. Scopri i nostri prezzi imbattibili.\",\"breadcrumb\":{\"@id\":\"https:\\\/\\\/www.miamedicalitalia.it\\\/prodotto\\\/noleggio-sedia-motorizzata-sali-scendiscale\\\/#breadcrumb\"},\"inLanguage\":\"es\",\"potentialAction\":[{\"@type\":\"ReadAction\",\"target\":[\"https:\\\/\\\/www.miamedicalitalia.it\\\/prodotto\\\/noleggio-sedia-motorizzata-sali-scendiscale\\\/\"]}]},{\"@type\":\"ImageObject\",\"inLanguage\":\"es\",\"@id\":\"https:\\\/\\\/www.miamedicalitalia.it\\\/prodotto\\\/noleggio-sedia-motorizzata-sali-scendiscale\\\/#primaryimage\",\"url\":\"https:\\\/\\\/www.miamedicalitalia.it\\\/wp-content\\\/uploads\\\/2022\\\/12\\\/5.png\",\"contentUrl\":\"https:\\\/\\\/www.miamedicalitalia.it\\\/wp-content\\\/uploads\\\/2022\\\/12\\\/5.png\",\"width\":1000,\"height\":1000,\"caption\":\"montascale a cingoli EasyStep\"},{\"@type\":\"BreadcrumbList\",\"@id\":\"https:\\\/\\\/www.miamedicalitalia.it\\\/prodotto\\\/noleggio-sedia-motorizzata-sali-scendiscale\\\/#breadcrumb\",\"itemListElement\":[{\"@type\":\"ListItem\",\"position\":1,\"name\":\"Home\",\"item\":\"https:\\\/\\\/www.miamedicalitalia.it\\\/\"},{\"@type\":\"ListItem\",\"position\":2,\"name\":\"Shop\",\"item\":\"https:\\\/\\\/www.miamedicalitalia.it\\\/negozio\\\/\"},{\"@type\":\"ListItem\",\"position\":3,\"name\":\"Affitto e noleggio\",\"item\":\"https:\\\/\\\/www.miamedicalitalia.it\\\/categoria\\\/affitto-e-noleggio-ausili\\\/\"},{\"@type\":\"ListItem\",\"position\":4,\"name\":\"Montascale\",\"item\":\"https:\\\/\\\/www.miamedicalitalia.it\\\/categoria\\\/affitto-e-noleggio-ausili\\\/affitto-noleggio-montascale\\\/\"},{\"@type\":\"ListItem\",\"position\":5,\"name\":\"Noleggio Sedia Motorizzata Easystep\"}]},{\"@type\":\"WebSite\",\"@id\":\"https:\\\/\\\/www.miamedicalitalia.it\\\/#website\",\"url\":\"https:\\\/\\\/www.miamedicalitalia.it\\\/\",\"name\":\"www.miamedicalitalia.it\",\"description\":\"Noleggio e Vendita Attrezzatura Sanitarie\",\"publisher\":{\"@id\":\"https:\\\/\\\/www.miamedicalitalia.it\\\/#organization\"},\"potentialAction\":[{\"@type\":\"SearchAction\",\"target\":{\"@type\":\"EntryPoint\",\"urlTemplate\":\"https:\\\/\\\/www.miamedicalitalia.it\\\/?s={search_term_string}\"},\"query-input\":{\"@type\":\"PropertyValueSpecification\",\"valueRequired\":true,\"valueName\":\"search_term_string\"}}],\"inLanguage\":\"es\"},{\"@type\":\"Organization\",\"@id\":\"https:\\\/\\\/www.miamedicalitalia.it\\\/#organization\",\"name\":\"OLG\",\"url\":\"https:\\\/\\\/www.miamedicalitalia.it\\\/\",\"logo\":{\"@type\":\"ImageObject\",\"inLanguage\":\"es\",\"@id\":\"https:\\\/\\\/www.miamedicalitalia.it\\\/#\\\/schema\\\/logo\\\/image\\\/\",\"url\":\"https:\\\/\\\/www.miamedicalitalia.it\\\/wp-content\\\/uploads\\\/2023\\\/04\\\/mia-medical-logo-free.png\",\"contentUrl\":\"https:\\\/\\\/www.miamedicalitalia.it\\\/wp-content\\\/uploads\\\/2023\\\/04\\\/mia-medical-logo-free.png\",\"width\":700,\"height\":700,\"caption\":\"OLG\"},\"image\":{\"@id\":\"https:\\\/\\\/www.miamedicalitalia.it\\\/#\\\/schema\\\/logo\\\/image\\\/\"},\"sameAs\":[\"https:\\\/\\\/www.facebook.com\\\/miamedicalitalia\"]}]}<\/script>\n<!-- \/ Yoast SEO Premium plugin. -->","yoast_head_json":{"title":"Alquiler de silla salvaescaleras motorizada: subir y bajar escaleras","description":"Noleggio sedia motorizzata Montascale elettrico per salire e scendere le scale. Migliore Prezzo Garantito. Scopri i nostri prezzi imbattibili.","robots":{"index":"index","follow":"follow","max-snippet":"max-snippet:-1","max-image-preview":"max-image-preview:large","max-video-preview":"max-video-preview:-1"},"canonical":"https:\/\/www.miamedicalitalia.it\/es\/producto\/noleggio-sedia-motorizzata-sali-scendiscale\/","og_locale":"es_ES","og_type":"article","og_title":"Noleggio sedia motorizzata montascale: salire e scendere le scale","og_description":"Noleggio sedia motorizzata Montascale elettrico per salire e scendere le scale. Migliore Prezzo Garantito. Scopri i nostri prezzi imbattibili.","og_url":"https:\/\/www.miamedicalitalia.it\/es\/producto\/noleggio-sedia-motorizzata-sali-scendiscale\/","og_site_name":"Mia Medical","article_publisher":"https:\/\/www.facebook.com\/miamedicalitalia","article_modified_time":"2026-04-16T16:34:08+00:00","og_image":[{"width":1000,"height":1000,"url":"https:\/\/www.miamedicalitalia.it\/wp-content\/uploads\/2022\/12\/5.png","type":"image\/png"}],"twitter_card":"summary_large_image","twitter_misc":{"Tiempo de lectura":"4 minutos"},"schema":{"@context":"https:\/\/schema.org","@graph":[{"@type":"WebPage","@id":"https:\/\/www.miamedicalitalia.it\/prodotto\/noleggio-sedia-motorizzata-sali-scendiscale\/","url":"https:\/\/www.miamedicalitalia.it\/prodotto\/noleggio-sedia-motorizzata-sali-scendiscale\/","name":"Alquiler de silla salvaescaleras motorizada: subir y bajar escaleras","isPartOf":{"@id":"https:\/\/www.miamedicalitalia.it\/#website"},"primaryImageOfPage":{"@id":"https:\/\/www.miamedicalitalia.it\/prodotto\/noleggio-sedia-motorizzata-sali-scendiscale\/#primaryimage"},"image":{"@id":"https:\/\/www.miamedicalitalia.it\/prodotto\/noleggio-sedia-motorizzata-sali-scendiscale\/#primaryimage"},"thumbnailUrl":"https:\/\/www.miamedicalitalia.it\/wp-content\/uploads\/2022\/12\/5.png","datePublished":"2022-12-21T15:15:03+00:00","dateModified":"2026-04-16T16:34:08+00:00","description":"Noleggio sedia motorizzata Montascale elettrico per salire e scendere le scale. Migliore Prezzo Garantito. Scopri i nostri prezzi imbattibili.","breadcrumb":{"@id":"https:\/\/www.miamedicalitalia.it\/prodotto\/noleggio-sedia-motorizzata-sali-scendiscale\/#breadcrumb"},"inLanguage":"es","potentialAction":[{"@type":"ReadAction","target":["https:\/\/www.miamedicalitalia.it\/prodotto\/noleggio-sedia-motorizzata-sali-scendiscale\/"]}]},{"@type":"ImageObject","inLanguage":"es","@id":"https:\/\/www.miamedicalitalia.it\/prodotto\/noleggio-sedia-motorizzata-sali-scendiscale\/#primaryimage","url":"https:\/\/www.miamedicalitalia.it\/wp-content\/uploads\/2022\/12\/5.png","contentUrl":"https:\/\/www.miamedicalitalia.it\/wp-content\/uploads\/2022\/12\/5.png","width":1000,"height":1000,"caption":"montascale a cingoli EasyStep"},{"@type":"BreadcrumbList","@id":"https:\/\/www.miamedicalitalia.it\/prodotto\/noleggio-sedia-motorizzata-sali-scendiscale\/#breadcrumb","itemListElement":[{"@type":"ListItem","position":1,"name":"Home","item":"https:\/\/www.miamedicalitalia.it\/"},{"@type":"ListItem","position":2,"name":"Shop","item":"https:\/\/www.miamedicalitalia.it\/negozio\/"},{"@type":"ListItem","position":3,"name":"Affitto e noleggio","item":"https:\/\/www.miamedicalitalia.it\/categoria\/affitto-e-noleggio-ausili\/"},{"@type":"ListItem","position":4,"name":"Montascale","item":"https:\/\/www.miamedicalitalia.it\/categoria\/affitto-e-noleggio-ausili\/affitto-noleggio-montascale\/"},{"@type":"ListItem","position":5,"name":"Noleggio Sedia Motorizzata Easystep"}]},{"@type":"WebSite","@id":"https:\/\/www.miamedicalitalia.it\/#website","url":"https:\/\/www.miamedicalitalia.it\/","name":"www.miamedicalitalia.it","description":"Alquiler y venta de material sanitario","publisher":{"@id":"https:\/\/www.miamedicalitalia.it\/#organization"},"potentialAction":[{"@type":"SearchAction","target":{"@type":"EntryPoint","urlTemplate":"https:\/\/www.miamedicalitalia.it\/?s={search_term_string}"},"query-input":{"@type":"PropertyValueSpecification","valueRequired":true,"valueName":"search_term_string"}}],"inLanguage":"es"},{"@type":"Organization","@id":"https:\/\/www.miamedicalitalia.it\/#organization","name":"OLG","url":"https:\/\/www.miamedicalitalia.it\/","logo":{"@type":"ImageObject","inLanguage":"es","@id":"https:\/\/www.miamedicalitalia.it\/#\/schema\/logo\/image\/","url":"https:\/\/www.miamedicalitalia.it\/wp-content\/uploads\/2023\/04\/mia-medical-logo-free.png","contentUrl":"https:\/\/www.miamedicalitalia.it\/wp-content\/uploads\/2023\/04\/mia-medical-logo-free.png","width":700,"height":700,"caption":"OLG"},"image":{"@id":"https:\/\/www.miamedicalitalia.it\/#\/schema\/logo\/image\/"},"sameAs":["https:\/\/www.facebook.com\/miamedicalitalia"]}]}},"wcpa_form_fields":{"wcpaData":{"product":{"product_price":105,"price_html":"<span class=\"woocommerce-Price-amount amount\" aria-hidden=\"true\"><bdi><span class=\"woocommerce-Price-currencySymbol\">&euro;<\/span>105.00<\/bdi><\/span> <span aria-hidden=\"true\">-<\/span> <span class=\"woocommerce-Price-amount amount\" aria-hidden=\"true\"><bdi><span class=\"woocommerce-Price-currencySymbol\">&euro;<\/span>540.00<\/bdi><\/span><span class=\"screen-reader-text\">Rango de precios: desde &euro;105.00 hasta &euro;540.00<\/span>","original_product_price":105,"price_including_tax":105,"price_excluding_tax":105,"product_id":{"parent":8999,"variation":false},"is_variable":true,"stock_status":"instock","stock_quantity":null,"parent_sku":"","product_attributes":{"quanto-costa":{"is_variation":true,"values":[]}},"custom_fields":[],"is_taxable":false,"product_name":"Noleggio Sedia Motorizzata Easystep","hasImage":false},"fields":{"sec_565f165582eb8c":{"extra":{"key":"sec_565f165582eb8c","section_id":"sec_565f165582eb8c","name":"Predefinito","status":1,"toggle":true,"form_id":12050,"form_rules":{"exclude_from_discount":false,"fee_label":"Tasa","disp_hide_options_price":false,"disp_show_section_price":false,"disp_show_field_price":true,"layout_option":"standard","pric_use_as_fee":false,"process_fee_as":"woo_fee"},"layout_option":"standard"},"fields":[[{"active":true,"col":6,"relations":false,"cl_rule":"show","enableCl":false,"price":"","enablePrice":false,"className":"input-text","type":"date","required":true,"elementId":"date_3189538061","name":"date_3189538061","label":"A partire dal giorno:","picker_type":"custom","picker_mode":"single","error":false,"description":"Inserisci la data di inizio del noleggio","gt_translate_keys":["label","description"],"price_dependency":false,"cl_dependency":false,"value":""}]]}},"config":{"price_override":"","enable_recaptcha":false,"bind_quantity":false,"quantity_bind_formula":false,"disp_summ_show_option_price":true,"disp_summ_show_product_price":true,"disp_summ_show_total_price":true,"disp_summ_show_fee":false,"disp_summ_show_discount":false,"summary_title":"","options_total_label":"Opciones Precio","total_label":"Total","options_product_label":"Precio del producto","fee_label":"Tasa","discount_label":"Descuento","has_price":true,"has_quantity_formula":false},"mc_unit":1,"tax_rate":1,"tax_rate_real":1,"discount":{"percentage":0,"fixed":0},"design":{"conf":{"LabelPosition":"above","DescPosition":"below","UploadField":"custom_1","QuantityFieldStyle":"default"},"css":{"LeftLabelWidth":"50px"}},"formulas":[],"lookuptables":[],"clones":false,"cartKey":false}},"_links":{"self":[{"href":"https:\/\/www.miamedicalitalia.it\/es\/wp-json\/wp\/v2\/product\/8999","targetHints":{"allow":["GET"]}}],"collection":[{"href":"https:\/\/www.miamedicalitalia.it\/es\/wp-json\/wp\/v2\/product"}],"about":[{"href":"https:\/\/www.miamedicalitalia.it\/es\/wp-json\/wp\/v2\/types\/product"}],"wp:featuredmedia":[{"embeddable":true,"href":"https:\/\/www.miamedicalitalia.it\/es\/wp-json\/wp\/v2\/media\/15338"}],"wp:attachment":[{"href":"https:\/\/www.miamedicalitalia.it\/es\/wp-json\/wp\/v2\/media?parent=8999"}],"wp:term":[{"taxonomy":"home-category","embeddable":true,"href":"https:\/\/www.miamedicalitalia.it\/es\/wp-json\/wp\/v2\/home-category?post=8999"},{"taxonomy":"product_brand","embeddable":true,"href":"https:\/\/www.miamedicalitalia.it\/es\/wp-json\/wp\/v2\/product_brand?post=8999"},{"taxonomy":"product_cat","embeddable":true,"href":"https:\/\/www.miamedicalitalia.it\/es\/wp-json\/wp\/v2\/product_cat?post=8999"},{"taxonomy":"product_tag","embeddable":true,"href":"https:\/\/www.miamedicalitalia.it\/es\/wp-json\/wp\/v2\/product_tag?post=8999"},{"taxonomy":"woo-feed-brand","embeddable":true,"href":"https:\/\/www.miamedicalitalia.it\/es\/wp-json\/wp\/v2\/woo-feed-brand?post=8999"}],"curies":[{"name":"wp","href":"https:\/\/api.w.org\/{rel}","templated":true}]}}