{"id":8947,"date":"2022-12-21T17:14:57","date_gmt":"2022-12-21T16:14:57","guid":{"rendered":"https:\/\/www.miamedicalitalia.it\/?post_type=product&#038;p=8947"},"modified":"2026-02-12T10:59:29","modified_gmt":"2026-02-12T08:59:29","slug":"affitto-carrozzina-per-disabili-di-piccole-dimensioni-autospinta-slim","status":"publish","type":"product","link":"https:\/\/www.miamedicalitalia.it\/es\/producto\/affitto-carrozzina-per-disabili-di-piccole-dimensioni-autospinta-slim\/","title":{"rendered":"Alquiler de una peque\u00f1a silla de ruedas autopropulsada - SLIM"},"content":{"rendered":"<p>L'<strong>alquiler de una peque\u00f1a silla de ruedas autopropulsada para discapacitados<\/strong> \u00e8 la soluzione ideale per chi ha necessit\u00e0 di muoversi in ambienti con <strong>espacios reducidos<\/strong>, como ba\u00f1os estrechos, pasillos o ascensores peque\u00f1os. La silla de ruedas <strong>SLIM<\/strong> nasce proprio per rispondere a queste esigenze, garantendo comfort, sicurezza e praticit\u00e0.<\/p>\n\n\n\n<p>Gracias a sus dimensiones compactas, la silla de ruedas SLIM es una opci\u00f3n excelente para <strong>anziani, disabili e persone con difficolt\u00e0 motorie temporanee o permanenti<\/strong>, que necesitan una silla de ruedas maniobrable pero duradera.<\/p>\n\n\n\n<h3 class=\"wp-block-heading\">Silla de ruedas SLIM: ideal para pasillos estrechos y habitaciones peque\u00f1as<\/h3>\n\n\n\n<p>La carrozzina SLIM \u00e8 progettata appositamente per facilitare il passaggio in <strong>espacios estrechos<\/strong>como:<\/p>\n\n\n\n<ul class=\"wp-block-list\">\n<li>ba\u00f1os de viviendas particulares<\/li>\n\n\n\n<li>pasillos estrechos<\/li>\n\n\n\n<li>ascensores en edificios de viviendas o centros sanitarios<\/li>\n<\/ul>\n\n\n\n<p>Questo modello rientra tra le carrozzine pi\u00f9 richieste per l\u2019<strong>alquiler de una peque\u00f1a silla de ruedas autopropulsada para discapacitados<\/strong>, gracias a su estructura compacta y funcional.<\/p>\n\n\n\n<h3 class=\"wp-block-heading\">A chi \u00e8 consigliata la carrozzina per disabili di piccole dimensioni<\/h3>\n\n\n\n<p>Questa sedia a rotelle \u00e8 indicata per:<\/p>\n\n\n\n<ul class=\"wp-block-list\">\n<li>persone anziane con difficolt\u00e0 di deambulazione<\/li>\n\n\n\n<li>pacientes en recuperaci\u00f3n postoperatoria<\/li>\n\n\n\n<li>persone con disabilit\u00e0 motorie<\/li>\n\n\n\n<li>usuarios con lesiones temporales<\/li>\n<\/ul>\n\n\n\n<p>\u00c8 disponibile <strong>tanto en las autopropulsadas como en las <a href=\"https:\/\/www.miamedicalitalia.it\/es\/producto\/noleggio-sedia-a-rotelle-stretta-carrozzina-slim-di-transito\/\">tr\u00e1nsito<\/a><\/strong>, cos\u00ec da adattarsi alle diverse esigenze del paziente e dell\u2019accompagnatore.<\/p>\n\n\n\n<h3 class=\"wp-block-heading\">Caracter\u00edsticas t\u00e9cnicas de la silla de ruedas autopropulsable SLIM<\/h3>\n\n\n\n<p>La silla de ruedas SLIM suministrada para alquiler tiene muchas caracter\u00edsticas que la hacen pr\u00e1ctica y segura:<\/p>\n\n\n\n<ul class=\"wp-block-list\">\n<li>estructura <strong>plegable<\/strong>, F\u00e1cil de transportar<\/li>\n\n\n\n<li><strong>reposabrazos extra\u00edbles<\/strong>, desmontable en segundos<\/li>\n\n\n\n<li><strong>reposapi\u00e9s extra\u00edbles<\/strong><\/li>\n\n\n\n<li><strong>frenos de estacionamiento<\/strong> en ambas ruedas<\/li>\n\n\n\n<li>chasis ligero pero resistente<\/li>\n<\/ul>\n\n\n\n<p>En el momento de la entrega, uno de nuestros <strong>t\u00e9cnico especialista<\/strong> mostrer\u00e0 come:<\/p>\n\n\n\n<ul class=\"wp-block-list\">\n<li>cerrar y volver a abrir la silla de ruedas correctamente<\/li>\n\n\n\n<li>montaje y desmontaje de reposabrazos y reposapi\u00e9s<\/li>\n\n\n\n<li>utilizar los frenos con seguridad<\/li>\n<\/ul>\n\n\n\n<h3 class=\"wp-block-heading\">Dimensiones de la silla de ruedas peque\u00f1a<\/h3>\n\n\n\n<p>Las dimensiones del asiento de la silla de ruedas SLIM son:<\/p>\n\n\n\n<ul class=\"wp-block-list\">\n<li><strong>40 cm<\/strong><\/li>\n\n\n\n<li><strong>43 cm<\/strong><\/li>\n<\/ul>\n\n\n\n<p>Esto hace que la silla de ruedas <strong>extremadamente estrecho<\/strong>, perfecto para los que tienen problemas de espacio, pero <strong>no apto para personas de m\u00e1s de 80 kg<\/strong>.<\/p>\n\n\n\n<h3 class=\"wp-block-heading\">Saneamiento y seguridad<\/h3>\n\n\n\n<p>Cada peque\u00f1a silla de ruedas para discapacitados de alquiler viene:<\/p>\n\n\n\n<ul class=\"wp-block-list\">\n<li>cuidadosamente <strong>aseado<\/strong><\/li>\n\n\n\n<li>completamente <strong>desinfectada en todas sus partes<\/strong><\/li>\n<\/ul>\n\n\n\n<p>La higiene y la seguridad son para nosotros un <strong>m\u00e1xima prioridad<\/strong>, especialmente cuando se trata de productos sanitarios.<\/p>\n\n\n\n<h3 class=\"wp-block-heading\">Reserve ahora el alquiler de su silla de ruedas SLIM<\/h3>\n\n\n\n<p>Reservar en l\u00ednea <strong>inmediatamente<\/strong> el\u2019<strong>alquilar una silla de ruedas peque\u00f1a autopropulsada SLIM<\/strong>.<br>Tambi\u00e9n puede ponerse en contacto con nosotros:<\/p>\n\n\n\n<ul class=\"wp-block-list\">\n<li>\ud83d\udcde <strong>Tel\u00e9fono \/ WhatsApp:<\/strong> +39 392 650 9237<\/li>\n\n\n\n<li>\u2709 <strong>Correo electr\u00f3nico:<\/strong> <a>amministrazione@miamedicalitalia.it<\/a><\/li>\n<\/ul>\n\n\n\n<p>Il nostro staff \u00e8 a disposizione per aiutarti a scegliere la soluzione pi\u00f9 adatta alle tue esigenze.Il noleggio della carrozzina per disabili di piccole dimensioni ad autospinta \u00e8 essenziale per chi ha problematiche di spazio.<\/p>\n\n\n\n<p>Descubra nuestras p\u00e1ginas <a href=\"http:\/\/facebook.com\/MIAMedicalitalia\/\">Facebook&nbsp;<\/a><\/p>","protected":false},"excerpt":{"rendered":"<div style=\"font-family: Arial, sans-serif; background-color: #234091; padding: 30px; border-radius: 25px; max-width: 600px; color: #ffffff; position: relative; border-top: 6px solid #2498fe;\">\n<h3 style=\"color: #ffffff; margin-top: 0;\">Alquiler de sillas de ruedas peque\u00f1as<\/h3>\n<p>Adecuado para quienes disponen de poco espacio.<\/p>\n<p><strong>La recogida y devoluci\u00f3n de las sillas de ruedas en el almac\u00e9n es gratuita.<\/strong><\/p>\n<p>Alquiler por 1 d\u00eda: 15\u20ac con recogida in situ \u00fanicamente.<\/p>\n<p>Entrega y recogida a domicilio en Roma y Florencia a partir de 30\u20ac.<\/p>\n<p><strong>Reserve en l\u00ednea o p\u00f3ngase en contacto con nosotros por WhatsApp.<\/strong><\/p>\n<\/div>","protected":false},"featured_media":12228,"template":"","meta":{"_acf_changed":false},"home-category":[],"product_brand":[],"product_cat":[68],"product_tag":[240,239,241,38],"woo-feed-brand":[],"class_list":{"0":"post-8947","1":"product","2":"type-product","3":"status-publish","4":"has-post-thumbnail","6":"product_cat-affitto-e-noleggio-carrozzina","7":"product_tag-carrozzina-firenze","8":"product_tag-carrozzina-roma","9":"product_tag-carrozzina-slim","10":"product_tag-pieghevole","11":"wcpa_has_options","13":"first","14":"instock","15":"shipping-taxable","16":"purchasable","17":"product-type-variable"},"acf":[],"yoast_head":"<!-- This site is optimized with the Yoast SEO Premium plugin v27.5 (Yoast SEO v27.5) - https:\/\/yoast.com\/product\/yoast-seo-premium-wordpress\/ -->\n<title>Affitto carrozzina per disabili di piccole dimensioni-autospinta-SLIM<\/title>\n<meta name=\"description\" content=\"Affitto carrozzina per disabili di piccole dimensioni autospinta - SLIM. Disponibilit\u00e0 immediata. Consegna a domicilio! Chiamaci al +393926509237\" \/>\n<meta name=\"robots\" content=\"index, follow, max-snippet:-1, max-image-preview:large, max-video-preview:-1\" \/>\n<link rel=\"canonical\" href=\"https:\/\/www.miamedicalitalia.it\/es\/producto\/affitto-carrozzina-per-disabili-di-piccole-dimensioni-autospinta-slim\/\" \/>\n<meta property=\"og:locale\" content=\"es_ES\" \/>\n<meta property=\"og:type\" content=\"article\" \/>\n<meta property=\"og:title\" content=\"Affitto carrozzina per disabili di piccole dimensioni-autospinta-SLIM\" \/>\n<meta property=\"og:description\" content=\"Affitto carrozzina per disabili di piccole dimensioni autospinta - SLIM. Disponibilit\u00e0 immediata. Consegna a domicilio! Chiamaci al +393926509237\" \/>\n<meta property=\"og:url\" content=\"https:\/\/www.miamedicalitalia.it\/es\/producto\/affitto-carrozzina-per-disabili-di-piccole-dimensioni-autospinta-slim\/\" \/>\n<meta property=\"og:site_name\" content=\"Mia Medical\" \/>\n<meta property=\"article:publisher\" content=\"https:\/\/www.facebook.com\/miamedicalitalia\" \/>\n<meta property=\"article:modified_time\" content=\"2026-02-12T08:59:29+00:00\" \/>\n<meta property=\"og:image\" content=\"https:\/\/www.miamedicalitalia.it\/wp-content\/uploads\/2022\/12\/carrozzina-slim-MIA-MEDICAL-ITALIA-150x150-1.jpg\" \/>\n\t<meta property=\"og:image:width\" content=\"1000\" \/>\n\t<meta property=\"og:image:height\" content=\"1000\" \/>\n\t<meta property=\"og:image:type\" content=\"image\/jpeg\" \/>\n<meta name=\"twitter:card\" content=\"summary_large_image\" \/>\n<meta name=\"twitter:label1\" content=\"Tiempo de lectura\" \/>\n\t<meta name=\"twitter:data1\" content=\"1 minuto\" \/>\n<script type=\"application\/ld+json\" class=\"yoast-schema-graph\">{\"@context\":\"https:\\\/\\\/schema.org\",\"@graph\":[{\"@type\":\"WebPage\",\"@id\":\"https:\\\/\\\/www.miamedicalitalia.it\\\/prodotto\\\/affitto-carrozzina-per-disabili-di-piccole-dimensioni-autospinta-slim\\\/\",\"url\":\"https:\\\/\\\/www.miamedicalitalia.it\\\/prodotto\\\/affitto-carrozzina-per-disabili-di-piccole-dimensioni-autospinta-slim\\\/\",\"name\":\"Affitto carrozzina per disabili di piccole dimensioni-autospinta-SLIM\",\"isPartOf\":{\"@id\":\"https:\\\/\\\/www.miamedicalitalia.it\\\/#website\"},\"primaryImageOfPage\":{\"@id\":\"https:\\\/\\\/www.miamedicalitalia.it\\\/prodotto\\\/affitto-carrozzina-per-disabili-di-piccole-dimensioni-autospinta-slim\\\/#primaryimage\"},\"image\":{\"@id\":\"https:\\\/\\\/www.miamedicalitalia.it\\\/prodotto\\\/affitto-carrozzina-per-disabili-di-piccole-dimensioni-autospinta-slim\\\/#primaryimage\"},\"thumbnailUrl\":\"https:\\\/\\\/www.miamedicalitalia.it\\\/wp-content\\\/uploads\\\/2022\\\/12\\\/carrozzina-slim-MIA-MEDICAL-ITALIA-150x150-1.jpg\",\"datePublished\":\"2022-12-21T16:14:57+00:00\",\"dateModified\":\"2026-02-12T08:59:29+00:00\",\"description\":\"Affitto carrozzina per disabili di piccole dimensioni autospinta - SLIM. Disponibilit\u00e0 immediata. Consegna a domicilio! Chiamaci al +393926509237\",\"breadcrumb\":{\"@id\":\"https:\\\/\\\/www.miamedicalitalia.it\\\/prodotto\\\/affitto-carrozzina-per-disabili-di-piccole-dimensioni-autospinta-slim\\\/#breadcrumb\"},\"inLanguage\":\"es\",\"potentialAction\":[{\"@type\":\"ReadAction\",\"target\":[\"https:\\\/\\\/www.miamedicalitalia.it\\\/prodotto\\\/affitto-carrozzina-per-disabili-di-piccole-dimensioni-autospinta-slim\\\/\"]}]},{\"@type\":\"ImageObject\",\"inLanguage\":\"es\",\"@id\":\"https:\\\/\\\/www.miamedicalitalia.it\\\/prodotto\\\/affitto-carrozzina-per-disabili-di-piccole-dimensioni-autospinta-slim\\\/#primaryimage\",\"url\":\"https:\\\/\\\/www.miamedicalitalia.it\\\/wp-content\\\/uploads\\\/2022\\\/12\\\/carrozzina-slim-MIA-MEDICAL-ITALIA-150x150-1.jpg\",\"contentUrl\":\"https:\\\/\\\/www.miamedicalitalia.it\\\/wp-content\\\/uploads\\\/2022\\\/12\\\/carrozzina-slim-MIA-MEDICAL-ITALIA-150x150-1.jpg\",\"width\":1000,\"height\":1000,\"caption\":\"Carrozzina SLIM ad autospinta per passaggi stretti\"},{\"@type\":\"BreadcrumbList\",\"@id\":\"https:\\\/\\\/www.miamedicalitalia.it\\\/prodotto\\\/affitto-carrozzina-per-disabili-di-piccole-dimensioni-autospinta-slim\\\/#breadcrumb\",\"itemListElement\":[{\"@type\":\"ListItem\",\"position\":1,\"name\":\"Home\",\"item\":\"https:\\\/\\\/www.miamedicalitalia.it\\\/\"},{\"@type\":\"ListItem\",\"position\":2,\"name\":\"Shop\",\"item\":\"https:\\\/\\\/www.miamedicalitalia.it\\\/negozio\\\/\"},{\"@type\":\"ListItem\",\"position\":3,\"name\":\"Affitto e noleggio\",\"item\":\"https:\\\/\\\/www.miamedicalitalia.it\\\/categoria\\\/affitto-e-noleggio-ausili\\\/\"},{\"@type\":\"ListItem\",\"position\":4,\"name\":\"Carrozzine\",\"item\":\"https:\\\/\\\/www.miamedicalitalia.it\\\/categoria\\\/affitto-e-noleggio-ausili\\\/affitto-e-noleggio-carrozzina\\\/\"},{\"@type\":\"ListItem\",\"position\":5,\"name\":\"Affitto carrozzina di piccole dimensioni ad autospinta &#8211; SLIM\"}]},{\"@type\":\"WebSite\",\"@id\":\"https:\\\/\\\/www.miamedicalitalia.it\\\/#website\",\"url\":\"https:\\\/\\\/www.miamedicalitalia.it\\\/\",\"name\":\"www.miamedicalitalia.it\",\"description\":\"Noleggio e Vendita Attrezzatura Sanitarie\",\"publisher\":{\"@id\":\"https:\\\/\\\/www.miamedicalitalia.it\\\/#organization\"},\"potentialAction\":[{\"@type\":\"SearchAction\",\"target\":{\"@type\":\"EntryPoint\",\"urlTemplate\":\"https:\\\/\\\/www.miamedicalitalia.it\\\/?s={search_term_string}\"},\"query-input\":{\"@type\":\"PropertyValueSpecification\",\"valueRequired\":true,\"valueName\":\"search_term_string\"}}],\"inLanguage\":\"es\"},{\"@type\":\"Organization\",\"@id\":\"https:\\\/\\\/www.miamedicalitalia.it\\\/#organization\",\"name\":\"OLG\",\"url\":\"https:\\\/\\\/www.miamedicalitalia.it\\\/\",\"logo\":{\"@type\":\"ImageObject\",\"inLanguage\":\"es\",\"@id\":\"https:\\\/\\\/www.miamedicalitalia.it\\\/#\\\/schema\\\/logo\\\/image\\\/\",\"url\":\"https:\\\/\\\/www.miamedicalitalia.it\\\/wp-content\\\/uploads\\\/2023\\\/04\\\/mia-medical-logo-free.png\",\"contentUrl\":\"https:\\\/\\\/www.miamedicalitalia.it\\\/wp-content\\\/uploads\\\/2023\\\/04\\\/mia-medical-logo-free.png\",\"width\":700,\"height\":700,\"caption\":\"OLG\"},\"image\":{\"@id\":\"https:\\\/\\\/www.miamedicalitalia.it\\\/#\\\/schema\\\/logo\\\/image\\\/\"},\"sameAs\":[\"https:\\\/\\\/www.facebook.com\\\/miamedicalitalia\"]}]}<\/script>\n<!-- \/ Yoast SEO Premium plugin. -->","yoast_head_json":{"title":"Alquiler de una silla de ruedas peque\u00f1a para discapacitados - autopropulsada-SLIM","description":"Silla de ruedas peque\u00f1a autopropulsable para discapacitados - SLIM. Disponibilidad inmediata. \u00a1Entrega a domicilio! Ll\u00e1menos a +393926509237","robots":{"index":"index","follow":"follow","max-snippet":"max-snippet:-1","max-image-preview":"max-image-preview:large","max-video-preview":"max-video-preview:-1"},"canonical":"https:\/\/www.miamedicalitalia.it\/es\/producto\/affitto-carrozzina-per-disabili-di-piccole-dimensioni-autospinta-slim\/","og_locale":"es_ES","og_type":"article","og_title":"Affitto carrozzina per disabili di piccole dimensioni-autospinta-SLIM","og_description":"Affitto carrozzina per disabili di piccole dimensioni autospinta - SLIM. Disponibilit\u00e0 immediata. Consegna a domicilio! Chiamaci al +393926509237","og_url":"https:\/\/www.miamedicalitalia.it\/es\/producto\/affitto-carrozzina-per-disabili-di-piccole-dimensioni-autospinta-slim\/","og_site_name":"Mia Medical","article_publisher":"https:\/\/www.facebook.com\/miamedicalitalia","article_modified_time":"2026-02-12T08:59:29+00:00","og_image":[{"width":1000,"height":1000,"url":"https:\/\/www.miamedicalitalia.it\/wp-content\/uploads\/2022\/12\/carrozzina-slim-MIA-MEDICAL-ITALIA-150x150-1.jpg","type":"image\/jpeg"}],"twitter_card":"summary_large_image","twitter_misc":{"Tiempo de lectura":"1 minuto"},"schema":{"@context":"https:\/\/schema.org","@graph":[{"@type":"WebPage","@id":"https:\/\/www.miamedicalitalia.it\/prodotto\/affitto-carrozzina-per-disabili-di-piccole-dimensioni-autospinta-slim\/","url":"https:\/\/www.miamedicalitalia.it\/prodotto\/affitto-carrozzina-per-disabili-di-piccole-dimensioni-autospinta-slim\/","name":"Alquiler de una silla de ruedas peque\u00f1a para discapacitados - autopropulsada-SLIM","isPartOf":{"@id":"https:\/\/www.miamedicalitalia.it\/#website"},"primaryImageOfPage":{"@id":"https:\/\/www.miamedicalitalia.it\/prodotto\/affitto-carrozzina-per-disabili-di-piccole-dimensioni-autospinta-slim\/#primaryimage"},"image":{"@id":"https:\/\/www.miamedicalitalia.it\/prodotto\/affitto-carrozzina-per-disabili-di-piccole-dimensioni-autospinta-slim\/#primaryimage"},"thumbnailUrl":"https:\/\/www.miamedicalitalia.it\/wp-content\/uploads\/2022\/12\/carrozzina-slim-MIA-MEDICAL-ITALIA-150x150-1.jpg","datePublished":"2022-12-21T16:14:57+00:00","dateModified":"2026-02-12T08:59:29+00:00","description":"Silla de ruedas peque\u00f1a autopropulsable para discapacitados - SLIM. Disponibilidad inmediata. \u00a1Entrega a domicilio! Ll\u00e1menos a +393926509237","breadcrumb":{"@id":"https:\/\/www.miamedicalitalia.it\/prodotto\/affitto-carrozzina-per-disabili-di-piccole-dimensioni-autospinta-slim\/#breadcrumb"},"inLanguage":"es","potentialAction":[{"@type":"ReadAction","target":["https:\/\/www.miamedicalitalia.it\/prodotto\/affitto-carrozzina-per-disabili-di-piccole-dimensioni-autospinta-slim\/"]}]},{"@type":"ImageObject","inLanguage":"es","@id":"https:\/\/www.miamedicalitalia.it\/prodotto\/affitto-carrozzina-per-disabili-di-piccole-dimensioni-autospinta-slim\/#primaryimage","url":"https:\/\/www.miamedicalitalia.it\/wp-content\/uploads\/2022\/12\/carrozzina-slim-MIA-MEDICAL-ITALIA-150x150-1.jpg","contentUrl":"https:\/\/www.miamedicalitalia.it\/wp-content\/uploads\/2022\/12\/carrozzina-slim-MIA-MEDICAL-ITALIA-150x150-1.jpg","width":1000,"height":1000,"caption":"Carrozzina SLIM ad autospinta per passaggi stretti"},{"@type":"BreadcrumbList","@id":"https:\/\/www.miamedicalitalia.it\/prodotto\/affitto-carrozzina-per-disabili-di-piccole-dimensioni-autospinta-slim\/#breadcrumb","itemListElement":[{"@type":"ListItem","position":1,"name":"Home","item":"https:\/\/www.miamedicalitalia.it\/"},{"@type":"ListItem","position":2,"name":"Shop","item":"https:\/\/www.miamedicalitalia.it\/negozio\/"},{"@type":"ListItem","position":3,"name":"Affitto e noleggio","item":"https:\/\/www.miamedicalitalia.it\/categoria\/affitto-e-noleggio-ausili\/"},{"@type":"ListItem","position":4,"name":"Carrozzine","item":"https:\/\/www.miamedicalitalia.it\/categoria\/affitto-e-noleggio-ausili\/affitto-e-noleggio-carrozzina\/"},{"@type":"ListItem","position":5,"name":"Affitto carrozzina di piccole dimensioni ad autospinta &#8211; SLIM"}]},{"@type":"WebSite","@id":"https:\/\/www.miamedicalitalia.it\/#website","url":"https:\/\/www.miamedicalitalia.it\/","name":"www.miamedicalitalia.it","description":"Alquiler y venta de material sanitario","publisher":{"@id":"https:\/\/www.miamedicalitalia.it\/#organization"},"potentialAction":[{"@type":"SearchAction","target":{"@type":"EntryPoint","urlTemplate":"https:\/\/www.miamedicalitalia.it\/?s={search_term_string}"},"query-input":{"@type":"PropertyValueSpecification","valueRequired":true,"valueName":"search_term_string"}}],"inLanguage":"es"},{"@type":"Organization","@id":"https:\/\/www.miamedicalitalia.it\/#organization","name":"OLG","url":"https:\/\/www.miamedicalitalia.it\/","logo":{"@type":"ImageObject","inLanguage":"es","@id":"https:\/\/www.miamedicalitalia.it\/#\/schema\/logo\/image\/","url":"https:\/\/www.miamedicalitalia.it\/wp-content\/uploads\/2023\/04\/mia-medical-logo-free.png","contentUrl":"https:\/\/www.miamedicalitalia.it\/wp-content\/uploads\/2023\/04\/mia-medical-logo-free.png","width":700,"height":700,"caption":"OLG"},"image":{"@id":"https:\/\/www.miamedicalitalia.it\/#\/schema\/logo\/image\/"},"sameAs":["https:\/\/www.facebook.com\/miamedicalitalia"]}]}},"wcpa_form_fields":{"wcpaData":{"product":{"product_price":25,"price_html":"<span class=\"woocommerce-Price-amount amount\" aria-hidden=\"true\"><bdi><span class=\"woocommerce-Price-currencySymbol\">&euro;<\/span>25.00<\/bdi><\/span> <span aria-hidden=\"true\">-<\/span> <span class=\"woocommerce-Price-amount amount\" aria-hidden=\"true\"><bdi><span class=\"woocommerce-Price-currencySymbol\">&euro;<\/span>80.00<\/bdi><\/span><span class=\"screen-reader-text\">Rango de precios: desde &euro;25.00 hasta &euro;80.00<\/span>","original_product_price":25,"price_including_tax":25,"price_excluding_tax":25,"product_id":{"parent":8947,"variation":false},"is_variable":true,"stock_status":"instock","stock_quantity":null,"parent_sku":"","product_attributes":{"quanto-costa":{"is_variation":true,"values":[]}},"custom_fields":[],"is_taxable":false,"product_name":"Affitto carrozzina di piccole dimensioni ad autospinta - SLIM","hasImage":false},"fields":{"sec_565f165582eb8c":{"extra":{"key":"sec_565f165582eb8c","section_id":"sec_565f165582eb8c","name":"Predefinito","status":1,"toggle":true,"form_id":12050,"form_rules":{"exclude_from_discount":false,"fee_label":"Frais","disp_hide_options_price":false,"disp_show_section_price":false,"disp_show_field_price":true,"layout_option":"standard","pric_use_as_fee":false,"process_fee_as":"woo_fee"},"layout_option":"standard"},"fields":[[{"active":true,"col":6,"relations":false,"cl_rule":"show","enableCl":false,"price":"","enablePrice":false,"className":"input-text","type":"date","required":true,"elementId":"date_3189538061","name":"date_3189538061","label":"A partire dal giorno:","picker_type":"custom","picker_mode":"single","error":false,"description":"Inserisci la data di inizio del noleggio","gt_translate_keys":["label","description"],"price_dependency":false,"cl_dependency":false,"value":""}]]}},"config":{"price_override":"","enable_recaptcha":false,"bind_quantity":false,"quantity_bind_formula":false,"disp_summ_show_option_price":true,"disp_summ_show_product_price":true,"disp_summ_show_total_price":true,"disp_summ_show_fee":false,"disp_summ_show_discount":false,"summary_title":"","options_total_label":"Prix des options","total_label":"Total","options_product_label":"Prix du produit","fee_label":"Frais","discount_label":"Remise","has_price":true,"has_quantity_formula":false},"mc_unit":1,"tax_rate":1,"tax_rate_real":1,"discount":{"percentage":0,"fixed":0},"design":{"conf":{"LabelPosition":"above","DescPosition":"below","UploadField":"custom_1","QuantityFieldStyle":"default"},"css":{"LeftLabelWidth":"50px"}},"formulas":[],"lookuptables":[],"clones":false,"cartKey":false}},"_links":{"self":[{"href":"https:\/\/www.miamedicalitalia.it\/es\/wp-json\/wp\/v2\/product\/8947","targetHints":{"allow":["GET"]}}],"collection":[{"href":"https:\/\/www.miamedicalitalia.it\/es\/wp-json\/wp\/v2\/product"}],"about":[{"href":"https:\/\/www.miamedicalitalia.it\/es\/wp-json\/wp\/v2\/types\/product"}],"wp:featuredmedia":[{"embeddable":true,"href":"https:\/\/www.miamedicalitalia.it\/es\/wp-json\/wp\/v2\/media\/12228"}],"wp:attachment":[{"href":"https:\/\/www.miamedicalitalia.it\/es\/wp-json\/wp\/v2\/media?parent=8947"}],"wp:term":[{"taxonomy":"home-category","embeddable":true,"href":"https:\/\/www.miamedicalitalia.it\/es\/wp-json\/wp\/v2\/home-category?post=8947"},{"taxonomy":"product_brand","embeddable":true,"href":"https:\/\/www.miamedicalitalia.it\/es\/wp-json\/wp\/v2\/product_brand?post=8947"},{"taxonomy":"product_cat","embeddable":true,"href":"https:\/\/www.miamedicalitalia.it\/es\/wp-json\/wp\/v2\/product_cat?post=8947"},{"taxonomy":"product_tag","embeddable":true,"href":"https:\/\/www.miamedicalitalia.it\/es\/wp-json\/wp\/v2\/product_tag?post=8947"},{"taxonomy":"woo-feed-brand","embeddable":true,"href":"https:\/\/www.miamedicalitalia.it\/es\/wp-json\/wp\/v2\/woo-feed-brand?post=8947"}],"curies":[{"name":"wp","href":"https:\/\/api.w.org\/{rel}","templated":true}]}}