{"id":8946,"date":"2022-12-21T17:14:57","date_gmt":"2022-12-21T16:14:57","guid":{"rendered":"https:\/\/www.miamedicalitalia.it\/?post_type=product&#038;p=8946"},"modified":"2026-01-05T11:38:13","modified_gmt":"2026-01-05T09:38:13","slug":"letto-ortopedico-con-materasso-antidecubito-roma-firenze-300kg","status":"publish","type":"product","link":"https:\/\/www.miamedicalitalia.it\/es\/producto\/letto-ortopedico-con-materasso-antidecubito-roma-firenze-300kg\/","title":{"rendered":"Alquiler de cama hospitalaria bari\u00e1trica el\u00e9ctrica de 120 cm de ancho y 300 kg de capacidad con colch\u00f3n antiescaras."},"content":{"rendered":"<p>La l<strong>hospital bari\u00e1trico el\u00e9ctrico hectografo ortop\u00e9dico<\/strong> es un <strong>dispositivo m\u00e9dico <\/strong>dise\u00f1ado para garantizar<br><strong>seguridad<\/strong>, <strong>confort <\/strong>e <strong>soporte<\/strong> ottimale ad anziani, persone con obesit\u00e0 grave, mobilit\u00e0 ridotta o che devono trascorrere un periodo di <strong>convalecencia en casa<\/strong>. Mia Medical ofrece un servicio de alquiler en Roma y Florencia de una amplia gama de camas ortop\u00e9dicas el\u00e9ctricas hospitalarias.<\/p>\n\n\n\n<p>Este modelo, gracias a su <strong>estructura reforzada<\/strong> con un <strong>capacidad de carga m\u00e1xima de 300 kg<\/strong>, barandillas laterales, tri\u00e1ngulo \"elevador\", y un <strong>anchura adicional de 120 cm<\/strong>Esta cama es ideal para garantizar <strong>m\u00e1xima estabilidad y comodidad<\/strong> tambi\u00e9n para <strong>pacientes bari\u00e1tricos.<\/strong><\/p>\n\n\n\n<p>No deje pasar esta oportunidad. <strong>Incluido en el alquiler en Roma y Florencia : <a href=\"https:\/\/www.miamedicalitalia.it\/es\/producto\/vendita-materasso-antidecubito-polyplot-90cm\/\">colch\u00f3n antidec\u00fabito de alta resistencia<\/a><\/strong>dise\u00f1ado para prevenir las lesiones por presi\u00f3n y mejorar la calidad del descanso.<\/p>\n\n\n\n<p>Perfecto para el<strong>uso dom\u00e9stico y hospitalario<\/strong>, Esta cama ortop\u00e9dica para personas mayores ofrece ajustes.<br>sistema el\u00e9ctrico avanzado para un mantenimiento m\u00e1s f\u00e1cil y c\u00f3modo.<\/p>\n\n\n\n<h3 class=\"wp-block-heading\" id=\"h-a-chi-puo-essere-utile-il-noleggio-di-un-letto-elettrico-ortopedico-roma-e-firenze\">\u00bfQui\u00e9n puede alquilar una cama ortop\u00e9dica el\u00e9ctrica en Roma y Florencia? <\/h3>\n\n\n\n<p>La cama ortop\u00e9dica el\u00e9ctrica est\u00e1 recomendada para:<\/p>\n\n\n\n<ul class=\"wp-block-list\">\n<li><strong>Personas con obesidad grave<\/strong> (hasta 300 kg): La estructura extragrande ofrece mayor estabilidad y comodidad.<\/li>\n\n\n\n<li><strong>Pacientes con movilidad reducida o ancianos encamados a largo plazo<\/strong>: Ideal para quienes tienen dificultades para moverse de forma aut\u00f3noma.<\/li>\n\n\n\n<li><strong>Sujetos postoperatorios<\/strong>: Favorece una recuperaci\u00f3n segura, reduciendo el riesgo de complicaciones.<\/li>\n\n\n\n<li><strong>Personas con discapacidad motriz o trastornos neurol\u00f3gicos<\/strong>: Facilita la asistencia domiciliaria y hospitalaria.<\/li>\n\n\n\n<li><strong>Qui\u00e9n corre el riesgo de sufrir \u00falceras por presi\u00f3n<\/strong>: Gracias al colch\u00f3n antiescaras incluido, ayuda a prevenir lesiones por presi\u00f3n.<\/li>\n\n\n\n<li>Personas que necesitan un <strong>Cama c\u00f3moda, pr\u00e1ctica y segura.<\/strong> por un per\u00edodo de <strong>hospitalizaci\u00f3n<\/strong> de <strong>Inicio<\/strong><\/li>\n<\/ul>\n\n\n\n<p><strong>\u00bfBusca la mejor cama ortop\u00e9dica de hospital Bariartico? \u00a1Este modelo es la elecci\u00f3n perfecta!<\/strong> <\/p>\n\n\n\n<p>He aqu\u00ed por qu\u00e9: <\/p>\n\n\n\n<ul class=\"wp-block-list\">\n<li><strong>Capacidad m\u00e1xima de camas<\/strong>De hecho, si el paciente pesa m\u00e1s de 200 kg, es imprescindible una cama con un armaz\u00f3n reforzado y una capacidad de carga de hasta 300 kg, como este modelo.<\/li>\n\n\n\n<li><strong>Dimensiones extragrandes<\/strong>Una cama m\u00e1s ancha (120 cm en lugar de 90 cm) ofrece m\u00e1s estabilidad y comodidad.<\/li>\n\n\n\n<li><strong>Ajustes el\u00e9ctricos<\/strong>Esta cama ortop\u00e9dica el\u00e9ctrica permite ajustar la altura, el respaldo y el \u00e1ngulo de las piernas, facilitando el movimiento y mejorando la postura del paciente.<\/li>\n<\/ul>\n\n\n\n<p><strong><a href=\"https:\/\/wa.me\/393926509237\">\u00bfTiene dudas? P\u00f3ngase en contacto con nosotros para una consulta gratuita.<\/a><\/strong><\/p>\n\n\n\n<p><strong>Caracter\u00edsticas de la cama ortop\u00e9dica hospitalaria el\u00e9ctrica bari\u00e1trica <\/strong><\/p>\n\n\n\n<ul class=\"wp-block-list\">\n<li>ajuste el\u00e9ctrico completo.<\/li>\n\n\n\n<li>Superficie neta: 200 cm x 140 cm ;<\/li>\n\n\n\n<li>Longitud total: 220 cm;<\/li>\n\n\n\n<li>Anchura total: 140 cm.<\/li>\n\n\n\n<li>Peso m\u00e1ximo del paciente: 250 kg;<\/li>\n\n\n\n<li>Carga m\u00e1xima de seguridad: 300Kg.<\/li>\n\n\n\n<li>Regulaci\u00f3n de altura con mando a distancia: m\u00ednimo: 30 cm. - m\u00e1ximo: 80 cm.<\/li>\n<\/ul>\n\n\n\n<p>Gracias a estas caracter\u00edsticas, el <strong>El alquiler de la cama ortop\u00e9dica el\u00e9ctrica mejorar\u00e1 la calidad de vida del paciente y simplificar\u00e1 la labor asistencial.<\/strong><\/p>\n\n\n\n<h3 class=\"wp-block-heading\" id=\"h-perche-questo-modello-mia-medical\">\u00bfPor qu\u00e9 este modelo de Mia Medical?<\/h3>\n\n\n\n<ul class=\"wp-block-list\">\n<li><strong>Mayor seguridad y estabilidad<\/strong> para personas con obesidad<\/li>\n\n\n\n<li><strong>Facilidad de uso<\/strong> con ajustes el\u00e9ctricos avanzados<\/li>\n\n\n\n<li><strong>Confort \u00f3ptimo<\/strong> gracias a la anchura extra y al colch\u00f3n antidec\u00fabito<\/li>\n\n\n\n<li>Perfecto para <strong>uso dom\u00e9stico y hospitalario<\/strong><\/li>\n\n\n\n<li><strong>Facilidad de transporte e instalaci\u00f3n <\/strong>con ruedas bloqueables<\/li>\n<\/ul>\n\n\n\n<h2 class=\"wp-block-heading\" id=\"h-come-funziona\">\u00bfC\u00f3mo funciona?<\/h2>\n\n\n\n<p>La cama ortop\u00e9dica de hospital est\u00e1 equipada con <strong>motores el\u00e9ctricos<\/strong> que permiten<br><strong>regular<\/strong> f\u00e1cilmente:<br>\u2013 <strong>La altura de la cama<\/strong>para facilitar la entrada y salida de la cama.<br>\u2013 <strong>La inclinaci\u00f3n del respaldo<\/strong>para mejorar la postura y la comodidad del paciente.<br>\u2013 <strong>La inclinaci\u00f3n de las piernas,<\/strong>  favorecer la circulaci\u00f3n sangu\u00ednea y reducir la hinchaz\u00f3n<\/p>\n\n\n\n<p>El colch\u00f3n antidec\u00fabito incluido proporciona protecci\u00f3n contra el <a href=\"https:\/\/www.google.com\/url?sa=t&amp;source=web&amp;rct=j&amp;opi=89978449&amp;url=https:\/\/www.gavazzeni.it\/malattie\/piaghe-decubito-lesioni-pressione\/%23:~:text%3DLe%2520piaghe%2520da%2520decubito%252C%2520chiamate,una%2520superficie%2520esterna%2520di%2520appoggio.&amp;ved=2ahUKEwj666nR0qKLAxVexAIHHdlfHvkQFnoECBIQAw&amp;usg=AOvVaw2dqHCsm4gMnJfObu94QXFk\">\u00falceras por presi\u00f3n,<\/a><br>garantizar un sue\u00f1o seguro y confortable.<\/p>\n\n\n\n<p>Todas nuestras camas el\u00e9ctricas se desinfectan e higienizan antes de la entrega. El <a href=\"https:\/\/www.miamedicalitalia.it\/es\/producto\/vendita-materasso-antidecubito-polyplot-90cm\/\">colch\u00f3n suministrado<\/a> es preventivo antidec\u00fabito y tiene cobertura m\u00e9dica completa.<\/p>\n\n\n\n<p>Si es usted el cuidador de una persona dependiente y necesita que le echen una mano, nuestro <strong>enfermera<\/strong> de confianza <strong><a href=\"http:\/\/www.arnaldiandrea.com\">Andrea Arnaldi<\/a><\/strong> se especializa precisamente en el campo de la asistencia a domicilio, para que los cuidados puedan llevarse a cabo desde la comodidad del propio hogar. <strong>No dude en ponerse en contacto con \u00e9l. <\/strong><\/p>\n\n\n\n<p><a href=\"https:\/\/wa.me\/393926509237\">P\u00f3ngase en contacto con nosotros para alquilar una cama ortop\u00e9dica.<\/a><\/p>\n\n\n\n<p><\/p>","protected":false},"excerpt":{"rendered":"<div style=\"font-family: Arial, sans-serif; background-color: #234091; padding: 30px; border-radius: 25px; max-width: 600px; color: #ffffff; position: relative; border-top: 6px solid #2498fe;\">\n<h3 style=\"margin-top: 0; margin-bottom: 15px; color: #ffffff;\">Alquilar cama de hospital bari\u00e1trica\u00a0<\/h3>\n<p>Facilidad de reserva, costes claros, ayudas de \u00faltima generaci\u00f3n.<\/p>\n<p><strong>Sin dep\u00f3sito.<\/strong><\/p>\n<p><strong>Entrega en Roma y Florencia<\/strong> a domicilio incluso di montaggio a partire da 80\u20ac. Lo stesso prezzo vale anche per il ritiro!<\/p>\n<p>El coste se incrementar\u00e1 en caso de entrega en un piso sin ascensor.<\/p>\n<p>La estructura de esta cama est\u00e1 reforzada. El motor est\u00e1 mejorado para una capacidad de hasta <strong>300 kg<\/strong>.<\/p>\n<\/div>\n<p><!-- Linea bianca sotto --><\/p>\n<div style=\"height: 6px; background-color: #ffffff; max-width: 600px;\">\u00a0<\/div>","protected":false},"featured_media":12201,"template":"","meta":{"_acf_changed":false},"home-category":[],"product_brand":[],"product_cat":[94],"product_tag":[133,380,379,383,382,381],"woo-feed-brand":[],"class_list":{"0":"post-8946","1":"product","2":"type-product","3":"status-publish","4":"has-post-thumbnail","6":"product_cat-noleggio-letti-ortopedici-ospedalieri","7":"product_tag-letto-elettrico-per-obesi","8":"product_tag-letto-ortopedico","9":"product_tag-letto-ospedaliero","10":"product_tag-letto-per-disabili","11":"product_tag-noleggio-letto-elettrico","12":"product_tag-noleggio-letto-ospedaliero-elettrico","13":"wcpa_has_options","15":"first","16":"instock","17":"shipping-taxable","18":"purchasable","19":"product-type-variable"},"acf":[],"yoast_head":"<!-- This site is optimized with the Yoast SEO Premium plugin v27.5 (Yoast SEO v27.5) - https:\/\/yoast.com\/product\/yoast-seo-premium-wordpress\/ -->\n<title>Noleggio letti ortopedici - con materasso incluso | Roma e Firenze<\/title>\n<meta name=\"description\" content=\"Noleggio letto ortopedico bariatrico elettrico per anziani con materasso antidecubito a Roma e Firenze. Chiamaci ora al +39 392 65 09 237!\" \/>\n<meta name=\"robots\" content=\"index, follow, max-snippet:-1, max-image-preview:large, max-video-preview:-1\" \/>\n<link rel=\"canonical\" href=\"https:\/\/www.miamedicalitalia.it\/es\/producto\/letto-ortopedico-con-materasso-antidecubito-roma-firenze-300kg\/\" \/>\n<meta property=\"og:locale\" content=\"es_ES\" \/>\n<meta property=\"og:type\" content=\"article\" \/>\n<meta property=\"og:title\" content=\"Noleggio letti ortopedici - con materasso incluso | Roma e Firenze\" \/>\n<meta property=\"og:description\" content=\"Noleggio letto ortopedico bariatrico elettrico per anziani con materasso antidecubito a Roma e Firenze. Chiamaci ora al +39 392 65 09 237!\" \/>\n<meta property=\"og:url\" content=\"https:\/\/www.miamedicalitalia.it\/es\/producto\/letto-ortopedico-con-materasso-antidecubito-roma-firenze-300kg\/\" \/>\n<meta property=\"og:site_name\" content=\"Mia Medical\" \/>\n<meta property=\"article:publisher\" content=\"https:\/\/www.facebook.com\/miamedicalitalia\" \/>\n<meta property=\"article:modified_time\" content=\"2026-01-05T09:38:13+00:00\" \/>\n<meta property=\"og:image\" content=\"https:\/\/www.miamedicalitalia.it\/wp-content\/uploads\/2022\/12\/letto-120-1.jpg\" \/>\n\t<meta property=\"og:image:width\" content=\"1000\" \/>\n\t<meta property=\"og:image:height\" content=\"1000\" \/>\n\t<meta property=\"og:image:type\" content=\"image\/jpeg\" \/>\n<meta name=\"twitter:card\" content=\"summary_large_image\" \/>\n<meta name=\"twitter:label1\" content=\"Tiempo de lectura\" \/>\n\t<meta name=\"twitter:data1\" content=\"1 minuto\" \/>\n<script type=\"application\/ld+json\" class=\"yoast-schema-graph\">{\"@context\":\"https:\\\/\\\/schema.org\",\"@graph\":[{\"@type\":\"WebPage\",\"@id\":\"https:\\\/\\\/www.miamedicalitalia.it\\\/prodotto\\\/letto-ortopedico-con-materasso-antidecubito-roma-firenze-300kg\\\/\",\"url\":\"https:\\\/\\\/www.miamedicalitalia.it\\\/prodotto\\\/letto-ortopedico-con-materasso-antidecubito-roma-firenze-300kg\\\/\",\"name\":\"Noleggio letti ortopedici - con materasso incluso | Roma e Firenze\",\"isPartOf\":{\"@id\":\"https:\\\/\\\/www.miamedicalitalia.it\\\/#website\"},\"primaryImageOfPage\":{\"@id\":\"https:\\\/\\\/www.miamedicalitalia.it\\\/prodotto\\\/letto-ortopedico-con-materasso-antidecubito-roma-firenze-300kg\\\/#primaryimage\"},\"image\":{\"@id\":\"https:\\\/\\\/www.miamedicalitalia.it\\\/prodotto\\\/letto-ortopedico-con-materasso-antidecubito-roma-firenze-300kg\\\/#primaryimage\"},\"thumbnailUrl\":\"https:\\\/\\\/www.miamedicalitalia.it\\\/wp-content\\\/uploads\\\/2022\\\/12\\\/letto-120-1.jpg\",\"datePublished\":\"2022-12-21T16:14:57+00:00\",\"dateModified\":\"2026-01-05T09:38:13+00:00\",\"description\":\"Noleggio letto ortopedico bariatrico elettrico per anziani con materasso antidecubito a Roma e Firenze. Chiamaci ora al +39 392 65 09 237!\",\"breadcrumb\":{\"@id\":\"https:\\\/\\\/www.miamedicalitalia.it\\\/prodotto\\\/letto-ortopedico-con-materasso-antidecubito-roma-firenze-300kg\\\/#breadcrumb\"},\"inLanguage\":\"es\",\"potentialAction\":[{\"@type\":\"ReadAction\",\"target\":[\"https:\\\/\\\/www.miamedicalitalia.it\\\/prodotto\\\/letto-ortopedico-con-materasso-antidecubito-roma-firenze-300kg\\\/\"]}]},{\"@type\":\"ImageObject\",\"inLanguage\":\"es\",\"@id\":\"https:\\\/\\\/www.miamedicalitalia.it\\\/prodotto\\\/letto-ortopedico-con-materasso-antidecubito-roma-firenze-300kg\\\/#primaryimage\",\"url\":\"https:\\\/\\\/www.miamedicalitalia.it\\\/wp-content\\\/uploads\\\/2022\\\/12\\\/letto-120-1.jpg\",\"contentUrl\":\"https:\\\/\\\/www.miamedicalitalia.it\\\/wp-content\\\/uploads\\\/2022\\\/12\\\/letto-120-1.jpg\",\"width\":1000,\"height\":1000},{\"@type\":\"BreadcrumbList\",\"@id\":\"https:\\\/\\\/www.miamedicalitalia.it\\\/prodotto\\\/letto-ortopedico-con-materasso-antidecubito-roma-firenze-300kg\\\/#breadcrumb\",\"itemListElement\":[{\"@type\":\"ListItem\",\"position\":1,\"name\":\"Home\",\"item\":\"https:\\\/\\\/www.miamedicalitalia.it\\\/\"},{\"@type\":\"ListItem\",\"position\":2,\"name\":\"Shop\",\"item\":\"https:\\\/\\\/www.miamedicalitalia.it\\\/negozio\\\/\"},{\"@type\":\"ListItem\",\"position\":3,\"name\":\"Affitto e noleggio\",\"item\":\"https:\\\/\\\/www.miamedicalitalia.it\\\/categoria\\\/affitto-e-noleggio-ausili\\\/\"},{\"@type\":\"ListItem\",\"position\":4,\"name\":\"Letti ortopedici ospedalieri\",\"item\":\"https:\\\/\\\/www.miamedicalitalia.it\\\/categoria\\\/affitto-e-noleggio-ausili\\\/noleggio-letti-ortopedici-ospedalieri\\\/\"},{\"@type\":\"ListItem\",\"position\":5,\"name\":\"Noleggio Letto Ospedaliero Bariatrico Elettrico largo 120cm portata 300kg con materasso antidecubito\"}]},{\"@type\":\"WebSite\",\"@id\":\"https:\\\/\\\/www.miamedicalitalia.it\\\/#website\",\"url\":\"https:\\\/\\\/www.miamedicalitalia.it\\\/\",\"name\":\"www.miamedicalitalia.it\",\"description\":\"Noleggio e Vendita Attrezzatura Sanitarie\",\"publisher\":{\"@id\":\"https:\\\/\\\/www.miamedicalitalia.it\\\/#organization\"},\"potentialAction\":[{\"@type\":\"SearchAction\",\"target\":{\"@type\":\"EntryPoint\",\"urlTemplate\":\"https:\\\/\\\/www.miamedicalitalia.it\\\/?s={search_term_string}\"},\"query-input\":{\"@type\":\"PropertyValueSpecification\",\"valueRequired\":true,\"valueName\":\"search_term_string\"}}],\"inLanguage\":\"es\"},{\"@type\":\"Organization\",\"@id\":\"https:\\\/\\\/www.miamedicalitalia.it\\\/#organization\",\"name\":\"OLG\",\"url\":\"https:\\\/\\\/www.miamedicalitalia.it\\\/\",\"logo\":{\"@type\":\"ImageObject\",\"inLanguage\":\"es\",\"@id\":\"https:\\\/\\\/www.miamedicalitalia.it\\\/#\\\/schema\\\/logo\\\/image\\\/\",\"url\":\"https:\\\/\\\/www.miamedicalitalia.it\\\/wp-content\\\/uploads\\\/2023\\\/04\\\/mia-medical-logo-free.png\",\"contentUrl\":\"https:\\\/\\\/www.miamedicalitalia.it\\\/wp-content\\\/uploads\\\/2023\\\/04\\\/mia-medical-logo-free.png\",\"width\":700,\"height\":700,\"caption\":\"OLG\"},\"image\":{\"@id\":\"https:\\\/\\\/www.miamedicalitalia.it\\\/#\\\/schema\\\/logo\\\/image\\\/\"},\"sameAs\":[\"https:\\\/\\\/www.facebook.com\\\/miamedicalitalia\"]}]}<\/script>\n<!-- \/ Yoast SEO Premium plugin. -->","yoast_head_json":{"title":"Alquiler de cama ortop\u00e9dica - con colch\u00f3n incluido | Roma y Florencia","description":"Noleggio letto ortopedico bariatrico elettrico per anziani con materasso antidecubito a Roma e Firenze. Chiamaci ora al +39 392 65 09 237!","robots":{"index":"index","follow":"follow","max-snippet":"max-snippet:-1","max-image-preview":"max-image-preview:large","max-video-preview":"max-video-preview:-1"},"canonical":"https:\/\/www.miamedicalitalia.it\/es\/producto\/letto-ortopedico-con-materasso-antidecubito-roma-firenze-300kg\/","og_locale":"es_ES","og_type":"article","og_title":"Noleggio letti ortopedici - con materasso incluso | Roma e Firenze","og_description":"Noleggio letto ortopedico bariatrico elettrico per anziani con materasso antidecubito a Roma e Firenze. Chiamaci ora al +39 392 65 09 237!","og_url":"https:\/\/www.miamedicalitalia.it\/es\/producto\/letto-ortopedico-con-materasso-antidecubito-roma-firenze-300kg\/","og_site_name":"Mia Medical","article_publisher":"https:\/\/www.facebook.com\/miamedicalitalia","article_modified_time":"2026-01-05T09:38:13+00:00","og_image":[{"width":1000,"height":1000,"url":"https:\/\/www.miamedicalitalia.it\/wp-content\/uploads\/2022\/12\/letto-120-1.jpg","type":"image\/jpeg"}],"twitter_card":"summary_large_image","twitter_misc":{"Tiempo de lectura":"1 minuto"},"schema":{"@context":"https:\/\/schema.org","@graph":[{"@type":"WebPage","@id":"https:\/\/www.miamedicalitalia.it\/prodotto\/letto-ortopedico-con-materasso-antidecubito-roma-firenze-300kg\/","url":"https:\/\/www.miamedicalitalia.it\/prodotto\/letto-ortopedico-con-materasso-antidecubito-roma-firenze-300kg\/","name":"Alquiler de cama ortop\u00e9dica - con colch\u00f3n incluido | Roma y Florencia","isPartOf":{"@id":"https:\/\/www.miamedicalitalia.it\/#website"},"primaryImageOfPage":{"@id":"https:\/\/www.miamedicalitalia.it\/prodotto\/letto-ortopedico-con-materasso-antidecubito-roma-firenze-300kg\/#primaryimage"},"image":{"@id":"https:\/\/www.miamedicalitalia.it\/prodotto\/letto-ortopedico-con-materasso-antidecubito-roma-firenze-300kg\/#primaryimage"},"thumbnailUrl":"https:\/\/www.miamedicalitalia.it\/wp-content\/uploads\/2022\/12\/letto-120-1.jpg","datePublished":"2022-12-21T16:14:57+00:00","dateModified":"2026-01-05T09:38:13+00:00","description":"Noleggio letto ortopedico bariatrico elettrico per anziani con materasso antidecubito a Roma e Firenze. Chiamaci ora al +39 392 65 09 237!","breadcrumb":{"@id":"https:\/\/www.miamedicalitalia.it\/prodotto\/letto-ortopedico-con-materasso-antidecubito-roma-firenze-300kg\/#breadcrumb"},"inLanguage":"es","potentialAction":[{"@type":"ReadAction","target":["https:\/\/www.miamedicalitalia.it\/prodotto\/letto-ortopedico-con-materasso-antidecubito-roma-firenze-300kg\/"]}]},{"@type":"ImageObject","inLanguage":"es","@id":"https:\/\/www.miamedicalitalia.it\/prodotto\/letto-ortopedico-con-materasso-antidecubito-roma-firenze-300kg\/#primaryimage","url":"https:\/\/www.miamedicalitalia.it\/wp-content\/uploads\/2022\/12\/letto-120-1.jpg","contentUrl":"https:\/\/www.miamedicalitalia.it\/wp-content\/uploads\/2022\/12\/letto-120-1.jpg","width":1000,"height":1000},{"@type":"BreadcrumbList","@id":"https:\/\/www.miamedicalitalia.it\/prodotto\/letto-ortopedico-con-materasso-antidecubito-roma-firenze-300kg\/#breadcrumb","itemListElement":[{"@type":"ListItem","position":1,"name":"Home","item":"https:\/\/www.miamedicalitalia.it\/"},{"@type":"ListItem","position":2,"name":"Shop","item":"https:\/\/www.miamedicalitalia.it\/negozio\/"},{"@type":"ListItem","position":3,"name":"Affitto e noleggio","item":"https:\/\/www.miamedicalitalia.it\/categoria\/affitto-e-noleggio-ausili\/"},{"@type":"ListItem","position":4,"name":"Letti ortopedici ospedalieri","item":"https:\/\/www.miamedicalitalia.it\/categoria\/affitto-e-noleggio-ausili\/noleggio-letti-ortopedici-ospedalieri\/"},{"@type":"ListItem","position":5,"name":"Noleggio Letto Ospedaliero Bariatrico Elettrico largo 120cm portata 300kg con materasso antidecubito"}]},{"@type":"WebSite","@id":"https:\/\/www.miamedicalitalia.it\/#website","url":"https:\/\/www.miamedicalitalia.it\/","name":"www.miamedicalitalia.it","description":"Alquiler y venta de material sanitario","publisher":{"@id":"https:\/\/www.miamedicalitalia.it\/#organization"},"potentialAction":[{"@type":"SearchAction","target":{"@type":"EntryPoint","urlTemplate":"https:\/\/www.miamedicalitalia.it\/?s={search_term_string}"},"query-input":{"@type":"PropertyValueSpecification","valueRequired":true,"valueName":"search_term_string"}}],"inLanguage":"es"},{"@type":"Organization","@id":"https:\/\/www.miamedicalitalia.it\/#organization","name":"OLG","url":"https:\/\/www.miamedicalitalia.it\/","logo":{"@type":"ImageObject","inLanguage":"es","@id":"https:\/\/www.miamedicalitalia.it\/#\/schema\/logo\/image\/","url":"https:\/\/www.miamedicalitalia.it\/wp-content\/uploads\/2023\/04\/mia-medical-logo-free.png","contentUrl":"https:\/\/www.miamedicalitalia.it\/wp-content\/uploads\/2023\/04\/mia-medical-logo-free.png","width":700,"height":700,"caption":"OLG"},"image":{"@id":"https:\/\/www.miamedicalitalia.it\/#\/schema\/logo\/image\/"},"sameAs":["https:\/\/www.facebook.com\/miamedicalitalia"]}]}},"wcpa_form_fields":{"wcpaData":{"product":{"product_price":200,"price_html":"<span class=\"woocommerce-Price-amount amount\" aria-hidden=\"true\"><bdi><span class=\"woocommerce-Price-currencySymbol\">&euro;<\/span>200.00<\/bdi><\/span> <span aria-hidden=\"true\">-<\/span> <span class=\"woocommerce-Price-amount amount\" aria-hidden=\"true\"><bdi><span class=\"woocommerce-Price-currencySymbol\">&euro;<\/span>495.00<\/bdi><\/span><span class=\"screen-reader-text\">Rango de precios: desde &euro;200.00 hasta &euro;495.00<\/span>","original_product_price":200,"price_including_tax":200,"price_excluding_tax":200,"product_id":{"parent":8946,"variation":false},"is_variable":true,"stock_status":"instock","stock_quantity":null,"parent_sku":"","product_attributes":{"quanto-costa":{"is_variation":true,"values":[]}},"custom_fields":[],"is_taxable":false,"product_name":"Noleggio Letto Ospedaliero Bariatrico Elettrico largo 120cm portata 300kg con materasso antidecubito","hasImage":false},"fields":{"sec_565f165582eb8c":{"extra":{"key":"sec_565f165582eb8c","section_id":"sec_565f165582eb8c","name":"Predefinito","status":1,"toggle":true,"form_id":12050,"form_rules":{"exclude_from_discount":false,"fee_label":"Fee","disp_hide_options_price":false,"disp_show_section_price":false,"disp_show_field_price":true,"layout_option":"standard","pric_use_as_fee":false,"process_fee_as":"woo_fee"},"layout_option":"standard"},"fields":[[{"active":true,"col":6,"relations":false,"cl_rule":"show","enableCl":false,"price":"","enablePrice":false,"className":"input-text","type":"date","required":true,"elementId":"date_3189538061","name":"date_3189538061","label":"A partire dal giorno:","picker_type":"custom","picker_mode":"single","error":false,"description":"Inserisci la data di inizio del noleggio","gt_translate_keys":["label","description"],"price_dependency":false,"cl_dependency":false,"value":""}]]}},"config":{"price_override":"","enable_recaptcha":false,"bind_quantity":false,"quantity_bind_formula":false,"disp_summ_show_option_price":true,"disp_summ_show_product_price":true,"disp_summ_show_total_price":true,"disp_summ_show_fee":false,"disp_summ_show_discount":false,"summary_title":"","options_total_label":"Options Price","total_label":"Total","options_product_label":"Product Price","fee_label":"Fee","discount_label":"Discount","has_price":true,"has_quantity_formula":false},"mc_unit":1,"tax_rate":1,"tax_rate_real":1,"discount":{"percentage":0,"fixed":0},"design":{"conf":{"LabelPosition":"above","DescPosition":"below","UploadField":"custom_1","QuantityFieldStyle":"default"},"css":{"LeftLabelWidth":"50px"}},"formulas":[],"lookuptables":[],"clones":false,"cartKey":false}},"_links":{"self":[{"href":"https:\/\/www.miamedicalitalia.it\/es\/wp-json\/wp\/v2\/product\/8946","targetHints":{"allow":["GET"]}}],"collection":[{"href":"https:\/\/www.miamedicalitalia.it\/es\/wp-json\/wp\/v2\/product"}],"about":[{"href":"https:\/\/www.miamedicalitalia.it\/es\/wp-json\/wp\/v2\/types\/product"}],"wp:featuredmedia":[{"embeddable":true,"href":"https:\/\/www.miamedicalitalia.it\/es\/wp-json\/wp\/v2\/media\/12201"}],"wp:attachment":[{"href":"https:\/\/www.miamedicalitalia.it\/es\/wp-json\/wp\/v2\/media?parent=8946"}],"wp:term":[{"taxonomy":"home-category","embeddable":true,"href":"https:\/\/www.miamedicalitalia.it\/es\/wp-json\/wp\/v2\/home-category?post=8946"},{"taxonomy":"product_brand","embeddable":true,"href":"https:\/\/www.miamedicalitalia.it\/es\/wp-json\/wp\/v2\/product_brand?post=8946"},{"taxonomy":"product_cat","embeddable":true,"href":"https:\/\/www.miamedicalitalia.it\/es\/wp-json\/wp\/v2\/product_cat?post=8946"},{"taxonomy":"product_tag","embeddable":true,"href":"https:\/\/www.miamedicalitalia.it\/es\/wp-json\/wp\/v2\/product_tag?post=8946"},{"taxonomy":"woo-feed-brand","embeddable":true,"href":"https:\/\/www.miamedicalitalia.it\/es\/wp-json\/wp\/v2\/woo-feed-brand?post=8946"}],"curies":[{"name":"wp","href":"https:\/\/api.w.org\/{rel}","templated":true}]}}