{"id":8936,"date":"2022-12-21T17:14:57","date_gmt":"2022-12-21T15:14:57","guid":{"rendered":"https:\/\/www.miamedicalitalia.it\/?post_type=product&#038;p=8936"},"modified":"2026-02-18T13:31:30","modified_gmt":"2026-02-18T11:31:30","slug":"noleggio-kinetec-artromot-k1-ginocchio-anca-riabilitazione","status":"publish","type":"product","link":"https:\/\/www.miamedicalitalia.it\/es\/producto\/noleggio-kinetec-artromot-k1-ginocchio-anca-riabilitazione\/","title":{"rendered":"Kinetec Artromot K1 Rodilla Cadera"},"content":{"rendered":"<p>Descubra el servicio de <strong>alquiler<\/strong> de <strong>Kinetec<\/strong> <strong><a href=\"https:\/\/www.chattanoogarehab.com\/it\/artromot-k1-80-00-04x-it\">Artromot K1<\/a><\/strong>un aparato para la <strong>movilizaci\u00f3n pasiva continua (MPC)<\/strong>dise\u00f1ado para promover la <strong>rehabilitaci\u00f3n de articulaciones de rodilla y cadera en fase postoperatoria o postraum\u00e1tica<\/strong>.<\/p>\n\n\n\n<p>Es la soluci\u00f3n ideal para quienes desean <strong>recupere la movilidad y la funcionalidad de forma eficaz, segura y c\u00f3moda, directamente en casa.<\/strong><\/p>\n\n\n\n<h4 class=\"wp-block-heading\" id=\"h-cosa-e-l-artromot-k1-e-come-funziona\">Qu\u00e9 es y c\u00f3mo funciona el Artromot K1<\/h4>\n\n\n\n<p><strong>Artromot k1 para rodilla CPM<\/strong>&nbsp;(movimiento pasivo continuo) permite un control autom\u00e1tico y <strong>movimientos pasivos de flexi\u00f3n y extensi\u00f3n<\/strong>ambos <strong>rodilla<\/strong> que <strong>de la cadera<\/strong>, <strong>sin ning\u00fan esfuerzo activo por parte del paciente<\/strong> en fases de recuperaci\u00f3n y rehabilitaci\u00f3n y despu\u00e9s de traumatismos o intervenciones quir\u00fargicas. Favorece un r\u00e1pido restablecimiento de la funci\u00f3n articular y previene la rigidez. Adem\u00e1s, mejora las propiedades mec\u00e1nicas de los ligamentos da\u00f1ados y estimula la circulaci\u00f3n linf\u00e1tica y sangu\u00ednea, disminuyendo el riesgo de trombosis y \u00e9mbolos.<\/p>\n\n\n\n<ul class=\"wp-block-list\">\n<li>moviliza suavemente las articulaciones de forma progresiva;<\/li>\n\n\n\n<li>favorece la recuperaci\u00f3n articular tras la cirug\u00eda ortop\u00e9dica;<\/li>\n\n\n\n<li>reduce el dolor, la rigidez y la hinchaz\u00f3n;<\/li>\n\n\n\n<li>acelera el proceso de curaci\u00f3n;<\/li>\n\n\n\n<li>permite personalizar los par\u00e1metros de movimiento (\u00e1ngulos, velocidad, duraci\u00f3n) en funci\u00f3n de la terapia prescrita.<\/li>\n\n\n\n<li>FLEXI\u00d3N DE RODILLA - 10\u00b0 \/0\u00b0\/120\u00b0 EXTENSI\u00d3N\/FLEXI\u00d3N DE CADERA 0\u00b0\/7\u00b0\/115<\/li>\n<\/ul>\n\n\n\n<h4 class=\"wp-block-heading\" id=\"h-a-chi-consigliamo-di-usufruire-del-servizio-di-noleggio-del-kinetec-artromot-k1\">Para qui\u00e9n recomendamos el servicio de alquiler de Kinetec Artromot K1<\/h4>\n\n\n\n<p>El Kinetec para CPM Artromot K1 est\u00e1 indicado en todos los casos en los que es necesario recuperar la movilidad articular tras una intervenci\u00f3n quir\u00fargica o un traumatismo, como por ejemplo:<\/p>\n\n\n\n<ul class=\"wp-block-list\">\n<li>sustituci\u00f3n total o parcial de rodilla o cadera;<\/li>\n\n\n\n<li>cirug\u00eda del ligamento cruzado o del menisco;<\/li>\n\n\n\n<li>fracturas articulares;<\/li>\n\n\n\n<li>rigidez articular;<\/li>\n\n\n\n<li>rehabilitaci\u00f3n ortop\u00e9dica en pacientes de edad avanzada o con movilidad reducida.<\/li>\n<\/ul>\n\n\n\n<h4 class=\"wp-block-heading\" id=\"h-consegna-dimostrazione-e-programmazione-su-misura\">Entrega, demostraci\u00f3n y programaci\u00f3n personalizadas <\/h4>\n\n\n\n<p>Cuando usted alquila el Artromot K1 de M.I.A. Medical Italia, nosotros nos encargamos de todo.<\/p>\n\n\n\n<p>Nuestro personal t\u00e9cnico:<\/p>\n\n\n\n<ul class=\"wp-block-list\">\n<li>entrega el dispositivo en casa;<\/li>\n\n\n\n<li>realiza una demostraci\u00f3n completa de funcionamiento;<\/li>\n\n\n\n<li>programar la m\u00e1quina seg\u00fan el protocolo indicado por el m\u00e9dico o el fisioterapeuta;<\/li>\n\n\n\n<li>proporciona instrucciones claras sobre c\u00f3mo integrarlo en su rutina de rehabilitaci\u00f3n.<\/li>\n<\/ul>\n\n\n\n<p>Si no dispone de un protocolo de rehabilitaci\u00f3n para su operaci\u00f3n, puede solicitarlo gratuitamente en l\u00ednea o directamente a nuestro terapeuta.<\/p>\n\n\n\n<h4 class=\"wp-block-heading\" id=\"h-perche-conviene-il-noleggio\">\u00bfPor qu\u00e9 compensa alquilar?<\/h4>\n\n\n\n<p>Las terapias CPM s\u00f3lo funcionan si se llevan a cabo de forma constante y frecuente a lo largo del tiempo. Unas pocas sesiones ocasionales en el estudio no bastan para lograr resultados eficaces.<\/p>\n\n\n\n<p>Con alquiler:<\/p>\n\n\n\n<ul class=\"wp-block-list\">\n<li>puede seguir la terapia desde la comodidad de su casa;<\/li>\n\n\n\n<li>integrar el tratamiento en su rutina diaria, sin estr\u00e9s ni desplazamientos;<\/li>\n\n\n\n<li>ahorro en comparaci\u00f3n con el coste acumulado de varias sesiones de fisioterapia en un centro;<\/li>\n\n\n\n<li>conseguir\u00e1 una recuperaci\u00f3n m\u00e1s r\u00e1pida y continua.<\/li>\n<\/ul>\n\n\n\n<p>El uso de&nbsp;<strong>Artromot k1<\/strong>&nbsp;no implica<strong>&nbsp;sin traumatismos ni dolor<\/strong>&nbsp;al paciente.<\/p>\n\n\n\n<h4 class=\"wp-block-heading\" id=\"h-perche-scegliere-m-i-a-medical-italia\">\u00bfPor qu\u00e9 elegir M.I.A Medical Italia?<\/h4>\n\n\n\n<ul class=\"wp-block-list\">\n<li>T\u00e9cnicos experimentados y servicio personalizado;<\/li>\n\n\n\n<li>Plazos de entrega r\u00e1pidos, incluso en 24 horas;<\/li>\n\n\n\n<li>Precios imbatibles y transparentes;<\/li>\n\n\n\n<li>Dispositivos higienizados, seguros y personalizados;<\/li>\n\n\n\n<li>Asistencia continua incluso despu\u00e9s de la entrega.<\/li>\n<\/ul>\n\n\n\n<p>Artromot k1 gracias a un movimiento anat\u00f3micamente correcto y un sistema electr\u00f3nico&nbsp;<strong>muy fiable<\/strong>. Representa la&nbsp;<strong>soluci\u00f3n ideal<\/strong>&nbsp;para lograr resultados terap\u00e9uticos \u00f3ptimos en el tratamiento de&nbsp;<strong>rehabilitaci\u00f3n a domicilio<\/strong>.<\/p>\n\n\n\n<p>Elija la comodidad de <strong>rehabilitaci\u00f3n a domicilio<\/strong>con un <strong>un servicio seguro, eficaz y c\u00f3modo.<\/strong> Si tiene m\u00e1s preguntas, puede ponerse en contacto con nosotros en el tel\u00e9fono <strong>+39 3926509237<\/strong> o puede enviarnos un mensaje a <strong><a href=\"https:\/\/wa.me\/393926509237\">whatsapp<\/a><\/strong>. Nuestro personal especializado est\u00e1 siempre a su disposici\u00f3n para ayudarle a encontrar el <strong>soluci\u00f3n<\/strong> que mejor se adapte a su <strong>necesita<\/strong>\u00a1! Visite tambi\u00e9n nuestro <strong><a href=\"https:\/\/www.miamedicalitalia.it\/es\/?_gl=1*1bx2a6k*_up*MQ..*_ga*MjA0NTM0ODc4NS4xNzUxMTA5Nzg0*_ga_D9FZ9V3LL7*czE3NTExMDk3ODQkbzEkZzAkdDE3NTExMDk3ODQkajYwJGwwJGgw\">sitio web<\/a><\/strong> para descubrir la amplia gama de <strong>ayudas m\u00e9dicas dise\u00f1adas para ayudarle a redescubrir la libertad de moverse de forma independiente.<\/strong><br><\/p>\n\n\n\n<p><\/p>","protected":false},"excerpt":{"rendered":"<div style=\"font-family: Arial, sans-serif; background-color: #234091; padding: 30px; border-radius: 25px; max-width: 600px; color: #ffffff; position: relative; border-top: 6px solid #2498fe;\">\n<h3 style=\"color: #ffffff; margin-top: 0;\">Las recogidas en almac\u00e9n son gratuitas<\/h3>\n<p>Ll\u00e1menos o reserve ahora en l\u00ednea.<\/p>\n<p>Entrega a domicilio s\u00f3lo en Roma y Florencia: \u00a0<strong>30\u20ac + 30\u20ac<\/strong>\u00a0para la retirada.<\/p>\n<p><strong>Entrega gratuita si compra un alquiler por un m\u00ednimo de 30 d\u00edas.<\/strong><\/p>\n<\/div>\n<p><!-- Linea bianca sotto --><\/p>\n<div style=\"height: 6px; background-color: #ffffff; max-width: 600px;\">\u00a0<\/div>","protected":false},"featured_media":12190,"template":"","meta":{"_acf_changed":false},"home-category":[],"product_brand":[],"product_cat":[223],"product_tag":[214],"woo-feed-brand":[],"class_list":{"0":"post-8936","1":"product","2":"type-product","3":"status-publish","4":"has-post-thumbnail","6":"product_cat-affitto-noleggio-kinetec","7":"product_tag-noleggio-kinetec-ginoccio-anca","8":"product_shipping_class-ausili-grandi","9":"wcpa_has_options","11":"first","12":"instock","13":"shipping-taxable","14":"purchasable","15":"product-type-variable"},"acf":[],"yoast_head":"<!-- This site is optimized with the Yoast SEO Premium plugin v27.3 (Yoast SEO v27.3) - https:\/\/yoast.com\/product\/yoast-seo-premium-wordpress\/ -->\n<title>Noleggio Kinetec Artromot K1 per riabilitazione ginocchio e anca<\/title>\n<meta name=\"description\" content=\"Noleggio Kinetec Artromot K1 per riabilitazione del ginocchio e anca a partire da 8,00\u20ac al giorno. Consegna a domicilio. Prenota ora online!\" \/>\n<meta name=\"robots\" content=\"index, follow, max-snippet:-1, max-image-preview:large, max-video-preview:-1\" \/>\n<link rel=\"canonical\" href=\"https:\/\/www.miamedicalitalia.it\/es\/producto\/noleggio-kinetec-artromot-k1-ginocchio-anca-riabilitazione\/\" \/>\n<meta property=\"og:locale\" content=\"es_ES\" \/>\n<meta property=\"og:type\" content=\"article\" \/>\n<meta property=\"og:title\" content=\"Noleggio Kinetec Artromot K1 per riabilitazione ginocchio e anca\" \/>\n<meta property=\"og:description\" content=\"Noleggio Kinetec Artromot K1 per riabilitazione del ginocchio e anca a partire da 8,00\u20ac al giorno. Consegna a domicilio. Prenota ora online!\" \/>\n<meta property=\"og:url\" content=\"https:\/\/www.miamedicalitalia.it\/es\/producto\/noleggio-kinetec-artromot-k1-ginocchio-anca-riabilitazione\/\" \/>\n<meta property=\"og:site_name\" content=\"Mia Medical\" \/>\n<meta property=\"article:publisher\" content=\"https:\/\/www.facebook.com\/miamedicalitalia\" \/>\n<meta property=\"article:modified_time\" content=\"2026-02-18T11:31:30+00:00\" \/>\n<meta property=\"og:image\" content=\"https:\/\/www.miamedicalitalia.it\/wp-content\/uploads\/2022\/12\/Kinetec-ginocchio-anca-artromot-.jpg\" \/>\n\t<meta property=\"og:image:width\" content=\"1000\" \/>\n\t<meta property=\"og:image:height\" content=\"1000\" \/>\n\t<meta property=\"og:image:type\" content=\"image\/jpeg\" \/>\n<meta name=\"twitter:card\" content=\"summary_large_image\" \/>\n<meta name=\"twitter:label1\" content=\"Tiempo de lectura\" \/>\n\t<meta name=\"twitter:data1\" content=\"1 minuto\" \/>\n<script type=\"application\/ld+json\" class=\"yoast-schema-graph\">{\"@context\":\"https:\\\/\\\/schema.org\",\"@graph\":[{\"@type\":\"WebPage\",\"@id\":\"https:\\\/\\\/www.miamedicalitalia.it\\\/prodotto\\\/noleggio-kinetec-artromot-k1-ginocchio-anca-riabilitazione\\\/\",\"url\":\"https:\\\/\\\/www.miamedicalitalia.it\\\/prodotto\\\/noleggio-kinetec-artromot-k1-ginocchio-anca-riabilitazione\\\/\",\"name\":\"Noleggio Kinetec Artromot K1 per riabilitazione ginocchio e anca\",\"isPartOf\":{\"@id\":\"https:\\\/\\\/www.miamedicalitalia.it\\\/#website\"},\"primaryImageOfPage\":{\"@id\":\"https:\\\/\\\/www.miamedicalitalia.it\\\/prodotto\\\/noleggio-kinetec-artromot-k1-ginocchio-anca-riabilitazione\\\/#primaryimage\"},\"image\":{\"@id\":\"https:\\\/\\\/www.miamedicalitalia.it\\\/prodotto\\\/noleggio-kinetec-artromot-k1-ginocchio-anca-riabilitazione\\\/#primaryimage\"},\"thumbnailUrl\":\"https:\\\/\\\/www.miamedicalitalia.it\\\/wp-content\\\/uploads\\\/2022\\\/12\\\/Kinetec-ginocchio-anca-artromot-.jpg\",\"datePublished\":\"2022-12-21T15:14:57+00:00\",\"dateModified\":\"2026-02-18T11:31:30+00:00\",\"description\":\"Noleggio Kinetec Artromot K1 per riabilitazione del ginocchio e anca a partire da 8,00\u20ac al giorno. Consegna a domicilio. Prenota ora online!\",\"breadcrumb\":{\"@id\":\"https:\\\/\\\/www.miamedicalitalia.it\\\/prodotto\\\/noleggio-kinetec-artromot-k1-ginocchio-anca-riabilitazione\\\/#breadcrumb\"},\"inLanguage\":\"es\",\"potentialAction\":[{\"@type\":\"ReadAction\",\"target\":[\"https:\\\/\\\/www.miamedicalitalia.it\\\/prodotto\\\/noleggio-kinetec-artromot-k1-ginocchio-anca-riabilitazione\\\/\"]}]},{\"@type\":\"ImageObject\",\"inLanguage\":\"es\",\"@id\":\"https:\\\/\\\/www.miamedicalitalia.it\\\/prodotto\\\/noleggio-kinetec-artromot-k1-ginocchio-anca-riabilitazione\\\/#primaryimage\",\"url\":\"https:\\\/\\\/www.miamedicalitalia.it\\\/wp-content\\\/uploads\\\/2022\\\/12\\\/Kinetec-ginocchio-anca-artromot-.jpg\",\"contentUrl\":\"https:\\\/\\\/www.miamedicalitalia.it\\\/wp-content\\\/uploads\\\/2022\\\/12\\\/Kinetec-ginocchio-anca-artromot-.jpg\",\"width\":1000,\"height\":1000},{\"@type\":\"BreadcrumbList\",\"@id\":\"https:\\\/\\\/www.miamedicalitalia.it\\\/prodotto\\\/noleggio-kinetec-artromot-k1-ginocchio-anca-riabilitazione\\\/#breadcrumb\",\"itemListElement\":[{\"@type\":\"ListItem\",\"position\":1,\"name\":\"Home\",\"item\":\"https:\\\/\\\/www.miamedicalitalia.it\\\/\"},{\"@type\":\"ListItem\",\"position\":2,\"name\":\"Shop\",\"item\":\"https:\\\/\\\/www.miamedicalitalia.it\\\/negozio\\\/\"},{\"@type\":\"ListItem\",\"position\":3,\"name\":\"Affitto e noleggio\",\"item\":\"https:\\\/\\\/www.miamedicalitalia.it\\\/categoria\\\/affitto-e-noleggio-ausili\\\/\"},{\"@type\":\"ListItem\",\"position\":4,\"name\":\"Kinetec\",\"item\":\"https:\\\/\\\/www.miamedicalitalia.it\\\/categoria\\\/affitto-e-noleggio-ausili\\\/affitto-noleggio-kinetec\\\/\"},{\"@type\":\"ListItem\",\"position\":5,\"name\":\"Kinetec Artromot K1 Ginocchio Anca\"}]},{\"@type\":\"WebSite\",\"@id\":\"https:\\\/\\\/www.miamedicalitalia.it\\\/#website\",\"url\":\"https:\\\/\\\/www.miamedicalitalia.it\\\/\",\"name\":\"www.miamedicalitalia.it\",\"description\":\"Noleggio e Vendita Attrezzatura Sanitarie\",\"publisher\":{\"@id\":\"https:\\\/\\\/www.miamedicalitalia.it\\\/#organization\"},\"potentialAction\":[{\"@type\":\"SearchAction\",\"target\":{\"@type\":\"EntryPoint\",\"urlTemplate\":\"https:\\\/\\\/www.miamedicalitalia.it\\\/?s={search_term_string}\"},\"query-input\":{\"@type\":\"PropertyValueSpecification\",\"valueRequired\":true,\"valueName\":\"search_term_string\"}}],\"inLanguage\":\"es\"},{\"@type\":\"Organization\",\"@id\":\"https:\\\/\\\/www.miamedicalitalia.it\\\/#organization\",\"name\":\"OLG\",\"url\":\"https:\\\/\\\/www.miamedicalitalia.it\\\/\",\"logo\":{\"@type\":\"ImageObject\",\"inLanguage\":\"es\",\"@id\":\"https:\\\/\\\/www.miamedicalitalia.it\\\/#\\\/schema\\\/logo\\\/image\\\/\",\"url\":\"https:\\\/\\\/www.miamedicalitalia.it\\\/wp-content\\\/uploads\\\/2023\\\/04\\\/mia-medical-logo-free.png\",\"contentUrl\":\"https:\\\/\\\/www.miamedicalitalia.it\\\/wp-content\\\/uploads\\\/2023\\\/04\\\/mia-medical-logo-free.png\",\"width\":700,\"height\":700,\"caption\":\"OLG\"},\"image\":{\"@id\":\"https:\\\/\\\/www.miamedicalitalia.it\\\/#\\\/schema\\\/logo\\\/image\\\/\"},\"sameAs\":[\"https:\\\/\\\/www.facebook.com\\\/miamedicalitalia\"]}]}<\/script>\n<!-- \/ Yoast SEO Premium plugin. -->","yoast_head_json":{"title":"Alquiler de Kinetec Artromot K1 para rehabilitaci\u00f3n de rodilla y cadera","description":"Alquiler de Kinetec Artromot K1 para rehabilitaci\u00f3n de rodilla y cadera desde 8,00 \u20ac al d\u00eda. Entrega a domicilio. \u00a1Reserve en l\u00ednea ahora!","robots":{"index":"index","follow":"follow","max-snippet":"max-snippet:-1","max-image-preview":"max-image-preview:large","max-video-preview":"max-video-preview:-1"},"canonical":"https:\/\/www.miamedicalitalia.it\/es\/producto\/noleggio-kinetec-artromot-k1-ginocchio-anca-riabilitazione\/","og_locale":"es_ES","og_type":"article","og_title":"Noleggio Kinetec Artromot K1 per riabilitazione ginocchio e anca","og_description":"Noleggio Kinetec Artromot K1 per riabilitazione del ginocchio e anca a partire da 8,00\u20ac al giorno. Consegna a domicilio. Prenota ora online!","og_url":"https:\/\/www.miamedicalitalia.it\/es\/producto\/noleggio-kinetec-artromot-k1-ginocchio-anca-riabilitazione\/","og_site_name":"Mia Medical","article_publisher":"https:\/\/www.facebook.com\/miamedicalitalia","article_modified_time":"2026-02-18T11:31:30+00:00","og_image":[{"width":1000,"height":1000,"url":"https:\/\/www.miamedicalitalia.it\/wp-content\/uploads\/2022\/12\/Kinetec-ginocchio-anca-artromot-.jpg","type":"image\/jpeg"}],"twitter_card":"summary_large_image","twitter_misc":{"Tiempo de lectura":"1 minuto"},"schema":{"@context":"https:\/\/schema.org","@graph":[{"@type":"WebPage","@id":"https:\/\/www.miamedicalitalia.it\/prodotto\/noleggio-kinetec-artromot-k1-ginocchio-anca-riabilitazione\/","url":"https:\/\/www.miamedicalitalia.it\/prodotto\/noleggio-kinetec-artromot-k1-ginocchio-anca-riabilitazione\/","name":"Alquiler de Kinetec Artromot K1 para rehabilitaci\u00f3n de rodilla y cadera","isPartOf":{"@id":"https:\/\/www.miamedicalitalia.it\/#website"},"primaryImageOfPage":{"@id":"https:\/\/www.miamedicalitalia.it\/prodotto\/noleggio-kinetec-artromot-k1-ginocchio-anca-riabilitazione\/#primaryimage"},"image":{"@id":"https:\/\/www.miamedicalitalia.it\/prodotto\/noleggio-kinetec-artromot-k1-ginocchio-anca-riabilitazione\/#primaryimage"},"thumbnailUrl":"https:\/\/www.miamedicalitalia.it\/wp-content\/uploads\/2022\/12\/Kinetec-ginocchio-anca-artromot-.jpg","datePublished":"2022-12-21T15:14:57+00:00","dateModified":"2026-02-18T11:31:30+00:00","description":"Alquiler de Kinetec Artromot K1 para rehabilitaci\u00f3n de rodilla y cadera desde 8,00 \u20ac al d\u00eda. Entrega a domicilio. \u00a1Reserve en l\u00ednea ahora!","breadcrumb":{"@id":"https:\/\/www.miamedicalitalia.it\/prodotto\/noleggio-kinetec-artromot-k1-ginocchio-anca-riabilitazione\/#breadcrumb"},"inLanguage":"es","potentialAction":[{"@type":"ReadAction","target":["https:\/\/www.miamedicalitalia.it\/prodotto\/noleggio-kinetec-artromot-k1-ginocchio-anca-riabilitazione\/"]}]},{"@type":"ImageObject","inLanguage":"es","@id":"https:\/\/www.miamedicalitalia.it\/prodotto\/noleggio-kinetec-artromot-k1-ginocchio-anca-riabilitazione\/#primaryimage","url":"https:\/\/www.miamedicalitalia.it\/wp-content\/uploads\/2022\/12\/Kinetec-ginocchio-anca-artromot-.jpg","contentUrl":"https:\/\/www.miamedicalitalia.it\/wp-content\/uploads\/2022\/12\/Kinetec-ginocchio-anca-artromot-.jpg","width":1000,"height":1000},{"@type":"BreadcrumbList","@id":"https:\/\/www.miamedicalitalia.it\/prodotto\/noleggio-kinetec-artromot-k1-ginocchio-anca-riabilitazione\/#breadcrumb","itemListElement":[{"@type":"ListItem","position":1,"name":"Home","item":"https:\/\/www.miamedicalitalia.it\/"},{"@type":"ListItem","position":2,"name":"Shop","item":"https:\/\/www.miamedicalitalia.it\/negozio\/"},{"@type":"ListItem","position":3,"name":"Affitto e noleggio","item":"https:\/\/www.miamedicalitalia.it\/categoria\/affitto-e-noleggio-ausili\/"},{"@type":"ListItem","position":4,"name":"Kinetec","item":"https:\/\/www.miamedicalitalia.it\/categoria\/affitto-e-noleggio-ausili\/affitto-noleggio-kinetec\/"},{"@type":"ListItem","position":5,"name":"Kinetec Artromot K1 Ginocchio Anca"}]},{"@type":"WebSite","@id":"https:\/\/www.miamedicalitalia.it\/#website","url":"https:\/\/www.miamedicalitalia.it\/","name":"www.miamedicalitalia.it","description":"Alquiler y venta de material sanitario","publisher":{"@id":"https:\/\/www.miamedicalitalia.it\/#organization"},"potentialAction":[{"@type":"SearchAction","target":{"@type":"EntryPoint","urlTemplate":"https:\/\/www.miamedicalitalia.it\/?s={search_term_string}"},"query-input":{"@type":"PropertyValueSpecification","valueRequired":true,"valueName":"search_term_string"}}],"inLanguage":"es"},{"@type":"Organization","@id":"https:\/\/www.miamedicalitalia.it\/#organization","name":"OLG","url":"https:\/\/www.miamedicalitalia.it\/","logo":{"@type":"ImageObject","inLanguage":"es","@id":"https:\/\/www.miamedicalitalia.it\/#\/schema\/logo\/image\/","url":"https:\/\/www.miamedicalitalia.it\/wp-content\/uploads\/2023\/04\/mia-medical-logo-free.png","contentUrl":"https:\/\/www.miamedicalitalia.it\/wp-content\/uploads\/2023\/04\/mia-medical-logo-free.png","width":700,"height":700,"caption":"OLG"},"image":{"@id":"https:\/\/www.miamedicalitalia.it\/#\/schema\/logo\/image\/"},"sameAs":["https:\/\/www.facebook.com\/miamedicalitalia"]}]}},"wcpa_form_fields":{"wcpaData":{"product":{"product_price":150,"price_html":"<span class=\"woocommerce-Price-amount amount\" aria-hidden=\"true\"><bdi><span class=\"woocommerce-Price-currencySymbol\">&euro;<\/span>150.00<\/bdi><\/span> <span aria-hidden=\"true\">-<\/span> <span class=\"woocommerce-Price-amount amount\" aria-hidden=\"true\"><bdi><span class=\"woocommerce-Price-currencySymbol\">&euro;<\/span>480.00<\/bdi><\/span><span class=\"screen-reader-text\">Rango de precios: desde &euro;150.00 hasta &euro;480.00<\/span>","original_product_price":150,"price_including_tax":150,"price_excluding_tax":150,"product_id":{"parent":8936,"variation":false},"is_variable":true,"stock_status":"instock","stock_quantity":null,"parent_sku":"","product_attributes":{"quanto-costa":{"is_variation":true,"values":[]}},"custom_fields":[],"is_taxable":false,"product_name":"Kinetec Artromot K1 Ginocchio Anca","hasImage":false},"fields":{"sec_565f165582eb8c":{"extra":{"key":"sec_565f165582eb8c","section_id":"sec_565f165582eb8c","name":"Predefinito","status":1,"toggle":true,"form_id":12050,"form_rules":{"exclude_from_discount":false,"fee_label":"Tassa","disp_hide_options_price":false,"disp_show_section_price":false,"disp_show_field_price":true,"layout_option":"standard","pric_use_as_fee":false,"process_fee_as":"woo_fee"},"layout_option":"standard"},"fields":[[{"active":true,"col":6,"relations":false,"cl_rule":"show","enableCl":false,"price":"","enablePrice":false,"className":"input-text","type":"date","required":true,"elementId":"date_3189538061","name":"date_3189538061","label":"A partire dal giorno:","picker_type":"custom","picker_mode":"single","error":false,"description":"Inserisci la data di inizio del noleggio","gt_translate_keys":["label","description"],"price_dependency":false,"cl_dependency":false,"value":""}]]}},"config":{"price_override":"","enable_recaptcha":false,"bind_quantity":false,"quantity_bind_formula":false,"disp_summ_show_option_price":true,"disp_summ_show_product_price":true,"disp_summ_show_total_price":true,"disp_summ_show_fee":false,"disp_summ_show_discount":false,"summary_title":"","options_total_label":"Prezzo delle opzioni","total_label":"Totale","options_product_label":"Prezzo del prodotto","fee_label":"Tassa","discount_label":"Sconto","has_price":true,"has_quantity_formula":false},"mc_unit":1,"tax_rate":1,"tax_rate_real":1,"discount":{"percentage":0,"fixed":0},"design":{"conf":{"LabelPosition":"above","DescPosition":"below","UploadField":"custom_1","QuantityFieldStyle":"default"},"css":{"LeftLabelWidth":"50px"}},"formulas":[],"lookuptables":[],"clones":false,"cartKey":false}},"_links":{"self":[{"href":"https:\/\/www.miamedicalitalia.it\/es\/wp-json\/wp\/v2\/product\/8936","targetHints":{"allow":["GET"]}}],"collection":[{"href":"https:\/\/www.miamedicalitalia.it\/es\/wp-json\/wp\/v2\/product"}],"about":[{"href":"https:\/\/www.miamedicalitalia.it\/es\/wp-json\/wp\/v2\/types\/product"}],"wp:featuredmedia":[{"embeddable":true,"href":"https:\/\/www.miamedicalitalia.it\/es\/wp-json\/wp\/v2\/media\/12190"}],"wp:attachment":[{"href":"https:\/\/www.miamedicalitalia.it\/es\/wp-json\/wp\/v2\/media?parent=8936"}],"wp:term":[{"taxonomy":"home-category","embeddable":true,"href":"https:\/\/www.miamedicalitalia.it\/es\/wp-json\/wp\/v2\/home-category?post=8936"},{"taxonomy":"product_brand","embeddable":true,"href":"https:\/\/www.miamedicalitalia.it\/es\/wp-json\/wp\/v2\/product_brand?post=8936"},{"taxonomy":"product_cat","embeddable":true,"href":"https:\/\/www.miamedicalitalia.it\/es\/wp-json\/wp\/v2\/product_cat?post=8936"},{"taxonomy":"product_tag","embeddable":true,"href":"https:\/\/www.miamedicalitalia.it\/es\/wp-json\/wp\/v2\/product_tag?post=8936"},{"taxonomy":"woo-feed-brand","embeddable":true,"href":"https:\/\/www.miamedicalitalia.it\/es\/wp-json\/wp\/v2\/woo-feed-brand?post=8936"}],"curies":[{"name":"wp","href":"https:\/\/api.w.org\/{rel}","templated":true}]}}