{"id":8852,"date":"2022-12-21T17:14:36","date_gmt":"2022-12-21T16:14:36","guid":{"rendered":"https:\/\/www.miamedicalitalia.it\/?post_type=product&#038;p=8852"},"modified":"2026-01-07T12:00:41","modified_gmt":"2026-01-07T10:00:41","slug":"sollevatore-elettrico-forfait-imbattibili","status":"publish","type":"product","link":"https:\/\/www.miamedicalitalia.it\/es\/producto\/sollevatore-elettrico-forfait-imbattibili\/","title":{"rendered":"Alquiler de plataformas elevadoras el\u00e9ctricas"},"content":{"rendered":"<h4 class=\"wp-block-heading\" id=\"h-noleggio-sollevatore-elettrico-con-asta-per-anziani-e-persone-con-disabilita-ad-alta-portata-per-chi-assiste-ogni-giorno-con-cura-forza-e-responsabilita\">Alquiler de un elevador de p\u00e9rtiga el\u00e9ctrico para personas mayores y discapacitadas con gran capacidad de elevaci\u00f3n: para quienes ayudan con cuidados, fuerza y responsabilidad en el d\u00eda a d\u00eda.<\/h4>\n\n\n\n<p>Ayudar a una persona con movilidad reducida es una misi\u00f3n que requiere atenci\u00f3n, experiencia y las herramientas adecuadas. El servicio de alquiler de <strong>Polipasto el\u00e9ctrico MUEVO RI828<\/strong>&nbsp;con varilla est\u00e1 dise\u00f1ado para garantizar&nbsp;<strong>m\u00e1xima seguridad y potencia incluso en las transferencias m\u00e1s complejas<\/strong>para usuarios de hasta&nbsp;<strong>200 kg<\/strong>&nbsp;de peso. Una soluci\u00f3n duradera y fiable dise\u00f1ada para&nbsp;<strong>facilitar el trabajo de los cuidadores y auxiliares a domicilio o en la cl\u00ednica<\/strong>.<\/p>\n\n\n\n<h4 class=\"wp-block-heading\" id=\"h-un-aiuto-concreto-per-chi-si-prende-cura-degli-altri\">Ayuda concreta para quienes cuidan de otros<\/h4>\n\n\n\n<blockquote class=\"wp-block-quote is-layout-flow wp-block-quote-is-layout-flow\">\n<p>El uso de una gr\u00faa es especialmente \u00fatil cuando el paciente es incapaz de moverse, por ejemplo, de la silla de ruedas a la cama, o de la silla de ruedas al sill\u00f3n, ya que su estado de salud le impide tanto el movimiento activo como el pasivo, se puede utilizar una gr\u00faa para silla de ruedas. Este modelo ofrece: <\/p>\n\n\n\n<ul class=\"wp-block-list\">\n<li><strong>Gran capacidad de elevaci\u00f3n<\/strong>admite hasta&nbsp;<strong>200 kg<\/strong>Tambi\u00e9n es ideal para pacientes bari\u00e1tricos.<\/li>\n\n\n\n<li><strong>Base ajustable en anchura<\/strong>Se adapta f\u00e1cilmente a espacios dom\u00e9sticos reducidos o habitaciones amuebladas.<\/li>\n\n\n\n<li><strong>Estructura desmontable<\/strong>&nbsp;de acero pintado: resistente y f\u00e1cil de montar y transportar.<\/li>\n\n\n\n<li><strong>Seguridad integrada<\/strong>Bajada manual de emergencia, bot\u00f3n de parada y protecci\u00f3n antiaplastamiento.<\/li>\n\n\n\n<li><strong>Bater\u00eda de larga duraci\u00f3n<\/strong>m\u00e1s de 40 ciclos de carga completa con una sola carga.<\/li>\n\n\n\n<li><strong>Avisos visuales y ac\u00fasticos<\/strong>Indican claramente cu\u00e1ndo es necesario recargar la bater\u00eda.<\/li>\n<\/ul>\n\n\n\n<ul class=\"wp-block-list\">\n<li><\/li>\n<\/ul>\n<\/blockquote>\n\n\n\n<h4 class=\"wp-block-heading\" id=\"h-specifiche-tecniche-del-sollevatore-elettrico-con-asta-ad-alta-portata\">Especificaciones t\u00e9cnicas del elevador el\u00e9ctrico de barras de gran capacidad<\/h4>\n\n\n\n<ul class=\"wp-block-list\">\n<li><strong>Motor el\u00e9ctrico TiMotion<\/strong><\/li>\n\n\n\n<li><strong>Caudal m\u00e1ximo<\/strong>200 kg<\/li>\n\n\n\n<li><strong>Estructura<\/strong>Acero pintado con empu\u00f1aduras de poliuretano<\/li>\n\n\n\n<li><strong>Ruedas giratorias de 10 cm<\/strong>dos con frenos<\/li>\n\n\n\n<li><strong>Apertura manual de la pata de la palanca<\/strong><\/li>\n\n\n\n<li><strong>Bater\u00eda extra\u00edble con indicador de descarga<\/strong><\/li>\n<\/ul>\n\n\n\n<p>Haga clic en <a href=\"https:\/\/www.miamedicalitalia.it\/wp-content\/uploads\/2022\/12\/sollevatore-con-asta-.pdf?_gl=1*1rhhl60*_up*MQ..*_ga*ODE3OTQwNDIwLjE3NDQ0NjU4ODI.*_ga_D9FZ9V3LL7*MTc0NDQ2NTg4Mi4xLjEuMTc0NDQ2NTg5Mi4wLjAuMA..\">aqu\u00ed<\/a> para consultar la ficha t\u00e9cnica completa. <\/p>\n\n\n\n<h4 class=\"wp-block-heading\" id=\"h-per-chi-e-pensato-il-noleggio-del-sollevatore-elettrico-muevo-ri828\">\u00bfPara qui\u00e9n es el polipasto el\u00e9ctrico MUEVO RI828?<\/h4>\n\n\n\n<p>Esta ayuda m\u00e9dica es la elecci\u00f3n ideal para:<\/p>\n\n\n\n<ul class=\"wp-block-list\">\n<li><strong>Cuidadores a domicilio<\/strong>&nbsp;manejo de pacientes con movilidad nula o muy reducida.<\/li>\n\n\n\n<li><strong>Familias que cuidan de personas con discapacidad o enfermedades complejas<\/strong>&nbsp;exigiendo la m\u00e1xima seguridad en los traslados.<\/li>\n\n\n\n<li>Situaciones de&nbsp;<strong>cuidados postoperatorios<\/strong>&nbsp;o de larga estancia.<\/li>\n\n\n\n<li>Entornos residenciales en los que se necesita un dispositivo&nbsp;<strong>robusto pero manejable<\/strong>.<\/li>\n\n\n\n<li><strong>Cl\u00ednicas<\/strong> y <strong>hospitales<\/strong> que desean garantizar la m\u00e1xima seguridad y comodidad a sus pacientes.<\/li>\n<\/ul>\n\n\n\n<h4 class=\"wp-block-heading\" id=\"h-migliora-le-qualita-dell-assistenza-riduci-lo-sforzo-fisico\">Mejorar la calidad de la atenci\u00f3n, reducir el esfuerzo f\u00edsico <\/h4>\n\n\n\n<p>El servicio de alquiler de gr\u00faa de p\u00e9rtiga el\u00e9ctrica de gran altura MUEVO RI828 es un aliado silencioso que le ayuda a evitar sobreesfuerzos, reducir el riesgo de lesiones y afrontar el d\u00eda con mayor tranquilidad. Cada transferencia se vuelve m\u00e1s segura para quien la recibe y m\u00e1s manejable para quien la realiza. <\/p>\n\n\n\n<p>A <strong>inversi\u00f3n inteligente<\/strong> para proteger el <strong>salud<\/strong> del cuidador y mejorar su bienestar.<\/p>\n\n\n\n<p>Visite nuestro <strong><a href=\"https:\/\/www.miamedicalitalia.it\/es\/categoria\/affitto-e-noleggio-ausili\/noleggio-sollevatori-verticalizzatori\/?_gl=1*b43y02*_up*MQ..*_ga*OTQxOTI0NzI3LjE3NDQ0Njc1NjM.*_ga_D9FZ9V3LL7*MTc0NDQ2NzU2Mi4xLjEuMTc0NDQ2NzU4Mi4wLjAuMA..\">.<\/a><\/strong> para descubrir la amplia gama de ascensores de Mia Medical Italia y p\u00f3ngase en contacto con nosotros para una <strong>consulta gratuita<\/strong>sin compromiso, para saber qu\u00e9 modelo se adapta mejor a sus necesidades y a las de las personas a las que asiste. <\/p>\n\n\n\n<h4 class=\"wp-block-heading\" id=\"h-perche-scegliere-il-servizio-di-noleggio-mia-medical-italia\">Por qu\u00e9 elegir el servicio de alquiler de Mia Medical Italia<\/h4>\n\n\n\n<p>El\u00edjanos como sus aliados en materia de alquiler:<\/p>\n\n\n\n<ul class=\"wp-block-list\">\n<li>Hai <strong>asistencia personalizada<\/strong> e <strong>entrega del dispositivo directamente en su domicilio<\/strong>.<\/li>\n\n\n\n<li>Encuentre <strong>dispositivos higienizados, seguros y controlados<\/strong> por personal cualificado.<\/li>\n\n\n\n<li>Hai <strong>apoyo local inmediato<\/strong>tanto en Roma como en Florencia.<\/li>\n\n\n\n<li>Libro en cierto modo <strong>f\u00e1cil<\/strong>con <strong>tarifas transparentes<\/strong> e <strong>opciones flexibles<\/strong> seg\u00fan sus necesidades.<\/li>\n\n\n\n<li><strong><a href=\"https:\/\/www.morettispa.com\/prodotto\/sollevamalati-in-acciaio-verniciato-elettrico-timotion-modello-ingombro-standard-apertura-gambe-a-leva-portata-max-150-kg\/\">Dispositivos de \u00faltima generaci\u00f3n y la mejor calidad del mercado.<\/a><\/strong><\/li>\n<\/ul>\n\n\n\n<p>Adem\u00e1s, si eres el cuidador de una persona dependiente y necesitas que te echen una mano, te recomendamos que visites nuestro <strong>enfermera<\/strong> de confianza <strong><a href=\"http:\/\/www.arnaldiandrea.com\">Andrea Arnaldi<\/a><\/strong>especializado en asistencia a domicilio, permitir\u00e1 a sus seres queridos o pacientes continuar el tratamiento necesario desde la comodidad de su propio hogar. No dude en ponerse en contacto con \u00e9l. <\/p>\n\n\n\n<h4 class=\"wp-block-heading\" id=\"h-come-noleggiare-il-tuo-sollevatore-elettrico-per-anziani-e-persone-con-disabilita\">C\u00f3mo alquilar su elevador el\u00e9ctrico para personas mayores y discapacitadas <\/h4>\n\n\n\n<p><strong><a href=\"https:\/\/wa.me\/393926509237\">P\u00f3ngase en contacto con nosotros<\/a><\/strong>&nbsp;hoy mismo para consultar disponibilidad y presupuesto. Adem\u00e1s, si a\u00fan no le hemos convencido, ll\u00e1menos ahora al&nbsp;<strong><a href=\"https:\/\/wa.me\/393926509237\">+39 392 65 09 237.<\/a><\/strong>&nbsp;Nuestra&nbsp;<strong>equipo de especialistas<\/strong>&nbsp;del sector estar\u00e1n dispuestos a responder a todas sus preguntas y aclarar cualquier duda.&nbsp;<strong>P\u00f3ngase en contacto con nosotros&nbsp;<\/strong>hoy mismo para recibir una consulta gratuita y sin compromiso y deje que nuestros expertos le gu\u00eden hacia una experiencia de alquiler personalizada y adaptada a sus necesidades.<\/p>\n\n\n\n<p>Nota: recuerde <a href=\"https:\/\/www.miamedicalitalia.it\/es\/mia-medical-condizioni-di-noleggio-dei-nostri-ausili-medicali\/?_gl=1*yeqgme*_up*MQ..*_ga*OTQxOTI0NzI3LjE3NDQ0Njc1NjM.*_ga_D9FZ9V3LL7*MTc0NDQ2NzU2Mi4xLjEuMTc0NDQ2ODI5Mi4wLjAuMA..\">consulte nuestras condiciones de alquiler. <\/a><\/p>","protected":false},"excerpt":{"rendered":"<div style=\"font-family: Arial, sans-serif; background-color: #234091; padding: 30px; border-radius: 25px; max-width: 600px; color: #ffffff; position: relative; border-top: 6px solid #2498fe;\">\n<h3 style=\"margin-top: 0; margin-bottom: 15px; color: #ffffff;\">Alquiler de polipasto el\u00e9ctrico con eslinga.<\/h3>\n<p>Entrega en Roma y Florencia a partir de 45 euros.<\/p>\n<p><strong>Entrega gratuita<\/strong> \u00a1para alquileres de 60 d\u00edas!<\/p>\n<p><strong>No se requiere dep\u00f3sito.<\/strong><\/p>\n<p>La entrega y la recogida en el almac\u00e9n son <strong>\u00a1GRATIS!<\/strong><\/p>\n<\/div>\n<p><!-- Linea bianca sotto --><\/p>\n<div style=\"height: 6px; background-color: #ffffff; max-width: 600px;\">\u00a0<\/div>","protected":false},"featured_media":12138,"template":"","meta":{"_acf_changed":false},"home-category":[],"product_brand":[],"product_cat":[81],"product_tag":[101],"woo-feed-brand":[],"class_list":{"0":"post-8852","1":"product","2":"type-product","3":"status-publish","4":"has-post-thumbnail","6":"product_cat-noleggio-sollevatori","7":"product_tag-sollevatore-elettrico-per-disabili","8":"wcpa_has_options","10":"first","11":"instock","12":"shipping-taxable","13":"purchasable","14":"product-type-variable"},"acf":[],"yoast_head":"<!-- This site is optimized with the Yoast SEO Premium plugin v27.5 (Yoast SEO v27.5) - https:\/\/yoast.com\/product\/yoast-seo-premium-wordpress\/ -->\n<title>Noleggio Sollevatore Elettrico. Da 2,50\u20ac al giorno. Solo da Noi.<\/title>\n<meta name=\"description\" content=\"Noleggio Sollevatore elettrico con asta per anziani e persone con disabilit\u00e0. Contattaci al +39 392 65 09 237 per maggiori informazioni.\" \/>\n<meta name=\"robots\" content=\"index, follow, max-snippet:-1, max-image-preview:large, max-video-preview:-1\" \/>\n<link rel=\"canonical\" href=\"https:\/\/www.miamedicalitalia.it\/es\/producto\/sollevatore-elettrico-forfait-imbattibili\/\" \/>\n<meta property=\"og:locale\" content=\"es_ES\" \/>\n<meta property=\"og:type\" content=\"article\" \/>\n<meta property=\"og:title\" content=\"Noleggio Sollevatore Elettrico. Da 2,50\u20ac al giorno. Solo da Noi.\" \/>\n<meta property=\"og:description\" content=\"Noleggio Sollevatore elettrico con asta per anziani e persone con disabilit\u00e0. Contattaci al +39 392 65 09 237 per maggiori informazioni.\" \/>\n<meta property=\"og:url\" content=\"https:\/\/www.miamedicalitalia.it\/es\/producto\/sollevatore-elettrico-forfait-imbattibili\/\" \/>\n<meta property=\"og:site_name\" content=\"Mia Medical\" \/>\n<meta property=\"article:publisher\" content=\"https:\/\/www.facebook.com\/miamedicalitalia\" \/>\n<meta property=\"article:modified_time\" content=\"2026-01-07T10:00:41+00:00\" \/>\n<meta property=\"og:image\" content=\"https:\/\/www.miamedicalitalia.it\/wp-content\/uploads\/2022\/12\/SOLLEVATORE-ELTTRICO-DA-TERRA-.jpg\" \/>\n\t<meta property=\"og:image:width\" content=\"1000\" \/>\n\t<meta property=\"og:image:height\" content=\"1000\" \/>\n\t<meta property=\"og:image:type\" content=\"image\/jpeg\" \/>\n<meta name=\"twitter:card\" content=\"summary_large_image\" \/>\n<meta name=\"twitter:label1\" content=\"Tiempo de lectura\" \/>\n\t<meta name=\"twitter:data1\" content=\"1 minuto\" \/>\n<script type=\"application\/ld+json\" class=\"yoast-schema-graph\">{\"@context\":\"https:\\\/\\\/schema.org\",\"@graph\":[{\"@type\":\"WebPage\",\"@id\":\"https:\\\/\\\/www.miamedicalitalia.it\\\/prodotto\\\/sollevatore-elettrico-forfait-imbattibili\\\/\",\"url\":\"https:\\\/\\\/www.miamedicalitalia.it\\\/prodotto\\\/sollevatore-elettrico-forfait-imbattibili\\\/\",\"name\":\"Noleggio Sollevatore Elettrico. Da 2,50\u20ac al giorno. Solo da Noi.\",\"isPartOf\":{\"@id\":\"https:\\\/\\\/www.miamedicalitalia.it\\\/#website\"},\"primaryImageOfPage\":{\"@id\":\"https:\\\/\\\/www.miamedicalitalia.it\\\/prodotto\\\/sollevatore-elettrico-forfait-imbattibili\\\/#primaryimage\"},\"image\":{\"@id\":\"https:\\\/\\\/www.miamedicalitalia.it\\\/prodotto\\\/sollevatore-elettrico-forfait-imbattibili\\\/#primaryimage\"},\"thumbnailUrl\":\"https:\\\/\\\/www.miamedicalitalia.it\\\/wp-content\\\/uploads\\\/2022\\\/12\\\/SOLLEVATORE-ELTTRICO-DA-TERRA-.jpg\",\"datePublished\":\"2022-12-21T16:14:36+00:00\",\"dateModified\":\"2026-01-07T10:00:41+00:00\",\"description\":\"Noleggio Sollevatore elettrico con asta per anziani e persone con disabilit\u00e0. Contattaci al +39 392 65 09 237 per maggiori informazioni.\",\"breadcrumb\":{\"@id\":\"https:\\\/\\\/www.miamedicalitalia.it\\\/prodotto\\\/sollevatore-elettrico-forfait-imbattibili\\\/#breadcrumb\"},\"inLanguage\":\"es\",\"potentialAction\":[{\"@type\":\"ReadAction\",\"target\":[\"https:\\\/\\\/www.miamedicalitalia.it\\\/prodotto\\\/sollevatore-elettrico-forfait-imbattibili\\\/\"]}]},{\"@type\":\"ImageObject\",\"inLanguage\":\"es\",\"@id\":\"https:\\\/\\\/www.miamedicalitalia.it\\\/prodotto\\\/sollevatore-elettrico-forfait-imbattibili\\\/#primaryimage\",\"url\":\"https:\\\/\\\/www.miamedicalitalia.it\\\/wp-content\\\/uploads\\\/2022\\\/12\\\/SOLLEVATORE-ELTTRICO-DA-TERRA-.jpg\",\"contentUrl\":\"https:\\\/\\\/www.miamedicalitalia.it\\\/wp-content\\\/uploads\\\/2022\\\/12\\\/SOLLEVATORE-ELTTRICO-DA-TERRA-.jpg\",\"width\":1000,\"height\":1000,\"caption\":\"SOLLEVA MALATO ELETTRICO\"},{\"@type\":\"BreadcrumbList\",\"@id\":\"https:\\\/\\\/www.miamedicalitalia.it\\\/prodotto\\\/sollevatore-elettrico-forfait-imbattibili\\\/#breadcrumb\",\"itemListElement\":[{\"@type\":\"ListItem\",\"position\":1,\"name\":\"Home\",\"item\":\"https:\\\/\\\/www.miamedicalitalia.it\\\/\"},{\"@type\":\"ListItem\",\"position\":2,\"name\":\"Shop\",\"item\":\"https:\\\/\\\/www.miamedicalitalia.it\\\/negozio\\\/\"},{\"@type\":\"ListItem\",\"position\":3,\"name\":\"Affitto e noleggio\",\"item\":\"https:\\\/\\\/www.miamedicalitalia.it\\\/categoria\\\/affitto-e-noleggio-ausili\\\/\"},{\"@type\":\"ListItem\",\"position\":4,\"name\":\"Sollevatori\",\"item\":\"https:\\\/\\\/www.miamedicalitalia.it\\\/categoria\\\/affitto-e-noleggio-ausili\\\/noleggio-sollevatori\\\/\"},{\"@type\":\"ListItem\",\"position\":5,\"name\":\"Noleggio Sollevatore elettrico con asta\"}]},{\"@type\":\"WebSite\",\"@id\":\"https:\\\/\\\/www.miamedicalitalia.it\\\/#website\",\"url\":\"https:\\\/\\\/www.miamedicalitalia.it\\\/\",\"name\":\"www.miamedicalitalia.it\",\"description\":\"Noleggio e Vendita Attrezzatura Sanitarie\",\"publisher\":{\"@id\":\"https:\\\/\\\/www.miamedicalitalia.it\\\/#organization\"},\"potentialAction\":[{\"@type\":\"SearchAction\",\"target\":{\"@type\":\"EntryPoint\",\"urlTemplate\":\"https:\\\/\\\/www.miamedicalitalia.it\\\/?s={search_term_string}\"},\"query-input\":{\"@type\":\"PropertyValueSpecification\",\"valueRequired\":true,\"valueName\":\"search_term_string\"}}],\"inLanguage\":\"es\"},{\"@type\":\"Organization\",\"@id\":\"https:\\\/\\\/www.miamedicalitalia.it\\\/#organization\",\"name\":\"OLG\",\"url\":\"https:\\\/\\\/www.miamedicalitalia.it\\\/\",\"logo\":{\"@type\":\"ImageObject\",\"inLanguage\":\"es\",\"@id\":\"https:\\\/\\\/www.miamedicalitalia.it\\\/#\\\/schema\\\/logo\\\/image\\\/\",\"url\":\"https:\\\/\\\/www.miamedicalitalia.it\\\/wp-content\\\/uploads\\\/2023\\\/04\\\/mia-medical-logo-free.png\",\"contentUrl\":\"https:\\\/\\\/www.miamedicalitalia.it\\\/wp-content\\\/uploads\\\/2023\\\/04\\\/mia-medical-logo-free.png\",\"width\":700,\"height\":700,\"caption\":\"OLG\"},\"image\":{\"@id\":\"https:\\\/\\\/www.miamedicalitalia.it\\\/#\\\/schema\\\/logo\\\/image\\\/\"},\"sameAs\":[\"https:\\\/\\\/www.facebook.com\\\/miamedicalitalia\"]}]}<\/script>\n<!-- \/ Yoast SEO Premium plugin. -->","yoast_head_json":{"title":"Alquiler de ascensor el\u00e9ctrico. Desde 2,50\u20ac por d\u00eda. S\u00f3lo con nosotros.","description":"Noleggio Sollevatore elettrico con asta per anziani e persone con disabilit\u00e0. Contattaci al +39 392 65 09 237 per maggiori informazioni.","robots":{"index":"index","follow":"follow","max-snippet":"max-snippet:-1","max-image-preview":"max-image-preview:large","max-video-preview":"max-video-preview:-1"},"canonical":"https:\/\/www.miamedicalitalia.it\/es\/producto\/sollevatore-elettrico-forfait-imbattibili\/","og_locale":"es_ES","og_type":"article","og_title":"Noleggio Sollevatore Elettrico. Da 2,50\u20ac al giorno. Solo da Noi.","og_description":"Noleggio Sollevatore elettrico con asta per anziani e persone con disabilit\u00e0. Contattaci al +39 392 65 09 237 per maggiori informazioni.","og_url":"https:\/\/www.miamedicalitalia.it\/es\/producto\/sollevatore-elettrico-forfait-imbattibili\/","og_site_name":"Mia Medical","article_publisher":"https:\/\/www.facebook.com\/miamedicalitalia","article_modified_time":"2026-01-07T10:00:41+00:00","og_image":[{"width":1000,"height":1000,"url":"https:\/\/www.miamedicalitalia.it\/wp-content\/uploads\/2022\/12\/SOLLEVATORE-ELTTRICO-DA-TERRA-.jpg","type":"image\/jpeg"}],"twitter_card":"summary_large_image","twitter_misc":{"Tiempo de lectura":"1 minuto"},"schema":{"@context":"https:\/\/schema.org","@graph":[{"@type":"WebPage","@id":"https:\/\/www.miamedicalitalia.it\/prodotto\/sollevatore-elettrico-forfait-imbattibili\/","url":"https:\/\/www.miamedicalitalia.it\/prodotto\/sollevatore-elettrico-forfait-imbattibili\/","name":"Alquiler de ascensor el\u00e9ctrico. Desde 2,50\u20ac por d\u00eda. S\u00f3lo con nosotros.","isPartOf":{"@id":"https:\/\/www.miamedicalitalia.it\/#website"},"primaryImageOfPage":{"@id":"https:\/\/www.miamedicalitalia.it\/prodotto\/sollevatore-elettrico-forfait-imbattibili\/#primaryimage"},"image":{"@id":"https:\/\/www.miamedicalitalia.it\/prodotto\/sollevatore-elettrico-forfait-imbattibili\/#primaryimage"},"thumbnailUrl":"https:\/\/www.miamedicalitalia.it\/wp-content\/uploads\/2022\/12\/SOLLEVATORE-ELTTRICO-DA-TERRA-.jpg","datePublished":"2022-12-21T16:14:36+00:00","dateModified":"2026-01-07T10:00:41+00:00","description":"Noleggio Sollevatore elettrico con asta per anziani e persone con disabilit\u00e0. Contattaci al +39 392 65 09 237 per maggiori informazioni.","breadcrumb":{"@id":"https:\/\/www.miamedicalitalia.it\/prodotto\/sollevatore-elettrico-forfait-imbattibili\/#breadcrumb"},"inLanguage":"es","potentialAction":[{"@type":"ReadAction","target":["https:\/\/www.miamedicalitalia.it\/prodotto\/sollevatore-elettrico-forfait-imbattibili\/"]}]},{"@type":"ImageObject","inLanguage":"es","@id":"https:\/\/www.miamedicalitalia.it\/prodotto\/sollevatore-elettrico-forfait-imbattibili\/#primaryimage","url":"https:\/\/www.miamedicalitalia.it\/wp-content\/uploads\/2022\/12\/SOLLEVATORE-ELTTRICO-DA-TERRA-.jpg","contentUrl":"https:\/\/www.miamedicalitalia.it\/wp-content\/uploads\/2022\/12\/SOLLEVATORE-ELTTRICO-DA-TERRA-.jpg","width":1000,"height":1000,"caption":"SOLLEVA MALATO ELETTRICO"},{"@type":"BreadcrumbList","@id":"https:\/\/www.miamedicalitalia.it\/prodotto\/sollevatore-elettrico-forfait-imbattibili\/#breadcrumb","itemListElement":[{"@type":"ListItem","position":1,"name":"Home","item":"https:\/\/www.miamedicalitalia.it\/"},{"@type":"ListItem","position":2,"name":"Shop","item":"https:\/\/www.miamedicalitalia.it\/negozio\/"},{"@type":"ListItem","position":3,"name":"Affitto e noleggio","item":"https:\/\/www.miamedicalitalia.it\/categoria\/affitto-e-noleggio-ausili\/"},{"@type":"ListItem","position":4,"name":"Sollevatori","item":"https:\/\/www.miamedicalitalia.it\/categoria\/affitto-e-noleggio-ausili\/noleggio-sollevatori\/"},{"@type":"ListItem","position":5,"name":"Noleggio Sollevatore elettrico con asta"}]},{"@type":"WebSite","@id":"https:\/\/www.miamedicalitalia.it\/#website","url":"https:\/\/www.miamedicalitalia.it\/","name":"www.miamedicalitalia.it","description":"Alquiler y venta de material sanitario","publisher":{"@id":"https:\/\/www.miamedicalitalia.it\/#organization"},"potentialAction":[{"@type":"SearchAction","target":{"@type":"EntryPoint","urlTemplate":"https:\/\/www.miamedicalitalia.it\/?s={search_term_string}"},"query-input":{"@type":"PropertyValueSpecification","valueRequired":true,"valueName":"search_term_string"}}],"inLanguage":"es"},{"@type":"Organization","@id":"https:\/\/www.miamedicalitalia.it\/#organization","name":"OLG","url":"https:\/\/www.miamedicalitalia.it\/","logo":{"@type":"ImageObject","inLanguage":"es","@id":"https:\/\/www.miamedicalitalia.it\/#\/schema\/logo\/image\/","url":"https:\/\/www.miamedicalitalia.it\/wp-content\/uploads\/2023\/04\/mia-medical-logo-free.png","contentUrl":"https:\/\/www.miamedicalitalia.it\/wp-content\/uploads\/2023\/04\/mia-medical-logo-free.png","width":700,"height":700,"caption":"OLG"},"image":{"@id":"https:\/\/www.miamedicalitalia.it\/#\/schema\/logo\/image\/"},"sameAs":["https:\/\/www.facebook.com\/miamedicalitalia"]}]}},"wcpa_form_fields":{"wcpaData":{"product":{"product_price":80,"price_html":"<span class=\"woocommerce-Price-amount amount\" aria-hidden=\"true\"><bdi><span class=\"woocommerce-Price-currencySymbol\">&euro;<\/span>80.00<\/bdi><\/span> <span aria-hidden=\"true\">-<\/span> <span class=\"woocommerce-Price-amount amount\" aria-hidden=\"true\"><bdi><span class=\"woocommerce-Price-currencySymbol\">&euro;<\/span>250.00<\/bdi><\/span><span class=\"screen-reader-text\">Rango de precios: desde &euro;80.00 hasta &euro;250.00<\/span>","original_product_price":80,"price_including_tax":80,"price_excluding_tax":80,"product_id":{"parent":8852,"variation":false},"is_variable":true,"stock_status":"instock","stock_quantity":null,"parent_sku":"","product_attributes":{"motore":{"is_variation":false,"values":["Linak"]},"quanto-costa":{"is_variation":true,"values":[]}},"custom_fields":[],"is_taxable":false,"product_name":"Noleggio Sollevatore  elettrico con asta","hasImage":false},"fields":{"sec_565f165582eb8c":{"extra":{"key":"sec_565f165582eb8c","section_id":"sec_565f165582eb8c","name":"Predefinito","status":1,"toggle":true,"form_id":12050,"form_rules":{"exclude_from_discount":false,"fee_label":"Frais","disp_hide_options_price":false,"disp_show_section_price":false,"disp_show_field_price":true,"layout_option":"standard","pric_use_as_fee":false,"process_fee_as":"woo_fee"},"layout_option":"standard"},"fields":[[{"active":true,"col":6,"relations":false,"cl_rule":"show","enableCl":false,"price":"","enablePrice":false,"className":"input-text","type":"date","required":true,"elementId":"date_3189538061","name":"date_3189538061","label":"A partire dal giorno:","picker_type":"custom","picker_mode":"single","error":false,"description":"Inserisci la data di inizio del noleggio","gt_translate_keys":["label","description"],"price_dependency":false,"cl_dependency":false,"value":""}]]}},"config":{"price_override":"","enable_recaptcha":false,"bind_quantity":false,"quantity_bind_formula":false,"disp_summ_show_option_price":true,"disp_summ_show_product_price":true,"disp_summ_show_total_price":true,"disp_summ_show_fee":false,"disp_summ_show_discount":false,"summary_title":"","options_total_label":"Prix des options","total_label":"Total","options_product_label":"Prix du produit","fee_label":"Frais","discount_label":"Remise","has_price":true,"has_quantity_formula":false},"mc_unit":1,"tax_rate":1,"tax_rate_real":1,"discount":{"percentage":0,"fixed":0},"design":{"conf":{"LabelPosition":"above","DescPosition":"below","UploadField":"custom_1","QuantityFieldStyle":"default"},"css":{"LeftLabelWidth":"50px"}},"formulas":[],"lookuptables":[],"clones":false,"cartKey":false}},"_links":{"self":[{"href":"https:\/\/www.miamedicalitalia.it\/es\/wp-json\/wp\/v2\/product\/8852","targetHints":{"allow":["GET"]}}],"collection":[{"href":"https:\/\/www.miamedicalitalia.it\/es\/wp-json\/wp\/v2\/product"}],"about":[{"href":"https:\/\/www.miamedicalitalia.it\/es\/wp-json\/wp\/v2\/types\/product"}],"wp:featuredmedia":[{"embeddable":true,"href":"https:\/\/www.miamedicalitalia.it\/es\/wp-json\/wp\/v2\/media\/12138"}],"wp:attachment":[{"href":"https:\/\/www.miamedicalitalia.it\/es\/wp-json\/wp\/v2\/media?parent=8852"}],"wp:term":[{"taxonomy":"home-category","embeddable":true,"href":"https:\/\/www.miamedicalitalia.it\/es\/wp-json\/wp\/v2\/home-category?post=8852"},{"taxonomy":"product_brand","embeddable":true,"href":"https:\/\/www.miamedicalitalia.it\/es\/wp-json\/wp\/v2\/product_brand?post=8852"},{"taxonomy":"product_cat","embeddable":true,"href":"https:\/\/www.miamedicalitalia.it\/es\/wp-json\/wp\/v2\/product_cat?post=8852"},{"taxonomy":"product_tag","embeddable":true,"href":"https:\/\/www.miamedicalitalia.it\/es\/wp-json\/wp\/v2\/product_tag?post=8852"},{"taxonomy":"woo-feed-brand","embeddable":true,"href":"https:\/\/www.miamedicalitalia.it\/es\/wp-json\/wp\/v2\/woo-feed-brand?post=8852"}],"curies":[{"name":"wp","href":"https:\/\/api.w.org\/{rel}","templated":true}]}}