{"id":8800,"date":"2022-11-28T16:57:35","date_gmt":"2022-11-28T15:57:35","guid":{"rendered":"https:\/\/www.miamedicalitalia.it\/?post_type=product&#038;p=8800"},"modified":"2026-03-06T17:08:54","modified_gmt":"2026-03-06T15:08:54","slug":"vendita-materasso-antidecubito-polyplot-90cm","status":"publish","type":"product","link":"https:\/\/www.miamedicalitalia.it\/es\/producto\/vendita-materasso-antidecubito-polyplot-90cm\/","title":{"rendered":"Venta de colch\u00f3n Polyplot 90CM antidec\u00fabito"},"content":{"rendered":"<p>Si una persona est\u00e1 postrada en cama durante mucho tiempo debido a una lesi\u00f3n o enfermedad, es importante tomar precauciones. En <strong>Mia Medical<\/strong>con nuestro <strong>en venta<\/strong> le garantizamos la <strong>colch\u00f3n preventivo antidec\u00fabito de la mejor calidad<\/strong> en el mercado: el modelo <strong>PolyPlot<\/strong> por 90 cm.<\/p>\n\n\n\n<h4 class=\"wp-block-heading\" id=\"h-cos-e-un-materasso-antidecubito-e-a-cosa-serve\"><strong><a href=\"https:\/\/www.miamedicalitalia.it\/es\/materasso-antidecubito-guida-alla-scelta-roma-e-firenze\/\">\u00bfQu\u00e9 es un colch\u00f3n antidec\u00fabito y para qu\u00e9 sirve?<\/a><\/strong><\/h4>\n\n\n\n<p>A&nbsp;<strong>colch\u00f3n antidec\u00fabito<\/strong>&nbsp;es un dispositivo dise\u00f1ado para&nbsp;<strong>prevenir y aliviar <a href=\"https:\/\/www.humanitas.it\/malattie\/piaghe-da-decubito\/\">escaras<\/a><\/strong>es decir, aquellas lesiones de la piel que se forman cuando una persona permanece en la misma posici\u00f3n durante mucho tiempo.<\/p>\n\n\n\n<p>Estas llagas, tambi\u00e9n conocidas como&nbsp;<strong>\u00falceras por presi\u00f3n<\/strong>Se desarrollan porque el peso del cuerpo, si no est\u00e1 bien distribuido, comprime la piel y los tejidos subyacentes, reduciendo la circulaci\u00f3n sangu\u00ednea.<\/p>\n\n\n\n<p>A&nbsp;<strong>colch\u00f3n antidec\u00fabito como el PolyPlot 90 cm<\/strong>&nbsp;ayuda a&nbsp;<strong>reducir la presi\u00f3n sobre las zonas cr\u00edticas<\/strong>mejorar el confort y proteger la piel.<\/p>\n\n\n\n<h4 class=\"wp-block-heading\" id=\"h-a-chi-e-rivolta-la-vendita-del-materasso-preventivo-antidecubito-polyplot-90-cm\"><strong>\u00bfA qui\u00e9n se vende el Colch\u00f3n Antidec\u00fabito PolyPlot 90 cm?<\/strong><\/h4>\n\n\n\n<p>Este colch\u00f3n es ideal para: <\/p>\n\n\n\n<ul class=\"wp-block-list\">\n<li><strong>Mayores<\/strong>&nbsp;con movilidad reducida que pasan mucho tiempo en cama.<\/li>\n\n\n\n<li><strong>Personas con discapacidad motriz<\/strong>que tienen dificultades para cambiar de posici\u00f3n de forma independiente.<\/li>\n\n\n\n<li><strong>Pacientes postoperatorios<\/strong>que tienen que descansar durante largos periodos.<\/li>\n\n\n\n<li><strong>Personas con problemas de circulaci\u00f3n<\/strong>fragilidad cut\u00e1nea o riesgo de desarrollar \u00falceras por presi\u00f3n de estadio I.<\/li>\n<\/ul>\n\n\n\n<h4 class=\"wp-block-heading\" id=\"h-perche-scegliere-il-materasso-polyplot-90-cm\"><strong>\u00bfPor qu\u00e9 elegir el colch\u00f3n PolyPlot 90 cm?<\/strong><\/h4>\n\n\n\n<p>En&nbsp;<strong>PolyPlot 90 cm<\/strong>&nbsp;es un colch\u00f3n hecho de&nbsp;<strong>espuma de poliuretano de alta densidad<\/strong>un material dise\u00f1ado para ofrecer una&nbsp;<strong>soporte ergon\u00f3mico y c\u00f3modo<\/strong>.<\/p>\n\n\n\n<p>Estas son sus principales caracter\u00edsticas: <\/p>\n\n\n\n<ul class=\"wp-block-list\">\n<li><strong>Distribuci\u00f3n \u00f3ptima del peso<\/strong>evita los puntos de presi\u00f3n excesiva sobre la piel.<\/li>\n\n\n\n<li><strong>Superficie perfilada<\/strong>Mejora la ventilaci\u00f3n y evita la acumulaci\u00f3n de humedad.<\/li>\n\n\n\n<li><strong>Bordes laterales reforzados<\/strong>mayor estabilidad y seguridad durante el movimiento.<\/li>\n\n\n\n<li><strong>Forro impermeable y transpirable<\/strong>Protege el colch\u00f3n de l\u00edquidos y bacterias, al tiempo que mantiene la higiene y el confort.<\/li>\n\n\n\n<li><strong>Compatible con camas articuladas<\/strong>Perfecto para quienes necesitan un soporte ajustable.<\/li>\n<\/ul>\n\n\n\n<p>Descubra tambi\u00e9n nuestro&nbsp;<strong><a href=\"https:\/\/www.miamedicalitalia.it\/en\/categoria\/affitto-e-noleggio-ausili\/noleggio-letti-ortopedici-ospedalieri\/\">camas ortop\u00e9dicas el\u00e9ctricas<\/a><\/strong>\u00a1! Si&nbsp;<strong>alquile una de nuestras camas de hospital, incluido en el precio, \u00a1\u00a1\u00a1tambi\u00e9n se lleva un colch\u00f3n PolyPlot ANTI-DECUBIT de 90 cm!!!<\/strong><\/p>\n\n\n\n<h4 class=\"wp-block-heading\" id=\"h-i-benefici-del-materasso-polyplot-90cm\">Las ventajas del colch\u00f3n PolyPlot 90cm <\/h4>\n\n\n\n<ul class=\"wp-block-list\">\n<li><strong>Prevenci\u00f3n de las primeras \u00falceras por presi\u00f3n<\/strong>.<\/li>\n\n\n\n<li><strong>Mayor comodidad y mejor descanso<\/strong>.<\/li>\n\n\n\n<li><strong>Facilidad de limpieza y mantenimiento<\/strong>.<\/li>\n\n\n\n<li><strong>Materiales duraderos de alta calidad<\/strong>.<\/li>\n\n\n\n<li><strong>Adecuado tanto para uso dom\u00e9stico como para centros sanitarios<\/strong>.<\/li>\n<\/ul>\n\n\n\n<p><strong>Atenci\u00f3n<\/strong>: El colch\u00f3n&nbsp;<strong>PolyPlot<\/strong>&nbsp;90 cm es adecuado para pacientes con&nbsp;<strong>RIESGO BAJO<\/strong>y\/o encamados durante un corto periodo de tiempo, y\/o que sufran \u00falceras por presi\u00f3n de nivel 1. En todos los dem\u00e1s casos, para niveles de riesgo m\u00e1s elevados o periodos de reposo en cama m\u00e1s largos, el <a href=\"https:\/\/www.miamedicalitalia.it\/en\/product\/noleggio-materasso-antidecubito-ad-alto-rischio\/\"><strong>CURA ALTA<\/strong>el colch\u00f3n <strong>ANTI-DECUBIT alto riesgo<\/strong>.<\/a><\/p>\n\n\n\n<p><strong>\u00bfC\u00f3mo se reconocen las distintas fases del dec\u00fabito?&nbsp;<\/strong><\/p>\n\n\n\n<ol class=\"wp-block-list\">\n<li><strong>Primera fase<\/strong>superficiales y afectan a la epidermis.&nbsp;<\/li>\n\n\n\n<li><strong>Segunda fase<\/strong>Afectan a la dermis.<\/li>\n\n\n\n<li><strong>Tercera fase<\/strong>afectan a los tejidos subcut\u00e1neos.<\/li>\n\n\n\n<li><strong>Cuarta fase<\/strong>comprometer los m\u00fasculos y las articulaciones.<\/li>\n<\/ol>\n\n\n\n<h4 class=\"wp-block-heading\" id=\"h-perche-scegliere-mia-medical\">\u00bfPor qu\u00e9 elegir Mia Medical? <\/h4>\n\n\n\n<p>Comprar un colch\u00f3n antiescaras es una elecci\u00f3n importante para la salud y el bienestar.&nbsp;<strong>Mia Medical<\/strong> te ofrece:<\/p>\n\n\n\n<ul class=\"wp-block-list\">\n<li><strong>Asesoramiento personalizado<\/strong>&nbsp;para ayudarle a elegir el producto m\u00e1s adecuado.<\/li>\n\n\n\n<li><strong><a href=\"https:\/\/movigroup.com\/en\/\">Productos de alta calidad<\/a>certificado y seguro de <a href=\"https:\/\/www.wimed.it\/chi-siamo\/\">mejores proveedores del mercado.<\/a><\/strong><\/li>\n\n\n\n<li><strong>Entrega r\u00e1pida y servicio dedicado<\/strong>.<\/li>\n<\/ul>\n\n\n\n<p>Si no sabe qu\u00e9 colch\u00f3n elegir, hemos preparado una gu\u00eda completa para ayudarle a elegir el modelo m\u00e1s adecuado a sus necesidades.\u00a0<a href=\"https:\/\/www.miamedicalitalia.it\/es\/materasso-antidecubito-guida-alla-scelta-roma-e-firenze\/\"><strong>\u00a1L\u00e9alo aqu\u00ed para descubrir todas nuestras propuestas de colchones ANTI-DECUBIT!<\/strong>\u00a0<\/a><\/p>\n\n\n\n<p><strong>Pida ya su colch\u00f3n PolyPlot de 90 cm&nbsp;<\/strong><\/p>\n\n\n\n<p>Adem\u00e1s, si usted es un paciente que sufre lesiones por presi\u00f3n, o el cuidador de una persona dependiente, y necesita ayuda, nuestra <strong>enfermera<\/strong> de confianza <strong><a href=\"http:\/\/Www.arnarldiandrea.com\">Andrea Arnaldi<\/a><\/strong> se especializa en&nbsp;<strong>\u00a1tratamiento de lesiones cut\u00e1neas y cuidados a domicilio! \u00a1No dude en ponerse en contacto con \u00e9l para continuar su cuidado, o el de sus seres queridos, en la comodidad de su propio hogar!&nbsp;<\/strong><\/p>\n\n\n\n<p>Proteja su piel, prevenga las \u00falceras por presi\u00f3n y mejore la comodidad del sue\u00f1o con el colch\u00f3n&nbsp;<strong>PolyPlot 90 cm<\/strong>.<\/p>\n\n\n\n<p><strong>P\u00f3ngase en contacto con nosotros para obtener m\u00e1s informaci\u00f3n o haga su pedido ahora.&nbsp;<\/strong><\/p>","protected":false},"excerpt":{"rendered":"<div style=\"font-family: Arial, sans-serif; background-color: #234091; padding: 30px; border-radius: 25px; max-width: 600px; color: #ffffff; position: relative; border-top: 6px solid #2498fe;\">\n<h3 style=\"margin-top: 0; margin-bottom: 15px; color: #ffffff;\">Colch\u00f3n antidec\u00fabito<\/h3>\n<p>Disponible gratuitamente con el alquiler de la cama el\u00e9ctrica ortop\u00e9dica.<\/p>\n<\/div>\n<p><!-- Linea bianca sotto --><\/p>\n<div style=\"height: 6px; background-color: #ffffff; max-width: 600px;\">\u00a0<\/div>","protected":false},"featured_media":12523,"template":"","meta":{"_acf_changed":false},"home-category":[263],"product_brand":[],"product_cat":[261,532],"product_tag":[51,52],"woo-feed-brand":[],"class_list":{"0":"post-8800","1":"product","2":"type-product","3":"status-publish","4":"has-post-thumbnail","6":"home-category-ausili","7":"product_cat-vendita-ausili","8":"product_cat-vendita-materassi-antidecubito-ad-alto-rischio","9":"product_tag-materasso-antidecubito-ad-alto-rischio","10":"product_tag-materasso-antidecubito-preventivo","12":"first","13":"instock","14":"shipping-taxable","15":"purchasable","16":"product-type-simple"},"acf":[],"yoast_head":"<!-- This site is optimized with the Yoast SEO Premium plugin v27.5 (Yoast SEO v27.5) - https:\/\/yoast.com\/product\/yoast-seo-premium-wordpress\/ -->\n<title>Vendita materasso preventivo antidecubito Polyplot<\/title>\n<meta name=\"description\" content=\"Vendita materasso preventivo antidecubito PolyPlot. Prezzo offerta , Spedizione in tutta l&#039;Italia. Disponibilit\u00e0 immediata.Chiama subito 3926509237\" \/>\n<meta name=\"robots\" content=\"index, follow, max-snippet:-1, max-image-preview:large, max-video-preview:-1\" \/>\n<link rel=\"canonical\" href=\"https:\/\/www.miamedicalitalia.it\/es\/producto\/vendita-materasso-antidecubito-polyplot-90cm\/\" \/>\n<meta property=\"og:locale\" content=\"es_ES\" \/>\n<meta property=\"og:type\" content=\"article\" \/>\n<meta property=\"og:title\" content=\"Vendita materasso preventivo antidecubito Polyplot\" \/>\n<meta property=\"og:description\" content=\"Vendita materasso preventivo antidecubito PolyPlot. Prezzo offerta , Spedizione in tutta l&#039;Italia. Disponibilit\u00e0 immediata.Chiama subito 3926509237\" \/>\n<meta property=\"og:url\" content=\"https:\/\/www.miamedicalitalia.it\/es\/producto\/vendita-materasso-antidecubito-polyplot-90cm\/\" \/>\n<meta property=\"og:site_name\" content=\"Mia Medical\" \/>\n<meta property=\"article:publisher\" content=\"https:\/\/www.facebook.com\/miamedicalitalia\" \/>\n<meta property=\"article:modified_time\" content=\"2026-03-06T15:08:54+00:00\" \/>\n<meta property=\"og:image\" content=\"https:\/\/www.miamedicalitalia.it\/wp-content\/uploads\/2022\/11\/Materasso-antidecubito-Polyplot-Wimed-1.jpg\" \/>\n\t<meta property=\"og:image:width\" content=\"1000\" \/>\n\t<meta property=\"og:image:height\" content=\"1000\" \/>\n\t<meta property=\"og:image:type\" content=\"image\/jpeg\" \/>\n<meta name=\"twitter:card\" content=\"summary_large_image\" \/>\n<meta name=\"twitter:label1\" content=\"Tiempo de lectura\" \/>\n\t<meta name=\"twitter:data1\" content=\"3 minutos\" \/>\n<script type=\"application\/ld+json\" class=\"yoast-schema-graph\">{\"@context\":\"https:\\\/\\\/schema.org\",\"@graph\":[{\"@type\":\"WebPage\",\"@id\":\"https:\\\/\\\/www.miamedicalitalia.it\\\/prodotto\\\/vendita-materasso-antidecubito-polyplot-90cm\\\/\",\"url\":\"https:\\\/\\\/www.miamedicalitalia.it\\\/prodotto\\\/vendita-materasso-antidecubito-polyplot-90cm\\\/\",\"name\":\"Vendita materasso preventivo antidecubito Polyplot\",\"isPartOf\":{\"@id\":\"https:\\\/\\\/www.miamedicalitalia.it\\\/#website\"},\"primaryImageOfPage\":{\"@id\":\"https:\\\/\\\/www.miamedicalitalia.it\\\/prodotto\\\/vendita-materasso-antidecubito-polyplot-90cm\\\/#primaryimage\"},\"image\":{\"@id\":\"https:\\\/\\\/www.miamedicalitalia.it\\\/prodotto\\\/vendita-materasso-antidecubito-polyplot-90cm\\\/#primaryimage\"},\"thumbnailUrl\":\"https:\\\/\\\/www.miamedicalitalia.it\\\/wp-content\\\/uploads\\\/2022\\\/11\\\/Materasso-antidecubito-Polyplot-Wimed-1.jpg\",\"datePublished\":\"2022-11-28T15:57:35+00:00\",\"dateModified\":\"2026-03-06T15:08:54+00:00\",\"description\":\"Vendita materasso preventivo antidecubito PolyPlot. Prezzo offerta , Spedizione in tutta l'Italia. Disponibilit\u00e0 immediata.Chiama subito 3926509237\",\"breadcrumb\":{\"@id\":\"https:\\\/\\\/www.miamedicalitalia.it\\\/prodotto\\\/vendita-materasso-antidecubito-polyplot-90cm\\\/#breadcrumb\"},\"inLanguage\":\"es\",\"potentialAction\":[{\"@type\":\"ReadAction\",\"target\":[\"https:\\\/\\\/www.miamedicalitalia.it\\\/prodotto\\\/vendita-materasso-antidecubito-polyplot-90cm\\\/\"]}]},{\"@type\":\"ImageObject\",\"inLanguage\":\"es\",\"@id\":\"https:\\\/\\\/www.miamedicalitalia.it\\\/prodotto\\\/vendita-materasso-antidecubito-polyplot-90cm\\\/#primaryimage\",\"url\":\"https:\\\/\\\/www.miamedicalitalia.it\\\/wp-content\\\/uploads\\\/2022\\\/11\\\/Materasso-antidecubito-Polyplot-Wimed-1.jpg\",\"contentUrl\":\"https:\\\/\\\/www.miamedicalitalia.it\\\/wp-content\\\/uploads\\\/2022\\\/11\\\/Materasso-antidecubito-Polyplot-Wimed-1.jpg\",\"width\":1000,\"height\":1000},{\"@type\":\"BreadcrumbList\",\"@id\":\"https:\\\/\\\/www.miamedicalitalia.it\\\/prodotto\\\/vendita-materasso-antidecubito-polyplot-90cm\\\/#breadcrumb\",\"itemListElement\":[{\"@type\":\"ListItem\",\"position\":1,\"name\":\"Home\",\"item\":\"https:\\\/\\\/www.miamedicalitalia.it\\\/\"},{\"@type\":\"ListItem\",\"position\":2,\"name\":\"Shop\",\"item\":\"https:\\\/\\\/www.miamedicalitalia.it\\\/negozio\\\/\"},{\"@type\":\"ListItem\",\"position\":3,\"name\":\"Vendita\",\"item\":\"https:\\\/\\\/www.miamedicalitalia.it\\\/categoria\\\/vendita-ausili\\\/\"},{\"@type\":\"ListItem\",\"position\":4,\"name\":\"Vendita Materasso antidecubito Polyplot 90CM\"}]},{\"@type\":\"WebSite\",\"@id\":\"https:\\\/\\\/www.miamedicalitalia.it\\\/#website\",\"url\":\"https:\\\/\\\/www.miamedicalitalia.it\\\/\",\"name\":\"www.miamedicalitalia.it\",\"description\":\"Noleggio e Vendita Attrezzatura Sanitarie\",\"publisher\":{\"@id\":\"https:\\\/\\\/www.miamedicalitalia.it\\\/#organization\"},\"potentialAction\":[{\"@type\":\"SearchAction\",\"target\":{\"@type\":\"EntryPoint\",\"urlTemplate\":\"https:\\\/\\\/www.miamedicalitalia.it\\\/?s={search_term_string}\"},\"query-input\":{\"@type\":\"PropertyValueSpecification\",\"valueRequired\":true,\"valueName\":\"search_term_string\"}}],\"inLanguage\":\"es\"},{\"@type\":\"Organization\",\"@id\":\"https:\\\/\\\/www.miamedicalitalia.it\\\/#organization\",\"name\":\"OLG\",\"url\":\"https:\\\/\\\/www.miamedicalitalia.it\\\/\",\"logo\":{\"@type\":\"ImageObject\",\"inLanguage\":\"es\",\"@id\":\"https:\\\/\\\/www.miamedicalitalia.it\\\/#\\\/schema\\\/logo\\\/image\\\/\",\"url\":\"https:\\\/\\\/www.miamedicalitalia.it\\\/wp-content\\\/uploads\\\/2023\\\/04\\\/mia-medical-logo-free.png\",\"contentUrl\":\"https:\\\/\\\/www.miamedicalitalia.it\\\/wp-content\\\/uploads\\\/2023\\\/04\\\/mia-medical-logo-free.png\",\"width\":700,\"height\":700,\"caption\":\"OLG\"},\"image\":{\"@id\":\"https:\\\/\\\/www.miamedicalitalia.it\\\/#\\\/schema\\\/logo\\\/image\\\/\"},\"sameAs\":[\"https:\\\/\\\/www.facebook.com\\\/miamedicalitalia\"]}]}<\/script>\n<!-- \/ Yoast SEO Premium plugin. -->","yoast_head_json":{"title":"Venta de colchones antiescaras Polyplot","description":"Anti-dec\u00fabito colch\u00f3n preventivo PolyPlot para la venta. Precio de oferta , Env\u00edo a toda Italia. Disponibilidad inmediata.Call 3926509237","robots":{"index":"index","follow":"follow","max-snippet":"max-snippet:-1","max-image-preview":"max-image-preview:large","max-video-preview":"max-video-preview:-1"},"canonical":"https:\/\/www.miamedicalitalia.it\/es\/producto\/vendita-materasso-antidecubito-polyplot-90cm\/","og_locale":"es_ES","og_type":"article","og_title":"Vendita materasso preventivo antidecubito Polyplot","og_description":"Vendita materasso preventivo antidecubito PolyPlot. Prezzo offerta , Spedizione in tutta l'Italia. Disponibilit\u00e0 immediata.Chiama subito 3926509237","og_url":"https:\/\/www.miamedicalitalia.it\/es\/producto\/vendita-materasso-antidecubito-polyplot-90cm\/","og_site_name":"Mia Medical","article_publisher":"https:\/\/www.facebook.com\/miamedicalitalia","article_modified_time":"2026-03-06T15:08:54+00:00","og_image":[{"width":1000,"height":1000,"url":"https:\/\/www.miamedicalitalia.it\/wp-content\/uploads\/2022\/11\/Materasso-antidecubito-Polyplot-Wimed-1.jpg","type":"image\/jpeg"}],"twitter_card":"summary_large_image","twitter_misc":{"Tiempo de lectura":"3 minutos"},"schema":{"@context":"https:\/\/schema.org","@graph":[{"@type":"WebPage","@id":"https:\/\/www.miamedicalitalia.it\/prodotto\/vendita-materasso-antidecubito-polyplot-90cm\/","url":"https:\/\/www.miamedicalitalia.it\/prodotto\/vendita-materasso-antidecubito-polyplot-90cm\/","name":"Venta de colchones antiescaras Polyplot","isPartOf":{"@id":"https:\/\/www.miamedicalitalia.it\/#website"},"primaryImageOfPage":{"@id":"https:\/\/www.miamedicalitalia.it\/prodotto\/vendita-materasso-antidecubito-polyplot-90cm\/#primaryimage"},"image":{"@id":"https:\/\/www.miamedicalitalia.it\/prodotto\/vendita-materasso-antidecubito-polyplot-90cm\/#primaryimage"},"thumbnailUrl":"https:\/\/www.miamedicalitalia.it\/wp-content\/uploads\/2022\/11\/Materasso-antidecubito-Polyplot-Wimed-1.jpg","datePublished":"2022-11-28T15:57:35+00:00","dateModified":"2026-03-06T15:08:54+00:00","description":"Anti-dec\u00fabito colch\u00f3n preventivo PolyPlot para la venta. Precio de oferta , Env\u00edo a toda Italia. Disponibilidad inmediata.Call 3926509237","breadcrumb":{"@id":"https:\/\/www.miamedicalitalia.it\/prodotto\/vendita-materasso-antidecubito-polyplot-90cm\/#breadcrumb"},"inLanguage":"es","potentialAction":[{"@type":"ReadAction","target":["https:\/\/www.miamedicalitalia.it\/prodotto\/vendita-materasso-antidecubito-polyplot-90cm\/"]}]},{"@type":"ImageObject","inLanguage":"es","@id":"https:\/\/www.miamedicalitalia.it\/prodotto\/vendita-materasso-antidecubito-polyplot-90cm\/#primaryimage","url":"https:\/\/www.miamedicalitalia.it\/wp-content\/uploads\/2022\/11\/Materasso-antidecubito-Polyplot-Wimed-1.jpg","contentUrl":"https:\/\/www.miamedicalitalia.it\/wp-content\/uploads\/2022\/11\/Materasso-antidecubito-Polyplot-Wimed-1.jpg","width":1000,"height":1000},{"@type":"BreadcrumbList","@id":"https:\/\/www.miamedicalitalia.it\/prodotto\/vendita-materasso-antidecubito-polyplot-90cm\/#breadcrumb","itemListElement":[{"@type":"ListItem","position":1,"name":"Home","item":"https:\/\/www.miamedicalitalia.it\/"},{"@type":"ListItem","position":2,"name":"Shop","item":"https:\/\/www.miamedicalitalia.it\/negozio\/"},{"@type":"ListItem","position":3,"name":"Vendita","item":"https:\/\/www.miamedicalitalia.it\/categoria\/vendita-ausili\/"},{"@type":"ListItem","position":4,"name":"Vendita Materasso antidecubito Polyplot 90CM"}]},{"@type":"WebSite","@id":"https:\/\/www.miamedicalitalia.it\/#website","url":"https:\/\/www.miamedicalitalia.it\/","name":"www.miamedicalitalia.it","description":"Alquiler y venta de material sanitario","publisher":{"@id":"https:\/\/www.miamedicalitalia.it\/#organization"},"potentialAction":[{"@type":"SearchAction","target":{"@type":"EntryPoint","urlTemplate":"https:\/\/www.miamedicalitalia.it\/?s={search_term_string}"},"query-input":{"@type":"PropertyValueSpecification","valueRequired":true,"valueName":"search_term_string"}}],"inLanguage":"es"},{"@type":"Organization","@id":"https:\/\/www.miamedicalitalia.it\/#organization","name":"OLG","url":"https:\/\/www.miamedicalitalia.it\/","logo":{"@type":"ImageObject","inLanguage":"es","@id":"https:\/\/www.miamedicalitalia.it\/#\/schema\/logo\/image\/","url":"https:\/\/www.miamedicalitalia.it\/wp-content\/uploads\/2023\/04\/mia-medical-logo-free.png","contentUrl":"https:\/\/www.miamedicalitalia.it\/wp-content\/uploads\/2023\/04\/mia-medical-logo-free.png","width":700,"height":700,"caption":"OLG"},"image":{"@id":"https:\/\/www.miamedicalitalia.it\/#\/schema\/logo\/image\/"},"sameAs":["https:\/\/www.facebook.com\/miamedicalitalia"]}]}},"wcpa_form_fields":null,"_links":{"self":[{"href":"https:\/\/www.miamedicalitalia.it\/es\/wp-json\/wp\/v2\/product\/8800","targetHints":{"allow":["GET"]}}],"collection":[{"href":"https:\/\/www.miamedicalitalia.it\/es\/wp-json\/wp\/v2\/product"}],"about":[{"href":"https:\/\/www.miamedicalitalia.it\/es\/wp-json\/wp\/v2\/types\/product"}],"wp:featuredmedia":[{"embeddable":true,"href":"https:\/\/www.miamedicalitalia.it\/es\/wp-json\/wp\/v2\/media\/12523"}],"wp:attachment":[{"href":"https:\/\/www.miamedicalitalia.it\/es\/wp-json\/wp\/v2\/media?parent=8800"}],"wp:term":[{"taxonomy":"home-category","embeddable":true,"href":"https:\/\/www.miamedicalitalia.it\/es\/wp-json\/wp\/v2\/home-category?post=8800"},{"taxonomy":"product_brand","embeddable":true,"href":"https:\/\/www.miamedicalitalia.it\/es\/wp-json\/wp\/v2\/product_brand?post=8800"},{"taxonomy":"product_cat","embeddable":true,"href":"https:\/\/www.miamedicalitalia.it\/es\/wp-json\/wp\/v2\/product_cat?post=8800"},{"taxonomy":"product_tag","embeddable":true,"href":"https:\/\/www.miamedicalitalia.it\/es\/wp-json\/wp\/v2\/product_tag?post=8800"},{"taxonomy":"woo-feed-brand","embeddable":true,"href":"https:\/\/www.miamedicalitalia.it\/es\/wp-json\/wp\/v2\/woo-feed-brand?post=8800"}],"curies":[{"name":"wp","href":"https:\/\/api.w.org\/{rel}","templated":true}]}}