{"id":14646,"date":"2025-10-02T09:10:18","date_gmt":"2025-10-02T07:10:18","guid":{"rendered":"https:\/\/www.miamedicalitalia.it\/?post_type=product&#038;p=14646"},"modified":"2026-03-06T17:05:51","modified_gmt":"2026-03-06T15:05:51","slug":"deambulatore-in-alluminio-pieghevole-ultraleggero-in-vendita","status":"publish","type":"product","link":"https:\/\/www.miamedicalitalia.it\/es\/producto\/deambulatore-in-alluminio-pieghevole-ultraleggero-in-vendita\/","title":{"rendered":"Se vende andador de aluminio plegable ultraligero\u00a0"},"content":{"rendered":"<p>\u00bfNecesita un apoyo seguro para caminar? Nuestra <strong>andador de aluminio plegable y ultraligero con cuatro ruedas<\/strong>\u00a0es la soluci\u00f3n ideal para mejorar su movilidad de forma pr\u00e1ctica y c\u00f3moda.<\/p>\n\n\n\n<h3 class=\"wp-block-heading\" id=\"h-cos-e-un-deambulatore-pieghevole-e-ultraleggero-a-quattro-ruote\">\u00bfQu\u00e9 es un andador de cuatro ruedas plegable y ultraligero?<\/h3>\n\n\n\n<p>Un andador es una ayuda para la movilidad dise\u00f1ada para proporcionar&nbsp;<strong>estabilidad, seguridad y facilidad de movimiento<\/strong>. Este modelo, fabricado en&nbsp;<strong>aluminio ligero<\/strong>est\u00e1 equipado con&nbsp;<strong>todoterrenos<\/strong>,&nbsp;<strong>asas ergon\u00f3micas<\/strong>&nbsp;y un pr\u00e1ctico sistema de frenado para un uso seguro tanto en interiores como en exteriores. Adem\u00e1s, su funci\u00f3n&nbsp;<strong>plegable<\/strong>&nbsp;facilita su transporte.<\/p>\n\n\n\n<h3 class=\"wp-block-heading\" id=\"h-per-chi-e-indicato-questo-deambulatore\">\u00bfPara qui\u00e9n es adecuado este andador? <\/h3>\n\n\n\n<p>Caminantes&nbsp;<strong>est\u00e1n indicados durante la reeducaci\u00f3n de la marcha en personas mayores o con limitaciones funcionales de diversa \u00edndole<\/strong>. Ofrecen estabilidad, facilidad de uso y mejoran la sensaci\u00f3n de equilibrio del usuario.<\/p>\n\n\n\n<p>El andador ultraligero plegable de aluminio con cuatro ruedas es ideal para:<\/p>\n\n\n\n<ul class=\"wp-block-list\">\n<li><strong>Personas con dificultades motrices<\/strong>\u00a0que necesitan un apoyo estable para caminar.<\/li>\n\n\n\n<li><strong>Pacientes en rehabilitaci\u00f3n<\/strong>\u00a0tras una intervenci\u00f3n quir\u00fargica o un traumatismo en las extremidades inferiores.<\/li>\n\n\n\n<li><strong>Personas mayores con problemas de equilibrio<\/strong>\u00a0que buscan una ayuda segura y f\u00e1cil de manejar.<\/li>\n\n\n\n<li><strong>Personas con debilidad muscular<\/strong>\u00a0que desean reducir el esfuerzo al caminar.<\/li>\n<\/ul>\n\n\n\n<h3 class=\"wp-block-heading\" id=\"h-caratteristiche-tecniche-del-deambulatore-ultraleggero-e-pieghevole\">Especificaciones t\u00e9cnicas del andador ultraligero y plegable<\/h3>\n\n\n\n<ul class=\"wp-block-list\">\n<li><strong>Construcci\u00f3n ligera de aluminio<\/strong>duradero y f\u00e1cil de transportar.<\/li>\n\n\n\n<li><strong>Cuatro ruedas giratorias<\/strong>\u00a0para una excelente maniobrabilidad.<\/li>\n\n\n\n<li><strong>Frenos de seguridad<\/strong>\u00a0para un mayor control durante el uso.<\/li>\n\n\n\n<li><strong>Asas ergon\u00f3micas<\/strong>\u00a0para un agarre c\u00f3modo y seguro.<\/li>\n\n\n\n<li><strong>Ultraligero y plegable<\/strong>\u00a0adaptarse a las necesidades de cada persona.<\/li>\n<\/ul>\n\n\n\n<h3 class=\"wp-block-heading\" id=\"h-i-benefici\">Beneficios<\/h3>\n\n\n\n<ul class=\"wp-block-list\">\n<li><strong>Mayor independencia<\/strong>\u00a0en los desplazamientos diarios.<\/li>\n\n\n\n<li><strong>Facilidad de uso<\/strong>incluso para los que tienen poca fuerza en las manos.<\/li>\n\n\n\n<li><strong>Adecuado para interiores\u00a0<\/strong>gracias a las ruedas maniobrables.<\/li>\n\n\n\n<li><strong>Seguridad y comodidad<\/strong>con un dise\u00f1o que reduce el riesgo de ca\u00eddas.<\/li>\n<\/ul>\n\n\n\n<p>En este sentido, es una herramienta ideal para moverse en&nbsp;<strong>casa.<\/strong><\/p>\n\n\n\n<h3 class=\"wp-block-heading\" id=\"h-perche-scegliere-mia-medical\">\u00bfPor qu\u00e9 elegir Mia Medical?<\/h3>\n\n\n\n<ul class=\"wp-block-list\">\n<li><strong>Asesoramiento personalizado<\/strong>\u00a0para encontrar el producto adecuado a sus necesidades.<\/li>\n\n\n\n<li><strong>Productos de alta calidad<\/strong>certificado y seguro por la\u00a0<a href=\"https:\/\/www.wimed.it\/\">mejores proveedores del mercado.<\/a><\/li>\n\n\n\n<li><strong>Entrega r\u00e1pida<\/strong>\u00a0e\u00a0<strong>asistencia garantizada<\/strong>.<\/li>\n<\/ul>\n\n\n\n<p>\u00bfEs usted el cuidador de una persona mayor o dependiente y necesita ayuda? Nuestra&nbsp;<strong>enfermera<\/strong>&nbsp;de confianza&nbsp;<strong><a href=\"http:\/\/www.arnaldiandrea.com\/\">Andrea Arnaldi<\/a><\/strong>&nbsp;se especializa en el \u00e1mbito&nbsp;<strong>atenci\u00f3n domiciliaria<\/strong>y est\u00e1 dispuesta a ayudarle a cuidar del confort de su hogar.<\/p>\n\n\n\n<p>\u00bfNecesita ayuda para elegir el andador adecuado para usted?&nbsp;<strong><a href=\"https:\/\/wa.me\/393926509237\">P\u00f3ngase en contacto con nosotros<\/a><\/strong>&nbsp;para una consulta gratuita<\/p>\n\n\n\n<p><\/p>","protected":false},"excerpt":{"rendered":"<div style=\"font-family: Arial, sans-serif; background-color: #234091; padding: 30px; border-radius: 25px; max-width: 600px; color: #ffffff; position: relative; border-top: 6px solid #2498fe;\">\n<h3 style=\"margin-top: 0; margin-bottom: 15px; color: #ffffff;\">Andador de aluminio plegable ultraligero<\/h3>\n<p>\u00a1C\u00f3mpralo ya! <strong>Env\u00edo gratuito<\/strong> en toda Italia.<\/div>\n<p><!-- Linea bianca sotto --><\/p>\n<div style=\"height: 6px; background-color: #ffffff; max-width: 600px;\">\u00a0<\/div>","protected":false},"featured_media":14649,"template":"","meta":{"_acf_changed":false},"home-category":[],"product_brand":[],"product_cat":[261,531],"product_tag":[],"woo-feed-brand":[],"class_list":{"0":"post-14646","1":"product","2":"type-product","3":"status-publish","4":"has-post-thumbnail","6":"product_cat-vendita-ausili","7":"product_cat-vendita-deambulatori-rollator","8":"product_shipping_class-ausili-grandi","10":"first","11":"instock","12":"shipping-taxable","13":"purchasable","14":"product-type-simple"},"acf":[],"yoast_head":"<!-- This site is optimized with the Yoast SEO Premium plugin v27.5 (Yoast SEO v27.5) - https:\/\/yoast.com\/product\/yoast-seo-premium-wordpress\/ -->\n<title>Deambulatore in alluminio pieghevole ultraleggero\u00a0in vendita<\/title>\n<meta name=\"description\" content=\"Acquista il rollator pieghevole in alluminio leggero e resistente, con ruote, seduta e cestino. Spedizione gratuita in tutta Italia.\" \/>\n<meta name=\"robots\" content=\"index, follow, max-snippet:-1, max-image-preview:large, max-video-preview:-1\" \/>\n<link rel=\"canonical\" href=\"https:\/\/www.miamedicalitalia.it\/es\/producto\/deambulatore-in-alluminio-pieghevole-ultraleggero-in-vendita\/\" \/>\n<meta property=\"og:locale\" content=\"es_ES\" \/>\n<meta property=\"og:type\" content=\"article\" \/>\n<meta property=\"og:title\" content=\"Deambulatore in alluminio pieghevole ultraleggero\u00a0in vendita\" \/>\n<meta property=\"og:description\" content=\"Acquista il rollator pieghevole in alluminio leggero e resistente, con ruote, seduta e cestino. Spedizione gratuita in tutta Italia.\" \/>\n<meta property=\"og:url\" content=\"https:\/\/www.miamedicalitalia.it\/es\/producto\/deambulatore-in-alluminio-pieghevole-ultraleggero-in-vendita\/\" \/>\n<meta property=\"og:site_name\" content=\"Mia Medical\" \/>\n<meta property=\"article:publisher\" content=\"https:\/\/www.facebook.com\/miamedicalitalia\" \/>\n<meta property=\"article:modified_time\" content=\"2026-03-06T15:05:51+00:00\" \/>\n<meta property=\"og:image\" content=\"https:\/\/www.miamedicalitalia.it\/wp-content\/uploads\/2025\/09\/rollatore-alluminio.jpg\" \/>\n\t<meta property=\"og:image:width\" content=\"1000\" \/>\n\t<meta property=\"og:image:height\" content=\"1000\" \/>\n\t<meta property=\"og:image:type\" content=\"image\/jpeg\" \/>\n<meta name=\"twitter:card\" content=\"summary_large_image\" \/>\n<meta name=\"twitter:label1\" content=\"Tiempo de lectura\" \/>\n\t<meta name=\"twitter:data1\" content=\"2 minutos\" \/>\n<script type=\"application\/ld+json\" class=\"yoast-schema-graph\">{\"@context\":\"https:\\\/\\\/schema.org\",\"@graph\":[{\"@type\":\"WebPage\",\"@id\":\"https:\\\/\\\/www.miamedicalitalia.it\\\/prodotto\\\/deambulatore-in-alluminio-pieghevole-ultraleggero-in-vendita\\\/\",\"url\":\"https:\\\/\\\/www.miamedicalitalia.it\\\/prodotto\\\/deambulatore-in-alluminio-pieghevole-ultraleggero-in-vendita\\\/\",\"name\":\"Deambulatore in alluminio pieghevole ultraleggero\u00a0in vendita\",\"isPartOf\":{\"@id\":\"https:\\\/\\\/www.miamedicalitalia.it\\\/#website\"},\"primaryImageOfPage\":{\"@id\":\"https:\\\/\\\/www.miamedicalitalia.it\\\/prodotto\\\/deambulatore-in-alluminio-pieghevole-ultraleggero-in-vendita\\\/#primaryimage\"},\"image\":{\"@id\":\"https:\\\/\\\/www.miamedicalitalia.it\\\/prodotto\\\/deambulatore-in-alluminio-pieghevole-ultraleggero-in-vendita\\\/#primaryimage\"},\"thumbnailUrl\":\"https:\\\/\\\/www.miamedicalitalia.it\\\/wp-content\\\/uploads\\\/2025\\\/09\\\/rollatore-alluminio.jpg\",\"datePublished\":\"2025-10-02T07:10:18+00:00\",\"dateModified\":\"2026-03-06T15:05:51+00:00\",\"description\":\"Acquista il rollator pieghevole in alluminio leggero e resistente, con ruote, seduta e cestino. Spedizione gratuita in tutta Italia.\",\"breadcrumb\":{\"@id\":\"https:\\\/\\\/www.miamedicalitalia.it\\\/prodotto\\\/deambulatore-in-alluminio-pieghevole-ultraleggero-in-vendita\\\/#breadcrumb\"},\"inLanguage\":\"es\",\"potentialAction\":[{\"@type\":\"ReadAction\",\"target\":[\"https:\\\/\\\/www.miamedicalitalia.it\\\/prodotto\\\/deambulatore-in-alluminio-pieghevole-ultraleggero-in-vendita\\\/\"]}]},{\"@type\":\"ImageObject\",\"inLanguage\":\"es\",\"@id\":\"https:\\\/\\\/www.miamedicalitalia.it\\\/prodotto\\\/deambulatore-in-alluminio-pieghevole-ultraleggero-in-vendita\\\/#primaryimage\",\"url\":\"https:\\\/\\\/www.miamedicalitalia.it\\\/wp-content\\\/uploads\\\/2025\\\/09\\\/rollatore-alluminio.jpg\",\"contentUrl\":\"https:\\\/\\\/www.miamedicalitalia.it\\\/wp-content\\\/uploads\\\/2025\\\/09\\\/rollatore-alluminio.jpg\",\"width\":1000,\"height\":1000},{\"@type\":\"BreadcrumbList\",\"@id\":\"https:\\\/\\\/www.miamedicalitalia.it\\\/prodotto\\\/deambulatore-in-alluminio-pieghevole-ultraleggero-in-vendita\\\/#breadcrumb\",\"itemListElement\":[{\"@type\":\"ListItem\",\"position\":1,\"name\":\"Home\",\"item\":\"https:\\\/\\\/www.miamedicalitalia.it\\\/\"},{\"@type\":\"ListItem\",\"position\":2,\"name\":\"Shop\",\"item\":\"https:\\\/\\\/www.miamedicalitalia.it\\\/negozio\\\/\"},{\"@type\":\"ListItem\",\"position\":3,\"name\":\"Vendita\",\"item\":\"https:\\\/\\\/www.miamedicalitalia.it\\\/categoria\\\/vendita-ausili\\\/\"},{\"@type\":\"ListItem\",\"position\":4,\"name\":\"Vendita Deambulatore in alluminio pieghevole ultraleggero\u00a0\"}]},{\"@type\":\"WebSite\",\"@id\":\"https:\\\/\\\/www.miamedicalitalia.it\\\/#website\",\"url\":\"https:\\\/\\\/www.miamedicalitalia.it\\\/\",\"name\":\"www.miamedicalitalia.it\",\"description\":\"Noleggio e Vendita Attrezzatura Sanitarie\",\"publisher\":{\"@id\":\"https:\\\/\\\/www.miamedicalitalia.it\\\/#organization\"},\"potentialAction\":[{\"@type\":\"SearchAction\",\"target\":{\"@type\":\"EntryPoint\",\"urlTemplate\":\"https:\\\/\\\/www.miamedicalitalia.it\\\/?s={search_term_string}\"},\"query-input\":{\"@type\":\"PropertyValueSpecification\",\"valueRequired\":true,\"valueName\":\"search_term_string\"}}],\"inLanguage\":\"es\"},{\"@type\":\"Organization\",\"@id\":\"https:\\\/\\\/www.miamedicalitalia.it\\\/#organization\",\"name\":\"OLG\",\"url\":\"https:\\\/\\\/www.miamedicalitalia.it\\\/\",\"logo\":{\"@type\":\"ImageObject\",\"inLanguage\":\"es\",\"@id\":\"https:\\\/\\\/www.miamedicalitalia.it\\\/#\\\/schema\\\/logo\\\/image\\\/\",\"url\":\"https:\\\/\\\/www.miamedicalitalia.it\\\/wp-content\\\/uploads\\\/2023\\\/04\\\/mia-medical-logo-free.png\",\"contentUrl\":\"https:\\\/\\\/www.miamedicalitalia.it\\\/wp-content\\\/uploads\\\/2023\\\/04\\\/mia-medical-logo-free.png\",\"width\":700,\"height\":700,\"caption\":\"OLG\"},\"image\":{\"@id\":\"https:\\\/\\\/www.miamedicalitalia.it\\\/#\\\/schema\\\/logo\\\/image\\\/\"},\"sameAs\":[\"https:\\\/\\\/www.facebook.com\\\/miamedicalitalia\"]}]}<\/script>\n<!-- \/ Yoast SEO Premium plugin. -->","yoast_head_json":{"title":"Se vende andador de aluminio plegable ultraligero","description":"Compra el rollator plegable de aluminio ligero y duradero con ruedas, asiento y cesta. Env\u00edo gratuito a toda Italia.","robots":{"index":"index","follow":"follow","max-snippet":"max-snippet:-1","max-image-preview":"max-image-preview:large","max-video-preview":"max-video-preview:-1"},"canonical":"https:\/\/www.miamedicalitalia.it\/es\/producto\/deambulatore-in-alluminio-pieghevole-ultraleggero-in-vendita\/","og_locale":"es_ES","og_type":"article","og_title":"Deambulatore in alluminio pieghevole ultraleggero\u00a0in vendita","og_description":"Acquista il rollator pieghevole in alluminio leggero e resistente, con ruote, seduta e cestino. Spedizione gratuita in tutta Italia.","og_url":"https:\/\/www.miamedicalitalia.it\/es\/producto\/deambulatore-in-alluminio-pieghevole-ultraleggero-in-vendita\/","og_site_name":"Mia Medical","article_publisher":"https:\/\/www.facebook.com\/miamedicalitalia","article_modified_time":"2026-03-06T15:05:51+00:00","og_image":[{"width":1000,"height":1000,"url":"https:\/\/www.miamedicalitalia.it\/wp-content\/uploads\/2025\/09\/rollatore-alluminio.jpg","type":"image\/jpeg"}],"twitter_card":"summary_large_image","twitter_misc":{"Tiempo de lectura":"2 minutos"},"schema":{"@context":"https:\/\/schema.org","@graph":[{"@type":"WebPage","@id":"https:\/\/www.miamedicalitalia.it\/prodotto\/deambulatore-in-alluminio-pieghevole-ultraleggero-in-vendita\/","url":"https:\/\/www.miamedicalitalia.it\/prodotto\/deambulatore-in-alluminio-pieghevole-ultraleggero-in-vendita\/","name":"Se vende andador de aluminio plegable ultraligero","isPartOf":{"@id":"https:\/\/www.miamedicalitalia.it\/#website"},"primaryImageOfPage":{"@id":"https:\/\/www.miamedicalitalia.it\/prodotto\/deambulatore-in-alluminio-pieghevole-ultraleggero-in-vendita\/#primaryimage"},"image":{"@id":"https:\/\/www.miamedicalitalia.it\/prodotto\/deambulatore-in-alluminio-pieghevole-ultraleggero-in-vendita\/#primaryimage"},"thumbnailUrl":"https:\/\/www.miamedicalitalia.it\/wp-content\/uploads\/2025\/09\/rollatore-alluminio.jpg","datePublished":"2025-10-02T07:10:18+00:00","dateModified":"2026-03-06T15:05:51+00:00","description":"Compra el rollator plegable de aluminio ligero y duradero con ruedas, asiento y cesta. Env\u00edo gratuito a toda Italia.","breadcrumb":{"@id":"https:\/\/www.miamedicalitalia.it\/prodotto\/deambulatore-in-alluminio-pieghevole-ultraleggero-in-vendita\/#breadcrumb"},"inLanguage":"es","potentialAction":[{"@type":"ReadAction","target":["https:\/\/www.miamedicalitalia.it\/prodotto\/deambulatore-in-alluminio-pieghevole-ultraleggero-in-vendita\/"]}]},{"@type":"ImageObject","inLanguage":"es","@id":"https:\/\/www.miamedicalitalia.it\/prodotto\/deambulatore-in-alluminio-pieghevole-ultraleggero-in-vendita\/#primaryimage","url":"https:\/\/www.miamedicalitalia.it\/wp-content\/uploads\/2025\/09\/rollatore-alluminio.jpg","contentUrl":"https:\/\/www.miamedicalitalia.it\/wp-content\/uploads\/2025\/09\/rollatore-alluminio.jpg","width":1000,"height":1000},{"@type":"BreadcrumbList","@id":"https:\/\/www.miamedicalitalia.it\/prodotto\/deambulatore-in-alluminio-pieghevole-ultraleggero-in-vendita\/#breadcrumb","itemListElement":[{"@type":"ListItem","position":1,"name":"Home","item":"https:\/\/www.miamedicalitalia.it\/"},{"@type":"ListItem","position":2,"name":"Shop","item":"https:\/\/www.miamedicalitalia.it\/negozio\/"},{"@type":"ListItem","position":3,"name":"Vendita","item":"https:\/\/www.miamedicalitalia.it\/categoria\/vendita-ausili\/"},{"@type":"ListItem","position":4,"name":"Vendita Deambulatore in alluminio pieghevole ultraleggero\u00a0"}]},{"@type":"WebSite","@id":"https:\/\/www.miamedicalitalia.it\/#website","url":"https:\/\/www.miamedicalitalia.it\/","name":"www.miamedicalitalia.it","description":"Alquiler y venta de material sanitario","publisher":{"@id":"https:\/\/www.miamedicalitalia.it\/#organization"},"potentialAction":[{"@type":"SearchAction","target":{"@type":"EntryPoint","urlTemplate":"https:\/\/www.miamedicalitalia.it\/?s={search_term_string}"},"query-input":{"@type":"PropertyValueSpecification","valueRequired":true,"valueName":"search_term_string"}}],"inLanguage":"es"},{"@type":"Organization","@id":"https:\/\/www.miamedicalitalia.it\/#organization","name":"OLG","url":"https:\/\/www.miamedicalitalia.it\/","logo":{"@type":"ImageObject","inLanguage":"es","@id":"https:\/\/www.miamedicalitalia.it\/#\/schema\/logo\/image\/","url":"https:\/\/www.miamedicalitalia.it\/wp-content\/uploads\/2023\/04\/mia-medical-logo-free.png","contentUrl":"https:\/\/www.miamedicalitalia.it\/wp-content\/uploads\/2023\/04\/mia-medical-logo-free.png","width":700,"height":700,"caption":"OLG"},"image":{"@id":"https:\/\/www.miamedicalitalia.it\/#\/schema\/logo\/image\/"},"sameAs":["https:\/\/www.facebook.com\/miamedicalitalia"]}]}},"wcpa_form_fields":null,"_links":{"self":[{"href":"https:\/\/www.miamedicalitalia.it\/es\/wp-json\/wp\/v2\/product\/14646","targetHints":{"allow":["GET"]}}],"collection":[{"href":"https:\/\/www.miamedicalitalia.it\/es\/wp-json\/wp\/v2\/product"}],"about":[{"href":"https:\/\/www.miamedicalitalia.it\/es\/wp-json\/wp\/v2\/types\/product"}],"wp:featuredmedia":[{"embeddable":true,"href":"https:\/\/www.miamedicalitalia.it\/es\/wp-json\/wp\/v2\/media\/14649"}],"wp:attachment":[{"href":"https:\/\/www.miamedicalitalia.it\/es\/wp-json\/wp\/v2\/media?parent=14646"}],"wp:term":[{"taxonomy":"home-category","embeddable":true,"href":"https:\/\/www.miamedicalitalia.it\/es\/wp-json\/wp\/v2\/home-category?post=14646"},{"taxonomy":"product_brand","embeddable":true,"href":"https:\/\/www.miamedicalitalia.it\/es\/wp-json\/wp\/v2\/product_brand?post=14646"},{"taxonomy":"product_cat","embeddable":true,"href":"https:\/\/www.miamedicalitalia.it\/es\/wp-json\/wp\/v2\/product_cat?post=14646"},{"taxonomy":"product_tag","embeddable":true,"href":"https:\/\/www.miamedicalitalia.it\/es\/wp-json\/wp\/v2\/product_tag?post=14646"},{"taxonomy":"woo-feed-brand","embeddable":true,"href":"https:\/\/www.miamedicalitalia.it\/es\/wp-json\/wp\/v2\/woo-feed-brand?post=14646"}],"curies":[{"name":"wp","href":"https:\/\/api.w.org\/{rel}","templated":true}]}}