{"id":14603,"date":"2025-09-30T10:17:59","date_gmt":"2025-09-30T08:17:59","guid":{"rendered":"https:\/\/www.miamedicalitalia.it\/?post_type=product&#038;p=14603"},"modified":"2026-03-14T12:49:44","modified_gmt":"2026-03-14T10:49:44","slug":"verticalizzatore-attivo-albatros-2-a-noleggio","status":"publish","type":"product","link":"https:\/\/www.miamedicalitalia.it\/es\/producto\/verticalizzatore-attivo-albatros-2-a-noleggio\/","title":{"rendered":"Alquiler de verticalizador activo Albatros 2"},"content":{"rendered":"<h3 class=\"wp-block-heading\" id=\"h-noleggio-verticalizzatore-attivo-assistenza-sicura-e-senza-sforzo\">Alquiler de verticalizadores activos: \u00a1asistencia segura y sin esfuerzo!<\/h3>\n\n\n\n<p>Mia Medical Italia ofrece un servicio de\u00a0<strong>alquiler de verticalizador el\u00e9ctrico<\/strong>\u00a0<strong>per anziani e persone con disabilit\u00e0<\/strong>\u00a0dispositivo m\u00e9dico dise\u00f1ado para ayudar a las personas con movilidad reducida a pasar de una posici\u00f3n sentada a otra de pie de forma segura, asistida y sin esfuerzo. Es especialmente \u00fatil durante\u00a0<strong>rehabilitaci\u00f3n<\/strong>\u00a0o para el<strong>\u2019assistenza quotidiana domiciliare ed ospedaliera<\/strong> e per l&#8217;uso quotidiamno in casa per il bagno. <br>Compacta, pr\u00e1ctica y fiable para ofrecer comodidad y seguridad en todo momento.<\/p>\n\n\n\n<p>Si desea un soporte eficaz y sencillo para la movilidad asistida, el <strong>Ascensor Albatros 2<\/strong> \u00e8 la soluzione ideale. Con il suo design compatto, pieghevole e di facile utilizzo, permette di sollevare e spostare la persona in totale sicurezza, riducendo lo sforzo del caregiver e aumentando il comfort dell\u2019assistito. Ideale per potare le persone in bagno, lavarle, non necessita di nessuna partecipazione del paziente. <\/p>\n\n\n\n<h3 class=\"wp-block-heading\" id=\"h-perche-scegliere-il-sollevatore-albatros-2\">\u00bfPor qu\u00e9 elegir la plataforma elevadora Albatros 2?<\/h3>\n\n\n\n<p><strong>M\u00e1xima practicidad<\/strong>Estructura plegable que se cierra en segundos para facilitar su transporte y almacenamiento.<br><strong>Estabilidad y comodidad<\/strong>con correas de velcro y arn\u00e9s incluidos para una seguridad y sujeci\u00f3n \u00f3ptimas.<br><strong>Autonom\u00eda garantizada<\/strong>bater\u00edas recargables con cargador interno y aproximadamente 40 levantamientos con una carga completa.<br><strong>Seguridad total<\/strong>parada de emergencia, descenso manual y un avisador ac\u00fastico en caso de bater\u00eda baja.<br><strong>Tecnolog\u00eda fiable<\/strong>Motor y unidad de control Linak, mando a distancia ergon\u00f3mico y componentes de alta calidad.<\/p>\n\n\n\n<h3 class=\"wp-block-heading\" id=\"h-il-tuo-alleato-per-la-mobilita-assistita\">Tu aliado para la movilidad asistida<\/h3>\n\n\n\n<p>En <strong>Ascensor Albatros 2<\/strong> <strong>M\u00e1s<\/strong> est\u00e1 dise\u00f1ado para:<\/p>\n\n\n\n<ul class=\"wp-block-list\">\n<li>Caregiver e familiari che desiderano un aiuto pratico e sicuro per aiutare le persone care<\/li>\n\n\n\n<li>Personas con movilidad reducida que necesitan traslados c\u00f3modos.<\/li>\n\n\n\n<li>Centros sanitarios y residencias asistidas que desean ofrecer seguridad y calidad a sus hu\u00e9spedes.<\/li>\n<\/ul>\n\n\n\n<h3 class=\"wp-block-heading\" id=\"h-come-funziona-il-noleggio-con-mia-medical\">C\u00f3mo funciona el alquiler con Mia Medical<\/h3>\n\n\n\n<p>Entregamos y recogemos el <strong>Ascensor Albatros 2<\/strong> directamente a <strong>Roma y Florencia<\/strong>.<br>Puede reservarlo en l\u00ednea o llamando al <strong>+39 392 65 09 237<\/strong>\u00a1nosotros nos encargamos del resto!<\/p>\n\n\n\n<ul class=\"wp-block-list\">\n<li>Entrega r\u00e1pida<\/li>\n\n\n\n<li>Asistencia garantizada<\/li>\n\n\n\n<li>Consulta gratuita y sin compromiso<\/li>\n<\/ul>\n\n\n\n<h3 class=\"wp-block-heading\" id=\"h-recapiti-utili\">Direcciones \u00fatiles<\/h3>\n\n\n\n<p>Cont\u00e1ctenos para conocer las tarifas y la disponibilidad diaria.<br>Descubra tambi\u00e9n los dem\u00e1s modelos de <a href=\"https:\/\/www.miamedicalitalia.it\/es\/categoria\/affitto-e-noleggio-ausili\/noleggio-sollevatori-verticalizzatori\/\">elevadores<\/a>, <a href=\"https:\/\/www.miamedicalitalia.it\/es\/categoria\/affitto-e-noleggio-ausili\/affitto-e-noleggio-carrozzina\/\">sillas de ruedas<\/a> e <a href=\"https:\/\/www.miamedicalitalia.it\/es\/categoria\/affitto-e-noleggio-ausili\/\">ayudas a la movilidad<\/a> que <strong>Mia Medical Italia<\/strong> pone a su disposici\u00f3n.<\/p>\n\n\n\n<p>\u00bfA\u00fan no est\u00e1 convencido? Llame ahora al <strong>+39 392 65 09 237<\/strong> o env\u00edanos un mensaje por WhatsApp: nuestro equipo est\u00e1 siempre disponible para responder a cualquier pregunta.<\/p>\n\n\n\n<p><strong>Mu\u00e9vase y eleve sin preocupaciones, con Albatros 2 la seguridad est\u00e1 al alcance de su mano.<\/strong><\/p>\n\n\n\n<p><\/p>","protected":false},"excerpt":{"rendered":"<div style=\"font-family: Arial, sans-serif; background-color: #234091; padding: 30px; border-radius: 25px; max-width: 600px; color: #ffffff; position: relative; border-top: 6px solid #2498fe;\">\n<h2 style=\"margin-top: 0; margin-bottom: 15px; color: #ffffff;\">Verticalizador el\u00e9ctrico de pie<\/h2>\n<p>Pone en posici\u00f3n vertical<strong> senza sforzo da parte del paziente! Ideal per il bagno.<br \/>Vea en el v\u00eddeo c\u00f3mo funciona.\u00a0<\/strong><\/p>\n<p>Compacta, plegable y f\u00e1cil de usar.<br \/>Bater\u00eda hasta <strong>40 ascensores<\/strong> con una sola carga.<\/p>\n<p><strong>Disponibilidad inmediata<\/strong>.<br \/><strong>Consegna a Roma e Firenze a partire da 45\u20ac + 45\u20ac per il ritiro<\/strong><\/p>\n<\/div>\n<p><!-- Linea bianca sotto --><\/p>\n<div style=\"height: 6px; background-color: #ffffff; max-width: 600px;\">\u00a0<\/div>","protected":false},"featured_media":14620,"template":"","meta":{"_acf_changed":true},"home-category":[263],"product_brand":[],"product_cat":[260,480],"product_tag":[],"woo-feed-brand":[],"class_list":{"0":"post-14603","1":"product","2":"type-product","3":"status-publish","4":"has-post-thumbnail","6":"home-category-ausili","7":"product_cat-affitto-e-noleggio-ausili","8":"product_cat-affitto-noleggio-verticalizzatori","10":"first","11":"instock","12":"shipping-taxable","13":"purchasable","14":"product-type-variable"},"acf":[],"yoast_head":"<!-- This site is optimized with the Yoast SEO Premium plugin v27.3 (Yoast SEO v27.3) - https:\/\/yoast.com\/product\/yoast-seo-premium-wordpress\/ -->\n<title>Verticalizzatore attivo Albatros 2 a noleggio<\/title>\n<meta name=\"description\" content=\"Noleggio Verticalizzatore attivo Albatros 2 per anziani e persone con disabilit\u00e0. Compact, pieghevole e facile, ideal per il bagno. Disponibilit\u00e0 immediata.\" \/>\n<meta name=\"robots\" content=\"index, follow, max-snippet:-1, max-image-preview:large, max-video-preview:-1\" \/>\n<link rel=\"canonical\" href=\"https:\/\/www.miamedicalitalia.it\/es\/producto\/verticalizzatore-attivo-albatros-2-a-noleggio\/\" \/>\n<meta property=\"og:locale\" content=\"es_ES\" \/>\n<meta property=\"og:type\" content=\"article\" \/>\n<meta property=\"og:title\" content=\"Verticalizzatore attivo Albatros 2 a noleggio\" \/>\n<meta property=\"og:description\" content=\"Noleggio Verticalizzatore attivo Albatros 2 per anziani e persone con disabilit\u00e0. Compact, pieghevole e facile, ideal per il bagno. Disponibilit\u00e0 immediata.\" \/>\n<meta property=\"og:url\" content=\"https:\/\/www.miamedicalitalia.it\/es\/producto\/verticalizzatore-attivo-albatros-2-a-noleggio\/\" \/>\n<meta property=\"og:site_name\" content=\"Mia Medical\" \/>\n<meta property=\"article:publisher\" content=\"https:\/\/www.facebook.com\/miamedicalitalia\" \/>\n<meta property=\"article:modified_time\" content=\"2026-03-14T10:49:44+00:00\" \/>\n<meta property=\"og:image\" content=\"https:\/\/www.miamedicalitalia.it\/wp-content\/uploads\/2025\/09\/Albatros-II.png\" \/>\n\t<meta property=\"og:image:width\" content=\"1000\" \/>\n\t<meta property=\"og:image:height\" content=\"1000\" \/>\n\t<meta property=\"og:image:type\" content=\"image\/png\" \/>\n<meta name=\"twitter:card\" content=\"summary_large_image\" \/>\n<meta name=\"twitter:label1\" content=\"Tiempo de lectura\" \/>\n\t<meta name=\"twitter:data1\" content=\"3 minutos\" \/>\n<script type=\"application\/ld+json\" class=\"yoast-schema-graph\">{\"@context\":\"https:\\\/\\\/schema.org\",\"@graph\":[{\"@type\":\"WebPage\",\"@id\":\"https:\\\/\\\/www.miamedicalitalia.it\\\/prodotto\\\/verticalizzatore-attivo-albatros-2-a-noleggio\\\/\",\"url\":\"https:\\\/\\\/www.miamedicalitalia.it\\\/prodotto\\\/verticalizzatore-attivo-albatros-2-a-noleggio\\\/\",\"name\":\"Verticalizzatore attivo Albatros 2 a noleggio\",\"isPartOf\":{\"@id\":\"https:\\\/\\\/www.miamedicalitalia.it\\\/#website\"},\"primaryImageOfPage\":{\"@id\":\"https:\\\/\\\/www.miamedicalitalia.it\\\/prodotto\\\/verticalizzatore-attivo-albatros-2-a-noleggio\\\/#primaryimage\"},\"image\":{\"@id\":\"https:\\\/\\\/www.miamedicalitalia.it\\\/prodotto\\\/verticalizzatore-attivo-albatros-2-a-noleggio\\\/#primaryimage\"},\"thumbnailUrl\":\"https:\\\/\\\/www.miamedicalitalia.it\\\/wp-content\\\/uploads\\\/2025\\\/09\\\/Albatros-II.png\",\"datePublished\":\"2025-09-30T08:17:59+00:00\",\"dateModified\":\"2026-03-14T10:49:44+00:00\",\"description\":\"Noleggio Verticalizzatore attivo Albatros 2 per anziani e persone con disabilit\u00e0. Compact, pieghevole e facile, ideal per il bagno. Disponibilit\u00e0 immediata.\",\"breadcrumb\":{\"@id\":\"https:\\\/\\\/www.miamedicalitalia.it\\\/prodotto\\\/verticalizzatore-attivo-albatros-2-a-noleggio\\\/#breadcrumb\"},\"inLanguage\":\"es\",\"potentialAction\":[{\"@type\":\"ReadAction\",\"target\":[\"https:\\\/\\\/www.miamedicalitalia.it\\\/prodotto\\\/verticalizzatore-attivo-albatros-2-a-noleggio\\\/\"]}]},{\"@type\":\"ImageObject\",\"inLanguage\":\"es\",\"@id\":\"https:\\\/\\\/www.miamedicalitalia.it\\\/prodotto\\\/verticalizzatore-attivo-albatros-2-a-noleggio\\\/#primaryimage\",\"url\":\"https:\\\/\\\/www.miamedicalitalia.it\\\/wp-content\\\/uploads\\\/2025\\\/09\\\/Albatros-II.png\",\"contentUrl\":\"https:\\\/\\\/www.miamedicalitalia.it\\\/wp-content\\\/uploads\\\/2025\\\/09\\\/Albatros-II.png\",\"width\":1000,\"height\":1000},{\"@type\":\"BreadcrumbList\",\"@id\":\"https:\\\/\\\/www.miamedicalitalia.it\\\/prodotto\\\/verticalizzatore-attivo-albatros-2-a-noleggio\\\/#breadcrumb\",\"itemListElement\":[{\"@type\":\"ListItem\",\"position\":1,\"name\":\"Home\",\"item\":\"https:\\\/\\\/www.miamedicalitalia.it\\\/\"},{\"@type\":\"ListItem\",\"position\":2,\"name\":\"Shop\",\"item\":\"https:\\\/\\\/www.miamedicalitalia.it\\\/negozio\\\/\"},{\"@type\":\"ListItem\",\"position\":3,\"name\":\"Affitto e noleggio\",\"item\":\"https:\\\/\\\/www.miamedicalitalia.it\\\/categoria\\\/affitto-e-noleggio-ausili\\\/\"},{\"@type\":\"ListItem\",\"position\":4,\"name\":\"Noleggio verticalizzatore attivo Albatros 2\"}]},{\"@type\":\"WebSite\",\"@id\":\"https:\\\/\\\/www.miamedicalitalia.it\\\/#website\",\"url\":\"https:\\\/\\\/www.miamedicalitalia.it\\\/\",\"name\":\"www.miamedicalitalia.it\",\"description\":\"Noleggio e Vendita Attrezzatura Sanitarie\",\"publisher\":{\"@id\":\"https:\\\/\\\/www.miamedicalitalia.it\\\/#organization\"},\"potentialAction\":[{\"@type\":\"SearchAction\",\"target\":{\"@type\":\"EntryPoint\",\"urlTemplate\":\"https:\\\/\\\/www.miamedicalitalia.it\\\/?s={search_term_string}\"},\"query-input\":{\"@type\":\"PropertyValueSpecification\",\"valueRequired\":true,\"valueName\":\"search_term_string\"}}],\"inLanguage\":\"es\"},{\"@type\":\"Organization\",\"@id\":\"https:\\\/\\\/www.miamedicalitalia.it\\\/#organization\",\"name\":\"OLG\",\"url\":\"https:\\\/\\\/www.miamedicalitalia.it\\\/\",\"logo\":{\"@type\":\"ImageObject\",\"inLanguage\":\"es\",\"@id\":\"https:\\\/\\\/www.miamedicalitalia.it\\\/#\\\/schema\\\/logo\\\/image\\\/\",\"url\":\"https:\\\/\\\/www.miamedicalitalia.it\\\/wp-content\\\/uploads\\\/2023\\\/04\\\/mia-medical-logo-free.png\",\"contentUrl\":\"https:\\\/\\\/www.miamedicalitalia.it\\\/wp-content\\\/uploads\\\/2023\\\/04\\\/mia-medical-logo-free.png\",\"width\":700,\"height\":700,\"caption\":\"OLG\"},\"image\":{\"@id\":\"https:\\\/\\\/www.miamedicalitalia.it\\\/#\\\/schema\\\/logo\\\/image\\\/\"},\"sameAs\":[\"https:\\\/\\\/www.facebook.com\\\/miamedicalitalia\"]}]}<\/script>\n<!-- \/ Yoast SEO Premium plugin. -->","yoast_head_json":{"title":"Verticalizador activo Albatros 2 en alquiler","description":"Noleggio Verticalizzatore attivo Albatros 2 per anziani e persone con disabilit\u00e0. Compact, pieghevole e facile, ideal per il bagno. Disponibilit\u00e0 immediata.","robots":{"index":"index","follow":"follow","max-snippet":"max-snippet:-1","max-image-preview":"max-image-preview:large","max-video-preview":"max-video-preview:-1"},"canonical":"https:\/\/www.miamedicalitalia.it\/es\/producto\/verticalizzatore-attivo-albatros-2-a-noleggio\/","og_locale":"es_ES","og_type":"article","og_title":"Verticalizzatore attivo Albatros 2 a noleggio","og_description":"Noleggio Verticalizzatore attivo Albatros 2 per anziani e persone con disabilit\u00e0. Compact, pieghevole e facile, ideal per il bagno. Disponibilit\u00e0 immediata.","og_url":"https:\/\/www.miamedicalitalia.it\/es\/producto\/verticalizzatore-attivo-albatros-2-a-noleggio\/","og_site_name":"Mia Medical","article_publisher":"https:\/\/www.facebook.com\/miamedicalitalia","article_modified_time":"2026-03-14T10:49:44+00:00","og_image":[{"width":1000,"height":1000,"url":"https:\/\/www.miamedicalitalia.it\/wp-content\/uploads\/2025\/09\/Albatros-II.png","type":"image\/png"}],"twitter_card":"summary_large_image","twitter_misc":{"Tiempo de lectura":"3 minutos"},"schema":{"@context":"https:\/\/schema.org","@graph":[{"@type":"WebPage","@id":"https:\/\/www.miamedicalitalia.it\/prodotto\/verticalizzatore-attivo-albatros-2-a-noleggio\/","url":"https:\/\/www.miamedicalitalia.it\/prodotto\/verticalizzatore-attivo-albatros-2-a-noleggio\/","name":"Verticalizador activo Albatros 2 en alquiler","isPartOf":{"@id":"https:\/\/www.miamedicalitalia.it\/#website"},"primaryImageOfPage":{"@id":"https:\/\/www.miamedicalitalia.it\/prodotto\/verticalizzatore-attivo-albatros-2-a-noleggio\/#primaryimage"},"image":{"@id":"https:\/\/www.miamedicalitalia.it\/prodotto\/verticalizzatore-attivo-albatros-2-a-noleggio\/#primaryimage"},"thumbnailUrl":"https:\/\/www.miamedicalitalia.it\/wp-content\/uploads\/2025\/09\/Albatros-II.png","datePublished":"2025-09-30T08:17:59+00:00","dateModified":"2026-03-14T10:49:44+00:00","description":"Noleggio Verticalizzatore attivo Albatros 2 per anziani e persone con disabilit\u00e0. Compact, pieghevole e facile, ideal per il bagno. Disponibilit\u00e0 immediata.","breadcrumb":{"@id":"https:\/\/www.miamedicalitalia.it\/prodotto\/verticalizzatore-attivo-albatros-2-a-noleggio\/#breadcrumb"},"inLanguage":"es","potentialAction":[{"@type":"ReadAction","target":["https:\/\/www.miamedicalitalia.it\/prodotto\/verticalizzatore-attivo-albatros-2-a-noleggio\/"]}]},{"@type":"ImageObject","inLanguage":"es","@id":"https:\/\/www.miamedicalitalia.it\/prodotto\/verticalizzatore-attivo-albatros-2-a-noleggio\/#primaryimage","url":"https:\/\/www.miamedicalitalia.it\/wp-content\/uploads\/2025\/09\/Albatros-II.png","contentUrl":"https:\/\/www.miamedicalitalia.it\/wp-content\/uploads\/2025\/09\/Albatros-II.png","width":1000,"height":1000},{"@type":"BreadcrumbList","@id":"https:\/\/www.miamedicalitalia.it\/prodotto\/verticalizzatore-attivo-albatros-2-a-noleggio\/#breadcrumb","itemListElement":[{"@type":"ListItem","position":1,"name":"Home","item":"https:\/\/www.miamedicalitalia.it\/"},{"@type":"ListItem","position":2,"name":"Shop","item":"https:\/\/www.miamedicalitalia.it\/negozio\/"},{"@type":"ListItem","position":3,"name":"Affitto e noleggio","item":"https:\/\/www.miamedicalitalia.it\/categoria\/affitto-e-noleggio-ausili\/"},{"@type":"ListItem","position":4,"name":"Noleggio verticalizzatore attivo Albatros 2"}]},{"@type":"WebSite","@id":"https:\/\/www.miamedicalitalia.it\/#website","url":"https:\/\/www.miamedicalitalia.it\/","name":"www.miamedicalitalia.it","description":"Alquiler y venta de material sanitario","publisher":{"@id":"https:\/\/www.miamedicalitalia.it\/#organization"},"potentialAction":[{"@type":"SearchAction","target":{"@type":"EntryPoint","urlTemplate":"https:\/\/www.miamedicalitalia.it\/?s={search_term_string}"},"query-input":{"@type":"PropertyValueSpecification","valueRequired":true,"valueName":"search_term_string"}}],"inLanguage":"es"},{"@type":"Organization","@id":"https:\/\/www.miamedicalitalia.it\/#organization","name":"OLG","url":"https:\/\/www.miamedicalitalia.it\/","logo":{"@type":"ImageObject","inLanguage":"es","@id":"https:\/\/www.miamedicalitalia.it\/#\/schema\/logo\/image\/","url":"https:\/\/www.miamedicalitalia.it\/wp-content\/uploads\/2023\/04\/mia-medical-logo-free.png","contentUrl":"https:\/\/www.miamedicalitalia.it\/wp-content\/uploads\/2023\/04\/mia-medical-logo-free.png","width":700,"height":700,"caption":"OLG"},"image":{"@id":"https:\/\/www.miamedicalitalia.it\/#\/schema\/logo\/image\/"},"sameAs":["https:\/\/www.facebook.com\/miamedicalitalia"]}]}},"wcpa_form_fields":null,"_links":{"self":[{"href":"https:\/\/www.miamedicalitalia.it\/es\/wp-json\/wp\/v2\/product\/14603","targetHints":{"allow":["GET"]}}],"collection":[{"href":"https:\/\/www.miamedicalitalia.it\/es\/wp-json\/wp\/v2\/product"}],"about":[{"href":"https:\/\/www.miamedicalitalia.it\/es\/wp-json\/wp\/v2\/types\/product"}],"wp:featuredmedia":[{"embeddable":true,"href":"https:\/\/www.miamedicalitalia.it\/es\/wp-json\/wp\/v2\/media\/14620"}],"wp:attachment":[{"href":"https:\/\/www.miamedicalitalia.it\/es\/wp-json\/wp\/v2\/media?parent=14603"}],"wp:term":[{"taxonomy":"home-category","embeddable":true,"href":"https:\/\/www.miamedicalitalia.it\/es\/wp-json\/wp\/v2\/home-category?post=14603"},{"taxonomy":"product_brand","embeddable":true,"href":"https:\/\/www.miamedicalitalia.it\/es\/wp-json\/wp\/v2\/product_brand?post=14603"},{"taxonomy":"product_cat","embeddable":true,"href":"https:\/\/www.miamedicalitalia.it\/es\/wp-json\/wp\/v2\/product_cat?post=14603"},{"taxonomy":"product_tag","embeddable":true,"href":"https:\/\/www.miamedicalitalia.it\/es\/wp-json\/wp\/v2\/product_tag?post=14603"},{"taxonomy":"woo-feed-brand","embeddable":true,"href":"https:\/\/www.miamedicalitalia.it\/es\/wp-json\/wp\/v2\/woo-feed-brand?post=14603"}],"curies":[{"name":"wp","href":"https:\/\/api.w.org\/{rel}","templated":true}]}}