{"id":14363,"date":"2025-09-08T11:40:39","date_gmt":"2025-09-08T09:40:39","guid":{"rendered":"https:\/\/www.miamedicalitalia.it\/?post_type=product&#038;p=14363"},"modified":"2025-12-04T16:22:09","modified_gmt":"2025-12-04T14:22:09","slug":"vendita-carrozzina-usata-modello-fantastica-1","status":"publish","type":"product","link":"https:\/\/www.miamedicalitalia.it\/es\/producto\/vendita-carrozzina-usata-modello-fantastica-1\/","title":{"rendered":"Se vende cochecito usado modelo \u201cFantastica\u201d 1"},"content":{"rendered":"<p>La silla de ruedas el\u00e9ctrica <strong>Fant\u00e1stico<\/strong> est\u00e1 dise\u00f1ado para su uso en interiores y exteriores. <br>Tiene unas dimensiones reducidas para ocupar poco espacio.<br>Pr\u00e1ctico y con cierre de cuadernillo. <br>El joystick puede colocarse a la izquierda o a la derecha. <br>La bater\u00eda es f\u00e1cilmente extra\u00edble. <br>El peso de la silla de ruedas sin la bater\u00eda es de s\u00f3lo 16 kg. <br><br>Capacidad de carga de hasta 130 kg.<\/p>\n\n\n\n<p><strong>Cochecito modelo Fantastica de segunda mano en venta: por qu\u00e9 elegirlo<br><\/strong><br>Disponer de una silla de ruedas el\u00e9ctrica plegable como la <strong>Fant\u00e1stico Power Smart Mia<\/strong> simplifica significativamente la rutina diaria: perfecta para su uso tanto en interiores como en exteriores, esta silla de ruedas combina practicidad, seguridad y portabilidad sin concesiones.<\/p>\n\n\n\n<p>Gracias a la <strong>cierre del folleto<\/strong>, puede plegarla r\u00e1pidamente y guardarla en espacios reducidos cuando no la necesite, ideal para casa, la oficina o de viaje.<\/p>\n\n\n\n<p>Gracias al dise\u00f1o <strong>ultracompacto y ligero<\/strong> (s\u00f3lo 16 kg sin bater\u00eda), se mueve con facilidad incluso en espacios reducidos, ofreciendo una autonom\u00eda que se adapta a las necesidades reales de sus usuarios.<\/p>\n\n\n\n<p>En <strong>joystick ambidiestro<\/strong>, que puede colocarse a la izquierda o a la derecha, proporciona un control intuitivo y personalizable para una experiencia m\u00e1s segura y c\u00f3moda.<\/p>\n\n\n\n<p>Esta silla de ruedas es el aliado perfecto para quien busque una ayuda m\u00f3vil que combine:<\/p>\n\n\n\n<ul class=\"wp-block-list\">\n<li><strong>Versatilidad de uso<\/strong>Se adapta tanto a interiores como a exteriores, respondiendo a la vida cotidiana sin l\u00edmites.<\/li>\n\n\n\n<li><strong>Facilidad y seguridad<\/strong>dise\u00f1o para que sea intuitivo, estable y fiable.<\/li>\n\n\n\n<li><strong>Portabilidad inmediata<\/strong>bajo coste, poco peso y estructura plegable para estar siempre listo, en cualquier lugar.<\/li>\n<\/ul>\n\n\n\n<p>Obtenga m\u00e1s informaci\u00f3n sobre nuestras ayudas usadas en nuestro <a href=\"https:\/\/www.miamedicalitalia.it\/es\/vendita-ausili-rigenerati-carrozzine-elettriche-rollator-scooter-per-mobilita\/\">art\u00edculo<\/a>!<\/p>","protected":false},"excerpt":{"rendered":"<div style=\"font-family: Arial, sans-serif; background-color: #234091; padding: 30px; border-radius: 25px; max-width: 600px; color: #ffffff; position: relative; border-top: 6px solid #2498fe;\">\n<h3 style=\"margin-top: 0; margin-bottom: 15px; color: #ffffff;\">Fant\u00e1stica silla de ruedas el\u00e9ctrica<\/h3>\n<p> Compacta y plegable para uso en interiores y exteriores. <\/p>\n<p><p> S\u00f3lo 16 kg sin bater\u00eda, f\u00e1cil de transportar. <\/p>\n<p><p> Pr\u00e1ctico, con cierre de libro y joystick ambidiestro. <\/p>\n<p><p>La bater\u00eda es extra\u00edble para una carga r\u00e1pida y c\u00f3moda<\/p>\n<\/div>\n<p><!-- Linea bianca sotto --><\/p>\n<div style=\"height: 6px; background-color: #ffffff; max-width: 600px;\"><\/div>","protected":false},"featured_media":14987,"template":"","meta":{"_acf_changed":false},"home-category":[263],"product_brand":[],"product_cat":[260,93,440,261],"product_tag":[],"woo-feed-brand":[],"class_list":{"0":"post-14363","1":"product","2":"type-product","3":"status-publish","4":"has-post-thumbnail","6":"home-category-ausili","7":"product_cat-affitto-e-noleggio-ausili","8":"product_cat-in-promozione","9":"product_cat-usato-in-promozione","10":"product_cat-vendita-ausili","12":"first","13":"outofstock","14":"shipping-taxable","15":"purchasable","16":"product-type-simple"},"acf":[],"yoast_head":"<!-- This site is optimized with the Yoast SEO Premium plugin v27.4 (Yoast SEO v27.4) - https:\/\/yoast.com\/product\/yoast-seo-premium-wordpress\/ -->\n<title>Vendita carrozzina usata modello &quot;Fantastica&quot; 1 - Mia Medical<\/title>\n<meta name=\"description\" content=\"Carrozzina usata modello fantastica in vendita. Disponibilit\u00e0 immediata. Consegna rapida 24\/48h. Il miglior rapporto qualit\u00e0 prezzo sul mercato! Chiama ora.\" \/>\n<meta name=\"robots\" content=\"index, follow, max-snippet:-1, max-image-preview:large, max-video-preview:-1\" \/>\n<link rel=\"canonical\" href=\"https:\/\/www.miamedicalitalia.it\/es\/producto\/vendita-carrozzina-usata-modello-fantastica-1\/\" \/>\n<meta property=\"og:locale\" content=\"es_ES\" \/>\n<meta property=\"og:type\" content=\"article\" \/>\n<meta property=\"og:title\" content=\"Vendita carrozzina usata modello &quot;Fantastica&quot; 1 - Mia Medical\" \/>\n<meta property=\"og:description\" content=\"Carrozzina usata modello fantastica in vendita. Disponibilit\u00e0 immediata. Consegna rapida 24\/48h. Il miglior rapporto qualit\u00e0 prezzo sul mercato! Chiama ora.\" \/>\n<meta property=\"og:url\" content=\"https:\/\/www.miamedicalitalia.it\/es\/producto\/vendita-carrozzina-usata-modello-fantastica-1\/\" \/>\n<meta property=\"og:site_name\" content=\"Mia Medical\" \/>\n<meta property=\"article:publisher\" content=\"https:\/\/www.facebook.com\/miamedicalitalia\" \/>\n<meta property=\"article:modified_time\" content=\"2025-12-04T14:22:09+00:00\" \/>\n<meta property=\"og:image\" content=\"https:\/\/www.miamedicalitalia.it\/wp-content\/uploads\/2025\/09\/Venduta-1.png\" \/>\n\t<meta property=\"og:image:width\" content=\"1000\" \/>\n\t<meta property=\"og:image:height\" content=\"1000\" \/>\n\t<meta property=\"og:image:type\" content=\"image\/png\" \/>\n<meta name=\"twitter:card\" content=\"summary_large_image\" \/>\n<meta name=\"twitter:label1\" content=\"Tiempo de lectura\" \/>\n\t<meta name=\"twitter:data1\" content=\"1 minuto\" \/>\n<script type=\"application\/ld+json\" class=\"yoast-schema-graph\">{\"@context\":\"https:\\\/\\\/schema.org\",\"@graph\":[{\"@type\":\"WebPage\",\"@id\":\"https:\\\/\\\/www.miamedicalitalia.it\\\/prodotto\\\/vendita-carrozzina-usata-modello-fantastica-1\\\/\",\"url\":\"https:\\\/\\\/www.miamedicalitalia.it\\\/prodotto\\\/vendita-carrozzina-usata-modello-fantastica-1\\\/\",\"name\":\"Vendita carrozzina usata modello \\\"Fantastica\\\" 1 - Mia Medical\",\"isPartOf\":{\"@id\":\"https:\\\/\\\/www.miamedicalitalia.it\\\/#website\"},\"primaryImageOfPage\":{\"@id\":\"https:\\\/\\\/www.miamedicalitalia.it\\\/prodotto\\\/vendita-carrozzina-usata-modello-fantastica-1\\\/#primaryimage\"},\"image\":{\"@id\":\"https:\\\/\\\/www.miamedicalitalia.it\\\/prodotto\\\/vendita-carrozzina-usata-modello-fantastica-1\\\/#primaryimage\"},\"thumbnailUrl\":\"https:\\\/\\\/www.miamedicalitalia.it\\\/wp-content\\\/uploads\\\/2025\\\/09\\\/Venduta-1.png\",\"datePublished\":\"2025-09-08T09:40:39+00:00\",\"dateModified\":\"2025-12-04T14:22:09+00:00\",\"description\":\"Carrozzina usata modello fantastica in vendita. Disponibilit\u00e0 immediata. Consegna rapida 24\\\/48h. Il miglior rapporto qualit\u00e0 prezzo sul mercato! Chiama ora.\",\"breadcrumb\":{\"@id\":\"https:\\\/\\\/www.miamedicalitalia.it\\\/prodotto\\\/vendita-carrozzina-usata-modello-fantastica-1\\\/#breadcrumb\"},\"inLanguage\":\"es\",\"potentialAction\":[{\"@type\":\"ReadAction\",\"target\":[\"https:\\\/\\\/www.miamedicalitalia.it\\\/prodotto\\\/vendita-carrozzina-usata-modello-fantastica-1\\\/\"]}]},{\"@type\":\"ImageObject\",\"inLanguage\":\"es\",\"@id\":\"https:\\\/\\\/www.miamedicalitalia.it\\\/prodotto\\\/vendita-carrozzina-usata-modello-fantastica-1\\\/#primaryimage\",\"url\":\"https:\\\/\\\/www.miamedicalitalia.it\\\/wp-content\\\/uploads\\\/2025\\\/09\\\/Venduta-1.png\",\"contentUrl\":\"https:\\\/\\\/www.miamedicalitalia.it\\\/wp-content\\\/uploads\\\/2025\\\/09\\\/Venduta-1.png\",\"width\":1000,\"height\":1000},{\"@type\":\"BreadcrumbList\",\"@id\":\"https:\\\/\\\/www.miamedicalitalia.it\\\/prodotto\\\/vendita-carrozzina-usata-modello-fantastica-1\\\/#breadcrumb\",\"itemListElement\":[{\"@type\":\"ListItem\",\"position\":1,\"name\":\"Home\",\"item\":\"https:\\\/\\\/www.miamedicalitalia.it\\\/\"},{\"@type\":\"ListItem\",\"position\":2,\"name\":\"Shop\",\"item\":\"https:\\\/\\\/www.miamedicalitalia.it\\\/negozio\\\/\"},{\"@type\":\"ListItem\",\"position\":3,\"name\":\"Affitto e noleggio\",\"item\":\"https:\\\/\\\/www.miamedicalitalia.it\\\/categoria\\\/affitto-e-noleggio-ausili\\\/\"},{\"@type\":\"ListItem\",\"position\":4,\"name\":\"Vendita carrozzina usata modello &#8220;Fantastica&#8221; 1\"}]},{\"@type\":\"WebSite\",\"@id\":\"https:\\\/\\\/www.miamedicalitalia.it\\\/#website\",\"url\":\"https:\\\/\\\/www.miamedicalitalia.it\\\/\",\"name\":\"www.miamedicalitalia.it\",\"description\":\"Noleggio e Vendita Attrezzatura Sanitarie\",\"publisher\":{\"@id\":\"https:\\\/\\\/www.miamedicalitalia.it\\\/#organization\"},\"potentialAction\":[{\"@type\":\"SearchAction\",\"target\":{\"@type\":\"EntryPoint\",\"urlTemplate\":\"https:\\\/\\\/www.miamedicalitalia.it\\\/?s={search_term_string}\"},\"query-input\":{\"@type\":\"PropertyValueSpecification\",\"valueRequired\":true,\"valueName\":\"search_term_string\"}}],\"inLanguage\":\"es\"},{\"@type\":\"Organization\",\"@id\":\"https:\\\/\\\/www.miamedicalitalia.it\\\/#organization\",\"name\":\"OLG\",\"url\":\"https:\\\/\\\/www.miamedicalitalia.it\\\/\",\"logo\":{\"@type\":\"ImageObject\",\"inLanguage\":\"es\",\"@id\":\"https:\\\/\\\/www.miamedicalitalia.it\\\/#\\\/schema\\\/logo\\\/image\\\/\",\"url\":\"https:\\\/\\\/www.miamedicalitalia.it\\\/wp-content\\\/uploads\\\/2023\\\/04\\\/mia-medical-logo-free.png\",\"contentUrl\":\"https:\\\/\\\/www.miamedicalitalia.it\\\/wp-content\\\/uploads\\\/2023\\\/04\\\/mia-medical-logo-free.png\",\"width\":700,\"height\":700,\"caption\":\"OLG\"},\"image\":{\"@id\":\"https:\\\/\\\/www.miamedicalitalia.it\\\/#\\\/schema\\\/logo\\\/image\\\/\"},\"sameAs\":[\"https:\\\/\\\/www.facebook.com\\\/miamedicalitalia\"]}]}<\/script>\n<!-- \/ Yoast SEO Premium plugin. -->","yoast_head_json":{"title":"Silla de ruedas usada modelo \"Fantastica\" 1 en venta - Mia Medical","description":"Se vende silla de ruedas usada modelo fantastic. Disponibilidad inmediata. Entrega r\u00e1pida 24\/48h. \u00a1Mejor relaci\u00f3n calidad precio del mercado! Llame ahora.","robots":{"index":"index","follow":"follow","max-snippet":"max-snippet:-1","max-image-preview":"max-image-preview:large","max-video-preview":"max-video-preview:-1"},"canonical":"https:\/\/www.miamedicalitalia.it\/es\/producto\/vendita-carrozzina-usata-modello-fantastica-1\/","og_locale":"es_ES","og_type":"article","og_title":"Vendita carrozzina usata modello \"Fantastica\" 1 - Mia Medical","og_description":"Carrozzina usata modello fantastica in vendita. Disponibilit\u00e0 immediata. Consegna rapida 24\/48h. Il miglior rapporto qualit\u00e0 prezzo sul mercato! Chiama ora.","og_url":"https:\/\/www.miamedicalitalia.it\/es\/producto\/vendita-carrozzina-usata-modello-fantastica-1\/","og_site_name":"Mia Medical","article_publisher":"https:\/\/www.facebook.com\/miamedicalitalia","article_modified_time":"2025-12-04T14:22:09+00:00","og_image":[{"width":1000,"height":1000,"url":"https:\/\/www.miamedicalitalia.it\/wp-content\/uploads\/2025\/09\/Venduta-1.png","type":"image\/png"}],"twitter_card":"summary_large_image","twitter_misc":{"Tiempo de lectura":"1 minuto"},"schema":{"@context":"https:\/\/schema.org","@graph":[{"@type":"WebPage","@id":"https:\/\/www.miamedicalitalia.it\/prodotto\/vendita-carrozzina-usata-modello-fantastica-1\/","url":"https:\/\/www.miamedicalitalia.it\/prodotto\/vendita-carrozzina-usata-modello-fantastica-1\/","name":"Silla de ruedas usada modelo \"Fantastica\" 1 en venta - Mia Medical","isPartOf":{"@id":"https:\/\/www.miamedicalitalia.it\/#website"},"primaryImageOfPage":{"@id":"https:\/\/www.miamedicalitalia.it\/prodotto\/vendita-carrozzina-usata-modello-fantastica-1\/#primaryimage"},"image":{"@id":"https:\/\/www.miamedicalitalia.it\/prodotto\/vendita-carrozzina-usata-modello-fantastica-1\/#primaryimage"},"thumbnailUrl":"https:\/\/www.miamedicalitalia.it\/wp-content\/uploads\/2025\/09\/Venduta-1.png","datePublished":"2025-09-08T09:40:39+00:00","dateModified":"2025-12-04T14:22:09+00:00","description":"Se vende silla de ruedas usada modelo fantastic. Disponibilidad inmediata. Entrega r\u00e1pida 24\/48h. \u00a1Mejor relaci\u00f3n calidad precio del mercado! Llame ahora.","breadcrumb":{"@id":"https:\/\/www.miamedicalitalia.it\/prodotto\/vendita-carrozzina-usata-modello-fantastica-1\/#breadcrumb"},"inLanguage":"es","potentialAction":[{"@type":"ReadAction","target":["https:\/\/www.miamedicalitalia.it\/prodotto\/vendita-carrozzina-usata-modello-fantastica-1\/"]}]},{"@type":"ImageObject","inLanguage":"es","@id":"https:\/\/www.miamedicalitalia.it\/prodotto\/vendita-carrozzina-usata-modello-fantastica-1\/#primaryimage","url":"https:\/\/www.miamedicalitalia.it\/wp-content\/uploads\/2025\/09\/Venduta-1.png","contentUrl":"https:\/\/www.miamedicalitalia.it\/wp-content\/uploads\/2025\/09\/Venduta-1.png","width":1000,"height":1000},{"@type":"BreadcrumbList","@id":"https:\/\/www.miamedicalitalia.it\/prodotto\/vendita-carrozzina-usata-modello-fantastica-1\/#breadcrumb","itemListElement":[{"@type":"ListItem","position":1,"name":"Home","item":"https:\/\/www.miamedicalitalia.it\/"},{"@type":"ListItem","position":2,"name":"Shop","item":"https:\/\/www.miamedicalitalia.it\/negozio\/"},{"@type":"ListItem","position":3,"name":"Affitto e noleggio","item":"https:\/\/www.miamedicalitalia.it\/categoria\/affitto-e-noleggio-ausili\/"},{"@type":"ListItem","position":4,"name":"Vendita carrozzina usata modello &#8220;Fantastica&#8221; 1"}]},{"@type":"WebSite","@id":"https:\/\/www.miamedicalitalia.it\/#website","url":"https:\/\/www.miamedicalitalia.it\/","name":"www.miamedicalitalia.it","description":"Alquiler y venta de material sanitario","publisher":{"@id":"https:\/\/www.miamedicalitalia.it\/#organization"},"potentialAction":[{"@type":"SearchAction","target":{"@type":"EntryPoint","urlTemplate":"https:\/\/www.miamedicalitalia.it\/?s={search_term_string}"},"query-input":{"@type":"PropertyValueSpecification","valueRequired":true,"valueName":"search_term_string"}}],"inLanguage":"es"},{"@type":"Organization","@id":"https:\/\/www.miamedicalitalia.it\/#organization","name":"OLG","url":"https:\/\/www.miamedicalitalia.it\/","logo":{"@type":"ImageObject","inLanguage":"es","@id":"https:\/\/www.miamedicalitalia.it\/#\/schema\/logo\/image\/","url":"https:\/\/www.miamedicalitalia.it\/wp-content\/uploads\/2023\/04\/mia-medical-logo-free.png","contentUrl":"https:\/\/www.miamedicalitalia.it\/wp-content\/uploads\/2023\/04\/mia-medical-logo-free.png","width":700,"height":700,"caption":"OLG"},"image":{"@id":"https:\/\/www.miamedicalitalia.it\/#\/schema\/logo\/image\/"},"sameAs":["https:\/\/www.facebook.com\/miamedicalitalia"]}]}},"wcpa_form_fields":null,"_links":{"self":[{"href":"https:\/\/www.miamedicalitalia.it\/es\/wp-json\/wp\/v2\/product\/14363","targetHints":{"allow":["GET"]}}],"collection":[{"href":"https:\/\/www.miamedicalitalia.it\/es\/wp-json\/wp\/v2\/product"}],"about":[{"href":"https:\/\/www.miamedicalitalia.it\/es\/wp-json\/wp\/v2\/types\/product"}],"wp:featuredmedia":[{"embeddable":true,"href":"https:\/\/www.miamedicalitalia.it\/es\/wp-json\/wp\/v2\/media\/14987"}],"wp:attachment":[{"href":"https:\/\/www.miamedicalitalia.it\/es\/wp-json\/wp\/v2\/media?parent=14363"}],"wp:term":[{"taxonomy":"home-category","embeddable":true,"href":"https:\/\/www.miamedicalitalia.it\/es\/wp-json\/wp\/v2\/home-category?post=14363"},{"taxonomy":"product_brand","embeddable":true,"href":"https:\/\/www.miamedicalitalia.it\/es\/wp-json\/wp\/v2\/product_brand?post=14363"},{"taxonomy":"product_cat","embeddable":true,"href":"https:\/\/www.miamedicalitalia.it\/es\/wp-json\/wp\/v2\/product_cat?post=14363"},{"taxonomy":"product_tag","embeddable":true,"href":"https:\/\/www.miamedicalitalia.it\/es\/wp-json\/wp\/v2\/product_tag?post=14363"},{"taxonomy":"woo-feed-brand","embeddable":true,"href":"https:\/\/www.miamedicalitalia.it\/es\/wp-json\/wp\/v2\/woo-feed-brand?post=14363"}],"curies":[{"name":"wp","href":"https:\/\/api.w.org\/{rel}","templated":true}]}}