{"id":14176,"date":"2025-07-24T14:52:01","date_gmt":"2025-07-24T12:52:01","guid":{"rendered":"https:\/\/www.miamedicalitalia.it\/?post_type=product&#038;p=14176"},"modified":"2026-03-06T18:01:25","modified_gmt":"2026-03-06T16:01:25","slug":"magnetoterapia-cemp-magnum-2500-2","status":"publish","type":"product","link":"https:\/\/www.miamedicalitalia.it\/es\/producto\/magnetoterapia-cemp-magnum-2500-2\/","title":{"rendered":"Venta Magnetoterapia Magnum 2500"},"content":{"rendered":"<p>En <strong><a href=\"https:\/\/www.globuscorporation.com\/it\/prodotti-domiciliari\/magnum-2500\/\">Dispositivo MAGNUM 2500 <\/a><\/strong>Globus es una magnetoterapia <strong>PEMF de baja frecuencia y alta intensidad<\/strong>dise\u00f1ado para un <strong>uso profesional<\/strong>tambi\u00e9n apto para <strong>tratamiento en casa<\/strong>. Con una potencia de hasta 250 Gauss por canal y dos canales independientes, permite realizar terapias eficaces en una o varias zonas del cuerpo simult\u00e1neamente.<\/p>\n\n\n\n<p>La tecnolog\u00eda de <strong>Campos electromagn\u00e9ticos pulsados (PEMF) <\/strong>estimula <strong>regeneraci\u00f3n celular, favorece la cicatrizaci\u00f3n \u00f3sea y reduce la inflamaci\u00f3n<\/strong>especialmente \u00fatil en el tratamiento de <strong>fracturas, artrosis, lumbago, tendinitis y osteoporosis.<\/strong><\/p>\n\n\n\n<p>En <strong>MAGNUM 2500 <\/strong>est\u00e1 equipado con 30 programas preestablecidos para las enfermedades m\u00e1s comunes y 20 programas personalizables, que permiten una gesti\u00f3n flexible y espec\u00edfica de la terapia en funci\u00f3n de las necesidades del paciente.<\/p>\n\n\n\n<h4 class=\"wp-block-heading\" id=\"h-caratteristiche-principali-del-dispositivo\">Principales caracter\u00edsticas del dispositivo:<\/h4>\n\n\n\n<ul class=\"wp-block-list\">\n<li>Magnetoterapia de baja frecuencia (PEMF)<\/li>\n\n\n\n<li>Intensidad regulable hasta 250 Gauss por canal<\/li>\n\n\n\n<li>2 canales independientes para tratamientos m\u00faltiples<\/li>\n\n\n\n<li>30 programas predefinidos + 20 programables<\/li>\n\n\n\n<li>Temporizador de 5 a 90 minutos<\/li>\n\n\n\n<li>Gran pantalla retroiluminada<\/li>\n\n\n\n<li>Fuente de alimentaci\u00f3n<\/li>\n\n\n\n<li>Accesorios incluidos: solenoides, banda terap\u00e9utica, manual del usuario<\/li>\n<\/ul>\n\n\n\n<p>Adquisici\u00f3n del aparato de magnetoterapia <strong>MAGNUM 2500<\/strong> es la opci\u00f3n ideal para quienes buscan <strong>tratamiento eficaz del dolor articular y de las enfermedades \u00f3seas e inflamatorias, directamente en casa<\/strong>.<br>P\u00f3ngase en contacto con nosotros hoy mismo en el +<strong>39 392 65 09 237<\/strong> y compre su magnetoterapia, \u00a1entrega r\u00e1pida!<br><br><strong>Por qu\u00e9 elegir el servicio Mia Medical Italia<\/strong><\/p>\n\n\n\n<p>Visite el <strong>nuestro sitio<\/strong> para descubrir la amplia gama de dispositivos electrom\u00e9dicos, <strong><a href=\"https:\/\/www.miamedicalitalia.it\/es\/categoria\/affitto-e-noleggio-ausili\/?_gl=1*c4srxd*_up*MQ..*_ga*MjExOTgxNjM4Mi4xNzQ4Njg0MzA5*_ga_D9FZ9V3LL7*czE3NDg2ODkyMzckbzMkZzAkdDE3NDg2ODkyMzckajYwJGwwJGgw\">magnetoterapia, electroterapia, presoterapia, crioterapia y mucho m\u00e1s.<\/a><\/strong><\/p>\n\n\n\n<p>Con Mia Medical Italia, el tratamiento nunca ha sido tan f\u00e1cil y seguro. Reserve ya su dispositivo y comience su tratamiento en s\u00f3lo 24\/48 horas. A qu\u00e9 est\u00e1s esperando, <strong><a href=\"https:\/\/wa.me\/393926509237\">Contacto<\/a><\/strong> ahora en +<strong>39 392 65 09 237.<\/strong> Ll\u00e1menos para adquirir hoy mismo su aparato de magnetoterapia para el hogar. <br><\/p>\n\n\n\n<p><\/p>","protected":false},"excerpt":{"rendered":"<div style=\"font-family: Arial, sans-serif; background-color: #234091; padding: 30px; border-radius: 25px; max-width: 600px; color: #ffffff; position: relative; border-top: 6px solid #2498fe;\">\n<h3 style=\"margin-top: 0; margin-bottom: 15px; color: #ffffff;\">MAGNETOTERAPIA PEMP Magnum 2500<\/h3>\n<p>Aparato profesional de alta frecuencia dise\u00f1ado tanto para uso CL\u00cdNICO como DOMICULTURAL.<\/p>\n<ul>\n<li>Favorece la regeneraci\u00f3n \u00f3sea y tisular<\/li>\n<li>Reduce el dolor y la inflamaci\u00f3n de forma natural<\/li>\n<li>Mejora la circulaci\u00f3n y la oxigenaci\u00f3n de los tejidos<\/li>\n<li>Acelera la curaci\u00f3n de fracturas, edemas y lesiones musculoesquel\u00e9ticas<\/li>\n<li>\u00datil para la artrosis, la osteoporosis, la tendinitis y los trastornos reum\u00e1ticos<\/li>\n<\/ul>\n<p><strong>\u00a1C\u00f3mpralo ya!<\/strong><\/p>\n<\/div>\n<p><!-- Linea bianca sotto --><\/p>\n<div style=\"height: 6px; background-color: #ffffff; max-width: 600px;\">\u00a0<\/div>","protected":false},"featured_media":12108,"template":"","meta":{"_acf_changed":false},"home-category":[],"product_brand":[],"product_cat":[261,541],"product_tag":[],"woo-feed-brand":[],"class_list":{"0":"post-14176","1":"product","2":"type-product","3":"status-publish","4":"has-post-thumbnail","6":"product_cat-vendita-ausili","7":"product_cat-vendita-magnetoterapia","8":"product_shipping_class-ausili-grandi","10":"first","11":"instock","12":"shipping-taxable","13":"purchasable","14":"product-type-simple"},"acf":[],"yoast_head":"<!-- This site is optimized with the Yoast SEO Premium plugin v27.5 (Yoast SEO v27.5) - https:\/\/yoast.com\/product\/yoast-seo-premium-wordpress\/ -->\n<title>Vendita Magnetoterapia CEMP MAGNUM 2500<\/title>\n<meta name=\"description\" content=\"Acquista ora la Magnetoterapia CEMP Magnum 2500 a un prezzo vantaggioso. Disponibilit\u00e0 immediata. Ordina online in pochi click!\" \/>\n<meta name=\"robots\" content=\"index, follow, max-snippet:-1, max-image-preview:large, max-video-preview:-1\" \/>\n<link rel=\"canonical\" href=\"https:\/\/www.miamedicalitalia.it\/es\/producto\/magnetoterapia-cemp-magnum-2500-2\/\" \/>\n<meta property=\"og:locale\" content=\"es_ES\" \/>\n<meta property=\"og:type\" content=\"article\" \/>\n<meta property=\"og:title\" content=\"Vendita Magnetoterapia CEMP MAGNUM 2500\" \/>\n<meta property=\"og:description\" content=\"Acquista ora la Magnetoterapia CEMP Magnum 2500 a un prezzo vantaggioso. Disponibilit\u00e0 immediata. Ordina online in pochi click!\" \/>\n<meta property=\"og:url\" content=\"https:\/\/www.miamedicalitalia.it\/es\/producto\/magnetoterapia-cemp-magnum-2500-2\/\" \/>\n<meta property=\"og:site_name\" content=\"Mia Medical\" \/>\n<meta property=\"article:publisher\" content=\"https:\/\/www.facebook.com\/miamedicalitalia\" \/>\n<meta property=\"article:modified_time\" content=\"2026-03-06T16:01:25+00:00\" \/>\n<meta property=\"og:image\" content=\"https:\/\/www.miamedicalitalia.it\/wp-content\/uploads\/2023\/10\/MAGNETOTERAPIA-CEMP-MAGNUM-2500.jpg\" \/>\n\t<meta property=\"og:image:width\" content=\"1200\" \/>\n\t<meta property=\"og:image:height\" content=\"1200\" \/>\n\t<meta property=\"og:image:type\" content=\"image\/jpeg\" \/>\n<meta name=\"twitter:card\" content=\"summary_large_image\" \/>\n<meta name=\"twitter:label1\" content=\"Tiempo de lectura\" \/>\n\t<meta name=\"twitter:data1\" content=\"1 minuto\" \/>\n<script type=\"application\/ld+json\" class=\"yoast-schema-graph\">{\"@context\":\"https:\\\/\\\/schema.org\",\"@graph\":[{\"@type\":\"WebPage\",\"@id\":\"https:\\\/\\\/www.miamedicalitalia.it\\\/prodotto\\\/magnetoterapia-cemp-magnum-2500-2\\\/\",\"url\":\"https:\\\/\\\/www.miamedicalitalia.it\\\/prodotto\\\/magnetoterapia-cemp-magnum-2500-2\\\/\",\"name\":\"Vendita Magnetoterapia CEMP MAGNUM 2500\",\"isPartOf\":{\"@id\":\"https:\\\/\\\/www.miamedicalitalia.it\\\/#website\"},\"primaryImageOfPage\":{\"@id\":\"https:\\\/\\\/www.miamedicalitalia.it\\\/prodotto\\\/magnetoterapia-cemp-magnum-2500-2\\\/#primaryimage\"},\"image\":{\"@id\":\"https:\\\/\\\/www.miamedicalitalia.it\\\/prodotto\\\/magnetoterapia-cemp-magnum-2500-2\\\/#primaryimage\"},\"thumbnailUrl\":\"https:\\\/\\\/www.miamedicalitalia.it\\\/wp-content\\\/uploads\\\/2023\\\/10\\\/MAGNETOTERAPIA-CEMP-MAGNUM-2500.jpg\",\"datePublished\":\"2025-07-24T12:52:01+00:00\",\"dateModified\":\"2026-03-06T16:01:25+00:00\",\"description\":\"Acquista ora la Magnetoterapia CEMP Magnum 2500 a un prezzo vantaggioso. Disponibilit\u00e0 immediata. Ordina online in pochi click!\",\"breadcrumb\":{\"@id\":\"https:\\\/\\\/www.miamedicalitalia.it\\\/prodotto\\\/magnetoterapia-cemp-magnum-2500-2\\\/#breadcrumb\"},\"inLanguage\":\"es\",\"potentialAction\":[{\"@type\":\"ReadAction\",\"target\":[\"https:\\\/\\\/www.miamedicalitalia.it\\\/prodotto\\\/magnetoterapia-cemp-magnum-2500-2\\\/\"]}]},{\"@type\":\"ImageObject\",\"inLanguage\":\"es\",\"@id\":\"https:\\\/\\\/www.miamedicalitalia.it\\\/prodotto\\\/magnetoterapia-cemp-magnum-2500-2\\\/#primaryimage\",\"url\":\"https:\\\/\\\/www.miamedicalitalia.it\\\/wp-content\\\/uploads\\\/2023\\\/10\\\/MAGNETOTERAPIA-CEMP-MAGNUM-2500.jpg\",\"contentUrl\":\"https:\\\/\\\/www.miamedicalitalia.it\\\/wp-content\\\/uploads\\\/2023\\\/10\\\/MAGNETOTERAPIA-CEMP-MAGNUM-2500.jpg\",\"width\":1200,\"height\":1200},{\"@type\":\"BreadcrumbList\",\"@id\":\"https:\\\/\\\/www.miamedicalitalia.it\\\/prodotto\\\/magnetoterapia-cemp-magnum-2500-2\\\/#breadcrumb\",\"itemListElement\":[{\"@type\":\"ListItem\",\"position\":1,\"name\":\"Home\",\"item\":\"https:\\\/\\\/www.miamedicalitalia.it\\\/\"},{\"@type\":\"ListItem\",\"position\":2,\"name\":\"Shop\",\"item\":\"https:\\\/\\\/www.miamedicalitalia.it\\\/negozio\\\/\"},{\"@type\":\"ListItem\",\"position\":3,\"name\":\"Vendita\",\"item\":\"https:\\\/\\\/www.miamedicalitalia.it\\\/categoria\\\/vendita-ausili\\\/\"},{\"@type\":\"ListItem\",\"position\":4,\"name\":\"Vendita Magnetoterapia Magnum 2500\"}]},{\"@type\":\"WebSite\",\"@id\":\"https:\\\/\\\/www.miamedicalitalia.it\\\/#website\",\"url\":\"https:\\\/\\\/www.miamedicalitalia.it\\\/\",\"name\":\"www.miamedicalitalia.it\",\"description\":\"Noleggio e Vendita Attrezzatura Sanitarie\",\"publisher\":{\"@id\":\"https:\\\/\\\/www.miamedicalitalia.it\\\/#organization\"},\"potentialAction\":[{\"@type\":\"SearchAction\",\"target\":{\"@type\":\"EntryPoint\",\"urlTemplate\":\"https:\\\/\\\/www.miamedicalitalia.it\\\/?s={search_term_string}\"},\"query-input\":{\"@type\":\"PropertyValueSpecification\",\"valueRequired\":true,\"valueName\":\"search_term_string\"}}],\"inLanguage\":\"es\"},{\"@type\":\"Organization\",\"@id\":\"https:\\\/\\\/www.miamedicalitalia.it\\\/#organization\",\"name\":\"OLG\",\"url\":\"https:\\\/\\\/www.miamedicalitalia.it\\\/\",\"logo\":{\"@type\":\"ImageObject\",\"inLanguage\":\"es\",\"@id\":\"https:\\\/\\\/www.miamedicalitalia.it\\\/#\\\/schema\\\/logo\\\/image\\\/\",\"url\":\"https:\\\/\\\/www.miamedicalitalia.it\\\/wp-content\\\/uploads\\\/2023\\\/04\\\/mia-medical-logo-free.png\",\"contentUrl\":\"https:\\\/\\\/www.miamedicalitalia.it\\\/wp-content\\\/uploads\\\/2023\\\/04\\\/mia-medical-logo-free.png\",\"width\":700,\"height\":700,\"caption\":\"OLG\"},\"image\":{\"@id\":\"https:\\\/\\\/www.miamedicalitalia.it\\\/#\\\/schema\\\/logo\\\/image\\\/\"},\"sameAs\":[\"https:\\\/\\\/www.facebook.com\\\/miamedicalitalia\"]}]}<\/script>\n<!-- \/ Yoast SEO Premium plugin. -->","yoast_head_json":{"title":"Venta de Magnetoterapia CEMP MAGNUM 2500","description":"Compre ahora la Magnetoterapia PEMF Magnum 2500 a precio de ganga. Disponibilidad inmediata. Haga su pedido online en unos pocos clics.","robots":{"index":"index","follow":"follow","max-snippet":"max-snippet:-1","max-image-preview":"max-image-preview:large","max-video-preview":"max-video-preview:-1"},"canonical":"https:\/\/www.miamedicalitalia.it\/es\/producto\/magnetoterapia-cemp-magnum-2500-2\/","og_locale":"es_ES","og_type":"article","og_title":"Vendita Magnetoterapia CEMP MAGNUM 2500","og_description":"Acquista ora la Magnetoterapia CEMP Magnum 2500 a un prezzo vantaggioso. Disponibilit\u00e0 immediata. Ordina online in pochi click!","og_url":"https:\/\/www.miamedicalitalia.it\/es\/producto\/magnetoterapia-cemp-magnum-2500-2\/","og_site_name":"Mia Medical","article_publisher":"https:\/\/www.facebook.com\/miamedicalitalia","article_modified_time":"2026-03-06T16:01:25+00:00","og_image":[{"width":1200,"height":1200,"url":"https:\/\/www.miamedicalitalia.it\/wp-content\/uploads\/2023\/10\/MAGNETOTERAPIA-CEMP-MAGNUM-2500.jpg","type":"image\/jpeg"}],"twitter_card":"summary_large_image","twitter_misc":{"Tiempo de lectura":"1 minuto"},"schema":{"@context":"https:\/\/schema.org","@graph":[{"@type":"WebPage","@id":"https:\/\/www.miamedicalitalia.it\/prodotto\/magnetoterapia-cemp-magnum-2500-2\/","url":"https:\/\/www.miamedicalitalia.it\/prodotto\/magnetoterapia-cemp-magnum-2500-2\/","name":"Venta de Magnetoterapia CEMP MAGNUM 2500","isPartOf":{"@id":"https:\/\/www.miamedicalitalia.it\/#website"},"primaryImageOfPage":{"@id":"https:\/\/www.miamedicalitalia.it\/prodotto\/magnetoterapia-cemp-magnum-2500-2\/#primaryimage"},"image":{"@id":"https:\/\/www.miamedicalitalia.it\/prodotto\/magnetoterapia-cemp-magnum-2500-2\/#primaryimage"},"thumbnailUrl":"https:\/\/www.miamedicalitalia.it\/wp-content\/uploads\/2023\/10\/MAGNETOTERAPIA-CEMP-MAGNUM-2500.jpg","datePublished":"2025-07-24T12:52:01+00:00","dateModified":"2026-03-06T16:01:25+00:00","description":"Compre ahora la Magnetoterapia PEMF Magnum 2500 a precio de ganga. Disponibilidad inmediata. Haga su pedido online en unos pocos clics.","breadcrumb":{"@id":"https:\/\/www.miamedicalitalia.it\/prodotto\/magnetoterapia-cemp-magnum-2500-2\/#breadcrumb"},"inLanguage":"es","potentialAction":[{"@type":"ReadAction","target":["https:\/\/www.miamedicalitalia.it\/prodotto\/magnetoterapia-cemp-magnum-2500-2\/"]}]},{"@type":"ImageObject","inLanguage":"es","@id":"https:\/\/www.miamedicalitalia.it\/prodotto\/magnetoterapia-cemp-magnum-2500-2\/#primaryimage","url":"https:\/\/www.miamedicalitalia.it\/wp-content\/uploads\/2023\/10\/MAGNETOTERAPIA-CEMP-MAGNUM-2500.jpg","contentUrl":"https:\/\/www.miamedicalitalia.it\/wp-content\/uploads\/2023\/10\/MAGNETOTERAPIA-CEMP-MAGNUM-2500.jpg","width":1200,"height":1200},{"@type":"BreadcrumbList","@id":"https:\/\/www.miamedicalitalia.it\/prodotto\/magnetoterapia-cemp-magnum-2500-2\/#breadcrumb","itemListElement":[{"@type":"ListItem","position":1,"name":"Home","item":"https:\/\/www.miamedicalitalia.it\/"},{"@type":"ListItem","position":2,"name":"Shop","item":"https:\/\/www.miamedicalitalia.it\/negozio\/"},{"@type":"ListItem","position":3,"name":"Vendita","item":"https:\/\/www.miamedicalitalia.it\/categoria\/vendita-ausili\/"},{"@type":"ListItem","position":4,"name":"Vendita Magnetoterapia Magnum 2500"}]},{"@type":"WebSite","@id":"https:\/\/www.miamedicalitalia.it\/#website","url":"https:\/\/www.miamedicalitalia.it\/","name":"www.miamedicalitalia.it","description":"Alquiler y venta de material sanitario","publisher":{"@id":"https:\/\/www.miamedicalitalia.it\/#organization"},"potentialAction":[{"@type":"SearchAction","target":{"@type":"EntryPoint","urlTemplate":"https:\/\/www.miamedicalitalia.it\/?s={search_term_string}"},"query-input":{"@type":"PropertyValueSpecification","valueRequired":true,"valueName":"search_term_string"}}],"inLanguage":"es"},{"@type":"Organization","@id":"https:\/\/www.miamedicalitalia.it\/#organization","name":"OLG","url":"https:\/\/www.miamedicalitalia.it\/","logo":{"@type":"ImageObject","inLanguage":"es","@id":"https:\/\/www.miamedicalitalia.it\/#\/schema\/logo\/image\/","url":"https:\/\/www.miamedicalitalia.it\/wp-content\/uploads\/2023\/04\/mia-medical-logo-free.png","contentUrl":"https:\/\/www.miamedicalitalia.it\/wp-content\/uploads\/2023\/04\/mia-medical-logo-free.png","width":700,"height":700,"caption":"OLG"},"image":{"@id":"https:\/\/www.miamedicalitalia.it\/#\/schema\/logo\/image\/"},"sameAs":["https:\/\/www.facebook.com\/miamedicalitalia"]}]}},"wcpa_form_fields":null,"_links":{"self":[{"href":"https:\/\/www.miamedicalitalia.it\/es\/wp-json\/wp\/v2\/product\/14176","targetHints":{"allow":["GET"]}}],"collection":[{"href":"https:\/\/www.miamedicalitalia.it\/es\/wp-json\/wp\/v2\/product"}],"about":[{"href":"https:\/\/www.miamedicalitalia.it\/es\/wp-json\/wp\/v2\/types\/product"}],"wp:featuredmedia":[{"embeddable":true,"href":"https:\/\/www.miamedicalitalia.it\/es\/wp-json\/wp\/v2\/media\/12108"}],"wp:attachment":[{"href":"https:\/\/www.miamedicalitalia.it\/es\/wp-json\/wp\/v2\/media?parent=14176"}],"wp:term":[{"taxonomy":"home-category","embeddable":true,"href":"https:\/\/www.miamedicalitalia.it\/es\/wp-json\/wp\/v2\/home-category?post=14176"},{"taxonomy":"product_brand","embeddable":true,"href":"https:\/\/www.miamedicalitalia.it\/es\/wp-json\/wp\/v2\/product_brand?post=14176"},{"taxonomy":"product_cat","embeddable":true,"href":"https:\/\/www.miamedicalitalia.it\/es\/wp-json\/wp\/v2\/product_cat?post=14176"},{"taxonomy":"product_tag","embeddable":true,"href":"https:\/\/www.miamedicalitalia.it\/es\/wp-json\/wp\/v2\/product_tag?post=14176"},{"taxonomy":"woo-feed-brand","embeddable":true,"href":"https:\/\/www.miamedicalitalia.it\/es\/wp-json\/wp\/v2\/woo-feed-brand?post=14176"}],"curies":[{"name":"wp","href":"https:\/\/api.w.org\/{rel}","templated":true}]}}