{"id":14126,"date":"2025-07-21T13:35:45","date_gmt":"2025-07-21T11:35:45","guid":{"rendered":"https:\/\/www.miamedicalitalia.it\/?post_type=product&#038;p=14126"},"modified":"2026-03-06T17:10:44","modified_gmt":"2026-03-06T15:10:44","slug":"vendita-sollevatore-elettrico-soft","status":"publish","type":"product","link":"https:\/\/www.miamedicalitalia.it\/es\/producto\/vendita-sollevatore-elettrico-soft\/","title":{"rendered":"Se vende elevador de ba\u00f1era el\u00e9ctrico SOFT"},"content":{"rendered":"<h4 class=\"wp-block-heading\" id=\"h-sollevatore-elettrico-soft-per-bagno-e-trasferimenti-pieghevole-compatto-e-facile-da-usare\">Elevador el\u00e9ctrico SOFT para ba\u00f1os y transferencias - plegable, compacto y f\u00e1cil de usar<\/h4>\n\n\n\n<p>En <strong>Polipasto el\u00e9ctrico SOFT<\/strong> es un dispositivo m\u00e9dico dise\u00f1ado para facilitar la elevaci\u00f3n y transferencia de personas con movilidad reducida con total comodidad y seguridad. Gracias a su <strong>arn\u00e9s suave<\/strong> y el <strong>sistema de plegado que ahorra espacio<\/strong>, Es perfecta para su uso en entornos dom\u00e9sticos y profesionales, incluso con espacio limitado.<\/p>\n\n\n\n<p>Adecuado para el traslado <strong>de la cama al cochecito, de la ba\u00f1era al sill\u00f3n<\/strong>o para <strong>acompa\u00f1ar a una persona en coche<\/strong>, SOFT es una ayuda esencial para simplificar el trabajo de cuidadores y familiares.<\/p>\n\n\n\n<h4 class=\"wp-block-heading\" id=\"h-caratteristiche-tecniche-del-sollevatore-soft\">Caracter\u00edsticas t\u00e9cnicas del ascensor SOFT<\/h4>\n\n\n\n<ul class=\"wp-block-list\">\n<li><strong>Sistema de elevaci\u00f3n el\u00e9ctrico con control manual<\/strong><\/li>\n\n\n\n<li><strong>Arn\u00e9s suave, c\u00f3modo y lavable<\/strong><\/li>\n\n\n\n<li><strong>Estructura plegable<\/strong> - s\u00f3lo <strong>27 cm de profundidad<\/strong> cuando est\u00e1 cerrado<\/li>\n\n\n\n<li><strong>Altura regulable<\/strong> De 40 a 73 cm<\/li>\n\n\n\n<li><strong>Anchura en posici\u00f3n abierta<\/strong>: 63 cm - <strong>pasa f\u00e1cilmente por puertas de 53 cm<\/strong><\/li>\n\n\n\n<li><strong>Longitud<\/strong>73 cm<\/li>\n\n\n\n<li><strong>Peso del aparato<\/strong>28 kg<\/li>\n\n\n\n<li><strong>Caudal m\u00e1ximo<\/strong>150 kg<\/li>\n\n\n\n<li><strong>Ruedas giratorias<\/strong> para facilitar la maniobrabilidad<\/li>\n\n\n\n<li><strong>Ocupa poco espacio<\/strong> - ideal incluso en habitaciones peque\u00f1as<\/li>\n<\/ul>\n\n\n\n<h4 class=\"wp-block-heading\" id=\"h-a-chi-e-rivolto-il-sollevatore-elettrico-soft\">A qui\u00e9n va dirigido el elevador el\u00e9ctrico SOFT<\/h4>\n\n\n\n<p>El ascensor SOFT est\u00e1 dise\u00f1ado para:<\/p>\n\n\n\n<ul class=\"wp-block-list\">\n<li>Familias que cuidan en casa a personas con dificultades de movilidad<\/li>\n\n\n\n<li>Centros sanitarios, residencias de ancianos o RSA<\/li>\n\n\n\n<li>Asistentes a domicilio y cuidadores profesionales<\/li>\n\n\n\n<li>Pr\u00e1cticas de fisioterapia y entornos de rehabilitaci\u00f3n<\/li>\n\n\n\n<li>Qui\u00e9n necesita una ayuda para acompa\u00f1ar a una persona asistida en el coche<\/li>\n<\/ul>\n\n\n\n<h4 class=\"wp-block-heading\" id=\"h-vendita-e-noleggio-sollevatore-elettrico-soft-praticita-sicurezza-e-autonomia-ogni-giorno\">Venta y alquiler de polipastos el\u00e9ctricos SOFT: practicidad, seguridad y autonom\u00eda cada d\u00eda<br><\/h4>\n\n\n\n<p>Contar con un ascensor compacto y plegable como el <strong>SOFT<\/strong> mejora de forma concreta la vida diaria, tanto para la persona que recibe los cuidados como para el cuidador. Gracias a su dise\u00f1o ligero y manejable y a la <strong>arn\u00e9s suave<\/strong>, cada traslado es m\u00e1s f\u00e1cil, seguro y menos cansado. El elevador SOFT es una elecci\u00f3n estrat\u00e9gica para quienes necesitan una <strong>ayuda vers\u00e1til<\/strong>f\u00e1cil de guardar y <strong>inmediatamente listo para su uso<\/strong> en cualquier momento.<br><br>Inf\u00f3rmese sobre nuestro <strong><a href=\"https:\/\/www.miamedicalitalia.it\/es\/categoria\/affitto-e-noleggio-ausili\/\">site todos los modelos y ayudas disponibles: herramientas dise\u00f1adas para acompa\u00f1ar cada d\u00eda a las personas hacia una nueva autonom\u00eda.<\/a><\/strong><\/p>\n\n\n\n<p>Cada d\u00eda nos esforzamos por proporcionar a nuestros clientes todas las herramientas necesarias para la asistencia a domicilio, de modo que puedan recibir los cuidados que necesitan rodeados del afecto de sus seres queridos. <strong>Elija los servicios de venta y alquiler de M.I.A. Medical Italia. <\/strong>Nuestras ayudas se seleccionan cuidadosamente entre los mejores proveedores para garantizar un <strong>servicio de m\u00e1xima calidad, con asistencia constante de nuestros profesionales, entrega r\u00e1pida a domicilio en 24\/48 horas.<\/strong><\/p>\n\n\n\n<h4 class=\"wp-block-heading\" id=\"h-contatti-utili\">Contactos \u00fatiles<\/h4>\n\n\n\n<p>\u00bfA qu\u00e9 espera? Ll\u00e1menos ahora al +.<strong>39 392 65 09 237<\/strong> para solicitar su ascensor hoy mismo. Adem\u00e1s, s\u00f3lo tiene que enviarnos un mensaje a <strong><a href=\"https:\/\/wa.me\/393926509237\">whatsapp<\/a><\/strong> para llevar a cabo la <strong>reserva<\/strong> o para solicitar un <strong>consulta gratuita<\/strong>. Nuestra <strong>t\u00e9cnicos especializados est\u00e1n siempre a su disposici\u00f3n para aclararle cualquier duda o guiarle, paso a paso, en la elecci\u00f3n del aparato que mejor se adapte a sus necesidades.<\/strong><\/p>","protected":false},"excerpt":{"rendered":"<div style=\"font-family: Arial, sans-serif; background-color: #234091; padding: 30px; border-radius: 25px; max-width: 600px; color: #ffffff; position: relative; border-top: 6px solid #2498fe;\">\n<h3 style=\"margin-top: 0; margin-bottom: 15px; color: #ffffff;\">\u00a1No se pierda la oferta especial!<\/h3>\n<p>Hasta agotar existencias.<\/p>\n<\/div>\n<p><!-- Linea bianca sotto --><\/p>\n<div style=\"height: 6px; background-color: #ffffff; max-width: 600px;\">\u00a0<\/div>","protected":false},"featured_media":14127,"template":"","meta":{"_acf_changed":false},"home-category":[263],"product_brand":[],"product_cat":[261,534],"product_tag":[],"woo-feed-brand":[],"class_list":{"0":"post-14126","1":"product","2":"type-product","3":"status-publish","4":"has-post-thumbnail","6":"home-category-ausili","7":"product_cat-vendita-ausili","8":"product_cat-vendita-sollevatori","9":"product_shipping_class-ausili-grandi","11":"first","12":"instock","13":"shipping-taxable","14":"purchasable","15":"product-type-simple"},"acf":[],"yoast_head":"<!-- This site is optimized with the Yoast SEO Premium plugin v27.5 (Yoast SEO v27.5) - https:\/\/yoast.com\/product\/yoast-seo-premium-wordpress\/ -->\n<title>Vendita sollevatore elettrico SOFT da bagno - Mia Medical<\/title>\n<meta name=\"description\" content=\"Sollevatore elettrico SOFT in vendita. Disponibilit\u00e0 immediata. Consegna rapida in 24\/48h. Il miglior rapporto qualit\u00e0 prezzo sul mercato! Chiama ora.\" \/>\n<meta name=\"robots\" content=\"index, follow, max-snippet:-1, max-image-preview:large, max-video-preview:-1\" \/>\n<link rel=\"canonical\" href=\"https:\/\/www.miamedicalitalia.it\/es\/producto\/vendita-sollevatore-elettrico-soft\/\" \/>\n<meta property=\"og:locale\" content=\"es_ES\" \/>\n<meta property=\"og:type\" content=\"article\" \/>\n<meta property=\"og:title\" content=\"Vendita sollevatore elettrico SOFT da bagno - Mia Medical\" \/>\n<meta property=\"og:description\" content=\"Sollevatore elettrico SOFT in vendita. Disponibilit\u00e0 immediata. Consegna rapida in 24\/48h. Il miglior rapporto qualit\u00e0 prezzo sul mercato! Chiama ora.\" \/>\n<meta property=\"og:url\" content=\"https:\/\/www.miamedicalitalia.it\/es\/producto\/vendita-sollevatore-elettrico-soft\/\" \/>\n<meta property=\"og:site_name\" content=\"Mia Medical\" \/>\n<meta property=\"article:publisher\" content=\"https:\/\/www.facebook.com\/miamedicalitalia\" \/>\n<meta property=\"article:modified_time\" content=\"2026-03-06T15:10:44+00:00\" \/>\n<meta property=\"og:image\" content=\"https:\/\/www.miamedicalitalia.it\/wp-content\/uploads\/2025\/07\/2.jpg\" \/>\n\t<meta property=\"og:image:width\" content=\"1000\" \/>\n\t<meta property=\"og:image:height\" content=\"1000\" \/>\n\t<meta property=\"og:image:type\" content=\"image\/jpeg\" \/>\n<meta name=\"twitter:card\" content=\"summary_large_image\" \/>\n<meta name=\"twitter:label1\" content=\"Tiempo de lectura\" \/>\n\t<meta name=\"twitter:data1\" content=\"2 minutos\" \/>\n<script type=\"application\/ld+json\" class=\"yoast-schema-graph\">{\"@context\":\"https:\\\/\\\/schema.org\",\"@graph\":[{\"@type\":\"WebPage\",\"@id\":\"https:\\\/\\\/www.miamedicalitalia.it\\\/prodotto\\\/vendita-sollevatore-elettrico-soft\\\/\",\"url\":\"https:\\\/\\\/www.miamedicalitalia.it\\\/prodotto\\\/vendita-sollevatore-elettrico-soft\\\/\",\"name\":\"Vendita sollevatore elettrico SOFT da bagno - Mia Medical\",\"isPartOf\":{\"@id\":\"https:\\\/\\\/www.miamedicalitalia.it\\\/#website\"},\"primaryImageOfPage\":{\"@id\":\"https:\\\/\\\/www.miamedicalitalia.it\\\/prodotto\\\/vendita-sollevatore-elettrico-soft\\\/#primaryimage\"},\"image\":{\"@id\":\"https:\\\/\\\/www.miamedicalitalia.it\\\/prodotto\\\/vendita-sollevatore-elettrico-soft\\\/#primaryimage\"},\"thumbnailUrl\":\"https:\\\/\\\/www.miamedicalitalia.it\\\/wp-content\\\/uploads\\\/2025\\\/07\\\/2.jpg\",\"datePublished\":\"2025-07-21T11:35:45+00:00\",\"dateModified\":\"2026-03-06T15:10:44+00:00\",\"description\":\"Sollevatore elettrico SOFT in vendita. Disponibilit\u00e0 immediata. Consegna rapida in 24\\\/48h. Il miglior rapporto qualit\u00e0 prezzo sul mercato! Chiama ora.\",\"breadcrumb\":{\"@id\":\"https:\\\/\\\/www.miamedicalitalia.it\\\/prodotto\\\/vendita-sollevatore-elettrico-soft\\\/#breadcrumb\"},\"inLanguage\":\"es\",\"potentialAction\":[{\"@type\":\"ReadAction\",\"target\":[\"https:\\\/\\\/www.miamedicalitalia.it\\\/prodotto\\\/vendita-sollevatore-elettrico-soft\\\/\"]}]},{\"@type\":\"ImageObject\",\"inLanguage\":\"es\",\"@id\":\"https:\\\/\\\/www.miamedicalitalia.it\\\/prodotto\\\/vendita-sollevatore-elettrico-soft\\\/#primaryimage\",\"url\":\"https:\\\/\\\/www.miamedicalitalia.it\\\/wp-content\\\/uploads\\\/2025\\\/07\\\/2.jpg\",\"contentUrl\":\"https:\\\/\\\/www.miamedicalitalia.it\\\/wp-content\\\/uploads\\\/2025\\\/07\\\/2.jpg\",\"width\":1000,\"height\":1000},{\"@type\":\"BreadcrumbList\",\"@id\":\"https:\\\/\\\/www.miamedicalitalia.it\\\/prodotto\\\/vendita-sollevatore-elettrico-soft\\\/#breadcrumb\",\"itemListElement\":[{\"@type\":\"ListItem\",\"position\":1,\"name\":\"Home\",\"item\":\"https:\\\/\\\/www.miamedicalitalia.it\\\/\"},{\"@type\":\"ListItem\",\"position\":2,\"name\":\"Shop\",\"item\":\"https:\\\/\\\/www.miamedicalitalia.it\\\/negozio\\\/\"},{\"@type\":\"ListItem\",\"position\":3,\"name\":\"Vendita\",\"item\":\"https:\\\/\\\/www.miamedicalitalia.it\\\/categoria\\\/vendita-ausili\\\/\"},{\"@type\":\"ListItem\",\"position\":4,\"name\":\"Vendita sollevatore elettrico SOFT da bagno\"}]},{\"@type\":\"WebSite\",\"@id\":\"https:\\\/\\\/www.miamedicalitalia.it\\\/#website\",\"url\":\"https:\\\/\\\/www.miamedicalitalia.it\\\/\",\"name\":\"www.miamedicalitalia.it\",\"description\":\"Noleggio e Vendita Attrezzatura Sanitarie\",\"publisher\":{\"@id\":\"https:\\\/\\\/www.miamedicalitalia.it\\\/#organization\"},\"potentialAction\":[{\"@type\":\"SearchAction\",\"target\":{\"@type\":\"EntryPoint\",\"urlTemplate\":\"https:\\\/\\\/www.miamedicalitalia.it\\\/?s={search_term_string}\"},\"query-input\":{\"@type\":\"PropertyValueSpecification\",\"valueRequired\":true,\"valueName\":\"search_term_string\"}}],\"inLanguage\":\"es\"},{\"@type\":\"Organization\",\"@id\":\"https:\\\/\\\/www.miamedicalitalia.it\\\/#organization\",\"name\":\"OLG\",\"url\":\"https:\\\/\\\/www.miamedicalitalia.it\\\/\",\"logo\":{\"@type\":\"ImageObject\",\"inLanguage\":\"es\",\"@id\":\"https:\\\/\\\/www.miamedicalitalia.it\\\/#\\\/schema\\\/logo\\\/image\\\/\",\"url\":\"https:\\\/\\\/www.miamedicalitalia.it\\\/wp-content\\\/uploads\\\/2023\\\/04\\\/mia-medical-logo-free.png\",\"contentUrl\":\"https:\\\/\\\/www.miamedicalitalia.it\\\/wp-content\\\/uploads\\\/2023\\\/04\\\/mia-medical-logo-free.png\",\"width\":700,\"height\":700,\"caption\":\"OLG\"},\"image\":{\"@id\":\"https:\\\/\\\/www.miamedicalitalia.it\\\/#\\\/schema\\\/logo\\\/image\\\/\"},\"sameAs\":[\"https:\\\/\\\/www.facebook.com\\\/miamedicalitalia\"]}]}<\/script>\n<!-- \/ Yoast SEO Premium plugin. -->","yoast_head_json":{"title":"Se vende elevador de ba\u00f1era el\u00e9ctrico SOFT - Mia Medical","description":"Se vende polipasto el\u00e9ctrico SOFT. Disponibilidad inmediata. Entrega r\u00e1pida en 24\/48h. \u00a1La mejor relaci\u00f3n calidad precio del mercado! Llame ahora.","robots":{"index":"index","follow":"follow","max-snippet":"max-snippet:-1","max-image-preview":"max-image-preview:large","max-video-preview":"max-video-preview:-1"},"canonical":"https:\/\/www.miamedicalitalia.it\/es\/producto\/vendita-sollevatore-elettrico-soft\/","og_locale":"es_ES","og_type":"article","og_title":"Vendita sollevatore elettrico SOFT da bagno - Mia Medical","og_description":"Sollevatore elettrico SOFT in vendita. Disponibilit\u00e0 immediata. Consegna rapida in 24\/48h. Il miglior rapporto qualit\u00e0 prezzo sul mercato! Chiama ora.","og_url":"https:\/\/www.miamedicalitalia.it\/es\/producto\/vendita-sollevatore-elettrico-soft\/","og_site_name":"Mia Medical","article_publisher":"https:\/\/www.facebook.com\/miamedicalitalia","article_modified_time":"2026-03-06T15:10:44+00:00","og_image":[{"width":1000,"height":1000,"url":"https:\/\/www.miamedicalitalia.it\/wp-content\/uploads\/2025\/07\/2.jpg","type":"image\/jpeg"}],"twitter_card":"summary_large_image","twitter_misc":{"Tiempo de lectura":"2 minutos"},"schema":{"@context":"https:\/\/schema.org","@graph":[{"@type":"WebPage","@id":"https:\/\/www.miamedicalitalia.it\/prodotto\/vendita-sollevatore-elettrico-soft\/","url":"https:\/\/www.miamedicalitalia.it\/prodotto\/vendita-sollevatore-elettrico-soft\/","name":"Se vende elevador de ba\u00f1era el\u00e9ctrico SOFT - Mia Medical","isPartOf":{"@id":"https:\/\/www.miamedicalitalia.it\/#website"},"primaryImageOfPage":{"@id":"https:\/\/www.miamedicalitalia.it\/prodotto\/vendita-sollevatore-elettrico-soft\/#primaryimage"},"image":{"@id":"https:\/\/www.miamedicalitalia.it\/prodotto\/vendita-sollevatore-elettrico-soft\/#primaryimage"},"thumbnailUrl":"https:\/\/www.miamedicalitalia.it\/wp-content\/uploads\/2025\/07\/2.jpg","datePublished":"2025-07-21T11:35:45+00:00","dateModified":"2026-03-06T15:10:44+00:00","description":"Se vende polipasto el\u00e9ctrico SOFT. Disponibilidad inmediata. Entrega r\u00e1pida en 24\/48h. \u00a1La mejor relaci\u00f3n calidad precio del mercado! Llame ahora.","breadcrumb":{"@id":"https:\/\/www.miamedicalitalia.it\/prodotto\/vendita-sollevatore-elettrico-soft\/#breadcrumb"},"inLanguage":"es","potentialAction":[{"@type":"ReadAction","target":["https:\/\/www.miamedicalitalia.it\/prodotto\/vendita-sollevatore-elettrico-soft\/"]}]},{"@type":"ImageObject","inLanguage":"es","@id":"https:\/\/www.miamedicalitalia.it\/prodotto\/vendita-sollevatore-elettrico-soft\/#primaryimage","url":"https:\/\/www.miamedicalitalia.it\/wp-content\/uploads\/2025\/07\/2.jpg","contentUrl":"https:\/\/www.miamedicalitalia.it\/wp-content\/uploads\/2025\/07\/2.jpg","width":1000,"height":1000},{"@type":"BreadcrumbList","@id":"https:\/\/www.miamedicalitalia.it\/prodotto\/vendita-sollevatore-elettrico-soft\/#breadcrumb","itemListElement":[{"@type":"ListItem","position":1,"name":"Home","item":"https:\/\/www.miamedicalitalia.it\/"},{"@type":"ListItem","position":2,"name":"Shop","item":"https:\/\/www.miamedicalitalia.it\/negozio\/"},{"@type":"ListItem","position":3,"name":"Vendita","item":"https:\/\/www.miamedicalitalia.it\/categoria\/vendita-ausili\/"},{"@type":"ListItem","position":4,"name":"Vendita sollevatore elettrico SOFT da bagno"}]},{"@type":"WebSite","@id":"https:\/\/www.miamedicalitalia.it\/#website","url":"https:\/\/www.miamedicalitalia.it\/","name":"www.miamedicalitalia.it","description":"Alquiler y venta de material sanitario","publisher":{"@id":"https:\/\/www.miamedicalitalia.it\/#organization"},"potentialAction":[{"@type":"SearchAction","target":{"@type":"EntryPoint","urlTemplate":"https:\/\/www.miamedicalitalia.it\/?s={search_term_string}"},"query-input":{"@type":"PropertyValueSpecification","valueRequired":true,"valueName":"search_term_string"}}],"inLanguage":"es"},{"@type":"Organization","@id":"https:\/\/www.miamedicalitalia.it\/#organization","name":"OLG","url":"https:\/\/www.miamedicalitalia.it\/","logo":{"@type":"ImageObject","inLanguage":"es","@id":"https:\/\/www.miamedicalitalia.it\/#\/schema\/logo\/image\/","url":"https:\/\/www.miamedicalitalia.it\/wp-content\/uploads\/2023\/04\/mia-medical-logo-free.png","contentUrl":"https:\/\/www.miamedicalitalia.it\/wp-content\/uploads\/2023\/04\/mia-medical-logo-free.png","width":700,"height":700,"caption":"OLG"},"image":{"@id":"https:\/\/www.miamedicalitalia.it\/#\/schema\/logo\/image\/"},"sameAs":["https:\/\/www.facebook.com\/miamedicalitalia"]}]}},"wcpa_form_fields":null,"_links":{"self":[{"href":"https:\/\/www.miamedicalitalia.it\/es\/wp-json\/wp\/v2\/product\/14126","targetHints":{"allow":["GET"]}}],"collection":[{"href":"https:\/\/www.miamedicalitalia.it\/es\/wp-json\/wp\/v2\/product"}],"about":[{"href":"https:\/\/www.miamedicalitalia.it\/es\/wp-json\/wp\/v2\/types\/product"}],"wp:featuredmedia":[{"embeddable":true,"href":"https:\/\/www.miamedicalitalia.it\/es\/wp-json\/wp\/v2\/media\/14127"}],"wp:attachment":[{"href":"https:\/\/www.miamedicalitalia.it\/es\/wp-json\/wp\/v2\/media?parent=14126"}],"wp:term":[{"taxonomy":"home-category","embeddable":true,"href":"https:\/\/www.miamedicalitalia.it\/es\/wp-json\/wp\/v2\/home-category?post=14126"},{"taxonomy":"product_brand","embeddable":true,"href":"https:\/\/www.miamedicalitalia.it\/es\/wp-json\/wp\/v2\/product_brand?post=14126"},{"taxonomy":"product_cat","embeddable":true,"href":"https:\/\/www.miamedicalitalia.it\/es\/wp-json\/wp\/v2\/product_cat?post=14126"},{"taxonomy":"product_tag","embeddable":true,"href":"https:\/\/www.miamedicalitalia.it\/es\/wp-json\/wp\/v2\/product_tag?post=14126"},{"taxonomy":"woo-feed-brand","embeddable":true,"href":"https:\/\/www.miamedicalitalia.it\/es\/wp-json\/wp\/v2\/woo-feed-brand?post=14126"}],"curies":[{"name":"wp","href":"https:\/\/api.w.org\/{rel}","templated":true}]}}