{"id":14107,"date":"2025-07-21T13:16:42","date_gmt":"2025-07-21T11:16:42","guid":{"rendered":"https:\/\/www.miamedicalitalia.it\/?post_type=product&#038;p=14107"},"modified":"2026-03-06T17:10:34","modified_gmt":"2026-03-06T15:10:34","slug":"vendita-sollevatore-elettrico-go-up","status":"publish","type":"product","link":"https:\/\/www.miamedicalitalia.it\/es\/producto\/vendita-sollevatore-elettrico-go-up\/","title":{"rendered":"Venta de elevador el\u00e9ctrico GO UP"},"content":{"rendered":"<h3 class=\"wp-block-heading\" id=\"h-vendita-sollevatore-elettrico-per-anziani-per-uso-sanitario-al-bagno-un-supporto-essenziale-per-la-mobilita-assistita\">Vendita Sollevatore elettrico per anziani per uso sanitario al bagno : un supporto essenziale per la mobilit\u00e0 assistita.<\/h3>\n\n\n\n<p>En <strong>Polipasto el\u00e9ctrico GO UP<\/strong> per anziani \u00e8 un dispositivo medicale progettato per il <strong>trasferimento sicuro e confortevole di persone con ridotta capacit\u00e0 motoria e per l&#8217;uso in bagno.<\/strong> Ideal para un uso continuo y diario, es una elecci\u00f3n estrat\u00e9gica para quienes desean garantizar un cuidado constante a lo largo del tiempo, en el \u00e1mbito dom\u00e9stico o profesional.<\/p>\n\n\n\n<p>Indicato per il passaggio dal letto alla carrozzina o della poltrona \u00e8 sopratutto ideal per il  bagno o in qualsiasi situazione di spostamento nei piccoli spazi , il GO UP si rivela un ausilio indispensabile per mantenere la sicurezza dell\u2019assistito, migliorando al contempo la qualit\u00e0 del lavoro del caregiver.<\/p>\n\n\n\n<h4 class=\"wp-block-heading\" id=\"h-caratteristiche-tecniche-del-modello-go-up\">Caracter\u00edsticas t\u00e9cnicas del modelo GO UP<\/h4>\n\n\n\n<ul class=\"wp-block-list\">\n<li>Elevador el\u00e9ctrico con mando manual<\/li>\n\n\n\n<li>Altura regulable de 40 a 73 cm<\/li>\n\n\n\n<li>Pantalla digital con indicador de nivel de bater\u00eda<\/li>\n\n\n\n<li>Capacidad de carga m\u00e1xima: 150 kg<\/li>\n\n\n\n<li>Estructura robusta y bastidor reforzado<\/li>\n\n\n\n<li>4 ruedas giratorias con freno trasero<\/li>\n\n\n\n<li>Asiento ergon\u00f3mico acolchado, impermeable y extra\u00edble<\/li>\n\n\n\n<li>Respaldo tapizado, reposabrazos y reposapi\u00e9s antideslizantes<\/li>\n\n\n\n<li>Abertura central en el asiento para uso sanitario (funci\u00f3n inodoro)<\/li>\n<\/ul>\n\n\n\n<h3 class=\"wp-block-heading\" id=\"h-a-chi-e-indicato-l-acquisto-del-sollevatore-elettrico-go-up\">\u00bfA qui\u00e9n se recomienda la compra de la gr\u00faa el\u00e9ctrica GO UP?<\/h3>\n\n\n\n<p>El servicio de venta de polipastos el\u00e9ctricos est\u00e1 dise\u00f1ado especialmente para :<\/p>\n\n\n\n<ul class=\"wp-block-list\">\n<li><strong>Familias<\/strong> che assistono quotidianamente un parente con mobilit\u00e0 ridotta e vogliono un valido aiuto per i spostamenti in bagno. <\/li>\n\n\n\n<li><strong>Centros sanitarios y residencias de ancianos<\/strong> que necesitan su propio dispositivo permanente<\/li>\n\n\n\n<li><strong>Trabajadores y cuidadores a domicilio <\/strong>trabajar continuamente con el mismo paciente<\/li>\n\n\n\n<li><strong>Centros de fisioterapia o rehabilitaci\u00f3n<\/strong> que deseen adquirir equipos profesionales<\/li>\n<\/ul>\n\n\n\n<p>Invertir en un polipasto significa garantizar la seguridad y la tranquilidad a lo largo del tiempo para quienes viven o trabajan en entornos de cuidados continuos.<br><\/p>\n\n\n\n<h3 class=\"wp-block-heading\" id=\"h-vendita-sollevatore-elettrico-go-up-per-anziani-comfort-sicurezza-e-autonomia-ogni-giorno\"><strong>Venta de gr\u00faa el\u00e9ctrica para personas mayores GO UP: comodidad, seguridad e independencia todos los d\u00edas<\/strong><\/h3>\n\n\n\n<p>Disporre di un sollevatore personale migliora significativamente la quotidianit\u00e0, sia per chi riceve assistenza sia per chi la presta. Grazie al GO UP, ogni movimento diventa pi\u00f9 semplice, pi\u00f9 sicuro e meno stressante. Inoltre, scegliere il GO UP significa dotarsi di un ausilio durevole, affidabile e di qualit\u00e0, pensato per resistere nel tempo e garantire assistenza professionale e continua. \u00c8 una soluzione ideale per chi ha bisogno di un supporto  idoneo al bagno, sotto la doccia e per tutti spostamenti , fisso e sempre disponibile! <br><\/p>\n\n\n\n<p>Inf\u00f3rmese sobre nuestro <strong><a href=\"https:\/\/www.miamedicalitalia.it\/es\/categoria\/affitto-e-noleggio-ausili\/\">site todos los modelos y ayudas disponibles: herramientas dise\u00f1adas para acompa\u00f1ar cada d\u00eda a las personas hacia una nueva autonom\u00eda.<\/a><\/strong><\/p>\n\n\n\n<p>Cada d\u00eda nos esforzamos por proporcionar a nuestros clientes todas las herramientas necesarias para la asistencia a domicilio, de modo que puedan recibir los cuidados que necesitan rodeados del afecto de sus seres queridos. <strong>Elija los servicios de venta y alquiler de M.I.A. Medical Italia. <\/strong>Nuestras ayudas se seleccionan cuidadosamente entre los mejores proveedores para garantizar un <strong>servicio de m\u00e1xima calidad, con asistencia constante de nuestros profesionales, entrega r\u00e1pida a domicilio en 24\/48 horas.<\/strong><\/p>\n\n\n\n<h4 class=\"wp-block-heading\" id=\"h-contatti-utili\">Contactos \u00fatiles<\/h4>\n\n\n\n<p>\u00bfA qu\u00e9 espera? Ll\u00e1menos ahora al +.<strong>39 392 65 09 237<\/strong> para solicitar su ascensor hoy mismo. Adem\u00e1s, s\u00f3lo tiene que enviarnos un mensaje a <strong><a href=\"https:\/\/wa.me\/393926509237\">whatsapp<\/a><\/strong> para llevar a cabo la <strong>reserva<\/strong> o para solicitar un <strong>consulta gratuita<\/strong>. Nuestra <strong>t\u00e9cnicos especializados est\u00e1n siempre a su disposici\u00f3n para aclararle cualquier duda o guiarle, paso a paso, en la elecci\u00f3n del aparato que mejor se adapte a sus necesidades.<\/strong><\/p>\n\n\n\n<p><\/p>","protected":false},"excerpt":{"rendered":"<div style=\"font-family: Arial, sans-serif; background-color: #234091; padding: 30px; border-radius: 25px; max-width: 600px; color: #ffffff; position: relative; border-top: 6px solid #2498fe;\">\n<h3 style=\"margin-top: 0; margin-bottom: 15px; color: #ffffff;\">\u00a1No se pierda la oferta especial!<\/h3>\n<p>En <strong>Polipasto el\u00e9ctrico GO UP<\/strong> es un dispositivo m\u00e9dico dise\u00f1ado para la <strong>traslado seguro y c\u00f3modo de personas con movilidad reducida.<\/strong> <\/p>\n<p>Ideal para un uso continuo y diario.<\/p>\n<p>Hasta agotar existencias.<\/p>\n<\/div>\n<p><!-- Linea bianca sotto --><\/p>\n<div style=\"height: 6px; background-color: #ffffff; max-width: 600px;\">\u00a0<\/div>","protected":false},"featured_media":14105,"template":"","meta":{"_acf_changed":false},"home-category":[263],"product_brand":[],"product_cat":[261,534],"product_tag":[],"woo-feed-brand":[],"class_list":{"0":"post-14107","1":"product","2":"type-product","3":"status-publish","4":"has-post-thumbnail","6":"home-category-ausili","7":"product_cat-vendita-ausili","8":"product_cat-vendita-sollevatori","9":"product_shipping_class-ausili-grandi","11":"first","12":"instock","13":"sale","14":"shipping-taxable","15":"purchasable","16":"product-type-simple"},"acf":[],"yoast_head":"<!-- This site is optimized with the Yoast SEO Premium plugin v27.5 (Yoast SEO v27.5) - https:\/\/yoast.com\/product\/yoast-seo-premium-wordpress\/ -->\n<title>Vendita Sollevatore Elettrico GO UP - Mia Medical<\/title>\n<meta name=\"description\" content=\"Sollevatore elettrico GO UP da bagno per anziani in vendita. Disponibilit\u00e0 immediata. Consegna rapida in 24\/48h. Il miglior qualit\u00e0 prezzo sul mercato!\" \/>\n<meta name=\"robots\" content=\"index, follow, max-snippet:-1, max-image-preview:large, max-video-preview:-1\" \/>\n<link rel=\"canonical\" href=\"https:\/\/www.miamedicalitalia.it\/es\/producto\/vendita-sollevatore-elettrico-go-up\/\" \/>\n<meta property=\"og:locale\" content=\"es_ES\" \/>\n<meta property=\"og:type\" content=\"article\" \/>\n<meta property=\"og:title\" content=\"Vendita Sollevatore Elettrico GO UP - Mia Medical\" \/>\n<meta property=\"og:description\" content=\"Sollevatore elettrico GO UP da bagno per anziani in vendita. Disponibilit\u00e0 immediata. Consegna rapida in 24\/48h. Il miglior qualit\u00e0 prezzo sul mercato!\" \/>\n<meta property=\"og:url\" content=\"https:\/\/www.miamedicalitalia.it\/es\/producto\/vendita-sollevatore-elettrico-go-up\/\" \/>\n<meta property=\"og:site_name\" content=\"Mia Medical\" \/>\n<meta property=\"article:publisher\" content=\"https:\/\/www.facebook.com\/miamedicalitalia\" \/>\n<meta property=\"article:modified_time\" content=\"2026-03-06T15:10:34+00:00\" \/>\n<meta property=\"og:image\" content=\"https:\/\/www.miamedicalitalia.it\/wp-content\/uploads\/2025\/07\/IMG_4189.jpeg\" \/>\n\t<meta property=\"og:image:width\" content=\"1034\" \/>\n\t<meta property=\"og:image:height\" content=\"1034\" \/>\n\t<meta property=\"og:image:type\" content=\"image\/jpeg\" \/>\n<meta name=\"twitter:card\" content=\"summary_large_image\" \/>\n<meta name=\"twitter:label1\" content=\"Tiempo de lectura\" \/>\n\t<meta name=\"twitter:data1\" content=\"3 minutos\" \/>\n<script type=\"application\/ld+json\" class=\"yoast-schema-graph\">{\"@context\":\"https:\\\/\\\/schema.org\",\"@graph\":[{\"@type\":\"WebPage\",\"@id\":\"https:\\\/\\\/www.miamedicalitalia.it\\\/prodotto\\\/vendita-sollevatore-elettrico-go-up\\\/\",\"url\":\"https:\\\/\\\/www.miamedicalitalia.it\\\/prodotto\\\/vendita-sollevatore-elettrico-go-up\\\/\",\"name\":\"Vendita Sollevatore Elettrico GO UP - Mia Medical\",\"isPartOf\":{\"@id\":\"https:\\\/\\\/www.miamedicalitalia.it\\\/#website\"},\"primaryImageOfPage\":{\"@id\":\"https:\\\/\\\/www.miamedicalitalia.it\\\/prodotto\\\/vendita-sollevatore-elettrico-go-up\\\/#primaryimage\"},\"image\":{\"@id\":\"https:\\\/\\\/www.miamedicalitalia.it\\\/prodotto\\\/vendita-sollevatore-elettrico-go-up\\\/#primaryimage\"},\"thumbnailUrl\":\"https:\\\/\\\/www.miamedicalitalia.it\\\/wp-content\\\/uploads\\\/2025\\\/07\\\/IMG_4189.jpeg\",\"datePublished\":\"2025-07-21T11:16:42+00:00\",\"dateModified\":\"2026-03-06T15:10:34+00:00\",\"description\":\"Sollevatore elettrico GO UP da bagno per anziani in vendita. Disponibilit\u00e0 immediata. Consegna rapida in 24\\\/48h. Il miglior qualit\u00e0 prezzo sul mercato!\",\"breadcrumb\":{\"@id\":\"https:\\\/\\\/www.miamedicalitalia.it\\\/prodotto\\\/vendita-sollevatore-elettrico-go-up\\\/#breadcrumb\"},\"inLanguage\":\"es\",\"potentialAction\":[{\"@type\":\"ReadAction\",\"target\":[\"https:\\\/\\\/www.miamedicalitalia.it\\\/prodotto\\\/vendita-sollevatore-elettrico-go-up\\\/\"]}]},{\"@type\":\"ImageObject\",\"inLanguage\":\"es\",\"@id\":\"https:\\\/\\\/www.miamedicalitalia.it\\\/prodotto\\\/vendita-sollevatore-elettrico-go-up\\\/#primaryimage\",\"url\":\"https:\\\/\\\/www.miamedicalitalia.it\\\/wp-content\\\/uploads\\\/2025\\\/07\\\/IMG_4189.jpeg\",\"contentUrl\":\"https:\\\/\\\/www.miamedicalitalia.it\\\/wp-content\\\/uploads\\\/2025\\\/07\\\/IMG_4189.jpeg\",\"width\":1034,\"height\":1034,\"caption\":\"Noleggio e vendita sollevatore elettrico GO UP\"},{\"@type\":\"BreadcrumbList\",\"@id\":\"https:\\\/\\\/www.miamedicalitalia.it\\\/prodotto\\\/vendita-sollevatore-elettrico-go-up\\\/#breadcrumb\",\"itemListElement\":[{\"@type\":\"ListItem\",\"position\":1,\"name\":\"Home\",\"item\":\"https:\\\/\\\/www.miamedicalitalia.it\\\/\"},{\"@type\":\"ListItem\",\"position\":2,\"name\":\"Shop\",\"item\":\"https:\\\/\\\/www.miamedicalitalia.it\\\/negozio\\\/\"},{\"@type\":\"ListItem\",\"position\":3,\"name\":\"Vendita\",\"item\":\"https:\\\/\\\/www.miamedicalitalia.it\\\/categoria\\\/vendita-ausili\\\/\"},{\"@type\":\"ListItem\",\"position\":4,\"name\":\"Vendita Sollevatore Elettrico GO UP\"}]},{\"@type\":\"WebSite\",\"@id\":\"https:\\\/\\\/www.miamedicalitalia.it\\\/#website\",\"url\":\"https:\\\/\\\/www.miamedicalitalia.it\\\/\",\"name\":\"www.miamedicalitalia.it\",\"description\":\"Noleggio e Vendita Attrezzatura Sanitarie\",\"publisher\":{\"@id\":\"https:\\\/\\\/www.miamedicalitalia.it\\\/#organization\"},\"potentialAction\":[{\"@type\":\"SearchAction\",\"target\":{\"@type\":\"EntryPoint\",\"urlTemplate\":\"https:\\\/\\\/www.miamedicalitalia.it\\\/?s={search_term_string}\"},\"query-input\":{\"@type\":\"PropertyValueSpecification\",\"valueRequired\":true,\"valueName\":\"search_term_string\"}}],\"inLanguage\":\"es\"},{\"@type\":\"Organization\",\"@id\":\"https:\\\/\\\/www.miamedicalitalia.it\\\/#organization\",\"name\":\"OLG\",\"url\":\"https:\\\/\\\/www.miamedicalitalia.it\\\/\",\"logo\":{\"@type\":\"ImageObject\",\"inLanguage\":\"es\",\"@id\":\"https:\\\/\\\/www.miamedicalitalia.it\\\/#\\\/schema\\\/logo\\\/image\\\/\",\"url\":\"https:\\\/\\\/www.miamedicalitalia.it\\\/wp-content\\\/uploads\\\/2023\\\/04\\\/mia-medical-logo-free.png\",\"contentUrl\":\"https:\\\/\\\/www.miamedicalitalia.it\\\/wp-content\\\/uploads\\\/2023\\\/04\\\/mia-medical-logo-free.png\",\"width\":700,\"height\":700,\"caption\":\"OLG\"},\"image\":{\"@id\":\"https:\\\/\\\/www.miamedicalitalia.it\\\/#\\\/schema\\\/logo\\\/image\\\/\"},\"sameAs\":[\"https:\\\/\\\/www.facebook.com\\\/miamedicalitalia\"]}]}<\/script>\n<!-- \/ Yoast SEO Premium plugin. -->","yoast_head_json":{"title":"Elevador el\u00e9ctrico GO UP en venta - Mia Medical","description":"Sollevatore elettrico GO UP da bagno per anziani in vendita. Disponibilit\u00e0 immediata. Consegna rapida in 24\/48h. Il miglior qualit\u00e0 prezzo sul mercato!","robots":{"index":"index","follow":"follow","max-snippet":"max-snippet:-1","max-image-preview":"max-image-preview:large","max-video-preview":"max-video-preview:-1"},"canonical":"https:\/\/www.miamedicalitalia.it\/es\/producto\/vendita-sollevatore-elettrico-go-up\/","og_locale":"es_ES","og_type":"article","og_title":"Vendita Sollevatore Elettrico GO UP - Mia Medical","og_description":"Sollevatore elettrico GO UP da bagno per anziani in vendita. Disponibilit\u00e0 immediata. Consegna rapida in 24\/48h. Il miglior qualit\u00e0 prezzo sul mercato!","og_url":"https:\/\/www.miamedicalitalia.it\/es\/producto\/vendita-sollevatore-elettrico-go-up\/","og_site_name":"Mia Medical","article_publisher":"https:\/\/www.facebook.com\/miamedicalitalia","article_modified_time":"2026-03-06T15:10:34+00:00","og_image":[{"width":1034,"height":1034,"url":"https:\/\/www.miamedicalitalia.it\/wp-content\/uploads\/2025\/07\/IMG_4189.jpeg","type":"image\/jpeg"}],"twitter_card":"summary_large_image","twitter_misc":{"Tiempo de lectura":"3 minutos"},"schema":{"@context":"https:\/\/schema.org","@graph":[{"@type":"WebPage","@id":"https:\/\/www.miamedicalitalia.it\/prodotto\/vendita-sollevatore-elettrico-go-up\/","url":"https:\/\/www.miamedicalitalia.it\/prodotto\/vendita-sollevatore-elettrico-go-up\/","name":"Elevador el\u00e9ctrico GO UP en venta - Mia Medical","isPartOf":{"@id":"https:\/\/www.miamedicalitalia.it\/#website"},"primaryImageOfPage":{"@id":"https:\/\/www.miamedicalitalia.it\/prodotto\/vendita-sollevatore-elettrico-go-up\/#primaryimage"},"image":{"@id":"https:\/\/www.miamedicalitalia.it\/prodotto\/vendita-sollevatore-elettrico-go-up\/#primaryimage"},"thumbnailUrl":"https:\/\/www.miamedicalitalia.it\/wp-content\/uploads\/2025\/07\/IMG_4189.jpeg","datePublished":"2025-07-21T11:16:42+00:00","dateModified":"2026-03-06T15:10:34+00:00","description":"Sollevatore elettrico GO UP da bagno per anziani in vendita. Disponibilit\u00e0 immediata. Consegna rapida in 24\/48h. Il miglior qualit\u00e0 prezzo sul mercato!","breadcrumb":{"@id":"https:\/\/www.miamedicalitalia.it\/prodotto\/vendita-sollevatore-elettrico-go-up\/#breadcrumb"},"inLanguage":"es","potentialAction":[{"@type":"ReadAction","target":["https:\/\/www.miamedicalitalia.it\/prodotto\/vendita-sollevatore-elettrico-go-up\/"]}]},{"@type":"ImageObject","inLanguage":"es","@id":"https:\/\/www.miamedicalitalia.it\/prodotto\/vendita-sollevatore-elettrico-go-up\/#primaryimage","url":"https:\/\/www.miamedicalitalia.it\/wp-content\/uploads\/2025\/07\/IMG_4189.jpeg","contentUrl":"https:\/\/www.miamedicalitalia.it\/wp-content\/uploads\/2025\/07\/IMG_4189.jpeg","width":1034,"height":1034,"caption":"Noleggio e vendita sollevatore elettrico GO UP"},{"@type":"BreadcrumbList","@id":"https:\/\/www.miamedicalitalia.it\/prodotto\/vendita-sollevatore-elettrico-go-up\/#breadcrumb","itemListElement":[{"@type":"ListItem","position":1,"name":"Home","item":"https:\/\/www.miamedicalitalia.it\/"},{"@type":"ListItem","position":2,"name":"Shop","item":"https:\/\/www.miamedicalitalia.it\/negozio\/"},{"@type":"ListItem","position":3,"name":"Vendita","item":"https:\/\/www.miamedicalitalia.it\/categoria\/vendita-ausili\/"},{"@type":"ListItem","position":4,"name":"Vendita Sollevatore Elettrico GO UP"}]},{"@type":"WebSite","@id":"https:\/\/www.miamedicalitalia.it\/#website","url":"https:\/\/www.miamedicalitalia.it\/","name":"www.miamedicalitalia.it","description":"Alquiler y venta de material sanitario","publisher":{"@id":"https:\/\/www.miamedicalitalia.it\/#organization"},"potentialAction":[{"@type":"SearchAction","target":{"@type":"EntryPoint","urlTemplate":"https:\/\/www.miamedicalitalia.it\/?s={search_term_string}"},"query-input":{"@type":"PropertyValueSpecification","valueRequired":true,"valueName":"search_term_string"}}],"inLanguage":"es"},{"@type":"Organization","@id":"https:\/\/www.miamedicalitalia.it\/#organization","name":"OLG","url":"https:\/\/www.miamedicalitalia.it\/","logo":{"@type":"ImageObject","inLanguage":"es","@id":"https:\/\/www.miamedicalitalia.it\/#\/schema\/logo\/image\/","url":"https:\/\/www.miamedicalitalia.it\/wp-content\/uploads\/2023\/04\/mia-medical-logo-free.png","contentUrl":"https:\/\/www.miamedicalitalia.it\/wp-content\/uploads\/2023\/04\/mia-medical-logo-free.png","width":700,"height":700,"caption":"OLG"},"image":{"@id":"https:\/\/www.miamedicalitalia.it\/#\/schema\/logo\/image\/"},"sameAs":["https:\/\/www.facebook.com\/miamedicalitalia"]}]}},"wcpa_form_fields":null,"_links":{"self":[{"href":"https:\/\/www.miamedicalitalia.it\/es\/wp-json\/wp\/v2\/product\/14107","targetHints":{"allow":["GET"]}}],"collection":[{"href":"https:\/\/www.miamedicalitalia.it\/es\/wp-json\/wp\/v2\/product"}],"about":[{"href":"https:\/\/www.miamedicalitalia.it\/es\/wp-json\/wp\/v2\/types\/product"}],"wp:featuredmedia":[{"embeddable":true,"href":"https:\/\/www.miamedicalitalia.it\/es\/wp-json\/wp\/v2\/media\/14105"}],"wp:attachment":[{"href":"https:\/\/www.miamedicalitalia.it\/es\/wp-json\/wp\/v2\/media?parent=14107"}],"wp:term":[{"taxonomy":"home-category","embeddable":true,"href":"https:\/\/www.miamedicalitalia.it\/es\/wp-json\/wp\/v2\/home-category?post=14107"},{"taxonomy":"product_brand","embeddable":true,"href":"https:\/\/www.miamedicalitalia.it\/es\/wp-json\/wp\/v2\/product_brand?post=14107"},{"taxonomy":"product_cat","embeddable":true,"href":"https:\/\/www.miamedicalitalia.it\/es\/wp-json\/wp\/v2\/product_cat?post=14107"},{"taxonomy":"product_tag","embeddable":true,"href":"https:\/\/www.miamedicalitalia.it\/es\/wp-json\/wp\/v2\/product_tag?post=14107"},{"taxonomy":"woo-feed-brand","embeddable":true,"href":"https:\/\/www.miamedicalitalia.it\/es\/wp-json\/wp\/v2\/woo-feed-brand?post=14107"}],"curies":[{"name":"wp","href":"https:\/\/api.w.org\/{rel}","templated":true}]}}