{"id":12347,"date":"2024-05-27T22:31:55","date_gmt":"2024-05-27T20:31:55","guid":{"rendered":"https:\/\/www.miamedicalitalia.it\/?post_type=product&#038;p=12347"},"modified":"2026-01-07T11:59:26","modified_gmt":"2026-01-07T09:59:26","slug":"noleggio-sollevatore-elettrico-soft-pieghevole-da-bagno","status":"publish","type":"product","link":"https:\/\/www.miamedicalitalia.it\/es\/producto\/noleggio-sollevatore-elettrico-soft-pieghevole-da-bagno\/","title":{"rendered":"Alquiler de elevador de ba\u00f1era el\u00e9ctrico SOFT"},"content":{"rendered":"<p><strong>El elevador el\u00e9ctrico plegable SOFT ocupa poco espacio, s\u00f3lo 28 cm de profundidad cuando est\u00e1 plegado, <\/strong>es un <strong>sollevatore elettrico per anziani e persone con disabilit\u00e0 <\/strong>&nbsp;dotado de un&nbsp;<strong>sistema de elevaci\u00f3n \u00fanico<\/strong>que con s\u00f3lo dos movimientos te permite <strong>sacar al paciente de la cama,<\/strong> acompa\u00f1arle f\u00e1cilmente al ba\u00f1o y meterle en el coche.<\/p>\n\n\n\n<h4 class=\"wp-block-heading\" id=\"h-caratteristiche-tecniche-del-sollevatore-soft-per-anziani\">Caracter\u00edsticas t\u00e9cnicas del elevador SOFT para personas mayores<\/h4>\n\n\n\n<ul class=\"wp-block-list\">\n<li><strong>Sistema de elevaci\u00f3n el\u00e9ctrico con control manual<\/strong><\/li>\n\n\n\n<li><strong>Arn\u00e9s suave, c\u00f3modo y lavable<\/strong><\/li>\n\n\n\n<li><strong>Estructura plegable<\/strong>&nbsp;- s\u00f3lo&nbsp;<strong>27 cm de profundidad<\/strong>&nbsp;cuando est\u00e1 cerrado<\/li>\n\n\n\n<li><strong>Altura regulable<\/strong>&nbsp;De 40 a 73 cm<\/li>\n\n\n\n<li><strong>Anchura en posici\u00f3n abierta<\/strong>: 63 cm -&nbsp;<strong>pasa f\u00e1cilmente por puertas de 53 cm<\/strong><\/li>\n\n\n\n<li><strong>Longitud<\/strong>73 cm<\/li>\n\n\n\n<li><strong>Peso del aparato<\/strong>28 kg<\/li>\n\n\n\n<li><strong>Caudal m\u00e1ximo<\/strong>150 kg<\/li>\n\n\n\n<li><strong>Ruedas giratorias<\/strong>&nbsp;para facilitar la maniobrabilidad<\/li>\n\n\n\n<li><strong>Ocupa poco espacio<\/strong>&nbsp;- ideal incluso en habitaciones peque\u00f1as<\/li>\n<\/ul>\n\n\n\n<h4 class=\"wp-block-heading\" id=\"h-a-chi-e-rivolto-il-sollevatore-elettrico-soft\">A qui\u00e9n va dirigido el elevador el\u00e9ctrico SOFT<\/h4>\n\n\n\n<p>El ascensor SOFT est\u00e1 dise\u00f1ado para:<\/p>\n\n\n\n<ul class=\"wp-block-list\">\n<li>Qui\u00e9n necesita una ayuda para acompa\u00f1ar a una persona asistida en el coche<\/li>\n\n\n\n<li>Famiglie che assistono persone con disabilit\u00e0 o difficolt\u00e0 motorie in casa<\/li>\n\n\n\n<li>Centros sanitarios, residencias de ancianos o RSA<\/li>\n\n\n\n<li>Asistentes a domicilio y cuidadores profesionales<\/li>\n\n\n\n<li>Pr\u00e1cticas de fisioterapia y entornos de rehabilitaci\u00f3n<\/li>\n<\/ul>\n\n\n\n<h4 class=\"wp-block-heading\" id=\"h-attivita-quotidiane-per-cui-il-sollevatore-per-anziani-o-persone-con-disabilita-e-di-aiuto\">Attivit\u00e0 quotidiane per cui il sollevatore per anziani o persone con disabilit\u00e0 \u00e8 di aiuto\u00a0<\/h4>\n\n\n\n<ul class=\"wp-block-list\">\n<li><em>Mover a la persona de la cama, hacer que se levante o que se tumbe en ella<\/em><\/li>\n\n\n\n<li><em>Acompa\u00f1ar a la persona al ba\u00f1o<\/em><\/li>\n\n\n\n<li><em>&nbsp;Sentar o mover a la persona de la silla, sill\u00f3n c\u00f3modo y silla de ruedas<\/em><\/li>\n\n\n\n<li><em>Trasladar a la persona al interior del domicilio<\/em><\/li>\n\n\n\n<li><em>Acomodar a la persona en el coche<\/em><\/li>\n<\/ul>\n\n\n\n<p>Inf\u00f3rmese sobre nuestro&nbsp;<strong><a href=\"https:\/\/www.miamedicalitalia.it\/es\/categoria\/affitto-e-noleggio-ausili\/\">site todos los modelos y ayudas disponibles: herramientas dise\u00f1adas para acompa\u00f1ar cada d\u00eda a las personas hacia una nueva autonom\u00eda.<\/a><\/strong><br><br>Cada d\u00eda nos esforzamos por proporcionar a nuestros clientes todas las herramientas necesarias para la asistencia a domicilio, de modo que puedan recibir los cuidados que necesitan rodeados del afecto de sus seres queridos.&nbsp;<br><br>Nuestras ayudas se seleccionan cuidadosamente entre los mejores proveedores para garantizar un&nbsp;<strong>servicio de m\u00e1xima calidad, con asistencia constante de nuestros profesionales, entrega r\u00e1pida a domicilio en 24\/48 horas.<\/strong> \u00a1Ll\u00e1menos al +39 392 65 09 237!<\/p>\n\n\n\n<h4 class=\"wp-block-heading\" id=\"h-perche-scegliere-il-servizio-di-noleggio-di-m-i-a-medical-italia-come-tuo-alleato\">Perch\u00e9 scegliere il servizio di noleggio di M.I.A. Medical Italia come tuo alleato?<\/h4>\n\n\n\n<p>Elija Mia Medical Italia para su alquiler:<\/p>\n\n\n\n<ul class=\"wp-block-list\">\n<li>Hai&nbsp;<strong>asistencia personalizada<\/strong>&nbsp;y entrega del dispositivo directamente a&nbsp;<strong>cl\u00ednica, hospital o piso<\/strong>.<\/li>\n\n\n\n<li>Buscar dispositivos&nbsp;<strong>desinfectada, segura y controlada<\/strong>&nbsp;por personal cualificado.<\/li>\n\n\n\n<li>Hai&nbsp;<strong>apoyo local inmediato<\/strong>tanto en Roma como en Florencia.<\/li>\n\n\n\n<li>Reserve f\u00e1cilmente, con tarifas transparentes y opciones flexibles incluso para varios d\u00edas.<\/li>\n\n\n\n<li><strong><a href=\"https:\/\/www.morettispa.com\/prodotto\/sollevatore-elettrico-muevo-home-portata-max-135-kg-copia\/\">Dispositivos de \u00faltima generaci\u00f3n y la mejor calidad del mercado<\/a><\/strong><\/li>\n<\/ul>\n\n\n\n<h4 class=\"wp-block-heading\" id=\"h-come-contattarci-nbsp\">C\u00f3mo ponerse en contacto con nosotros&nbsp;<\/h4>\n\n\n\n<p><strong><a href=\"https:\/\/wa.me\/393926509237\">P\u00f3ngase en contacto con nosotros<\/a><\/strong>&nbsp;hoy mismo para consultar disponibilidad y presupuesto. Adem\u00e1s, si a\u00fan no le hemos convencido, ll\u00e1menos ahora al&nbsp;<strong><a href=\"https:\/\/wa.me\/393926509237\">+39 392 65 09 237.<\/a><\/strong>&nbsp;Nuestra&nbsp;<strong>equipo de especialistas<\/strong>&nbsp;del sector estar\u00e1n dispuestos a responder a todas sus preguntas y aclarar cualquier duda.&nbsp;<strong>P\u00f3ngase en contacto con nosotros&nbsp;<\/strong>hoy mismo para recibir una consulta gratuita y sin compromiso y deje que nuestros expertos le gu\u00eden hacia una experiencia de alquiler personalizada y adaptada a sus necesidades.<\/p>\n\n\n\n<p><a href=\"https:\/\/www.miamedicalitalia.it\/es\/mia-medical-condizioni-di-noleggio-dei-nostri-ausili-medicali\/?_gl=1*hr9jjl*_up*MQ..*_ga*MTUxMzgwNzg3Ni4xNzQ0NDY0NDE1*_ga_D9FZ9V3LL7*MTc0NDQ2NDQxNC4xLjEuMTc0NDQ2NDc5MC4wLjAuMA..\">Nota: consulte nuestras condiciones de alquiler<\/a>.<\/p>","protected":false},"excerpt":{"rendered":"<div style=\"font-family: Arial, sans-serif; background-color: #234091; padding: 30px; border-radius: 25px; max-width: 600px; color: #ffffff; position: relative; border-top: 6px solid #2498fe;\">\n<h3 style=\"margin-top: 0; margin-bottom: 15px; color: #ffffff;\">Alquiler de polipasto el\u00e9ctrico con asiento y eslinga.<\/h3>\n<p>Entrega en Roma y Florencia a partir de 45 euros.<\/p>\n<p><strong>Entrega gratuita<\/strong> para alquileres de 45 d\u00edas<\/p>\n<p><strong>No se requiere dep\u00f3sito.<\/strong><\/p>\n<p>La entrega y la recogida en el almac\u00e9n son <strong>\u00a1GRATIS!<\/strong><\/p>\n<\/div>\n<p><!-- Linea bianca sotto --><\/p>\n<div style=\"height: 6px; background-color: #ffffff; max-width: 600px;\">\u00a0<\/div>","protected":false},"featured_media":14127,"template":"","meta":{"_acf_changed":false},"home-category":[263],"product_brand":[],"product_cat":[81],"product_tag":[237,238,236,235,212,213],"woo-feed-brand":[],"class_list":{"0":"post-12347","1":"product","2":"type-product","3":"status-publish","4":"has-post-thumbnail","6":"home-category-ausili","7":"product_cat-noleggio-sollevatori","8":"product_tag-affitto-sollevatore-elettrico","9":"product_tag-imbragatura","10":"product_tag-noleggio-sollevatore-elettrico","11":"product_tag-sollevatore-elettrico-tipo-sollievo","12":"product_tag-sollevatore-sollievo-affitto-noleggio","13":"product_tag-sollievo-plus","14":"wcpa_has_options","16":"first","17":"instock","18":"shipping-taxable","19":"purchasable","20":"product-type-variable"},"acf":[],"yoast_head":"<!-- This site is optimized with the Yoast SEO Premium plugin v27.5 (Yoast SEO v27.5) - https:\/\/yoast.com\/product\/yoast-seo-premium-wordpress\/ -->\n<title>Noleggio sollevatore elettrico da bagno nel Lazio e nella Toscana<\/title>\n<meta name=\"description\" content=\"Noleggio, affitto del sollevatore elettrico da bagno pieghevole per anziani e persone con disabilit\u00e0. Chiama subito il 3926509237 !\" \/>\n<meta name=\"robots\" content=\"index, follow, max-snippet:-1, max-image-preview:large, max-video-preview:-1\" \/>\n<link rel=\"canonical\" href=\"https:\/\/www.miamedicalitalia.it\/es\/producto\/noleggio-sollevatore-elettrico-soft-pieghevole-da-bagno\/\" \/>\n<meta property=\"og:locale\" content=\"es_ES\" \/>\n<meta property=\"og:type\" content=\"article\" \/>\n<meta property=\"og:title\" content=\"Noleggio sollevatore elettrico da bagno nel Lazio e nella Toscana\" \/>\n<meta property=\"og:description\" content=\"Noleggio, affitto del sollevatore elettrico da bagno pieghevole per anziani e persone con disabilit\u00e0. Chiama subito il 3926509237 !\" \/>\n<meta property=\"og:url\" content=\"https:\/\/www.miamedicalitalia.it\/es\/producto\/noleggio-sollevatore-elettrico-soft-pieghevole-da-bagno\/\" \/>\n<meta property=\"og:site_name\" content=\"Mia Medical\" \/>\n<meta property=\"article:publisher\" content=\"https:\/\/www.facebook.com\/miamedicalitalia\" \/>\n<meta property=\"article:modified_time\" content=\"2026-01-07T09:59:26+00:00\" \/>\n<meta property=\"og:image\" content=\"https:\/\/www.miamedicalitalia.it\/wp-content\/uploads\/2025\/07\/2.jpg\" \/>\n\t<meta property=\"og:image:width\" content=\"1000\" \/>\n\t<meta property=\"og:image:height\" content=\"1000\" \/>\n\t<meta property=\"og:image:type\" content=\"image\/jpeg\" \/>\n<meta name=\"twitter:card\" content=\"summary_large_image\" \/>\n<meta name=\"twitter:label1\" content=\"Tiempo de lectura\" \/>\n\t<meta name=\"twitter:data1\" content=\"2 minutos\" \/>\n<script type=\"application\/ld+json\" class=\"yoast-schema-graph\">{\"@context\":\"https:\\\/\\\/schema.org\",\"@graph\":[{\"@type\":\"WebPage\",\"@id\":\"https:\\\/\\\/www.miamedicalitalia.it\\\/prodotto\\\/noleggio-sollevatore-elettrico-soft-pieghevole-da-bagno\\\/\",\"url\":\"https:\\\/\\\/www.miamedicalitalia.it\\\/prodotto\\\/noleggio-sollevatore-elettrico-soft-pieghevole-da-bagno\\\/\",\"name\":\"Noleggio sollevatore elettrico da bagno nel Lazio e nella Toscana\",\"isPartOf\":{\"@id\":\"https:\\\/\\\/www.miamedicalitalia.it\\\/#website\"},\"primaryImageOfPage\":{\"@id\":\"https:\\\/\\\/www.miamedicalitalia.it\\\/prodotto\\\/noleggio-sollevatore-elettrico-soft-pieghevole-da-bagno\\\/#primaryimage\"},\"image\":{\"@id\":\"https:\\\/\\\/www.miamedicalitalia.it\\\/prodotto\\\/noleggio-sollevatore-elettrico-soft-pieghevole-da-bagno\\\/#primaryimage\"},\"thumbnailUrl\":\"https:\\\/\\\/www.miamedicalitalia.it\\\/wp-content\\\/uploads\\\/2025\\\/07\\\/2.jpg\",\"datePublished\":\"2024-05-27T20:31:55+00:00\",\"dateModified\":\"2026-01-07T09:59:26+00:00\",\"description\":\"Noleggio, affitto del sollevatore elettrico da bagno pieghevole per anziani e persone con disabilit\u00e0. Chiama subito il 3926509237 !\",\"breadcrumb\":{\"@id\":\"https:\\\/\\\/www.miamedicalitalia.it\\\/prodotto\\\/noleggio-sollevatore-elettrico-soft-pieghevole-da-bagno\\\/#breadcrumb\"},\"inLanguage\":\"es\",\"potentialAction\":[{\"@type\":\"ReadAction\",\"target\":[\"https:\\\/\\\/www.miamedicalitalia.it\\\/prodotto\\\/noleggio-sollevatore-elettrico-soft-pieghevole-da-bagno\\\/\"]}]},{\"@type\":\"ImageObject\",\"inLanguage\":\"es\",\"@id\":\"https:\\\/\\\/www.miamedicalitalia.it\\\/prodotto\\\/noleggio-sollevatore-elettrico-soft-pieghevole-da-bagno\\\/#primaryimage\",\"url\":\"https:\\\/\\\/www.miamedicalitalia.it\\\/wp-content\\\/uploads\\\/2025\\\/07\\\/2.jpg\",\"contentUrl\":\"https:\\\/\\\/www.miamedicalitalia.it\\\/wp-content\\\/uploads\\\/2025\\\/07\\\/2.jpg\",\"width\":1000,\"height\":1000},{\"@type\":\"BreadcrumbList\",\"@id\":\"https:\\\/\\\/www.miamedicalitalia.it\\\/prodotto\\\/noleggio-sollevatore-elettrico-soft-pieghevole-da-bagno\\\/#breadcrumb\",\"itemListElement\":[{\"@type\":\"ListItem\",\"position\":1,\"name\":\"Home\",\"item\":\"https:\\\/\\\/www.miamedicalitalia.it\\\/\"},{\"@type\":\"ListItem\",\"position\":2,\"name\":\"Shop\",\"item\":\"https:\\\/\\\/www.miamedicalitalia.it\\\/negozio\\\/\"},{\"@type\":\"ListItem\",\"position\":3,\"name\":\"Affitto e noleggio\",\"item\":\"https:\\\/\\\/www.miamedicalitalia.it\\\/categoria\\\/affitto-e-noleggio-ausili\\\/\"},{\"@type\":\"ListItem\",\"position\":4,\"name\":\"Sollevatori\",\"item\":\"https:\\\/\\\/www.miamedicalitalia.it\\\/categoria\\\/affitto-e-noleggio-ausili\\\/noleggio-sollevatori\\\/\"},{\"@type\":\"ListItem\",\"position\":5,\"name\":\"Noleggio sollevatore elettrico SOFT da bagno\"}]},{\"@type\":\"WebSite\",\"@id\":\"https:\\\/\\\/www.miamedicalitalia.it\\\/#website\",\"url\":\"https:\\\/\\\/www.miamedicalitalia.it\\\/\",\"name\":\"www.miamedicalitalia.it\",\"description\":\"Noleggio e Vendita Attrezzatura Sanitarie\",\"publisher\":{\"@id\":\"https:\\\/\\\/www.miamedicalitalia.it\\\/#organization\"},\"potentialAction\":[{\"@type\":\"SearchAction\",\"target\":{\"@type\":\"EntryPoint\",\"urlTemplate\":\"https:\\\/\\\/www.miamedicalitalia.it\\\/?s={search_term_string}\"},\"query-input\":{\"@type\":\"PropertyValueSpecification\",\"valueRequired\":true,\"valueName\":\"search_term_string\"}}],\"inLanguage\":\"es\"},{\"@type\":\"Organization\",\"@id\":\"https:\\\/\\\/www.miamedicalitalia.it\\\/#organization\",\"name\":\"OLG\",\"url\":\"https:\\\/\\\/www.miamedicalitalia.it\\\/\",\"logo\":{\"@type\":\"ImageObject\",\"inLanguage\":\"es\",\"@id\":\"https:\\\/\\\/www.miamedicalitalia.it\\\/#\\\/schema\\\/logo\\\/image\\\/\",\"url\":\"https:\\\/\\\/www.miamedicalitalia.it\\\/wp-content\\\/uploads\\\/2023\\\/04\\\/mia-medical-logo-free.png\",\"contentUrl\":\"https:\\\/\\\/www.miamedicalitalia.it\\\/wp-content\\\/uploads\\\/2023\\\/04\\\/mia-medical-logo-free.png\",\"width\":700,\"height\":700,\"caption\":\"OLG\"},\"image\":{\"@id\":\"https:\\\/\\\/www.miamedicalitalia.it\\\/#\\\/schema\\\/logo\\\/image\\\/\"},\"sameAs\":[\"https:\\\/\\\/www.facebook.com\\\/miamedicalitalia\"]}]}<\/script>\n<!-- \/ Yoast SEO Premium plugin. -->","yoast_head_json":{"title":"Alquiler de elevadores el\u00e9ctricos para ba\u00f1os en Lacio y Toscana","description":"Noleggio, affitto del sollevatore elettrico da bagno pieghevole per anziani e persone con disabilit\u00e0. Chiama subito il 3926509237 !","robots":{"index":"index","follow":"follow","max-snippet":"max-snippet:-1","max-image-preview":"max-image-preview:large","max-video-preview":"max-video-preview:-1"},"canonical":"https:\/\/www.miamedicalitalia.it\/es\/producto\/noleggio-sollevatore-elettrico-soft-pieghevole-da-bagno\/","og_locale":"es_ES","og_type":"article","og_title":"Noleggio sollevatore elettrico da bagno nel Lazio e nella Toscana","og_description":"Noleggio, affitto del sollevatore elettrico da bagno pieghevole per anziani e persone con disabilit\u00e0. Chiama subito il 3926509237 !","og_url":"https:\/\/www.miamedicalitalia.it\/es\/producto\/noleggio-sollevatore-elettrico-soft-pieghevole-da-bagno\/","og_site_name":"Mia Medical","article_publisher":"https:\/\/www.facebook.com\/miamedicalitalia","article_modified_time":"2026-01-07T09:59:26+00:00","og_image":[{"width":1000,"height":1000,"url":"https:\/\/www.miamedicalitalia.it\/wp-content\/uploads\/2025\/07\/2.jpg","type":"image\/jpeg"}],"twitter_card":"summary_large_image","twitter_misc":{"Tiempo de lectura":"2 minutos"},"schema":{"@context":"https:\/\/schema.org","@graph":[{"@type":"WebPage","@id":"https:\/\/www.miamedicalitalia.it\/prodotto\/noleggio-sollevatore-elettrico-soft-pieghevole-da-bagno\/","url":"https:\/\/www.miamedicalitalia.it\/prodotto\/noleggio-sollevatore-elettrico-soft-pieghevole-da-bagno\/","name":"Alquiler de elevadores el\u00e9ctricos para ba\u00f1os en Lacio y Toscana","isPartOf":{"@id":"https:\/\/www.miamedicalitalia.it\/#website"},"primaryImageOfPage":{"@id":"https:\/\/www.miamedicalitalia.it\/prodotto\/noleggio-sollevatore-elettrico-soft-pieghevole-da-bagno\/#primaryimage"},"image":{"@id":"https:\/\/www.miamedicalitalia.it\/prodotto\/noleggio-sollevatore-elettrico-soft-pieghevole-da-bagno\/#primaryimage"},"thumbnailUrl":"https:\/\/www.miamedicalitalia.it\/wp-content\/uploads\/2025\/07\/2.jpg","datePublished":"2024-05-27T20:31:55+00:00","dateModified":"2026-01-07T09:59:26+00:00","description":"Noleggio, affitto del sollevatore elettrico da bagno pieghevole per anziani e persone con disabilit\u00e0. Chiama subito il 3926509237 !","breadcrumb":{"@id":"https:\/\/www.miamedicalitalia.it\/prodotto\/noleggio-sollevatore-elettrico-soft-pieghevole-da-bagno\/#breadcrumb"},"inLanguage":"es","potentialAction":[{"@type":"ReadAction","target":["https:\/\/www.miamedicalitalia.it\/prodotto\/noleggio-sollevatore-elettrico-soft-pieghevole-da-bagno\/"]}]},{"@type":"ImageObject","inLanguage":"es","@id":"https:\/\/www.miamedicalitalia.it\/prodotto\/noleggio-sollevatore-elettrico-soft-pieghevole-da-bagno\/#primaryimage","url":"https:\/\/www.miamedicalitalia.it\/wp-content\/uploads\/2025\/07\/2.jpg","contentUrl":"https:\/\/www.miamedicalitalia.it\/wp-content\/uploads\/2025\/07\/2.jpg","width":1000,"height":1000},{"@type":"BreadcrumbList","@id":"https:\/\/www.miamedicalitalia.it\/prodotto\/noleggio-sollevatore-elettrico-soft-pieghevole-da-bagno\/#breadcrumb","itemListElement":[{"@type":"ListItem","position":1,"name":"Home","item":"https:\/\/www.miamedicalitalia.it\/"},{"@type":"ListItem","position":2,"name":"Shop","item":"https:\/\/www.miamedicalitalia.it\/negozio\/"},{"@type":"ListItem","position":3,"name":"Affitto e noleggio","item":"https:\/\/www.miamedicalitalia.it\/categoria\/affitto-e-noleggio-ausili\/"},{"@type":"ListItem","position":4,"name":"Sollevatori","item":"https:\/\/www.miamedicalitalia.it\/categoria\/affitto-e-noleggio-ausili\/noleggio-sollevatori\/"},{"@type":"ListItem","position":5,"name":"Noleggio sollevatore elettrico SOFT da bagno"}]},{"@type":"WebSite","@id":"https:\/\/www.miamedicalitalia.it\/#website","url":"https:\/\/www.miamedicalitalia.it\/","name":"www.miamedicalitalia.it","description":"Alquiler y venta de material sanitario","publisher":{"@id":"https:\/\/www.miamedicalitalia.it\/#organization"},"potentialAction":[{"@type":"SearchAction","target":{"@type":"EntryPoint","urlTemplate":"https:\/\/www.miamedicalitalia.it\/?s={search_term_string}"},"query-input":{"@type":"PropertyValueSpecification","valueRequired":true,"valueName":"search_term_string"}}],"inLanguage":"es"},{"@type":"Organization","@id":"https:\/\/www.miamedicalitalia.it\/#organization","name":"OLG","url":"https:\/\/www.miamedicalitalia.it\/","logo":{"@type":"ImageObject","inLanguage":"es","@id":"https:\/\/www.miamedicalitalia.it\/#\/schema\/logo\/image\/","url":"https:\/\/www.miamedicalitalia.it\/wp-content\/uploads\/2023\/04\/mia-medical-logo-free.png","contentUrl":"https:\/\/www.miamedicalitalia.it\/wp-content\/uploads\/2023\/04\/mia-medical-logo-free.png","width":700,"height":700,"caption":"OLG"},"image":{"@id":"https:\/\/www.miamedicalitalia.it\/#\/schema\/logo\/image\/"},"sameAs":["https:\/\/www.facebook.com\/miamedicalitalia"]}]}},"wcpa_form_fields":{"wcpaData":{"product":{"product_price":100,"price_html":"<span class=\"woocommerce-Price-amount amount\" aria-hidden=\"true\"><bdi><span class=\"woocommerce-Price-currencySymbol\">&euro;<\/span>100.00<\/bdi><\/span> <span aria-hidden=\"true\">-<\/span> <span class=\"woocommerce-Price-amount amount\" aria-hidden=\"true\"><bdi><span class=\"woocommerce-Price-currencySymbol\">&euro;<\/span>240.00<\/bdi><\/span><span class=\"screen-reader-text\">Rango de precios: desde &euro;100.00 hasta &euro;240.00<\/span>","original_product_price":100,"price_including_tax":100,"price_excluding_tax":100,"product_id":{"parent":12347,"variation":false},"is_variable":true,"stock_status":"instock","stock_quantity":null,"parent_sku":"","product_attributes":{"quanto-costa":{"is_variation":true,"values":[]}},"custom_fields":[],"is_taxable":false,"product_name":"Noleggio sollevatore elettrico SOFT da bagno","hasImage":false},"fields":{"sec_565f165582eb8c":{"extra":{"key":"sec_565f165582eb8c","section_id":"sec_565f165582eb8c","name":"Predefinito","status":1,"toggle":true,"form_id":12050,"form_rules":{"exclude_from_discount":false,"fee_label":"Tassa","disp_hide_options_price":false,"disp_show_section_price":false,"disp_show_field_price":true,"layout_option":"standard","pric_use_as_fee":false,"process_fee_as":"woo_fee"},"layout_option":"standard"},"fields":[[{"active":true,"col":6,"relations":false,"cl_rule":"show","enableCl":false,"price":"","enablePrice":false,"className":"input-text","type":"date","required":true,"elementId":"date_3189538061","name":"date_3189538061","label":"A partire dal giorno:","picker_type":"custom","picker_mode":"single","error":false,"description":"Inserisci la data di inizio del noleggio","gt_translate_keys":["label","description"],"price_dependency":false,"cl_dependency":false,"value":""}]]}},"config":{"price_override":"","enable_recaptcha":false,"bind_quantity":false,"quantity_bind_formula":false,"disp_summ_show_option_price":true,"disp_summ_show_product_price":true,"disp_summ_show_total_price":true,"disp_summ_show_fee":false,"disp_summ_show_discount":false,"summary_title":"","options_total_label":"Prezzo delle opzioni","total_label":"Totale","options_product_label":"Prezzo del prodotto","fee_label":"Tassa","discount_label":"Sconto","has_price":true,"has_quantity_formula":false},"mc_unit":1,"tax_rate":1,"tax_rate_real":1,"discount":{"percentage":0,"fixed":0},"design":{"conf":{"LabelPosition":"above","DescPosition":"below","UploadField":"custom_1","QuantityFieldStyle":"default"},"css":{"LeftLabelWidth":"50px"}},"formulas":[],"lookuptables":[],"clones":false,"cartKey":false}},"_links":{"self":[{"href":"https:\/\/www.miamedicalitalia.it\/es\/wp-json\/wp\/v2\/product\/12347","targetHints":{"allow":["GET"]}}],"collection":[{"href":"https:\/\/www.miamedicalitalia.it\/es\/wp-json\/wp\/v2\/product"}],"about":[{"href":"https:\/\/www.miamedicalitalia.it\/es\/wp-json\/wp\/v2\/types\/product"}],"wp:featuredmedia":[{"embeddable":true,"href":"https:\/\/www.miamedicalitalia.it\/es\/wp-json\/wp\/v2\/media\/14127"}],"wp:attachment":[{"href":"https:\/\/www.miamedicalitalia.it\/es\/wp-json\/wp\/v2\/media?parent=12347"}],"wp:term":[{"taxonomy":"home-category","embeddable":true,"href":"https:\/\/www.miamedicalitalia.it\/es\/wp-json\/wp\/v2\/home-category?post=12347"},{"taxonomy":"product_brand","embeddable":true,"href":"https:\/\/www.miamedicalitalia.it\/es\/wp-json\/wp\/v2\/product_brand?post=12347"},{"taxonomy":"product_cat","embeddable":true,"href":"https:\/\/www.miamedicalitalia.it\/es\/wp-json\/wp\/v2\/product_cat?post=12347"},{"taxonomy":"product_tag","embeddable":true,"href":"https:\/\/www.miamedicalitalia.it\/es\/wp-json\/wp\/v2\/product_tag?post=12347"},{"taxonomy":"woo-feed-brand","embeddable":true,"href":"https:\/\/www.miamedicalitalia.it\/es\/wp-json\/wp\/v2\/woo-feed-brand?post=12347"}],"curies":[{"name":"wp","href":"https:\/\/api.w.org\/{rel}","templated":true}]}}