{"id":12321,"date":"2024-05-17T17:49:15","date_gmt":"2024-05-17T15:49:15","guid":{"rendered":"https:\/\/www.miamedicalitalia.it\/?post_type=product&#038;p=12321"},"modified":"2026-01-13T12:46:18","modified_gmt":"2026-01-13T10:46:18","slug":"noleggio-carrozzina-pediatrica-pieghevole-per-bambini-con-alzata-per-il-gesso","status":"publish","type":"product","link":"https:\/\/www.miamedicalitalia.it\/es\/producto\/noleggio-carrozzina-pediatrica-pieghevole-per-bambini-con-alzata-per-il-gesso\/","title":{"rendered":"Alquiler de sillas de ruedas plegables pedi\u00e1tricas"},"content":{"rendered":"<h4 class=\"wp-block-heading\" id=\"h-noleggio-carrozzina-manuale-pieghevole-pediatrica-jazz-s50-kids-comfort-sicurezza-e-liberta-per-i-piu-piccoli\">Hire Pediatric Silla de ruedas manual plegable Jazz S50 Kids: comodidad, seguridad y libertad para los m\u00e1s peque\u00f1os<\/h4>\n\n\n\n<p>A <strong>silla de ruedas pedi\u00e1trica<\/strong> es un <strong>ayuda a la movilidad<\/strong> dise\u00f1ado espec\u00edficamente para ni\u00f1os con <strong>discapacidad motriz temporal o permanente<\/strong>. A diferencia de las sillas de ruedas para adultos, las sillas de ruedas pedi\u00e1tricas ofrecen un mayor apoyo postural, tama\u00f1os m\u00e1s peque\u00f1os y materiales ligeros dise\u00f1ados para garantizar la comodidad y seguridad de los m\u00e1s peque\u00f1os.<\/p>\n\n\n\n<h4 class=\"wp-block-heading\" id=\"h-a-chi-e-utile-il-noleggio-della-carrozzina-manuale-pieghevole-pediatrica-jazz-s50-kids\">\u00bfPara qui\u00e9n es \u00fatil el alquiler de la silla de ruedas pedi\u00e1trica manual plegable Jazz S50 Kids?<\/h4>\n\n\n\n<p>La <strong><a href=\"https:\/\/www.vermeiren.it\/web\/web.nsf\/detailproduct.xsp?CountryRTITProductGroupBAMBINO%20ED%20ADOLESCENTESubGroupCARROZZINE%20STANDARD%20E%20LEGGERESelectedJazz%20S50%20Kids\">Jazz S50 Kids<\/a><\/strong> es ideal para ni\u00f1os que necesitan ayuda para la movilidad debido a:<\/p>\n\n\n\n<ul class=\"wp-block-list\">\n<li>Discapacidad motora cong\u00e9nita o adquirida <\/li>\n\n\n\n<li>Lesiones temporales<\/li>\n\n\n\n<li> Postoperatorio ortop\u00e9dico <\/li>\n\n\n\n<li>Enfermedades neurol\u00f3gicas<\/li>\n<\/ul>\n\n\n\n<p>Esta silla de ruedas pedi\u00e1trica est\u00e1 dise\u00f1ada para ofrecer autonom\u00eda y comodidad tanto en interiores como en exteriores. <\/p>\n\n\n\n<h4 class=\"wp-block-heading\" id=\"h-specifiche-tecniche-della-jazz-s50-kids\"><a href=\"https:\/\/www.vermeiren.it\/product\/brochure.nsf\/O\/7EE28C784EECBE9DC1258B87002D8EE2\/%24FILE\/Jazz%20S50%20Kids%20-%20IT.pdf\">Especificaciones t\u00e9cnicas del Jazz S50 Kids<\/a><\/h4>\n\n\n\n<ul class=\"wp-block-list\">\n<li><strong>Bastidor plegable<\/strong> de aluminio ligero<\/li>\n\n\n\n<li>Capacidad m\u00e1xima: <strong>60 kg<\/strong><\/li>\n\n\n\n<li>Peso de la silla de ruedas: <strong>16,9 kg<\/strong><\/li>\n\n\n\n<li>Asientos <strong>ajustable<\/strong> en anchura y profundidad<\/li>\n\n\n\n<li>Ruedas traseras de 22\" con cierre r\u00e1pido <\/li>\n\n\n\n<li>Ruedas delanteras PU negras de 6 <\/li>\n\n\n\n<li><strong>Reposapi\u00e9s regulables y extra\u00edbles<\/strong><\/li>\n\n\n\n<li>Reposabrazos abatibles <\/li>\n<\/ul>\n\n\n\n<p>Ideal para transportar en coche y en entornos p\u00fablicos Haga clic en <a href=\"https:\/\/domino01.vermeiren.be\/web\/datasheet.nsf\/O\/0B0D17B944FD0E8AC1258997002FAA21\/%24FILE\/Jazz%20S50%20Kids.pdf\">aqu\u00ed<\/a> para descargar la ficha t\u00e9cnica completa<\/p>\n\n\n\n<h4 class=\"wp-block-heading\" id=\"h-perche-scegliere-mia-medical-per-il-noleggio\">\u00bfPor qu\u00e9 contratar a Mia Medical?<\/h4>\n\n\n\n<p>Mia Medical es una empresa especializada en <strong>alquiler y suministro de ayudas m\u00e9dicas certificadas del <a href=\"https:\/\/www.vermeiren.it\/web\/web.nsf\/home.xsp?CountryRTITProductGroup\">los mejores proveedores del mercado<\/a>con un servicio a medida para cada necesidad:<\/strong><\/p>\n\n\n\n<ul class=\"wp-block-list\">\n<li><strong>Env\u00edo r\u00e1pido en 24\/48h <\/strong>de la reserva<\/li>\n\n\n\n<li><strong>Asistencia t\u00e9cnica <\/strong>incluyendo<\/li>\n\n\n\n<li>Dispositivos desinfectados y revisados <\/li>\n\n\n\n<li><strong>Personal cualificado<\/strong> para <strong>consultas gratuitas<\/strong> sin compromiso<\/li>\n\n\n\n<li>Dispositivos de m\u00e1xima calidad de los mejores proveedores del sector <\/li>\n<\/ul>\n\n\n\n<h4 class=\"wp-block-heading\" id=\"h-informazioni-utili\">Informaci\u00f3n \u00fatil <\/h4>\n\n\n\n<p>Consulte nuestro <strong><a href=\"https:\/\/www.miamedicalitalia.it\/es\/mia-medical-condizioni-di-noleggio-dei-nostri-ausili-medicali\/\">condiciones de alquiler<\/a><\/strong>\u00a1! Si tiene alguna duda el <em>Mia Medical Italia<\/em> est\u00e1 a s\u00f3lo una llamada de distancia, siempre disponible para hacer que su <strong>una experiencia de alquiler transparente y personalizada. A qu\u00e9 espera, \u00a1cont\u00e1ctenos ahora!<\/strong><\/p>\n\n\n\n<ul class=\"wp-block-list\">\n<li><strong>Tel\u00e9fono: +30 392 65 09 237<\/strong><\/li>\n\n\n\n<li><a href=\"https:\/\/wa.me\/393926509237\">Whatsapp<\/a><\/li>\n\n\n\n<li><a href=\"https:\/\/www.miamedicalitalia.it\/es\/\">P\u00e1gina web<\/a><\/li>\n\n\n\n<li><a href=\"https:\/\/www.instagram.com\/miamedical_italia\/\">Instagram<\/a> <\/li>\n\n\n\n<li><a href=\"https:\/\/www.facebook.com\/MIAMedicalitalia\/\">Facebook<\/a><\/li>\n<\/ul>","protected":false},"excerpt":{"rendered":"<div style=\"font-family: Arial, sans-serif; background-color: #234091; padding: 30px; border-radius: 25px; max-width: 600px; color: #ffffff; position: relative; border-top: 6px solid #2498fe;\">\n<h3 style=\"color: #ffffff; margin-top: 0;\">Alquiler de sillas de ruedas<\/h3>\n<p>La recogida y devoluci\u00f3n de las sillas de ruedas al almac\u00e9n es <strong>\u00a1gratis!<\/strong><\/p>\n<p>Alquiler por 1 d\u00eda: 15\u20ac con recogida in situ \u00fanicamente.<\/p>\n<p><strong>Disponibilidad inmediata.<\/strong><\/p>\n<p>Reserve en l\u00ednea o p\u00f3ngase en contacto con nosotros por WhatsApp.<\/p>\n<p>Entrega y recogida a domicilio en Roma y Florencia a partir de 30\u20ac.<\/p>\n<\/div>\n<p><!-- Linea bianca sotto --><\/p>\n<div style=\"height: 6px; background-color: #ffffff; max-width: 600px;\">\u00a0<\/div>","protected":false},"featured_media":12332,"template":"","meta":{"_acf_changed":false},"home-category":[],"product_brand":[],"product_cat":[68],"product_tag":[250,249,240,239],"woo-feed-brand":[],"class_list":{"0":"post-12321","1":"product","2":"type-product","3":"status-publish","4":"has-post-thumbnail","6":"product_cat-affitto-e-noleggio-carrozzina","7":"product_tag-affitto-carrozzina-obesi","8":"product_tag-carrozzina-bariatrica","9":"product_tag-carrozzina-firenze","10":"product_tag-carrozzina-roma","11":"wcpa_has_options","13":"first","14":"instock","15":"shipping-taxable","16":"purchasable","17":"product-type-variable"},"acf":[],"yoast_head":"<!-- This site is optimized with the Yoast SEO Premium plugin v27.3 (Yoast SEO v27.4) - https:\/\/yoast.com\/product\/yoast-seo-premium-wordpress\/ -->\n<title>Noleggio Carrozzina Pediatrica Pieghevole<\/title>\n<meta name=\"description\" content=\"Noleggio carrozzina pediatrica pieghevole Jazz S50 Kids, dai 2 anni in su, con alzata per il gesso. Disponibilit\u00e0 immediata. Contattaci al +393926509237\" \/>\n<meta name=\"robots\" content=\"index, follow, max-snippet:-1, max-image-preview:large, max-video-preview:-1\" \/>\n<link rel=\"canonical\" href=\"https:\/\/www.miamedicalitalia.it\/es\/producto\/noleggio-carrozzina-pediatrica-pieghevole-per-bambini-con-alzata-per-il-gesso\/\" \/>\n<meta property=\"og:locale\" content=\"es_ES\" \/>\n<meta property=\"og:type\" content=\"article\" \/>\n<meta property=\"og:title\" content=\"Noleggio Carrozzina Pediatrica Pieghevole\" \/>\n<meta property=\"og:description\" content=\"Noleggio carrozzina pediatrica pieghevole Jazz S50 Kids, dai 2 anni in su, con alzata per il gesso. Disponibilit\u00e0 immediata. Contattaci al +393926509237\" \/>\n<meta property=\"og:url\" content=\"https:\/\/www.miamedicalitalia.it\/es\/producto\/noleggio-carrozzina-pediatrica-pieghevole-per-bambini-con-alzata-per-il-gesso\/\" \/>\n<meta property=\"og:site_name\" content=\"Mia Medical\" \/>\n<meta property=\"article:publisher\" content=\"https:\/\/www.facebook.com\/miamedicalitalia\" \/>\n<meta property=\"article:modified_time\" content=\"2026-01-13T10:46:18+00:00\" \/>\n<meta property=\"og:image\" content=\"https:\/\/www.miamedicalitalia.it\/wp-content\/uploads\/2024\/05\/carrozzina-pediatrica-.jpg\" \/>\n\t<meta property=\"og:image:width\" content=\"1000\" \/>\n\t<meta property=\"og:image:height\" content=\"1000\" \/>\n\t<meta property=\"og:image:type\" content=\"image\/jpeg\" \/>\n<meta name=\"twitter:card\" content=\"summary_large_image\" \/>\n<meta name=\"twitter:label1\" content=\"Tiempo de lectura\" \/>\n\t<meta name=\"twitter:data1\" content=\"1 minuto\" \/>\n<script type=\"application\/ld+json\" class=\"yoast-schema-graph\">{\"@context\":\"https:\\\/\\\/schema.org\",\"@graph\":[{\"@type\":\"WebPage\",\"@id\":\"https:\\\/\\\/www.miamedicalitalia.it\\\/prodotto\\\/noleggio-carrozzina-pediatrica-pieghevole-per-bambini-con-alzata-per-il-gesso\\\/\",\"url\":\"https:\\\/\\\/www.miamedicalitalia.it\\\/prodotto\\\/noleggio-carrozzina-pediatrica-pieghevole-per-bambini-con-alzata-per-il-gesso\\\/\",\"name\":\"Noleggio Carrozzina Pediatrica Pieghevole\",\"isPartOf\":{\"@id\":\"https:\\\/\\\/www.miamedicalitalia.it\\\/#website\"},\"primaryImageOfPage\":{\"@id\":\"https:\\\/\\\/www.miamedicalitalia.it\\\/prodotto\\\/noleggio-carrozzina-pediatrica-pieghevole-per-bambini-con-alzata-per-il-gesso\\\/#primaryimage\"},\"image\":{\"@id\":\"https:\\\/\\\/www.miamedicalitalia.it\\\/prodotto\\\/noleggio-carrozzina-pediatrica-pieghevole-per-bambini-con-alzata-per-il-gesso\\\/#primaryimage\"},\"thumbnailUrl\":\"https:\\\/\\\/www.miamedicalitalia.it\\\/wp-content\\\/uploads\\\/2024\\\/05\\\/carrozzina-pediatrica-.jpg\",\"datePublished\":\"2024-05-17T15:49:15+00:00\",\"dateModified\":\"2026-01-13T10:46:18+00:00\",\"description\":\"Noleggio carrozzina pediatrica pieghevole Jazz S50 Kids, dai 2 anni in su, con alzata per il gesso. Disponibilit\u00e0 immediata. Contattaci al +393926509237\",\"breadcrumb\":{\"@id\":\"https:\\\/\\\/www.miamedicalitalia.it\\\/prodotto\\\/noleggio-carrozzina-pediatrica-pieghevole-per-bambini-con-alzata-per-il-gesso\\\/#breadcrumb\"},\"inLanguage\":\"es\",\"potentialAction\":[{\"@type\":\"ReadAction\",\"target\":[\"https:\\\/\\\/www.miamedicalitalia.it\\\/prodotto\\\/noleggio-carrozzina-pediatrica-pieghevole-per-bambini-con-alzata-per-il-gesso\\\/\"]}]},{\"@type\":\"ImageObject\",\"inLanguage\":\"es\",\"@id\":\"https:\\\/\\\/www.miamedicalitalia.it\\\/prodotto\\\/noleggio-carrozzina-pediatrica-pieghevole-per-bambini-con-alzata-per-il-gesso\\\/#primaryimage\",\"url\":\"https:\\\/\\\/www.miamedicalitalia.it\\\/wp-content\\\/uploads\\\/2024\\\/05\\\/carrozzina-pediatrica-.jpg\",\"contentUrl\":\"https:\\\/\\\/www.miamedicalitalia.it\\\/wp-content\\\/uploads\\\/2024\\\/05\\\/carrozzina-pediatrica-.jpg\",\"width\":1000,\"height\":1000},{\"@type\":\"BreadcrumbList\",\"@id\":\"https:\\\/\\\/www.miamedicalitalia.it\\\/prodotto\\\/noleggio-carrozzina-pediatrica-pieghevole-per-bambini-con-alzata-per-il-gesso\\\/#breadcrumb\",\"itemListElement\":[{\"@type\":\"ListItem\",\"position\":1,\"name\":\"Home\",\"item\":\"https:\\\/\\\/www.miamedicalitalia.it\\\/\"},{\"@type\":\"ListItem\",\"position\":2,\"name\":\"Shop\",\"item\":\"https:\\\/\\\/www.miamedicalitalia.it\\\/negozio\\\/\"},{\"@type\":\"ListItem\",\"position\":3,\"name\":\"Affitto e noleggio\",\"item\":\"https:\\\/\\\/www.miamedicalitalia.it\\\/categoria\\\/affitto-e-noleggio-ausili\\\/\"},{\"@type\":\"ListItem\",\"position\":4,\"name\":\"Carrozzine\",\"item\":\"https:\\\/\\\/www.miamedicalitalia.it\\\/categoria\\\/affitto-e-noleggio-ausili\\\/affitto-e-noleggio-carrozzina\\\/\"},{\"@type\":\"ListItem\",\"position\":5,\"name\":\"Noleggio Carrozzina Pediatrica Pieghevole\"}]},{\"@type\":\"WebSite\",\"@id\":\"https:\\\/\\\/www.miamedicalitalia.it\\\/#website\",\"url\":\"https:\\\/\\\/www.miamedicalitalia.it\\\/\",\"name\":\"www.miamedicalitalia.it\",\"description\":\"Noleggio e Vendita Attrezzatura Sanitarie\",\"publisher\":{\"@id\":\"https:\\\/\\\/www.miamedicalitalia.it\\\/#organization\"},\"potentialAction\":[{\"@type\":\"SearchAction\",\"target\":{\"@type\":\"EntryPoint\",\"urlTemplate\":\"https:\\\/\\\/www.miamedicalitalia.it\\\/?s={search_term_string}\"},\"query-input\":{\"@type\":\"PropertyValueSpecification\",\"valueRequired\":true,\"valueName\":\"search_term_string\"}}],\"inLanguage\":\"es\"},{\"@type\":\"Organization\",\"@id\":\"https:\\\/\\\/www.miamedicalitalia.it\\\/#organization\",\"name\":\"OLG\",\"url\":\"https:\\\/\\\/www.miamedicalitalia.it\\\/\",\"logo\":{\"@type\":\"ImageObject\",\"inLanguage\":\"es\",\"@id\":\"https:\\\/\\\/www.miamedicalitalia.it\\\/#\\\/schema\\\/logo\\\/image\\\/\",\"url\":\"https:\\\/\\\/www.miamedicalitalia.it\\\/wp-content\\\/uploads\\\/2023\\\/04\\\/mia-medical-logo-free.png\",\"contentUrl\":\"https:\\\/\\\/www.miamedicalitalia.it\\\/wp-content\\\/uploads\\\/2023\\\/04\\\/mia-medical-logo-free.png\",\"width\":700,\"height\":700,\"caption\":\"OLG\"},\"image\":{\"@id\":\"https:\\\/\\\/www.miamedicalitalia.it\\\/#\\\/schema\\\/logo\\\/image\\\/\"},\"sameAs\":[\"https:\\\/\\\/www.facebook.com\\\/miamedicalitalia\"]}]}<\/script>\n<!-- \/ Yoast SEO Premium plugin. -->","yoast_head_json":{"title":"Alquiler de sillas de ruedas plegables pedi\u00e1tricas","description":"Alquiler silla de ruedas pedi\u00e1trica plegable Jazz S50 Kids, a partir de 2 a\u00f1os, con elevador de escayola. Disponibilidad inmediata. Contacte con nosotros en +393926509237","robots":{"index":"index","follow":"follow","max-snippet":"max-snippet:-1","max-image-preview":"max-image-preview:large","max-video-preview":"max-video-preview:-1"},"canonical":"https:\/\/www.miamedicalitalia.it\/es\/producto\/noleggio-carrozzina-pediatrica-pieghevole-per-bambini-con-alzata-per-il-gesso\/","og_locale":"es_ES","og_type":"article","og_title":"Noleggio Carrozzina Pediatrica Pieghevole","og_description":"Noleggio carrozzina pediatrica pieghevole Jazz S50 Kids, dai 2 anni in su, con alzata per il gesso. Disponibilit\u00e0 immediata. Contattaci al +393926509237","og_url":"https:\/\/www.miamedicalitalia.it\/es\/producto\/noleggio-carrozzina-pediatrica-pieghevole-per-bambini-con-alzata-per-il-gesso\/","og_site_name":"Mia Medical","article_publisher":"https:\/\/www.facebook.com\/miamedicalitalia","article_modified_time":"2026-01-13T10:46:18+00:00","og_image":[{"width":1000,"height":1000,"url":"https:\/\/www.miamedicalitalia.it\/wp-content\/uploads\/2024\/05\/carrozzina-pediatrica-.jpg","type":"image\/jpeg"}],"twitter_card":"summary_large_image","twitter_misc":{"Tiempo de lectura":"1 minuto"},"schema":{"@context":"https:\/\/schema.org","@graph":[{"@type":"WebPage","@id":"https:\/\/www.miamedicalitalia.it\/prodotto\/noleggio-carrozzina-pediatrica-pieghevole-per-bambini-con-alzata-per-il-gesso\/","url":"https:\/\/www.miamedicalitalia.it\/prodotto\/noleggio-carrozzina-pediatrica-pieghevole-per-bambini-con-alzata-per-il-gesso\/","name":"Alquiler de sillas de ruedas plegables pedi\u00e1tricas","isPartOf":{"@id":"https:\/\/www.miamedicalitalia.it\/#website"},"primaryImageOfPage":{"@id":"https:\/\/www.miamedicalitalia.it\/prodotto\/noleggio-carrozzina-pediatrica-pieghevole-per-bambini-con-alzata-per-il-gesso\/#primaryimage"},"image":{"@id":"https:\/\/www.miamedicalitalia.it\/prodotto\/noleggio-carrozzina-pediatrica-pieghevole-per-bambini-con-alzata-per-il-gesso\/#primaryimage"},"thumbnailUrl":"https:\/\/www.miamedicalitalia.it\/wp-content\/uploads\/2024\/05\/carrozzina-pediatrica-.jpg","datePublished":"2024-05-17T15:49:15+00:00","dateModified":"2026-01-13T10:46:18+00:00","description":"Alquiler silla de ruedas pedi\u00e1trica plegable Jazz S50 Kids, a partir de 2 a\u00f1os, con elevador de escayola. Disponibilidad inmediata. Contacte con nosotros en +393926509237","breadcrumb":{"@id":"https:\/\/www.miamedicalitalia.it\/prodotto\/noleggio-carrozzina-pediatrica-pieghevole-per-bambini-con-alzata-per-il-gesso\/#breadcrumb"},"inLanguage":"es","potentialAction":[{"@type":"ReadAction","target":["https:\/\/www.miamedicalitalia.it\/prodotto\/noleggio-carrozzina-pediatrica-pieghevole-per-bambini-con-alzata-per-il-gesso\/"]}]},{"@type":"ImageObject","inLanguage":"es","@id":"https:\/\/www.miamedicalitalia.it\/prodotto\/noleggio-carrozzina-pediatrica-pieghevole-per-bambini-con-alzata-per-il-gesso\/#primaryimage","url":"https:\/\/www.miamedicalitalia.it\/wp-content\/uploads\/2024\/05\/carrozzina-pediatrica-.jpg","contentUrl":"https:\/\/www.miamedicalitalia.it\/wp-content\/uploads\/2024\/05\/carrozzina-pediatrica-.jpg","width":1000,"height":1000},{"@type":"BreadcrumbList","@id":"https:\/\/www.miamedicalitalia.it\/prodotto\/noleggio-carrozzina-pediatrica-pieghevole-per-bambini-con-alzata-per-il-gesso\/#breadcrumb","itemListElement":[{"@type":"ListItem","position":1,"name":"Home","item":"https:\/\/www.miamedicalitalia.it\/"},{"@type":"ListItem","position":2,"name":"Shop","item":"https:\/\/www.miamedicalitalia.it\/negozio\/"},{"@type":"ListItem","position":3,"name":"Affitto e noleggio","item":"https:\/\/www.miamedicalitalia.it\/categoria\/affitto-e-noleggio-ausili\/"},{"@type":"ListItem","position":4,"name":"Carrozzine","item":"https:\/\/www.miamedicalitalia.it\/categoria\/affitto-e-noleggio-ausili\/affitto-e-noleggio-carrozzina\/"},{"@type":"ListItem","position":5,"name":"Noleggio Carrozzina Pediatrica Pieghevole"}]},{"@type":"WebSite","@id":"https:\/\/www.miamedicalitalia.it\/#website","url":"https:\/\/www.miamedicalitalia.it\/","name":"www.miamedicalitalia.it","description":"Alquiler y venta de material sanitario","publisher":{"@id":"https:\/\/www.miamedicalitalia.it\/#organization"},"potentialAction":[{"@type":"SearchAction","target":{"@type":"EntryPoint","urlTemplate":"https:\/\/www.miamedicalitalia.it\/?s={search_term_string}"},"query-input":{"@type":"PropertyValueSpecification","valueRequired":true,"valueName":"search_term_string"}}],"inLanguage":"es"},{"@type":"Organization","@id":"https:\/\/www.miamedicalitalia.it\/#organization","name":"OLG","url":"https:\/\/www.miamedicalitalia.it\/","logo":{"@type":"ImageObject","inLanguage":"es","@id":"https:\/\/www.miamedicalitalia.it\/#\/schema\/logo\/image\/","url":"https:\/\/www.miamedicalitalia.it\/wp-content\/uploads\/2023\/04\/mia-medical-logo-free.png","contentUrl":"https:\/\/www.miamedicalitalia.it\/wp-content\/uploads\/2023\/04\/mia-medical-logo-free.png","width":700,"height":700,"caption":"OLG"},"image":{"@id":"https:\/\/www.miamedicalitalia.it\/#\/schema\/logo\/image\/"},"sameAs":["https:\/\/www.facebook.com\/miamedicalitalia"]}]}},"wcpa_form_fields":{"wcpaData":{"product":{"product_price":30,"price_html":"<span class=\"woocommerce-Price-amount amount\" aria-hidden=\"true\"><bdi><span class=\"woocommerce-Price-currencySymbol\">&euro;<\/span>30.00<\/bdi><\/span> <span aria-hidden=\"true\">-<\/span> <span class=\"woocommerce-Price-amount amount\" aria-hidden=\"true\"><bdi><span class=\"woocommerce-Price-currencySymbol\">&euro;<\/span>100.00<\/bdi><\/span><span class=\"screen-reader-text\">Rango de precios: desde &euro;30.00 hasta &euro;100.00<\/span>","original_product_price":30,"price_including_tax":30,"price_excluding_tax":30,"product_id":{"parent":12321,"variation":false},"is_variable":true,"stock_status":"instock","stock_quantity":null,"parent_sku":"","product_attributes":{"quanto-costa":{"is_variation":true,"values":[]}},"custom_fields":[],"is_taxable":false,"product_name":"Noleggio Carrozzina Pediatrica Pieghevole","hasImage":false},"fields":{"sec_565f165582eb8c":{"extra":{"key":"sec_565f165582eb8c","section_id":"sec_565f165582eb8c","name":"Predefinito","status":1,"toggle":true,"form_id":12050,"form_rules":{"exclude_from_discount":false,"fee_label":"Tasa","disp_hide_options_price":false,"disp_show_section_price":false,"disp_show_field_price":true,"layout_option":"standard","pric_use_as_fee":false,"process_fee_as":"woo_fee"},"layout_option":"standard"},"fields":[[{"active":true,"col":6,"relations":false,"cl_rule":"show","enableCl":false,"price":"","enablePrice":false,"className":"input-text","type":"date","required":true,"elementId":"date_3189538061","name":"date_3189538061","label":"A partire dal giorno:","picker_type":"custom","picker_mode":"single","error":false,"description":"Inserisci la data di inizio del noleggio","gt_translate_keys":["label","description"],"price_dependency":false,"cl_dependency":false,"value":""}]]}},"config":{"price_override":"","enable_recaptcha":false,"bind_quantity":false,"quantity_bind_formula":false,"disp_summ_show_option_price":true,"disp_summ_show_product_price":true,"disp_summ_show_total_price":true,"disp_summ_show_fee":false,"disp_summ_show_discount":false,"summary_title":"","options_total_label":"Opciones Precio","total_label":"Total","options_product_label":"Precio del producto","fee_label":"Tasa","discount_label":"Descuento","has_price":true,"has_quantity_formula":false},"mc_unit":1,"tax_rate":1,"tax_rate_real":1,"discount":{"percentage":0,"fixed":0},"design":{"conf":{"LabelPosition":"above","DescPosition":"below","UploadField":"custom_1","QuantityFieldStyle":"default"},"css":{"LeftLabelWidth":"50px"}},"formulas":[],"lookuptables":[],"clones":false,"cartKey":false}},"_links":{"self":[{"href":"https:\/\/www.miamedicalitalia.it\/es\/wp-json\/wp\/v2\/product\/12321","targetHints":{"allow":["GET"]}}],"collection":[{"href":"https:\/\/www.miamedicalitalia.it\/es\/wp-json\/wp\/v2\/product"}],"about":[{"href":"https:\/\/www.miamedicalitalia.it\/es\/wp-json\/wp\/v2\/types\/product"}],"wp:featuredmedia":[{"embeddable":true,"href":"https:\/\/www.miamedicalitalia.it\/es\/wp-json\/wp\/v2\/media\/12332"}],"wp:attachment":[{"href":"https:\/\/www.miamedicalitalia.it\/es\/wp-json\/wp\/v2\/media?parent=12321"}],"wp:term":[{"taxonomy":"home-category","embeddable":true,"href":"https:\/\/www.miamedicalitalia.it\/es\/wp-json\/wp\/v2\/home-category?post=12321"},{"taxonomy":"product_brand","embeddable":true,"href":"https:\/\/www.miamedicalitalia.it\/es\/wp-json\/wp\/v2\/product_brand?post=12321"},{"taxonomy":"product_cat","embeddable":true,"href":"https:\/\/www.miamedicalitalia.it\/es\/wp-json\/wp\/v2\/product_cat?post=12321"},{"taxonomy":"product_tag","embeddable":true,"href":"https:\/\/www.miamedicalitalia.it\/es\/wp-json\/wp\/v2\/product_tag?post=12321"},{"taxonomy":"woo-feed-brand","embeddable":true,"href":"https:\/\/www.miamedicalitalia.it\/es\/wp-json\/wp\/v2\/woo-feed-brand?post=12321"}],"curies":[{"name":"wp","href":"https:\/\/api.w.org\/{rel}","templated":true}]}}