{"id":12308,"date":"2024-05-17T14:45:17","date_gmt":"2024-05-17T12:45:17","guid":{"rendered":"https:\/\/www.miamedicalitalia.it\/?post_type=product&#038;p=12308"},"modified":"2026-01-13T13:07:30","modified_gmt":"2026-01-13T11:07:30","slug":"noleggio-deambulatore-rollatore-in-alluminio-2","status":"publish","type":"product","link":"https:\/\/www.miamedicalitalia.it\/es\/producto\/noleggio-deambulatore-rollatore-in-alluminio-2\/","title":{"rendered":"Alquiler de andador con asiento"},"content":{"rendered":"<p><strong>Contratar<\/strong> <strong>Andador apto para uso interior y exterior, plegable, regulable en altura en Roma y Florencia.<\/strong><\/p>\n\n\n\n<p>Descubre nuestra&nbsp;<strong>Rollator de 4 ruedas con asiento de aluminio<\/strong>es la ayuda ideal para caminar de forma segura e independiente. Dise\u00f1ado para ayudar a las personas con problemas de movilidad, este dispositivo es perfecto para el uso diario en interiores y exteriores y est\u00e1 disponible para alquiler en las \u00e1reas de.&nbsp;<strong>Roma<\/strong>&nbsp;e&nbsp;<strong>Florencia<\/strong>.<\/p>\n\n\n\n<h4 class=\"wp-block-heading\" id=\"h-caratteristiche-tecniche-e-funzionalita\">Caracter\u00edsticas t\u00e9cnicas y funcionalidad <\/h4>\n\n\n\n<ul class=\"wp-block-list\">\n<li><strong>Estructura robusta y ligera<\/strong><\/li>\n\n\n\n<li>Hecho de <strong>aluminio pintado<\/strong>Combina resistencia y ligereza para un uso pr\u00e1ctico y duradero.<\/li>\n\n\n\n<li><strong>Dise\u00f1o plegable<\/strong><\/li>\n\n\n\n<li>Se cierra f\u00e1cilmente con un solo gesto, ocupando poco espacio para su transporte y almacenamiento.<\/li>\n\n\n\n<li><strong>4 ruedas EVA \u00d8 20 cm<\/strong><\/li>\n\n\n\n<li><strong>Frontales giratorios con horquilla completa y reflector<\/strong> \u2192 garantizan la manipulaci\u00f3n y la seguridad.<\/li>\n\n\n\n<li><strong>Freno trasero fijo de doble funci\u00f3n<\/strong> \u2192 permita frenar el rollator en movimiento o bloquearlo desde parado.<\/li>\n\n\n\n<li><strong>Asas anat\u00f3micas ajustables<\/strong><\/li>\n\n\n\n<li>C\u00f3moda y adaptable a la altura del usuario, completa con <strong>reflector<\/strong> para mayor seguridad.<\/li>\n\n\n\n<li><strong>Asiento acolchado y respaldo de EVA<\/strong><\/li>\n\n\n\n<li><strong>Asiento 38\u00d734 cm tapizado y recubierto de PVC<\/strong>ideal para descansar un momento mientras se camina.<\/li>\n\n\n\n<li><strong>Respaldo de EVA acolchado<\/strong>Soporte ergon\u00f3mico para el m\u00e1ximo confort.<\/li>\n\n\n\n<li><strong>Cesta para objetos<\/strong> incluido, perfecto para transportar peque\u00f1os efectos personales.<\/li>\n<\/ul>\n\n\n\n<p><\/p>\n\n\n\n<h4 class=\"wp-block-heading\" id=\"h-innovazione-e-design-un-alleato-per-il-benessere-quotidiano\"><strong>Innovaci\u00f3n y dise\u00f1o: un aliado para el bienestar cotidiano<\/strong><\/h4>\n\n\n\n<p>Nuestro rollator plegable de aluminio de 4 ruedas combina <strong>funcionalidad y dise\u00f1o ergon\u00f3mico para que cada movimiento sea m\u00e1s seguro y c\u00f3modo.<\/strong><\/p>\n\n\n\n<p><strong>Curiosidad:<\/strong>&nbsp;Los estudios ergon\u00f3micos demuestran que el uso de ayudas dise\u00f1adas para mantener una postura correcta puede reducir significativamente la fatiga muscular. El sitio <strong>asas anat\u00f3micas<\/strong> y el <strong>asiento ajustable<\/strong> no s\u00f3lo <strong>apoyar la marcha<\/strong>pero <strong>tambi\u00e9n contribuyen a mejorar la calidad de vida<\/strong>convirtiendo cada paso en un gesto de bienestar.<\/p>\n\n\n\n<p>Adem\u00e1s, si eres el cuidador de una persona mayor o dependiente y necesitas ayuda, nuestra <strong>enfermera<\/strong> de confianza <strong><a href=\"http:\/\/www.arnaldiandrea.com\">Andrea Arnaldi<\/a><\/strong> se especializa en el \u00e1mbito <strong>atenci\u00f3n domiciliaria<\/strong>y est\u00e1 dispuesta a ayudarle a cuidar del confort de su hogar.&nbsp;<\/p>\n\n\n\n<h4 class=\"wp-block-heading\" id=\"h-noleggio-deambulatore-rollator-pieghevole-in-alluminio-a-roma-e-firenze-i-benefici\">Alquiler de andadores rollator plegables de aluminio en Roma y Florencia: Ventajas<\/h4>\n\n\n\n<ul class=\"wp-block-list\">\n<li><strong>Flexibilidad y comodidad:<\/strong>&nbsp;Alquile el rollator durante el periodo que realmente lo necesite, evitando la inversi\u00f3n de una compra a largo plazo.<\/li>\n\n\n\n<li><strong>Servicio completo:<\/strong>&nbsp;El aparato se entrega desinfectado, con mantenimiento incluido y listo para usar.<\/li>\n\n\n\n<li> <strong>Asistencia personalizada:<\/strong>&nbsp;Ofrecemos asesoramiento especializado y entrega r\u00e1pida, ideal para solicitudes de&nbsp;<strong>alquiler de rollator ultraligero en Roma<\/strong>&nbsp;e <strong>Florencia<\/strong>.<\/li>\n<\/ul>\n\n\n\n<p><strong><a href=\"https:\/\/www.miamedicalitalia.it\/es\/categoria\/affitto-e-noleggio-ausili\/affitto-e-noleggio-deambulatori\/?_gl=1*vif1ai*_up*MQ..*_ga*MTEwNzU5MDEyNS4xNzQyMDM1MjMx*_ga_D9FZ9V3LL7*MTc0MjA0MTA2NC4yLjAuMTc0MjA0MTA2NC4wLjAuMA..\">Elija entre la amplia gama de andadores y rollators de Mia Medical<\/a><\/strong> y descubre <a href=\"https:\/\/www.miamedicalitalia.it\/es\/come-si-scegli-il-deambulatore-giusto\/\">el art\u00edculo gu\u00eda <\/a>para tomar una decisi\u00f3n informada y adaptada a sus necesidades. \u00bfA\u00fan no est\u00e1 convencido? <strong><a href=\"https:\/\/wa.me\/393926509237\">Ll\u00e1menos para una consulta gratuita adaptada a sus necesidades y sin compromiso. <\/a><\/strong><\/p>\n\n\n\n<p>Tanto si se encuentra en&nbsp;<strong>Roma<\/strong>,&nbsp;<strong>Florencia<\/strong>&nbsp;o en otras ciudades, nuestro <strong>alquiler de rollators<\/strong> est\u00e1 dise\u00f1ado para ofrecer un <strong>asesoramiento personalizado<\/strong>. <strong>Entrega r\u00e1pida<\/strong>, <strong>asistencia cualificada <\/strong>y la certeza de un <strong>producto de calidad <\/strong>le est\u00e1n esperando. Elija Mia Medical: <a href=\"https:\/\/wa.me\/393926509237\">Contacte con nosotros<\/a>!<\/p>\n\n\n\n<p>Tambi\u00e9n a la venta.<\/p>\n\n\n\n<p>Descubra nuestras p\u00e1ginas&nbsp;<a href=\"https:\/\/facebook.com\/MIAMedicalitalia\/\">Facebook&nbsp;<\/a><\/p>","protected":false},"excerpt":{"rendered":"<div style=\"font-family: Arial, sans-serif; background-color: #234091; padding: 30px; border-radius: 25px; max-width: 600px; color: #ffffff; position: relative; border-top: 6px solid #2498fe;\">\n<h3 style=\"margin-top: 0; margin-bottom: 15px; color: #ffffff;\">Entrega en Roma y Florencia a partir de 30\u20ac.<\/h3>\n<p><strong>No se requiere dep\u00f3sito.<\/strong><\/p>\n<p>La entrega y la recogida en el almac\u00e9n son <strong>\u00a1GRATIS!<\/strong><\/p>\n<\/div>\n<p><!-- Linea bianca sotto --><\/p>\n<div style=\"height: 6px; background-color: #ffffff; max-width: 600px;\">\u00a0<\/div>","protected":false},"featured_media":14623,"template":"","meta":{"_acf_changed":false},"home-category":[263],"product_brand":[],"product_cat":[260,130],"product_tag":[160,161],"woo-feed-brand":[],"class_list":{"0":"post-12308","1":"product","2":"type-product","3":"status-publish","4":"has-post-thumbnail","6":"home-category-ausili","7":"product_cat-affitto-e-noleggio-ausili","8":"product_cat-affitto-e-noleggio-deambulatori","9":"product_tag-deambulatore-piegevole-rollatore-da-esterno","10":"product_tag-deambulatore-rollatore-piegevole","11":"wcpa_has_options","13":"first","14":"instock","15":"shipping-taxable","16":"purchasable","17":"product-type-variable"},"acf":[],"yoast_head":"<!-- This site is optimized with the Yoast SEO Premium plugin v27.5 (Yoast SEO v27.5) - https:\/\/yoast.com\/product\/yoast-seo-premium-wordpress\/ -->\n<title>Noleggio Deambulatore Rollator Pieghevole a Roma e Firenze<\/title>\n<meta name=\"description\" content=\"Noleggio e vendita Deambulatore Rollator pieghevole leggero, freni e seduta. Migliore Prezzo Garantito. Fidati di noi. Siamo esperti nel noleggio.\" \/>\n<meta name=\"robots\" content=\"index, follow, max-snippet:-1, max-image-preview:large, max-video-preview:-1\" \/>\n<link rel=\"canonical\" href=\"https:\/\/www.miamedicalitalia.it\/es\/producto\/noleggio-deambulatore-rollatore-in-alluminio-2\/\" \/>\n<meta property=\"og:locale\" content=\"es_ES\" \/>\n<meta property=\"og:type\" content=\"article\" \/>\n<meta property=\"og:title\" content=\"Noleggio Deambulatore Rollator Pieghevole a Roma e Firenze\" \/>\n<meta property=\"og:description\" content=\"Noleggio e vendita Deambulatore Rollator pieghevole leggero, freni e seduta. Migliore Prezzo Garantito. Fidati di noi. Siamo esperti nel noleggio.\" \/>\n<meta property=\"og:url\" content=\"https:\/\/www.miamedicalitalia.it\/es\/producto\/noleggio-deambulatore-rollatore-in-alluminio-2\/\" \/>\n<meta property=\"og:site_name\" content=\"Mia Medical\" \/>\n<meta property=\"article:publisher\" content=\"https:\/\/www.facebook.com\/miamedicalitalia\" \/>\n<meta property=\"article:modified_time\" content=\"2026-01-13T11:07:30+00:00\" \/>\n<meta property=\"og:image\" content=\"https:\/\/www.miamedicalitalia.it\/wp-content\/uploads\/2024\/05\/Rollator.png\" \/>\n\t<meta property=\"og:image:width\" content=\"1000\" \/>\n\t<meta property=\"og:image:height\" content=\"1000\" \/>\n\t<meta property=\"og:image:type\" content=\"image\/png\" \/>\n<meta name=\"twitter:card\" content=\"summary_large_image\" \/>\n<meta name=\"twitter:label1\" content=\"Tiempo de lectura\" \/>\n\t<meta name=\"twitter:data1\" content=\"1 minuto\" \/>\n<script type=\"application\/ld+json\" class=\"yoast-schema-graph\">{\"@context\":\"https:\\\/\\\/schema.org\",\"@graph\":[{\"@type\":\"WebPage\",\"@id\":\"https:\\\/\\\/www.miamedicalitalia.it\\\/prodotto\\\/noleggio-deambulatore-rollatore-in-alluminio-2\\\/\",\"url\":\"https:\\\/\\\/www.miamedicalitalia.it\\\/prodotto\\\/noleggio-deambulatore-rollatore-in-alluminio-2\\\/\",\"name\":\"Noleggio Deambulatore Rollator Pieghevole a Roma e Firenze\",\"isPartOf\":{\"@id\":\"https:\\\/\\\/www.miamedicalitalia.it\\\/#website\"},\"primaryImageOfPage\":{\"@id\":\"https:\\\/\\\/www.miamedicalitalia.it\\\/prodotto\\\/noleggio-deambulatore-rollatore-in-alluminio-2\\\/#primaryimage\"},\"image\":{\"@id\":\"https:\\\/\\\/www.miamedicalitalia.it\\\/prodotto\\\/noleggio-deambulatore-rollatore-in-alluminio-2\\\/#primaryimage\"},\"thumbnailUrl\":\"https:\\\/\\\/www.miamedicalitalia.it\\\/wp-content\\\/uploads\\\/2024\\\/05\\\/Rollator.png\",\"datePublished\":\"2024-05-17T12:45:17+00:00\",\"dateModified\":\"2026-01-13T11:07:30+00:00\",\"description\":\"Noleggio e vendita Deambulatore Rollator pieghevole leggero, freni e seduta. Migliore Prezzo Garantito. Fidati di noi. Siamo esperti nel noleggio.\",\"breadcrumb\":{\"@id\":\"https:\\\/\\\/www.miamedicalitalia.it\\\/prodotto\\\/noleggio-deambulatore-rollatore-in-alluminio-2\\\/#breadcrumb\"},\"inLanguage\":\"es\",\"potentialAction\":[{\"@type\":\"ReadAction\",\"target\":[\"https:\\\/\\\/www.miamedicalitalia.it\\\/prodotto\\\/noleggio-deambulatore-rollatore-in-alluminio-2\\\/\"]}]},{\"@type\":\"ImageObject\",\"inLanguage\":\"es\",\"@id\":\"https:\\\/\\\/www.miamedicalitalia.it\\\/prodotto\\\/noleggio-deambulatore-rollatore-in-alluminio-2\\\/#primaryimage\",\"url\":\"https:\\\/\\\/www.miamedicalitalia.it\\\/wp-content\\\/uploads\\\/2024\\\/05\\\/Rollator.png\",\"contentUrl\":\"https:\\\/\\\/www.miamedicalitalia.it\\\/wp-content\\\/uploads\\\/2024\\\/05\\\/Rollator.png\",\"width\":1000,\"height\":1000},{\"@type\":\"BreadcrumbList\",\"@id\":\"https:\\\/\\\/www.miamedicalitalia.it\\\/prodotto\\\/noleggio-deambulatore-rollatore-in-alluminio-2\\\/#breadcrumb\",\"itemListElement\":[{\"@type\":\"ListItem\",\"position\":1,\"name\":\"Home\",\"item\":\"https:\\\/\\\/www.miamedicalitalia.it\\\/\"},{\"@type\":\"ListItem\",\"position\":2,\"name\":\"Shop\",\"item\":\"https:\\\/\\\/www.miamedicalitalia.it\\\/negozio\\\/\"},{\"@type\":\"ListItem\",\"position\":3,\"name\":\"Affitto e noleggio\",\"item\":\"https:\\\/\\\/www.miamedicalitalia.it\\\/categoria\\\/affitto-e-noleggio-ausili\\\/\"},{\"@type\":\"ListItem\",\"position\":4,\"name\":\"Deambulatori e Rollatori\",\"item\":\"https:\\\/\\\/www.miamedicalitalia.it\\\/categoria\\\/affitto-e-noleggio-ausili\\\/affitto-e-noleggio-deambulatori\\\/\"},{\"@type\":\"ListItem\",\"position\":5,\"name\":\"Noleggio deambulatore rollatore con seduta\"}]},{\"@type\":\"WebSite\",\"@id\":\"https:\\\/\\\/www.miamedicalitalia.it\\\/#website\",\"url\":\"https:\\\/\\\/www.miamedicalitalia.it\\\/\",\"name\":\"www.miamedicalitalia.it\",\"description\":\"Noleggio e Vendita Attrezzatura Sanitarie\",\"publisher\":{\"@id\":\"https:\\\/\\\/www.miamedicalitalia.it\\\/#organization\"},\"potentialAction\":[{\"@type\":\"SearchAction\",\"target\":{\"@type\":\"EntryPoint\",\"urlTemplate\":\"https:\\\/\\\/www.miamedicalitalia.it\\\/?s={search_term_string}\"},\"query-input\":{\"@type\":\"PropertyValueSpecification\",\"valueRequired\":true,\"valueName\":\"search_term_string\"}}],\"inLanguage\":\"es\"},{\"@type\":\"Organization\",\"@id\":\"https:\\\/\\\/www.miamedicalitalia.it\\\/#organization\",\"name\":\"OLG\",\"url\":\"https:\\\/\\\/www.miamedicalitalia.it\\\/\",\"logo\":{\"@type\":\"ImageObject\",\"inLanguage\":\"es\",\"@id\":\"https:\\\/\\\/www.miamedicalitalia.it\\\/#\\\/schema\\\/logo\\\/image\\\/\",\"url\":\"https:\\\/\\\/www.miamedicalitalia.it\\\/wp-content\\\/uploads\\\/2023\\\/04\\\/mia-medical-logo-free.png\",\"contentUrl\":\"https:\\\/\\\/www.miamedicalitalia.it\\\/wp-content\\\/uploads\\\/2023\\\/04\\\/mia-medical-logo-free.png\",\"width\":700,\"height\":700,\"caption\":\"OLG\"},\"image\":{\"@id\":\"https:\\\/\\\/www.miamedicalitalia.it\\\/#\\\/schema\\\/logo\\\/image\\\/\"},\"sameAs\":[\"https:\\\/\\\/www.facebook.com\\\/miamedicalitalia\"]}]}<\/script>\n<!-- \/ Yoast SEO Premium plugin. -->","yoast_head_json":{"title":"Alquiler de andadores plegables en Roma y Florencia","description":"Alquiler y venta Rollator Plegable andador ligero, frenos y asiento. Mejor precio garantizado. Conf\u00ede en nosotros. Somos expertos en alquiler.","robots":{"index":"index","follow":"follow","max-snippet":"max-snippet:-1","max-image-preview":"max-image-preview:large","max-video-preview":"max-video-preview:-1"},"canonical":"https:\/\/www.miamedicalitalia.it\/es\/producto\/noleggio-deambulatore-rollatore-in-alluminio-2\/","og_locale":"es_ES","og_type":"article","og_title":"Noleggio Deambulatore Rollator Pieghevole a Roma e Firenze","og_description":"Noleggio e vendita Deambulatore Rollator pieghevole leggero, freni e seduta. Migliore Prezzo Garantito. Fidati di noi. Siamo esperti nel noleggio.","og_url":"https:\/\/www.miamedicalitalia.it\/es\/producto\/noleggio-deambulatore-rollatore-in-alluminio-2\/","og_site_name":"Mia Medical","article_publisher":"https:\/\/www.facebook.com\/miamedicalitalia","article_modified_time":"2026-01-13T11:07:30+00:00","og_image":[{"width":1000,"height":1000,"url":"https:\/\/www.miamedicalitalia.it\/wp-content\/uploads\/2024\/05\/Rollator.png","type":"image\/png"}],"twitter_card":"summary_large_image","twitter_misc":{"Tiempo de lectura":"1 minuto"},"schema":{"@context":"https:\/\/schema.org","@graph":[{"@type":"WebPage","@id":"https:\/\/www.miamedicalitalia.it\/prodotto\/noleggio-deambulatore-rollatore-in-alluminio-2\/","url":"https:\/\/www.miamedicalitalia.it\/prodotto\/noleggio-deambulatore-rollatore-in-alluminio-2\/","name":"Alquiler de andadores plegables en Roma y Florencia","isPartOf":{"@id":"https:\/\/www.miamedicalitalia.it\/#website"},"primaryImageOfPage":{"@id":"https:\/\/www.miamedicalitalia.it\/prodotto\/noleggio-deambulatore-rollatore-in-alluminio-2\/#primaryimage"},"image":{"@id":"https:\/\/www.miamedicalitalia.it\/prodotto\/noleggio-deambulatore-rollatore-in-alluminio-2\/#primaryimage"},"thumbnailUrl":"https:\/\/www.miamedicalitalia.it\/wp-content\/uploads\/2024\/05\/Rollator.png","datePublished":"2024-05-17T12:45:17+00:00","dateModified":"2026-01-13T11:07:30+00:00","description":"Alquiler y venta Rollator Plegable andador ligero, frenos y asiento. Mejor precio garantizado. Conf\u00ede en nosotros. Somos expertos en alquiler.","breadcrumb":{"@id":"https:\/\/www.miamedicalitalia.it\/prodotto\/noleggio-deambulatore-rollatore-in-alluminio-2\/#breadcrumb"},"inLanguage":"es","potentialAction":[{"@type":"ReadAction","target":["https:\/\/www.miamedicalitalia.it\/prodotto\/noleggio-deambulatore-rollatore-in-alluminio-2\/"]}]},{"@type":"ImageObject","inLanguage":"es","@id":"https:\/\/www.miamedicalitalia.it\/prodotto\/noleggio-deambulatore-rollatore-in-alluminio-2\/#primaryimage","url":"https:\/\/www.miamedicalitalia.it\/wp-content\/uploads\/2024\/05\/Rollator.png","contentUrl":"https:\/\/www.miamedicalitalia.it\/wp-content\/uploads\/2024\/05\/Rollator.png","width":1000,"height":1000},{"@type":"BreadcrumbList","@id":"https:\/\/www.miamedicalitalia.it\/prodotto\/noleggio-deambulatore-rollatore-in-alluminio-2\/#breadcrumb","itemListElement":[{"@type":"ListItem","position":1,"name":"Home","item":"https:\/\/www.miamedicalitalia.it\/"},{"@type":"ListItem","position":2,"name":"Shop","item":"https:\/\/www.miamedicalitalia.it\/negozio\/"},{"@type":"ListItem","position":3,"name":"Affitto e noleggio","item":"https:\/\/www.miamedicalitalia.it\/categoria\/affitto-e-noleggio-ausili\/"},{"@type":"ListItem","position":4,"name":"Deambulatori e Rollatori","item":"https:\/\/www.miamedicalitalia.it\/categoria\/affitto-e-noleggio-ausili\/affitto-e-noleggio-deambulatori\/"},{"@type":"ListItem","position":5,"name":"Noleggio deambulatore rollatore con seduta"}]},{"@type":"WebSite","@id":"https:\/\/www.miamedicalitalia.it\/#website","url":"https:\/\/www.miamedicalitalia.it\/","name":"www.miamedicalitalia.it","description":"Alquiler y venta de material sanitario","publisher":{"@id":"https:\/\/www.miamedicalitalia.it\/#organization"},"potentialAction":[{"@type":"SearchAction","target":{"@type":"EntryPoint","urlTemplate":"https:\/\/www.miamedicalitalia.it\/?s={search_term_string}"},"query-input":{"@type":"PropertyValueSpecification","valueRequired":true,"valueName":"search_term_string"}}],"inLanguage":"es"},{"@type":"Organization","@id":"https:\/\/www.miamedicalitalia.it\/#organization","name":"OLG","url":"https:\/\/www.miamedicalitalia.it\/","logo":{"@type":"ImageObject","inLanguage":"es","@id":"https:\/\/www.miamedicalitalia.it\/#\/schema\/logo\/image\/","url":"https:\/\/www.miamedicalitalia.it\/wp-content\/uploads\/2023\/04\/mia-medical-logo-free.png","contentUrl":"https:\/\/www.miamedicalitalia.it\/wp-content\/uploads\/2023\/04\/mia-medical-logo-free.png","width":700,"height":700,"caption":"OLG"},"image":{"@id":"https:\/\/www.miamedicalitalia.it\/#\/schema\/logo\/image\/"},"sameAs":["https:\/\/www.facebook.com\/miamedicalitalia"]}]}},"wcpa_form_fields":{"wcpaData":{"product":{"product_price":30,"price_html":"<span class=\"woocommerce-Price-amount amount\" aria-hidden=\"true\"><bdi><span class=\"woocommerce-Price-currencySymbol\">&euro;<\/span>30.00<\/bdi><\/span> <span aria-hidden=\"true\">-<\/span> <span class=\"woocommerce-Price-amount amount\" aria-hidden=\"true\"><bdi><span class=\"woocommerce-Price-currencySymbol\">&euro;<\/span>100.00<\/bdi><\/span><span class=\"screen-reader-text\">Rango de precios: desde &euro;30.00 hasta &euro;100.00<\/span>","original_product_price":30,"price_including_tax":30,"price_excluding_tax":30,"product_id":{"parent":12308,"variation":false},"is_variable":true,"stock_status":"instock","stock_quantity":null,"parent_sku":"","product_attributes":{"quanto-costa":{"is_variation":true,"values":[]}},"custom_fields":[],"is_taxable":false,"product_name":"Noleggio deambulatore rollatore con seduta","hasImage":false},"fields":{"sec_565f165582eb8c":{"extra":{"key":"sec_565f165582eb8c","section_id":"sec_565f165582eb8c","name":"Predefinito","status":1,"toggle":true,"form_id":12050,"form_rules":{"exclude_from_discount":false,"fee_label":"Tasa","disp_hide_options_price":false,"disp_show_section_price":false,"disp_show_field_price":true,"layout_option":"standard","pric_use_as_fee":false,"process_fee_as":"woo_fee"},"layout_option":"standard"},"fields":[[{"active":true,"col":6,"relations":false,"cl_rule":"show","enableCl":false,"price":"","enablePrice":false,"className":"input-text","type":"date","required":true,"elementId":"date_3189538061","name":"date_3189538061","label":"A partire dal giorno:","picker_type":"custom","picker_mode":"single","error":false,"description":"Inserisci la data di inizio del noleggio","gt_translate_keys":["label","description"],"price_dependency":false,"cl_dependency":false,"value":""}]]}},"config":{"price_override":"","enable_recaptcha":false,"bind_quantity":false,"quantity_bind_formula":false,"disp_summ_show_option_price":true,"disp_summ_show_product_price":true,"disp_summ_show_total_price":true,"disp_summ_show_fee":false,"disp_summ_show_discount":false,"summary_title":"","options_total_label":"Opciones Precio","total_label":"Total","options_product_label":"Precio del producto","fee_label":"Tasa","discount_label":"Descuento","has_price":true,"has_quantity_formula":false},"mc_unit":1,"tax_rate":1,"tax_rate_real":1,"discount":{"percentage":0,"fixed":0},"design":{"conf":{"LabelPosition":"above","DescPosition":"below","UploadField":"custom_1","QuantityFieldStyle":"default"},"css":{"LeftLabelWidth":"50px"}},"formulas":[],"lookuptables":[],"clones":false,"cartKey":false}},"_links":{"self":[{"href":"https:\/\/www.miamedicalitalia.it\/es\/wp-json\/wp\/v2\/product\/12308","targetHints":{"allow":["GET"]}}],"collection":[{"href":"https:\/\/www.miamedicalitalia.it\/es\/wp-json\/wp\/v2\/product"}],"about":[{"href":"https:\/\/www.miamedicalitalia.it\/es\/wp-json\/wp\/v2\/types\/product"}],"wp:featuredmedia":[{"embeddable":true,"href":"https:\/\/www.miamedicalitalia.it\/es\/wp-json\/wp\/v2\/media\/14623"}],"wp:attachment":[{"href":"https:\/\/www.miamedicalitalia.it\/es\/wp-json\/wp\/v2\/media?parent=12308"}],"wp:term":[{"taxonomy":"home-category","embeddable":true,"href":"https:\/\/www.miamedicalitalia.it\/es\/wp-json\/wp\/v2\/home-category?post=12308"},{"taxonomy":"product_brand","embeddable":true,"href":"https:\/\/www.miamedicalitalia.it\/es\/wp-json\/wp\/v2\/product_brand?post=12308"},{"taxonomy":"product_cat","embeddable":true,"href":"https:\/\/www.miamedicalitalia.it\/es\/wp-json\/wp\/v2\/product_cat?post=12308"},{"taxonomy":"product_tag","embeddable":true,"href":"https:\/\/www.miamedicalitalia.it\/es\/wp-json\/wp\/v2\/product_tag?post=12308"},{"taxonomy":"woo-feed-brand","embeddable":true,"href":"https:\/\/www.miamedicalitalia.it\/es\/wp-json\/wp\/v2\/woo-feed-brand?post=12308"}],"curies":[{"name":"wp","href":"https:\/\/api.w.org\/{rel}","templated":true}]}}