{"id":12152,"date":"2024-04-23T19:13:43","date_gmt":"2024-04-23T17:13:43","guid":{"rendered":"https:\/\/www.miamedicalitalia.it\/?post_type=product&#038;p=12152"},"modified":"2026-01-07T11:32:29","modified_gmt":"2026-01-07T09:32:29","slug":"noleggio-montascale-a-ruote-roma-e-firenze","status":"publish","type":"product","link":"https:\/\/www.miamedicalitalia.it\/es\/producto\/noleggio-montascale-a-ruote-roma-e-firenze\/","title":{"rendered":"Alquiler de sillas salvaescaleras con ruedas T10 en Roma y Florencia"},"content":{"rendered":"<p><strong>Alquiler de Salvaescaleras El\u00e9ctrico con Ruedas T10 con entrega a domicilio en Roma y Florencia para seguridad y libertad en cualquier ambiente<\/strong><\/p>\n\n\n\n<p><strong>\u00bfAlguna vez se ha parado delante de una escalera y se ha preguntado c\u00f3mo subirla de forma segura con una persona mayor o con movilidad reducida?<\/strong> <br>En&nbsp;<strong>Salvaescaleras con ruedas T10<\/strong>&nbsp;es la respuesta sencilla, pr\u00e1ctica y eficaz para superar todo tipo de barreras arquitect\u00f3nicas, incluso en entornos con escaleras estrechas o pelda\u00f1os irregulares. <strong>Compacta, ligera y desmontable<\/strong>, Es perfecta para usar en casa, en edificios de apartamentos o en la carretera. Con&nbsp;<strong>M.I.A. Medical Italia<\/strong>, puede tenerlo en casa, listo para usar, en menos de 48 horas.<\/p>\n\n\n\n<h3 class=\"wp-block-heading\" id=\"h-cos-e-il-montascale-a-ruote-elettrico-t10-disponibile-a-noleggio-a-roma-e-firenze\"><strong>\u00bfQu\u00e9 es el elevador el\u00e9ctrico de sillas de ruedas T10?<\/strong> disponible para alquiler en Roma y Florencia<\/h3>\n\n\n\n<p>En&nbsp;<strong>T10<\/strong>&nbsp;es un&nbsp;<strong>salvaescaleras el\u00e9ctrico m\u00f3vil<\/strong>con&nbsp;<strong>asiento tapizado integrado<\/strong>&nbsp;y sistema de transporte autom\u00e1tico sobre ruedas motrices.<\/p>\n\n\n\n<p>Gracias a su motor silencioso y&nbsp;<strong>frenos autom\u00e1ticos<\/strong>, permite a un cuidador transportar f\u00e1cilmente a la persona asistida escaleras arriba y abajo con total seguridad, incluso en espacios complejos como:<\/p>\n\n\n\n<ul class=\"wp-block-list\">\n<li>escaleras&nbsp;<strong>estrecho hasta 55 cm<\/strong>;<\/li>\n\n\n\n<li><strong>escalones en forma de abanico<\/strong>&nbsp;o en espiral;<\/li>\n\n\n\n<li><strong>peque\u00f1os desembarques<\/strong>&nbsp;(m\u00edn. 70 cm).<\/li>\n<\/ul>\n\n\n\n<p><strong>No se necesita silla de ruedas<\/strong>El paciente puede sentarse directamente en el asiento del dispositivo.<\/p>\n\n\n\n<h3 class=\"wp-block-heading\" id=\"h-a-chi-e-consigliato-l-utilizzo-del-t10\"><strong>\u00bfA qui\u00e9n se recomienda el uso de T10?<\/strong><\/h3>\n\n\n\n<p>El alquiler del salvaescaleras con ruedas T10 es adecuado para:<\/p>\n\n\n\n<ul class=\"wp-block-list\">\n<li><strong>Mayores<\/strong>&nbsp;con dificultades de movilidad que viven en edificios sin ascensor;<\/li>\n\n\n\n<li>Personas que se enfrentan a&nbsp;<strong>escaleras empinadas o habitaciones estrechas<\/strong>;<\/li>\n\n\n\n<li>Pacientes sometidos a&nbsp;<strong>rehabilitaci\u00f3n postoperatoria o postraum\u00e1tica<\/strong>;<\/li>\n\n\n\n<li>\u00bfQui\u00e9n necesita un&nbsp;<strong>soluci\u00f3n provisional<\/strong>para vacaciones, visitas, eventos;<\/li>\n\n\n\n<li>Familias o cuidadores que deseen&nbsp;<strong>moverse con seguridad<\/strong>sin instalaciones fijas.<\/li>\n<\/ul>\n\n\n\n<h4 class=\"wp-block-heading\" id=\"h-come-si-usa-il-montascale-a-ruote-t10\">C\u00f3mo utilizar el elevador de sillas de ruedas T10<\/h4>\n\n\n\n<p>El T10 es&nbsp;<strong>gestionado por un acompa\u00f1ante<\/strong>gui\u00e1ndole a trav\u00e9s de un&nbsp;<strong>panel de control sencillo e intuitivo<\/strong>.<\/p>\n\n\n\n<p>Para el asistente, basta con sentarse c\u00f3modamente y apoyar los pies en el reposapi\u00e9s ajustable. I&nbsp;<strong>reposabrazos abatibles<\/strong>&nbsp;facilitan la subida y bajada del dispositivo. El movimiento es suave y autom\u00e1tico: basta con&nbsp;<strong>mantenga pulsado el selector de marchas<\/strong>&nbsp;para superar cada escal\u00f3n con seguridad y sin sobresaltos.<\/p>\n\n\n\n<p><strong>Se desmonta f\u00e1cilmente en 6 piezas<\/strong>&nbsp;y puede transportarse en el maletero de un coche.<\/p>\n\n\n\n<h4 class=\"wp-block-heading\" id=\"h-caratteristiche-principali-del-montascale-t10\">Caracter\u00edsticas principales del salvaescaleras T10<\/h4>\n\n\n\n<ul class=\"wp-block-list\">\n<li><strong>Adecuado para escaleras estrechas, de caracol y en abanico<\/strong><\/li>\n\n\n\n<li><strong>Asiento tapizado integrado<\/strong>&nbsp;con reposapi\u00e9s ajustable y reposabrazos abatibles<\/li>\n\n\n\n<li><strong>Motor el\u00e9ctrico de 24 V<\/strong>&nbsp;silencioso y fiable<\/li>\n\n\n\n<li><strong>Velocidad<\/strong>12 pasos\/minuto<\/li>\n\n\n\n<li><strong>Autonom\u00eda<\/strong>hasta&nbsp;<strong>200 pasos con una sola carga<\/strong><\/li>\n\n\n\n<li><strong>Peso m\u00e1x. del usuario<\/strong>120 kg<\/li>\n\n\n\n<li><strong>Desmontable en 6 partes<\/strong>transportable incluso en coche<\/li>\n<\/ul>\n\n\n\n<p>Haga clic en <strong><a href=\"https:\/\/data2.manualslib.com\/pdf7\/222\/22125\/2212422-vimec\/t10.pdf?e7f768d4f244eec38685ba315b9b3aa5\">aqu\u00ed<\/a><\/strong> para consultar la ficha t\u00e9cnica completa.<\/p>\n\n\n\n<h3 class=\"wp-block-heading\" id=\"h-perche-scegliere-il-noleggio-del-montascale-a-ruote-t10\">Por qu\u00e9 alquilar el salvaescaleras con ruedas T10<\/h3>\n\n\n\n<ul class=\"wp-block-list\">\n<li><strong>Evitar costes de compra elevados<\/strong>&nbsp;para uso temporal;<\/li>\n\n\n\n<li><strong>Recibir el salvaescaleras en casa<\/strong>, listo para usar y con demostraci\u00f3n;<\/li>\n\n\n\n<li><strong>Elija la duraci\u00f3n del alquiler<\/strong>&nbsp;en funci\u00f3n de sus necesidades: de unos d\u00edas a varios meses;<\/li>\n\n\n\n<li><strong>Mantenimiento y asistencia t\u00e9cnica<\/strong>&nbsp;incluyendo;<\/li>\n\n\n\n<li><strong>Desinfecci\u00f3n profesional<\/strong>&nbsp;cada uso;<\/li>\n\n\n\n<li><strong>Precios transparentes y competitivos<\/strong>sin costes ocultos.<\/li>\n<\/ul>\n\n\n\n<h2 class=\"wp-block-heading\" id=\"h-perche-scegliere-il-servizio-di-noleggio-mia-medical-italia\">Por qu\u00e9 elegir el servicio de alquiler de MIA Medical Italia<\/h2>\n\n\n\n<p>Ofrecemos un servicio de <strong>alquiler r\u00e1pido en Roma y Florencia (tambi\u00e9n 24\/48h seg\u00fan disponibilidad)<\/strong> con <strong>personal cualificado<\/strong> para la <strong>entrega<\/strong> e <strong>instrucciones de uso<\/strong>. Todos nuestros <strong>sida<\/strong> son <strong>seguro<\/strong> e <strong>certificados<\/strong>tambi\u00e9n llegan a sus casas <strong>desinfectado<\/strong> \u00a1y listos para usar! Tambi\u00e9n suministramos <strong>asistencia<\/strong> <strong>durante toda la duraci\u00f3n del alquiler. <a href=\"https:\/\/wa.me\/393926509237\">P\u00f3ngase en contacto con nosotros<\/a><\/strong> para un <strong>presupuesto telef\u00f3nico gratuito<\/strong> o una <strong>consulta gratuita y sin compromiso<\/strong> para obtener m\u00e1s informaci\u00f3n <strong><a href=\"https:\/\/www.miamedicalitalia.it\/es\/categoria\/affitto-e-noleggio-ausili\/affitto-noleggio-montascale\/\">salvaescaleras<\/a><\/strong> y descubra cu\u00e1l se adapta mejor a sus necesidades.<\/p>\n\n\n\n<p>Visite tambi\u00e9n nuestro <strong><a href=\"https:\/\/www.miamedicalitalia.it\/es\/\">.<\/a><\/strong> para descubrir la amplia gama de <strong>ayudas m\u00e9dicas y electrom\u00e9dicas <\/strong>que tenemos disponibles tanto en <strong>alquiler<\/strong> que en <strong>en venta<\/strong>entre <a href=\"https:\/\/www.miamedicalitalia.it\/es\/categoria\/affitto-e-noleggio-ausili\/affitto-e-noleggio-carrozzina\/\">sillas de ruedas<\/a>, <a href=\"https:\/\/www.miamedicalitalia.it\/es\/categoria\/affitto-e-noleggio-ausili\/noleggio-e-affitto-carrozzina-elettrica-e-scooter\/\">scooters el\u00e9ctricos<\/a>, <a href=\"https:\/\/www.miamedicalitalia.it\/es\/categoria\/affitto-e-noleggio-ausili\/noleggio-sollevatori-verticalizzatori\/\">elevadores<\/a>, <a href=\"https:\/\/www.miamedicalitalia.it\/es\/categoria\/affitto-e-noleggio-ausili\/noleggio-sollevatori-verticalizzatori\/\">verticalizadores<\/a>, <a href=\"https:\/\/www.miamedicalitalia.it\/es\/categoria\/affitto-e-noleggio-ausili\/noleggio-letti-ortopedici-ospedalieri\/\">camas ortop\u00e9dicas<\/a>, <a href=\"https:\/\/www.miamedicalitalia.it\/es\/categoria\/affitto-e-noleggio-ausili\/noleggio-e-affitto-carrozzina-elettrica-e-scooter\/\">sillas de ruedas el\u00e9ctricas<\/a>, <a href=\"https:\/\/www.miamedicalitalia.it\/es\/categoria\/affitto-e-noleggio-ausili\/noleggio-materassi-antidecubito-terapeutico-ad-alto-rischio\/\">colchones antidec\u00fabito<\/a>, <a href=\"https:\/\/www.miamedicalitalia.it\/es\/categoria\/affitto-e-noleggio-ausili\/affitto-noleggio-magnetoterapia-cemp\/\">magnetoterapia<\/a>, <a href=\"https:\/\/www.miamedicalitalia.it\/es\/categoria\/affitto-e-noleggio-ausili\/affitto-noleggio-pressoterapia\/\">en terapia<\/a> e <strong>y mucho m\u00e1s. \u00bfA qu\u00e9 espera?<\/strong><\/p>\n\n\n\n<p><strong>Llame al +39 392 65 09 237<\/strong><\/p>\n\n\n\n<p><strong><a href=\"https:\/\/wa.me\/393926509237\">Escr\u00edbenos a WhatsApp<\/a><\/strong><\/p>\n\n\n\n<p>O env\u00ede un correo electr\u00f3nico a&nbsp;<strong>info@miamedicalitalia.it<\/strong><\/p>\n\n\n\n<p><strong>Recupere la libertad y la seguridad en las escaleras. Elija T10, elija M.I.A. Medical.<\/strong><br><\/p>","protected":false},"excerpt":{"rendered":"<div style=\"font-family: Arial, sans-serif; background-color: #234091; padding: 30px; border-radius: 25px; max-width: 600px; color: #ffffff; position: relative; border-top: 6px solid #2498fe;\">\n<h3 style=\"margin-top: 0; margin-bottom: 15px; color: #ffffff;\">Para subir y bajar todo tipo de escaleras, incluidas las de caracol.<\/h3>\n<p>Consegna a domicilio soltanto a Roma e Firenze a partire da 45\u20ac.<\/p>\n<p><strong>Entrega gratuita<\/strong> si compra un alquiler por un m\u00ednimo de 45 d\u00edas.<\/p>\n<p>La recogida y devoluci\u00f3n de las ayudas al almac\u00e9n son <strong>Gratis.<\/strong><\/p>\n<p><!-- Deposito --><\/p>\n<div style=\"margin-top: 20px; background-color: #ffffff; color: #234091; padding: 15px; border-radius: 15px;\">\n<h4 style=\"margin: 0 0 10px 0; font-size: 16px;\">Se requiere fianza: <span style=\"color: #c43b3b; font-weight: bold;\">300\u20ac<\/span><\/h4>\n<p style=\"margin: 0; font-size: 14px;\">Para el alquiler de este art\u00edculo, un <strong>fianza de 300<\/strong>.<\/p>\n<\/div>\n<\/div>\n<p><!-- Linea bianca sotto --><\/p>\n<div style=\"height: 6px; background-color: #ffffff; max-width: 600px;\">\u00a0<\/div>","protected":false},"featured_media":12160,"template":"","meta":{"_acf_changed":false},"home-category":[],"product_brand":[],"product_cat":[227],"product_tag":[],"woo-feed-brand":[],"class_list":{"0":"post-12152","1":"product","2":"type-product","3":"status-publish","4":"has-post-thumbnail","6":"product_cat-affitto-noleggio-montascale","7":"wcpa_has_options","9":"first","10":"instock","11":"shipping-taxable","12":"purchasable","13":"product-type-variable"},"acf":[],"yoast_head":"<!-- This site is optimized with the Yoast SEO Premium plugin v27.3 (Yoast SEO v27.3) - https:\/\/yoast.com\/product\/yoast-seo-premium-wordpress\/ -->\n<title>Noleggio montascale a ruote T10 mobile a Roma e Firenze<\/title>\n<meta name=\"description\" content=\"Noleggio Montascale a ruote T10. Consegna rapida. Migliore Prezzo Garantito. Fidati dei nostri esperti. Scopri i nostri prezzi imbattibili, con i forfait.\" \/>\n<meta name=\"robots\" content=\"index, follow, max-snippet:-1, max-image-preview:large, max-video-preview:-1\" \/>\n<link rel=\"canonical\" href=\"https:\/\/www.miamedicalitalia.it\/es\/producto\/noleggio-montascale-a-ruote-roma-e-firenze\/\" \/>\n<meta property=\"og:locale\" content=\"es_ES\" \/>\n<meta property=\"og:type\" content=\"article\" \/>\n<meta property=\"og:title\" content=\"Noleggio montascale a ruote T10 mobile a Roma e Firenze\" \/>\n<meta property=\"og:description\" content=\"Noleggio Montascale a ruote T10. Consegna rapida. Migliore Prezzo Garantito. Fidati dei nostri esperti. Scopri i nostri prezzi imbattibili, con i forfait.\" \/>\n<meta property=\"og:url\" content=\"https:\/\/www.miamedicalitalia.it\/es\/producto\/noleggio-montascale-a-ruote-roma-e-firenze\/\" \/>\n<meta property=\"og:site_name\" content=\"Mia Medical\" \/>\n<meta property=\"article:publisher\" content=\"https:\/\/www.facebook.com\/miamedicalitalia\" \/>\n<meta property=\"article:modified_time\" content=\"2026-01-07T09:32:29+00:00\" \/>\n<meta property=\"og:image\" content=\"https:\/\/www.miamedicalitalia.it\/wp-content\/uploads\/2024\/04\/montascale-a-ruote-T10.2-.jpg\" \/>\n\t<meta property=\"og:image:width\" content=\"1000\" \/>\n\t<meta property=\"og:image:height\" content=\"1000\" \/>\n\t<meta property=\"og:image:type\" content=\"image\/jpeg\" \/>\n<meta name=\"twitter:card\" content=\"summary_large_image\" \/>\n<meta name=\"twitter:label1\" content=\"Tiempo de lectura\" \/>\n\t<meta name=\"twitter:data1\" content=\"3 minutos\" \/>\n<script type=\"application\/ld+json\" class=\"yoast-schema-graph\">{\"@context\":\"https:\\\/\\\/schema.org\",\"@graph\":[{\"@type\":\"WebPage\",\"@id\":\"https:\\\/\\\/www.miamedicalitalia.it\\\/prodotto\\\/noleggio-montascale-a-ruote-roma-e-firenze\\\/\",\"url\":\"https:\\\/\\\/www.miamedicalitalia.it\\\/prodotto\\\/noleggio-montascale-a-ruote-roma-e-firenze\\\/\",\"name\":\"Noleggio montascale a ruote T10 mobile a Roma e Firenze\",\"isPartOf\":{\"@id\":\"https:\\\/\\\/www.miamedicalitalia.it\\\/#website\"},\"primaryImageOfPage\":{\"@id\":\"https:\\\/\\\/www.miamedicalitalia.it\\\/prodotto\\\/noleggio-montascale-a-ruote-roma-e-firenze\\\/#primaryimage\"},\"image\":{\"@id\":\"https:\\\/\\\/www.miamedicalitalia.it\\\/prodotto\\\/noleggio-montascale-a-ruote-roma-e-firenze\\\/#primaryimage\"},\"thumbnailUrl\":\"https:\\\/\\\/www.miamedicalitalia.it\\\/wp-content\\\/uploads\\\/2024\\\/04\\\/montascale-a-ruote-T10.2-.jpg\",\"datePublished\":\"2024-04-23T17:13:43+00:00\",\"dateModified\":\"2026-01-07T09:32:29+00:00\",\"description\":\"Noleggio Montascale a ruote T10. Consegna rapida. Migliore Prezzo Garantito. Fidati dei nostri esperti. Scopri i nostri prezzi imbattibili, con i forfait.\",\"breadcrumb\":{\"@id\":\"https:\\\/\\\/www.miamedicalitalia.it\\\/prodotto\\\/noleggio-montascale-a-ruote-roma-e-firenze\\\/#breadcrumb\"},\"inLanguage\":\"es\",\"potentialAction\":[{\"@type\":\"ReadAction\",\"target\":[\"https:\\\/\\\/www.miamedicalitalia.it\\\/prodotto\\\/noleggio-montascale-a-ruote-roma-e-firenze\\\/\"]}]},{\"@type\":\"ImageObject\",\"inLanguage\":\"es\",\"@id\":\"https:\\\/\\\/www.miamedicalitalia.it\\\/prodotto\\\/noleggio-montascale-a-ruote-roma-e-firenze\\\/#primaryimage\",\"url\":\"https:\\\/\\\/www.miamedicalitalia.it\\\/wp-content\\\/uploads\\\/2024\\\/04\\\/montascale-a-ruote-T10.2-.jpg\",\"contentUrl\":\"https:\\\/\\\/www.miamedicalitalia.it\\\/wp-content\\\/uploads\\\/2024\\\/04\\\/montascale-a-ruote-T10.2-.jpg\",\"width\":1000,\"height\":1000},{\"@type\":\"BreadcrumbList\",\"@id\":\"https:\\\/\\\/www.miamedicalitalia.it\\\/prodotto\\\/noleggio-montascale-a-ruote-roma-e-firenze\\\/#breadcrumb\",\"itemListElement\":[{\"@type\":\"ListItem\",\"position\":1,\"name\":\"Home\",\"item\":\"https:\\\/\\\/www.miamedicalitalia.it\\\/\"},{\"@type\":\"ListItem\",\"position\":2,\"name\":\"Shop\",\"item\":\"https:\\\/\\\/www.miamedicalitalia.it\\\/negozio\\\/\"},{\"@type\":\"ListItem\",\"position\":3,\"name\":\"Affitto e noleggio\",\"item\":\"https:\\\/\\\/www.miamedicalitalia.it\\\/categoria\\\/affitto-e-noleggio-ausili\\\/\"},{\"@type\":\"ListItem\",\"position\":4,\"name\":\"Montascale\",\"item\":\"https:\\\/\\\/www.miamedicalitalia.it\\\/categoria\\\/affitto-e-noleggio-ausili\\\/affitto-noleggio-montascale\\\/\"},{\"@type\":\"ListItem\",\"position\":5,\"name\":\"Noleggio Montascale a Ruote T10 a Roma e Firenze\"}]},{\"@type\":\"WebSite\",\"@id\":\"https:\\\/\\\/www.miamedicalitalia.it\\\/#website\",\"url\":\"https:\\\/\\\/www.miamedicalitalia.it\\\/\",\"name\":\"www.miamedicalitalia.it\",\"description\":\"Noleggio e Vendita Attrezzatura Sanitarie\",\"publisher\":{\"@id\":\"https:\\\/\\\/www.miamedicalitalia.it\\\/#organization\"},\"potentialAction\":[{\"@type\":\"SearchAction\",\"target\":{\"@type\":\"EntryPoint\",\"urlTemplate\":\"https:\\\/\\\/www.miamedicalitalia.it\\\/?s={search_term_string}\"},\"query-input\":{\"@type\":\"PropertyValueSpecification\",\"valueRequired\":true,\"valueName\":\"search_term_string\"}}],\"inLanguage\":\"es\"},{\"@type\":\"Organization\",\"@id\":\"https:\\\/\\\/www.miamedicalitalia.it\\\/#organization\",\"name\":\"OLG\",\"url\":\"https:\\\/\\\/www.miamedicalitalia.it\\\/\",\"logo\":{\"@type\":\"ImageObject\",\"inLanguage\":\"es\",\"@id\":\"https:\\\/\\\/www.miamedicalitalia.it\\\/#\\\/schema\\\/logo\\\/image\\\/\",\"url\":\"https:\\\/\\\/www.miamedicalitalia.it\\\/wp-content\\\/uploads\\\/2023\\\/04\\\/mia-medical-logo-free.png\",\"contentUrl\":\"https:\\\/\\\/www.miamedicalitalia.it\\\/wp-content\\\/uploads\\\/2023\\\/04\\\/mia-medical-logo-free.png\",\"width\":700,\"height\":700,\"caption\":\"OLG\"},\"image\":{\"@id\":\"https:\\\/\\\/www.miamedicalitalia.it\\\/#\\\/schema\\\/logo\\\/image\\\/\"},\"sameAs\":[\"https:\\\/\\\/www.facebook.com\\\/miamedicalitalia\"]}]}<\/script>\n<!-- \/ Yoast SEO Premium plugin. -->","yoast_head_json":{"title":"Alquiler de sillas salvaescaleras m\u00f3viles T10 en Roma y Florencia","description":"Alquiler de elevadores de sillas de ruedas T10. Entrega r\u00e1pida. Mejor precio garantizado. Conf\u00ede en nuestros expertos. Descubra nuestros inmejorables precios.","robots":{"index":"index","follow":"follow","max-snippet":"max-snippet:-1","max-image-preview":"max-image-preview:large","max-video-preview":"max-video-preview:-1"},"canonical":"https:\/\/www.miamedicalitalia.it\/es\/producto\/noleggio-montascale-a-ruote-roma-e-firenze\/","og_locale":"es_ES","og_type":"article","og_title":"Noleggio montascale a ruote T10 mobile a Roma e Firenze","og_description":"Noleggio Montascale a ruote T10. Consegna rapida. Migliore Prezzo Garantito. Fidati dei nostri esperti. Scopri i nostri prezzi imbattibili, con i forfait.","og_url":"https:\/\/www.miamedicalitalia.it\/es\/producto\/noleggio-montascale-a-ruote-roma-e-firenze\/","og_site_name":"Mia Medical","article_publisher":"https:\/\/www.facebook.com\/miamedicalitalia","article_modified_time":"2026-01-07T09:32:29+00:00","og_image":[{"width":1000,"height":1000,"url":"https:\/\/www.miamedicalitalia.it\/wp-content\/uploads\/2024\/04\/montascale-a-ruote-T10.2-.jpg","type":"image\/jpeg"}],"twitter_card":"summary_large_image","twitter_misc":{"Tiempo de lectura":"3 minutos"},"schema":{"@context":"https:\/\/schema.org","@graph":[{"@type":"WebPage","@id":"https:\/\/www.miamedicalitalia.it\/prodotto\/noleggio-montascale-a-ruote-roma-e-firenze\/","url":"https:\/\/www.miamedicalitalia.it\/prodotto\/noleggio-montascale-a-ruote-roma-e-firenze\/","name":"Alquiler de sillas salvaescaleras m\u00f3viles T10 en Roma y Florencia","isPartOf":{"@id":"https:\/\/www.miamedicalitalia.it\/#website"},"primaryImageOfPage":{"@id":"https:\/\/www.miamedicalitalia.it\/prodotto\/noleggio-montascale-a-ruote-roma-e-firenze\/#primaryimage"},"image":{"@id":"https:\/\/www.miamedicalitalia.it\/prodotto\/noleggio-montascale-a-ruote-roma-e-firenze\/#primaryimage"},"thumbnailUrl":"https:\/\/www.miamedicalitalia.it\/wp-content\/uploads\/2024\/04\/montascale-a-ruote-T10.2-.jpg","datePublished":"2024-04-23T17:13:43+00:00","dateModified":"2026-01-07T09:32:29+00:00","description":"Alquiler de elevadores de sillas de ruedas T10. Entrega r\u00e1pida. Mejor precio garantizado. Conf\u00ede en nuestros expertos. Descubra nuestros inmejorables precios.","breadcrumb":{"@id":"https:\/\/www.miamedicalitalia.it\/prodotto\/noleggio-montascale-a-ruote-roma-e-firenze\/#breadcrumb"},"inLanguage":"es","potentialAction":[{"@type":"ReadAction","target":["https:\/\/www.miamedicalitalia.it\/prodotto\/noleggio-montascale-a-ruote-roma-e-firenze\/"]}]},{"@type":"ImageObject","inLanguage":"es","@id":"https:\/\/www.miamedicalitalia.it\/prodotto\/noleggio-montascale-a-ruote-roma-e-firenze\/#primaryimage","url":"https:\/\/www.miamedicalitalia.it\/wp-content\/uploads\/2024\/04\/montascale-a-ruote-T10.2-.jpg","contentUrl":"https:\/\/www.miamedicalitalia.it\/wp-content\/uploads\/2024\/04\/montascale-a-ruote-T10.2-.jpg","width":1000,"height":1000},{"@type":"BreadcrumbList","@id":"https:\/\/www.miamedicalitalia.it\/prodotto\/noleggio-montascale-a-ruote-roma-e-firenze\/#breadcrumb","itemListElement":[{"@type":"ListItem","position":1,"name":"Home","item":"https:\/\/www.miamedicalitalia.it\/"},{"@type":"ListItem","position":2,"name":"Shop","item":"https:\/\/www.miamedicalitalia.it\/negozio\/"},{"@type":"ListItem","position":3,"name":"Affitto e noleggio","item":"https:\/\/www.miamedicalitalia.it\/categoria\/affitto-e-noleggio-ausili\/"},{"@type":"ListItem","position":4,"name":"Montascale","item":"https:\/\/www.miamedicalitalia.it\/categoria\/affitto-e-noleggio-ausili\/affitto-noleggio-montascale\/"},{"@type":"ListItem","position":5,"name":"Noleggio Montascale a Ruote T10 a Roma e Firenze"}]},{"@type":"WebSite","@id":"https:\/\/www.miamedicalitalia.it\/#website","url":"https:\/\/www.miamedicalitalia.it\/","name":"www.miamedicalitalia.it","description":"Alquiler y venta de material sanitario","publisher":{"@id":"https:\/\/www.miamedicalitalia.it\/#organization"},"potentialAction":[{"@type":"SearchAction","target":{"@type":"EntryPoint","urlTemplate":"https:\/\/www.miamedicalitalia.it\/?s={search_term_string}"},"query-input":{"@type":"PropertyValueSpecification","valueRequired":true,"valueName":"search_term_string"}}],"inLanguage":"es"},{"@type":"Organization","@id":"https:\/\/www.miamedicalitalia.it\/#organization","name":"OLG","url":"https:\/\/www.miamedicalitalia.it\/","logo":{"@type":"ImageObject","inLanguage":"es","@id":"https:\/\/www.miamedicalitalia.it\/#\/schema\/logo\/image\/","url":"https:\/\/www.miamedicalitalia.it\/wp-content\/uploads\/2023\/04\/mia-medical-logo-free.png","contentUrl":"https:\/\/www.miamedicalitalia.it\/wp-content\/uploads\/2023\/04\/mia-medical-logo-free.png","width":700,"height":700,"caption":"OLG"},"image":{"@id":"https:\/\/www.miamedicalitalia.it\/#\/schema\/logo\/image\/"},"sameAs":["https:\/\/www.facebook.com\/miamedicalitalia"]}]}},"wcpa_form_fields":{"wcpaData":{"product":{"product_price":105,"price_html":"<span class=\"woocommerce-Price-amount amount\" aria-hidden=\"true\"><bdi><span class=\"woocommerce-Price-currencySymbol\">&euro;<\/span>105.00<\/bdi><\/span> <span aria-hidden=\"true\">-<\/span> <span class=\"woocommerce-Price-amount amount\" aria-hidden=\"true\"><bdi><span class=\"woocommerce-Price-currencySymbol\">&euro;<\/span>540.00<\/bdi><\/span><span class=\"screen-reader-text\">Rango de precios: desde &euro;105.00 hasta &euro;540.00<\/span>","original_product_price":105,"price_including_tax":105,"price_excluding_tax":105,"product_id":{"parent":12152,"variation":false},"is_variable":true,"stock_status":"instock","stock_quantity":null,"parent_sku":"","product_attributes":{"quanto-costa":{"is_variation":true,"values":[]}},"custom_fields":[],"is_taxable":false,"product_name":"Noleggio Montascale a Ruote T10 a Roma e Firenze","hasImage":false},"fields":{"sec_565f165582eb8c":{"extra":{"key":"sec_565f165582eb8c","section_id":"sec_565f165582eb8c","name":"Predefinito","status":1,"toggle":true,"form_id":12050,"form_rules":{"exclude_from_discount":false,"fee_label":"Fee","disp_hide_options_price":false,"disp_show_section_price":false,"disp_show_field_price":true,"layout_option":"standard","pric_use_as_fee":false,"process_fee_as":"woo_fee"},"layout_option":"standard"},"fields":[[{"active":true,"col":6,"relations":false,"cl_rule":"show","enableCl":false,"price":"","enablePrice":false,"className":"input-text","type":"date","required":true,"elementId":"date_3189538061","name":"date_3189538061","label":"A partire dal giorno:","picker_type":"custom","picker_mode":"single","error":false,"description":"Inserisci la data di inizio del noleggio","gt_translate_keys":["label","description"],"price_dependency":false,"cl_dependency":false,"value":""}]]}},"config":{"price_override":"","enable_recaptcha":false,"bind_quantity":false,"quantity_bind_formula":false,"disp_summ_show_option_price":true,"disp_summ_show_product_price":true,"disp_summ_show_total_price":true,"disp_summ_show_fee":false,"disp_summ_show_discount":false,"summary_title":"","options_total_label":"Options Price","total_label":"Total","options_product_label":"Product Price","fee_label":"Fee","discount_label":"Discount","has_price":true,"has_quantity_formula":false},"mc_unit":1,"tax_rate":1,"tax_rate_real":1,"discount":{"percentage":0,"fixed":0},"design":{"conf":{"LabelPosition":"above","DescPosition":"below","UploadField":"custom_1","QuantityFieldStyle":"default"},"css":{"LeftLabelWidth":"50px"}},"formulas":[],"lookuptables":[],"clones":false,"cartKey":false}},"_links":{"self":[{"href":"https:\/\/www.miamedicalitalia.it\/es\/wp-json\/wp\/v2\/product\/12152","targetHints":{"allow":["GET"]}}],"collection":[{"href":"https:\/\/www.miamedicalitalia.it\/es\/wp-json\/wp\/v2\/product"}],"about":[{"href":"https:\/\/www.miamedicalitalia.it\/es\/wp-json\/wp\/v2\/types\/product"}],"wp:featuredmedia":[{"embeddable":true,"href":"https:\/\/www.miamedicalitalia.it\/es\/wp-json\/wp\/v2\/media\/12160"}],"wp:attachment":[{"href":"https:\/\/www.miamedicalitalia.it\/es\/wp-json\/wp\/v2\/media?parent=12152"}],"wp:term":[{"taxonomy":"home-category","embeddable":true,"href":"https:\/\/www.miamedicalitalia.it\/es\/wp-json\/wp\/v2\/home-category?post=12152"},{"taxonomy":"product_brand","embeddable":true,"href":"https:\/\/www.miamedicalitalia.it\/es\/wp-json\/wp\/v2\/product_brand?post=12152"},{"taxonomy":"product_cat","embeddable":true,"href":"https:\/\/www.miamedicalitalia.it\/es\/wp-json\/wp\/v2\/product_cat?post=12152"},{"taxonomy":"product_tag","embeddable":true,"href":"https:\/\/www.miamedicalitalia.it\/es\/wp-json\/wp\/v2\/product_tag?post=12152"},{"taxonomy":"woo-feed-brand","embeddable":true,"href":"https:\/\/www.miamedicalitalia.it\/es\/wp-json\/wp\/v2\/woo-feed-brand?post=12152"}],"curies":[{"name":"wp","href":"https:\/\/api.w.org\/{rel}","templated":true}]}}