{"id":11090,"date":"2023-04-11T12:47:50","date_gmt":"2023-04-11T11:47:50","guid":{"rendered":"https:\/\/www.miamedicalitalia.it\/?post_type=product&#038;p=11090"},"modified":"2026-01-07T11:58:11","modified_gmt":"2026-01-07T09:58:11","slug":"noleggio-sollevatore-elettrico-con-seduta-per-il-bagno","status":"publish","type":"product","link":"https:\/\/www.miamedicalitalia.it\/es\/producto\/noleggio-sollevatore-elettrico-con-seduta-per-il-bagno\/","title":{"rendered":"Alquiler de polipasto el\u00e9ctrico con asiento"},"content":{"rendered":"<h4 class=\"wp-block-heading\" id=\"h-muevo-home-noleggio-sollevatore-elettrico-per-anziani-con-seduta-per-uso-domiciliare-sostegno-quotidiano-per-chi-assiste-e-per-chi-e-assistito\">MUEVO HOME &#8211; noleggio sollevatore elettrico per anziani con seduta per uso domiciliare. Sostegno quotidiano per chi assiste e per chi \u00e8 assistito.<\/h4>\n\n\n\n<p>Gestire una persona anziana o con ridotta mobilit\u00e0 all\u2019interno dell\u2019ambiente domestico \u00e8 una sfida che richiede forza, tempo e attenzione continua. Il&nbsp;<strong>Elevador el\u00e9ctrico con asiento MUEVO HOME<\/strong>&nbsp;est\u00e1 dise\u00f1ado para&nbsp;<strong>simplificar las operaciones de elevaci\u00f3n y transferencia<\/strong>&nbsp;de personas mayores, discapacitadas o dependientes, garantizando la m\u00e1xima&nbsp;<strong>seguridad, comodidad y alivio f\u00edsico para los cuidadores<\/strong>.<\/p>\n\n\n\n<h4 class=\"wp-block-heading\" id=\"h-come-il-noleggio-un-sollevatore-elettrico-per-anziani-con-seduta-puo-essere-un-aiuto-concreto-nella-quotidianita\">Come Il noleggio un sollevatore elettrico per anziani con seduta pu\u00f2 essere un aiuto concreto nella quotidianit\u00e0<\/h4>\n\n\n\n<ul class=\"wp-block-list\">\n<li><strong>Traslados m\u00e1s seguros y sin esfuerzo<\/strong>De la cama a la silla de ruedas, del ba\u00f1o a la silla, cada movimiento se gestiona de forma fluida y controlada.<\/li>\n\n\n\n<li><strong>Reduce el riesgo de lesiones para los cuidadores<\/strong>Evita el cansado y potencialmente da\u00f1ino levantamiento manual.<\/li>\n\n\n\n<li><strong>Compacta y manejable<\/strong>Perfecta incluso en espacios reducidos gracias a la base ajustable en anchura.<\/li>\n\n\n\n<li><strong>Bater\u00eda de larga duraci\u00f3n<\/strong>m\u00e1s de 40 ciclos completos de uso con una sola carga.<\/li>\n\n\n\n<li><strong>Sistema de emergencia integrado<\/strong>para garantizar la m\u00e1xima seguridad incluso en caso de imprevistos.<\/li>\n<\/ul>\n\n\n\n<h4 class=\"wp-block-heading\" id=\"h-in-quali-attivita-puo-essere-d-ausilio-il-sollevatore\">En qu\u00e9 actividades puede ayudar el polipasto <\/h4>\n\n\n\n<ul class=\"wp-block-list\">\n<li><em>Mover a la persona de la cama, hacer que se levante o que se tumbe en ella<\/em><\/li>\n\n\n\n<li><em> Acompa\u00f1ar a la persona al ba\u00f1o<\/em><\/li>\n\n\n\n<li><em>&nbsp;Sentar o mover a la persona de la silla, sill\u00f3n c\u00f3modo y silla de ruedas<\/em><\/li>\n\n\n\n<li><em>Trasladar a la persona al interior del domicilio<\/em><\/li>\n\n\n\n<li><em> Acomodar a la persona en el coche<\/em><\/li>\n<\/ul>\n\n\n\n<h4 class=\"wp-block-heading\" id=\"h-specifiche-tecniche-di-muevo-home-il-sollevatore-elettrico-per-anziani-con-seduta\">Especificaciones t\u00e9cnicas de MUEVO HOME: el elevador el\u00e9ctrico con asiento para personas mayores<\/h4>\n\n\n\n<ul class=\"wp-block-list\">\n<li><strong>Caudal m\u00e1ximo<\/strong>135 kg<\/li>\n\n\n\n<li>Motor el\u00e9ctrico TiMotion<\/li>\n\n\n\n<li>Estructura de acero pintado<\/li>\n\n\n\n<li>Cinco ruedas giratorias, dos de ellas con <strong>freno<\/strong><\/li>\n\n\n\n<li><strong>Apertura de piernas el\u00e9ctrica<\/strong><\/li>\n\n\n\n<li><strong>Bater\u00eda extra\u00edble con aviso ac\u00fastico-visual de bater\u00eda baja<\/strong><\/li>\n\n\n\n<li><strong>Bot\u00f3n de parada de emergencia<\/strong><\/li>\n\n\n\n<li><strong>Descenso manual de emergencia<\/strong><\/li>\n\n\n\n<li><strong>Seguridad antiaplastamiento integrada<\/strong><\/li>\n<\/ul>\n\n\n\n<p>Haga clic en <a href=\"https:\/\/www.miamedicalitalia.it\/wp-content\/uploads\/2023\/04\/Muevo-home-.pdf?_gl=1*su4zs4*_up*MQ..*_ga*MTIzODA2NjA5My4xNzQ0NDYzMDQ5*_ga_D9FZ9V3LL7*MTc0NDQ2MzA0OC4xLjEuMTc0NDQ2MzA2Ni4wLjAuMA..\">aqu\u00ed<\/a> para consultar la ficha t\u00e9cnica completa. <\/p>\n\n\n\n<p><strong>Accesorios incluidos y opcionales <\/strong><\/p>\n\n\n\n<ul class=\"wp-block-list\">\n<li><strong>Arn\u00e9s est\u00e1ndar de poli\u00e9ster<\/strong>&nbsp;(suministrado)<\/li>\n\n\n\n<li><strong>Arn\u00e9s de aseo<\/strong>&nbsp;(opcional)<\/li>\n\n\n\n<li><strong>Brazo elevador central<\/strong>&nbsp;(opcional)<\/li>\n<\/ul>\n\n\n\n<h4 class=\"wp-block-heading\" id=\"h-per-chi-e-pensato-il-servizio-di-noleggio-di-muevo-home\">\u00bfA qui\u00e9n va dirigido el servicio de alquiler MUEVO HOME?<\/h4>\n\n\n\n<p>Este ascensor es ideal para:<\/p>\n\n\n\n<ul class=\"wp-block-list\">\n<li>Familias que ayudan&nbsp;<strong>ancianos o discapacitados en casa<\/strong>incluso sin personal sanitario.<\/li>\n\n\n\n<li><strong>Cuidadores dom\u00e9sticos<\/strong>&nbsp;que desean una gesti\u00f3n m\u00e1s sencilla y segura de los traslados diarios.<\/li>\n\n\n\n<li>Situaciones temporales de no autosuficiencia (postoperatorios, rehabilitaci\u00f3n, accidentes).<\/li>\n<\/ul>\n\n\n\n<h4 class=\"wp-block-heading\" id=\"h-perche-scegliere-mia-medical-italia-come-tuo-alleato\">Por qu\u00e9 elegir Mia Medical Italia como aliado<\/h4>\n\n\n\n<p>Elija Mia Medical Italia para su alquiler:<\/p>\n\n\n\n<ul class=\"wp-block-list\">\n<li>Hai&nbsp;<strong>asistencia personalizada<\/strong>&nbsp;y entrega del dispositivo directamente a&nbsp;<strong>cl\u00ednica, hospital o piso<\/strong>.<\/li>\n\n\n\n<li>Buscar dispositivos&nbsp;<strong>desinfectada, segura y controlada<\/strong>&nbsp;por personal cualificado.<\/li>\n\n\n\n<li>Hai&nbsp;<strong>apoyo local inmediato<\/strong>tanto en Roma como en Florencia.<\/li>\n\n\n\n<li>Reserve f\u00e1cilmente, con tarifas transparentes y opciones flexibles incluso para varios d\u00edas.<\/li>\n\n\n\n<li><strong><a href=\"https:\/\/www.morettispa.com\/prodotto\/sollevatore-elettrico-muevo-home-portata-max-135-kg-copia\/\">Dispositivos de \u00faltima generaci\u00f3n y la mejor calidad del mercado<\/a><\/strong><\/li>\n<\/ul>\n\n\n\n<h4 class=\"wp-block-heading\" id=\"h-noleggio-sollevatore-elettrico-con-seduta-un-investimento-per-il-benessere-di-tutta-la-famiglia\">Alquile un elevador el\u00e9ctrico con asiento: una inversi\u00f3n en el bienestar de toda la familia. <\/h4>\n\n\n\n<p><strong>MUEVO INICIO<\/strong>&nbsp;mejora concretamente la calidad de vida tanto del beneficiario de los cuidados, que puede sentirse m\u00e1s seguro y menos dependiente, como del cuidador, al reducir el estr\u00e9s f\u00edsico y emocional.<\/p>\n\n\n\n<p><strong>Una ayuda silenciosa pero indispensable, todos los d\u00edas, en su hogar.<\/strong> Adem\u00e1s, si eres cuidador de una persona dependiente y necesitas que te echen una mano, te recomendamos que visites la web de nuestra Enfermera <strong><a href=\"http:\/\/www.arnaldiandrea.com\">Andrea Arnaldi<\/a><\/strong>especializado en asistencia a domicilio, permitir\u00e1 a sus seres queridos o pacientes continuar el tratamiento necesario desde la comodidad de su propio hogar. No dude en ponerse en contacto con \u00e9l. <\/p>\n\n\n\n<h4 class=\"wp-block-heading\" id=\"h-come-contattarci\">C\u00f3mo ponerse en contacto con nosotros <\/h4>\n\n\n\n<p><strong><a href=\"https:\/\/wa.me\/393926509237\">P\u00f3ngase en contacto con nosotros<\/a><\/strong>&nbsp;hoy mismo para consultar disponibilidad y presupuesto. Adem\u00e1s, si a\u00fan no le hemos convencido, ll\u00e1menos ahora al&nbsp;<strong><a href=\"https:\/\/wa.me\/393926509237\">+39 392 65 09 237.<\/a><\/strong>&nbsp;Nuestra&nbsp;<strong>equipo de especialistas<\/strong>&nbsp;del sector estar\u00e1n dispuestos a responder a todas sus preguntas y aclarar cualquier duda.&nbsp;<strong>P\u00f3ngase en contacto con nosotros <\/strong>hoy mismo para recibir una consulta gratuita y sin compromiso y deje que nuestros expertos le gu\u00eden hacia una experiencia de alquiler personalizada y adaptada a sus necesidades.<\/p>\n\n\n\n<p><a href=\"https:\/\/www.miamedicalitalia.it\/es\/mia-medical-condizioni-di-noleggio-dei-nostri-ausili-medicali\/?_gl=1*hr9jjl*_up*MQ..*_ga*MTUxMzgwNzg3Ni4xNzQ0NDY0NDE1*_ga_D9FZ9V3LL7*MTc0NDQ2NDQxNC4xLjEuMTc0NDQ2NDc5MC4wLjAuMA..\">Nota: consulte nuestras condiciones de alquiler<\/a>. <\/p>","protected":false},"excerpt":{"rendered":"<div style=\"font-family: Arial, sans-serif; background-color: #234091; padding: 30px; border-radius: 25px; max-width: 600px; color: #ffffff; position: relative; border-top: 6px solid #2498fe;\">\n<h3 style=\"margin-top: 0; margin-bottom: 15px; color: #ffffff;\">Alquiler de polipasto el\u00e9ctrico con asiento y eslinga.<\/h3>\n<p>Entrega en Roma y Florencia a partir de 45 euros.<\/p>\n<p><strong>Entrega gratuita<\/strong> para alquileres de 45 d\u00edas<\/p>\n<p><strong>No se requiere dep\u00f3sito.<\/strong><\/p>\n<p>La entrega y la recogida en el almac\u00e9n son <strong>\u00a1GRATIS!<\/strong><\/p>\n<\/div>\n<p><!-- Linea bianca sotto --><\/p>\n<div style=\"height: 6px; background-color: #ffffff; max-width: 600px;\">\u00a0<\/div>","protected":false},"featured_media":12112,"template":"","meta":{"_acf_changed":false},"home-category":[263],"product_brand":[],"product_cat":[81],"product_tag":[237,238,236,235,212,213],"woo-feed-brand":[],"class_list":{"0":"post-11090","1":"product","2":"type-product","3":"status-publish","4":"has-post-thumbnail","6":"home-category-ausili","7":"product_cat-noleggio-sollevatori","8":"product_tag-affitto-sollevatore-elettrico","9":"product_tag-imbragatura","10":"product_tag-noleggio-sollevatore-elettrico","11":"product_tag-sollevatore-elettrico-tipo-sollievo","12":"product_tag-sollevatore-sollievo-affitto-noleggio","13":"product_tag-sollievo-plus","14":"wcpa_has_options","16":"first","17":"instock","18":"shipping-taxable","19":"purchasable","20":"product-type-variable"},"acf":[],"yoast_head":"<!-- This site is optimized with the Yoast SEO Premium plugin v27.5 (Yoast SEO v27.5) - https:\/\/yoast.com\/product\/yoast-seo-premium-wordpress\/ -->\n<title>Noleggio sollevatore elettrico con seduta per il bagno<\/title>\n<meta name=\"description\" content=\"Noleggio, affitto del sollevatore elettrico per anziani con seduta MUEVO home per interni ed esterni. Prezzi speciali. Chiama subito il 3926509237 !\" \/>\n<meta name=\"robots\" content=\"index, follow, max-snippet:-1, max-image-preview:large, max-video-preview:-1\" \/>\n<link rel=\"canonical\" href=\"https:\/\/www.miamedicalitalia.it\/es\/producto\/noleggio-sollevatore-elettrico-con-seduta-per-il-bagno\/\" \/>\n<meta property=\"og:locale\" content=\"es_ES\" \/>\n<meta property=\"og:type\" content=\"article\" \/>\n<meta property=\"og:title\" content=\"Noleggio sollevatore elettrico con seduta per il bagno\" \/>\n<meta property=\"og:description\" content=\"Noleggio, affitto del sollevatore elettrico per anziani con seduta MUEVO home per interni ed esterni. Prezzi speciali. Chiama subito il 3926509237 !\" \/>\n<meta property=\"og:url\" content=\"https:\/\/www.miamedicalitalia.it\/es\/producto\/noleggio-sollevatore-elettrico-con-seduta-per-il-bagno\/\" \/>\n<meta property=\"og:site_name\" content=\"Mia Medical\" \/>\n<meta property=\"article:publisher\" content=\"https:\/\/www.facebook.com\/miamedicalitalia\" \/>\n<meta property=\"article:modified_time\" content=\"2026-01-07T09:58:11+00:00\" \/>\n<meta property=\"og:image\" content=\"https:\/\/www.miamedicalitalia.it\/wp-content\/uploads\/2023\/04\/sollevatore-con-seduta-elettrico.jpg\" \/>\n\t<meta property=\"og:image:width\" content=\"1200\" \/>\n\t<meta property=\"og:image:height\" content=\"1200\" \/>\n\t<meta property=\"og:image:type\" content=\"image\/jpeg\" \/>\n<meta name=\"twitter:card\" content=\"summary_large_image\" \/>\n<meta name=\"twitter:label1\" content=\"Tiempo de lectura\" \/>\n\t<meta name=\"twitter:data1\" content=\"3 minutos\" \/>\n<script type=\"application\/ld+json\" class=\"yoast-schema-graph\">{\"@context\":\"https:\\\/\\\/schema.org\",\"@graph\":[{\"@type\":\"WebPage\",\"@id\":\"https:\\\/\\\/www.miamedicalitalia.it\\\/prodotto\\\/noleggio-sollevatore-elettrico-con-seduta-per-il-bagno\\\/\",\"url\":\"https:\\\/\\\/www.miamedicalitalia.it\\\/prodotto\\\/noleggio-sollevatore-elettrico-con-seduta-per-il-bagno\\\/\",\"name\":\"Noleggio sollevatore elettrico con seduta per il bagno\",\"isPartOf\":{\"@id\":\"https:\\\/\\\/www.miamedicalitalia.it\\\/#website\"},\"primaryImageOfPage\":{\"@id\":\"https:\\\/\\\/www.miamedicalitalia.it\\\/prodotto\\\/noleggio-sollevatore-elettrico-con-seduta-per-il-bagno\\\/#primaryimage\"},\"image\":{\"@id\":\"https:\\\/\\\/www.miamedicalitalia.it\\\/prodotto\\\/noleggio-sollevatore-elettrico-con-seduta-per-il-bagno\\\/#primaryimage\"},\"thumbnailUrl\":\"https:\\\/\\\/www.miamedicalitalia.it\\\/wp-content\\\/uploads\\\/2023\\\/04\\\/sollevatore-con-seduta-elettrico.jpg\",\"datePublished\":\"2023-04-11T11:47:50+00:00\",\"dateModified\":\"2026-01-07T09:58:11+00:00\",\"description\":\"Noleggio, affitto del sollevatore elettrico per anziani con seduta MUEVO home per interni ed esterni. Prezzi speciali. Chiama subito il 3926509237 !\",\"breadcrumb\":{\"@id\":\"https:\\\/\\\/www.miamedicalitalia.it\\\/prodotto\\\/noleggio-sollevatore-elettrico-con-seduta-per-il-bagno\\\/#breadcrumb\"},\"inLanguage\":\"es\",\"potentialAction\":[{\"@type\":\"ReadAction\",\"target\":[\"https:\\\/\\\/www.miamedicalitalia.it\\\/prodotto\\\/noleggio-sollevatore-elettrico-con-seduta-per-il-bagno\\\/\"]}]},{\"@type\":\"ImageObject\",\"inLanguage\":\"es\",\"@id\":\"https:\\\/\\\/www.miamedicalitalia.it\\\/prodotto\\\/noleggio-sollevatore-elettrico-con-seduta-per-il-bagno\\\/#primaryimage\",\"url\":\"https:\\\/\\\/www.miamedicalitalia.it\\\/wp-content\\\/uploads\\\/2023\\\/04\\\/sollevatore-con-seduta-elettrico.jpg\",\"contentUrl\":\"https:\\\/\\\/www.miamedicalitalia.it\\\/wp-content\\\/uploads\\\/2023\\\/04\\\/sollevatore-con-seduta-elettrico.jpg\",\"width\":1200,\"height\":1200},{\"@type\":\"BreadcrumbList\",\"@id\":\"https:\\\/\\\/www.miamedicalitalia.it\\\/prodotto\\\/noleggio-sollevatore-elettrico-con-seduta-per-il-bagno\\\/#breadcrumb\",\"itemListElement\":[{\"@type\":\"ListItem\",\"position\":1,\"name\":\"Home\",\"item\":\"https:\\\/\\\/www.miamedicalitalia.it\\\/\"},{\"@type\":\"ListItem\",\"position\":2,\"name\":\"Shop\",\"item\":\"https:\\\/\\\/www.miamedicalitalia.it\\\/negozio\\\/\"},{\"@type\":\"ListItem\",\"position\":3,\"name\":\"Affitto e noleggio\",\"item\":\"https:\\\/\\\/www.miamedicalitalia.it\\\/categoria\\\/affitto-e-noleggio-ausili\\\/\"},{\"@type\":\"ListItem\",\"position\":4,\"name\":\"Sollevatori\",\"item\":\"https:\\\/\\\/www.miamedicalitalia.it\\\/categoria\\\/affitto-e-noleggio-ausili\\\/noleggio-sollevatori\\\/\"},{\"@type\":\"ListItem\",\"position\":5,\"name\":\"Noleggio sollevatore elettrico con seduta\"}]},{\"@type\":\"WebSite\",\"@id\":\"https:\\\/\\\/www.miamedicalitalia.it\\\/#website\",\"url\":\"https:\\\/\\\/www.miamedicalitalia.it\\\/\",\"name\":\"www.miamedicalitalia.it\",\"description\":\"Noleggio e Vendita Attrezzatura Sanitarie\",\"publisher\":{\"@id\":\"https:\\\/\\\/www.miamedicalitalia.it\\\/#organization\"},\"potentialAction\":[{\"@type\":\"SearchAction\",\"target\":{\"@type\":\"EntryPoint\",\"urlTemplate\":\"https:\\\/\\\/www.miamedicalitalia.it\\\/?s={search_term_string}\"},\"query-input\":{\"@type\":\"PropertyValueSpecification\",\"valueRequired\":true,\"valueName\":\"search_term_string\"}}],\"inLanguage\":\"es\"},{\"@type\":\"Organization\",\"@id\":\"https:\\\/\\\/www.miamedicalitalia.it\\\/#organization\",\"name\":\"OLG\",\"url\":\"https:\\\/\\\/www.miamedicalitalia.it\\\/\",\"logo\":{\"@type\":\"ImageObject\",\"inLanguage\":\"es\",\"@id\":\"https:\\\/\\\/www.miamedicalitalia.it\\\/#\\\/schema\\\/logo\\\/image\\\/\",\"url\":\"https:\\\/\\\/www.miamedicalitalia.it\\\/wp-content\\\/uploads\\\/2023\\\/04\\\/mia-medical-logo-free.png\",\"contentUrl\":\"https:\\\/\\\/www.miamedicalitalia.it\\\/wp-content\\\/uploads\\\/2023\\\/04\\\/mia-medical-logo-free.png\",\"width\":700,\"height\":700,\"caption\":\"OLG\"},\"image\":{\"@id\":\"https:\\\/\\\/www.miamedicalitalia.it\\\/#\\\/schema\\\/logo\\\/image\\\/\"},\"sameAs\":[\"https:\\\/\\\/www.facebook.com\\\/miamedicalitalia\"]}]}<\/script>\n<!-- \/ Yoast SEO Premium plugin. -->","yoast_head_json":{"title":"Alquiler de elevador el\u00e9ctrico con asiento de inodoro","description":"Noleggio, affitto del sollevatore elettrico per anziani con seduta MUEVO home per interni ed esterni. Prezzi speciali. Chiama subito il 3926509237 !","robots":{"index":"index","follow":"follow","max-snippet":"max-snippet:-1","max-image-preview":"max-image-preview:large","max-video-preview":"max-video-preview:-1"},"canonical":"https:\/\/www.miamedicalitalia.it\/es\/producto\/noleggio-sollevatore-elettrico-con-seduta-per-il-bagno\/","og_locale":"es_ES","og_type":"article","og_title":"Noleggio sollevatore elettrico con seduta per il bagno","og_description":"Noleggio, affitto del sollevatore elettrico per anziani con seduta MUEVO home per interni ed esterni. Prezzi speciali. Chiama subito il 3926509237 !","og_url":"https:\/\/www.miamedicalitalia.it\/es\/producto\/noleggio-sollevatore-elettrico-con-seduta-per-il-bagno\/","og_site_name":"Mia Medical","article_publisher":"https:\/\/www.facebook.com\/miamedicalitalia","article_modified_time":"2026-01-07T09:58:11+00:00","og_image":[{"width":1200,"height":1200,"url":"https:\/\/www.miamedicalitalia.it\/wp-content\/uploads\/2023\/04\/sollevatore-con-seduta-elettrico.jpg","type":"image\/jpeg"}],"twitter_card":"summary_large_image","twitter_misc":{"Tiempo de lectura":"3 minutos"},"schema":{"@context":"https:\/\/schema.org","@graph":[{"@type":"WebPage","@id":"https:\/\/www.miamedicalitalia.it\/prodotto\/noleggio-sollevatore-elettrico-con-seduta-per-il-bagno\/","url":"https:\/\/www.miamedicalitalia.it\/prodotto\/noleggio-sollevatore-elettrico-con-seduta-per-il-bagno\/","name":"Alquiler de elevador el\u00e9ctrico con asiento de inodoro","isPartOf":{"@id":"https:\/\/www.miamedicalitalia.it\/#website"},"primaryImageOfPage":{"@id":"https:\/\/www.miamedicalitalia.it\/prodotto\/noleggio-sollevatore-elettrico-con-seduta-per-il-bagno\/#primaryimage"},"image":{"@id":"https:\/\/www.miamedicalitalia.it\/prodotto\/noleggio-sollevatore-elettrico-con-seduta-per-il-bagno\/#primaryimage"},"thumbnailUrl":"https:\/\/www.miamedicalitalia.it\/wp-content\/uploads\/2023\/04\/sollevatore-con-seduta-elettrico.jpg","datePublished":"2023-04-11T11:47:50+00:00","dateModified":"2026-01-07T09:58:11+00:00","description":"Noleggio, affitto del sollevatore elettrico per anziani con seduta MUEVO home per interni ed esterni. Prezzi speciali. Chiama subito il 3926509237 !","breadcrumb":{"@id":"https:\/\/www.miamedicalitalia.it\/prodotto\/noleggio-sollevatore-elettrico-con-seduta-per-il-bagno\/#breadcrumb"},"inLanguage":"es","potentialAction":[{"@type":"ReadAction","target":["https:\/\/www.miamedicalitalia.it\/prodotto\/noleggio-sollevatore-elettrico-con-seduta-per-il-bagno\/"]}]},{"@type":"ImageObject","inLanguage":"es","@id":"https:\/\/www.miamedicalitalia.it\/prodotto\/noleggio-sollevatore-elettrico-con-seduta-per-il-bagno\/#primaryimage","url":"https:\/\/www.miamedicalitalia.it\/wp-content\/uploads\/2023\/04\/sollevatore-con-seduta-elettrico.jpg","contentUrl":"https:\/\/www.miamedicalitalia.it\/wp-content\/uploads\/2023\/04\/sollevatore-con-seduta-elettrico.jpg","width":1200,"height":1200},{"@type":"BreadcrumbList","@id":"https:\/\/www.miamedicalitalia.it\/prodotto\/noleggio-sollevatore-elettrico-con-seduta-per-il-bagno\/#breadcrumb","itemListElement":[{"@type":"ListItem","position":1,"name":"Home","item":"https:\/\/www.miamedicalitalia.it\/"},{"@type":"ListItem","position":2,"name":"Shop","item":"https:\/\/www.miamedicalitalia.it\/negozio\/"},{"@type":"ListItem","position":3,"name":"Affitto e noleggio","item":"https:\/\/www.miamedicalitalia.it\/categoria\/affitto-e-noleggio-ausili\/"},{"@type":"ListItem","position":4,"name":"Sollevatori","item":"https:\/\/www.miamedicalitalia.it\/categoria\/affitto-e-noleggio-ausili\/noleggio-sollevatori\/"},{"@type":"ListItem","position":5,"name":"Noleggio sollevatore elettrico con seduta"}]},{"@type":"WebSite","@id":"https:\/\/www.miamedicalitalia.it\/#website","url":"https:\/\/www.miamedicalitalia.it\/","name":"www.miamedicalitalia.it","description":"Alquiler y venta de material sanitario","publisher":{"@id":"https:\/\/www.miamedicalitalia.it\/#organization"},"potentialAction":[{"@type":"SearchAction","target":{"@type":"EntryPoint","urlTemplate":"https:\/\/www.miamedicalitalia.it\/?s={search_term_string}"},"query-input":{"@type":"PropertyValueSpecification","valueRequired":true,"valueName":"search_term_string"}}],"inLanguage":"es"},{"@type":"Organization","@id":"https:\/\/www.miamedicalitalia.it\/#organization","name":"OLG","url":"https:\/\/www.miamedicalitalia.it\/","logo":{"@type":"ImageObject","inLanguage":"es","@id":"https:\/\/www.miamedicalitalia.it\/#\/schema\/logo\/image\/","url":"https:\/\/www.miamedicalitalia.it\/wp-content\/uploads\/2023\/04\/mia-medical-logo-free.png","contentUrl":"https:\/\/www.miamedicalitalia.it\/wp-content\/uploads\/2023\/04\/mia-medical-logo-free.png","width":700,"height":700,"caption":"OLG"},"image":{"@id":"https:\/\/www.miamedicalitalia.it\/#\/schema\/logo\/image\/"},"sameAs":["https:\/\/www.facebook.com\/miamedicalitalia"]}]}},"wcpa_form_fields":{"wcpaData":{"product":{"product_price":150,"price_html":"<span class=\"woocommerce-Price-amount amount\" aria-hidden=\"true\"><bdi><span class=\"woocommerce-Price-currencySymbol\">&euro;<\/span>150.00<\/bdi><\/span> <span aria-hidden=\"true\">-<\/span> <span class=\"woocommerce-Price-amount amount\" aria-hidden=\"true\"><bdi><span class=\"woocommerce-Price-currencySymbol\">&euro;<\/span>360.00<\/bdi><\/span><span class=\"screen-reader-text\">Rango de precios: desde &euro;150.00 hasta &euro;360.00<\/span>","original_product_price":150,"price_including_tax":150,"price_excluding_tax":150,"product_id":{"parent":11090,"variation":false},"is_variable":true,"stock_status":"instock","stock_quantity":null,"parent_sku":"","product_attributes":{"quanto-costa":{"is_variation":true,"values":[]}},"custom_fields":[],"is_taxable":false,"product_name":"Noleggio sollevatore elettrico con seduta","hasImage":false},"fields":{"sec_565f165582eb8c":{"extra":{"key":"sec_565f165582eb8c","section_id":"sec_565f165582eb8c","name":"Predefinito","status":1,"toggle":true,"form_id":12050,"form_rules":{"exclude_from_discount":false,"fee_label":"Tasa","disp_hide_options_price":false,"disp_show_section_price":false,"disp_show_field_price":true,"layout_option":"standard","pric_use_as_fee":false,"process_fee_as":"woo_fee"},"layout_option":"standard"},"fields":[[{"active":true,"col":6,"relations":false,"cl_rule":"show","enableCl":false,"price":"","enablePrice":false,"className":"input-text","type":"date","required":true,"elementId":"date_3189538061","name":"date_3189538061","label":"A partire dal giorno:","picker_type":"custom","picker_mode":"single","error":false,"description":"Inserisci la data di inizio del noleggio","gt_translate_keys":["label","description"],"price_dependency":false,"cl_dependency":false,"value":""}]]}},"config":{"price_override":"","enable_recaptcha":false,"bind_quantity":false,"quantity_bind_formula":false,"disp_summ_show_option_price":true,"disp_summ_show_product_price":true,"disp_summ_show_total_price":true,"disp_summ_show_fee":false,"disp_summ_show_discount":false,"summary_title":"","options_total_label":"Opciones Precio","total_label":"Total","options_product_label":"Precio del producto","fee_label":"Tasa","discount_label":"Descuento","has_price":true,"has_quantity_formula":false},"mc_unit":1,"tax_rate":1,"tax_rate_real":1,"discount":{"percentage":0,"fixed":0},"design":{"conf":{"LabelPosition":"above","DescPosition":"below","UploadField":"custom_1","QuantityFieldStyle":"default"},"css":{"LeftLabelWidth":"50px"}},"formulas":[],"lookuptables":[],"clones":false,"cartKey":false}},"_links":{"self":[{"href":"https:\/\/www.miamedicalitalia.it\/es\/wp-json\/wp\/v2\/product\/11090","targetHints":{"allow":["GET"]}}],"collection":[{"href":"https:\/\/www.miamedicalitalia.it\/es\/wp-json\/wp\/v2\/product"}],"about":[{"href":"https:\/\/www.miamedicalitalia.it\/es\/wp-json\/wp\/v2\/types\/product"}],"wp:featuredmedia":[{"embeddable":true,"href":"https:\/\/www.miamedicalitalia.it\/es\/wp-json\/wp\/v2\/media\/12112"}],"wp:attachment":[{"href":"https:\/\/www.miamedicalitalia.it\/es\/wp-json\/wp\/v2\/media?parent=11090"}],"wp:term":[{"taxonomy":"home-category","embeddable":true,"href":"https:\/\/www.miamedicalitalia.it\/es\/wp-json\/wp\/v2\/home-category?post=11090"},{"taxonomy":"product_brand","embeddable":true,"href":"https:\/\/www.miamedicalitalia.it\/es\/wp-json\/wp\/v2\/product_brand?post=11090"},{"taxonomy":"product_cat","embeddable":true,"href":"https:\/\/www.miamedicalitalia.it\/es\/wp-json\/wp\/v2\/product_cat?post=11090"},{"taxonomy":"product_tag","embeddable":true,"href":"https:\/\/www.miamedicalitalia.it\/es\/wp-json\/wp\/v2\/product_tag?post=11090"},{"taxonomy":"woo-feed-brand","embeddable":true,"href":"https:\/\/www.miamedicalitalia.it\/es\/wp-json\/wp\/v2\/woo-feed-brand?post=11090"}],"curies":[{"name":"wp","href":"https:\/\/api.w.org\/{rel}","templated":true}]}}