{"id":18,"date":"2022-12-20T17:22:42","date_gmt":"2022-12-20T16:22:42","guid":{"rendered":"https:\/\/www.miamedicalitalia.it\/?page_id=18"},"modified":"2026-03-27T17:41:15","modified_gmt":"2026-03-27T15:41:15","slug":"home","status":"publish","type":"page","link":"https:\/\/www.miamedicalitalia.it\/es\/","title":{"rendered":"Inicio"},"content":{"rendered":"<h3 class=\"wp-block-heading\" id=\"h-mia-medical-noleggio-e-vendita-di-ausili-sanitari\">Mia Medical: noleggio e vendita di ausili sanitari<\/h3>\n\n\n\n<p><strong>Mia Medical<\/strong> \u00e8 specializzata nel noleggio e nella vendita di ausili sanitari, offrendo soluzioni affidabili per migliorare la qualit\u00e0 della vita di anziani, disabili e persone con difficolt\u00e0 motorie temporanee o permanenti.<\/p>\n\n\n\n<p>L\u2019obiettivo \u00e8 garantire supporto concreto attraverso dispositivi sicuri e certificati, ideali sia per l\u2019utilizzo domestico che professionale. Grazie a un servizio attento e personalizzato, ogni cliente pu\u00f2 trovare la soluzione pi\u00f9 adatta alle proprie esigenze.<\/p>\n\n\n\n<h3 class=\"wp-block-heading\">Soluzioni per ogni esigenza sanitaria<\/h3>\n\n\n\n<p>L\u2019azienda propone un\u2019ampia gamma di ausili sanitari, tra cui letti ortopedici, carrozzine, deambulatori e sollevatori. Ogni prodotto \u00e8 selezionato per offrire comfort, sicurezza e facilit\u00e0 d\u2019uso.<\/p>\n\n\n\n<p>Il servizio di noleggio rappresenta una scelta conveniente per esigenze temporanee, mentre la vendita consente di avere a disposizione soluzioni definitive e personalizzate. Tutti i dispositivi sono conformi agli standard di qualit\u00e0 e sicurezza.<br><br>Scopri tutti i servizi nella pagina <strong><a href=\"https:\/\/www.miamedicalitalia.it\/es\/categoria\/affitto-e-noleggio-ausili\/\">Noleggio ausili sanitari<\/a><\/strong><br>Scopri tutti i servizi nella pagina <strong><a href=\"https:\/\/www.miamedicalitalia.it\/es\/categoria\/vendita\/vendita-ausili\/\">Vendita ausili sanitari<\/a><\/strong><\/p>\n\n\n\n<h3 class=\"wp-block-heading\">Assistenza e supporto continuo<\/h3>\n\n\n\n<p>Uno dei punti di forza \u00e8 l\u2019assistenza completa: dalla consulenza iniziale fino alla consegna e installazione a domicilio. Il supporto continuo garantisce tranquillit\u00e0 sia ai pazienti che ai familiari.<\/p>\n\n\n\n<p id=\"h-\">Per maggiori informazioni sui servizi disponibili, \u00e8 possibile consultare anche le sezioni dedicate del sito.<\/p>","protected":false},"excerpt":{"rendered":"<p>Mia Medical: noleggio e vendita di ausili sanitari Mia Medical \u00e8 specializzata [&hellip;]<\/p>\n","protected":false},"author":3,"featured_media":0,"parent":0,"menu_order":1,"comment_status":"closed","ping_status":"closed","template":"","meta":{"_acf_changed":false,"footnotes":""},"class_list":["post-18","page","type-page","status-publish","hentry"],"acf":[],"yoast_head":"<!-- This site is optimized with the Yoast SEO Premium plugin v27.3 (Yoast SEO v27.4) - https:\/\/yoast.com\/product\/yoast-seo-premium-wordpress\/ -->\n<title>Noleggio e vendita di ausili sanitari | Mia Medical<\/title>\n<meta name=\"description\" content=\"Mia Medical offre assistenza completa nel noleggio e nella vendita di ausili sanitari per supportare anziani e disabili\" \/>\n<meta name=\"robots\" content=\"index, follow, max-snippet:-1, max-image-preview:large, max-video-preview:-1\" \/>\n<link rel=\"canonical\" href=\"https:\/\/www.miamedicalitalia.it\/es\/\" \/>\n<meta property=\"og:locale\" content=\"es_ES\" \/>\n<meta property=\"og:type\" content=\"article\" \/>\n<meta property=\"og:title\" content=\"Noleggio e vendita di ausili sanitari | Mia Medical\" \/>\n<meta property=\"og:description\" content=\"Mia Medical offre assistenza completa nel noleggio e nella vendita di ausili sanitari per supportare anziani e disabili\" \/>\n<meta property=\"og:url\" content=\"https:\/\/www.miamedicalitalia.it\/es\/\" \/>\n<meta property=\"og:site_name\" content=\"Mia Medical\" \/>\n<meta property=\"article:publisher\" content=\"https:\/\/www.facebook.com\/miamedicalitalia\" \/>\n<meta property=\"article:modified_time\" content=\"2026-03-27T15:41:15+00:00\" \/>\n<meta name=\"twitter:card\" content=\"summary_large_image\" \/>\n<meta name=\"twitter:label1\" content=\"Tiempo de lectura\" \/>\n\t<meta name=\"twitter:data1\" content=\"2 minutos\" \/>\n<script type=\"application\/ld+json\" class=\"yoast-schema-graph\">{\"@context\":\"https:\\\/\\\/schema.org\",\"@graph\":[{\"@type\":\"WebPage\",\"@id\":\"https:\\\/\\\/www.miamedicalitalia.it\\\/\",\"url\":\"https:\\\/\\\/www.miamedicalitalia.it\\\/\",\"name\":\"Noleggio e vendita di ausili sanitari | Mia Medical\",\"isPartOf\":{\"@id\":\"https:\\\/\\\/www.miamedicalitalia.it\\\/#website\"},\"datePublished\":\"2022-12-20T16:22:42+00:00\",\"dateModified\":\"2026-03-27T15:41:15+00:00\",\"description\":\"Mia Medical offre assistenza completa nel noleggio e nella vendita di ausili sanitari per supportare anziani e disabili\",\"breadcrumb\":{\"@id\":\"https:\\\/\\\/www.miamedicalitalia.it\\\/#breadcrumb\"},\"inLanguage\":\"es\",\"potentialAction\":[{\"@type\":\"ReadAction\",\"target\":[\"https:\\\/\\\/www.miamedicalitalia.it\\\/\"]}]},{\"@type\":\"BreadcrumbList\",\"@id\":\"https:\\\/\\\/www.miamedicalitalia.it\\\/#breadcrumb\",\"itemListElement\":[{\"@type\":\"ListItem\",\"position\":1,\"name\":\"Home\",\"item\":\"https:\\\/\\\/www.miamedicalitalia.it\\\/\"},{\"@type\":\"ListItem\",\"position\":2,\"name\":\"Home\"}]},{\"@type\":\"WebSite\",\"@id\":\"https:\\\/\\\/www.miamedicalitalia.it\\\/#website\",\"url\":\"https:\\\/\\\/www.miamedicalitalia.it\\\/\",\"name\":\"www.miamedicalitalia.it\",\"description\":\"Noleggio e Vendita Attrezzatura Sanitarie\",\"publisher\":{\"@id\":\"https:\\\/\\\/www.miamedicalitalia.it\\\/#organization\"},\"potentialAction\":[{\"@type\":\"SearchAction\",\"target\":{\"@type\":\"EntryPoint\",\"urlTemplate\":\"https:\\\/\\\/www.miamedicalitalia.it\\\/?s={search_term_string}\"},\"query-input\":{\"@type\":\"PropertyValueSpecification\",\"valueRequired\":true,\"valueName\":\"search_term_string\"}}],\"inLanguage\":\"es\"},{\"@type\":\"Organization\",\"@id\":\"https:\\\/\\\/www.miamedicalitalia.it\\\/#organization\",\"name\":\"OLG\",\"url\":\"https:\\\/\\\/www.miamedicalitalia.it\\\/\",\"logo\":{\"@type\":\"ImageObject\",\"inLanguage\":\"es\",\"@id\":\"https:\\\/\\\/www.miamedicalitalia.it\\\/#\\\/schema\\\/logo\\\/image\\\/\",\"url\":\"https:\\\/\\\/www.miamedicalitalia.it\\\/wp-content\\\/uploads\\\/2023\\\/04\\\/mia-medical-logo-free.png\",\"contentUrl\":\"https:\\\/\\\/www.miamedicalitalia.it\\\/wp-content\\\/uploads\\\/2023\\\/04\\\/mia-medical-logo-free.png\",\"width\":700,\"height\":700,\"caption\":\"OLG\"},\"image\":{\"@id\":\"https:\\\/\\\/www.miamedicalitalia.it\\\/#\\\/schema\\\/logo\\\/image\\\/\"},\"sameAs\":[\"https:\\\/\\\/www.facebook.com\\\/miamedicalitalia\"]}]}<\/script>\n<!-- \/ Yoast SEO Premium plugin. -->","yoast_head_json":{"title":"Alquiler y venta de ayudas m\u00e9dicas | Mia Medical","description":"Mia Medical ofrece asistencia integral en el alquiler y venta de ayudas sanitarias de apoyo a personas mayores y discapacitadas","robots":{"index":"index","follow":"follow","max-snippet":"max-snippet:-1","max-image-preview":"max-image-preview:large","max-video-preview":"max-video-preview:-1"},"canonical":"https:\/\/www.miamedicalitalia.it\/es\/","og_locale":"es_ES","og_type":"article","og_title":"Noleggio e vendita di ausili sanitari | Mia Medical","og_description":"Mia Medical offre assistenza completa nel noleggio e nella vendita di ausili sanitari per supportare anziani e disabili","og_url":"https:\/\/www.miamedicalitalia.it\/es\/","og_site_name":"Mia Medical","article_publisher":"https:\/\/www.facebook.com\/miamedicalitalia","article_modified_time":"2026-03-27T15:41:15+00:00","twitter_card":"summary_large_image","twitter_misc":{"Tiempo de lectura":"2 minutos"},"schema":{"@context":"https:\/\/schema.org","@graph":[{"@type":"WebPage","@id":"https:\/\/www.miamedicalitalia.it\/","url":"https:\/\/www.miamedicalitalia.it\/","name":"Alquiler y venta de ayudas m\u00e9dicas | Mia Medical","isPartOf":{"@id":"https:\/\/www.miamedicalitalia.it\/#website"},"datePublished":"2022-12-20T16:22:42+00:00","dateModified":"2026-03-27T15:41:15+00:00","description":"Mia Medical ofrece asistencia integral en el alquiler y venta de ayudas sanitarias de apoyo a personas mayores y discapacitadas","breadcrumb":{"@id":"https:\/\/www.miamedicalitalia.it\/#breadcrumb"},"inLanguage":"es","potentialAction":[{"@type":"ReadAction","target":["https:\/\/www.miamedicalitalia.it\/"]}]},{"@type":"BreadcrumbList","@id":"https:\/\/www.miamedicalitalia.it\/#breadcrumb","itemListElement":[{"@type":"ListItem","position":1,"name":"Home","item":"https:\/\/www.miamedicalitalia.it\/"},{"@type":"ListItem","position":2,"name":"Home"}]},{"@type":"WebSite","@id":"https:\/\/www.miamedicalitalia.it\/#website","url":"https:\/\/www.miamedicalitalia.it\/","name":"www.miamedicalitalia.it","description":"Alquiler y venta de material sanitario","publisher":{"@id":"https:\/\/www.miamedicalitalia.it\/#organization"},"potentialAction":[{"@type":"SearchAction","target":{"@type":"EntryPoint","urlTemplate":"https:\/\/www.miamedicalitalia.it\/?s={search_term_string}"},"query-input":{"@type":"PropertyValueSpecification","valueRequired":true,"valueName":"search_term_string"}}],"inLanguage":"es"},{"@type":"Organization","@id":"https:\/\/www.miamedicalitalia.it\/#organization","name":"OLG","url":"https:\/\/www.miamedicalitalia.it\/","logo":{"@type":"ImageObject","inLanguage":"es","@id":"https:\/\/www.miamedicalitalia.it\/#\/schema\/logo\/image\/","url":"https:\/\/www.miamedicalitalia.it\/wp-content\/uploads\/2023\/04\/mia-medical-logo-free.png","contentUrl":"https:\/\/www.miamedicalitalia.it\/wp-content\/uploads\/2023\/04\/mia-medical-logo-free.png","width":700,"height":700,"caption":"OLG"},"image":{"@id":"https:\/\/www.miamedicalitalia.it\/#\/schema\/logo\/image\/"},"sameAs":["https:\/\/www.facebook.com\/miamedicalitalia"]}]}},"_links":{"self":[{"href":"https:\/\/www.miamedicalitalia.it\/es\/wp-json\/wp\/v2\/pages\/18","targetHints":{"allow":["GET"]}}],"collection":[{"href":"https:\/\/www.miamedicalitalia.it\/es\/wp-json\/wp\/v2\/pages"}],"about":[{"href":"https:\/\/www.miamedicalitalia.it\/es\/wp-json\/wp\/v2\/types\/page"}],"author":[{"embeddable":true,"href":"https:\/\/www.miamedicalitalia.it\/es\/wp-json\/wp\/v2\/users\/3"}],"replies":[{"embeddable":true,"href":"https:\/\/www.miamedicalitalia.it\/es\/wp-json\/wp\/v2\/comments?post=18"}],"version-history":[{"count":2,"href":"https:\/\/www.miamedicalitalia.it\/es\/wp-json\/wp\/v2\/pages\/18\/revisions"}],"predecessor-version":[{"id":15603,"href":"https:\/\/www.miamedicalitalia.it\/es\/wp-json\/wp\/v2\/pages\/18\/revisions\/15603"}],"wp:attachment":[{"href":"https:\/\/www.miamedicalitalia.it\/es\/wp-json\/wp\/v2\/media?parent=18"}],"curies":[{"name":"wp","href":"https:\/\/api.w.org\/{rel}","templated":true}]}}