{"id":9461,"date":"2023-02-07T14:41:16","date_gmt":"2023-02-07T13:41:16","guid":{"rendered":"https:\/\/www.miamedicalitalia.it\/?post_type=product&#038;p=9461"},"modified":"2026-02-12T12:36:24","modified_gmt":"2026-02-12T10:36:24","slug":"noleggio-e-affitto-della-magnetoterapia-e-della-carrozzina","status":"publish","type":"product","link":"https:\/\/www.miamedicalitalia.it\/en\/product\/noleggio-e-affitto-della-magnetoterapia-e-della-carrozzina\/","title":{"rendered":"Magnetotherapy + Wheelchair Hire"},"content":{"rendered":"<p><strong>Supporto alla mobilit\u00e0 e terapia rigenerativa direttamente a domicilio<\/strong><\/p>\n\n\n\n<p>The&nbsp;<strong>combined wheelchair + PEMF biocompatible magnetotherapy rental<\/strong>&nbsp;is a complete solution for patients requiring&nbsp;<strong>supporto alla mobilit\u00e0 temporaneo o prolungato<\/strong>, associated with a&nbsp;<strong>therapeutic treatment aimed at pain reduction and tissue regeneration<\/strong>.<\/p>\n\n\n\n<p>Questa combinazione \u00e8 particolarmente indicata durante percorsi di&nbsp;<strong>post-traumatic, post-operative rehabilitation or in the presence of osteo-articular pathologies<\/strong>, consentendo al paziente di mantenere autonomia, sicurezza e continuit\u00e0 terapeutica.<\/p>\n\n\n\n<h3 class=\"wp-block-heading\" id=\"h-a-chi-e-indicato-il-noleggio-combinato-di-carrozzina-magnetoterapia-cemp-biocompatibile\"><strong>A chi \u00e8 indicato il noleggio combinato di Carrozzina + Magnetoterapia CEMP Biocompatibile<\/strong><\/h3>\n\n\n\n<p>Il pacchetto \u00e8 indicato per:<\/p>\n\n\n\n<ul class=\"wp-block-list\">\n<li>pazienti con difficolt\u00e0 temporanee o permanenti nella deambulazione<\/li>\n\n\n\n<li>people in post-operative recovery<\/li>\n\n\n\n<li>individuals recovering from trauma or fractures<\/li>\n\n\n\n<li>pazienti anziani con ridotta mobilit\u00e0<\/li>\n\n\n\n<li>home rehabilitation situations<\/li>\n\n\n\n<li>necessit\u00e0 di prevenzione dell\u2019affaticamento articolare<\/li>\n<\/ul>\n\n\n\n<p>L\u2019obiettivo \u00e8&nbsp;<strong>facilitating daily movements<\/strong>&nbsp;and at the same time,&nbsp;<strong>promote clinical recovery<\/strong>&nbsp;through targeted physical therapy.<\/p>\n\n\n\n<h3 class=\"wp-block-heading\" id=\"h-in-cosa-consiste-il-noleggio-combinato-di-magnetoterapia-e-carrozzina\"><strong>What combined hire consists of<\/strong> of MAGNETOTHERAPY and Wheelchair <\/h3>\n\n\n\n<p>The package includes:<\/p>\n\n\n\n<ul class=\"wp-block-list\">\n<li>wheelchair selected according to patient needs<\/li>\n\n\n\n<li>professional PEMF biocompatible magnetotherapy device<\/li>\n\n\n\n<li>technical assistance<\/li>\n\n\n\n<li>consulenza per la scelta del modello pi\u00f9 idoneo<\/li>\n<\/ul>\n\n\n\n<h4 class=\"wp-block-heading\" id=\"h-carrozzina-per-mobilita-assistita\"><strong><a href=\"https:\/\/www.miamedicalitalia.it\/en\/categoria\/affitto-e-noleggio-ausili\/affitto-e-noleggio-carrozzina\/\">Carrozzina per mobilit\u00e0 assistita<\/a><\/strong><\/h4>\n\n\n\n<p>The wheelchair allows the patient to&nbsp;<strong>short, daily journeys in total safety<\/strong>, avoiding joint overloads, falls and fatigue.<\/p>\n\n\n\n<p>\u00c8 uno strumento fondamentale per mantenere:<\/p>\n\n\n\n<ul class=\"wp-block-list\">\n<li>autonomy in internal travel<\/li>\n\n\n\n<li>possibilit\u00e0 di uscire in sicurezza<\/li>\n\n\n\n<li>continuit\u00e0 delle relazioni sociali<\/li>\n\n\n\n<li>qualit\u00e0 della vita durante la riabilitazione<\/li>\n<\/ul>\n\n\n\n<p>The model is selected taking into account<\/p>\n\n\n\n<ul class=\"wp-block-list\">\n<li>clinical picture<\/li>\n\n\n\n<li>patient's build<\/li>\n\n\n\n<li>level of autonomy<\/li>\n\n\n\n<li>domestic environment<\/li>\n\n\n\n<li>necessit\u00e0 di assistenza<\/li>\n<\/ul>\n\n\n\n<h4 class=\"wp-block-heading\" id=\"h-tipologie-di-carrozzine-disponibili-a-noleggio\"><strong>Types of wheelchairs available for hire<\/strong><\/h4>\n\n\n\n<p>Mia Medical Italia provides different types of wheelchairs to suit every clinical and living scenario.<\/p>\n\n\n\n<p>Available models:<\/p>\n\n\n\n<ul class=\"wp-block-list\">\n<li>self-propelled folding wheelchair<\/li>\n\n\n\n<li>folding transit wheelchair<\/li>\n\n\n\n<li>reclining wheelchair<\/li>\n\n\n\n<li>bariatric wheelchair<\/li>\n\n\n\n<li>folding paediatric wheelchair<\/li>\n<\/ul>\n\n\n\n<p>The choice is always made with the support of our team, to ensure&nbsp;<strong>maximum safety, comfort and ergonomics<\/strong>.<\/p>\n\n\n\n<h4 class=\"wp-block-heading\" id=\"h-magnetoterapia-cemp-biocompatibile\"><strong><a href=\"https:\/\/www.miamedicalitalia.it\/en\/categoria\/affitto-e-noleggio-ausili\/affitto-noleggio-magnetoterapia-cemp\/\">Biocompatible PEMF magnetotherapy<\/a><\/strong><\/h4>\n\n\n\n<p>La magnetoterapia CEMP (Campi ElettroMagnetici Pulsati) \u00e8 una terapia fisica non invasiva che utilizza campi magnetici a bassa frequenza per stimolare i naturali processi biologici di recupero dell\u2019organismo.<\/p>\n\n\n\n<p><strong>Meccanismo d\u2019azione<\/strong><\/p>\n\n\n\n<p>The pulsed magnetic field acts on biological tissues by promoting:<\/p>\n\n\n\n<ul class=\"wp-block-list\">\n<li>reactivation of cell metabolism<\/li>\n\n\n\n<li>improvement of ion exchange<\/li>\n\n\n\n<li>incremento dell\u2019ossigenazione tissutale<\/li>\n\n\n\n<li>stimulation of bone regeneration processes<\/li>\n<\/ul>\n\n\n\n<p>This allows a&nbsp;<strong>acceleration of recovery times<\/strong>&nbsp;in the presence of traumatic or degenerative pathologies.<\/p>\n\n\n\n<p><strong>Clinical benefits of magnetotherapy<\/strong><\/p>\n\n\n\n<ul class=\"wp-block-list\">\n<li>riduzione dell\u2019infiammazione<\/li>\n\n\n\n<li>stimulation of bone regeneration<\/li>\n\n\n\n<li>improvement of tissue trophism<\/li>\n\n\n\n<li>reduction of pain<\/li>\n\n\n\n<li>rehabilitation support<\/li>\n<\/ul>\n\n\n\n<p>\u00c8 particolarmente indicata in caso di:<\/p>\n\n\n\n<ul class=\"wp-block-list\">\n<li>fractures<\/li>\n\n\n\n<li>delays in bone consolidation<\/li>\n\n\n\n<li>arthrosis<\/li>\n\n\n\n<li>chronic inflammations<\/li>\n\n\n\n<li>oedemas<\/li>\n\n\n\n<li>musculoskeletal pathologies<\/li>\n<\/ul>\n\n\n\n<p><strong>Contraindications of magnetotherapy<\/strong><\/p>\n\n\n\n<p>La magnetoterapia \u00e8 generalmente ben tollerata, tuttavia \u00e8 controindicata in presenza di:<\/p>\n\n\n\n<ul class=\"wp-block-list\">\n<li>pacemakers or implanted electronic devices<\/li>\n\n\n\n<li>active tumour pathologies<\/li>\n\n\n\n<li>pregnancy (as a precaution)<\/li>\n<\/ul>\n\n\n\n<p>\u00c8 sempre necessario attenersi alle indicazioni del medico curante e alle istruzioni del dispositivo.<\/p>\n\n\n\n<h3 class=\"wp-block-heading\" id=\"h-perche-scegliere-il-noleggio-combinato-di-carrozzina-e-magnetoterapia-nbsp\"><strong>Perch\u00e9 scegliere il noleggio combinato di Carrozzina e Magnetoterapia&nbsp;<\/strong><\/h3>\n\n\n\n<p>The CEMP wheelchair + magnetotherapy rental enables:<\/p>\n\n\n\n<ul class=\"wp-block-list\">\n<li>supportare la mobilit\u00e0 in sicurezza<\/li>\n\n\n\n<li>reduce pain and inflammation<\/li>\n\n\n\n<li>promote tissue regeneration<\/li>\n\n\n\n<li>evitare l\u2019acquisto di ausili costosi<\/li>\n\n\n\n<li>adapt the duration of the hire to actual clinical needs<\/li>\n<\/ul>\n\n\n\n<p>\u00c8 una soluzione completa per accompagnare il paziente durante tutto il percorso riabilitativo.<\/p>\n\n\n\n<h4 class=\"wp-block-heading\" id=\"h-consegna-ritiro-e-condizioni\"><strong>Delivery, collection and conditions<\/strong><\/h4>\n\n\n\n<ul class=\"wp-block-list\">\n<li>Delivery in Rome and Florence from 30 \u20ac<\/li>\n\n\n\n<li>Free delivery for rentals from 45 days<\/li>\n\n\n\n<li>No deposit required<\/li>\n\n\n\n<li>Free delivery and collection from warehouse<\/li>\n<\/ul>\n\n\n\n<p>La consegna viene effettuata entro 48 ore dalla chiamata, salvo disponibilit\u00e0.<\/p>\n\n\n\n<p><strong>Assistance and advice<\/strong><\/p>\n\n\n\n<p>With the rental comes<\/p>\n\n\n\n<ul class=\"wp-block-list\">\n<li>istruzioni complete all\u2019utilizzo<\/li>\n\n\n\n<li>support in choosing a wheelchair<\/li>\n\n\n\n<li>technical assistance during the rental period<\/li>\n<\/ul>\n\n\n\n<p>Il nostro personale specializzato accompagna il paziente in ogni fase, garantendo sicurezza, chiarezza e continuit\u00e0 terapeutica.<\/p>\n\n\n\n<h3 class=\"wp-block-heading\" id=\"h-perche-scegliere-mia-medical-italia\"><strong>Why choose Mia Medical Italia<\/strong><\/h3>\n\n\n\n<ul class=\"wp-block-list\">\n<li>certified professional devices<\/li>\n\n\n\n<li>personalised consultancy<\/li>\n\n\n\n<li>specialised technicians<\/li>\n\n\n\n<li>flexible hires<\/li>\n\n\n\n<li>no bail<\/li>\n\n\n\n<li>continuous assistance<\/li>\n<\/ul>\n\n\n\n<p>Mia Medical Italia \u00e8 al fianco del paziente e della famiglia in ogni fase del percorso di cura domiciliare.<\/p>\n\n\n\n<p>Per informazioni, disponibilit\u00e0 e consulenza personalizzata \u00e8 possibile contattare il numero\u00a0<strong><a href=\"https:\/\/wa.me\/393926509237\">+39 392 6509237<\/a><\/strong>\u00a0o scriverci su WhatsApp. Il nostro team \u00e8 sempre disponibile per individuare la soluzione pi\u00f9 adatta alle tue esigenze.<\/p>","protected":false},"excerpt":{"rendered":"<div style=\"font-family: Arial, sans-serif; background-color: #234091; padding: 30px; border-radius: 25px; max-width: 600px; color: #ffffff; position: relative; border-top: 6px solid #2498fe;\">\n<h3 style=\"color: #ffffff; margin-top: 0;\">Cemp BIO Compatible Wheelchair + Magnetotherapy<\/h3>\n<p>Delivery in Rome and Florence from 30\u20ac.<\/p>\n<p><strong>Free delivery for 45-day rentals!<\/strong><\/p>\n<p><strong>No deposit required.<\/strong><\/p>\n<p><strong>Delivery and collection from the warehouse are FREE!<\/strong><\/p>\n<\/div>\n<p><!-- Linea bianca sotto --><\/p>\n<div style=\"height: 6px; background-color: #ffffff; max-width: 600px;\">\u00a0<\/div>","protected":false},"featured_media":12461,"template":"","meta":{"_acf_changed":false},"home-category":[262],"product_brand":[],"product_cat":[260,68,224],"product_tag":[],"woo-feed-brand":[],"class_list":{"0":"post-9461","1":"product","2":"type-product","3":"status-publish","4":"has-post-thumbnail","6":"home-category-elettromedicali","7":"product_cat-affitto-e-noleggio-ausili","8":"product_cat-affitto-e-noleggio-carrozzina","9":"product_cat-affitto-noleggio-magnetoterapia-cemp","10":"wcpa_has_options","12":"first","13":"instock","14":"shipping-taxable","15":"purchasable","16":"product-type-variable"},"acf":[],"yoast_head":"<!-- This site is optimized with the Yoast SEO Premium plugin v27.5 (Yoast SEO v27.5) - https:\/\/yoast.com\/product\/yoast-seo-premium-wordpress\/ -->\n<title>Noleggio Magnetoterapia + Carrozzina - Mia Medical<\/title>\n<meta name=\"description\" content=\"Noleggio combinato della carrozzina e della magnetoterapia Cemp. Combo perfetto per la riabilitazione a casa tua, prezzi bassi. Prenota online!\" \/>\n<meta name=\"robots\" content=\"index, follow, max-snippet:-1, max-image-preview:large, max-video-preview:-1\" \/>\n<link rel=\"canonical\" href=\"https:\/\/www.miamedicalitalia.it\/en\/product\/noleggio-e-affitto-della-magnetoterapia-e-della-carrozzina\/\" \/>\n<meta property=\"og:locale\" content=\"en_GB\" \/>\n<meta property=\"og:type\" content=\"article\" \/>\n<meta property=\"og:title\" content=\"Noleggio Magnetoterapia + Carrozzina - Mia Medical\" \/>\n<meta property=\"og:description\" content=\"Noleggio combinato della carrozzina e della magnetoterapia Cemp. Combo perfetto per la riabilitazione a casa tua, prezzi bassi. Prenota online!\" \/>\n<meta property=\"og:url\" content=\"https:\/\/www.miamedicalitalia.it\/en\/product\/noleggio-e-affitto-della-magnetoterapia-e-della-carrozzina\/\" \/>\n<meta property=\"og:site_name\" content=\"Mia Medical\" \/>\n<meta property=\"article:publisher\" content=\"https:\/\/www.facebook.com\/miamedicalitalia\" \/>\n<meta property=\"article:modified_time\" content=\"2026-02-12T10:36:24+00:00\" \/>\n<meta property=\"og:image\" content=\"https:\/\/www.miamedicalitalia.it\/wp-content\/uploads\/2023\/02\/Blank-2-Grids-Collage.jpg\" \/>\n\t<meta property=\"og:image:width\" content=\"1000\" \/>\n\t<meta property=\"og:image:height\" content=\"1000\" \/>\n\t<meta property=\"og:image:type\" content=\"image\/jpeg\" \/>\n<meta name=\"twitter:card\" content=\"summary_large_image\" \/>\n<meta name=\"twitter:label1\" content=\"Estimated reading time\" \/>\n\t<meta name=\"twitter:data1\" content=\"3 minutes\" \/>\n<script type=\"application\/ld+json\" class=\"yoast-schema-graph\">{\"@context\":\"https:\\\/\\\/schema.org\",\"@graph\":[{\"@type\":\"WebPage\",\"@id\":\"https:\\\/\\\/www.miamedicalitalia.it\\\/prodotto\\\/noleggio-e-affitto-della-magnetoterapia-e-della-carrozzina\\\/\",\"url\":\"https:\\\/\\\/www.miamedicalitalia.it\\\/prodotto\\\/noleggio-e-affitto-della-magnetoterapia-e-della-carrozzina\\\/\",\"name\":\"Noleggio Magnetoterapia + Carrozzina - Mia Medical\",\"isPartOf\":{\"@id\":\"https:\\\/\\\/www.miamedicalitalia.it\\\/#website\"},\"primaryImageOfPage\":{\"@id\":\"https:\\\/\\\/www.miamedicalitalia.it\\\/prodotto\\\/noleggio-e-affitto-della-magnetoterapia-e-della-carrozzina\\\/#primaryimage\"},\"image\":{\"@id\":\"https:\\\/\\\/www.miamedicalitalia.it\\\/prodotto\\\/noleggio-e-affitto-della-magnetoterapia-e-della-carrozzina\\\/#primaryimage\"},\"thumbnailUrl\":\"https:\\\/\\\/www.miamedicalitalia.it\\\/wp-content\\\/uploads\\\/2023\\\/02\\\/Blank-2-Grids-Collage.jpg\",\"datePublished\":\"2023-02-07T13:41:16+00:00\",\"dateModified\":\"2026-02-12T10:36:24+00:00\",\"description\":\"Noleggio combinato della carrozzina e della magnetoterapia Cemp. Combo perfetto per la riabilitazione a casa tua, prezzi bassi. Prenota online!\",\"breadcrumb\":{\"@id\":\"https:\\\/\\\/www.miamedicalitalia.it\\\/prodotto\\\/noleggio-e-affitto-della-magnetoterapia-e-della-carrozzina\\\/#breadcrumb\"},\"inLanguage\":\"en-GB\",\"potentialAction\":[{\"@type\":\"ReadAction\",\"target\":[\"https:\\\/\\\/www.miamedicalitalia.it\\\/prodotto\\\/noleggio-e-affitto-della-magnetoterapia-e-della-carrozzina\\\/\"]}]},{\"@type\":\"ImageObject\",\"inLanguage\":\"en-GB\",\"@id\":\"https:\\\/\\\/www.miamedicalitalia.it\\\/prodotto\\\/noleggio-e-affitto-della-magnetoterapia-e-della-carrozzina\\\/#primaryimage\",\"url\":\"https:\\\/\\\/www.miamedicalitalia.it\\\/wp-content\\\/uploads\\\/2023\\\/02\\\/Blank-2-Grids-Collage.jpg\",\"contentUrl\":\"https:\\\/\\\/www.miamedicalitalia.it\\\/wp-content\\\/uploads\\\/2023\\\/02\\\/Blank-2-Grids-Collage.jpg\",\"width\":1000,\"height\":1000,\"caption\":\"COMBO CARROZZINA + MAGNETOTERAPIA\"},{\"@type\":\"BreadcrumbList\",\"@id\":\"https:\\\/\\\/www.miamedicalitalia.it\\\/prodotto\\\/noleggio-e-affitto-della-magnetoterapia-e-della-carrozzina\\\/#breadcrumb\",\"itemListElement\":[{\"@type\":\"ListItem\",\"position\":1,\"name\":\"Home\",\"item\":\"https:\\\/\\\/www.miamedicalitalia.it\\\/\"},{\"@type\":\"ListItem\",\"position\":2,\"name\":\"Shop\",\"item\":\"https:\\\/\\\/www.miamedicalitalia.it\\\/negozio\\\/\"},{\"@type\":\"ListItem\",\"position\":3,\"name\":\"Affitto e noleggio\",\"item\":\"https:\\\/\\\/www.miamedicalitalia.it\\\/categoria\\\/affitto-e-noleggio-ausili\\\/\"},{\"@type\":\"ListItem\",\"position\":4,\"name\":\"Noleggio Magnetoterapia + Carrozzina\"}]},{\"@type\":\"WebSite\",\"@id\":\"https:\\\/\\\/www.miamedicalitalia.it\\\/#website\",\"url\":\"https:\\\/\\\/www.miamedicalitalia.it\\\/\",\"name\":\"www.miamedicalitalia.it\",\"description\":\"Noleggio e Vendita Attrezzatura Sanitarie\",\"publisher\":{\"@id\":\"https:\\\/\\\/www.miamedicalitalia.it\\\/#organization\"},\"potentialAction\":[{\"@type\":\"SearchAction\",\"target\":{\"@type\":\"EntryPoint\",\"urlTemplate\":\"https:\\\/\\\/www.miamedicalitalia.it\\\/?s={search_term_string}\"},\"query-input\":{\"@type\":\"PropertyValueSpecification\",\"valueRequired\":true,\"valueName\":\"search_term_string\"}}],\"inLanguage\":\"en-GB\"},{\"@type\":\"Organization\",\"@id\":\"https:\\\/\\\/www.miamedicalitalia.it\\\/#organization\",\"name\":\"OLG\",\"url\":\"https:\\\/\\\/www.miamedicalitalia.it\\\/\",\"logo\":{\"@type\":\"ImageObject\",\"inLanguage\":\"en-GB\",\"@id\":\"https:\\\/\\\/www.miamedicalitalia.it\\\/#\\\/schema\\\/logo\\\/image\\\/\",\"url\":\"https:\\\/\\\/www.miamedicalitalia.it\\\/wp-content\\\/uploads\\\/2023\\\/04\\\/mia-medical-logo-free.png\",\"contentUrl\":\"https:\\\/\\\/www.miamedicalitalia.it\\\/wp-content\\\/uploads\\\/2023\\\/04\\\/mia-medical-logo-free.png\",\"width\":700,\"height\":700,\"caption\":\"OLG\"},\"image\":{\"@id\":\"https:\\\/\\\/www.miamedicalitalia.it\\\/#\\\/schema\\\/logo\\\/image\\\/\"},\"sameAs\":[\"https:\\\/\\\/www.facebook.com\\\/miamedicalitalia\"]}]}<\/script>\n<!-- \/ Yoast SEO Premium plugin. -->","yoast_head_json":{"title":"Magnetic Therapy + Wheelchair Rental - Mia Medical","description":"Combined wheelchair and Cemp magnetotherapy rental. The perfect combo for rehabilitation at home, low prices. Book online!","robots":{"index":"index","follow":"follow","max-snippet":"max-snippet:-1","max-image-preview":"max-image-preview:large","max-video-preview":"max-video-preview:-1"},"canonical":"https:\/\/www.miamedicalitalia.it\/en\/product\/noleggio-e-affitto-della-magnetoterapia-e-della-carrozzina\/","og_locale":"en_GB","og_type":"article","og_title":"Noleggio Magnetoterapia + Carrozzina - Mia Medical","og_description":"Noleggio combinato della carrozzina e della magnetoterapia Cemp. Combo perfetto per la riabilitazione a casa tua, prezzi bassi. Prenota online!","og_url":"https:\/\/www.miamedicalitalia.it\/en\/product\/noleggio-e-affitto-della-magnetoterapia-e-della-carrozzina\/","og_site_name":"Mia Medical","article_publisher":"https:\/\/www.facebook.com\/miamedicalitalia","article_modified_time":"2026-02-12T10:36:24+00:00","og_image":[{"width":1000,"height":1000,"url":"https:\/\/www.miamedicalitalia.it\/wp-content\/uploads\/2023\/02\/Blank-2-Grids-Collage.jpg","type":"image\/jpeg"}],"twitter_card":"summary_large_image","twitter_misc":{"Estimated reading time":"3 minutes"},"schema":{"@context":"https:\/\/schema.org","@graph":[{"@type":"WebPage","@id":"https:\/\/www.miamedicalitalia.it\/prodotto\/noleggio-e-affitto-della-magnetoterapia-e-della-carrozzina\/","url":"https:\/\/www.miamedicalitalia.it\/prodotto\/noleggio-e-affitto-della-magnetoterapia-e-della-carrozzina\/","name":"Magnetic Therapy + Wheelchair Rental - Mia Medical","isPartOf":{"@id":"https:\/\/www.miamedicalitalia.it\/#website"},"primaryImageOfPage":{"@id":"https:\/\/www.miamedicalitalia.it\/prodotto\/noleggio-e-affitto-della-magnetoterapia-e-della-carrozzina\/#primaryimage"},"image":{"@id":"https:\/\/www.miamedicalitalia.it\/prodotto\/noleggio-e-affitto-della-magnetoterapia-e-della-carrozzina\/#primaryimage"},"thumbnailUrl":"https:\/\/www.miamedicalitalia.it\/wp-content\/uploads\/2023\/02\/Blank-2-Grids-Collage.jpg","datePublished":"2023-02-07T13:41:16+00:00","dateModified":"2026-02-12T10:36:24+00:00","description":"Combined wheelchair and Cemp magnetotherapy rental. The perfect combo for rehabilitation at home, low prices. Book online!","breadcrumb":{"@id":"https:\/\/www.miamedicalitalia.it\/prodotto\/noleggio-e-affitto-della-magnetoterapia-e-della-carrozzina\/#breadcrumb"},"inLanguage":"en-GB","potentialAction":[{"@type":"ReadAction","target":["https:\/\/www.miamedicalitalia.it\/prodotto\/noleggio-e-affitto-della-magnetoterapia-e-della-carrozzina\/"]}]},{"@type":"ImageObject","inLanguage":"en-GB","@id":"https:\/\/www.miamedicalitalia.it\/prodotto\/noleggio-e-affitto-della-magnetoterapia-e-della-carrozzina\/#primaryimage","url":"https:\/\/www.miamedicalitalia.it\/wp-content\/uploads\/2023\/02\/Blank-2-Grids-Collage.jpg","contentUrl":"https:\/\/www.miamedicalitalia.it\/wp-content\/uploads\/2023\/02\/Blank-2-Grids-Collage.jpg","width":1000,"height":1000,"caption":"COMBO CARROZZINA + MAGNETOTERAPIA"},{"@type":"BreadcrumbList","@id":"https:\/\/www.miamedicalitalia.it\/prodotto\/noleggio-e-affitto-della-magnetoterapia-e-della-carrozzina\/#breadcrumb","itemListElement":[{"@type":"ListItem","position":1,"name":"Home","item":"https:\/\/www.miamedicalitalia.it\/"},{"@type":"ListItem","position":2,"name":"Shop","item":"https:\/\/www.miamedicalitalia.it\/negozio\/"},{"@type":"ListItem","position":3,"name":"Affitto e noleggio","item":"https:\/\/www.miamedicalitalia.it\/categoria\/affitto-e-noleggio-ausili\/"},{"@type":"ListItem","position":4,"name":"Noleggio Magnetoterapia + Carrozzina"}]},{"@type":"WebSite","@id":"https:\/\/www.miamedicalitalia.it\/#website","url":"https:\/\/www.miamedicalitalia.it\/","name":"www.miamedicalitalia.it","description":"Rental and Sale of Sanitary Equipment","publisher":{"@id":"https:\/\/www.miamedicalitalia.it\/#organization"},"potentialAction":[{"@type":"SearchAction","target":{"@type":"EntryPoint","urlTemplate":"https:\/\/www.miamedicalitalia.it\/?s={search_term_string}"},"query-input":{"@type":"PropertyValueSpecification","valueRequired":true,"valueName":"search_term_string"}}],"inLanguage":"en-GB"},{"@type":"Organization","@id":"https:\/\/www.miamedicalitalia.it\/#organization","name":"OLG","url":"https:\/\/www.miamedicalitalia.it\/","logo":{"@type":"ImageObject","inLanguage":"en-GB","@id":"https:\/\/www.miamedicalitalia.it\/#\/schema\/logo\/image\/","url":"https:\/\/www.miamedicalitalia.it\/wp-content\/uploads\/2023\/04\/mia-medical-logo-free.png","contentUrl":"https:\/\/www.miamedicalitalia.it\/wp-content\/uploads\/2023\/04\/mia-medical-logo-free.png","width":700,"height":700,"caption":"OLG"},"image":{"@id":"https:\/\/www.miamedicalitalia.it\/#\/schema\/logo\/image\/"},"sameAs":["https:\/\/www.facebook.com\/miamedicalitalia"]}]}},"wcpa_form_fields":{"wcpaData":{"product":{"product_price":100,"price_html":"<span class=\"woocommerce-Price-amount amount\" aria-hidden=\"true\"><bdi><span class=\"woocommerce-Price-currencySymbol\">&euro;<\/span>100.00<\/bdi><\/span> <span aria-hidden=\"true\">&ndash;<\/span> <span class=\"woocommerce-Price-amount amount\" aria-hidden=\"true\"><bdi><span class=\"woocommerce-Price-currencySymbol\">&euro;<\/span>210.00<\/bdi><\/span><span class=\"screen-reader-text\">Price range: &euro;100.00 through &euro;210.00<\/span>","original_product_price":100,"price_including_tax":100,"price_excluding_tax":100,"product_id":{"parent":9461,"variation":false},"is_variable":true,"stock_status":"instock","stock_quantity":null,"parent_sku":"","product_attributes":{"quanto-costa":{"is_variation":true,"values":[]}},"custom_fields":[],"is_taxable":false,"product_name":"Noleggio Magnetoterapia + Carrozzina","hasImage":false},"fields":{"sec_565f165582eb8c":{"extra":{"key":"sec_565f165582eb8c","section_id":"sec_565f165582eb8c","name":"Predefinito","status":1,"toggle":true,"form_id":12050,"form_rules":{"exclude_from_discount":false,"fee_label":"Taxa","disp_hide_options_price":false,"disp_show_section_price":false,"disp_show_field_price":true,"layout_option":"standard","pric_use_as_fee":false,"process_fee_as":"woo_fee"},"layout_option":"standard"},"fields":[[{"active":true,"col":6,"relations":false,"cl_rule":"show","enableCl":false,"price":"","enablePrice":false,"className":"input-text","type":"date","required":true,"elementId":"date_3189538061","name":"date_3189538061","label":"A partire dal giorno:","picker_type":"custom","picker_mode":"single","error":false,"description":"Inserisci la data di inizio del noleggio","gt_translate_keys":["label","description"],"price_dependency":false,"cl_dependency":false,"value":""}]]}},"config":{"price_override":"","enable_recaptcha":false,"bind_quantity":false,"quantity_bind_formula":false,"disp_summ_show_option_price":true,"disp_summ_show_product_price":true,"disp_summ_show_total_price":true,"disp_summ_show_fee":false,"disp_summ_show_discount":false,"summary_title":"","options_total_label":"Op\u00e7\u00f5es Pre\u00e7o","total_label":"Total","options_product_label":"Pre\u00e7o do produto","fee_label":"Taxa","discount_label":"Desconto","has_price":true,"has_quantity_formula":false},"mc_unit":1,"tax_rate":1,"tax_rate_real":1,"discount":{"percentage":0,"fixed":0},"design":{"conf":{"LabelPosition":"above","DescPosition":"below","UploadField":"custom_1","QuantityFieldStyle":"default"},"css":{"LeftLabelWidth":"50px"}},"formulas":[],"lookuptables":[],"clones":false,"cartKey":false}},"_links":{"self":[{"href":"https:\/\/www.miamedicalitalia.it\/en\/wp-json\/wp\/v2\/product\/9461","targetHints":{"allow":["GET"]}}],"collection":[{"href":"https:\/\/www.miamedicalitalia.it\/en\/wp-json\/wp\/v2\/product"}],"about":[{"href":"https:\/\/www.miamedicalitalia.it\/en\/wp-json\/wp\/v2\/types\/product"}],"wp:featuredmedia":[{"embeddable":true,"href":"https:\/\/www.miamedicalitalia.it\/en\/wp-json\/wp\/v2\/media\/12461"}],"wp:attachment":[{"href":"https:\/\/www.miamedicalitalia.it\/en\/wp-json\/wp\/v2\/media?parent=9461"}],"wp:term":[{"taxonomy":"home-category","embeddable":true,"href":"https:\/\/www.miamedicalitalia.it\/en\/wp-json\/wp\/v2\/home-category?post=9461"},{"taxonomy":"product_brand","embeddable":true,"href":"https:\/\/www.miamedicalitalia.it\/en\/wp-json\/wp\/v2\/product_brand?post=9461"},{"taxonomy":"product_cat","embeddable":true,"href":"https:\/\/www.miamedicalitalia.it\/en\/wp-json\/wp\/v2\/product_cat?post=9461"},{"taxonomy":"product_tag","embeddable":true,"href":"https:\/\/www.miamedicalitalia.it\/en\/wp-json\/wp\/v2\/product_tag?post=9461"},{"taxonomy":"woo-feed-brand","embeddable":true,"href":"https:\/\/www.miamedicalitalia.it\/en\/wp-json\/wp\/v2\/woo-feed-brand?post=9461"}],"curies":[{"name":"wp","href":"https:\/\/api.w.org\/{rel}","templated":true}]}}