{"id":14107,"date":"2025-07-21T13:16:42","date_gmt":"2025-07-21T11:16:42","guid":{"rendered":"https:\/\/www.miamedicalitalia.it\/?post_type=product&#038;p=14107"},"modified":"2026-03-06T17:10:34","modified_gmt":"2026-03-06T15:10:34","slug":"vendita-sollevatore-elettrico-go-up","status":"publish","type":"product","link":"https:\/\/www.miamedicalitalia.it\/en\/product\/vendita-sollevatore-elettrico-go-up\/","title":{"rendered":"GO UP Electric Lift for Sale"},"content":{"rendered":"<h3 class=\"wp-block-heading\" id=\"h-vendita-sollevatore-elettrico-per-anziani-per-uso-sanitario-al-bagno-un-supporto-essenziale-per-la-mobilita-assistita\">Vendita Sollevatore elettrico per anziani per uso sanitario al bagno : un supporto essenziale per la mobilit\u00e0 assistita.<\/h3>\n\n\n\n<p>The <strong>GO UP electric hoist<\/strong> per anziani \u00e8 un dispositivo medicale progettato per il <strong>trasferimento sicuro e confortevole di persone con ridotta capacit\u00e0 motoria e per l&#8217;uso in bagno.<\/strong> Ideal for continuous, daily use, it is a strategic choice for those who want to ensure constant care over time, in the home or professional environment.<\/p>\n\n\n\n<p>Indicato per il passaggio dal letto alla carrozzina o della poltrona \u00e8 sopratutto ideal per il  bagno o in qualsiasi situazione di spostamento nei piccoli spazi , il GO UP si rivela un ausilio indispensabile per mantenere la sicurezza dell\u2019assistito, migliorando al contempo la qualit\u00e0 del lavoro del caregiver.<\/p>\n\n\n\n<h4 class=\"wp-block-heading\" id=\"h-caratteristiche-tecniche-del-modello-go-up\">Technical characteristics of the GO UP model<\/h4>\n\n\n\n<ul class=\"wp-block-list\">\n<li>Electric lift with manual control<\/li>\n\n\n\n<li>Height adjustable from 40 to 73 cm<\/li>\n\n\n\n<li>Digital display with battery level indicator<\/li>\n\n\n\n<li>Maximum load capacity: 150 kg<\/li>\n\n\n\n<li>Sturdy structure and reinforced frame<\/li>\n\n\n\n<li>4 swivel castors with rear brakes<\/li>\n\n\n\n<li>Removable, waterproof, padded ergonomic seat<\/li>\n\n\n\n<li>Upholstered backrest, armrests and non-slip footrests<\/li>\n\n\n\n<li>Central opening in the seat for sanitary use (toilet function)<\/li>\n<\/ul>\n\n\n\n<h3 class=\"wp-block-heading\" id=\"h-a-chi-e-indicato-l-acquisto-del-sollevatore-elettrico-go-up\">To whom is the purchase of the GO UP electric lift recommended?<\/h3>\n\n\n\n<p>The electric hoist sales service is designed in particular for :<\/p>\n\n\n\n<ul class=\"wp-block-list\">\n<li><strong>Families<\/strong> che assistono quotidianamente un parente con mobilit\u00e0 ridotta e vogliono un valido aiuto per i spostamenti in bagno. <\/li>\n\n\n\n<li><strong>Healthcare facilities and nursing homes<\/strong> that need their own permanent device<\/li>\n\n\n\n<li><strong>Home care workers and caregivers <\/strong>working continuously with the same patient<\/li>\n\n\n\n<li><strong>Physiotherapy or rehabilitation centres<\/strong> who wish to acquire professional equipment<\/li>\n<\/ul>\n\n\n\n<p>Investing in a hoist means guaranteeing safety and peace of mind over time for those who live or work in continuous care settings.<br><\/p>\n\n\n\n<h3 class=\"wp-block-heading\" id=\"h-vendita-sollevatore-elettrico-go-up-per-anziani-comfort-sicurezza-e-autonomia-ogni-giorno\"><strong>GO UP electric hoist for seniors for sale: comfort, safety and independence every day<\/strong><\/h3>\n\n\n\n<p>Disporre di un sollevatore personale migliora significativamente la quotidianit\u00e0, sia per chi riceve assistenza sia per chi la presta. Grazie al GO UP, ogni movimento diventa pi\u00f9 semplice, pi\u00f9 sicuro e meno stressante. Inoltre, scegliere il GO UP significa dotarsi di un ausilio durevole, affidabile e di qualit\u00e0, pensato per resistere nel tempo e garantire assistenza professionale e continua. \u00c8 una soluzione ideale per chi ha bisogno di un supporto  idoneo al bagno, sotto la doccia e per tutti spostamenti , fisso e sempre disponibile! <br><\/p>\n\n\n\n<p>Find out about our <strong><a href=\"https:\/\/www.miamedicalitalia.it\/en\/categoria\/affitto-e-noleggio-ausili\/\">site all available models and aids: tools designed to accompany people every day towards new autonomy.<\/a><\/strong><\/p>\n\n\n\n<p>Every day we strive to provide our customers with all the tools they need for home care, so that they can receive the care they need surrounded by the affection of their loved ones. <strong>Choose M.I.A. Medical Italia sales and rental services. <\/strong>Our aids are carefully selected from the best suppliers in order to guarantee a <strong>top quality service, with constant assistance from our professionals, fast home delivery in 24\/48 hours.<\/strong><\/p>\n\n\n\n<h4 class=\"wp-block-heading\" id=\"h-contatti-utili\">Useful contacts<\/h4>\n\n\n\n<p>What are you waiting for! Call us now at +<strong>39 392 65 09 237<\/strong> to request your lift today! In addition, simply send us a message on <strong><a href=\"https:\/\/wa.me\/393926509237\">whatsapp<\/a><\/strong> to carry out the <strong>booking<\/strong> or to request a <strong>free consultation<\/strong>. Our <strong>specialised technicians are always ready for clarification or to guide you, step by step, in choosing the device that best suits your needs.<\/strong><\/p>\n\n\n\n<p><\/p>","protected":false},"excerpt":{"rendered":"<div style=\"font-family: Arial, sans-serif; background-color: #234091; padding: 30px; border-radius: 25px; max-width: 600px; color: #ffffff; position: relative; border-top: 6px solid #2498fe;\">\n<h3 style=\"margin-top: 0; margin-bottom: 15px; color: #ffffff;\">Don't miss the Special Offer!<\/h3>\n<p>The <strong>GO UP electric hoist<\/strong> is a medical device designed for the <strong>safe and comfortable transfer of persons with reduced mobility.<\/strong> <\/p>\n<p>Ideal for continuous, daily use.<\/p>\n<p>While stocks last.<\/p>\n<\/div>\n<p><!-- Linea bianca sotto --><\/p>\n<div style=\"height: 6px; background-color: #ffffff; max-width: 600px;\">\u00a0<\/div>","protected":false},"featured_media":14105,"template":"","meta":{"_acf_changed":false},"home-category":[263],"product_brand":[],"product_cat":[261,534],"product_tag":[],"woo-feed-brand":[],"class_list":{"0":"post-14107","1":"product","2":"type-product","3":"status-publish","4":"has-post-thumbnail","6":"home-category-ausili","7":"product_cat-vendita-ausili","8":"product_cat-vendita-sollevatori","9":"product_shipping_class-ausili-grandi","11":"first","12":"instock","13":"sale","14":"shipping-taxable","15":"purchasable","16":"product-type-simple"},"acf":[],"yoast_head":"<!-- This site is optimized with the Yoast SEO Premium plugin v27.5 (Yoast SEO v27.5) - https:\/\/yoast.com\/product\/yoast-seo-premium-wordpress\/ -->\n<title>Vendita Sollevatore Elettrico GO UP - Mia Medical<\/title>\n<meta name=\"description\" content=\"Sollevatore elettrico GO UP da bagno per anziani in vendita. Disponibilit\u00e0 immediata. Consegna rapida in 24\/48h. Il miglior qualit\u00e0 prezzo sul mercato!\" \/>\n<meta name=\"robots\" content=\"index, follow, max-snippet:-1, max-image-preview:large, max-video-preview:-1\" \/>\n<link rel=\"canonical\" href=\"https:\/\/www.miamedicalitalia.it\/en\/product\/vendita-sollevatore-elettrico-go-up\/\" \/>\n<meta property=\"og:locale\" content=\"en_GB\" \/>\n<meta property=\"og:type\" content=\"article\" \/>\n<meta property=\"og:title\" content=\"Vendita Sollevatore Elettrico GO UP - Mia Medical\" \/>\n<meta property=\"og:description\" content=\"Sollevatore elettrico GO UP da bagno per anziani in vendita. Disponibilit\u00e0 immediata. Consegna rapida in 24\/48h. Il miglior qualit\u00e0 prezzo sul mercato!\" \/>\n<meta property=\"og:url\" content=\"https:\/\/www.miamedicalitalia.it\/en\/product\/vendita-sollevatore-elettrico-go-up\/\" \/>\n<meta property=\"og:site_name\" content=\"Mia Medical\" \/>\n<meta property=\"article:publisher\" content=\"https:\/\/www.facebook.com\/miamedicalitalia\" \/>\n<meta property=\"article:modified_time\" content=\"2026-03-06T15:10:34+00:00\" \/>\n<meta property=\"og:image\" content=\"https:\/\/www.miamedicalitalia.it\/wp-content\/uploads\/2025\/07\/IMG_4189.jpeg\" \/>\n\t<meta property=\"og:image:width\" content=\"1034\" \/>\n\t<meta property=\"og:image:height\" content=\"1034\" \/>\n\t<meta property=\"og:image:type\" content=\"image\/jpeg\" \/>\n<meta name=\"twitter:card\" content=\"summary_large_image\" \/>\n<meta name=\"twitter:label1\" content=\"Estimated reading time\" \/>\n\t<meta name=\"twitter:data1\" content=\"3 minutes\" \/>\n<script type=\"application\/ld+json\" class=\"yoast-schema-graph\">{\"@context\":\"https:\\\/\\\/schema.org\",\"@graph\":[{\"@type\":\"WebPage\",\"@id\":\"https:\\\/\\\/www.miamedicalitalia.it\\\/prodotto\\\/vendita-sollevatore-elettrico-go-up\\\/\",\"url\":\"https:\\\/\\\/www.miamedicalitalia.it\\\/prodotto\\\/vendita-sollevatore-elettrico-go-up\\\/\",\"name\":\"Vendita Sollevatore Elettrico GO UP - Mia Medical\",\"isPartOf\":{\"@id\":\"https:\\\/\\\/www.miamedicalitalia.it\\\/#website\"},\"primaryImageOfPage\":{\"@id\":\"https:\\\/\\\/www.miamedicalitalia.it\\\/prodotto\\\/vendita-sollevatore-elettrico-go-up\\\/#primaryimage\"},\"image\":{\"@id\":\"https:\\\/\\\/www.miamedicalitalia.it\\\/prodotto\\\/vendita-sollevatore-elettrico-go-up\\\/#primaryimage\"},\"thumbnailUrl\":\"https:\\\/\\\/www.miamedicalitalia.it\\\/wp-content\\\/uploads\\\/2025\\\/07\\\/IMG_4189.jpeg\",\"datePublished\":\"2025-07-21T11:16:42+00:00\",\"dateModified\":\"2026-03-06T15:10:34+00:00\",\"description\":\"Sollevatore elettrico GO UP da bagno per anziani in vendita. Disponibilit\u00e0 immediata. Consegna rapida in 24\\\/48h. Il miglior qualit\u00e0 prezzo sul mercato!\",\"breadcrumb\":{\"@id\":\"https:\\\/\\\/www.miamedicalitalia.it\\\/prodotto\\\/vendita-sollevatore-elettrico-go-up\\\/#breadcrumb\"},\"inLanguage\":\"en-GB\",\"potentialAction\":[{\"@type\":\"ReadAction\",\"target\":[\"https:\\\/\\\/www.miamedicalitalia.it\\\/prodotto\\\/vendita-sollevatore-elettrico-go-up\\\/\"]}]},{\"@type\":\"ImageObject\",\"inLanguage\":\"en-GB\",\"@id\":\"https:\\\/\\\/www.miamedicalitalia.it\\\/prodotto\\\/vendita-sollevatore-elettrico-go-up\\\/#primaryimage\",\"url\":\"https:\\\/\\\/www.miamedicalitalia.it\\\/wp-content\\\/uploads\\\/2025\\\/07\\\/IMG_4189.jpeg\",\"contentUrl\":\"https:\\\/\\\/www.miamedicalitalia.it\\\/wp-content\\\/uploads\\\/2025\\\/07\\\/IMG_4189.jpeg\",\"width\":1034,\"height\":1034,\"caption\":\"Noleggio e vendita sollevatore elettrico GO UP\"},{\"@type\":\"BreadcrumbList\",\"@id\":\"https:\\\/\\\/www.miamedicalitalia.it\\\/prodotto\\\/vendita-sollevatore-elettrico-go-up\\\/#breadcrumb\",\"itemListElement\":[{\"@type\":\"ListItem\",\"position\":1,\"name\":\"Home\",\"item\":\"https:\\\/\\\/www.miamedicalitalia.it\\\/\"},{\"@type\":\"ListItem\",\"position\":2,\"name\":\"Shop\",\"item\":\"https:\\\/\\\/www.miamedicalitalia.it\\\/negozio\\\/\"},{\"@type\":\"ListItem\",\"position\":3,\"name\":\"Vendita\",\"item\":\"https:\\\/\\\/www.miamedicalitalia.it\\\/categoria\\\/vendita-ausili\\\/\"},{\"@type\":\"ListItem\",\"position\":4,\"name\":\"Vendita Sollevatore Elettrico GO UP\"}]},{\"@type\":\"WebSite\",\"@id\":\"https:\\\/\\\/www.miamedicalitalia.it\\\/#website\",\"url\":\"https:\\\/\\\/www.miamedicalitalia.it\\\/\",\"name\":\"www.miamedicalitalia.it\",\"description\":\"Noleggio e Vendita Attrezzatura Sanitarie\",\"publisher\":{\"@id\":\"https:\\\/\\\/www.miamedicalitalia.it\\\/#organization\"},\"potentialAction\":[{\"@type\":\"SearchAction\",\"target\":{\"@type\":\"EntryPoint\",\"urlTemplate\":\"https:\\\/\\\/www.miamedicalitalia.it\\\/?s={search_term_string}\"},\"query-input\":{\"@type\":\"PropertyValueSpecification\",\"valueRequired\":true,\"valueName\":\"search_term_string\"}}],\"inLanguage\":\"en-GB\"},{\"@type\":\"Organization\",\"@id\":\"https:\\\/\\\/www.miamedicalitalia.it\\\/#organization\",\"name\":\"OLG\",\"url\":\"https:\\\/\\\/www.miamedicalitalia.it\\\/\",\"logo\":{\"@type\":\"ImageObject\",\"inLanguage\":\"en-GB\",\"@id\":\"https:\\\/\\\/www.miamedicalitalia.it\\\/#\\\/schema\\\/logo\\\/image\\\/\",\"url\":\"https:\\\/\\\/www.miamedicalitalia.it\\\/wp-content\\\/uploads\\\/2023\\\/04\\\/mia-medical-logo-free.png\",\"contentUrl\":\"https:\\\/\\\/www.miamedicalitalia.it\\\/wp-content\\\/uploads\\\/2023\\\/04\\\/mia-medical-logo-free.png\",\"width\":700,\"height\":700,\"caption\":\"OLG\"},\"image\":{\"@id\":\"https:\\\/\\\/www.miamedicalitalia.it\\\/#\\\/schema\\\/logo\\\/image\\\/\"},\"sameAs\":[\"https:\\\/\\\/www.facebook.com\\\/miamedicalitalia\"]}]}<\/script>\n<!-- \/ Yoast SEO Premium plugin. -->","yoast_head_json":{"title":"Electric GO UP Lift for sale - Mia Medical","description":"Sollevatore elettrico GO UP da bagno per anziani in vendita. Disponibilit\u00e0 immediata. Consegna rapida in 24\/48h. Il miglior qualit\u00e0 prezzo sul mercato!","robots":{"index":"index","follow":"follow","max-snippet":"max-snippet:-1","max-image-preview":"max-image-preview:large","max-video-preview":"max-video-preview:-1"},"canonical":"https:\/\/www.miamedicalitalia.it\/en\/product\/vendita-sollevatore-elettrico-go-up\/","og_locale":"en_GB","og_type":"article","og_title":"Vendita Sollevatore Elettrico GO UP - Mia Medical","og_description":"Sollevatore elettrico GO UP da bagno per anziani in vendita. Disponibilit\u00e0 immediata. Consegna rapida in 24\/48h. Il miglior qualit\u00e0 prezzo sul mercato!","og_url":"https:\/\/www.miamedicalitalia.it\/en\/product\/vendita-sollevatore-elettrico-go-up\/","og_site_name":"Mia Medical","article_publisher":"https:\/\/www.facebook.com\/miamedicalitalia","article_modified_time":"2026-03-06T15:10:34+00:00","og_image":[{"width":1034,"height":1034,"url":"https:\/\/www.miamedicalitalia.it\/wp-content\/uploads\/2025\/07\/IMG_4189.jpeg","type":"image\/jpeg"}],"twitter_card":"summary_large_image","twitter_misc":{"Estimated reading time":"3 minutes"},"schema":{"@context":"https:\/\/schema.org","@graph":[{"@type":"WebPage","@id":"https:\/\/www.miamedicalitalia.it\/prodotto\/vendita-sollevatore-elettrico-go-up\/","url":"https:\/\/www.miamedicalitalia.it\/prodotto\/vendita-sollevatore-elettrico-go-up\/","name":"Electric GO UP Lift for sale - Mia Medical","isPartOf":{"@id":"https:\/\/www.miamedicalitalia.it\/#website"},"primaryImageOfPage":{"@id":"https:\/\/www.miamedicalitalia.it\/prodotto\/vendita-sollevatore-elettrico-go-up\/#primaryimage"},"image":{"@id":"https:\/\/www.miamedicalitalia.it\/prodotto\/vendita-sollevatore-elettrico-go-up\/#primaryimage"},"thumbnailUrl":"https:\/\/www.miamedicalitalia.it\/wp-content\/uploads\/2025\/07\/IMG_4189.jpeg","datePublished":"2025-07-21T11:16:42+00:00","dateModified":"2026-03-06T15:10:34+00:00","description":"Sollevatore elettrico GO UP da bagno per anziani in vendita. Disponibilit\u00e0 immediata. Consegna rapida in 24\/48h. Il miglior qualit\u00e0 prezzo sul mercato!","breadcrumb":{"@id":"https:\/\/www.miamedicalitalia.it\/prodotto\/vendita-sollevatore-elettrico-go-up\/#breadcrumb"},"inLanguage":"en-GB","potentialAction":[{"@type":"ReadAction","target":["https:\/\/www.miamedicalitalia.it\/prodotto\/vendita-sollevatore-elettrico-go-up\/"]}]},{"@type":"ImageObject","inLanguage":"en-GB","@id":"https:\/\/www.miamedicalitalia.it\/prodotto\/vendita-sollevatore-elettrico-go-up\/#primaryimage","url":"https:\/\/www.miamedicalitalia.it\/wp-content\/uploads\/2025\/07\/IMG_4189.jpeg","contentUrl":"https:\/\/www.miamedicalitalia.it\/wp-content\/uploads\/2025\/07\/IMG_4189.jpeg","width":1034,"height":1034,"caption":"Noleggio e vendita sollevatore elettrico GO UP"},{"@type":"BreadcrumbList","@id":"https:\/\/www.miamedicalitalia.it\/prodotto\/vendita-sollevatore-elettrico-go-up\/#breadcrumb","itemListElement":[{"@type":"ListItem","position":1,"name":"Home","item":"https:\/\/www.miamedicalitalia.it\/"},{"@type":"ListItem","position":2,"name":"Shop","item":"https:\/\/www.miamedicalitalia.it\/negozio\/"},{"@type":"ListItem","position":3,"name":"Vendita","item":"https:\/\/www.miamedicalitalia.it\/categoria\/vendita-ausili\/"},{"@type":"ListItem","position":4,"name":"Vendita Sollevatore Elettrico GO UP"}]},{"@type":"WebSite","@id":"https:\/\/www.miamedicalitalia.it\/#website","url":"https:\/\/www.miamedicalitalia.it\/","name":"www.miamedicalitalia.it","description":"Rental and Sale of Sanitary Equipment","publisher":{"@id":"https:\/\/www.miamedicalitalia.it\/#organization"},"potentialAction":[{"@type":"SearchAction","target":{"@type":"EntryPoint","urlTemplate":"https:\/\/www.miamedicalitalia.it\/?s={search_term_string}"},"query-input":{"@type":"PropertyValueSpecification","valueRequired":true,"valueName":"search_term_string"}}],"inLanguage":"en-GB"},{"@type":"Organization","@id":"https:\/\/www.miamedicalitalia.it\/#organization","name":"OLG","url":"https:\/\/www.miamedicalitalia.it\/","logo":{"@type":"ImageObject","inLanguage":"en-GB","@id":"https:\/\/www.miamedicalitalia.it\/#\/schema\/logo\/image\/","url":"https:\/\/www.miamedicalitalia.it\/wp-content\/uploads\/2023\/04\/mia-medical-logo-free.png","contentUrl":"https:\/\/www.miamedicalitalia.it\/wp-content\/uploads\/2023\/04\/mia-medical-logo-free.png","width":700,"height":700,"caption":"OLG"},"image":{"@id":"https:\/\/www.miamedicalitalia.it\/#\/schema\/logo\/image\/"},"sameAs":["https:\/\/www.facebook.com\/miamedicalitalia"]}]}},"wcpa_form_fields":null,"_links":{"self":[{"href":"https:\/\/www.miamedicalitalia.it\/en\/wp-json\/wp\/v2\/product\/14107","targetHints":{"allow":["GET"]}}],"collection":[{"href":"https:\/\/www.miamedicalitalia.it\/en\/wp-json\/wp\/v2\/product"}],"about":[{"href":"https:\/\/www.miamedicalitalia.it\/en\/wp-json\/wp\/v2\/types\/product"}],"wp:featuredmedia":[{"embeddable":true,"href":"https:\/\/www.miamedicalitalia.it\/en\/wp-json\/wp\/v2\/media\/14105"}],"wp:attachment":[{"href":"https:\/\/www.miamedicalitalia.it\/en\/wp-json\/wp\/v2\/media?parent=14107"}],"wp:term":[{"taxonomy":"home-category","embeddable":true,"href":"https:\/\/www.miamedicalitalia.it\/en\/wp-json\/wp\/v2\/home-category?post=14107"},{"taxonomy":"product_brand","embeddable":true,"href":"https:\/\/www.miamedicalitalia.it\/en\/wp-json\/wp\/v2\/product_brand?post=14107"},{"taxonomy":"product_cat","embeddable":true,"href":"https:\/\/www.miamedicalitalia.it\/en\/wp-json\/wp\/v2\/product_cat?post=14107"},{"taxonomy":"product_tag","embeddable":true,"href":"https:\/\/www.miamedicalitalia.it\/en\/wp-json\/wp\/v2\/product_tag?post=14107"},{"taxonomy":"woo-feed-brand","embeddable":true,"href":"https:\/\/www.miamedicalitalia.it\/en\/wp-json\/wp\/v2\/woo-feed-brand?post=14107"}],"curies":[{"name":"wp","href":"https:\/\/api.w.org\/{rel}","templated":true}]}}